{"id":16666,"date":"2025-10-17T16:45:56","date_gmt":"2025-10-17T08:45:56","guid":{"rendered":"https:\/\/green-grasshopper-921422.hostingersite.com\/?post_type=product&#038;p=16666"},"modified":"2026-01-13T00:53:01","modified_gmt":"2026-01-12T16:53:01","slug":"vhill-20000-puffs-eldobhato-vape","status":"publish","type":"product","link":"https:\/\/agoravape.com\/hu\/product\/vhill-20000-puffs-disposable-vape\/","title":{"rendered":"VHILL 20000 F\u00faj\u00e1sos H\u00e1l\u00f3s Tekercses \u00dajrat\u00f6lthet\u0151 Vape | Nagy F\u00faj\u00e1sok Sz\u00e1ma Egyszer\u0171 Type-C T\u00f6lt\u00e9ssel"},"content":{"rendered":"<h2 data-v-md-heading=\"how-about-vhill-20000-port-mesh-coil-rechargeable-vape\" data-v-md-line=\"3\">Mit sz\u00f3ln\u00e1l egy VHILL 20000 portos \u00fajrat\u00f6lthet\u0151 vape-hez?<\/h2>\n<p data-v-md-line=\"4\">Ha eleged van abb\u00f3l, hogy n\u00e9h\u00e1ny naponta cser\u00e9lgeted az eldobhat\u00f3 vape-eket, ez a term\u00e9k megk\u00f6nny\u00edti az \u00e9letedet. A VHILL 20000 portos \u00fajrat\u00f6lthet\u0151 vape-je egyszer\u0171v\u00e9 \u00e9s k\u00e9nyelmess\u00e9 teszi a napi haszn\u00e1latot, hossz\u00fa akkumul\u00e1tor-\u00fczemid\u0151vel. Nem kell er\u0151lk\u00f6dni, csak t\u00f6lteni \u00e9s sz\u00edvni, \u00e9s m\u00e1ris haszn\u00e1lhat\u00f3.<\/p>\n<p data-v-md-line=\"6\">B\u00e1rkinek alkalmas, aki hossz\u00fa t\u00e1v\u00fa, stabil haszn\u00e1latra v\u00e1gyik a be\u00e1ll\u00edt\u00e1sok vagy a tekercsek m\u00f3dos\u00edt\u00e1sa n\u00e9lk\u00fcl. \u00dagy t\u0171nhet, hogy ez a t\u00edpus\u00fa, akkumul\u00e1toros eszk\u00f6z nagym\u00e9ret\u0171, de k\u00f6lts\u00e9ghat\u00e9kony \u00e9s k\u00f6nnyen kezelhet\u0151.<\/p>\n<h2 data-v-md-heading=\"excellent-performance-without-any-complexity\" data-v-md-line=\"8\">Kiv\u00e1l\u00f3 teljes\u00edtm\u00e9ny bonyolults\u00e1g n\u00e9lk\u00fcl<\/h2>\n<p data-v-md-line=\"9\">Az 1,0 \u03a9-os h\u00e1l\u00f3tekercs a k\u00e9sz\u00fcl\u00e9k magj\u00e1ban tal\u00e1lhat\u00f3, biztos\u00edtva, hogy minden port tiszta \u00e9s stabil legyen, ak\u00e1rcsak az els\u0151 port. Az \u00edzvil\u00e1g ragyog\u00f3 \u00e9s kiegyens\u00falyozott. Amikor az akkumul\u00e1tor lemer\u00fcl, egy szabv\u00e1nyos Type-C adatk\u00e1bellel (amelyet esetleg m\u00e1r haszn\u00e1lt\u00e1l a telefonodon) t\u00f6ltheted. Egyszer\u0171.<\/p>\n<h2 data-v-md-heading=\"specification-introduction\" data-v-md-line=\"11\">Specifik\u00e1ci\u00f3 Bevezet\u00e9s<\/h2>\n<p data-v-md-line=\"12\"><strong>Sz\u00edv\u00e1sok sz\u00e1ma<\/strong>ak\u00e1r 20000 sz\u00edv\u00e1s<br \/>\n<strong>Akkumul\u00e1tor<\/strong>650 mAh-s \u00fajrat\u00f6lthet\u0151 akkumul\u00e1tor<br \/>\n<strong>Nicotine<\/strong>Az opci\u00f3k piact\u00f3l f\u00fcgg\u0151en v\u00e1ltozhatnak. L\u00e9pjen kapcsolatba vel\u00fcnk az aktu\u00e1lis el\u0151ny\u00f6k meger\u0151s\u00edt\u00e9s\u00e9hez.<br \/>\n<strong>M\u0171k\u00f6d\u00e9si elv<\/strong>Egyszer\u0171en l\u00e9legezzen be az aktiv\u00e1l\u00e1shoz<br \/>\n<strong>T\u00f6lt\u00e9s<\/strong>Standard Type-C USB port<br \/>\n<strong>\u00c1llapot<\/strong>: Ready to use out of the box<\/p>\n<h2 data-v-md-heading=\"full-range-of-flavors\" data-v-md-line=\"19\">Full range of flavors<\/h2>\n<ul data-v-md-line=\"20\">\n<li>Szederfagylalt<\/li>\n<li>Cseresznyefagylalt<\/li>\n<li>Blueberries and Watermelons<\/li>\n<li>Sz\u0151l\u0151fagylalt<\/li>\n<li>\u0150szibarack j\u00e9g<\/li>\n<li>Vegyes bogy\u00f3s j\u00e9g<\/li>\n<li>G\u00f6r\u00f6gdinnye \u00e9s m\u00e1lna<\/li>\n<li>R\u00f3zsasz\u00edn citromos v\u00edz<\/li>\n<li>G\u00f6r\u00f6gdinnye r\u00e1g\u00f3gumi<\/li>\n<li>Eper g\u00f6r\u00f6gdinnye<\/li>\n<li>Sz\u0151l\u0151 Eper<\/li>\n<li>\u00c1fony\u00e1s kivi<\/li>\n<li>K\u00e9k j\u00e9gp\u00e1lya<\/li>\n<\/ul>\n<h2 data-v-md-heading=\"for-you-for-your-business\" data-v-md-line=\"34\">\u00d6nnek, az \u00d6n v\u00e1llalkoz\u00e1s\u00e1nak<\/h2>\n<p data-v-md-line=\"35\">V\u00e1s\u00e1rolhat egyedi term\u00e9keket szem\u00e9lyes haszn\u00e1latra, vagy felt\u00f6ltheti k\u00e9szleteit \u00fczlet\u00e9be. A nagykereskedelmi doboz 200 darabot tartalmaz, \u00edgy a k\u00e9szletfelt\u00f6lt\u00e9s nagyon k\u00e9nyelmes. Eur\u00f3p\u00e1n bel\u00fcl DDP sz\u00e1ll\u00edt\u00e1si szolg\u00e1ltat\u00e1st biztos\u00edtunk olyan megb\u00edzhat\u00f3 partnerekkel, mint a UPS, a DPD \u00e9s a DHL, \u00edgy egy\u00e9rtelm\u0171 beszerz\u00e9si k\u00f6lts\u00e9geket \u00e9s nyomon k\u00f6vethet\u0151 sz\u00e1ll\u00edt\u00e1si inform\u00e1ci\u00f3kat kaphat, elker\u00fclve a v\u00e1ratlan v\u00e1m\u00fcgyi helyzeteket.<\/p>\n<p data-v-md-line=\"37\">Bevezet\u00e9s a szab\u00e1lyoz\u00e1sba. Egyes EU-orsz\u00e1gokban\/r\u00e9gi\u00f3kban a nagy sz\u00edv\u00f3erej\u0171 eszk\u00f6z\u00f6k meghaladhatj\u00e1k a doh\u00e1nyterm\u00e9kekr\u0151l sz\u00f3l\u00f3 ir\u00e1nyelv (TPD) hat\u00e1r\u00e9rt\u00e9keit. K\u00e9rj\u00fck, rendel\u00e9s lead\u00e1sa el\u0151tt ellen\u0151rizze a helyi szab\u00e1lyoz\u00e1sokat. Csak feln\u0151tteknek \u00e9rt\u00e9kes\u00edt\u00fcnk, \u00e9s a fizet\u00e9skor \u00e9letkor-ellen\u0151rz\u00e9st v\u00e9gz\u00fcnk.<\/p>\n<h2 data-v-md-heading=\"why-do-you-like-it\" data-v-md-line=\"39\">Mi\u00e9rt tetszik?<\/h2>\n<p data-v-md-line=\"40\"><strong>Massz\u00edv sz\u00edv\u00e1s:<\/strong>\u00a0Cs\u00f6kkentse a duplik\u00e1lt rendel\u00e9seket \u00e9s minimaliz\u00e1lja a kellemetlens\u00e9geket<br \/>\n<strong>Nikotin kiv\u00e1laszt\u00e1s<\/strong>V\u00e1lassza ki a szok\u00e1sainak megfelel\u0151 nikotinkoncentr\u00e1ci\u00f3t<br \/>\n<strong>\u00dajrat\u00f6lthet\u0151<\/strong>Haszn\u00e1ld fel az \u00f6sszes megv\u00e1s\u00e1rolt e-liquid cseppet<br \/>\n<strong>H\u00e1l\u00f3s tekercs<\/strong>Az els\u0151 falatt\u00f3l az utols\u00f3 falatig az \u00edze v\u00e1ltozatlan marad.<br \/>\n<strong>K\u00e9nyelmes Type-C interf\u00e9sz:<\/strong>\u00a0Az \u00fajrat\u00f6lt\u00e9s b\u00e1rhol elv\u00e9gezhet\u0151 speci\u00e1lis k\u00e1belek n\u00e9lk\u00fcl<\/p>\n<h2 data-v-md-heading=\"why-choose-agoravape\" data-v-md-line=\"46\">Mi\u00e9rt v\u00e1lassza az AgoraVape-et?<\/h2>\n<p data-v-md-line=\"47\">Kiz\u00e1r\u00f3lag eredeti term\u00e9keket v\u00e1s\u00e1rolunk hivatalos keresked\u0151kt\u0151l. Ez megb\u00edzhat\u00f3 min\u0151s\u00e9get jelent \u00d6nnek \u00e9s v\u00e1s\u00e1rl\u00f3inak. A v\u00e1llalati v\u00e1s\u00e1rl\u00f3k versenyk\u00e9pes nagykereskedelmi \u00e1rakat, gyors reag\u00e1l\u00e1s\u00fa \u00fcgyf\u00e9lszolg\u00e1latot, valamint gyors DDP sz\u00e1ll\u00edt\u00e1st \u00e9s teljes k\u00f6r\u0171 k\u00f6vet\u00e9si szolg\u00e1ltat\u00e1sokat \u00e9lvezhetnek. A fizet\u00e9s egy biztons\u00e1gos \u00e1tj\u00e1r\u00f3n kereszt\u00fcl t\u00f6rt\u00e9nik, amely t\u00e1mogatja a hagyom\u00e1nyos hitelk\u00e1rty\u00e1kat \u00e9s a PayPalt. Csapatunk mindig rendelkez\u00e9sre \u00e1ll, hogy seg\u00edtsen az \u00edzv\u00e1laszt\u00e1sban, a megfelel\u0151s\u00e9gi probl\u00e9m\u00e1kban \u00e9s az \u00e9rt\u00e9kes\u00edt\u00e9s ut\u00e1ni t\u00e1mogat\u00e1sban. Szeretne v\u00e1s\u00e1rolni? <a class=\"wpil_keyword_link\" title=\"Vhill\" href=\"https:\/\/agoravape.com\/hu\/marka\/vhill\/\" data-wpil-keyword-link=\"linked\" data-wpil-monitor-id=\"33\">VHILL 20000 f\u00faj\u00e1s<\/a> Mesh Coil \u00fajrat\u00f6lthet\u0151 vape-ek online? K\u00e9rj\u00fck, vegye fel vel\u00fcnk a kapcsolatot, stabil ell\u00e1t\u00e1st biztos\u00edtunk a v\u00e1s\u00e1rl\u00f3k visszat\u00e9r\u00e9si ar\u00e1ny\u00e1nak biztos\u00edt\u00e1sa \u00e9rdek\u00e9ben.<\/p>","protected":false},"excerpt":{"rendered":"<p>&nbsp;<\/p>\n<p><script src=\"chrome-extension:\/\/fpelahbljekknahkcaegamhcndkfpfnc\/iFrame.js\" type=\"text\/javascript\"><\/script><\/p>\n<p><script src=\"chrome-extension:\/\/fpelahbljekknahkcaegamhcndkfpfnc\/iFrame.js\" type=\"text\/javascript\"><\/script><\/p>\n<p><script src=\"chrome-extension:\/\/fpelahbljekknahkcaegamhcndkfpfnc\/iFrame.js\" type=\"text\/javascript\"><\/script><\/p>\n<p><script src=\"chrome-extension:\/\/fpelahbljekknahkcaegamhcndkfpfnc\/iFrame.js\" type=\"text\/javascript\"><\/script><\/p>\n<p><script src=\"chrome-extension:\/\/fpelahbljekknahkcaegamhcndkfpfnc\/iFrame.js\" type=\"text\/javascript\"><\/script><\/p>\n<p><script src=\"chrome-extension:\/\/fpelahbljekknahkcaegamhcndkfpfnc\/iFrame.js\" type=\"text\/javascript\"><\/script><\/p>\n<p><script src=\"chrome-extension:\/\/fpelahbljekknahkcaegamhcndkfpfnc\/iFrame.js\" type=\"text\/javascript\"><\/script><\/p>\n<p><script src=\"chrome-extension:\/\/fpelahbljekknahkcaegamhcndkfpfnc\/iFrame.js\" type=\"text\/javascript\"><\/script><\/p>\n<p><script src=\"chrome-extension:\/\/fpelahbljekknahkcaegamhcndkfpfnc\/iFrame.js\" type=\"text\/javascript\"><\/script><\/p>\n<p><script src=\"chrome-extension:\/\/fpelahbljekknahkcaegamhcndkfpfnc\/iFrame.js\" type=\"text\/javascript\"><\/script><\/p>\n<p><script src=\"chrome-extension:\/\/fpelahbljekknahkcaegamhcndkfpfnc\/iFrame.js\" type=\"text\/javascript\"><\/script><\/p>\n<p><script src=\"chrome-extension:\/\/fpelahbljekknahkcaegamhcndkfpfnc\/iFrame.js\" type=\"text\/javascript\"><\/script><\/p>","protected":false},"featured_media":16687,"comment_status":"open","ping_status":"closed","template":"","meta":[],"product_brand":[227],"product_cat":[124,185,1636,189,174,175,193,191,173,186,180,190,154],"product_tag":[],"class_list":{"0":"post-16666","1":"product","2":"type-product","3":"status-publish","4":"has-post-thumbnail","6":"product_brand-vhill","7":"product_cat-vape-by-brand","8":"product_cat-10000-puffs-high-capacity","9":"product_cat-20000-puffs","10":"product_cat-20mg-standard-nicotine-vapes","11":"product_cat-fruit-flavors","12":"product_cat-icy-mint","13":"product_cat-mesh-coil","14":"product_cat-rechargeable-disposables","15":"product_cat-vape-by-flavor-profile","16":"product_cat-vape-by-nicotine-strength","17":"product_cat-vape-by-puff-count","18":"product_cat-vape-by-feature-or-type","19":"product_cat-vhill","21":"first","22":"instock","23":"shipping-taxable","24":"purchasable","25":"product-type-variable","26":"has-default-attributes"},"tiered_pricing_type":"percentage","tiered_pricing_fixed_rules":[],"tiered_pricing_product_settings":{"layout":"default","base_unit_name":{"singular":null,"plural":null},"default_variation":null},"tiered_pricing_minimum_quantity":20,"tiered_pricing_roles_data":[],"tiered_pricing_percentage_rules":{"50":"35","100":"40","200":"44","500":"47","1000":"49"},"tiered_pricing_maximum_quantity":null,"tiered_pricing_quantity_step":"10","_links":{"self":[{"href":"https:\/\/agoravape.com\/hu\/wp-json\/wp\/v2\/product\/16666","targetHints":{"allow":["GET"]}}],"collection":[{"href":"https:\/\/agoravape.com\/hu\/wp-json\/wp\/v2\/product"}],"about":[{"href":"https:\/\/agoravape.com\/hu\/wp-json\/wp\/v2\/types\/product"}],"replies":[{"embeddable":true,"href":"https:\/\/agoravape.com\/hu\/wp-json\/wp\/v2\/comments?post=16666"}],"version-history":[{"count":0,"href":"https:\/\/agoravape.com\/hu\/wp-json\/wp\/v2\/product\/16666\/revisions"}],"wp:featuredmedia":[{"embeddable":true,"href":"https:\/\/agoravape.com\/hu\/wp-json\/wp\/v2\/media\/16687"}],"wp:attachment":[{"href":"https:\/\/agoravape.com\/hu\/wp-json\/wp\/v2\/media?parent=16666"}],"wp:term":[{"taxonomy":"product_brand","embeddable":true,"href":"https:\/\/agoravape.com\/hu\/wp-json\/wp\/v2\/product_brand?post=16666"},{"taxonomy":"product_cat","embeddable":true,"href":"https:\/\/agoravape.com\/hu\/wp-json\/wp\/v2\/product_cat?post=16666"},{"taxonomy":"product_tag","embeddable":true,"href":"https:\/\/agoravape.com\/hu\/wp-json\/wp\/v2\/product_tag?post=16666"}],"curies":[{"name":"wp","href":"https:\/\/api.w.org\/{rel}","templated":true}]}}