{"id":16701,"date":"2025-10-17T17:04:25","date_gmt":"2025-10-17T09:04:25","guid":{"rendered":"https:\/\/green-grasshopper-921422.hostingersite.com\/?post_type=product&#038;p=16701"},"modified":"2026-01-19T22:02:23","modified_gmt":"2026-01-19T14:02:23","slug":"crazyace-b15000-puffs-dual-tank-vape","status":"publish","type":"product","link":"https:\/\/agoravape.com\/hu\/product\/crazyace-b15000-puffs-dual-tank-vape\/","title":{"rendered":"CRAZYACE B15000 Puffs Dual Tank Eldobhat\u00f3 Vape | Hosszantart\u00f3 \u00edz egyszer\u0171 Type-C t\u00f6lt\u00e9ssel"},"content":{"rendered":"<h2 data-v-md-heading=\"what-are-the-special-features-of-crazyace-b15000-disposable-vapes-with-dual-oil-storage-compartments\" data-v-md-line=\"3\">Milyen k\u00fcl\u00f6nleges tulajdons\u00e1gai vannak a CRAZYACE B15000 eldobhat\u00f3 vape-eknek kett\u0151s olajt\u00e1rol\u00f3 rekesszel?<\/h2>\n<p data-v-md-line=\"4\">Ha eleged van azokb\u00f3l az e-cigarett\u00e1kb\u00f3l, amik a h\u00e9t fel\u00e9n\u00e9l lemer\u00fclnek, \u00e9rdemes lehet megn\u00e9zned ezt a term\u00e9ket. A CRAZYACE B15000 \u00fajrat\u00f6lthet\u0151 akkumul\u00e1torral van felszerelve, amely ak\u00e1r 15000 e-liquidet is k\u00e9pes t\u00e1rolni, \u00edgy k\u00f6nnyed\u00e9n \u00e9lvezheted a megv\u00e1s\u00e1rolt e-liquideket. Ha nagy kapacit\u00e1s\u00fa, finom \u00e9s k\u00f6nnyed e-liquidet szeretn\u00e9l, ez a term\u00e9k az ide\u00e1lis v\u00e1laszt\u00e1s.<\/p>\n<p data-v-md-line=\"6\">Azt gondolhatod, hogy egy ekkora kapacit\u00e1s\u00fa vape-er orm\u00f3tlan, de meglep\u0151dsz majd. Massz\u00edv \u00e9rzetet kelt, ugyanakkor k\u00f6nnyen hordozhat\u00f3, a dupla olajt\u00e1rol\u00f3 rekesszel ell\u00e1tott kialak\u00edt\u00e1snak k\u00f6sz\u00f6nhet\u0151en az \u00edz mindig friss marad.<\/p>\n<h2 data-v-md-heading=\"excellent-performance-worry-free\" data-v-md-line=\"8\">Kiv\u00e1l\u00f3 teljes\u00edtm\u00e9ny, gondtalan<\/h2>\n<p data-v-md-line=\"9\">A be\u00e9p\u00edtett 1,0 \u03a9-os kett\u0151s h\u00e1l\u00f3s tekercsek minden falatot olyan finomm\u00e1 tesznek, mint az els\u0151 k\u00f3stol\u00e1s. Egyenletes l\u00e9g\u00e1raml\u00e1s, tiszta sz\u00edv\u00f3er\u0151, nem kell semmilyen gombot nyomkodni. Ha az akkumul\u00e1tor lemer\u00fclt, egyszer\u0171en csatlakoztass egy Type-C adatk\u00e1belt, amely megegyezhet a telefonodon tal\u00e1lhat\u00f3 adatk\u00e1bellel. Egyszer\u0171.<\/p>\n<h2 data-v-md-heading=\"specification-overview\" data-v-md-line=\"11\">Specifik\u00e1ci\u00f3 \u00e1ttekint\u00e9se<\/h2>\n<ul data-v-md-line=\"12\">\n<li>Sz\u00edv\u00e1s gyakoris\u00e1ga: ak\u00e1r 15000-szer<\/li>\n<li>Nikotintartalom: A k\u00edn\u00e1lat piaconk\u00e9nt elt\u00e9r\u0151. L\u00e9pjen kapcsolatba vel\u00fcnk, ha t\u00f6bbet szeretne megtudni az aktu\u00e1lis specifik\u00e1ci\u00f3kr\u00f3l \u00e9s az EU TPD szabv\u00e1nyainak megfelel\u0151 opci\u00f3kr\u00f3l.<\/li>\n<li>M\u0171k\u00f6d\u00e9si elv: Bel\u00e9gz\u00e9ssel aktiv\u00e1l\u00f3dik<\/li>\n<li>T\u00f6lt\u00e9s: C t\u00edpus\u00fa USB csatlakoz\u00f3<\/li>\n<li>Akkumul\u00e1tor: 900 mAh-s \u00fajrat\u00f6lthet\u0151 akkumul\u00e1tor<\/li>\n<li>E-folyad\u00e9k kapacit\u00e1sa: Kett\u0151s t\u00e1rol\u00f3rekesz 10 ml + 10 ml<\/li>\n<li>Porlaszt\u00f3 mag: Dupla h\u00e1l\u00f3 1,0 \u03a9<\/li>\n<li>M\u00e9ret: 48 \u00d7 24,5 \u00d7 104 mm<\/li>\n<li>Anyag: PC<\/li>\n<li>S\u00faly: 83 gramm<\/li>\n<li>\u00c1llapot: Kicsomagol\u00e1s ut\u00e1n haszn\u00e1latra k\u00e9sz<\/li>\n<\/ul>\n<h2 data-v-md-heading=\"full-range-of-flavors\" data-v-md-line=\"24\">Full range of flavors<\/h2>\n<ul data-v-md-line=\"25\">\n<li>Ban\u00e1nfagylalt<\/li>\n<li>Friss menta<\/li>\n<li>G\u00f6r\u00f6gdinnye r\u00e1g\u00f3gumi<\/li>\n<li>Vastag j\u00e9g<\/li>\n<li>Vegyes bogy\u00f3s gy\u00fcm\u00f6lcs\u00f6k<\/li>\n<li>Cseresznye-citromos v\u00edz<\/li>\n<li>\u00c1fony\u00e1s \u00e9s m\u00e1ln\u00e1s fagylalt<\/li>\n<li>Hawaii menta<\/li>\n<li>Eper g\u00f6r\u00f6gdinnye<\/li>\n<li>Epres-citromos v\u00edz<\/li>\n<li>Eper kivi<\/li>\n<li>Sziv\u00e1rv\u00e1nykit\u00f6r\u00e9s<\/li>\n<li>Raspberry watermelon<\/li>\n<\/ul>\n<h2 data-v-md-heading=\"for-you-for-your-business\" data-v-md-line=\"39\">\u00d6nnek, az \u00d6n v\u00e1llalkoz\u00e1s\u00e1nak<\/h2>\n<p data-v-md-line=\"40\">V\u00e1s\u00e1rolhat <a class=\"wpil_keyword_link\" title=\"\u0150R\u00dcLTS\u00c9G\" href=\"https:\/\/agoravape.com\/hu\/marka\/crazyace\/\" data-wpil-keyword-link=\"linked\" data-wpil-monitor-id=\"32\">\u0150R\u00dcLTS\u00c9G<\/a> B15000 dupla tart\u00e1lyos eldobhat\u00f3 vape-ek szem\u00e9lyes haszn\u00e1latra vagy k\u00e9szletfelt\u00f6lt\u00e9sre \u00fczletbe. A nagykereskedelem 10 k\u00f6zepes \u00e9s 200 nagy dobozos kiszerel\u00e9st alkalmaz a k\u00e9szletgazd\u00e1lkod\u00e1s egyszer\u0171s\u00edt\u00e9se \u00e9rdek\u00e9ben.<\/p>\n<p data-v-md-line=\"42\">Eur\u00f3pa-szerte ad\u00f3mentes DDP sz\u00e1ll\u00edt\u00e1st k\u00edn\u00e1lunk olyan partnereken kereszt\u00fcl, mint a UPS, a DPD \u00e9s a DHL, \u00edgy \u00e1tl\u00e1that\u00f3 \u00e1rakat kaphat, \u00e9s elker\u00fclheti a v\u00e1mkezel\u00e9ssel j\u00e1r\u00f3 meglepet\u00e9seket. Ha \u00edzeket szeretne keverni, vagy egyedi kombin\u00e1ci\u00f3kat szeretne, k\u00e9rj\u00fck, forduljon csapatunkhoz.<\/p>\n<p data-v-md-line=\"44\">R\u00f6vid megfelel\u0151s\u00e9gi magyar\u00e1zat: A B15000 k\u00e9t t\u00e1rol\u00f3tart\u00e1ly\u00e1nak \u00f6sszt\u00e9rfogata 20 milliliter. Az EU TPD2 rendelete el\u0151\u00edrja, hogy az eldobhat\u00f3 olajt\u00e1rol\u00f3 tart\u00e1lyok maxim\u00e1lis kapacit\u00e1sa 2 milliliter, a maxim\u00e1lis nikotintartalom pedig 20 milligramm milliliterenk\u00e9nt. K\u00e9rj\u00fck, kiskereskedelem el\u0151tt ellen\u0151rizze a helyi el\u0151\u00edr\u00e1sokat. Csapatunk aj\u00e1nl\u00e1sokat tud adni a megfelel\u0151 alternat\u00edv megold\u00e1sokra, az adott piacokra szabva.<\/p>\n<h2 data-v-md-heading=\"why-do-you-like-it\" data-v-md-line=\"46\">Mi\u00e9rt tetszik?<\/h2>\n<ul data-v-md-line=\"47\">\n<li>Nagy kapacit\u00e1s: Tart\u00f3s \u00e9s hossz\u00fa \u00e9lettartam\u00fa, nem kell gyakran v\u00e1s\u00e1rolni<\/li>\n<li>Nikotinv\u00e1laszt\u00e9k: A k\u00edn\u00e1lati helyzet r\u00e9gi\u00f3nk\u00e9nt elt\u00e9r\u0151, \u00edgy kiv\u00e1laszthatja a legmegfelel\u0151bb nikotint.<\/li>\n<li>\u00dajrat\u00f6lthet\u0151: Az \u00f6sszes e-folyad\u00e9kot felhaszn\u00e1lhatod an\u00e9lk\u00fcl, hogy el\u0151re kidobn\u00e1d a k\u00e9sz\u00fcl\u00e9ket<\/li>\n<li>H\u00e1l\u00f3s porlaszt\u00f3mag: Egyenletes \u00edz \u00e9s kiel\u00e9g\u00edt\u0151 sz\u00edv\u00e1si \u00e9lm\u00e9ny<\/li>\n<\/ul>\n<h2 data-v-md-heading=\"why-choose-to-collaborate-with-agoravape\" data-v-md-line=\"52\">Mi\u00e9rt \u00e9rdemes az AgoraVape-pel egy\u00fcttm\u0171k\u00f6dni?<\/h2>\n<p data-v-md-line=\"53\">100%-ban eredeti term\u00e9keket v\u00e1s\u00e1rolunk, \u00e9s erre garanci\u00e1t is v\u00e1llalunk. V\u00e1s\u00e1rl\u00e1ssal <a class=\"wpil_keyword_link\" title=\"\u0150R\u00dcLTS\u00c9G\" href=\"https:\/\/agoravape.com\/hu\/vape-marka-szerint\/crazyace\/\" data-wpil-keyword-link=\"linked\" data-wpil-monitor-id=\"55\">\u0150R\u00dcLTS\u00c9G<\/a> A B15000 Puffs eldobhat\u00f3 vape-ek\u00e9rt rendk\u00edv\u00fcl versenyk\u00e9pes nagykereskedelmi \u00e1rakat, megb\u00edzhat\u00f3 \u00fcgyf\u00e9lszolg\u00e1latot, valamint gyors \u00e9s megb\u00edzhat\u00f3 kisz\u00e1ll\u00edt\u00e1si szolg\u00e1ltat\u00e1sokat kap. Ha seg\u00edts\u00e9gre van sz\u00fcks\u00e9ge, p\u00e9ld\u00e1ul EU-kompatibilis c\u00edmk\u00e9k hozz\u00e1ad\u00e1s\u00e1ra az \u00fczlet\u00e9hez vagy \u00e9letkor-ellen\u0151rz\u00e9sre, mi tudunk seg\u00edteni. L\u00e9pjen kapcsolatba vel\u00fcnk, hogy olyan nagy kapacit\u00e1s\u00fa eszk\u00f6zt v\u00e1s\u00e1roljon, amelyet \u00e9rdemes visszak\u00fcldenie \u00fcgyfel\u00e9nek.<\/p>","protected":false},"excerpt":{"rendered":"<p>What are the special features of CRAZYACE B15000 disposable vapes with dual oil storage compartments? If you\u2019re tired of those<\/p>","protected":false},"featured_media":16723,"comment_status":"open","ping_status":"closed","template":"","meta":[],"product_brand":[229],"product_cat":[124,185,1635,189,156,174,175,193,191,173,186,180,190],"product_tag":[],"class_list":{"0":"post-16701","1":"product","2":"type-product","3":"status-publish","4":"has-post-thumbnail","6":"product_brand-crazyace","7":"product_cat-vape-by-brand","8":"product_cat-10000-puffs-high-capacity","9":"product_cat-15000-puffs","10":"product_cat-20mg-standard-nicotine-vapes","11":"product_cat-crazyace","12":"product_cat-fruit-flavors","13":"product_cat-icy-mint","14":"product_cat-mesh-coil","15":"product_cat-rechargeable-disposables","16":"product_cat-vape-by-flavor-profile","17":"product_cat-vape-by-nicotine-strength","18":"product_cat-vape-by-puff-count","19":"product_cat-vape-by-feature-or-type","21":"first","22":"onbackorder","23":"shipping-taxable","24":"purchasable","25":"product-type-variable","26":"has-default-attributes"},"tiered_pricing_type":"percentage","tiered_pricing_fixed_rules":[],"tiered_pricing_product_settings":{"layout":"default","base_unit_name":{"singular":null,"plural":null},"default_variation":null},"tiered_pricing_minimum_quantity":10,"tiered_pricing_roles_data":[],"tiered_pricing_percentage_rules":{"30":"29","50":"35","100":"40","200":"44","500":"47","1000":"49"},"tiered_pricing_maximum_quantity":null,"tiered_pricing_quantity_step":"10","_links":{"self":[{"href":"https:\/\/agoravape.com\/hu\/wp-json\/wp\/v2\/product\/16701","targetHints":{"allow":["GET"]}}],"collection":[{"href":"https:\/\/agoravape.com\/hu\/wp-json\/wp\/v2\/product"}],"about":[{"href":"https:\/\/agoravape.com\/hu\/wp-json\/wp\/v2\/types\/product"}],"replies":[{"embeddable":true,"href":"https:\/\/agoravape.com\/hu\/wp-json\/wp\/v2\/comments?post=16701"}],"version-history":[{"count":0,"href":"https:\/\/agoravape.com\/hu\/wp-json\/wp\/v2\/product\/16701\/revisions"}],"wp:featuredmedia":[{"embeddable":true,"href":"https:\/\/agoravape.com\/hu\/wp-json\/wp\/v2\/media\/16723"}],"wp:attachment":[{"href":"https:\/\/agoravape.com\/hu\/wp-json\/wp\/v2\/media?parent=16701"}],"wp:term":[{"taxonomy":"product_brand","embeddable":true,"href":"https:\/\/agoravape.com\/hu\/wp-json\/wp\/v2\/product_brand?post=16701"},{"taxonomy":"product_cat","embeddable":true,"href":"https:\/\/agoravape.com\/hu\/wp-json\/wp\/v2\/product_cat?post=16701"},{"taxonomy":"product_tag","embeddable":true,"href":"https:\/\/agoravape.com\/hu\/wp-json\/wp\/v2\/product_tag?post=16701"}],"curies":[{"name":"wp","href":"https:\/\/api.w.org\/{rel}","templated":true}]}}