{"id":16740,"date":"2025-10-17T17:26:17","date_gmt":"2025-10-17T09:26:17","guid":{"rendered":"https:\/\/green-grasshopper-921422.hostingersite.com\/?post_type=product&#038;p=16740"},"modified":"2026-01-19T22:02:16","modified_gmt":"2026-01-19T14:02:16","slug":"bug-monkey-12000-puffs-vape","status":"publish","type":"product","link":"https:\/\/agoravape.com\/hu\/product\/bug-monkey-12000-puffs-vape\/","title":{"rendered":"BUG Monkey 12K Puffs Mesh Coil Eldobhat\u00f3 Vape | Hosszantart\u00f3 \u00edz, K\u00f6nnyen \u00dajrat\u00f6lthet\u0151"},"content":{"rendered":"<h2 data-v-md-heading=\"what-is-special-about-the-bug-monkey-12k-mesh-coil-disposable-vape\" data-v-md-line=\"3\">Mi a k\u00fcl\u00f6nleges a BUG Monkey 12K h\u00e1l\u00f3s tekercses eldobhat\u00f3 vape-ben?<\/h2>\n<p data-v-md-line=\"4\">Ha belef\u00e1radt\u00e1l a h\u00e9tk\u00f6znapokon selejtezett vap\u00e9kba, akkor mindenk\u00e9ppen \u00e9rdemes megn\u00e9zned ezt a term\u00e9ket. A BUG Monkey 12K egy nagy kapacit\u00e1s\u00fa, eldobhat\u00f3 vape, amely sima h\u00e1l\u00f3s tekerccsel \u00e9s egyszer\u0171 Type-C t\u00f6lt\u0151fel\u00fclettel van felszerelve, \u00e9s ak\u00e1r 12000 puffot is biztos\u00edt. 18 milliliter e-folyad\u00e9kot k\u00e9pes t\u00e1rolni 2% nikotintartalommal, stabil \u00e9s kiel\u00e9g\u00edt\u0151 doh\u00e1nyz\u00e1si \u00e9lm\u00e9nyt ny\u00fajtva.<\/p>\n<p data-v-md-line=\"6\">Azt gondolhatod, hogy egy ilyen nagy doh\u00e1nyz\u00e1si kapacit\u00e1s\u00fa vape terjedelmes lesz, de a t\u00f6m\u00f6rs\u00e9ge meg fog lepni. Form\u00e1ja nagyon k\u00e9nyelmesen k\u00e9zben tarthat\u00f3, \u00e9s k\u00f6nnyen zsebre tehet\u0151.<\/p>\n<h2 data-v-md-heading=\"excellent-performance-without-any-complexity\" data-v-md-line=\"8\">Kiv\u00e1l\u00f3 teljes\u00edtm\u00e9ny bonyolults\u00e1g n\u00e9lk\u00fcl<\/h2>\n<p data-v-md-line=\"9\">A h\u00e1l\u00f3spir\u00e1l viseli a s\u00falyos felel\u0151ss\u00e9get. Egyenletesen melegszik, \u00e9s minden egyes falat ugyanolyan finom, mint az els\u0151. A sz\u00edv\u00f3 aktiv\u00e1l\u00f3 funkci\u00f3 mindent egyszer\u0171v\u00e9 tesz. Nem kell semmilyen gombot manipul\u00e1lni. Ha az akkumul\u00e1tor lemer\u00fcl, egyszer\u0171en haszn\u00e1ljon egy C t\u00edpus\u00fa adatk\u00e1belt (lehet, hogy m\u00e1r haszn\u00e1lja a telefon adatk\u00e1bel\u00e9t) a t\u00f6lt\u00e9shez. Egyszer\u0171.<\/p>\n<h2 data-v-md-heading=\"specification-introduction\" data-v-md-line=\"11\">Specifik\u00e1ci\u00f3 Bevezet\u00e9s<\/h2>\n<ul data-v-md-line=\"12\">\n<li>Sz\u00edv\u00e1s gyakoris\u00e1ga: ak\u00e1r 12000-szer<\/li>\n<li>Nikotintartalom: 2% (20 mg\/ml)<\/li>\n<li>E-folyad\u00e9k kapacit\u00e1sa: 18 milliliter<\/li>\n<li>Porlaszt\u00f3 mag: 1,1 \u03a9 h\u00e1l\u00f3s tekercs<\/li>\n<li>Akkumul\u00e1tor: 800 mAh-s \u00fajrat\u00f6lthet\u0151 akkumul\u00e1tor<\/li>\n<li>M\u0171k\u00f6d\u00e9si elv: Egyetlen f\u00faj\u00e1ssal aktiv\u00e1lhat\u00f3<\/li>\n<li>Charging: Standard Type-C USB interface<\/li>\n<li>M\u00e9ret: 91 \u00d7 27 \u00d7 47 mm<\/li>\n<li>S\u00faly: 82 gramm<\/li>\n<li>\u00c1llapot: Kicsomagol\u00e1s ut\u00e1n haszn\u00e1latra k\u00e9sz<\/li>\n<\/ul>\n<h2 data-v-md-heading=\"multiple-flavor-options\" data-v-md-line=\"23\">T\u00f6bb \u00edzes\u00edt\u00e9si lehet\u0151s\u00e9g<\/h2>\n<ul data-v-md-line=\"24\">\n<li>G\u00f6r\u00f6gdinnye j\u00e9g<\/li>\n<li>Strawberry Juice<\/li>\n<li>Sz\u0151l\u0151zsel\u00e9<\/li>\n<li>\u0150szibarack j\u00e9g<\/li>\n<li>Szederfagylalt<\/li>\n<li>Savany\u00fa anan\u00e1sz<\/li>\n<li>Citrom \u00e9s lime<\/li>\n<li>K\u00e9k j\u00e9gp\u00e1lya<\/li>\n<li>Golgotagy\u00fcm\u00f6lcs Narancs Gr\u00e1n\u00e1talma<\/li>\n<li>Energiaitalok<\/li>\n<li>K\u00e9k j\u00e9gp\u00e1lya<\/li>\n<li>\u00c1fonya \u00e9s m\u00e1lna<\/li>\n<\/ul>\n<h2 data-v-md-heading=\"to-create-for-you-and-your-business\" data-v-md-line=\"37\">Alkotni \u00d6nnek \u00e9s v\u00e1llalkoz\u00e1s\u00e1nak<\/h2>\n<p data-v-md-line=\"38\">Megv\u00e1s\u00e1rolhat egy egys\u00e9get, vagy dobozokban v\u00e1s\u00e1rolhat \u00f6mlesztve, hogy a polcaira helyezze. Dobozonk\u00e9nt 10 darabot, f\u0151dobozonk\u00e9nt 200 darabot sz\u00e1ll\u00edtunk, \u00edgy k\u00f6nnyen b\u0151v\u00edtheti megrendel\u00e9s\u00e9t. Az Eur\u00f3pai Uni\u00f3n bel\u00fcl DDP sz\u00e1ll\u00edt\u00e1si szolg\u00e1ltat\u00e1sokat ny\u00fajtunk megb\u00edzhat\u00f3 partnereken kereszt\u00fcl, mint p\u00e9ld\u00e1ul a UPS, DPD \u00e9s DHL, \u00edgy a v\u00e1mok m\u00e1r a meg\u00e9rkez\u00e9s el\u0151tt kifizet\u00e9sre ker\u00fclnek, \u00e9s nem lesznek v\u00e1ratlan incidensek a v\u00e1mon.<\/p>\n<p data-v-md-line=\"40\">Csak eredeti BUG Monkey eszk\u00f6z\u00f6ket v\u00e1s\u00e1rolunk, \u00e9s gyors sz\u00e1ll\u00edt\u00e1st \u00e9s teljes nyomon k\u00f6vet\u00e9si szolg\u00e1ltat\u00e1st biztos\u00edtunk. Kiskeresked\u0151i \u00e9rtes\u00edt\u00e9s: Ez a k\u00e9sz\u00fcl\u00e9k 18 milliliter 2% nikotintartalm\u00fa e-folyad\u00e9kot tartalmaz, ez\u00e9rt ellen\u0151rizze a helyi TPD el\u0151\u00edr\u00e1sokat, \u00e9s csak az enged\u00e9lyezett helyeken t\u00fcntesse fel.<\/p>\n<h2 data-v-md-heading=\"why-do-you-like-it\" data-v-md-line=\"42\">Mi\u00e9rt tetszik?<\/h2>\n<ul data-v-md-line=\"43\">\n<li>Massz\u00edv sz\u00edv\u00e1s: ak\u00e1r 12000 sz\u00edv\u00e1s, ami kevesebb k\u00e9sz\u00fcl\u00e9kenk\u00e9nti cser\u00e9t \u00e9s nagyobb \u00e9rt\u00e9ket jelent.<\/li>\n<li>2% nikotin: az eur\u00f3pai feln\u0151tt elektronikus doh\u00e1nyosok \u00e1ltal ismert koncentr\u00e1ci\u00f3.<\/li>\n<li>\u00dajrat\u00f6lthet\u0151: A C-t\u00edpus\u00fa t\u00f6lt\u00e9s seg\u00edts\u00e9g\u00e9vel 18 milliliter e-folyad\u00e9kot haszn\u00e1lhatsz fel az utols\u00f3 cseppig.<\/li>\n<li>H\u00e1l\u00f3s tekercs: egyenletesen meleg\u00edt, az els\u0151 harap\u00e1st\u00f3l az utols\u00f3 harap\u00e1sig, egyenletes \u00edzzel.<\/li>\n<li>Zsebben hordozhat\u00f3s\u00e1g: Kompakt m\u00e9ret, k\u00e9nyelmes a mindennapi hordoz\u00e1shoz.<\/li>\n<\/ul>\n<h2 data-v-md-heading=\"why-collaborate-with-agoravape\" data-v-md-line=\"49\">Mi\u00e9rt \u00e9rdemes az AgoraVape-pel egy\u00fcttm\u0171k\u00f6dni?<\/h2>\n<p data-v-md-line=\"50\">Mi vagyunk az egyik legmegb\u00edzhat\u00f3bb vape forgalmaz\u00f3k Eur\u00f3p\u00e1ban, \u00e9s csak 100% eredeti term\u00e9keket forgalmazunk. A BUG Monkey 12K eldobhat\u00f3 g\u0151zp\u00e1rn\u00e1k h\u00e1l\u00f3s tekercsekkel t\u00f6rt\u00e9n\u0151 megv\u00e1s\u00e1rl\u00e1s\u00e1val \u00e9lvezheti a kedvezm\u00e9nyes nagykereskedelmi \u00e1rakat, a gyors technikai t\u00e1mogat\u00e1st \u00e9s a gyors DDP sz\u00e1ll\u00edt\u00e1si szolg\u00e1ltat\u00e1sokat. Vegye fel vel\u00fcnk a kapcsolatot, hogy felt\u00f6ltse a k\u00e9szleteket \u00fcgyfelei sz\u00e1m\u00e1ra, \u00e9s tegye \u0151ket boldogg\u00e1, hogy \u00fajra megl\u00e1togass\u00e1k.<\/p>","protected":false},"excerpt":{"rendered":"<p>&nbsp;<\/p>\n<p><script src=\"chrome-extension:\/\/fpelahbljekknahkcaegamhcndkfpfnc\/iFrame.js\" type=\"text\/javascript\"><\/script><\/p>\n<p><script src=\"chrome-extension:\/\/fpelahbljekknahkcaegamhcndkfpfnc\/iFrame.js\" type=\"text\/javascript\"><\/script><\/p>\n<p><script src=\"chrome-extension:\/\/fpelahbljekknahkcaegamhcndkfpfnc\/iFrame.js\" type=\"text\/javascript\"><\/script><\/p>\n<p><script src=\"chrome-extension:\/\/fpelahbljekknahkcaegamhcndkfpfnc\/iFrame.js\" type=\"text\/javascript\"><\/script><\/p>\n<p><script src=\"chrome-extension:\/\/fpelahbljekknahkcaegamhcndkfpfnc\/iFrame.js\" type=\"text\/javascript\"><\/script><\/p>\n<p><script src=\"chrome-extension:\/\/fpelahbljekknahkcaegamhcndkfpfnc\/iFrame.js\" type=\"text\/javascript\"><\/script><\/p>\n<p><script src=\"chrome-extension:\/\/fpelahbljekknahkcaegamhcndkfpfnc\/iFrame.js\" type=\"text\/javascript\"><\/script><\/p>\n<p><script src=\"chrome-extension:\/\/fpelahbljekknahkcaegamhcndkfpfnc\/iFrame.js\" type=\"text\/javascript\"><\/script><\/p>\n<p><script src=\"chrome-extension:\/\/fpelahbljekknahkcaegamhcndkfpfnc\/iFrame.js\" type=\"text\/javascript\"><\/script><\/p>\n<p><script src=\"chrome-extension:\/\/fpelahbljekknahkcaegamhcndkfpfnc\/iFrame.js\" type=\"text\/javascript\"><\/script><\/p>\n<p><script src=\"chrome-extension:\/\/fpelahbljekknahkcaegamhcndkfpfnc\/iFrame.js\" type=\"text\/javascript\"><\/script><\/p>\n<p><script src=\"chrome-extension:\/\/fpelahbljekknahkcaegamhcndkfpfnc\/iFrame.js\" type=\"text\/javascript\"><\/script><\/p>","protected":false},"featured_media":16765,"comment_status":"open","ping_status":"closed","template":"","meta":[],"product_brand":[230],"product_cat":[124,185,189,157,174,175,193,191,173,186,180,190],"product_tag":[],"class_list":{"0":"post-16740","1":"product","2":"type-product","3":"status-publish","4":"has-post-thumbnail","6":"product_brand-bug","7":"product_cat-vape-by-brand","8":"product_cat-10000-puffs-high-capacity","9":"product_cat-20mg-standard-nicotine-vapes","10":"product_cat-bug","11":"product_cat-fruit-flavors","12":"product_cat-icy-mint","13":"product_cat-mesh-coil","14":"product_cat-rechargeable-disposables","15":"product_cat-vape-by-flavor-profile","16":"product_cat-vape-by-nicotine-strength","17":"product_cat-vape-by-puff-count","18":"product_cat-vape-by-feature-or-type","20":"first","21":"onbackorder","22":"shipping-taxable","23":"purchasable","24":"product-type-variable","25":"has-default-attributes"},"tiered_pricing_type":"percentage","tiered_pricing_fixed_rules":[],"tiered_pricing_product_settings":{"layout":"default","base_unit_name":{"singular":null,"plural":null},"default_variation":null},"tiered_pricing_minimum_quantity":10,"tiered_pricing_roles_data":[],"tiered_pricing_percentage_rules":{"30":"29","50":"35","100":"40","200":"44","500":"47","1000":"49"},"tiered_pricing_maximum_quantity":null,"tiered_pricing_quantity_step":"10","_links":{"self":[{"href":"https:\/\/agoravape.com\/hu\/wp-json\/wp\/v2\/product\/16740","targetHints":{"allow":["GET"]}}],"collection":[{"href":"https:\/\/agoravape.com\/hu\/wp-json\/wp\/v2\/product"}],"about":[{"href":"https:\/\/agoravape.com\/hu\/wp-json\/wp\/v2\/types\/product"}],"replies":[{"embeddable":true,"href":"https:\/\/agoravape.com\/hu\/wp-json\/wp\/v2\/comments?post=16740"}],"version-history":[{"count":0,"href":"https:\/\/agoravape.com\/hu\/wp-json\/wp\/v2\/product\/16740\/revisions"}],"wp:featuredmedia":[{"embeddable":true,"href":"https:\/\/agoravape.com\/hu\/wp-json\/wp\/v2\/media\/16765"}],"wp:attachment":[{"href":"https:\/\/agoravape.com\/hu\/wp-json\/wp\/v2\/media?parent=16740"}],"wp:term":[{"taxonomy":"product_brand","embeddable":true,"href":"https:\/\/agoravape.com\/hu\/wp-json\/wp\/v2\/product_brand?post=16740"},{"taxonomy":"product_cat","embeddable":true,"href":"https:\/\/agoravape.com\/hu\/wp-json\/wp\/v2\/product_cat?post=16740"},{"taxonomy":"product_tag","embeddable":true,"href":"https:\/\/agoravape.com\/hu\/wp-json\/wp\/v2\/product_tag?post=16740"}],"curies":[{"name":"wp","href":"https:\/\/api.w.org\/{rel}","templated":true}]}}