{"id":16901,"date":"2025-10-17T18:13:13","date_gmt":"2025-10-17T10:13:13","guid":{"rendered":"https:\/\/green-grasshopper-921422.hostingersite.com\/?post_type=product&#038;p=16901"},"modified":"2026-01-19T22:01:51","modified_gmt":"2026-01-19T14:01:51","slug":"bug-30000-puffs-kettos-izu-vape","status":"publish","type":"product","link":"https:\/\/agoravape.com\/hu\/product\/bug-30000-puffs-dual-flavor-vape\/","title":{"rendered":"BUG 30K Puffs Kett\u0151s \u00cdz\u0171, Kapcsolhat\u00f3 RGB Vape | K\u00e9t \u00edz egyben, tart\u00f3sra tervezve"},"content":{"rendered":"<h2 data-v-md-heading=\"how-great-is-the-30k-switchable-dual-flavor-rgb-vape-with-bug\" data-v-md-line=\"3\">Mennyire nagyszer\u0171 a 30K kapcsolhat\u00f3, kett\u0151s \u00edz\u0171 RGB vape BUG-gal?<\/h2>\n<p data-v-md-line=\"4\">Ha eleged van azokb\u00f3l az e-cigarett\u00e1kb\u00f3l, amik a h\u00e9t k\u00f6zep\u00e9n elromlanak, akkor ez a term\u00e9k mindenk\u00e9ppen meg\u00e9r egy pillant\u00e1st. A BUG 30K intelligens kett\u0151s \u00edzbe\u00e1ll\u00edt\u00e1sokkal van felszerelve, amelyek ak\u00e1r 30000 falatig is k\u00e9pesek v\u00e1ltani az \u00edzek k\u00f6z\u00f6tt, \u00edgy k\u00f6nnyen v\u00e1lthatsz eszk\u00f6zcsere n\u00e9lk\u00fcl.<\/p>\n<p data-v-md-line=\"6\">B\u00e1rmely felhaszn\u00e1l\u00f3 sz\u00e1m\u00e1ra alkalmas, aki a tart\u00f3s teljes\u00edtm\u00e9nyt \u00e9s a k\u00f6nny\u0171 k\u00e9nyelmet keresi. Azt gondolhatja, hogy egy ilyen nagy kapacit\u00e1s\u00fa vape orm\u00f3tlan, de meglep\u0151dni fog, hogy mind\u00f6ssze 100 grammot nyom, r\u00e1ad\u00e1sul k\u00f6nny\u0171 \u00e9s hordozhat\u00f3. Az RGB vil\u00e1g\u00edt\u00e1s sz\u00f3rakoz\u00e1st ny\u00fajt an\u00e9lk\u00fcl, hogy felt\u0171n\u0151 lenne, a mell\u00e9kelt nyakp\u00e1nt pedig k\u00e9nyelmes a mindennapi hordoz\u00e1shoz.<\/p>\n<h2 data-v-md-heading=\"excellent-performance-easy-and-convenient\" data-v-md-line=\"8\">Kiv\u00e1l\u00f3 teljes\u00edtm\u00e9ny, egyszer\u0171 \u00e9s k\u00e9nyelmes<\/h2>\n<p data-v-md-line=\"9\">Az 1,0 \u03a9-os h\u00e1l\u00f3s tekercs biztos\u00edtja az \u00e1lland\u00f3 \u00edzt az elej\u00e9t\u0151l a v\u00e9g\u00e9ig. A h\u00e1l\u00f3s f\u0171t\u00e9s gyors \u00e9s egyenletes, \u00edgy minden falat tiszta \u00e9s gazdag \u00edz\u0171 lesz. Amikor az akkumul\u00e1tor lemer\u00fclt, a C t\u00edpus\u00fa t\u00f6lt\u0151porton kereszt\u00fcl 30 milliliter e-folyad\u00e9kot t\u00f6lthetsz \u00e9s \u00fcr\u00edthetsz ki. Nincs sz\u00fcks\u00e9g speci\u00e1lis k\u00e1belekre vagy bonyolult l\u00e9p\u00e9sekre.<\/p>\n<h2 data-v-md-heading=\"specification-introduction\" data-v-md-line=\"11\">Specifik\u00e1ci\u00f3 Bevezet\u00e9s<\/h2>\n<ul data-v-md-line=\"12\">\n<li>Sz\u00edv\u00e1s gyakoris\u00e1ga: ak\u00e1r 30000-szer<\/li>\n<li>Nikotintartalom: 2%<\/li>\n<li>M\u0171k\u00f6d\u00e9si m\u00f3d: K\u00e9t \u00edz k\u00f6z\u00fcl lehet v\u00e1lasztani a k\u00e9sz\u00fcl\u00e9ken<\/li>\n<li>T\u00f6lt\u00e9s: Standard C t\u00edpus\u00fa USB csatlakoz\u00f3<\/li>\n<li>\u00c1llapot: Kicsomagol\u00e1s ut\u00e1n azonnal haszn\u00e1lhat\u00f3<\/li>\n<\/ul>\n<h2 data-v-md-heading=\"full-range-of-flavors\" data-v-md-line=\"18\">Full range of flavors<\/h2>\n<ul data-v-md-line=\"19\">\n<li>G\u00f6r\u00f6gdinnyefagylalt\/sz\u0151l\u0151zsel\u00e9<\/li>\n<li>G\u00f6r\u00f6gdinnye j\u00e9g\/\u0150szibarack j\u00e9g<\/li>\n<li>Sz\u0151l\u0151zsel\u00e9\/Szederfagyi<\/li>\n<li>\u0150szibarackfagylalt\/M\u00e1lna-savany\u00fa alma<\/li>\n<li>Szederfagylalt\/savany\u00fa mang\u00f3 anan\u00e1sz<\/li>\n<li>M\u00e1ln\u00e1s-savany\u00fa alm\u00e1s\/energiaital<\/li>\n<li>Citrom \u00e9s lime\/g\u00f6r\u00f6gdinnye j\u00e9g<\/li>\n<li>Sz\u0151l\u0151zsel\u00e9\/\u00c1fonya<\/li>\n<li>\u00c1fony\u00e1s\/epres kivi<\/li>\n<li>Eperl\u00e9\/Szederfagyi<\/li>\n<li>Epres-kivis\/savany\u00fa mang\u00f3s-anan\u00e1szos<\/li>\n<li>Eperl\u00e9\/Maracuja Narancs Gr\u00e1n\u00e1talma<\/li>\n<\/ul>\n<h2 data-v-md-heading=\"for-you-and-your-business\" data-v-md-line=\"32\">\u00d6nnek \u00e9s v\u00e1llalkoz\u00e1s\u00e1nak<\/h2>\n<p data-v-md-line=\"33\">Szem\u00e9lyes haszn\u00e1latra vagy k\u00e9szletfelhalmoz\u00e1sra is alkalmas. Nagykereskedelmi kiszerel\u00e9sben 10 darabos kiszerel\u00e9sben, illetve nagym\u00e9ret\u0171, 200 darabos kiszerel\u00e9sben is k\u00edn\u00e1lunk kiszerel\u00e9st a nagykereskedelmi megrendel\u00e9sek teljes\u00edt\u00e9s\u00e9hez. Az eszk\u00f6z RGB f\u00e9nyeffektusokkal \u00e9s akaszt\u00f3k\u00f6telekkel rendelkezik, \u00edgy praktikus kiskereskedelmi csomagol\u00e1st biztos\u00edt.<\/p>\n<p data-v-md-line=\"35\">DDP sz\u00e1ll\u00edt\u00e1si szolg\u00e1ltat\u00e1sokat k\u00edn\u00e1lunk, amelyeket ad\u00f3ztak, bele\u00e9rtve a UPS-t, a DPD-t \u00e9s a DHL-t, \u00edgy nem t\u00f6rt\u00e9nhetnek balesetek a v\u00e1mn\u00e1l. Standard k\u00f6vet\u00e9si szolg\u00e1ltat\u00e1sokat biztos\u00edtunk, \u00e9s a csomagol\u00e1st gondosan kezelt\u00fck. K\u00e9rj\u00fck, vegye figyelembe: A term\u00e9k 30 milliliteres \u0171rtartalma \u00e9s 2%-os nikotinkoncentr\u00e1ci\u00f3ja miatt el\u0151fordulhat, hogy nem felel meg a TPD szabv\u00e1nyoknak t\u00f6bb EU-s orsz\u00e1gban\/r\u00e9gi\u00f3ban. Ez\u00e9rt a term\u00e9k sz\u00e1ll\u00edt\u00e1si \u00e9s k\u00e9zbes\u00edt\u00e9si m\u00f3djai a rendeltet\u00e9si helyt\u0151l f\u00fcgg\u0151en v\u00e1ltozhatnak. K\u00e9rj\u00fck, rendel\u00e9s lead\u00e1sa el\u0151tt ellen\u0151rizze a helyi szab\u00e1lyoz\u00e1sokat.<\/p>\n<h2 data-v-md-heading=\"why-do-you-like-it\" data-v-md-line=\"37\">Mi\u00e9rt tetszik?<\/h2>\n<ul data-v-md-line=\"38\">\n<li>Ultra nagy kapacit\u00e1s: ak\u00e1r 30 000 port, ami kevesebb ut\u00e1nt\u00f6lt\u00e9si \u00e9s csereid\u0151t jelent<\/li>\n<li>Kett\u0151s \u00edzv\u00e1lt\u00e1s: b\u00e1rmikor v\u00e1lthat \u00edzeket<\/li>\n<li>2% nikotin: Kiegyens\u00falyozott nikotinkoncentr\u00e1ci\u00f3, napi haszn\u00e1latra alkalmas<\/li>\n<li>\u00dajrat\u00f6lthet\u0151: A C t\u00edpus\u00fa t\u00f6lt\u00e9s lehet\u0151v\u00e9 teszi ak\u00e1r 30 milliliter e-folyad\u00e9k haszn\u00e1lat\u00e1t<\/li>\n<li>H\u00e1l\u00f3s tekercs: Egyenletes \u00edz<\/li>\n<li>RGB+nyakp\u00e1nt: Divatos \u00e9s trendi, k\u00f6nnyen hordozhat\u00f3, a zsebek nem lesznek tele zs\u00fafolts\u00e1ggal<\/li>\n<\/ul>\n<h2 data-v-md-heading=\"why-choose-to-collaborate-with-agoravape\" data-v-md-line=\"45\">Mi\u00e9rt \u00e9rdemes az AgoraVape-pel egy\u00fcttm\u0171k\u00f6dni?<\/h2>\n<p data-v-md-line=\"46\">Kiz\u00e1r\u00f3lag 100%-ban eredeti term\u00e9keket forgalmazunk, \u00e9s garant\u00e1ljuk a kedvez\u0151 \u00e1rakat, a megb\u00edzhat\u00f3 \u00fcgyf\u00e9lszolg\u00e1latot \u00e9s a gyors kisz\u00e1ll\u00edt\u00e1st. Kereskedelmi \u00fcgyfelek sz\u00e1m\u00e1ra ez megb\u00edzhat\u00f3 BUG 30K kett\u0151s \u00edz\u0171, kapcsolhat\u00f3 RGB vape nagykereskedelmi ell\u00e1t\u00e1st, biztons\u00e1gos fizet\u00e9si m\u00f3dokat \u00e9s k\u00e9nyelmes hib\u00e1s term\u00e9kek visszak\u00fcld\u00e9si szolg\u00e1ltat\u00e1s\u00e1t jelenti. L\u00e9pjen kapcsolatba vel\u00fcnk, hogy val\u00f3ban felhaszn\u00e1l\u00f3bar\u00e1t eszk\u00f6zt biztos\u00edthassunk \u00fcgyfelei sz\u00e1m\u00e1ra.<\/p>\n<p><script src=\"chrome-extension:\/\/fpelahbljekknahkcaegamhcndkfpfnc\/iFrame.js\" type=\"text\/javascript\"><\/script><\/p>","protected":false},"excerpt":{"rendered":"<p>&nbsp;<\/p>\n<p><script src=\"chrome-extension:\/\/fpelahbljekknahkcaegamhcndkfpfnc\/iFrame.js\" type=\"text\/javascript\"><\/script><\/p>\n<p><script src=\"chrome-extension:\/\/fpelahbljekknahkcaegamhcndkfpfnc\/iFrame.js\" type=\"text\/javascript\"><\/script><\/p>\n<p><script src=\"chrome-extension:\/\/fpelahbljekknahkcaegamhcndkfpfnc\/iFrame.js\" type=\"text\/javascript\"><\/script><\/p>\n<p><script src=\"chrome-extension:\/\/fpelahbljekknahkcaegamhcndkfpfnc\/iFrame.js\" type=\"text\/javascript\"><\/script><\/p>\n<p><script src=\"chrome-extension:\/\/fpelahbljekknahkcaegamhcndkfpfnc\/iFrame.js\" type=\"text\/javascript\"><\/script><\/p>\n<p><script src=\"chrome-extension:\/\/fpelahbljekknahkcaegamhcndkfpfnc\/iFrame.js\" type=\"text\/javascript\"><\/script><\/p>\n<p><script src=\"chrome-extension:\/\/fpelahbljekknahkcaegamhcndkfpfnc\/iFrame.js\" type=\"text\/javascript\"><\/script><\/p>\n<p><script src=\"chrome-extension:\/\/fpelahbljekknahkcaegamhcndkfpfnc\/iFrame.js\" type=\"text\/javascript\"><\/script><\/p>\n<p><script src=\"chrome-extension:\/\/fpelahbljekknahkcaegamhcndkfpfnc\/iFrame.js\" type=\"text\/javascript\"><\/script><\/p>\n<p><script src=\"chrome-extension:\/\/fpelahbljekknahkcaegamhcndkfpfnc\/iFrame.js\" type=\"text\/javascript\"><\/script><\/p>\n<p><script src=\"chrome-extension:\/\/fpelahbljekknahkcaegamhcndkfpfnc\/iFrame.js\" type=\"text\/javascript\"><\/script><\/p>\n<p><script src=\"chrome-extension:\/\/fpelahbljekknahkcaegamhcndkfpfnc\/iFrame.js\" type=\"text\/javascript\"><\/script><\/p>","protected":false},"featured_media":16926,"comment_status":"open","ping_status":"closed","template":"","meta":[],"product_brand":[230],"product_cat":[124,185,189,157,195,174,175,193,191,173,186,180,190],"product_tag":[],"class_list":{"0":"post-16901","1":"product","2":"type-product","3":"status-publish","4":"has-post-thumbnail","6":"product_brand-bug","7":"product_cat-vape-by-brand","8":"product_cat-10000-puffs-high-capacity","9":"product_cat-20mg-standard-nicotine-vapes","10":"product_cat-bug","11":"product_cat-dual-flavor-switch","12":"product_cat-fruit-flavors","13":"product_cat-icy-mint","14":"product_cat-mesh-coil","15":"product_cat-rechargeable-disposables","16":"product_cat-vape-by-flavor-profile","17":"product_cat-vape-by-nicotine-strength","18":"product_cat-vape-by-puff-count","19":"product_cat-vape-by-feature-or-type","21":"first","22":"onbackorder","23":"shipping-taxable","24":"purchasable","25":"product-type-variable","26":"has-default-attributes"},"tiered_pricing_type":"percentage","tiered_pricing_fixed_rules":[],"tiered_pricing_product_settings":{"layout":"default","base_unit_name":{"singular":null,"plural":null},"default_variation":null},"tiered_pricing_minimum_quantity":10,"tiered_pricing_roles_data":[],"tiered_pricing_percentage_rules":{"30":"29","50":"35","100":"40","200":"44","500":"47","1000":"49"},"tiered_pricing_maximum_quantity":null,"tiered_pricing_quantity_step":"10","_links":{"self":[{"href":"https:\/\/agoravape.com\/hu\/wp-json\/wp\/v2\/product\/16901","targetHints":{"allow":["GET"]}}],"collection":[{"href":"https:\/\/agoravape.com\/hu\/wp-json\/wp\/v2\/product"}],"about":[{"href":"https:\/\/agoravape.com\/hu\/wp-json\/wp\/v2\/types\/product"}],"replies":[{"embeddable":true,"href":"https:\/\/agoravape.com\/hu\/wp-json\/wp\/v2\/comments?post=16901"}],"version-history":[{"count":0,"href":"https:\/\/agoravape.com\/hu\/wp-json\/wp\/v2\/product\/16901\/revisions"}],"wp:featuredmedia":[{"embeddable":true,"href":"https:\/\/agoravape.com\/hu\/wp-json\/wp\/v2\/media\/16926"}],"wp:attachment":[{"href":"https:\/\/agoravape.com\/hu\/wp-json\/wp\/v2\/media?parent=16901"}],"wp:term":[{"taxonomy":"product_brand","embeddable":true,"href":"https:\/\/agoravape.com\/hu\/wp-json\/wp\/v2\/product_brand?post=16901"},{"taxonomy":"product_cat","embeddable":true,"href":"https:\/\/agoravape.com\/hu\/wp-json\/wp\/v2\/product_cat?post=16901"},{"taxonomy":"product_tag","embeddable":true,"href":"https:\/\/agoravape.com\/hu\/wp-json\/wp\/v2\/product_tag?post=16901"}],"curies":[{"name":"wp","href":"https:\/\/api.w.org\/{rel}","templated":true}]}}