{"id":16942,"date":"2025-10-18T10:26:29","date_gmt":"2025-10-18T02:26:29","guid":{"rendered":"https:\/\/green-grasshopper-921422.hostingersite.com\/?post_type=product&#038;p=16942"},"modified":"2026-03-31T04:20:48","modified_gmt":"2026-03-31T02:20:48","slug":"bangbox-80000-puffs-tripla-iz-vape","status":"publish","type":"product","link":"https:\/\/agoravape.com\/hu\/product\/bangbox-80000-puffs-triple-flavor-vape\/","title":{"rendered":"BANGBOX 80K Puffs Triple Flavor &amp; Triple Coil Vape | Nagy kapacit\u00e1s, egyszer\u0171 mindennapi haszn\u00e1lat"},"content":{"rendered":"<h2 data-v-md-heading=\"what-is-the-bangbox-80k-triple-flavored-three-coil-vape-like\" data-v-md-line=\"3\"><img loading=\"lazy\" decoding=\"async\" class=\"aligncenter size-full wp-image-16961\" src=\"https:\/\/agoravape.com\/wp-content\/uploads\/2025\/10\/BANGBOX-80K-Puffs-Triple-Flavor-Triple-Coil-Vape_Agora_vape-6.webp\" alt=\"\" width=\"800\" height=\"1605\" srcset=\"https:\/\/agoravape.com\/wp-content\/uploads\/2025\/10\/BANGBOX-80K-Puffs-Triple-Flavor-Triple-Coil-Vape_Agora_vape-6.webp 800w, https:\/\/agoravape.com\/wp-content\/uploads\/2025\/10\/BANGBOX-80K-Puffs-Triple-Flavor-Triple-Coil-Vape_Agora_vape-6-150x300.webp 150w, https:\/\/agoravape.com\/wp-content\/uploads\/2025\/10\/BANGBOX-80K-Puffs-Triple-Flavor-Triple-Coil-Vape_Agora_vape-6-510x1024.webp 510w, https:\/\/agoravape.com\/wp-content\/uploads\/2025\/10\/BANGBOX-80K-Puffs-Triple-Flavor-Triple-Coil-Vape_Agora_vape-6-768x1541.webp 768w, https:\/\/agoravape.com\/wp-content\/uploads\/2025\/10\/BANGBOX-80K-Puffs-Triple-Flavor-Triple-Coil-Vape_Agora_vape-6-766x1536.webp 766w\" sizes=\"auto, (max-width: 800px) 100vw, 800px\" \/><\/h2>\n<h2 data-v-md-heading=\"what-is-the-bangbox-80k-triple-flavored-three-coil-vape-like\" data-v-md-line=\"3\">Milyen a BANGBOX 80K tripla \u00edzes\u00edt\u00e9s\u0171, h\u00e1rom tekercses vape?<\/h2>\n<p data-v-md-line=\"4\">Ha eleged van az eldobhat\u00f3, t\u00fal sok \u00fczemanyagot fogyaszt\u00f3 vape-ekb\u0151l, \u00e9rdemes lehet megn\u00e9zned ezt a term\u00e9ket. A BANGBOX 80K ak\u00e1r 80 000 slukk kapacit\u00e1ssal rendelkezik, \u00e9s 60 milliliteres ultra nagy kapacit\u00e1s\u00fa e-folyad\u00e9kkal van felszerelve, \u00edgy k\u00f6nnyed\u00e9n \u00e9lvezheted a hossz\u00fa akkumul\u00e1tor-\u00fczemid\u0151t. H\u00e1rom \u00edzt egyes\u00edt egyben, \u00edgy t\u00f6k\u00e9letes azok sz\u00e1m\u00e1ra, akik szeretik keverni \u0151ket a nap folyam\u00e1n.<\/p>\n<p data-v-md-line=\"6\">Azok sz\u00e1m\u00e1ra, akik megb\u00edzhat\u00f3 teljes\u00edtm\u00e9nyre \u00e9s gazdag \u00edzre v\u00e1gynak an\u00e9lk\u00fcl, hogy a be\u00e1ll\u00edt\u00e1ssal kellene bajl\u00f3dniuk, ide\u00e1lis v\u00e1laszt\u00e1s. A j\u00f3l \u00e1ttekinthet\u0151 e-folyad\u00e9k \u00e9s akkumul\u00e1tor t\u00f6lt\u00f6tts\u00e9gi szintj\u00e9nek kijelz\u0151je lehet\u0151v\u00e9 teszi, hogy b\u00e1rmikor nyomon k\u00f6vethesse az \u00e1llapotot tal\u00e1lgat\u00e1s n\u00e9lk\u00fcl.<\/p>\n<h2 data-v-md-heading=\"excellent-performance-easy-and-convenient\" data-v-md-line=\"8\">Kiv\u00e1l\u00f3 teljes\u00edtm\u00e9ny, egyszer\u0171 \u00e9s k\u00e9nyelmes<\/h2>\n<p data-v-md-line=\"9\">A k\u00e9sz\u00fcl\u00e9k lelke a tripla h\u00e1l\u00f3s tekercses technol\u00f3gia. Ez\u00e9rt az e-liquid \u00edze az els\u0151 kortyt\u00f3l az utols\u00f3ig \u00e1lland\u00f3 marad. Amikor az akkumul\u00e1tor lemer\u00fcl, a szabv\u00e1nyos Type-C csatlakoz\u00f3n kereszt\u00fcl t\u00f6lthet\u0151, amely ugyanaz a k\u00e1bel, amelyet a legt\u00f6bb telefon haszn\u00e1l. Nagyon k\u00e9nyelmes a haszn\u00e1lata.<\/p>\n<h2 data-v-md-heading=\"specification-introduction\" data-v-md-line=\"11\">Specifik\u00e1ci\u00f3 Bevezet\u00e9s<\/h2>\n<ul data-v-md-line=\"12\">\n<li>Suction frequency: up to 80000 times<\/li>\n<li>Nicotine content: 0%, 2%, 3%, 5%<\/li>\n<li>M\u0171k\u00f6d\u00e9si elv: Egyetlen f\u00faj\u00e1ssal aktiv\u00e1lhat\u00f3<\/li>\n<li>T\u00f6lt\u00e9s: C t\u00edpus\u00fa USB csatlakoz\u00f3<\/li>\n<li>\u00c1llapot: Kicsomagol\u00e1s ut\u00e1n azonnal haszn\u00e1lhat\u00f3<\/li>\n<li>E-folyad\u00e9k \u00e9s akkumul\u00e1tor kijelz\u0151: a k\u00e9sz\u00fcl\u00e9k be\u00e9p\u00edtett jelz\u0151f\u00e9nye<\/li>\n<li>E-folyad\u00e9k kapacit\u00e1sa: 60 milliliter<\/li>\n<li>Porlaszt\u00e1si mag: H\u00e1romszoros h\u00e1l\u00f3s porlaszt\u00e1si mag, 0,8 ohm<\/li>\n<li>Akkumul\u00e1tor: 17350 cella, 850mAh, tiszta kobalt akkumul\u00e1tor, 5A kis\u00fct\u00e9si \u00e1ram<\/li>\n<li>M\u00e9ret \u00e9s s\u00faly: 46 \u00d7 46 \u00d7 128 millim\u00e9ter, 135 gramm<\/li>\n<\/ul>\n<h2 data-v-md-heading=\"full-flavor-series\" data-v-md-line=\"23\">Teljes \u00edz\u0171 sorozat<\/h2>\n<p data-v-md-line=\"24\">Minden \u00edz h\u00e1rom \u00edzkombin\u00e1ci\u00f3t k\u00edn\u00e1lhat:<\/p>\n<ul data-v-md-line=\"25\">\n<li>Eper-ban\u00e1n+m\u00e1lna-g\u00f6r\u00f6gdinnye+szerelem 666<\/li>\n<li>Tr\u00f3pusi gy\u00fcm\u00f6lcs+eper, g\u00f6r\u00f6gdinnye+citrom, \u0151szibarack<\/li>\n<li>Epres-van\u00edli\u00e1s k\u00f3la+savany\u00fa alma m\u00e1lna+citrom-lime<\/li>\n<li>Dupla sz\u0151l\u0151+eper-mang\u00f3+\u00e1fonya-savany\u00fa m\u00e1lnafagylalt<\/li>\n<li>G\u00f6r\u00f6gdinnyefagylalt + Eperfagylalt + Tripla dinnye<\/li>\n<li>Citromos k\u00f3lasz\u00f3da + g\u00f6r\u00f6gdinnye r\u00e1g\u00f3gumi + fekete s\u00e1rk\u00e1ny j\u00e9g<\/li>\n<li>Tripla bogy\u00f3s j\u00e9g + mang\u00f3-\u0151szibarack + eper-kivi<\/li>\n<li>Epres-fagylalt + Epres-G\u00f6r\u00f6gdinnye + Anan\u00e1szos-Mang\u00f3s-\u0150szibarackos<\/li>\n<li>Anan\u00e1szos k\u00f3kusz + Eperfagylalt + \u00c1fony\u00e1s fagylalt<\/li>\n<li>Citrom, lime, mang\u00f3, \u0151szibarack, g\u00f6r\u00f6gdinnye \u00e9s \u00e1fonyafagylalt<\/li>\n<li>G\u00f6r\u00f6gdinnyefagylalt + Red Bull + Eper-kivi<\/li>\n<li>Epres-kivi+savany\u00fa anan\u00e1sz+epres Red Bull<\/li>\n<\/ul>\n<h2 data-v-md-heading=\"for-you-and-your-business\" data-v-md-line=\"38\">\u00d6nnek \u00e9s v\u00e1llalkoz\u00e1s\u00e1nak<\/h2>\n<p data-v-md-line=\"39\">A BANGBOX 80K dobozokat megv\u00e1s\u00e1rolhatod szem\u00e9lyes haszn\u00e1latra, vagy beszerezheted az \u00fczletedbe. Nagykereskedelmi kiszerel\u00e9sben, 10 darabos dobozban, k\u00e9nyelmesen t\u00e1rolhat\u00f3 kiskereskedelmi polcokon \u00e9s online kisz\u00e1ll\u00edt\u00e1ssal. Nagyobb kisz\u00e1ll\u00edt\u00e1si mennyis\u00e9g eset\u00e9n v\u00e1laszthatsz 100 darabos kis kartondobozok vagy 200 darabos nagy kartondobozok k\u00f6z\u00fcl.<\/p>\n<p data-v-md-line=\"41\">Megb\u00edzhat\u00f3 partnereken, p\u00e9ld\u00e1ul UPS-en, DPD-n \u00e9s DHL-en kereszt\u00fcl sz\u00e1ll\u00edtunk, v\u00e1mfizet\u00e9s ellen\u00e9ben (DDP), Eur\u00f3pa-szerte, \u00edgy a v\u00e1mtarif\u00e1kat el\u0151re feldolgozhatjuk, \u00e9s nem mer\u00fclhetnek fel v\u00e1ratlan v\u00e1mprobl\u00e9m\u00e1k. A megrendel\u00e9sek nyomon k\u00f6vethet\u0151k \u00e9s biztons\u00e1gosan kisz\u00e1ll\u00edthat\u00f3k.<\/p>\n<h2 data-v-md-heading=\"why-do-you-like-it\" data-v-md-line=\"43\">Mi\u00e9rt tetszik?<\/h2>\n<ul data-v-md-line=\"44\">\n<li>T\u00f6meges doh\u00e1nyz\u00e1s: A f\u00fcstpatronokkal cs\u00f6kkentheti az ut\u00e1nt\u00f6lt\u00e9sek sz\u00e1m\u00e1t, \u00edgy id\u0151t \u00e9s energi\u00e1t takar\u00edthat meg.<\/li>\n<li>Nikotintartalom kiv\u00e1laszt\u00e1sa: V\u00e1lasszon 0%, 2%, 3% vagy 5% nikotintartalmat az \u00d6n preferenci\u00e1i szerint.<\/li>\n<li>\u00dajrat\u00f6lthet\u0151: A C t\u00edpus\u00fa t\u00f6lt\u00e9s lehet\u0151v\u00e9 teszi, hogy 60 ml e-folyad\u00e9kot haszn\u00e1lj fel pazarl\u00e1s n\u00e9lk\u00fcl.<\/li>\n<li>H\u00e1l\u00f3s tekercs: H\u00e1rmas h\u00e1l\u00f3s kialak\u00edt\u00e1s, amely stabil \u00edzt \u00e9s kiel\u00e9g\u00edt\u0151 \u00edzt biztos\u00edt.<\/li>\n<li>\u00c1tl\u00e1tsz\u00f3 jelz\u0151f\u00e9nyek: Az akkumul\u00e1tor \u00e9s az e-folyad\u00e9k kijelz\u0151je jelzi, ha t\u00f6lteni vagy cser\u00e9lni kell.<\/li>\n<li>H\u00e1rom \u00edz egyben: \u00c9lvezze a t\u00f6bb \u00edzt an\u00e9lk\u00fcl, hogy t\u00f6bb eszk\u00f6zt kellene mag\u00e1val cipelnie.<\/li>\n<\/ul>\n<h2 data-v-md-heading=\"why-choose-to-collaborate-with-agoravape\" data-v-md-line=\"51\">Mi\u00e9rt \u00e9rdemes az AgoraVape-pel egy\u00fcttm\u0171k\u00f6dni?<\/h2>\n<p data-v-md-line=\"52\">100%-ban eredeti berendez\u00e9seket v\u00e1s\u00e1rolunk \u00e9s \u00e9rt\u00e9kes\u00edt\u00fcnk, valamint szil\u00e1rd technikai t\u00e1mogat\u00e1st ny\u00fajtunk. Kereskedelmi \u00fcgyfeleink kedvezm\u00e9nyes nagykereskedelmi \u00e1rakat, gyors, ad\u00f3k\u00f6teles sz\u00e1ll\u00edt\u00e1st \u00e9s megb\u00edzhat\u00f3 szolg\u00e1ltat\u00e1st \u00e9lvezhetnek a BANGBOX 80K Puffs tripla \u00edzes\u00edt\u00e9s\u0171, h\u00e1rom tekercses vape-ek eset\u00e9ben. Ha nagy kapacit\u00e1s\u00fa, magas v\u00e1s\u00e1rl\u00f3i ar\u00e1nnyal rendelkez\u0151 k\u00e9sz\u00fcl\u00e9ket szeretne v\u00e1s\u00e1rolni, k\u00e9rj\u00fck, vegye fel vel\u00fcnk a kapcsolatot.<\/p>","protected":false},"excerpt":{"rendered":"<p>&nbsp;<\/p>","protected":false},"featured_media":16960,"comment_status":"open","ping_status":"closed","template":"","meta":[],"product_brand":[231],"product_cat":[124,187,185,189,158,195,174,175,193,191,173,186,180,190,192],"product_tag":[],"class_list":{"0":"post-16942","1":"product","2":"type-product","3":"status-publish","4":"has-post-thumbnail","6":"product_brand-bang-box","7":"product_cat-vape-by-brand","8":"product_cat-0mg-nicotine-free-vapes","9":"product_cat-10000-puffs-high-capacity","10":"product_cat-20mg-standard-nicotine-vapes","11":"product_cat-bang-box","12":"product_cat-dual-flavor-switch","13":"product_cat-fruit-flavors","14":"product_cat-icy-mint","15":"product_cat-mesh-coil","16":"product_cat-rechargeable-disposables","17":"product_cat-vape-by-flavor-profile","18":"product_cat-vape-by-nicotine-strength","19":"product_cat-vape-by-puff-count","20":"product_cat-vape-by-feature-or-type","21":"product_cat-vapes-with-screens","23":"first","24":"instock","25":"shipping-taxable","26":"purchasable","27":"product-type-variable","28":"has-default-attributes"},"tiered_pricing_type":"percentage","tiered_pricing_fixed_rules":[],"tiered_pricing_product_settings":{"layout":"default","base_unit_name":{"singular":null,"plural":null},"default_variation":null},"tiered_pricing_minimum_quantity":10,"tiered_pricing_roles_data":[],"tiered_pricing_percentage_rules":{"30":"29","50":"35","100":"40","200":"44","500":"47","1000":"49"},"tiered_pricing_maximum_quantity":null,"tiered_pricing_quantity_step":"10","_links":{"self":[{"href":"https:\/\/agoravape.com\/hu\/wp-json\/wp\/v2\/product\/16942","targetHints":{"allow":["GET"]}}],"collection":[{"href":"https:\/\/agoravape.com\/hu\/wp-json\/wp\/v2\/product"}],"about":[{"href":"https:\/\/agoravape.com\/hu\/wp-json\/wp\/v2\/types\/product"}],"replies":[{"embeddable":true,"href":"https:\/\/agoravape.com\/hu\/wp-json\/wp\/v2\/comments?post=16942"}],"version-history":[{"count":1,"href":"https:\/\/agoravape.com\/hu\/wp-json\/wp\/v2\/product\/16942\/revisions"}],"predecessor-version":[{"id":29818,"href":"https:\/\/agoravape.com\/hu\/wp-json\/wp\/v2\/product\/16942\/revisions\/29818"}],"wp:featuredmedia":[{"embeddable":true,"href":"https:\/\/agoravape.com\/hu\/wp-json\/wp\/v2\/media\/16960"}],"wp:attachment":[{"href":"https:\/\/agoravape.com\/hu\/wp-json\/wp\/v2\/media?parent=16942"}],"wp:term":[{"taxonomy":"product_brand","embeddable":true,"href":"https:\/\/agoravape.com\/hu\/wp-json\/wp\/v2\/product_brand?post=16942"},{"taxonomy":"product_cat","embeddable":true,"href":"https:\/\/agoravape.com\/hu\/wp-json\/wp\/v2\/product_cat?post=16942"},{"taxonomy":"product_tag","embeddable":true,"href":"https:\/\/agoravape.com\/hu\/wp-json\/wp\/v2\/product_tag?post=16942"}],"curies":[{"name":"wp","href":"https:\/\/api.w.org\/{rel}","templated":true}]}}