{"id":16963,"date":"2025-10-18T10:42:20","date_gmt":"2025-10-18T02:42:20","guid":{"rendered":"https:\/\/green-grasshopper-921422.hostingersite.com\/?post_type=product&#038;p=16963"},"modified":"2026-03-31T04:20:47","modified_gmt":"2026-03-31T02:20:47","slug":"bangbox-50000-puffs-dual-aroma-vape","status":"publish","type":"product","link":"https:\/\/agoravape.com\/hu\/product\/bangbox-50000-puffs-dual-flavor-vape\/","title":{"rendered":"BANGBOX 50K Puffs Dual Flavor Dual Coil Vape Online | K\u00e9t \u00edz. Nagy szippant\u00e1ssz\u00e1m. K\u00f6nny\u0171 t\u00f6lt\u00e9s."},"content":{"rendered":"<h2 data-v-md-heading=\"what-are-the-special-features-of-online-purchase-of-bangbox-50k-dual-flavor-dual-coil-vape\" data-v-md-line=\"3\"><img loading=\"lazy\" decoding=\"async\" class=\"aligncenter size-full wp-image-16977\" src=\"https:\/\/agoravape.com\/wp-content\/uploads\/2025\/10\/BANGBOX-50K-Puffs-Dual-Flavor-Dual-Coil-Vape-Online_Agora_vape-1.webp\" alt=\"\" width=\"2000\" height=\"900\" srcset=\"https:\/\/agoravape.com\/wp-content\/uploads\/2025\/10\/BANGBOX-50K-Puffs-Dual-Flavor-Dual-Coil-Vape-Online_Agora_vape-1.webp 2000w, https:\/\/agoravape.com\/wp-content\/uploads\/2025\/10\/BANGBOX-50K-Puffs-Dual-Flavor-Dual-Coil-Vape-Online_Agora_vape-1-1200x540.webp 1200w, https:\/\/agoravape.com\/wp-content\/uploads\/2025\/10\/BANGBOX-50K-Puffs-Dual-Flavor-Dual-Coil-Vape-Online_Agora_vape-1-300x135.webp 300w, https:\/\/agoravape.com\/wp-content\/uploads\/2025\/10\/BANGBOX-50K-Puffs-Dual-Flavor-Dual-Coil-Vape-Online_Agora_vape-1-1024x461.webp 1024w, https:\/\/agoravape.com\/wp-content\/uploads\/2025\/10\/BANGBOX-50K-Puffs-Dual-Flavor-Dual-Coil-Vape-Online_Agora_vape-1-768x346.webp 768w, https:\/\/agoravape.com\/wp-content\/uploads\/2025\/10\/BANGBOX-50K-Puffs-Dual-Flavor-Dual-Coil-Vape-Online_Agora_vape-1-1536x691.webp 1536w\" sizes=\"auto, (max-width: 2000px) 100vw, 2000px\" \/><\/h2>\n<h2 data-v-md-heading=\"what-are-the-special-features-of-online-purchase-of-bangbox-50k-dual-flavor-dual-coil-vape\" data-v-md-line=\"3\">Milyen k\u00fcl\u00f6nleges tulajdons\u00e1gai vannak a BANGBOX 50K dupla \u00edz\u0171, dupla tekercses vape online v\u00e1s\u00e1rl\u00e1s\u00e1nak?<\/h2>\n<p data-v-md-line=\"4\">Ha eleged van abb\u00f3l, hogy az \u00edzl\u00e9sed megv\u00e1ltoztat\u00e1s\u00e1hoz eszk\u00f6z\u00f6ket kell v\u00e1ltanod, ez a term\u00e9k kiel\u00e9g\u00edti az ig\u00e9nyeidet. A BANGBOX k\u00e9t \u00edzt integr\u00e1l egy tart\u00f3s, eldobhat\u00f3 vape-be, \u00edgy k\u00f6nnyen cser\u00e9lheted an\u00e9lk\u00fcl, hogy tartal\u00e9k vape-et magaddal vinn\u00e9l. Az akkumul\u00e1tor \u00e9lettartama ak\u00e1r 50 000 egys\u00e9g, \u00e9s a j\u00f3l l\u00e1that\u00f3 akkumul\u00e1tor- \u00e9s e-folyad\u00e9k-jelz\u0151k seg\u00edts\u00e9g\u00e9vel mindig t\u00e1j\u00e9koztatnak az aktu\u00e1lis \u00e1llapotr\u00f3l.<\/p>\n<p data-v-md-line=\"6\">Ha egy egyszer\u0171 \u00e9s k\u00f6nnyen haszn\u00e1lhat\u00f3 vape-re v\u00e1gysz stabil \u00edzzel, men\u00fck vagy neh\u00e9zkes gombok n\u00e9lk\u00fcl, ez a term\u00e9k az ide\u00e1lis v\u00e1laszt\u00e1s. A dupla h\u00e1l\u00f3s tekercs er\u0151s \u00edzt biztos\u00edt, az akkumul\u00e1tor pedig egy szabv\u00e1nyos Type-C k\u00e1bellel t\u00f6lthet\u0151. Nincs sz\u00fcks\u00e9g f\u00e1raszt\u00f3 m\u0171veletekre.<\/p>\n<h2 data-v-md-heading=\"excellent-performance-easy-and-convenient\" data-v-md-line=\"8\">Kiv\u00e1l\u00f3 teljes\u00edtm\u00e9ny, egyszer\u0171 \u00e9s k\u00e9nyelmes<\/h2>\n<p data-v-md-line=\"9\">A BANGBOX 0,8 \u03a9-os dupla h\u00e1l\u00f3s tekercsekkel van felszerelve, amelyek mindig \u00e1lland\u00f3 \u00edzt biztos\u00edtanak. A h\u00e9t fele m\u00e1r eltelt, \u00e9s m\u00e9g mindig nincs \u00e9gett szag. C t\u00edpus\u00fa interf\u00e9szen kereszt\u00fcl t\u00f6lthet\u0151, \u00edgy a telefonodhoz haszn\u00e1lt t\u00f6lt\u0151k\u00e1belnek is m\u0171k\u00f6dnie kell. A k\u00e9sz\u00fcl\u00e9k kijelzi az akkumul\u00e1tor t\u00f6lt\u00f6tts\u00e9gi szintj\u00e9t \u00e9s az akkumul\u00e1tor \u00e1llapot\u00e1t, \u00edgy nem kell eg\u00e9sz nap tal\u00e1lgatnod. Azt gondolhatod, hogy egy ekkora sz\u00e1jsz\u00e1m\u00fa vape-nek nagyszer\u0171 \u00e9rz\u00e9st kell adnia, de m\u00e9gis nagyon k\u00e9nyelmes k\u00e9zben tartani, \u00e9s k\u00f6nnyen zsebre tehet\u0151.<\/p>\n<h2 data-v-md-heading=\"specification-introduction\" data-v-md-line=\"11\">Specifik\u00e1ci\u00f3 Bevezet\u00e9s<\/h2>\n<ul data-v-md-line=\"12\">\n<li>Sz\u00edv\u00e1si gyakoris\u00e1g: ak\u00e1r 50000-szer<\/li>\n<li>Nikotintartalom: 0%, 2%, 3%, 5% (a konkr\u00e9t ell\u00e1t\u00e1s a helyi el\u0151\u00edr\u00e1sokt\u00f3l f\u00fcgg)<\/li>\n<li>E-folyad\u00e9k kapacit\u00e1sa: 45 milliliter<\/li>\n<li>Porlaszt\u00f3 mag: 0,8 \u03a9 dupla h\u00e1l\u00f3s tekercs<\/li>\n<li>Akkumul\u00e1tor: 17350 tiszta kobalt cella, 850mAh, 5A kis\u00fct\u00e9si \u00e1ram<\/li>\n<li>Kijelz\u0151: akkumul\u00e1tor t\u00f6lt\u00f6tts\u00e9gi szintj\u00e9nek \u00e9s e-folyad\u00e9k jelz\u0151<\/li>\n<li>M\u0171k\u00f6d\u00e9si elv: Bel\u00e9gz\u00e9ssel aktiv\u00e1lhat\u00f3<\/li>\n<li>T\u00f6lt\u00e9s: C t\u00edpus\u00fa USB csatlakoz\u00f3<\/li>\n<li>\u00c1llapot: Kicsomagol\u00e1s ut\u00e1n haszn\u00e1latra k\u00e9sz<\/li>\n<\/ul>\n<h2 data-v-md-heading=\"multiple-flavor-options\" data-v-md-line=\"22\">T\u00f6bb \u00edzes\u00edt\u00e9si lehet\u0151s\u00e9g<\/h2>\n<ul data-v-md-line=\"23\">\n<li>Eper-kiwi \u00e9s dupla sz\u0151l\u0151 \u00edzek<\/li>\n<li>Anan\u00e1sz, Mang\u00f3, \u0150szibarack \u00e9s Eper, Meggy \u00edzekben<\/li>\n<li>\u0150szibarackl\u00e9 \u00e9s \u00e1fony\u00e1s-citromos v\u00edz \u00edzes\u00edt\u00e9ssel<\/li>\n<li>\u00c1fony\u00e1s j\u00e9g \u00e9s citromos k\u00f3lasz\u00f3da \u00edzek<\/li>\n<li>\u00c1fony\u00e1s-savany\u00fa m\u00e1lnafagylalt \u00e9s vegyes gy\u00fcm\u00f6lcs\u00edzek<\/li>\n<li>\u00c1fony\u00e1s j\u00e9g \u00e9s citromos lime \u00edzek<\/li>\n<li>G\u00f6r\u00f6gdinnye r\u00e1g\u00f3gumi \u00e9s eper \u00edz\u0171 g\u00f6r\u00f6gdinnye \u00edz\u0171<\/li>\n<li>Red Bull G\u00f6r\u00f6gdinnye Ice<\/li>\n<li>Alma, k\u00f6rte, kivi, maracuja, guava \u00edz<\/li>\n<li>Black Dragon Ice Mang \u0150szibarack G\u00f6r\u00f6gdinnye \u00cdz<\/li>\n<li>Eper-M\u00e1lna Cukor LOVE66 \u00cdz<\/li>\n<li>Epres j\u00e9g maracuja \u00edz\u0171<\/li>\n<\/ul>\n<h2 data-v-md-heading=\"for-you-and-for-your-business-as-well\" data-v-md-line=\"36\">Neked, \u00e9s a v\u00e1llalkoz\u00e1sodnak is<\/h2>\n<p data-v-md-line=\"37\">V\u00e1laszthat szem\u00e9lyes haszn\u00e1latra, vagy beszerezhet \u00e1ruh\u00e1zi k\u00e9szletet. Nagykereskedelmi dobozos kiszerel\u00e9s, dobozonk\u00e9nt 10 darab. Nagyobb mennyis\u00e9g v\u00e1s\u00e1rl\u00e1sa eset\u00e9n kartoncsomagol\u00e1st is k\u00edn\u00e1lunk. V\u00e1laszthat kis kartondobozokat, amelyek egyenk\u00e9nt 100 darabot tartalmaznak, \u00e9s k\u00f6r\u00fclbel\u00fcl 15 kilogrammot nyomnak; vagy nagy kartondobozokat, amelyek egyenk\u00e9nt 200 darabot tartalmaznak, \u00e9s k\u00f6r\u00fclbel\u00fcl 29 kilogrammot nyomnak.<\/p>\n<p data-v-md-line=\"39\">Megb\u00edzhat\u00f3 partnereken, p\u00e9ld\u00e1ul UPS-en, DPD-n \u00e9s DHL-en kereszt\u00fcl sz\u00e1ll\u00edtunk DDP (Delivered Duty Paid) alapon Eur\u00f3pa-szerte, \u00edgy a v\u00e1mok el\u0151zetesen feldolgozhat\u00f3k. A nyomon k\u00f6vet\u00e9s \u00e9s a gondos csomagol\u00e1s biztos\u00edtja az \u00e1ruk z\u00f6kken\u0151mentes k\u00e9zbes\u00edt\u00e9s\u00e9t \u00e9s elker\u00fcli a v\u00e1mbaleseteket.<\/p>\n<p data-v-md-line=\"41\">Megfelel\u0151s\u00e9gi nyilatkozat: A 0%-os \u00e9s 2%-os nikotintartalom a TPD\/TRRP \u00e1ltal szab\u00e1lyozott piacokon alkalmazhat\u00f3. A magasabb nikotinkoncentr\u00e1ci\u00f3k csak a helyi t\u00f6rv\u00e9nyek \u00e9rtelm\u00e9ben \u00e9rhet\u0151k el. A k\u00edn\u00e1lat orsz\u00e1gonk\u00e9nt\/r\u00e9gi\u00f3nk\u00e9nt elt\u00e9r\u0151 lehet.<\/p>\n<h2 data-v-md-heading=\"why-do-you-like-it\" data-v-md-line=\"43\">Mi\u00e9rt tetszik?<\/h2>\n<ul data-v-md-line=\"44\">\n<li>Hatalmas sz\u00edv\u00f3er\u0151: ak\u00e1r 50 000 f\u00faj\u00e1s, ami kevesebb ism\u00e9telt rendel\u00e9st \u00e9s gondot jelent.<\/li>\n<li>K\u00e9t \u00edz k\u00f6z\u00fcl v\u00e1laszthatsz: Nem kell k\u00e9t vape-t cipelned az \u00edzek v\u00e1lt\u00e1s\u00e1hoz.<\/li>\n<li>Nikotinkoncentr\u00e1ci\u00f3 kiv\u00e1laszt\u00e1sa: V\u00e1lasszon olyan koncentr\u00e1ci\u00f3t, amely megfelel az \u00d6n preferenci\u00e1inak \u00e9s a helyi el\u0151\u00edr\u00e1soknak.<\/li>\n<li>\u00dajrat\u00f6lthet\u0151: A C t\u00edpus\u00fa t\u00f6lt\u00e9s seg\u00edt mind a 45 milliliternyi e-folyad\u00e9k felhaszn\u00e1l\u00e1s\u00e1ban.<\/li>\n<li>H\u00e1l\u00f3s tekercs: Dupla 0,8 \u03a9-os tekercsek, az els\u0151 ny\u00edl\u00e1st\u00f3l az utols\u00f3ig, a stabil \u00edz fenntart\u00e1sa \u00e9rdek\u00e9ben.<\/li>\n<li>\u00c1tl\u00e1tsz\u00f3 jelz\u0151f\u00e9nyek: az akkumul\u00e1tor \u00e9s az e-folyad\u00e9k szintje egy pillant\u00e1ssal leolvashat\u00f3, elker\u00fclve a sz\u00e1raz sz\u00edv\u00e1st.<\/li>\n<\/ul>\n<h2 data-v-md-heading=\"why-choose-agoravape\" data-v-md-line=\"51\">Mi\u00e9rt v\u00e1lassza az AgoraVape-et?<\/h2>\n<p data-v-md-line=\"52\">Kiz\u00e1r\u00f3lag 100%-ban eredeti term\u00e9keket sz\u00e1ll\u00edtunk k\u00f6zvetlen\u00fcl ellen\u0151rz\u00f6tt besz\u00e1ll\u00edt\u00f3kt\u00f3l. A BANGBOX 50000 dupla \u00edzes\u00edt\u00e9s\u0171, dupla tekercses vape-eket v\u00e1s\u00e1rl\u00f3 v\u00e1llalati v\u00e1s\u00e1rl\u00f3k kedvezm\u00e9nyes nagykereskedelmi \u00e1rakat, gyors technikai t\u00e1mogat\u00e1st \u00e9s gyors DDP kisz\u00e1ll\u00edt\u00e1st \u00e9lvezhetnek Eur\u00f3p\u00e1n bel\u00fcl. Betartjuk az EU korhat\u00e1r-ellen\u0151rz\u00e9si k\u00f6vetelm\u00e9nyeit, \u00e9s \u00e1tl\u00e1that\u00f3s\u00e1got biztos\u00edtunk term\u00e9koldalainkon, \u00edgy nyugodtan v\u00e1s\u00e1rolhat.<\/p>\n<p data-v-md-line=\"54\">K\u00e9szen \u00e1ll kiskereskedelmi vagy nagykereskedelmi rendel\u00e9s\u00e9re? K\u00e9rj\u00fck, vegye fel vel\u00fcnk a kapcsolatot a val\u00f3s idej\u0171 \u00e1rak\u00e9rt \u00e9s a t\u00f6meges kedvezm\u00e9nyek\u00e9rt.<\/p>","protected":false},"excerpt":{"rendered":"<p>&nbsp;<\/p>","protected":false},"featured_media":16989,"comment_status":"open","ping_status":"closed","template":"","meta":[],"product_brand":[231],"product_cat":[124,187,185,189,1641,158,195,174,175,193,191,173,186,180,190,192],"product_tag":[],"class_list":{"0":"post-16963","1":"product","2":"type-product","3":"status-publish","4":"has-post-thumbnail","6":"product_brand-bang-box","7":"product_cat-vape-by-brand","8":"product_cat-0mg-nicotine-free-vapes","9":"product_cat-10000-puffs-high-capacity","10":"product_cat-20mg-standard-nicotine-vapes","11":"product_cat-50000-puffs","12":"product_cat-bang-box","13":"product_cat-dual-flavor-switch","14":"product_cat-fruit-flavors","15":"product_cat-icy-mint","16":"product_cat-mesh-coil","17":"product_cat-rechargeable-disposables","18":"product_cat-vape-by-flavor-profile","19":"product_cat-vape-by-nicotine-strength","20":"product_cat-vape-by-puff-count","21":"product_cat-vape-by-feature-or-type","22":"product_cat-vapes-with-screens","24":"first","25":"instock","26":"shipping-taxable","27":"purchasable","28":"product-type-variable","29":"has-default-attributes"},"tiered_pricing_type":"percentage","tiered_pricing_fixed_rules":[],"tiered_pricing_product_settings":{"layout":"default","base_unit_name":{"singular":null,"plural":null},"default_variation":null},"tiered_pricing_minimum_quantity":10,"tiered_pricing_roles_data":[],"tiered_pricing_percentage_rules":{"30":"29","50":"35","100":"40","200":"44","500":"47","1000":"49"},"tiered_pricing_maximum_quantity":null,"tiered_pricing_quantity_step":"10","_links":{"self":[{"href":"https:\/\/agoravape.com\/hu\/wp-json\/wp\/v2\/product\/16963","targetHints":{"allow":["GET"]}}],"collection":[{"href":"https:\/\/agoravape.com\/hu\/wp-json\/wp\/v2\/product"}],"about":[{"href":"https:\/\/agoravape.com\/hu\/wp-json\/wp\/v2\/types\/product"}],"replies":[{"embeddable":true,"href":"https:\/\/agoravape.com\/hu\/wp-json\/wp\/v2\/comments?post=16963"}],"version-history":[{"count":0,"href":"https:\/\/agoravape.com\/hu\/wp-json\/wp\/v2\/product\/16963\/revisions"}],"wp:featuredmedia":[{"embeddable":true,"href":"https:\/\/agoravape.com\/hu\/wp-json\/wp\/v2\/media\/16989"}],"wp:attachment":[{"href":"https:\/\/agoravape.com\/hu\/wp-json\/wp\/v2\/media?parent=16963"}],"wp:term":[{"taxonomy":"product_brand","embeddable":true,"href":"https:\/\/agoravape.com\/hu\/wp-json\/wp\/v2\/product_brand?post=16963"},{"taxonomy":"product_cat","embeddable":true,"href":"https:\/\/agoravape.com\/hu\/wp-json\/wp\/v2\/product_cat?post=16963"},{"taxonomy":"product_tag","embeddable":true,"href":"https:\/\/agoravape.com\/hu\/wp-json\/wp\/v2\/product_tag?post=16963"}],"curies":[{"name":"wp","href":"https:\/\/api.w.org\/{rel}","templated":true}]}}