{"id":16994,"date":"2025-10-18T10:58:12","date_gmt":"2025-10-18T02:58:12","guid":{"rendered":"https:\/\/green-grasshopper-921422.hostingersite.com\/?post_type=product&#038;p=16994"},"modified":"2026-03-31T04:20:46","modified_gmt":"2026-03-31T02:20:46","slug":"bangbox-12000-puffs-vape","status":"publish","type":"product","link":"https:\/\/agoravape.com\/hu\/product\/bangbox-12000-puffs-vape\/","title":{"rendered":"BANGBOX 12000 Puffs \u00fajrat\u00f6lthet\u0151 vape l\u00e1mp\u00e1val | Nagy f\u00faj\u00e1sok, egyszer\u0171 t\u00f6lt\u00e9s"},"content":{"rendered":"<h2 data-v-md-heading=\"what-is-the-bangbox-12000-rechargeable-vape-with-a-light\" data-v-md-line=\"3\"><img loading=\"lazy\" decoding=\"async\" class=\"aligncenter size-full wp-image-17008\" src=\"https:\/\/agoravape.com\/wp-content\/uploads\/2025\/10\/BANGBOX-12000-Puffs-Rechargeable-Vape-with-Light_Agora_vape-2.webp\" alt=\"\" width=\"2500\" height=\"1406\" srcset=\"https:\/\/agoravape.com\/wp-content\/uploads\/2025\/10\/BANGBOX-12000-Puffs-Rechargeable-Vape-with-Light_Agora_vape-2.webp 2500w, https:\/\/agoravape.com\/wp-content\/uploads\/2025\/10\/BANGBOX-12000-Puffs-Rechargeable-Vape-with-Light_Agora_vape-2-1200x675.webp 1200w, https:\/\/agoravape.com\/wp-content\/uploads\/2025\/10\/BANGBOX-12000-Puffs-Rechargeable-Vape-with-Light_Agora_vape-2-300x169.webp 300w, https:\/\/agoravape.com\/wp-content\/uploads\/2025\/10\/BANGBOX-12000-Puffs-Rechargeable-Vape-with-Light_Agora_vape-2-1024x576.webp 1024w, https:\/\/agoravape.com\/wp-content\/uploads\/2025\/10\/BANGBOX-12000-Puffs-Rechargeable-Vape-with-Light_Agora_vape-2-768x432.webp 768w, https:\/\/agoravape.com\/wp-content\/uploads\/2025\/10\/BANGBOX-12000-Puffs-Rechargeable-Vape-with-Light_Agora_vape-2-1536x864.webp 1536w, https:\/\/agoravape.com\/wp-content\/uploads\/2025\/10\/BANGBOX-12000-Puffs-Rechargeable-Vape-with-Light_Agora_vape-2-2048x1152.webp 2048w\" sizes=\"auto, (max-width: 2500px) 100vw, 2500px\" \/><\/h2>\n<h2 data-v-md-heading=\"what-is-the-bangbox-12000-rechargeable-vape-with-a-light\" data-v-md-line=\"3\">What is the BANGBOX 12000 rechargeable vape with a light?<\/h2>\n<p data-v-md-line=\"4\">If you\u2019re tired of using up disposable vapes before you\u2019ve had enough, you might want to give this one a try. The BANGBOX 12000 is equipped with a rechargeable battery and comes with a 20ml large capacity e-liquid, providing you with a range of up to 12000 puffs, giving you value for money.<\/p>\n<p data-v-md-line=\"6\">If you want a simple and reliable vape that can enjoy delicious food every time without any hassle, then this vape is your ideal choice. It is equipped with soft lampshade lighting, adding a touch of fashion, but not too exaggerated. The body is thick and not bulky. Weighing only 84 grams and measuring 137 x 40 x 40 millimeters, it can easily fit into a pocket.<\/p>\n<h2 data-v-md-heading=\"excellent-performance-and-easy-operation\" data-v-md-line=\"8\">Kiv\u00e1l\u00f3 teljes\u00edtm\u00e9ny \u00e9s egyszer\u0171 kezelhet\u0151s\u00e9g<\/h2>\n<p data-v-md-line=\"9\">The core of this device is the mesh coil, ensuring a consistent taste from the first bite to the last bite. There will be no abnormal low suction or dry suction phenomenon. When the battery is low, simply use the same Type-C interface as the phone charging cable to charge. It\u2019s simple.<\/p>\n<h2 data-v-md-heading=\"specification-introduction\" data-v-md-line=\"11\">Specifik\u00e1ci\u00f3 Bevezet\u00e9s<\/h2>\n<p data-v-md-line=\"12\"><strong>Suction frequency<\/strong>: up to 12000 times<br \/>\n<strong>Nicotine<\/strong>: 0%, 2%, 3%, and 5% optional<br \/>\n<strong>M\u0171k\u00f6d\u00e9si elv<\/strong>: Activated by inhalation<br \/>\n<strong>T\u00f6lt\u00e9s<\/strong>Standard C t\u00edpus\u00fa USB csatlakoz\u00f3<br \/>\n<strong>\u00c1llapot<\/strong>Kicsomagol\u00e1s ut\u00e1n haszn\u00e1latra k\u00e9sz<\/p>\n<h2 data-v-md-heading=\"full-range-of-flavors\" data-v-md-line=\"18\">Full range of flavors<\/h2>\n<ul data-v-md-line=\"19\">\n<li>Eper \u00e9s ban\u00e1n<\/li>\n<li>Kiwi, maracuja, guava<\/li>\n<li>Eper kivi<\/li>\n<li>Fekete S\u00e1rk\u00e1ny J\u00e9g<\/li>\n<li>Savany\u00fa alma m\u00e1lna<\/li>\n<li>G\u00f6r\u00f6gdinnye r\u00e1g\u00f3gumi<\/li>\n<li>Eper g\u00f6r\u00f6gdinnye<\/li>\n<li>Strawberry Juice<\/li>\n<li>G\u00f6r\u00f6gdinnye j\u00e9g<\/li>\n<li>Taomang Watermelon<\/li>\n<li>K\u00e9k j\u00e9gp\u00e1lya<\/li>\n<\/ul>\n<p><img loading=\"lazy\" decoding=\"async\" class=\"aligncenter size-full wp-image-16993\" src=\"https:\/\/agoravape.com\/wp-content\/uploads\/2025\/10\/BANGBOX-12000-Puffs-Rechargeable-Vape-with-Light_Agora_vape-1-scaled.webp\" alt=\"\" width=\"1693\" height=\"2560\" srcset=\"https:\/\/agoravape.com\/wp-content\/uploads\/2025\/10\/BANGBOX-12000-Puffs-Rechargeable-Vape-with-Light_Agora_vape-1-scaled.webp 1693w, https:\/\/agoravape.com\/wp-content\/uploads\/2025\/10\/BANGBOX-12000-Puffs-Rechargeable-Vape-with-Light_Agora_vape-1-scaled-1200x1815.webp 1200w, https:\/\/agoravape.com\/wp-content\/uploads\/2025\/10\/BANGBOX-12000-Puffs-Rechargeable-Vape-with-Light_Agora_vape-1-198x300.webp 198w, https:\/\/agoravape.com\/wp-content\/uploads\/2025\/10\/BANGBOX-12000-Puffs-Rechargeable-Vape-with-Light_Agora_vape-1-677x1024.webp 677w, https:\/\/agoravape.com\/wp-content\/uploads\/2025\/10\/BANGBOX-12000-Puffs-Rechargeable-Vape-with-Light_Agora_vape-1-768x1161.webp 768w, https:\/\/agoravape.com\/wp-content\/uploads\/2025\/10\/BANGBOX-12000-Puffs-Rechargeable-Vape-with-Light_Agora_vape-1-1016x1536.webp 1016w, https:\/\/agoravape.com\/wp-content\/uploads\/2025\/10\/BANGBOX-12000-Puffs-Rechargeable-Vape-with-Light_Agora_vape-1-1355x2048.webp 1355w\" sizes=\"auto, (max-width: 1693px) 100vw, 1693px\" \/><\/p>\n<h2 data-v-md-heading=\"for-you-and-your-business\" data-v-md-line=\"31\">\u00d6nnek \u00e9s v\u00e1llalkoz\u00e1s\u00e1nak<\/h2>\n<p data-v-md-line=\"32\">Szem\u00e9lyes haszn\u00e1latra megv\u00e1s\u00e1rolhat egy BANGBOX 12000-et, vagy v\u00e1s\u00e1rolhat 10 darabot dobozonk\u00e9nt. T\u00f6meggy\u00e1rt\u00e1st tervez? Minden doboz 200 darabot tartalmaz, \u00edgy az ut\u00e1np\u00f3tl\u00e1s k\u00e9nyelmes. Olyan megb\u00edzhat\u00f3 partnerekkel dolgozunk egy\u00fctt, mint a UPS, a DPD \u00e9s a DHL, hogy az \u00e1rukat Eur\u00f3pa-szerte Delivered Duty Paid (DDP) alapon sz\u00e1ll\u00edtsuk, elker\u00fclve a v\u00e1mbaleseteket.<\/p>\n<h2 data-v-md-heading=\"why-do-you-like-it\" data-v-md-line=\"34\">Mi\u00e9rt tetszik?<\/h2>\n<p data-v-md-line=\"35\"><strong>Large smoking capacity:<\/strong>\u00a0Durable and long-lasting, no need to frequently purchase new cigarettes.<br \/>\n<strong>Nicotine selection:<\/strong>\u00a0Choose the nicotine concentration that is suitable for your day.<br \/>\n<strong>\u00dajrat\u00f6lthet\u0151:<\/strong>\u00a0Use all e-liquids without wasting a drop.<br \/>\n<strong>Mesh coil:<\/strong>\u00a0Consistent taste and smooth experience.<\/p>\n<h2 data-v-md-heading=\"why-choose-agoravape\" data-v-md-line=\"40\">Mi\u00e9rt v\u00e1lassza az AgoraVape-et?<\/h2>\n<p data-v-md-line=\"41\">We only sell 100% genuine products and have no doubt about it. For commercial buyers, this means that BANGBOX 12000 rechargeable vapes (with lights) have highly competitive wholesale prices, reliable support, and fast and reliable European shipping. Please contact us to stock up for your customers and make them happy to visit again.<\/p>","protected":false},"excerpt":{"rendered":"<p>&nbsp;<\/p>","protected":false},"featured_media":17019,"comment_status":"open","ping_status":"closed","template":"","meta":[],"product_brand":[231],"product_cat":[124,187,185,1634,189,158,174,175,193,191,173,186,180,190],"product_tag":[],"class_list":{"0":"post-16994","1":"product","2":"type-product","3":"status-publish","4":"has-post-thumbnail","6":"product_brand-bang-box","7":"product_cat-vape-by-brand","8":"product_cat-0mg-nicotine-free-vapes","9":"product_cat-10000-puffs-high-capacity","10":"product_cat-12000-puffs","11":"product_cat-20mg-standard-nicotine-vapes","12":"product_cat-bang-box","13":"product_cat-fruit-flavors","14":"product_cat-icy-mint","15":"product_cat-mesh-coil","16":"product_cat-rechargeable-disposables","17":"product_cat-vape-by-flavor-profile","18":"product_cat-vape-by-nicotine-strength","19":"product_cat-vape-by-puff-count","20":"product_cat-vape-by-feature-or-type","22":"first","23":"onbackorder","24":"shipping-taxable","25":"purchasable","26":"product-type-variable","27":"has-default-attributes"},"tiered_pricing_type":"percentage","tiered_pricing_fixed_rules":[],"tiered_pricing_product_settings":{"layout":"default","base_unit_name":{"singular":null,"plural":null},"default_variation":null},"tiered_pricing_minimum_quantity":10,"tiered_pricing_roles_data":[],"tiered_pricing_percentage_rules":{"30":"29","50":"35","100":"40","200":"44","500":"47","1000":"49"},"tiered_pricing_maximum_quantity":null,"tiered_pricing_quantity_step":"10","_links":{"self":[{"href":"https:\/\/agoravape.com\/hu\/wp-json\/wp\/v2\/product\/16994","targetHints":{"allow":["GET"]}}],"collection":[{"href":"https:\/\/agoravape.com\/hu\/wp-json\/wp\/v2\/product"}],"about":[{"href":"https:\/\/agoravape.com\/hu\/wp-json\/wp\/v2\/types\/product"}],"replies":[{"embeddable":true,"href":"https:\/\/agoravape.com\/hu\/wp-json\/wp\/v2\/comments?post=16994"}],"version-history":[{"count":1,"href":"https:\/\/agoravape.com\/hu\/wp-json\/wp\/v2\/product\/16994\/revisions"}],"predecessor-version":[{"id":29817,"href":"https:\/\/agoravape.com\/hu\/wp-json\/wp\/v2\/product\/16994\/revisions\/29817"}],"wp:featuredmedia":[{"embeddable":true,"href":"https:\/\/agoravape.com\/hu\/wp-json\/wp\/v2\/media\/17019"}],"wp:attachment":[{"href":"https:\/\/agoravape.com\/hu\/wp-json\/wp\/v2\/media?parent=16994"}],"wp:term":[{"taxonomy":"product_brand","embeddable":true,"href":"https:\/\/agoravape.com\/hu\/wp-json\/wp\/v2\/product_brand?post=16994"},{"taxonomy":"product_cat","embeddable":true,"href":"https:\/\/agoravape.com\/hu\/wp-json\/wp\/v2\/product_cat?post=16994"},{"taxonomy":"product_tag","embeddable":true,"href":"https:\/\/agoravape.com\/hu\/wp-json\/wp\/v2\/product_tag?post=16994"}],"curies":[{"name":"wp","href":"https:\/\/api.w.org\/{rel}","templated":true}]}}