{"id":17136,"date":"2025-10-18T12:30:30","date_gmt":"2025-10-18T04:30:30","guid":{"rendered":"https:\/\/green-grasshopper-921422.hostingersite.com\/?post_type=product&#038;p=17136"},"modified":"2026-03-31T01:41:40","modified_gmt":"2026-03-30T23:41:40","slug":"bangbox-35000-puffs-vape","status":"publish","type":"product","link":"https:\/\/agoravape.com\/hu\/product\/bangbox-35000-puffs-vape\/","title":{"rendered":"BANGBOX 35K Puffs \u00c1ll\u00edthat\u00f3 Teljes\u00edtm\u00e9ny\u0171 Eldobhat\u00f3 Vape | Nagy Kapacit\u00e1s, Egyszer\u0171 Vez\u00e9rl\u00e9s"},"content":{"rendered":"<h2 data-v-md-heading=\"what-is-special-about-bangbox-35k-disposable-vape-with-adjustable-power\" data-v-md-line=\"3\"><img loading=\"lazy\" decoding=\"async\" class=\"aligncenter size-full wp-image-17133\" src=\"https:\/\/agoravape.com\/wp-content\/uploads\/2025\/10\/BANGBOX-35K-Puffs-Adjustable-Power-Disposable-Vape_Agora_vape-1-scaled.webp\" alt=\"\" width=\"2560\" height=\"1805\" srcset=\"https:\/\/agoravape.com\/wp-content\/uploads\/2025\/10\/BANGBOX-35K-Puffs-Adjustable-Power-Disposable-Vape_Agora_vape-1-scaled.webp 2560w, https:\/\/agoravape.com\/wp-content\/uploads\/2025\/10\/BANGBOX-35K-Puffs-Adjustable-Power-Disposable-Vape_Agora_vape-1-scaled-1200x846.webp 1200w, https:\/\/agoravape.com\/wp-content\/uploads\/2025\/10\/BANGBOX-35K-Puffs-Adjustable-Power-Disposable-Vape_Agora_vape-1-300x212.webp 300w, https:\/\/agoravape.com\/wp-content\/uploads\/2025\/10\/BANGBOX-35K-Puffs-Adjustable-Power-Disposable-Vape_Agora_vape-1-1024x722.webp 1024w, https:\/\/agoravape.com\/wp-content\/uploads\/2025\/10\/BANGBOX-35K-Puffs-Adjustable-Power-Disposable-Vape_Agora_vape-1-768x542.webp 768w, https:\/\/agoravape.com\/wp-content\/uploads\/2025\/10\/BANGBOX-35K-Puffs-Adjustable-Power-Disposable-Vape_Agora_vape-1-1536x1083.webp 1536w, https:\/\/agoravape.com\/wp-content\/uploads\/2025\/10\/BANGBOX-35K-Puffs-Adjustable-Power-Disposable-Vape_Agora_vape-1-2048x1444.webp 2048w\" sizes=\"auto, (max-width: 2560px) 100vw, 2560px\" \/><\/h2>\n<h2 data-v-md-heading=\"what-is-special-about-bangbox-35k-disposable-vape-with-adjustable-power\" data-v-md-line=\"3\">Mi a k\u00fcl\u00f6nleges a BANGBOX 35K eldobhat\u00f3, \u00e1ll\u00edthat\u00f3 teljes\u00edtm\u00e9ny\u0171 vape-ben?<\/h2>\n<p data-v-md-line=\"4\">Ha eleged van az eldobhat\u00f3, t\u00fal sok energi\u00e1t fogyaszt\u00f3 vape-ekb\u0151l, ez a term\u00e9k mindenk\u00e9ppen meg\u00e9r egy pillant\u00e1st. A BANGBOX 35K \u00e1ll\u00edthat\u00f3 teljes\u00edtm\u00e9ny\u0171 eldobhat\u00f3 vape ak\u00e1r 35000 slukk lead\u00e1s\u00e1ra is k\u00e9pes, \u00e9s \u00e1ll\u00edthat\u00f3 teljes\u00edtm\u00e9nnyel van felszerelve, \u00edgy a slukkokat a hangulatodhoz igaz\u00edthatod.<\/p>\n<p data-v-md-line=\"6\">Azoknak a felhaszn\u00e1l\u00f3knak, akik megb\u00edzhat\u00f3, finom \u00e9s k\u00e9nyelmes vape-et szeretn\u00e9nek, ez az ide\u00e1lis v\u00e1laszt\u00e1s. Az \u00e1tl\u00e1tsz\u00f3 akkumul\u00e1tor- \u00e9s e-folyad\u00e9k kijelz\u0151 lehet\u0151v\u00e9 teszi, hogy mindig tudd, mikor kell t\u00f6ltened, vagy mikor mer\u00fcl le az akkumul\u00e1tor. Egy ilyen nagy kapacit\u00e1s\u00fa vape-rel tal\u00e1n nagydarabnak t\u0171nhet, pedig k\u00f6nnyen elf\u00e9r egy kab\u00e1tzsebben is.<\/p>\n<h2 data-v-md-heading=\"excellent-performance-easy-and-convenient\" data-v-md-line=\"8\">Kiv\u00e1l\u00f3 teljes\u00edtm\u00e9ny, egyszer\u0171 \u00e9s k\u00e9nyelmes<\/h2>\n<p data-v-md-line=\"9\">A 0,8 \u03a9-os dupla h\u00e1l\u00f3s tekercsek az els\u0151 falatt\u00f3l az utols\u00f3ig \u00e1lland\u00f3 \u00edzt biztos\u00edtanak. A h\u00faz\u00e1ssal aktiv\u00e1lhat\u00f3, \u00edgy nem kell semmilyen gombot nyomkodni. Ha az akkumul\u00e1tor lemer\u00fclt, egyszer\u0171en csatlakoztasd a telefonon m\u00e1r haszn\u00e1lt Type-C adatk\u00e1belhez. Egyszer\u0171.<\/p>\n<h2 data-v-md-heading=\"specification-overview\" data-v-md-line=\"11\">Specifik\u00e1ci\u00f3 \u00e1ttekint\u00e9se<\/h2>\n<p data-v-md-line=\"12\"><strong>Sz\u00edv\u00e1sok sz\u00e1ma<\/strong>ak\u00e1r 35000 sz\u00edv\u00e1s<br \/>\n<strong>Nikotintartalom<\/strong>0%, 2%, 3% vagy 5%<br \/>\n<strong>M\u0171k\u00f6d\u00e9si elv<\/strong>Aktiv\u00e1l\u00e1s egyetlen f\u00faj\u00e1ssal<br \/>\n<strong>T\u00f6lt\u00e9s<\/strong>Standard C t\u00edpus\u00fa USB csatlakoz\u00f3<br \/>\n<strong>\u00c1llapot<\/strong>Kicsomagol\u00e1s ut\u00e1n haszn\u00e1latra k\u00e9sz<br \/>\n<strong>e-folyad\u00e9k kapacit\u00e1s<\/strong>35 milliliter<br \/>\n<strong>Porlaszt\u00f3 mag<\/strong>0,8 \u03a9 dupla h\u00e1l\u00f3s tekercs<br \/>\n<strong>Hatalom<\/strong>\u00c1ll\u00edthat\u00f3 kimenet<br \/>\n<strong>Kijelz\u0151k\u00e9perny\u0151<\/strong>Akkumul\u00e1tor \u00e9s e-folyad\u00e9k jelz\u0151f\u00e9nyei<br \/>\n<strong>M\u00e9ret \u00e9s s\u00faly<\/strong>115 \u00d7 68 \u00d7 33 millim\u00e9ter, 105 gramm<\/p>\n<h2 data-v-md-heading=\"full-range-of-flavors\" data-v-md-line=\"23\">Full range of flavors<\/h2>\n<ul data-v-md-line=\"24\">\n<li>Eper kivi<\/li>\n<li>\u00c1fony\u00e1s turmix<\/li>\n<li>Eper g\u00f6r\u00f6gdinnye<\/li>\n<li>maracuja<\/li>\n<li>Citromos k\u00f3lasz\u00f3da<\/li>\n<li>G\u00f6r\u00f6gdinnye turmix<\/li>\n<li>G\u00f6r\u00f6gdinnye r\u00e1g\u00f3gumi<\/li>\n<li>Kiwi, maracuja, guava gy\u00fcm\u00f6lcs<\/li>\n<li>\u00c1fony\u00e1s turmix<\/li>\n<li>G\u00f6r\u00f6gdinnye cseresznye<\/li>\n<li>V\u00f6r\u00f6s Bika<\/li>\n<li>Menta grapefruit<\/li>\n<\/ul>\n<h2 data-v-md-heading=\"for-you-and-for-your-business-as-well\" data-v-md-line=\"37\">Neked, \u00e9s a v\u00e1llalkoz\u00e1sodnak is<\/h2>\n<p data-v-md-line=\"38\">V\u00e1laszthat <a class=\"wpil_keyword_link\" href=\"https:\/\/agoravape.com\/hu\/termek\/bangbox-50000-puffs-dual-aroma-vape\/\" target=\"_blank\" rel=\"noopener\" title=\"BANGBOX 50K Puffs Dual Flavor Dual Coil Vape Online | K\u00e9t \u00edz. Nagy szippant\u00e1ssz\u00e1m. K\u00f6nny\u0171 t\u00f6lt\u00e9s.\" data-wpil-keyword-link=\"linked\" data-wpil-monitor-id=\"7178\">Bangbox<\/a> 35 ezer forint\u00e9rt szem\u00e9lyes haszn\u00e1latra, vagy vegye fel \u00e1ruh\u00e1z\u00e1ba. Nagykereskedelmi csomagol\u00e1s, dobozonk\u00e9nt 10 darabos kiszerel\u00e9s az egyszer\u0171 k\u00e9szletkezel\u00e9s \u00e9rdek\u00e9ben. Nagyobb t\u00e9telben t\u00f6rt\u00e9n\u0151 rendel\u00e9s eset\u00e9n v\u00e1laszthat 100 darabos kis dobozt vagy 200 darabos nagy dobozt.<\/p>\n<p data-v-md-line=\"40\">Megb\u00edzhat\u00f3 partnereket, p\u00e9ld\u00e1ul a UPS-t, a DPD-t \u00e9s a DHL-t alkalmazzuk \u00e1ruinak eur\u00f3pai sz\u00e1ll\u00edt\u00e1s\u00e1ra DDP (Delivery Duty Paid) alapon, biztos\u00edtva a gyors sz\u00e1ll\u00edt\u00e1st \u00e9s elker\u00fclve a v\u00e1mbaleseteket.<\/p>\n<h2 data-v-md-heading=\"why-do-you-like-it\" data-v-md-line=\"42\">Mi\u00e9rt tetszik?<\/h2>\n<p data-v-md-line=\"43\"><strong>Nagy kaliber\u0171:<\/strong>\u00a0Tart\u00f3s \u00e9s hossz\u00fa \u00e9lettartam\u00fa, nem kell n\u00e9h\u00e1ny naponta cser\u00e9lni a berendez\u00e9seket.<br \/>\n<strong>Nikotin kiv\u00e1laszt\u00e1s<\/strong>N\u00e9gy nikotinkoncentr\u00e1ci\u00f3 teszi lehet\u0151v\u00e9 a k\u00edv\u00e1nt szippant\u00e1s finomhangol\u00e1s\u00e1t.<br \/>\n<strong>\u00dajrat\u00f6lthet\u0151<\/strong>Az \u00f6sszes megv\u00e1s\u00e1rolt e-folyad\u00e9kot egyszerre felhaszn\u00e1lhatja an\u00e9lk\u00fcl, hogy el\u0151re ki kellene dobnia \u0151ket.<br \/>\n<strong>H\u00e1l\u00f3s tekercs<\/strong>Minden sz\u00edv\u00e1s sima g\u0151zt \u00e9s stabil \u00edzt biztos\u00edt.<br \/>\n<strong>\u00c1ll\u00edthat\u00f3 teljes\u00edtm\u00e9ny<\/strong>A teljes\u00edtm\u00e9ny n\u00f6vel\u00e9se er\u0151sebb, m\u00edg a teljes\u00edtm\u00e9ny cs\u00f6kkent\u00e9se l\u00e1gyabb \u00edzt eredm\u00e9nyezhet.<br \/>\n<strong>Tiszta kijelz\u0151<\/strong>Egy pillant\u00e1ssal ellen\u0151rizheted az akkumul\u00e1tor \u00e9s az e-folyad\u00e9k szintj\u00e9t, \u00edgy b\u00e1rmikor k\u00e9szen \u00e1llsz.<\/p>\n<h2 data-v-md-heading=\"why-choose-agoravape\" data-v-md-line=\"50\">Mi\u00e9rt v\u00e1lassza az AgoraVape-et?<\/h2>\n<p data-v-md-line=\"51\">Kiz\u00e1r\u00f3lag megb\u00edzhat\u00f3 gy\u00e1rt\u00f3kt\u00f3l sz\u00e1rmaz\u00f3, 100%-ban eredeti berendez\u00e9seket v\u00e1s\u00e1rolunk. A BANGBOX 35K \u00e1ll\u00edthat\u00f3 teljes\u00edtm\u00e9ny\u0171, eldobhat\u00f3 vape-hez rendk\u00edv\u00fcl versenyk\u00e9pes nagykereskedelmi \u00e1rakat, gyors reag\u00e1l\u00e1s\u00fa \u00fcgyf\u00e9lszolg\u00e1latot \u00e9s gyors DDP kisz\u00e1ll\u00edt\u00e1si szolg\u00e1ltat\u00e1sokat kapsz az Eur\u00f3pai Uni\u00f3n bel\u00fcl. Felel\u0151sek vagyunk a megfelel\u0151s\u00e9g\u00e9rt \u00e9s a korhat\u00e1r-ellen\u0151rz\u00e9s\u00e9rt, \u00edgy biztos\u00edtva, hogy nyugodtan \u00e9rt\u00e9kes\u00edthess. K\u00e9rj\u00fck, vedd fel a kapcsolatot csapatunkkal, hogy lefoglald a v\u00e1s\u00e1rl\u00f3id sz\u00e1m\u00e1ra a visszak\u00fcld\u00e9sre \u00e9rdemes berendez\u00e9seket.<\/p>","protected":false},"excerpt":{"rendered":"<p>&nbsp;<\/p>","protected":false},"featured_media":17159,"comment_status":"open","ping_status":"closed","template":"","meta":[],"product_brand":[231],"product_cat":[124,187,185,189,158,174,175,193,191,173,186,180,190,192],"product_tag":[],"class_list":{"0":"post-17136","1":"product","2":"type-product","3":"status-publish","4":"has-post-thumbnail","6":"product_brand-bang-box","7":"product_cat-vape-by-brand","8":"product_cat-0mg-nicotine-free-vapes","9":"product_cat-10000-puffs-high-capacity","10":"product_cat-20mg-standard-nicotine-vapes","11":"product_cat-bang-box","12":"product_cat-fruit-flavors","13":"product_cat-icy-mint","14":"product_cat-mesh-coil","15":"product_cat-rechargeable-disposables","16":"product_cat-vape-by-flavor-profile","17":"product_cat-vape-by-nicotine-strength","18":"product_cat-vape-by-puff-count","19":"product_cat-vape-by-feature-or-type","20":"product_cat-vapes-with-screens","22":"first","23":"onbackorder","24":"shipping-taxable","25":"purchasable","26":"product-type-variable","27":"has-default-attributes"},"tiered_pricing_type":"percentage","tiered_pricing_fixed_rules":[],"tiered_pricing_product_settings":{"layout":"default","base_unit_name":{"singular":null,"plural":null},"default_variation":null},"tiered_pricing_minimum_quantity":10,"tiered_pricing_roles_data":[],"tiered_pricing_percentage_rules":{"30":"29","50":"35","100":"40","200":"44","500":"47","1000":"49"},"tiered_pricing_maximum_quantity":null,"tiered_pricing_quantity_step":"10","_links":{"self":[{"href":"https:\/\/agoravape.com\/hu\/wp-json\/wp\/v2\/product\/17136","targetHints":{"allow":["GET"]}}],"collection":[{"href":"https:\/\/agoravape.com\/hu\/wp-json\/wp\/v2\/product"}],"about":[{"href":"https:\/\/agoravape.com\/hu\/wp-json\/wp\/v2\/types\/product"}],"replies":[{"embeddable":true,"href":"https:\/\/agoravape.com\/hu\/wp-json\/wp\/v2\/comments?post=17136"}],"version-history":[{"count":3,"href":"https:\/\/agoravape.com\/hu\/wp-json\/wp\/v2\/product\/17136\/revisions"}],"predecessor-version":[{"id":29835,"href":"https:\/\/agoravape.com\/hu\/wp-json\/wp\/v2\/product\/17136\/revisions\/29835"}],"wp:featuredmedia":[{"embeddable":true,"href":"https:\/\/agoravape.com\/hu\/wp-json\/wp\/v2\/media\/17159"}],"wp:attachment":[{"href":"https:\/\/agoravape.com\/hu\/wp-json\/wp\/v2\/media?parent=17136"}],"wp:term":[{"taxonomy":"product_brand","embeddable":true,"href":"https:\/\/agoravape.com\/hu\/wp-json\/wp\/v2\/product_brand?post=17136"},{"taxonomy":"product_cat","embeddable":true,"href":"https:\/\/agoravape.com\/hu\/wp-json\/wp\/v2\/product_cat?post=17136"},{"taxonomy":"product_tag","embeddable":true,"href":"https:\/\/agoravape.com\/hu\/wp-json\/wp\/v2\/product_tag?post=17136"}],"curies":[{"name":"wp","href":"https:\/\/api.w.org\/{rel}","templated":true}]}}