{"id":17167,"date":"2025-10-18T14:02:56","date_gmt":"2025-10-18T06:02:56","guid":{"rendered":"https:\/\/green-grasshopper-921422.hostingersite.com\/?post_type=product&#038;p=17167"},"modified":"2026-01-19T22:01:16","modified_gmt":"2026-01-19T14:01:16","slug":"wga-30k-puffs-kettos-izu-tpd-vape","status":"publish","type":"product","link":"https:\/\/agoravape.com\/hu\/product\/wga-30k-puffs-dual-flavor-tpd-vape\/","title":{"rendered":"WGA 30k Puffs Dual Flavor TPD kompatibilis Vape Kit | Nagy \u00c9let, K\u00e9t \u00cdz, Nulla Felhajt\u00e1s"},"content":{"rendered":"<h2 data-v-md-heading=\"what-is-special-about-the-wga-30k-dual-flavor-tpd-compatible-vape-set\" data-v-md-line=\"3\"><img loading=\"lazy\" decoding=\"async\" class=\"aligncenter size-full wp-image-17166\" src=\"https:\/\/agoravape.com\/wp-content\/uploads\/2025\/10\/WGA-30k-Puffs-Dual-Flavor-TPD-Compliant-Vape-Kit_Agora_vape-6.webp\" alt=\"\" width=\"1920\" height=\"874\" srcset=\"https:\/\/agoravape.com\/wp-content\/uploads\/2025\/10\/WGA-30k-Puffs-Dual-Flavor-TPD-Compliant-Vape-Kit_Agora_vape-6.webp 1920w, https:\/\/agoravape.com\/wp-content\/uploads\/2025\/10\/WGA-30k-Puffs-Dual-Flavor-TPD-Compliant-Vape-Kit_Agora_vape-6-1200x546.webp 1200w, https:\/\/agoravape.com\/wp-content\/uploads\/2025\/10\/WGA-30k-Puffs-Dual-Flavor-TPD-Compliant-Vape-Kit_Agora_vape-6-300x137.webp 300w, https:\/\/agoravape.com\/wp-content\/uploads\/2025\/10\/WGA-30k-Puffs-Dual-Flavor-TPD-Compliant-Vape-Kit_Agora_vape-6-1024x466.webp 1024w, https:\/\/agoravape.com\/wp-content\/uploads\/2025\/10\/WGA-30k-Puffs-Dual-Flavor-TPD-Compliant-Vape-Kit_Agora_vape-6-768x350.webp 768w, https:\/\/agoravape.com\/wp-content\/uploads\/2025\/10\/WGA-30k-Puffs-Dual-Flavor-TPD-Compliant-Vape-Kit_Agora_vape-6-1536x699.webp 1536w\" sizes=\"auto, (max-width: 1920px) 100vw, 1920px\" \/><\/h2>\n<h2 data-v-md-heading=\"what-is-special-about-the-wga-30k-dual-flavor-tpd-compatible-vape-set\" data-v-md-line=\"3\">Mi a k\u00fcl\u00f6nleges a WGA 30k dual aroma TPD kompatibilis vape szettben?<\/h2>\n<p data-v-md-line=\"4\">Ha eleged van abb\u00f3l, hogy n\u00e9h\u00e1ny naponta cser\u00e9lgeted az eszk\u00f6zeidet, ez a k\u00e9szlet megk\u00f6nny\u00edti az \u00e9letedet. A WGA 30k megfelel a TPD szabv\u00e1nyoknak, \u00e9s ak\u00e1r 30 000 sz\u00edv\u00e1si ciklust is k\u00e9pes biztos\u00edtani. St\u00edlusos, \u00fajrat\u00f6lthet\u0151 eszk\u00f6z, amely el\u0151re telep\u00edtve van egy 2 ml-es e-folyad\u00e9k rekesszel \u00e9s k\u00e9t 10 ml-es nikotins\u00f3 palackkal. Ez hosszan tart\u00f3 \u00edzt jelent a TPD el\u0151\u00edr\u00e1sok megs\u00e9rt\u00e9se n\u00e9lk\u00fcl.<\/p>\n<p data-v-md-line=\"6\">B\u00e1rmely felhaszn\u00e1l\u00f3 sz\u00e1m\u00e1ra alkalmas, aki megb\u00edzhat\u00f3 teljes\u00edtm\u00e9nyt \u00e9s egyszer\u0171 karbantart\u00e1st keres. Nincs sz\u00fcks\u00e9g men\u00fckre, nincs sz\u00fcks\u00e9g unalmas m\u0171veletekre. Csak gazdag \u00edz \u00e9s egy Type-C adatk\u00e1bellel t\u00f6lthet\u0151 akkumul\u00e1tor.<\/p>\n<h2 data-v-md-heading=\"excellent-performance-easy-to-handle\" data-v-md-line=\"8\">Kiv\u00e1l\u00f3 teljes\u00edtm\u00e9ny, k\u00f6nny\u0171 kezelhet\u0151s\u00e9g<\/h2>\n<p data-v-md-line=\"9\">A dupla h\u00e1l\u00f3s tekercs a szett lelke. Ez\u00e9rt minden falat olyan finom, mint az els\u0151 korty. A k\u00e9sz\u00fcl\u00e9k j\u00f3l l\u00e1that\u00f3an mutatja az e-liquid \u00e9s az akkumul\u00e1tor t\u00f6lt\u00f6tts\u00e9gi szintj\u00e9t, \u00edgy nyugodt lehetsz. Ha az akkumul\u00e1tor lemer\u00fclt, a Type-C interf\u00e9szen kereszt\u00fcl csatlakozhatsz. Ez az adatk\u00e1bel megegyezhet a telefonodon tal\u00e1lhat\u00f3 k\u00e1bellel. Egyszer\u0171 \u00e9s k\u00e9nyelmes.<\/p>\n<p data-v-md-line=\"11\">Azt gondolhatod, hogy a TPD korl\u00e1toz\u00e1sai r\u00f6videbb haszn\u00e1lati id\u0151t jelentenek, de a kett\u0151s palackos kialak\u00edt\u00e1s lehet\u0151v\u00e9 teszi, hogy hosszabb ideig haszn\u00e1ld.<\/p>\n<h2 data-v-md-heading=\"specification-introduction\" data-v-md-line=\"13\">Specifik\u00e1ci\u00f3 Bevezet\u00e9s<\/h2>\n<ul data-v-md-line=\"14\">\n<li>Sz\u00edv\u00e1s gyakoris\u00e1ga: ak\u00e1r 30000-szer<\/li>\n<li>Nikotin: Nikotins\u00f3, megfelel a TPD szabv\u00e1nyoknak (a koncentr\u00e1ci\u00f3 piaconk\u00e9nt elt\u00e9r\u0151)<\/li>\n<li>M\u0171k\u00f6d\u00e9si elv: Bel\u00e9gz\u00e9ses aktiv\u00e1l\u00e1s<\/li>\n<li>Charging: Standard Type-C USB interface<\/li>\n<li>\u00c1llapot: Kicsomagol\u00e1s ut\u00e1n azonnal haszn\u00e1lhat\u00f3<\/li>\n<\/ul>\n<h2 data-v-md-heading=\"full-range-of-flavors\" data-v-md-line=\"20\">Full range of flavors<\/h2>\n<ul data-v-md-line=\"21\">\n<li>\u00c1fonya, m\u00e1lna, cseresznye \u00edz\u0171<\/li>\n<li>\u00c1fony\u00e1s \u00e9s citromos v\u00edz \u00edz<\/li>\n<li>Mack\u00f3s gumicukor \u00edz\u0171<\/li>\n<li>Mang\u00f3, \u0151szibarack, g\u00f6r\u00f6gdinnye \u00edzben<\/li>\n<li>\u00c9s m\u00e9g t\u00f6bb v\u00e1laszt\u00e1si lehet\u0151s\u00e9g 27 \u00edzben<\/li>\n<\/ul>\n<p><img loading=\"lazy\" decoding=\"async\" class=\"aligncenter size-full wp-image-17161\" src=\"https:\/\/agoravape.com\/wp-content\/uploads\/2025\/10\/WGA-30k-Puffs-Dual-Flavor-TPD-Compliant-Vape-Kit_Agora_vape-1.webp\" alt=\"\" width=\"1920\" height=\"753\" srcset=\"https:\/\/agoravape.com\/wp-content\/uploads\/2025\/10\/WGA-30k-Puffs-Dual-Flavor-TPD-Compliant-Vape-Kit_Agora_vape-1.webp 1920w, https:\/\/agoravape.com\/wp-content\/uploads\/2025\/10\/WGA-30k-Puffs-Dual-Flavor-TPD-Compliant-Vape-Kit_Agora_vape-1-1200x471.webp 1200w, https:\/\/agoravape.com\/wp-content\/uploads\/2025\/10\/WGA-30k-Puffs-Dual-Flavor-TPD-Compliant-Vape-Kit_Agora_vape-1-300x118.webp 300w, https:\/\/agoravape.com\/wp-content\/uploads\/2025\/10\/WGA-30k-Puffs-Dual-Flavor-TPD-Compliant-Vape-Kit_Agora_vape-1-1024x402.webp 1024w, https:\/\/agoravape.com\/wp-content\/uploads\/2025\/10\/WGA-30k-Puffs-Dual-Flavor-TPD-Compliant-Vape-Kit_Agora_vape-1-768x301.webp 768w, https:\/\/agoravape.com\/wp-content\/uploads\/2025\/10\/WGA-30k-Puffs-Dual-Flavor-TPD-Compliant-Vape-Kit_Agora_vape-1-1536x602.webp 1536w\" sizes=\"auto, (max-width: 1920px) 100vw, 1920px\" \/><\/p>\n<h2 data-v-md-heading=\"for-you-and-your-business\" data-v-md-line=\"27\">\u00d6nnek \u00e9s v\u00e1llalkoz\u00e1s\u00e1nak<\/h2>\n<p data-v-md-line=\"28\">V\u00e1s\u00e1rold meg magadnak. \u00c9lvezd az egyszer\u0171 folyamatot. Haszn\u00e1ld a mell\u00e9kelt 10 ml-es palackozott e-folyad\u00e9kot, ellen\u0151rizd a k\u00e9perny\u0151n a fennmarad\u00f3 mennyis\u00e9get, majd t\u00f6ltsd fel a Type-C csatlakoz\u00f3n kereszt\u00fcl. Ennyi.<\/p>\n<p data-v-md-line=\"30\">K\u00e9szletezz fel az \u00fczletedbe! WGA 30000 dual aroma TPD standard vape k\u00e9szleteket sz\u00e1ll\u00edtunk 120 db nagykereskedelmi kartondobozos kiszerel\u00e9sben. Olyan partnerekkel m\u0171k\u00f6d\u00fcnk egy\u00fctt, mint a UPS, a DPD \u00e9s a DHL, hogy DDP sz\u00e1ll\u00edt\u00e1si szolg\u00e1ltat\u00e1sokat ny\u00fajtsunk Eur\u00f3p\u00e1n bel\u00fcl, \u00edgy a v\u00e1mtarif\u00e1k el\u0151re feldolgozhat\u00f3k a v\u00e1mbalesetek elker\u00fcl\u00e9se \u00e9rdek\u00e9ben.<\/p>\n<h2 data-v-md-heading=\"why-do-you-like-it\" data-v-md-line=\"32\">Mi\u00e9rt tetszik?<\/h2>\n<ul data-v-md-line=\"33\">\n<li>Extra nagy kapacit\u00e1s: Ak\u00e1r 30 ezer port is felt\u00f6lthet\u0151 egyszerre, \u00edgy cs\u00f6kkentve a v\u00e1s\u00e1rl\u00e1sok gyakoris\u00e1g\u00e1t<\/li>\n<li>Kett\u0151s \u00edzek: Egy k\u00e9szlet k\u00e9t \u00edzt tartalmaz, \u00edgy t\u00f6bb v\u00e1laszt\u00e1si lehet\u0151s\u00e9get k\u00edn\u00e1l<\/li>\n<li>\u00dajrat\u00f6lthet\u0151: C t\u00edpus\u00fa t\u00f6lt\u00e9s, \u00edgy minden cseppet felhaszn\u00e1lhatsz<\/li>\n<li>Dupla h\u00e1l\u00f3s tekercsek: az elej\u00e9t\u0151l a v\u00e9g\u00e9ig, k\u00f6vetkezetesen gazdag \u00edz<\/li>\n<li>Intelligens kijelz\u0151: az akkumul\u00e1tor \u00e9s az e-folyad\u00e9k jelz\u0151f\u00e9nyei b\u00e1rmikor t\u00e1j\u00e9koztatnak a helyzetr\u0151l<\/li>\n<li>TPD-kompatibilis k\u00e9szlet: 2 ml el\u0151re t\u00f6lt\u00f6tt olaj \u00e9s k\u00e9t 10 ml-es nikotins\u00f3 palack az egyszer\u0171 ut\u00e1nt\u00f6lt\u00e9shez<\/li>\n<\/ul>\n<h2 data-v-md-heading=\"why-choose-to-collaborate-with-agoravape\" data-v-md-line=\"40\">Mi\u00e9rt \u00e9rdemes az AgoraVape-pel egy\u00fcttm\u0171k\u00f6dni?<\/h2>\n<p data-v-md-line=\"41\">Kiz\u00e1r\u00f3lag eredeti term\u00e9keket forgalmazunk, \u00e9s ebben semmi k\u00e9ts\u00e9g\u00fcnk sincs. Kereskedelmi \u00fcgyfelek sz\u00e1m\u00e1ra ez azt jelenti, hogy a WGA 30k kett\u0151s \u00edz\u0171 TPD kompatibilis vape szettek kedvezm\u00e9nyes nagykereskedelmi \u00e1rakat, vil\u00e1gos kommunik\u00e1ci\u00f3t, valamint gyors \u00e9s megb\u00edzhat\u00f3 DDP kisz\u00e1ll\u00edt\u00e1si szolg\u00e1ltat\u00e1sokat k\u00edn\u00e1lnak. Olyan term\u00e9ket keres, amely val\u00f3ban visszacs\u00e1b\u00edtja a v\u00e1s\u00e1rl\u00f3kat? L\u00e9pjen kapcsolatba vel\u00fcnk.<\/p>\n<p><script src=\"chrome-extension:\/\/fpelahbljekknahkcaegamhcndkfpfnc\/iFrame.js\" type=\"text\/javascript\"><\/script><\/p>","protected":false},"excerpt":{"rendered":"<p>&nbsp;<\/p>\n<p><script src=\"chrome-extension:\/\/fpelahbljekknahkcaegamhcndkfpfnc\/iFrame.js\" type=\"text\/javascript\"><\/script><\/p>\n<p><script src=\"chrome-extension:\/\/fpelahbljekknahkcaegamhcndkfpfnc\/iFrame.js\" type=\"text\/javascript\"><\/script><\/p>\n<p><script src=\"chrome-extension:\/\/fpelahbljekknahkcaegamhcndkfpfnc\/iFrame.js\" type=\"text\/javascript\"><\/script><\/p>\n<p><script src=\"chrome-extension:\/\/fpelahbljekknahkcaegamhcndkfpfnc\/iFrame.js\" type=\"text\/javascript\"><\/script><\/p>\n<p><script src=\"chrome-extension:\/\/fpelahbljekknahkcaegamhcndkfpfnc\/iFrame.js\" type=\"text\/javascript\"><\/script><\/p>\n<p><script src=\"chrome-extension:\/\/fpelahbljekknahkcaegamhcndkfpfnc\/iFrame.js\" type=\"text\/javascript\"><\/script><\/p>\n<p><script src=\"chrome-extension:\/\/fpelahbljekknahkcaegamhcndkfpfnc\/iFrame.js\" type=\"text\/javascript\"><\/script><\/p>\n<p><script src=\"chrome-extension:\/\/fpelahbljekknahkcaegamhcndkfpfnc\/iFrame.js\" type=\"text\/javascript\"><\/script><\/p>\n<p><script src=\"chrome-extension:\/\/fpelahbljekknahkcaegamhcndkfpfnc\/iFrame.js\" type=\"text\/javascript\"><\/script><\/p>\n<p><script src=\"chrome-extension:\/\/fpelahbljekknahkcaegamhcndkfpfnc\/iFrame.js\" type=\"text\/javascript\"><\/script><\/p>\n<p><script src=\"chrome-extension:\/\/fpelahbljekknahkcaegamhcndkfpfnc\/iFrame.js\" type=\"text\/javascript\"><\/script><\/p>\n<p><script src=\"chrome-extension:\/\/fpelahbljekknahkcaegamhcndkfpfnc\/iFrame.js\" type=\"text\/javascript\"><\/script><\/p>\n<p><script src=\"chrome-extension:\/\/fpelahbljekknahkcaegamhcndkfpfnc\/iFrame.js\" type=\"text\/javascript\"><\/script><\/p>\n<p><script src=\"chrome-extension:\/\/fpelahbljekknahkcaegamhcndkfpfnc\/iFrame.js\" type=\"text\/javascript\"><\/script><\/p>","protected":false},"featured_media":17163,"comment_status":"open","ping_status":"closed","template":"","meta":[],"product_brand":[232],"product_cat":[124,185,189,195,174,175,193,191,173,186,180,190,192,159],"product_tag":[],"class_list":{"0":"post-17167","1":"product","2":"type-product","3":"status-publish","4":"has-post-thumbnail","6":"product_brand-wga","7":"product_cat-vape-by-brand","8":"product_cat-10000-puffs-high-capacity","9":"product_cat-20mg-standard-nicotine-vapes","10":"product_cat-dual-flavor-switch","11":"product_cat-fruit-flavors","12":"product_cat-icy-mint","13":"product_cat-mesh-coil","14":"product_cat-rechargeable-disposables","15":"product_cat-vape-by-flavor-profile","16":"product_cat-vape-by-nicotine-strength","17":"product_cat-vape-by-puff-count","18":"product_cat-vape-by-feature-or-type","19":"product_cat-vapes-with-screens","20":"product_cat-wga","22":"first","23":"onbackorder","24":"shipping-taxable","25":"purchasable","26":"product-type-variable","27":"has-default-attributes"},"tiered_pricing_type":"percentage","tiered_pricing_fixed_rules":[],"tiered_pricing_product_settings":{"layout":"default","base_unit_name":{"singular":null,"plural":null},"default_variation":null},"tiered_pricing_minimum_quantity":50,"tiered_pricing_roles_data":[],"tiered_pricing_percentage_rules":{"100":"40","200":"44","500":"47","1000":"49"},"tiered_pricing_maximum_quantity":null,"tiered_pricing_quantity_step":"10","_links":{"self":[{"href":"https:\/\/agoravape.com\/hu\/wp-json\/wp\/v2\/product\/17167","targetHints":{"allow":["GET"]}}],"collection":[{"href":"https:\/\/agoravape.com\/hu\/wp-json\/wp\/v2\/product"}],"about":[{"href":"https:\/\/agoravape.com\/hu\/wp-json\/wp\/v2\/types\/product"}],"replies":[{"embeddable":true,"href":"https:\/\/agoravape.com\/hu\/wp-json\/wp\/v2\/comments?post=17167"}],"version-history":[{"count":0,"href":"https:\/\/agoravape.com\/hu\/wp-json\/wp\/v2\/product\/17167\/revisions"}],"wp:featuredmedia":[{"embeddable":true,"href":"https:\/\/agoravape.com\/hu\/wp-json\/wp\/v2\/media\/17163"}],"wp:attachment":[{"href":"https:\/\/agoravape.com\/hu\/wp-json\/wp\/v2\/media?parent=17167"}],"wp:term":[{"taxonomy":"product_brand","embeddable":true,"href":"https:\/\/agoravape.com\/hu\/wp-json\/wp\/v2\/product_brand?post=17167"},{"taxonomy":"product_cat","embeddable":true,"href":"https:\/\/agoravape.com\/hu\/wp-json\/wp\/v2\/product_cat?post=17167"},{"taxonomy":"product_tag","embeddable":true,"href":"https:\/\/agoravape.com\/hu\/wp-json\/wp\/v2\/product_tag?post=17167"}],"curies":[{"name":"wp","href":"https:\/\/api.w.org\/{rel}","templated":true}]}}