{"id":17216,"date":"2025-10-18T14:19:20","date_gmt":"2025-10-18T06:19:20","guid":{"rendered":"https:\/\/green-grasshopper-921422.hostingersite.com\/?post_type=product&#038;p=17216"},"modified":"2026-01-19T22:01:08","modified_gmt":"2026-01-19T14:01:08","slug":"wga-20k-20000-puffs-eldobhato-vape","status":"publish","type":"product","link":"https:\/\/agoravape.com\/hu\/product\/wga-20k-20000-puffs-disposable-vape\/","title":{"rendered":"WGA 20k Puffs Mesh Coil Nagy Kapacit\u00e1s\u00fa Vape | Hosszan Tart\u00f3s Mesh Coil \u00cdz C-t\u00edpus\u00fa \u00dajrat\u00f6lthet\u0151vel"},"content":{"rendered":"<h2 data-v-md-heading=\"what-are-the-special-features-of-wga-20k-high-capacity-mesh-coil-vapes\" data-v-md-line=\"3\"><\/h2>\n<p><img loading=\"lazy\" decoding=\"async\" class=\"size-full wp-image-17252 alignright\" src=\"https:\/\/agoravape.com\/wp-content\/uploads\/2025\/10\/WGA-20k-Puffs-Mesh-Coil-High-Capacity-Vape4-8.jpg\" alt=\"\" width=\"697\" height=\"257\" srcset=\"https:\/\/agoravape.com\/wp-content\/uploads\/2025\/10\/WGA-20k-Puffs-Mesh-Coil-High-Capacity-Vape4-8.jpg 697w, https:\/\/agoravape.com\/wp-content\/uploads\/2025\/10\/WGA-20k-Puffs-Mesh-Coil-High-Capacity-Vape4-8-300x111.jpg 300w\" sizes=\"auto, (max-width: 697px) 100vw, 697px\" \/><\/p>\n<h2 data-v-md-heading=\"what-are-the-special-features-of-wga-20k-high-capacity-mesh-coil-vapes\" data-v-md-line=\"3\">Melyek a WGA 20k nagy kapacit\u00e1s\u00fa h\u00e1l\u00f3s tekercses g\u0151z\u00f6l\u0151k k\u00fcl\u00f6nleges tulajdons\u00e1gai?<\/h2>\n<p data-v-md-line=\"4\">Ha m\u00e1r unod az eldobhat\u00f3 vapek haszn\u00e1lat\u00e1t a h\u00e9tv\u00e9ge el\u0151tt, akkor ez a term\u00e9k megv\u00e1ltoztatja a tapasztalatodat. A WGA 20k ak\u00e1r 20000 ciklust is kib\u00edr, \u00e9s \u00fajrat\u00f6lthet\u0151 akkumul\u00e1torral van felszerelve, \u00edgy val\u00f3ban elhaszn\u00e1lja az \u00f6sszes megv\u00e1s\u00e1rolt e-folyad\u00e9kot.<\/p>\n<p data-v-md-line=\"6\">Ha stabil \u00e9s megb\u00edzhat\u00f3 \u00edzt szeretne, an\u00e9lk\u00fcl, hogy agg\u00f3dnia kellene, akkor ez a term\u00e9k az ide\u00e1lis v\u00e1laszt\u00e1s. Egyes\u00edti az eldobhat\u00f3 vapok k\u00e9nyelm\u00e9t a h\u00e1l\u00f3s tekercsek \u00e1lland\u00f3s\u00e1g\u00e1val. \u00dagy \u00e9rezheti, hogy ez a k\u00e9sz\u00fcl\u00e9k ilyen nagy kapacit\u00e1ssal terjedelmesnek t\u0171nhet, de nagyon alkalmas a mindennapi hordoz\u00e1sra.<\/p>\n<h2 data-v-md-heading=\"excellent-performance-easy-and-convenient\" data-v-md-line=\"8\">Kiv\u00e1l\u00f3 teljes\u00edtm\u00e9ny, egyszer\u0171 \u00e9s k\u00e9nyelmes<\/h2>\n<p data-v-md-line=\"9\">A h\u00e1l\u00f3s tekercs impedanci\u00e1ja 1,2 ohm, ami a sima \u00e9s egyenletes f\u00fcst\u00f6l\u00e9s titka. Az els\u0151 harap\u00e1st\u00f3l az utols\u00f3 harap\u00e1sig az \u00edz egyenletes marad. Amikor az akkumul\u00e1tor lemer\u00fcl, egy C-t\u00edpus\u00fa adatk\u00e1bel seg\u00edts\u00e9g\u00e9vel t\u00f6ltheti fel (ami lehet, hogy ugyanaz, mint amit a telefonj\u00e1n haszn\u00e1l), an\u00e9lk\u00fcl, hogy k\u00fcl\u00f6n t\u00f6lt\u0151t kellene keresnie.<\/p>\n<h2 data-v-md-heading=\"specification-overview\" data-v-md-line=\"11\">Specifik\u00e1ci\u00f3 \u00e1ttekint\u00e9se<\/h2>\n<ul data-v-md-line=\"12\">\n<li>Sz\u00edv\u00e1s gyakoris\u00e1ga: ak\u00e1r 20000-szer<\/li>\n<li>Nikotin: 2% \u00e9s 5% nikotins\u00f3 v\u00e1laszthat\u00f3.<\/li>\n<li>Porlaszt\u00f3 mag: 1,2 \u03a9 h\u00e1l\u00f3s porlaszt\u00f3 mag<\/li>\n<li>Akkumul\u00e1tor: 850mAh \u00fajrat\u00f6lthet\u0151 akkumul\u00e1tor<\/li>\n<li>M\u0171k\u00f6d\u00e9si elv: Egyszer\u0171 \u00e9s k\u00f6nnyen haszn\u00e1lhat\u00f3<\/li>\n<li>Charging: Standard Type-C USB interface<\/li>\n<li>\u00c1llapot: Kicsomagol\u00e1s ut\u00e1n azonnal haszn\u00e1lhat\u00f3<\/li>\n<\/ul>\n<p data-v-md-line=\"20\">Figyelem! A 2% (20 mg\/ml) koncentr\u00e1ci\u00f3 alkalmas a TPD\/TRRP szab\u00e1lyozott piacokon. Az 5% (50 mg\/ml) koncentr\u00e1ci\u00f3 sz\u00e1ll\u00edt\u00e1sa a helyi t\u00f6rv\u00e9nyekt\u0151l f\u00fcgg.<\/p>\n<h2 data-v-md-heading=\"for-you-and-your-business\" data-v-md-line=\"22\">\u00d6nnek \u00e9s v\u00e1llalkoz\u00e1s\u00e1nak<\/h2>\n<p data-v-md-line=\"23\">A WGA 20k-t megv\u00e1s\u00e1rolhatja szem\u00e9lyes haszn\u00e1latra, ha pedig \u00fczletet vagy web\u00e1ruh\u00e1zat \u00fczemeltet, 160 darabos dobozokban v\u00e1s\u00e1rolhat nagykereskedelmi \u00e1rut. Minden kartondoboz sz\u00ednes vitrines dobozba van csomagolva, amely j\u00f3l l\u00e1that\u00f3an kiemelkedik a polcokon. A k\u00fcls\u0151 doboz m\u00e9rete 51 \u00d7 32,5 \u00d7 23 centim\u00e9ter, brutt\u00f3 s\u00falya 19 kilogramm, \u00edgy k\u00e9nyelmesen tervezhet\u0151 a t\u00e1rol\u00e1s \u00e9s a sz\u00e1ll\u00edt\u00e1s.<\/p>\n<p data-v-md-line=\"25\">Olyan megb\u00edzhat\u00f3 partnerekkel dolgozunk egy\u00fctt, mint a UPS, a DPD \u00e9s a DHL, hogy a k\u00e9zbes\u00edtett v\u00e1mfizet\u00e9ses (DDP) sz\u00e1ll\u00edt\u00e1st haszn\u00e1ljuk a v\u00e1mok megfelel\u0151 kezel\u00e9s\u00e9nek biztos\u00edt\u00e1sa \u00e9s a v\u00e1ratlan v\u00e1mhelyzetek elker\u00fcl\u00e9se \u00e9rdek\u00e9ben. Amikor a megrendel\u00e9st k\u00e9zbes\u00edtj\u00fck, teljes nyomon k\u00f6vet\u00e9si inform\u00e1ci\u00f3t \u00e9s a megfelel\u0151 dokumentumokat biztos\u00edtjuk.<\/p>\n<p data-v-md-line=\"25\"><img loading=\"lazy\" decoding=\"async\" class=\"size-full wp-image-17245 alignright\" src=\"https:\/\/agoravape.com\/wp-content\/uploads\/2025\/10\/WGA-20k-Puffs-Mesh-Coil-High-Capacity-Vape4-1.jpg\" alt=\"\" width=\"696\" height=\"527\" srcset=\"https:\/\/agoravape.com\/wp-content\/uploads\/2025\/10\/WGA-20k-Puffs-Mesh-Coil-High-Capacity-Vape4-1.jpg 696w, https:\/\/agoravape.com\/wp-content\/uploads\/2025\/10\/WGA-20k-Puffs-Mesh-Coil-High-Capacity-Vape4-1-300x227.jpg 300w\" sizes=\"auto, (max-width: 696px) 100vw, 696px\" \/><\/p>\n<h2 data-v-md-heading=\"why-do-you-like-it\" data-v-md-line=\"27\">Mi\u00e9rt tetszik?<\/h2>\n<ul data-v-md-line=\"28\">\n<li>T\u00f6bb slukk: hosszabb haszn\u00e1lati id\u0151, nem kell gyakran \u00faj cigarett\u00e1t v\u00e1s\u00e1rolni.<\/li>\n<li>Nikotin kiv\u00e1laszt\u00e1sa: V\u00e1lassza ki a napi szok\u00e1sainak \u00e9s a piacnak megfelel\u0151 nikotinkoncentr\u00e1ci\u00f3t.<\/li>\n<li>\u00dajrat\u00f6lthet\u0151: F\u00e9lig haszn\u00e1lt berendez\u00e9sek kidob\u00e1sa n\u00e9lk\u00fcl haszn\u00e1lhatja a teljes e-folyad\u00e9kot.<\/li>\n<li>H\u00e1l\u00f3s porlaszt\u00f3mag: konzisztens \u00e9s tiszta \u00edzt biztos\u00edt minden egyes sz\u00edv\u00e1sn\u00e1l<\/li>\n<li>Type-C Charging: Using a universal data cable makes everything simple<\/li>\n<\/ul>\n<h2 data-v-md-heading=\"why-choose-to-collaborate-with-agoravape\" data-v-md-line=\"34\">Mi\u00e9rt \u00e9rdemes az AgoraVape-pel egy\u00fcttm\u0171k\u00f6dni?<\/h2>\n<p data-v-md-line=\"35\">Csak ellen\u0151rz\u00f6tt besz\u00e1ll\u00edt\u00f3kt\u00f3l sz\u00e1rmaz\u00f3 100% eredeti term\u00e9keket forgalmazunk. Az \u00fczleti \u00fcgyfelek sz\u00e1m\u00e1ra ez kedvezm\u00e9nyes nagykereskedelmi \u00e1rakat, egy\u00e9rtelm\u0171 term\u00e9kle\u00edr\u00e1sokat \u00e9s gyors v\u00e1laszad\u00e1si t\u00e1mogat\u00e1st jelent. Ad\u00f3k\u00f6teles DDP sz\u00e1ll\u00edt\u00e1si szolg\u00e1ltat\u00e1sokat ny\u00fajtunk eg\u00e9sz Eur\u00f3p\u00e1ban, gyors sz\u00e1ll\u00edt\u00e1ssal, megb\u00edzhat\u00f3 fuvaroz\u00f3kkal \u00e9s \u00e1tfog\u00f3 korellen\u0151rz\u00e9si elj\u00e1r\u00e1sokkal.<\/p>\n<p data-v-md-line=\"37\">Az \u00d6n piac\u00e1n sz\u00fcks\u00e9g van a TPD-nek megfelel\u0151 opci\u00f3kra? K\u00edn\u00e1lunk 2% v\u00e1ltozatot. Gyorsan szeretne b\u0151v\u00edteni? Seg\u00edt\u00fcnk \u00d6nnek a k\u00e9szletszintek \u00e9s a bevezet\u00e9si \u00fctemtervek tervez\u00e9s\u00e9ben. Vegye fel vel\u00fcnk a kapcsolatot, hogy a WGA 20k Puffs Mesh Coil nagy kapacit\u00e1s\u00fa vape-t felvehesse term\u00e9kcsal\u00e1dj\u00e1ba, \u00edgy \u00fcgyfeleinek megb\u00edzhat\u00f3, nagy kapacit\u00e1s\u00fa, eldobhat\u00f3 vape-t biztos\u00edtva, \u00e9s visszat\u00e9r\u0151 v\u00e1s\u00e1rl\u00f3kk\u00e1 t\u00e9ve \u0151ket.<\/p>\n<p data-v-md-line=\"39\">Fontos figyelmeztet\u00e9s: Ez a term\u00e9k nikotint tartalmaz, \u00e9s csak feln\u0151ttek sz\u00e1m\u00e1ra k\u00e9sz\u00fclt. K\u00e9rj\u00fck, mindenk\u00e9ppen tartsa be a helyi el\u0151\u00edr\u00e1sokat \u00e9s ir\u00e1nyelveket.<\/p>","protected":false},"excerpt":{"rendered":"<p>&nbsp;<\/p>","protected":false},"featured_media":17249,"comment_status":"open","ping_status":"closed","template":"","meta":[],"product_brand":[232],"product_cat":[124,185,189,174,175,193,191,173,186,180,190,159],"product_tag":[],"class_list":{"0":"post-17216","1":"product","2":"type-product","3":"status-publish","4":"has-post-thumbnail","6":"product_brand-wga","7":"product_cat-vape-by-brand","8":"product_cat-10000-puffs-high-capacity","9":"product_cat-20mg-standard-nicotine-vapes","10":"product_cat-fruit-flavors","11":"product_cat-icy-mint","12":"product_cat-mesh-coil","13":"product_cat-rechargeable-disposables","14":"product_cat-vape-by-flavor-profile","15":"product_cat-vape-by-nicotine-strength","16":"product_cat-vape-by-puff-count","17":"product_cat-vape-by-feature-or-type","18":"product_cat-wga","20":"first","21":"onbackorder","22":"shipping-taxable","23":"purchasable","24":"product-type-variable","25":"has-default-attributes"},"tiered_pricing_type":"percentage","tiered_pricing_fixed_rules":[],"tiered_pricing_product_settings":{"layout":"default","base_unit_name":{"singular":null,"plural":null},"default_variation":null},"tiered_pricing_minimum_quantity":50,"tiered_pricing_roles_data":[],"tiered_pricing_percentage_rules":{"100":"40","200":"44","500":"47","1000":"49"},"tiered_pricing_maximum_quantity":null,"tiered_pricing_quantity_step":"10","_links":{"self":[{"href":"https:\/\/agoravape.com\/hu\/wp-json\/wp\/v2\/product\/17216","targetHints":{"allow":["GET"]}}],"collection":[{"href":"https:\/\/agoravape.com\/hu\/wp-json\/wp\/v2\/product"}],"about":[{"href":"https:\/\/agoravape.com\/hu\/wp-json\/wp\/v2\/types\/product"}],"replies":[{"embeddable":true,"href":"https:\/\/agoravape.com\/hu\/wp-json\/wp\/v2\/comments?post=17216"}],"version-history":[{"count":0,"href":"https:\/\/agoravape.com\/hu\/wp-json\/wp\/v2\/product\/17216\/revisions"}],"wp:featuredmedia":[{"embeddable":true,"href":"https:\/\/agoravape.com\/hu\/wp-json\/wp\/v2\/media\/17249"}],"wp:attachment":[{"href":"https:\/\/agoravape.com\/hu\/wp-json\/wp\/v2\/media?parent=17216"}],"wp:term":[{"taxonomy":"product_brand","embeddable":true,"href":"https:\/\/agoravape.com\/hu\/wp-json\/wp\/v2\/product_brand?post=17216"},{"taxonomy":"product_cat","embeddable":true,"href":"https:\/\/agoravape.com\/hu\/wp-json\/wp\/v2\/product_cat?post=17216"},{"taxonomy":"product_tag","embeddable":true,"href":"https:\/\/agoravape.com\/hu\/wp-json\/wp\/v2\/product_tag?post=17216"}],"curies":[{"name":"wp","href":"https:\/\/api.w.org\/{rel}","templated":true}]}}