{"id":17293,"date":"2025-10-18T16:22:30","date_gmt":"2025-10-18T08:22:30","guid":{"rendered":"https:\/\/green-grasshopper-921422.hostingersite.com\/?post_type=product&#038;p=17293"},"modified":"2025-12-15T21:30:18","modified_gmt":"2025-12-15T13:30:18","slug":"mesii-par-50k-tripla-izu-vape","status":"publish","type":"product","link":"https:\/\/agoravape.com\/hu\/product\/mesii-couple-50k-triple-flavor-vape\/","title":{"rendered":"Mesii Couple 50K Puffs Triple Mode \u00edz\u0171 vape | K\u00e9t \u00edz, amit v\u00e1lthatsz \u00e9s keverhetsz"},"content":{"rendered":"<h2 data-v-md-heading=\"what-s-special-about-mesii-double-50k-three-mode-vape\" data-v-md-line=\"3\">Mi a k\u00fcl\u00f6nleges a Mesii Double 50K h\u00e1rom \u00fczemm\u00f3d\u00fa vape-ben?<\/h2>\n<p data-v-md-line=\"4\">Ha belef\u00e1radt\u00e1l abba, hogy eg\u00e9sz nap ugyanazt az \u00edzt sz\u00edvod, ebbe a term\u00e9kbe biztosan beleszeretsz. A Mesii Couple lehet\u0151v\u00e9 teszi, hogy k\u00e9t \u00edz k\u00f6z\u00f6tt v\u00e1lts, vagy k\u00e9t \u00edzt keverj egy egyszer\u0171 A\/B\/A+B kapcsol\u00f3val. Nincs sz\u00fcks\u00e9g semmilyen unalmas m\u0171veletre, csak v\u00e1laszd ki a hangulatodat, \u00e9s m\u00e1ris haszn\u00e1lhatod.<\/p>\n<p data-v-md-line=\"6\">Olyan felhaszn\u00e1l\u00f3k sz\u00e1m\u00e1ra k\u00e9sz\u00fclt, akik hossz\u00fa akkumul\u00e1tor-\u00fczemid\u0151t \u00e9s k\u00e9nyelmes felhaszn\u00e1l\u00f3i \u00e9lm\u00e9nyt keresnek. Az 50000 n\u00e9vleges teljes\u00edtm\u00e9nyt a gy\u00e1rt\u00f3 adja meg, \u00edgy a t\u00e9nyleges akkumul\u00e1tor-\u00fczemid\u0151 a haszn\u00e1latt\u00f3l \u00e9s a m\u00f3dt\u00f3l f\u00fcgg\u0151en v\u00e1ltozhat. Mindazon\u00e1ltal tov\u00e1bbra is egy 800 mAh-s \u00fajrat\u00f6lthet\u0151 akkumul\u00e1torral \u00e9s egy 40 ml-es nagy kapacit\u00e1s\u00fa e-folyad\u00e9k tart\u00e1llyal van felszerelve, amelyek hossz\u00fa t\u00e1v\u00fa kitart\u00e1st biztos\u00edtanak.<\/p>\n<h2 data-v-md-heading=\"excellent-performance-easy-and-convenient\" data-v-md-line=\"8\">Kiv\u00e1l\u00f3 teljes\u00edtm\u00e9ny, egyszer\u0171 \u00e9s k\u00e9nyelmes<\/h2>\n<p data-v-md-line=\"9\">Az egyik eszk\u00f6z k\u00e9t be\u00e9p\u00edtett \u00edzcsatorn\u00e1val rendelkezik. Az A szintre billentve kiv\u00e1laszthatod az els\u0151 \u00edzt, a B szintre billentve pedig a m\u00e1sodikat. Ha a vegyes \u00edzeket szereted, v\u00e1laszd az A+B szintet. A kifinomult tekercskialak\u00edt\u00e1s stabil \u00edz\u00e9lm\u00e9nyt biztos\u00edt, \u00edgy az els\u0151 falat olyan \u00e9rz\u00e9s, mint az utols\u00f3. Ha az akkumul\u00e1tor lemer\u00fclt, egyszer\u0171en t\u00f6ltsd fel a tov\u00e1bbi haszn\u00e1lathoz. Egyszer\u0171 \u00e9s k\u00e9nyelmes.<\/p>\n<h2 data-v-md-heading=\"specification-introduction\" data-v-md-line=\"11\">Specifik\u00e1ci\u00f3 Bevezet\u00e9s<\/h2>\n<ul data-v-md-line=\"12\">\n<li>Sz\u00edv\u00e1si gyakoris\u00e1g: ak\u00e1r 50000-szer<\/li>\n<li>Nicotine content: 0%, 2%, 3%, 5%<\/li>\n<li>E-folyad\u00e9k kapacit\u00e1sa: 40 milliliter<\/li>\n<li>Akkumul\u00e1tor: 800mAh \u00fajrat\u00f6lthet\u0151 akkumul\u00e1tor<\/li>\n<li>M\u0171k\u00f6d\u00e9si m\u00f3d: A\/B\/A+B \u00edzv\u00e1lt\u00e1s<\/li>\n<li>Charging method: USB charging<\/li>\n<li>\u00c1llapot: Kicsomagol\u00e1s ut\u00e1n haszn\u00e1latra k\u00e9sz<\/li>\n<\/ul>\n<h2 data-v-md-heading=\"full-range-of-flavors\" data-v-md-line=\"20\">Full range of flavors<\/h2>\n<ul data-v-md-line=\"21\">\n<li>G\u00f6r\u00f6gdinnyefagylalt + Eper-kivi<\/li>\n<li>Lime-menta+eper-g\u00f6r\u00f6gdinnye<\/li>\n<li>\u00c1fony\u00e1s j\u00e9g + g\u00f6r\u00f6gdinnye j\u00e9g<\/li>\n<li>\u0150szibarack \u00e9s savany\u00fa anan\u00e1sz<\/li>\n<li>Red Bull+Cseresznye k\u00f3la<\/li>\n<li>\u00c1fony\u00e1s j\u00e9g + citrom-lime<\/li>\n<li>Cseresznyefagylalt + Tripla dinnyefagylalt<\/li>\n<li>Dupla alm\u00e1s j\u00e9g + \u0151szibarackos j\u00e9g<\/li>\n<li>Sz\u0151l\u0151fagylalt + Fekete ribizli sz\u0151l\u0151<\/li>\n<li>Vegyes bogy\u00f3s \u00e9s eper<\/li>\n<\/ul>\n<h2 data-v-md-heading=\"for-you-for-your-business\" data-v-md-line=\"32\">\u00d6nnek, az \u00d6n v\u00e1llalkoz\u00e1s\u00e1nak<\/h2>\n<p data-v-md-line=\"33\">A Mesii Couple 50K-t megv\u00e1s\u00e1rolhatod szem\u00e9lyes haszn\u00e1latra, vagy hozz\u00e1adhatod az \u00fczletedhez. A nagykereskedelmi kartondoboz 150 darabot tartalmaz, \u00edgy gyorsan gazdag \u00edzvil\u00e1got hozhatsz l\u00e9tre. A kartondoboz brutt\u00f3 s\u00falya k\u00f6r\u00fclbel\u00fcl 17,5 kilogramm, ami hasznos a t\u00e1rol\u00e1s \u00e9s a sz\u00e1ll\u00edt\u00e1s megtervez\u00e9s\u00e9ben.<\/p>\n<p data-v-md-line=\"35\">Az Eur\u00f3pai Uni\u00f3n bel\u00fcl DDP sz\u00e1ll\u00edt\u00e1si szolg\u00e1ltat\u00e1sokat ny\u00fajtunk olyan megb\u00edzhat\u00f3 partnereken kereszt\u00fcl, mint a UPS, a DPD \u00e9s a DHL, \u00edgy a v\u00e1mok \u00e9s ad\u00f3k el\u0151re feldolgozhat\u00f3k. Ker\u00fclje el a kellemetlen v\u00e1mbaleseteket. Azoknak a v\u00e1s\u00e1rl\u00f3knak, akiknek fontos a megfelel\u0151s\u00e9g, k\u00e9rj\u00fck, vegy\u00e9k figyelembe, hogy a k\u00e9sz\u00fcl\u00e9k 40 milliliteres kapacit\u00e1s\u00fa, \u00edgy el\u0151fordulhat, hogy nem felel meg a TPD\/TRRP szab\u00e1lyoknak azokon a piacokon, ahol a 2 milliliteres kapacit\u00e1skorl\u00e1t k\u00f6telez\u0151. K\u00e9rj\u00fck, a k\u00f6zz\u00e9t\u00e9tel vagy a v\u00e1s\u00e1rl\u00e1s el\u0151tt ellen\u0151rizze a helyi el\u0151\u00edr\u00e1sokat.<\/p>\n<h2 data-v-md-heading=\"why-do-you-like-it\" data-v-md-line=\"37\">Mi\u00e9rt tetszik?<\/h2>\n<ul data-v-md-line=\"38\">\n<li>T\u00f6meges doh\u00e1nyz\u00e1s: Gyakori ut\u00e1nt\u00f6lt\u00e9s n\u00e9lk\u00fcl t\u00f6bb id\u0151d marad a g\u0151z\u00f6l\u00e9s \u00e9lvezet\u00e9re.<\/li>\n<li>Nikotinkoncentr\u00e1ci\u00f3 kiv\u00e1laszt\u00e1sa: V\u00e1lassza ki a szok\u00e1sainak megfelel\u0151 nikotinkoncentr\u00e1ci\u00f3t.<\/li>\n<li>\u00dajrat\u00f6lthet\u0151: A f\u00e9lig haszn\u00e1lt eszk\u00f6z\u00f6k kidob\u00e1sa helyett felhaszn\u00e1lhatja a megv\u00e1s\u00e1rolt e-liquidet.<\/li>\n<li>H\u00e1rmas \u00edz m\u00f3d: k\u00e9t \u00edz k\u00f6z\u00f6tt v\u00e1lthat, vagy a helysz\u00ednen keverheti \u0151ket.<\/li>\n<li>\u00c1lland\u00f3 \u00edz: A gondosan hangolt tekercsek kiegyens\u00falyozott \u00edzt biztos\u00edtanak az elej\u00e9t\u0151l a v\u00e9g\u00e9ig.<\/li>\n<\/ul>\n<h2 data-v-md-heading=\"why-choose-to-collaborate-with-agoravape\" data-v-md-line=\"44\">Mi\u00e9rt \u00e9rdemes az AgoraVape-pel egy\u00fcttm\u0171k\u00f6dni?<\/h2>\n<p data-v-md-line=\"45\">Kiz\u00e1r\u00f3lag eredeti term\u00e9keket \u00e1rus\u00edtunk, \u00e9s felel\u0151ss\u00e9get is v\u00e1llalunk \u00e9rt\u00fck. Kereskedelmi \u00fcgyfelek sz\u00e1m\u00e1ra ez azt jelenti, hogy a Mesii Couple 50K Puffs tripla \u00edzes\u00edt\u00e9s\u0171 vape-ek korrekt nagykereskedelmi \u00e1rakat, megb\u00edzhat\u00f3 \u00fcgyf\u00e9lszolg\u00e1latot, valamint gyors \u00e9s megb\u00edzhat\u00f3 DDP kisz\u00e1ll\u00edt\u00e1si szolg\u00e1ltat\u00e1st k\u00edn\u00e1lnak. Ha azt szeretn\u00e9, hogy \u00fcgyfelei ne b\u00e1nj\u00e1k meg a k\u00e9szletv\u00e1s\u00e1rl\u00e1st, k\u00e9rj\u00fck, vegye fel vel\u00fcnk a kapcsolatot. Seg\u00edt\u00fcnk \u00d6nnek egy folyamatosan n\u00f6vekv\u0151 term\u00e9kcsal\u00e1d ki\u00e9p\u00edt\u00e9s\u00e9ben.<\/p>\n<p><script src=\"chrome-extension:\/\/fpelahbljekknahkcaegamhcndkfpfnc\/iFrame.js\" type=\"text\/javascript\"><\/script><\/p>","protected":false},"excerpt":{"rendered":"<p>&nbsp;<\/p>\n<p><script src=\"chrome-extension:\/\/fpelahbljekknahkcaegamhcndkfpfnc\/iFrame.js\" type=\"text\/javascript\"><\/script><\/p>\n<p><script src=\"chrome-extension:\/\/fpelahbljekknahkcaegamhcndkfpfnc\/iFrame.js\" type=\"text\/javascript\"><\/script><\/p>\n<p><script src=\"chrome-extension:\/\/fpelahbljekknahkcaegamhcndkfpfnc\/iFrame.js\" type=\"text\/javascript\"><\/script><\/p>\n<p><script src=\"chrome-extension:\/\/fpelahbljekknahkcaegamhcndkfpfnc\/iFrame.js\" type=\"text\/javascript\"><\/script><\/p>\n<p><script src=\"chrome-extension:\/\/fpelahbljekknahkcaegamhcndkfpfnc\/iFrame.js\" type=\"text\/javascript\"><\/script><\/p>\n<p><script src=\"chrome-extension:\/\/fpelahbljekknahkcaegamhcndkfpfnc\/iFrame.js\" type=\"text\/javascript\"><\/script><\/p>\n<p><script src=\"chrome-extension:\/\/fpelahbljekknahkcaegamhcndkfpfnc\/iFrame.js\" type=\"text\/javascript\"><\/script><\/p>\n<p><script src=\"chrome-extension:\/\/fpelahbljekknahkcaegamhcndkfpfnc\/iFrame.js\" type=\"text\/javascript\"><\/script><\/p>\n<p><script src=\"chrome-extension:\/\/fpelahbljekknahkcaegamhcndkfpfnc\/iFrame.js\" type=\"text\/javascript\"><\/script><\/p>\n<p><script src=\"chrome-extension:\/\/fpelahbljekknahkcaegamhcndkfpfnc\/iFrame.js\" type=\"text\/javascript\"><\/script><\/p>\n<p><script src=\"chrome-extension:\/\/fpelahbljekknahkcaegamhcndkfpfnc\/iFrame.js\" type=\"text\/javascript\"><\/script><\/p>\n<p><script src=\"chrome-extension:\/\/fpelahbljekknahkcaegamhcndkfpfnc\/iFrame.js\" type=\"text\/javascript\"><\/script><\/p>\n<p><script src=\"chrome-extension:\/\/fpelahbljekknahkcaegamhcndkfpfnc\/iFrame.js\" type=\"text\/javascript\"><\/script><\/p>\n<p><script src=\"chrome-extension:\/\/fpelahbljekknahkcaegamhcndkfpfnc\/iFrame.js\" type=\"text\/javascript\"><\/script><\/p>\n<p><script src=\"chrome-extension:\/\/fpelahbljekknahkcaegamhcndkfpfnc\/iFrame.js\" type=\"text\/javascript\"><\/script><\/p>\n<p><script src=\"chrome-extension:\/\/fpelahbljekknahkcaegamhcndkfpfnc\/iFrame.js\" type=\"text\/javascript\"><\/script><\/p>","protected":false},"featured_media":17329,"comment_status":"open","ping_status":"closed","template":"","meta":[],"product_brand":[234],"product_cat":[124,187,185,189,195,174,175,161,191,173,186,180,190],"product_tag":[],"class_list":{"0":"post-17293","1":"product","2":"type-product","3":"status-publish","4":"has-post-thumbnail","6":"product_brand-mesii","7":"product_cat-vape-by-brand","8":"product_cat-0mg-nicotine-free-vapes","9":"product_cat-10000-puffs-high-capacity","10":"product_cat-20mg-standard-nicotine-vapes","11":"product_cat-dual-flavor-switch","12":"product_cat-fruit-flavors","13":"product_cat-icy-mint","14":"product_cat-mesii","15":"product_cat-rechargeable-disposables","16":"product_cat-vape-by-flavor-profile","17":"product_cat-vape-by-nicotine-strength","18":"product_cat-vape-by-puff-count","19":"product_cat-vape-by-feature-or-type","21":"first","22":"instock","23":"shipping-taxable","24":"purchasable","25":"product-type-variable","26":"has-default-attributes"},"tiered_pricing_type":"percentage","tiered_pricing_fixed_rules":[],"tiered_pricing_product_settings":{"layout":"default","base_unit_name":{"singular":null,"plural":null},"default_variation":null},"tiered_pricing_minimum_quantity":10,"tiered_pricing_roles_data":[],"tiered_pricing_percentage_rules":{"30":"29","50":"35","100":"40","200":"44","500":"47","1000":"49"},"tiered_pricing_maximum_quantity":null,"tiered_pricing_quantity_step":"10","_links":{"self":[{"href":"https:\/\/agoravape.com\/hu\/wp-json\/wp\/v2\/product\/17293","targetHints":{"allow":["GET"]}}],"collection":[{"href":"https:\/\/agoravape.com\/hu\/wp-json\/wp\/v2\/product"}],"about":[{"href":"https:\/\/agoravape.com\/hu\/wp-json\/wp\/v2\/types\/product"}],"replies":[{"embeddable":true,"href":"https:\/\/agoravape.com\/hu\/wp-json\/wp\/v2\/comments?post=17293"}],"version-history":[{"count":0,"href":"https:\/\/agoravape.com\/hu\/wp-json\/wp\/v2\/product\/17293\/revisions"}],"wp:featuredmedia":[{"embeddable":true,"href":"https:\/\/agoravape.com\/hu\/wp-json\/wp\/v2\/media\/17329"}],"wp:attachment":[{"href":"https:\/\/agoravape.com\/hu\/wp-json\/wp\/v2\/media?parent=17293"}],"wp:term":[{"taxonomy":"product_brand","embeddable":true,"href":"https:\/\/agoravape.com\/hu\/wp-json\/wp\/v2\/product_brand?post=17293"},{"taxonomy":"product_cat","embeddable":true,"href":"https:\/\/agoravape.com\/hu\/wp-json\/wp\/v2\/product_cat?post=17293"},{"taxonomy":"product_tag","embeddable":true,"href":"https:\/\/agoravape.com\/hu\/wp-json\/wp\/v2\/product_tag?post=17293"}],"curies":[{"name":"wp","href":"https:\/\/api.w.org\/{rel}","templated":true}]}}