{"id":17342,"date":"2025-10-18T16:38:23","date_gmt":"2025-10-18T08:38:23","guid":{"rendered":"https:\/\/green-grasshopper-921422.hostingersite.com\/?post_type=product&#038;p=17342"},"modified":"2026-02-22T15:16:06","modified_gmt":"2026-02-22T14:16:06","slug":"mesii-shisha-heavy-hitter-50k-vape","status":"publish","type":"product","link":"https:\/\/agoravape.com\/hu\/product\/mesii-shisha-heavy-hitter-50k-vape\/","title":{"rendered":"Mesii Shisha Heavy Hitter 50 ezer szippant\u00e1s DTL\/MTL Vape | Nagy szippant\u00e1ssz\u00e1m kett\u0151s sz\u00edv\u00e1s\u00fa st\u00edlusokkal"},"content":{"rendered":"<h2 data-v-md-heading=\"what-are-the-characteristics-of-mesii-shisha-heavy-hitter-50k-caliber-caliber-vapes\" data-v-md-line=\"3\"><img loading=\"lazy\" decoding=\"async\" class=\"aligncenter size-full wp-image-17354\" src=\"https:\/\/agoravape.com\/wp-content\/uploads\/2025\/10\/Mesii-Shisha-Heavy-Hitter-50k-Puffs-DTLMTL-Vape_Agora_vape-1-scaled.webp\" alt=\"\" width=\"1810\" height=\"2560\" srcset=\"https:\/\/agoravape.com\/wp-content\/uploads\/2025\/10\/Mesii-Shisha-Heavy-Hitter-50k-Puffs-DTLMTL-Vape_Agora_vape-1-scaled.webp 1810w, https:\/\/agoravape.com\/wp-content\/uploads\/2025\/10\/Mesii-Shisha-Heavy-Hitter-50k-Puffs-DTLMTL-Vape_Agora_vape-1-scaled-1200x1697.webp 1200w, https:\/\/agoravape.com\/wp-content\/uploads\/2025\/10\/Mesii-Shisha-Heavy-Hitter-50k-Puffs-DTLMTL-Vape_Agora_vape-1-212x300.webp 212w, https:\/\/agoravape.com\/wp-content\/uploads\/2025\/10\/Mesii-Shisha-Heavy-Hitter-50k-Puffs-DTLMTL-Vape_Agora_vape-1-724x1024.webp 724w, https:\/\/agoravape.com\/wp-content\/uploads\/2025\/10\/Mesii-Shisha-Heavy-Hitter-50k-Puffs-DTLMTL-Vape_Agora_vape-1-768x1086.webp 768w, https:\/\/agoravape.com\/wp-content\/uploads\/2025\/10\/Mesii-Shisha-Heavy-Hitter-50k-Puffs-DTLMTL-Vape_Agora_vape-1-1086x1536.webp 1086w, https:\/\/agoravape.com\/wp-content\/uploads\/2025\/10\/Mesii-Shisha-Heavy-Hitter-50k-Puffs-DTLMTL-Vape_Agora_vape-1-1448x2048.webp 1448w\" sizes=\"auto, (max-width: 1810px) 100vw, 1810px\" \/><\/h2>\n<h2 data-v-md-heading=\"what-are-the-characteristics-of-mesii-shisha-heavy-hitter-50k-caliber-caliber-vapes\" data-v-md-line=\"3\">Milyen jellemz\u0151i vannak a Mesii Shisha Heavy Hitter 50k kaliber\u0171\/kaliber\u0171 vape-eknek?<\/h2>\n<p data-v-md-line=\"4\">Ha eleged van az eldobhat\u00f3, n\u00e9h\u00e1ny nap alatt elhaszn\u00e1lhat\u00f3 vape-ekb\u0151l, akkor mindenk\u00e9ppen \u00e9rdemes k\u00f6zelebbr\u0151l is megvizsg\u00e1lnod ezt a term\u00e9ket. A Mesii Shisha Heavy Hitter h\u00e1l\u00f3s tekercsekkel van felszerelve, amelyek ak\u00e1r 50 000 falat befogad\u00e1s\u00e1ra is alkalmasak, \u00edgy biztos\u00edtva a mindig egyenletes \u00e9s tiszta \u00edzt.<\/p>\n<p data-v-md-line=\"6\">K\u00e9tf\u00e9le doh\u00e1nyz\u00e1si m\u00f3dra alkalmas. Ak\u00e1r a szoros sz\u00e1jsz\u00edv\u00e1st, ak\u00e1r a sima, egyenes sz\u00edv\u00e1st r\u00e9szes\u00edted el\u0151nyben, ez az eszk\u00f6z k\u00f6nnyed\u00e9n kezeli a probl\u00e9m\u00e1t. Azt gondolhatn\u00e1d, hogy egy ekkora kapacit\u00e1s\u00fa vape neh\u00e9zkes, de a k\u00f6nny\u0171 s\u00falya \u00e9s hordozhat\u00f3s\u00e1ga meglep majd.<\/p>\n<h2 data-v-md-heading=\"excellent-performance-and-easy-operation\" data-v-md-line=\"8\">Kiv\u00e1l\u00f3 teljes\u00edtm\u00e9ny \u00e9s egyszer\u0171 kezelhet\u0151s\u00e9g<\/h2>\n<p data-v-md-line=\"9\">Be\u00e9p\u00edtett h\u00e1l\u00f3s tekercs az egyenletes h\u0151elvezet\u00e9s\u00e9rt, \u00edgy minden sz\u00edv\u00e1s olyan sima, mint az els\u0151 sz\u00edv\u00e1s. Bel\u00e9gz\u00e9skor aktiv\u00e1l\u00f3dik, gombok vagy men\u00fck haszn\u00e1lata n\u00e9lk\u00fcl. Ha az akkumul\u00e1tor t\u00f6lt\u00f6tts\u00e9gi szintje alacsony, a t\u00f6lt\u00e9shez szabv\u00e1nyos Type-C adatk\u00e1belt haszn\u00e1lhat (amely megegyezhet a telefonon haszn\u00e1lt k\u00e1bellel). Egyszer\u0171 \u00e9s k\u00e9nyelmes.<\/p>\n<h2 data-v-md-heading=\"specification-overview\" data-v-md-line=\"11\">Specifik\u00e1ci\u00f3 \u00e1ttekint\u00e9se<\/h2>\n<p data-v-md-line=\"12\"><strong>Suction frequency<\/strong>ak\u00e1r 50 000 alkalommal<br \/>\n<strong>Nikotintartalom<\/strong>: 0%, 0.2%, 0.3%, 0.5%<br \/>\n<strong>Haszn\u00e1lat<\/strong>Aktiv\u00e1l\u00e1shoz sz\u00edvj egy slukkot<br \/>\n<strong>Charging method<\/strong>Standard C t\u00edpus\u00fa USB csatlakoz\u00f3<br \/>\n<strong>\u00c1llapot<\/strong>Kicsomagol\u00e1s ut\u00e1n haszn\u00e1latra k\u00e9sz<br \/>\n<strong>Sz\u00edv\u00e1si m\u00f3dszer<\/strong>k\u00f6nny\u0171 sz\u00edv\u00e1s vagy or\u00e1lis sz\u00edv\u00e1s<br \/>\n<strong>e-folyad\u00e9k kapacit\u00e1s<\/strong>45 milliliter<br \/>\n<strong>Akkumul\u00e1tor<\/strong>800 mAh-s \u00fajrat\u00f6lthet\u0151 akkumul\u00e1tor<br \/>\n<strong>Porlaszt\u00f3 mag<\/strong>H\u00e1l\u00f3szer\u0171<\/p>\n<h2 data-v-md-heading=\"full-range-of-flavors\" data-v-md-line=\"22\">Full range of flavors<\/h2>\n<ul data-v-md-line=\"23\">\n<li>Epres Margarita (v\u00edzipipa)<\/li>\n<li>Love 777 (v\u00edzipipa)<\/li>\n<li>Sz\u0151l\u0151-menta (v\u00edzipipa)<\/li>\n<li>Dupla alm\u00e1s j\u00e9g (v\u00edzipipa)<\/li>\n<li>Lady Killer (v\u00edzipipa)<\/li>\n<li>\u0150szibarack j\u00e9g<\/li>\n<li>K\u00e9k j\u00e9gp\u00e1lya<\/li>\n<li>G\u00f6r\u00f6gdinnye j\u00e9g<\/li>\n<li>Bogy\u00f3s j\u00e9g<\/li>\n<li>Szederfagylalt<\/li>\n<li>Eper-cseresznyefagylalt<\/li>\n<li>\u00c1fony\u00e1s \u00e9s g\u00f6r\u00f6gdinnye j\u00e9g<\/li>\n<li>Citrom \u00e9s lime j\u00e9g<\/li>\n<li>Savany\u00fa mang\u00f3s anan\u00e1szos j\u00e9g<\/li>\n<li>Sz\u0151l\u0151fagylalt<\/li>\n<\/ul>\n<h2 data-v-md-heading=\"for-you-and-for-your-business-as-well\" data-v-md-line=\"39\">Neked, \u00e9s a v\u00e1llalkoz\u00e1sodnak is<\/h2>\n<p data-v-md-line=\"40\">A Mesii Shisha Heavy Hitter 50k-t megv\u00e1s\u00e1rolhatod magadnak, vagy felhalmozhatod az \u00fczletedbe. A nagykereskedelmi kartondoboz 150 darabot tartalmaz, \u00edgy k\u00f6nnyed\u00e9n \u00f6ssze\u00e1ll\u00edthatsz egy legkelend\u0151bb \u00edzsorozatot. A kartondoboz brutt\u00f3 s\u00falya k\u00f6r\u00fclbel\u00fcl 17,5 kilogramm, ami k\u00e9nyelmes a tervez\u00e9s \u00e9s a sz\u00e1ll\u00edt\u00e1s szempontj\u00e1b\u00f3l.<\/p>\n<p data-v-md-line=\"42\">Eur\u00f3p\u00e1n bel\u00fcl UPS, DPD \u00e9s DHL szolg\u00e1ltat\u00e1ssal sz\u00e1ll\u00edtunk, ad\u00f3k\u00f6teles DDP alapon, \u00edgy a megrendel\u00e9sek tov\u00e1bbi d\u00edjak \u00e9s k\u00e9sedelmek n\u00e9lk\u00fcl feldolgozhat\u00f3k. Nyomon k\u00f6vet\u00e9st biztos\u00edtunk, \u00e9s gondosan csomagolunk.<\/p>\n<h2 data-v-md-heading=\"why-do-you-like-it\" data-v-md-line=\"44\">Mi\u00e9rt tetszik?<\/h2>\n<p data-v-md-line=\"45\"><strong>Massz\u00edv sz\u00edv\u00e1s:<\/strong>\u00a0A sz\u00edv\u00e1si id\u0151 hosszabb, \u00edgy nem kell gyakran \u00fajat venni.<br \/>\n<strong>Nicotine selection:<\/strong>\u00a0V\u00e1laszd ki az \u00d6nnek megfelel\u0151 koncentr\u00e1ci\u00f3t.<br \/>\n<strong>\u00dajrat\u00f6lthet\u0151:<\/strong>\u00a0Haszn\u00e1ld fel az \u00f6sszes megv\u00e1s\u00e1rolt e-liquidet egyszerre.<br \/>\n<strong>H\u00e1l\u00f3s porlaszt\u00f3 mag:<\/strong>\u00a0minden alkalommal stabil \u00e9s gazdag \u00edzt biztos\u00edt.<br \/>\n<strong>Rugalmas \u00e9s sokoldal\u00fa:<\/strong>\u00a0A sz\u00edv\u00e1s m\u00f3dj\u00e1t hangulatodnak megfelel\u0151en v\u00e1lthatod.<\/p>\n<h2 data-v-md-heading=\"why-collaborate-with-agoravape\" data-v-md-line=\"51\">Mi\u00e9rt \u00e9rdemes az AgoraVape-pel egy\u00fcttm\u0171k\u00f6dni?<\/h2>\n<p data-v-md-line=\"52\">Kiz\u00e1r\u00f3lag 100%-ban eredeti term\u00e9keket forgalmazunk, \u00e9s erre garanci\u00e1t is v\u00e1llalunk. V\u00e1llalati \u00fcgyfeleink kedvezm\u00e9nyes nagykereskedelmi \u00e1rakat, gyors \u00e9rt\u00e9kes\u00edt\u00e9s ut\u00e1ni t\u00e1mogat\u00e1st \u00e9s gyors ad\u00f3fizet\u00e9st \u00e9lvezhetnek a Mesii Shisha Heavy Hitter 50k Puffs DTL\/MTL vape-ek eset\u00e9ben. L\u00e9pjen kapcsolatba vel\u00fcnk, \u00e9s elk\u00e9sz\u00edt\u00fcnk \u00d6nnek egy tart\u00f3s, eldobhat\u00f3 term\u00e9ket, hogy n\u00f6velje \u00fcgyf\u00e9lmegtart\u00e1si ar\u00e1ny\u00e1t.<\/p>\n<p><script src=\"chrome-extension:\/\/fpelahbljekknahkcaegamhcndkfpfnc\/iFrame.js\" type=\"text\/javascript\"><\/script><\/p>","protected":false},"excerpt":{"rendered":"<p>&nbsp;<\/p>\n<p><script src=\"chrome-extension:\/\/fpelahbljekknahkcaegamhcndkfpfnc\/iFrame.js\" type=\"text\/javascript\"><\/script><\/p>\n<p><script src=\"chrome-extension:\/\/fpelahbljekknahkcaegamhcndkfpfnc\/iFrame.js\" type=\"text\/javascript\"><\/script><\/p>\n<p><script src=\"chrome-extension:\/\/fpelahbljekknahkcaegamhcndkfpfnc\/iFrame.js\" type=\"text\/javascript\"><\/script><\/p>\n<p><script src=\"chrome-extension:\/\/fpelahbljekknahkcaegamhcndkfpfnc\/iFrame.js\" type=\"text\/javascript\"><\/script><\/p>\n<p><script src=\"chrome-extension:\/\/fpelahbljekknahkcaegamhcndkfpfnc\/iFrame.js\" type=\"text\/javascript\"><\/script><\/p>\n<p><script src=\"chrome-extension:\/\/fpelahbljekknahkcaegamhcndkfpfnc\/iFrame.js\" type=\"text\/javascript\"><\/script><\/p>\n<p><script src=\"chrome-extension:\/\/fpelahbljekknahkcaegamhcndkfpfnc\/iFrame.js\" type=\"text\/javascript\"><\/script><\/p>\n<p><script src=\"chrome-extension:\/\/fpelahbljekknahkcaegamhcndkfpfnc\/iFrame.js\" type=\"text\/javascript\"><\/script><\/p>\n<p><script src=\"chrome-extension:\/\/fpelahbljekknahkcaegamhcndkfpfnc\/iFrame.js\" type=\"text\/javascript\"><\/script><\/p>\n<p><script src=\"chrome-extension:\/\/fpelahbljekknahkcaegamhcndkfpfnc\/iFrame.js\" type=\"text\/javascript\"><\/script><\/p>\n<p><script src=\"chrome-extension:\/\/fpelahbljekknahkcaegamhcndkfpfnc\/iFrame.js\" type=\"text\/javascript\"><\/script><\/p>\n<p><script src=\"chrome-extension:\/\/fpelahbljekknahkcaegamhcndkfpfnc\/iFrame.js\" type=\"text\/javascript\"><\/script><\/p>\n<p><script src=\"chrome-extension:\/\/fpelahbljekknahkcaegamhcndkfpfnc\/iFrame.js\" type=\"text\/javascript\"><\/script><\/p>\n<p><script src=\"chrome-extension:\/\/fpelahbljekknahkcaegamhcndkfpfnc\/iFrame.js\" type=\"text\/javascript\"><\/script><\/p>\n<p><script src=\"chrome-extension:\/\/fpelahbljekknahkcaegamhcndkfpfnc\/iFrame.js\" type=\"text\/javascript\"><\/script><\/p>","protected":false},"featured_media":17366,"comment_status":"open","ping_status":"closed","template":"","meta":[],"product_brand":[234],"product_cat":[124,187,185,189,174,175,193,161,191,179,173,186,180,190,192],"product_tag":[],"class_list":{"0":"post-17342","1":"product","2":"type-product","3":"status-publish","4":"has-post-thumbnail","6":"product_brand-mesii","7":"product_cat-vape-by-brand","8":"product_cat-0mg-nicotine-free-vapes","9":"product_cat-10000-puffs-high-capacity","10":"product_cat-20mg-standard-nicotine-vapes","11":"product_cat-fruit-flavors","12":"product_cat-icy-mint","13":"product_cat-mesh-coil","14":"product_cat-mesii","15":"product_cat-rechargeable-disposables","16":"product_cat-unique-blends","17":"product_cat-vape-by-flavor-profile","18":"product_cat-vape-by-nicotine-strength","19":"product_cat-vape-by-puff-count","20":"product_cat-vape-by-feature-or-type","21":"product_cat-vapes-with-screens","23":"first","24":"onbackorder","25":"shipping-taxable","26":"purchasable","27":"product-type-variable","28":"has-default-attributes"},"tiered_pricing_type":"percentage","tiered_pricing_fixed_rules":[],"tiered_pricing_product_settings":{"layout":"default","base_unit_name":{"singular":null,"plural":null},"default_variation":null},"tiered_pricing_minimum_quantity":10,"tiered_pricing_roles_data":[],"tiered_pricing_percentage_rules":{"30":"29","50":"35","100":"40","200":"44","500":"47","1000":"49"},"tiered_pricing_maximum_quantity":null,"tiered_pricing_quantity_step":"10","_links":{"self":[{"href":"https:\/\/agoravape.com\/hu\/wp-json\/wp\/v2\/product\/17342","targetHints":{"allow":["GET"]}}],"collection":[{"href":"https:\/\/agoravape.com\/hu\/wp-json\/wp\/v2\/product"}],"about":[{"href":"https:\/\/agoravape.com\/hu\/wp-json\/wp\/v2\/types\/product"}],"replies":[{"embeddable":true,"href":"https:\/\/agoravape.com\/hu\/wp-json\/wp\/v2\/comments?post=17342"}],"version-history":[{"count":0,"href":"https:\/\/agoravape.com\/hu\/wp-json\/wp\/v2\/product\/17342\/revisions"}],"wp:featuredmedia":[{"embeddable":true,"href":"https:\/\/agoravape.com\/hu\/wp-json\/wp\/v2\/media\/17366"}],"wp:attachment":[{"href":"https:\/\/agoravape.com\/hu\/wp-json\/wp\/v2\/media?parent=17342"}],"wp:term":[{"taxonomy":"product_brand","embeddable":true,"href":"https:\/\/agoravape.com\/hu\/wp-json\/wp\/v2\/product_brand?post=17342"},{"taxonomy":"product_cat","embeddable":true,"href":"https:\/\/agoravape.com\/hu\/wp-json\/wp\/v2\/product_cat?post=17342"},{"taxonomy":"product_tag","embeddable":true,"href":"https:\/\/agoravape.com\/hu\/wp-json\/wp\/v2\/product_tag?post=17342"}],"curies":[{"name":"wp","href":"https:\/\/api.w.org\/{rel}","templated":true}]}}