{"id":17376,"date":"2025-10-18T16:52:16","date_gmt":"2025-10-18T08:52:16","guid":{"rendered":"https:\/\/green-grasshopper-921422.hostingersite.com\/?post_type=product&#038;p=17376"},"modified":"2025-12-15T21:30:17","modified_gmt":"2025-12-15T13:30:17","slug":"mesii-triple-niice-35k-allithato-vape","status":"publish","type":"product","link":"https:\/\/agoravape.com\/hu\/product\/mesii-triple-niice-35k-adjustable-vape\/","title":{"rendered":"Mesii Triple NIICE 35K F\u00faj\u00e1s \u00c1ll\u00edthat\u00f3 J\u00e9g- \u00e9s Niac Vape | Nagy F\u00faj\u00e1ssz\u00e1m. Be\u00e1ll\u00edthat\u00f3 K\u00e9nyelem."},"content":{"rendered":"<h2 data-v-md-heading=\"what-is-special-about-mesii-triple-niice-35000-puff-adjustable-freezing-point-and-nicotine-vape\" data-v-md-line=\"3\"><img loading=\"lazy\" decoding=\"async\" class=\"aligncenter size-full wp-image-17393\" src=\"https:\/\/agoravape.com\/wp-content\/uploads\/2025\/10\/Mesii-Triple-NIICE-35K-Puffs-Adjustable-Ice-Nic-Vape_Agora_vape-1.webp\" alt=\"\" width=\"1000\" height=\"1000\" srcset=\"https:\/\/agoravape.com\/wp-content\/uploads\/2025\/10\/Mesii-Triple-NIICE-35K-Puffs-Adjustable-Ice-Nic-Vape_Agora_vape-1.webp 1000w, https:\/\/agoravape.com\/wp-content\/uploads\/2025\/10\/Mesii-Triple-NIICE-35K-Puffs-Adjustable-Ice-Nic-Vape_Agora_vape-1-600x600.webp 600w, https:\/\/agoravape.com\/wp-content\/uploads\/2025\/10\/Mesii-Triple-NIICE-35K-Puffs-Adjustable-Ice-Nic-Vape_Agora_vape-1-300x300.webp 300w, https:\/\/agoravape.com\/wp-content\/uploads\/2025\/10\/Mesii-Triple-NIICE-35K-Puffs-Adjustable-Ice-Nic-Vape_Agora_vape-1-150x150.webp 150w, https:\/\/agoravape.com\/wp-content\/uploads\/2025\/10\/Mesii-Triple-NIICE-35K-Puffs-Adjustable-Ice-Nic-Vape_Agora_vape-1-768x768.webp 768w\" sizes=\"auto, (max-width: 1000px) 100vw, 1000px\" \/><\/h2>\n<h2 data-v-md-heading=\"what-is-special-about-mesii-triple-niice-35000-puff-adjustable-freezing-point-and-nicotine-vape\" data-v-md-line=\"3\">Mi a k\u00fcl\u00f6nleges a Mesii Triple NIICE 35000 puff \u00e1ll\u00edthat\u00f3 fagy\u00e1spont\u00fa \u00e9s nikotin vape-ben?<\/h2>\n<p data-v-md-line=\"4\">Ha eleged van az egy h\u00e9t alatt elfogy\u00f3 eldobhat\u00f3 vape-ekb\u0151l, \u00e9rdemes lehet megn\u00e9zned ezt a term\u00e9ket. A Mesii Triple NIICE ak\u00e1r 35000 falatnyi e-cigarett\u00e1t is k\u00e9pes t\u00e1rolni, sima \u00e9s megb\u00edzhat\u00f3 \u00edzzel, valamint hosszan tart\u00f3 finoms\u00e1ggal.<\/p>\n<p data-v-md-line=\"6\">Kifejezetten azoknak tervezt\u00e9k, akik a k\u00f6nny\u0171 kezelhet\u0151s\u00e9gre t\u00f6rekszenek. A k\u00e9sz\u00fcl\u00e9ken be\u00e1ll\u00edthatod a fagy\u00e1spontot \u00e9s a nikotinkoncentr\u00e1ci\u00f3t. Ez azt jelenti, hogy megtal\u00e1lhatod a t\u00f6k\u00e9letes egyens\u00falyt a torok\u00fct\u00e9s \u00e9s a jeges \u00e9rz\u00e9s k\u00f6z\u00f6tt, majd a lehet\u0151 legteljesebb m\u00e9rt\u00e9kben \u00e9lvezheted. Lehet, hogy azt gondolod, hogy egy ilyen nagy kaliber\u0171 vape neh\u00e9zkes, de meglep\u0151dsz majd a vape k\u00f6nny\u0171 s\u00faly\u00e1n \u00e9s hordozhat\u00f3s\u00e1g\u00e1n.<\/p>\n<h2 data-v-md-heading=\"excellent-performance-and-easy-operation\" data-v-md-line=\"8\">Kiv\u00e1l\u00f3 teljes\u00edtm\u00e9ny \u00e9s egyszer\u0171 kezelhet\u0151s\u00e9g<\/h2>\n<p data-v-md-line=\"9\">A Triple NIICE lelke egy h\u00e1l\u00f3s tekercs. Egyenletesen melegszik fel, \u00edgy minden falat olyan finom, mint az els\u0151 korty. Ha az akkumul\u00e1tor lemer\u00fcl\u0151ben van, egyszer\u0171en csatlakoztasd \u00e9s t\u00f6ltsd USB-C-n kereszt\u00fcl. Nincs sz\u00fcks\u00e9g speci\u00e1lis k\u00e1belekre vagy neh\u00e9zkes csatlakoz\u00f3kra. K\u00f6nnyen haszn\u00e1lhat\u00f3.<\/p>\n<h2 data-v-md-heading=\"specification-introduction\" data-v-md-line=\"11\">Specifik\u00e1ci\u00f3 Bevezet\u00e9s<\/h2>\n<ul data-v-md-line=\"12\">\n<li>Sz\u00edv\u00e1s gyakoris\u00e1ga: ak\u00e1r 35000 alkalommal<\/li>\n<li>E-folyad\u00e9k kapacit\u00e1sa: 20ml + 10ml + 10ml (h\u00e1rom t\u00e1rol\u00f3tart\u00e1ly)<\/li>\n<li>Akkumul\u00e1tor: 800mAh \u00fajrat\u00f6lthet\u0151 akkumul\u00e1tor<\/li>\n<li>Nikotinkoncentr\u00e1ci\u00f3: 0%, 2%, 3%, 5% opcion\u00e1lis<\/li>\n<li>J\u00e9gszint: nincs j\u00e9g, alacsony, k\u00f6zepes, rendk\u00edv\u00fcl magas<\/li>\n<li>Be\u00e9p\u00edtett nikotinkoncentr\u00e1ci\u00f3-szab\u00e1lyoz\u00e1s: nincs, alacsony, k\u00f6zepes, er\u0151s<\/li>\n<li>M\u0171k\u00f6d\u00e9si elv: Bel\u00e9gz\u00e9ssel aktiv\u00e1l\u00f3dik<\/li>\n<li>Porlaszt\u00e1si mag: H\u00e1l\u00f3s porlaszt\u00e1si mag, \u00e1lland\u00f3 \u00edz<\/li>\n<li>T\u00f6lt\u00e9s: Standard USB-C csatlakoz\u00f3<\/li>\n<li>\u00c1llapot: Kicsomagol\u00e1s ut\u00e1n haszn\u00e1latra k\u00e9sz<\/li>\n<\/ul>\n<h2 data-v-md-heading=\"full-range-of-flavors\" data-v-md-line=\"23\">Full range of flavors<\/h2>\n<ul data-v-md-line=\"24\">\n<li>G\u00f6r\u00f6gdinnye j\u00e9g<\/li>\n<li>Sz\u0151l\u0151fagylalt<\/li>\n<li>K\u00e9k j\u00e9gp\u00e1lya<\/li>\n<li>\u00c1fony\u00e1s \u00e9s g\u00f6r\u00f6gdinnye j\u00e9g<\/li>\n<li>Lime \u00e9s menta j\u00e9g<\/li>\n<li>\u0150szibarack j\u00e9g<\/li>\n<li>Eperfagylalt<\/li>\n<li>Vegyes bogy\u00f3s j\u00e9g<\/li>\n<li>Dupla alm\u00e1s j\u00e9g<\/li>\n<li>Csereszny\u00e9s k\u00f3lafagylalt<\/li>\n<\/ul>\n<h2 data-v-md-heading=\"to-create-for-you-and-your-business\" data-v-md-line=\"35\">Alkotni \u00d6nnek \u00e9s v\u00e1llalkoz\u00e1s\u00e1nak<\/h2>\n<p data-v-md-line=\"36\">A Mesii Triple NIICE 35K-t megv\u00e1s\u00e1rolhatod magadnak vagy az \u00fczletedbe. A nagykereskedelmi kartondoboz 160 darabot tartalmaz, \u00edgy k\u00f6nnyed\u00e9n l\u00e9trehozhatsz vele egy egyszer\u0171, figyelemfelkelt\u0151 \u00e9s dinamikus dekor\u00e1ci\u00f3s hat\u00e1st.<\/p>\n<p data-v-md-line=\"38\">DDP sz\u00e1ll\u00edt\u00e1si szolg\u00e1ltat\u00e1sokat ny\u00fajtunk Eur\u00f3pa-szerte olyan megb\u00edzhat\u00f3 partnereken kereszt\u00fcl, mint a UPS, a DPD \u00e9s a DHL. Ez azt jelenti, hogy a v\u00e1mtarif\u00e1kat el\u0151re feldolgozzuk, \u00edgy nem lesznek v\u00e1ratlan incidensek a v\u00e1mn\u00e1l. A nikotintartalom \u00e9s az el\u00e9rhet\u0151s\u00e9g orsz\u00e1gonk\u00e9nt\/r\u00e9gi\u00f3nk\u00e9nt elt\u00e9r\u0151, ez\u00e9rt k\u00e9rj\u00fck, rendel\u00e9s lead\u00e1sa el\u0151tt ellen\u0151rizze a helyi szab\u00e1lyoz\u00e1sokat.<\/p>\n<h2 data-v-md-heading=\"why-do-you-like-it\" data-v-md-line=\"40\">Mi\u00e9rt tetszik?<\/h2>\n<ul data-v-md-line=\"41\">\n<li>T\u00f6meges doh\u00e1nyz\u00e1s: Tart\u00f3s \u00e9s hossz\u00fa \u00e9lettartam\u00fa, nem kell gyakran \u00faj cigarett\u00e1t v\u00e1s\u00e1rolni.<\/li>\n<li>Nikotintartalom kiv\u00e1laszt\u00e1sa: V\u00e1lasszon 0%, 2%, 3% vagy 5% nikotintartalmat az \u00d6n preferenci\u00e1i szerint.<\/li>\n<li>\u00dajrat\u00f6lthet\u0151: Minden megv\u00e1s\u00e1rolt e-folyad\u00e9kot haszn\u00e1lhat.<\/li>\n<li>H\u00e1l\u00f3s tekercs: Minden alkalommal k\u00f6vetkezetes \u00e9s gazdag \u00edzt hozhat l\u00e9tre.<\/li>\n<li>\u00c1ll\u00edthat\u00f3 j\u00e9gtartalom: \u00c1ll\u00edtsa be a j\u00e9gtartalmat a hangulata szerint, a null\u00e1t\u00f3l a sz\u00e9ls\u0151s\u00e9gesig.<\/li>\n<\/ul>\n<h2 data-v-md-heading=\"why-collaborate-with-agoravape\" data-v-md-line=\"47\">Mi\u00e9rt \u00e9rdemes az AgoraVape-pel egy\u00fcttm\u0171k\u00f6dni?<\/h2>\n<p data-v-md-line=\"48\">Kiz\u00e1r\u00f3lag 100%-ban eredeti term\u00e9keket forgalmazunk, \u00e9s ebben semmi k\u00e9ts\u00e9g\u00fcnk sincs. Kereskedelmi \u00fcgyfelek sz\u00e1m\u00e1ra ez azt jelenti, hogy a Mesii Triple NIICE 35K \u00e1ll\u00edthat\u00f3 fagy\u00e1spont\u00fa \u00e9s nikotin tartalm\u00fa vape rendk\u00edv\u00fcl versenyk\u00e9pes nagykereskedelmi \u00e1rakkal, k\u00e9nyelmes \u00e9rt\u00e9kes\u00edt\u00e9s ut\u00e1ni t\u00e1mogat\u00e1ssal, valamint gyors \u00e9s megb\u00edzhat\u00f3 kisz\u00e1ll\u00edt\u00e1si szolg\u00e1ltat\u00e1sokkal rendelkezik. Ha magas f\u00fcsttartalm\u00fa, \u00e1ll\u00edthat\u00f3, eldobhat\u00f3 vape-t keres, amely n\u00f6velheti az \u00fcgyf\u00e9lmegtart\u00e1si ar\u00e1nyt, akkor vegye fel vel\u00fcnk a kapcsolatot.<\/p>","protected":false},"excerpt":{"rendered":"<p>&nbsp;<\/p>\n<p><script src=\"chrome-extension:\/\/fpelahbljekknahkcaegamhcndkfpfnc\/iFrame.js\" type=\"text\/javascript\"><\/script><\/p>\n<p><script src=\"chrome-extension:\/\/fpelahbljekknahkcaegamhcndkfpfnc\/iFrame.js\" type=\"text\/javascript\"><\/script><\/p>\n<p><script src=\"chrome-extension:\/\/fpelahbljekknahkcaegamhcndkfpfnc\/iFrame.js\" type=\"text\/javascript\"><\/script><\/p>\n<p><script src=\"chrome-extension:\/\/fpelahbljekknahkcaegamhcndkfpfnc\/iFrame.js\" type=\"text\/javascript\"><\/script><\/p>\n<p><script src=\"chrome-extension:\/\/fpelahbljekknahkcaegamhcndkfpfnc\/iFrame.js\" type=\"text\/javascript\"><\/script><\/p>\n<p><script src=\"chrome-extension:\/\/fpelahbljekknahkcaegamhcndkfpfnc\/iFrame.js\" type=\"text\/javascript\"><\/script><\/p>\n<p><script src=\"chrome-extension:\/\/fpelahbljekknahkcaegamhcndkfpfnc\/iFrame.js\" type=\"text\/javascript\"><\/script><\/p>\n<p><script src=\"chrome-extension:\/\/fpelahbljekknahkcaegamhcndkfpfnc\/iFrame.js\" type=\"text\/javascript\"><\/script><\/p>\n<p><script src=\"chrome-extension:\/\/fpelahbljekknahkcaegamhcndkfpfnc\/iFrame.js\" type=\"text\/javascript\"><\/script><\/p>\n<p><script src=\"chrome-extension:\/\/fpelahbljekknahkcaegamhcndkfpfnc\/iFrame.js\" type=\"text\/javascript\"><\/script><\/p>\n<p><script src=\"chrome-extension:\/\/fpelahbljekknahkcaegamhcndkfpfnc\/iFrame.js\" type=\"text\/javascript\"><\/script><\/p>\n<p><script src=\"chrome-extension:\/\/fpelahbljekknahkcaegamhcndkfpfnc\/iFrame.js\" type=\"text\/javascript\"><\/script><\/p>\n<p><script src=\"chrome-extension:\/\/fpelahbljekknahkcaegamhcndkfpfnc\/iFrame.js\" type=\"text\/javascript\"><\/script><\/p>\n<p><script src=\"chrome-extension:\/\/fpelahbljekknahkcaegamhcndkfpfnc\/iFrame.js\" type=\"text\/javascript\"><\/script><\/p>\n<p><script src=\"chrome-extension:\/\/fpelahbljekknahkcaegamhcndkfpfnc\/iFrame.js\" type=\"text\/javascript\"><\/script><\/p>","protected":false},"featured_media":17403,"comment_status":"open","ping_status":"closed","template":"","meta":[],"product_brand":[234],"product_cat":[124,187,185,189,174,175,193,161,191,173,186,180,190,192],"product_tag":[],"class_list":{"0":"post-17376","1":"product","2":"type-product","3":"status-publish","4":"has-post-thumbnail","6":"product_brand-mesii","7":"product_cat-vape-by-brand","8":"product_cat-0mg-nicotine-free-vapes","9":"product_cat-10000-puffs-high-capacity","10":"product_cat-20mg-standard-nicotine-vapes","11":"product_cat-fruit-flavors","12":"product_cat-icy-mint","13":"product_cat-mesh-coil","14":"product_cat-mesii","15":"product_cat-rechargeable-disposables","16":"product_cat-vape-by-flavor-profile","17":"product_cat-vape-by-nicotine-strength","18":"product_cat-vape-by-puff-count","19":"product_cat-vape-by-feature-or-type","20":"product_cat-vapes-with-screens","22":"first","23":"instock","24":"shipping-taxable","25":"purchasable","26":"product-type-variable","27":"has-default-attributes"},"tiered_pricing_type":"percentage","tiered_pricing_fixed_rules":[],"tiered_pricing_product_settings":{"layout":"default","base_unit_name":{"singular":null,"plural":null},"default_variation":null},"tiered_pricing_minimum_quantity":10,"tiered_pricing_roles_data":[],"tiered_pricing_percentage_rules":{"30":"29","50":"35","100":"40","200":"44","500":"47","1000":"49"},"tiered_pricing_maximum_quantity":null,"tiered_pricing_quantity_step":"10","_links":{"self":[{"href":"https:\/\/agoravape.com\/hu\/wp-json\/wp\/v2\/product\/17376","targetHints":{"allow":["GET"]}}],"collection":[{"href":"https:\/\/agoravape.com\/hu\/wp-json\/wp\/v2\/product"}],"about":[{"href":"https:\/\/agoravape.com\/hu\/wp-json\/wp\/v2\/types\/product"}],"replies":[{"embeddable":true,"href":"https:\/\/agoravape.com\/hu\/wp-json\/wp\/v2\/comments?post=17376"}],"version-history":[{"count":0,"href":"https:\/\/agoravape.com\/hu\/wp-json\/wp\/v2\/product\/17376\/revisions"}],"wp:featuredmedia":[{"embeddable":true,"href":"https:\/\/agoravape.com\/hu\/wp-json\/wp\/v2\/media\/17403"}],"wp:attachment":[{"href":"https:\/\/agoravape.com\/hu\/wp-json\/wp\/v2\/media?parent=17376"}],"wp:term":[{"taxonomy":"product_brand","embeddable":true,"href":"https:\/\/agoravape.com\/hu\/wp-json\/wp\/v2\/product_brand?post=17376"},{"taxonomy":"product_cat","embeddable":true,"href":"https:\/\/agoravape.com\/hu\/wp-json\/wp\/v2\/product_cat?post=17376"},{"taxonomy":"product_tag","embeddable":true,"href":"https:\/\/agoravape.com\/hu\/wp-json\/wp\/v2\/product_tag?post=17376"}],"curies":[{"name":"wp","href":"https:\/\/api.w.org\/{rel}","templated":true}]}}