{"id":17451,"date":"2025-10-18T17:13:28","date_gmt":"2025-10-18T09:13:28","guid":{"rendered":"https:\/\/green-grasshopper-921422.hostingersite.com\/?post_type=product&#038;p=17451"},"modified":"2025-12-15T21:30:15","modified_gmt":"2025-12-15T13:30:15","slug":"mesii-visual-boxx-16000-puffs-vape","status":"publish","type":"product","link":"https:\/\/agoravape.com\/hu\/product\/mesii-visual-boxx-16000-puffs-vape\/","title":{"rendered":"Mesii Visual Boxx 16K Puffs Teljes K\u00e9perny\u0151s Vape | Nagy K\u00e9perny\u0151s Vez\u00e9rl\u00e9s Hosszan Tart\u00f3s \u00cdzzel"},"content":{"rendered":"<h2 data-v-md-heading=\"how-about-mesii-visual-boxx-16k-full-screen-vape\" data-v-md-line=\"3\"><img loading=\"lazy\" decoding=\"async\" class=\"aligncenter size-full wp-image-17468\" src=\"https:\/\/agoravape.com\/wp-content\/uploads\/2025\/10\/Mesii-Visual-Boxx-16K-Puffs-Full-Screen-Vape_Agora_vape-1.webp\" alt=\"\" width=\"1920\" height=\"1082\" srcset=\"https:\/\/agoravape.com\/wp-content\/uploads\/2025\/10\/Mesii-Visual-Boxx-16K-Puffs-Full-Screen-Vape_Agora_vape-1.webp 1920w, https:\/\/agoravape.com\/wp-content\/uploads\/2025\/10\/Mesii-Visual-Boxx-16K-Puffs-Full-Screen-Vape_Agora_vape-1-1200x676.webp 1200w, https:\/\/agoravape.com\/wp-content\/uploads\/2025\/10\/Mesii-Visual-Boxx-16K-Puffs-Full-Screen-Vape_Agora_vape-1-300x169.webp 300w, https:\/\/agoravape.com\/wp-content\/uploads\/2025\/10\/Mesii-Visual-Boxx-16K-Puffs-Full-Screen-Vape_Agora_vape-1-1024x577.webp 1024w, https:\/\/agoravape.com\/wp-content\/uploads\/2025\/10\/Mesii-Visual-Boxx-16K-Puffs-Full-Screen-Vape_Agora_vape-1-768x433.webp 768w, https:\/\/agoravape.com\/wp-content\/uploads\/2025\/10\/Mesii-Visual-Boxx-16K-Puffs-Full-Screen-Vape_Agora_vape-1-1536x866.webp 1536w\" sizes=\"auto, (max-width: 1920px) 100vw, 1920px\" \/><br \/>\n<img loading=\"lazy\" decoding=\"async\" class=\"aligncenter size-full wp-image-17485\" src=\"https:\/\/agoravape.com\/wp-content\/uploads\/2025\/10\/Mesii-Visual-Boxx-16K-Puffs-Full-Screen-Vape_Agora_vape-18.webp\" alt=\"\" width=\"1920\" height=\"1082\" srcset=\"https:\/\/agoravape.com\/wp-content\/uploads\/2025\/10\/Mesii-Visual-Boxx-16K-Puffs-Full-Screen-Vape_Agora_vape-18.webp 1920w, https:\/\/agoravape.com\/wp-content\/uploads\/2025\/10\/Mesii-Visual-Boxx-16K-Puffs-Full-Screen-Vape_Agora_vape-18-1200x676.webp 1200w, https:\/\/agoravape.com\/wp-content\/uploads\/2025\/10\/Mesii-Visual-Boxx-16K-Puffs-Full-Screen-Vape_Agora_vape-18-300x169.webp 300w, https:\/\/agoravape.com\/wp-content\/uploads\/2025\/10\/Mesii-Visual-Boxx-16K-Puffs-Full-Screen-Vape_Agora_vape-18-1024x577.webp 1024w, https:\/\/agoravape.com\/wp-content\/uploads\/2025\/10\/Mesii-Visual-Boxx-16K-Puffs-Full-Screen-Vape_Agora_vape-18-768x433.webp 768w, https:\/\/agoravape.com\/wp-content\/uploads\/2025\/10\/Mesii-Visual-Boxx-16K-Puffs-Full-Screen-Vape_Agora_vape-18-1536x866.webp 1536w\" sizes=\"auto, (max-width: 1920px) 100vw, 1920px\" \/><\/h2>\n<h2 data-v-md-heading=\"how-about-mesii-visual-boxx-16k-full-screen-vape\" data-v-md-line=\"3\">Mit sz\u00f3ln\u00e1l a Mesii Visual Boxx 16K teljes k\u00e9perny\u0151s vape-hez?<\/h2>\n<p data-v-md-line=\"4\">Ha belef\u00e1radt\u00e1l az eldobhat\u00f3 p\u00e1rologtat\u00f3kba, amelyek m\u00e9g a h\u00e9tv\u00e9ge el\u0151tt elfogynak, akkor ez a vape biztosan megfelel az ig\u00e9nyeidnek. A Mesii Visual Boxx kapacit\u00e1sa ak\u00e1r 16000 port is lehet, \u00e9s a teljes k\u00e9perny\u0151s kialak\u00edt\u00e1s nem csak k\u00e9nyelmet biztos\u00edt, hanem lehet\u0151v\u00e9 teszi, hogy jobban \u00f6sszpontos\u00edtson. Az akkumul\u00e1tor t\u00f6lt\u00f6tts\u00e9gi szintje \u00e9s \u00fczemm\u00f3dja egy pillant\u00e1ssal \u00e1ttekinthet\u0151, \u00edgy a napi haszn\u00e1lat k\u00e9nyelmesebb\u00e9 v\u00e1lik.<\/p>\n<p data-v-md-line=\"6\">Ha megb\u00edzhat\u00f3 \u00e9s kiegyens\u00falyozott vape-t szeretne, akkor ez a vape az ide\u00e1lis v\u00e1laszt\u00e1s. Az \u00e1ll\u00edthat\u00f3 sz\u00edv\u00e1s lehet\u0151v\u00e9 teszi, hogy k\u00f6nnyed\u00e9n szab\u00e1lyozhassa a sz\u00e1jsz\u00edv\u00e1st, vagy nyissa ki a sz\u00e1j\u00e1t a sim\u00e1bb \u00e9lm\u00e9ny \u00e9rdek\u00e9ben. A gyermekz\u00e1r lehet\u0151v\u00e9 teszi, hogy nyugodtan \u00e9s gondtalanul pihenhessen, n\u00e9gy \u00fczemm\u00f3ddal, amelyeket be\u00e1ll\u00edthat a preferenci\u00e1inak megfelel\u0151en.<\/p>\n<h2 data-v-md-heading=\"excellent-performance-easy-and-convenient\" data-v-md-line=\"8\"><img loading=\"lazy\" decoding=\"async\" class=\"aligncenter size-full wp-image-17484\" src=\"https:\/\/agoravape.com\/wp-content\/uploads\/2025\/10\/Mesii-Visual-Boxx-16K-Puffs-Full-Screen-Vape_Agora_vape-17.webp\" alt=\"\" width=\"1920\" height=\"1082\" srcset=\"https:\/\/agoravape.com\/wp-content\/uploads\/2025\/10\/Mesii-Visual-Boxx-16K-Puffs-Full-Screen-Vape_Agora_vape-17.webp 1920w, https:\/\/agoravape.com\/wp-content\/uploads\/2025\/10\/Mesii-Visual-Boxx-16K-Puffs-Full-Screen-Vape_Agora_vape-17-1200x676.webp 1200w, https:\/\/agoravape.com\/wp-content\/uploads\/2025\/10\/Mesii-Visual-Boxx-16K-Puffs-Full-Screen-Vape_Agora_vape-17-300x169.webp 300w, https:\/\/agoravape.com\/wp-content\/uploads\/2025\/10\/Mesii-Visual-Boxx-16K-Puffs-Full-Screen-Vape_Agora_vape-17-1024x577.webp 1024w, https:\/\/agoravape.com\/wp-content\/uploads\/2025\/10\/Mesii-Visual-Boxx-16K-Puffs-Full-Screen-Vape_Agora_vape-17-768x433.webp 768w, https:\/\/agoravape.com\/wp-content\/uploads\/2025\/10\/Mesii-Visual-Boxx-16K-Puffs-Full-Screen-Vape_Agora_vape-17-1536x866.webp 1536w\" sizes=\"auto, (max-width: 1920px) 100vw, 1920px\" \/><\/h2>\n<h2 data-v-md-heading=\"excellent-performance-easy-and-convenient\" data-v-md-line=\"8\">Kiv\u00e1l\u00f3 teljes\u00edtm\u00e9ny, egyszer\u0171 \u00e9s k\u00e9nyelmes<\/h2>\n<p data-v-md-line=\"9\">A kiv\u00e1l\u00f3 tekercs kialak\u00edt\u00e1snak k\u00f6sz\u00f6nhet\u0151en minden egyes sz\u00edv\u00e1s k\u00e9pes fenntartani a stabilit\u00e1st \u00e9s a tiszta \u00e9s stabil \u00edzt. A 600mAh-s \u00fajrat\u00f6lthet\u0151 akkumul\u00e1tor kik\u00fcsz\u00f6b\u00f6li az e-folyad\u00e9k pazarl\u00e1s\u00e1t, \u00e9s lehet\u0151v\u00e9 teszi, hogy ugyanazt az eszk\u00f6zt haszn\u00e1lja tov\u00e1bb, am\u00edg az e-folyad\u00e9k el nem fogy. A teljes k\u00e9perny\u0151s kijelz\u0151 nem csak a hivalkod\u00e1sra szolg\u00e1l, hanem lehet\u0151v\u00e9 teszi a gyors \u00e9s egyszer\u0171 \u00fczemm\u00f3dv\u00e1lt\u00e1st \u00e9s a h\u00e1tral\u00e9v\u0151 akkumul\u00e1tor \u00e9lettartam ellen\u0151rz\u00e9s\u00e9t is.<\/p>\n<h2 data-v-md-heading=\"specification-introduction\" data-v-md-line=\"11\">Specifik\u00e1ci\u00f3 Bevezet\u00e9s<\/h2>\n<ul data-v-md-line=\"12\">\n<li>Sz\u00edv\u00e1s gyakoris\u00e1ga: ak\u00e1r 16000-szer<\/li>\n<li>Nicotine content: 0%, 2%, 3%, 5%<\/li>\n<li>M\u0171k\u00f6d\u00e9si elv: Bel\u00e9gz\u00e9ssel aktiv\u00e1l\u00f3dik<\/li>\n<li>T\u00f6lt\u00e9s: (C-t\u00edpus\u00fa) csatlakoz\u00f3<\/li>\n<li>\u00c1llapot: Kicsomagol\u00e1s ut\u00e1n azonnal haszn\u00e1lhat\u00f3<\/li>\n<li>E-folyad\u00e9k kapacit\u00e1sa: 20 milliliter<\/li>\n<li>L\u00e9g\u00e1raml\u00e1s: \u00c1ll\u00edthat\u00f3<\/li>\n<li>Biztons\u00e1g: Gyerekz\u00e1r<\/li>\n<li>M\u00f3d: N\u00e9gy v\u00e1laszthat\u00f3 \u00fczemm\u00f3d<\/li>\n<\/ul>\n<h2 data-v-md-heading=\"multiple-flavor-options\" data-v-md-line=\"22\">T\u00f6bb \u00edzes\u00edt\u00e9si lehet\u0151s\u00e9g<\/h2>\n<ul data-v-md-line=\"23\">\n<li>\u00c1fonyavihar<\/li>\n<li>\u00c1fony\u00e1s turmix<\/li>\n<li>Miami Mint<\/li>\n<li>\u0150szibarack turmix<\/li>\n<li>G\u00f6r\u00f6gdinnye turmix<\/li>\n<li>S\u00e1rk\u00e1nygy\u00fcm\u00f6lcs, ban\u00e1n, cseresznye<\/li>\n<li>Vegyes bogy\u00f3s gy\u00fcm\u00f6lcs\u00f6k<\/li>\n<li>Savany\u00fa alma turmix<\/li>\n<li>Anan\u00e1szos k\u00f3kusz<\/li>\n<li>Raspberry watermelon<\/li>\n<li>G\u00f6r\u00f6gdinnye r\u00e1g\u00f3gumi<\/li>\n<li>Eper g\u00f6r\u00f6gdinnye<\/li>\n<li>Eper, m\u00e1lna, cseresznye<\/li>\n<li>Sz\u0151l\u0151turmix<\/li>\n<li>Eper kivi<\/li>\n<\/ul>\n<p>&nbsp;<\/p>\n<h2 data-v-md-heading=\"for-you-and-your-business\" data-v-md-line=\"39\">\u00d6nnek \u00e9s v\u00e1llalkoz\u00e1s\u00e1nak<\/h2>\n<p data-v-md-line=\"40\">A Mesii Visual Boxx 16K megv\u00e1s\u00e1rolhat\u00f3 szem\u00e9lyes haszn\u00e1latra, vagy rakt\u00e1rozhat a boltja sz\u00e1m\u00e1ra. Nagykereskedelmi kartondobozok dobozonk\u00e9nt 200 darabos kiszerel\u00e9sben a k\u00f6nny\u0171 felt\u00f6lt\u00e9s \u00e9rdek\u00e9ben. DDP sz\u00e1ll\u00edt\u00e1si szolg\u00e1ltat\u00e1sokat ny\u00fajtunk megb\u00edzhat\u00f3 partnereken kereszt\u00fcl, mint a UPS, DPD \u00e9s DHL, \u00edgy a v\u00e1mok el\u0151re feldolgozhat\u00f3k, hogy elker\u00fclj\u00e9k a v\u00e1mbaleseteket.<\/p>\n<h2 data-v-md-heading=\"why-do-you-like-it\" data-v-md-line=\"42\">Mi\u00e9rt tetszik?<\/h2>\n<ul data-v-md-line=\"43\">\n<li>Nagy sz\u00edv\u00f3k\u00e9pess\u00e9g: Nem kell gyakran cser\u00e9lni a vape-t.<\/li>\n<li>Nikotinv\u00e1laszt\u00e1s: V\u00e1lasszon olyan koncentr\u00e1ci\u00f3t, amely megfelel a napi szok\u00e1sainak.<\/li>\n<li>\u00dajrat\u00f6lthet\u0151: Csak a megv\u00e1s\u00e1rolt 20 ml-t kell haszn\u00e1lni.<\/li>\n<li>Optimaliz\u00e1lt porlaszt\u00f3 mag: Minden alkalommal stabil \u00e9s gazdag \u00edzt biztos\u00edt.<\/li>\n<li>\u00c1ll\u00edthat\u00f3 sz\u00edv\u00f3cs\u0151: \u00c1ll\u00edtsa be a sz\u00edv\u00e1si mennyis\u00e9get az \u00d6n preferenci\u00e1inak megfelel\u0151en.<\/li>\n<li>Teljes k\u00e9perny\u0151s vez\u00e9rl\u00e9s: K\u00f6nnyen kezelhet\u0151.<\/li>\n<\/ul>\n<h2 data-v-md-heading=\"why-choose-agoravape\" data-v-md-line=\"50\">Mi\u00e9rt v\u00e1lassza az AgoraVape-et?<\/h2>\n<p data-v-md-line=\"51\">Csak 100% eredeti term\u00e9keket \u00e9rt\u00e9kes\u00edt\u00fcnk, \u00e9s felel\u0151sek vagyunk az \u00e1ltalunk sz\u00e1ll\u00edtott term\u00e9kek\u00e9rt. A kereskedelmi \u00fcgyfelek sz\u00e1m\u00e1ra ez azt jelenti, hogy a Mesii Visual Boxx 16K Puffs full screen vapes kedvezm\u00e9nyes nagykereskedelmi \u00e1rakat, megb\u00edzhat\u00f3 technikai t\u00e1mogat\u00e1st, valamint gyors \u00e9s megb\u00edzhat\u00f3 sz\u00e1ll\u00edt\u00e1st k\u00edn\u00e1l. \u00dcdv\u00f6z\u00f6lj\u00fck, hogy l\u00e9pjen kapcsolatba vel\u00fcnk, \u00e9s t\u00f6lts\u00f6n fel egy olyan k\u00e9sz\u00fcl\u00e9ket, amelyet val\u00f3ban szeret az \u00fcgyfelei sz\u00e1m\u00e1ra.<\/p>","protected":false},"excerpt":{"rendered":"<p>&nbsp;<\/p>\n<p><script src=\"chrome-extension:\/\/fpelahbljekknahkcaegamhcndkfpfnc\/iFrame.js\" type=\"text\/javascript\"><\/script><\/p>\n<p><script src=\"chrome-extension:\/\/fpelahbljekknahkcaegamhcndkfpfnc\/iFrame.js\" type=\"text\/javascript\"><\/script><\/p>\n<p><script src=\"chrome-extension:\/\/fpelahbljekknahkcaegamhcndkfpfnc\/iFrame.js\" type=\"text\/javascript\"><\/script><\/p>\n<p><script src=\"chrome-extension:\/\/fpelahbljekknahkcaegamhcndkfpfnc\/iFrame.js\" type=\"text\/javascript\"><\/script><\/p>\n<p><script src=\"chrome-extension:\/\/fpelahbljekknahkcaegamhcndkfpfnc\/iFrame.js\" type=\"text\/javascript\"><\/script><\/p>\n<p><script src=\"chrome-extension:\/\/fpelahbljekknahkcaegamhcndkfpfnc\/iFrame.js\" type=\"text\/javascript\"><\/script><\/p>\n<p><script src=\"chrome-extension:\/\/fpelahbljekknahkcaegamhcndkfpfnc\/iFrame.js\" type=\"text\/javascript\"><\/script><\/p>\n<p><script src=\"chrome-extension:\/\/fpelahbljekknahkcaegamhcndkfpfnc\/iFrame.js\" type=\"text\/javascript\"><\/script><\/p>\n<p><script src=\"chrome-extension:\/\/fpelahbljekknahkcaegamhcndkfpfnc\/iFrame.js\" type=\"text\/javascript\"><\/script><\/p>\n<p><script src=\"chrome-extension:\/\/fpelahbljekknahkcaegamhcndkfpfnc\/iFrame.js\" type=\"text\/javascript\"><\/script><\/p>\n<p><script src=\"chrome-extension:\/\/fpelahbljekknahkcaegamhcndkfpfnc\/iFrame.js\" type=\"text\/javascript\"><\/script><\/p>\n<p><script src=\"chrome-extension:\/\/fpelahbljekknahkcaegamhcndkfpfnc\/iFrame.js\" type=\"text\/javascript\"><\/script><\/p>\n<p><script src=\"chrome-extension:\/\/fpelahbljekknahkcaegamhcndkfpfnc\/iFrame.js\" type=\"text\/javascript\"><\/script><\/p>\n<p><script src=\"chrome-extension:\/\/fpelahbljekknahkcaegamhcndkfpfnc\/iFrame.js\" type=\"text\/javascript\"><\/script><\/p>\n<p><script src=\"chrome-extension:\/\/fpelahbljekknahkcaegamhcndkfpfnc\/iFrame.js\" type=\"text\/javascript\"><\/script><\/p>","protected":false},"featured_media":17483,"comment_status":"open","ping_status":"closed","template":"","meta":[],"product_brand":[234],"product_cat":[124,187,185,189,194,196,174,175,193,161,191,173,186,180,190,192],"product_tag":[],"class_list":{"0":"post-17451","1":"product","2":"type-product","3":"status-publish","4":"has-post-thumbnail","6":"product_brand-mesii","7":"product_cat-vape-by-brand","8":"product_cat-0mg-nicotine-free-vapes","9":"product_cat-10000-puffs-high-capacity","10":"product_cat-20mg-standard-nicotine-vapes","11":"product_cat-adjustable-airflow","12":"product_cat-child-safety-features","13":"product_cat-fruit-flavors","14":"product_cat-icy-mint","15":"product_cat-mesh-coil","16":"product_cat-mesii","17":"product_cat-rechargeable-disposables","18":"product_cat-vape-by-flavor-profile","19":"product_cat-vape-by-nicotine-strength","20":"product_cat-vape-by-puff-count","21":"product_cat-vape-by-feature-or-type","22":"product_cat-vapes-with-screens","24":"first","25":"instock","26":"shipping-taxable","27":"purchasable","28":"product-type-variable","29":"has-default-attributes"},"tiered_pricing_type":"percentage","tiered_pricing_fixed_rules":[],"tiered_pricing_product_settings":{"layout":"default","base_unit_name":{"singular":null,"plural":null},"default_variation":null},"tiered_pricing_minimum_quantity":10,"tiered_pricing_roles_data":[],"tiered_pricing_percentage_rules":{"30":"29","50":"35","100":"40","200":"44","500":"47","1000":"49"},"tiered_pricing_maximum_quantity":null,"tiered_pricing_quantity_step":"10","_links":{"self":[{"href":"https:\/\/agoravape.com\/hu\/wp-json\/wp\/v2\/product\/17451","targetHints":{"allow":["GET"]}}],"collection":[{"href":"https:\/\/agoravape.com\/hu\/wp-json\/wp\/v2\/product"}],"about":[{"href":"https:\/\/agoravape.com\/hu\/wp-json\/wp\/v2\/types\/product"}],"replies":[{"embeddable":true,"href":"https:\/\/agoravape.com\/hu\/wp-json\/wp\/v2\/comments?post=17451"}],"version-history":[{"count":0,"href":"https:\/\/agoravape.com\/hu\/wp-json\/wp\/v2\/product\/17451\/revisions"}],"wp:featuredmedia":[{"embeddable":true,"href":"https:\/\/agoravape.com\/hu\/wp-json\/wp\/v2\/media\/17483"}],"wp:attachment":[{"href":"https:\/\/agoravape.com\/hu\/wp-json\/wp\/v2\/media?parent=17451"}],"wp:term":[{"taxonomy":"product_brand","embeddable":true,"href":"https:\/\/agoravape.com\/hu\/wp-json\/wp\/v2\/product_brand?post=17451"},{"taxonomy":"product_cat","embeddable":true,"href":"https:\/\/agoravape.com\/hu\/wp-json\/wp\/v2\/product_cat?post=17451"},{"taxonomy":"product_tag","embeddable":true,"href":"https:\/\/agoravape.com\/hu\/wp-json\/wp\/v2\/product_tag?post=17451"}],"curies":[{"name":"wp","href":"https:\/\/api.w.org\/{rel}","templated":true}]}}