{"id":17491,"date":"2025-10-18T17:34:29","date_gmt":"2025-10-18T09:34:29","guid":{"rendered":"https:\/\/green-grasshopper-921422.hostingersite.com\/?post_type=product&#038;p=17491"},"modified":"2026-01-19T22:00:46","modified_gmt":"2026-01-19T14:00:46","slug":"lavande-bm18000-puffs-boost-vape","status":"publish","type":"product","link":"https:\/\/agoravape.com\/hu\/product\/lavande-bm18000-puffs-boost-vape\/","title":{"rendered":"Lavande BM18000 Puffs Boost Mode Mesh Coil Vape | Hosszan tart\u00f3 \u00edz egyszer\u0171 Type-C t\u00f6lt\u00e9ssel"},"content":{"rendered":"<h2 data-v-md-heading=\"what-are-the-special-features-of-lavande-bm18000-enhanced-mode-mesh-coil-vape\" data-v-md-line=\"3\"><img loading=\"lazy\" decoding=\"async\" class=\"aligncenter size-full wp-image-17487\" src=\"https:\/\/agoravape.com\/wp-content\/uploads\/2025\/10\/Lavande-BM18000-Puffs-Boost-Mode-Mesh-Coil-Vape_Agora_vape-1-scaled.webp\" alt=\"\" width=\"2560\" height=\"1440\" srcset=\"https:\/\/agoravape.com\/wp-content\/uploads\/2025\/10\/Lavande-BM18000-Puffs-Boost-Mode-Mesh-Coil-Vape_Agora_vape-1-scaled.webp 2560w, https:\/\/agoravape.com\/wp-content\/uploads\/2025\/10\/Lavande-BM18000-Puffs-Boost-Mode-Mesh-Coil-Vape_Agora_vape-1-scaled-1200x675.webp 1200w, https:\/\/agoravape.com\/wp-content\/uploads\/2025\/10\/Lavande-BM18000-Puffs-Boost-Mode-Mesh-Coil-Vape_Agora_vape-1-300x169.webp 300w, https:\/\/agoravape.com\/wp-content\/uploads\/2025\/10\/Lavande-BM18000-Puffs-Boost-Mode-Mesh-Coil-Vape_Agora_vape-1-1024x576.webp 1024w, https:\/\/agoravape.com\/wp-content\/uploads\/2025\/10\/Lavande-BM18000-Puffs-Boost-Mode-Mesh-Coil-Vape_Agora_vape-1-768x432.webp 768w, https:\/\/agoravape.com\/wp-content\/uploads\/2025\/10\/Lavande-BM18000-Puffs-Boost-Mode-Mesh-Coil-Vape_Agora_vape-1-1536x864.webp 1536w, https:\/\/agoravape.com\/wp-content\/uploads\/2025\/10\/Lavande-BM18000-Puffs-Boost-Mode-Mesh-Coil-Vape_Agora_vape-1-2048x1152.webp 2048w\" sizes=\"auto, (max-width: 2560px) 100vw, 2560px\" \/><\/h2>\n<h2 data-v-md-heading=\"what-are-the-special-features-of-lavande-bm18000-enhanced-mode-mesh-coil-vape\" data-v-md-line=\"3\">Milyen k\u00fcl\u00f6nleges tulajdons\u00e1gai vannak a Lavande BM18000 tov\u00e1bbfejlesztett \u00fczemm\u00f3d\u00fa h\u00e1l\u00f3s tekercses vape-nek?<\/h2>\n<p data-v-md-line=\"4\">Ha eleged van abb\u00f3l, hogy n\u00e9h\u00e1ny naponta cser\u00e9lgeted az eldobhat\u00f3 vape-eket, ez a term\u00e9k megk\u00f6nny\u00edti az \u00e9letedet. A Lavande BM18000 hossz\u00fa t\u00e1v\u00fa haszn\u00e1latra k\u00e9sz\u00fclt, ak\u00e1r 18000 slukk erej\u00e9ig is elegend\u0151, \u00e9s \u00fajrat\u00f6lthet\u0151 akkumul\u00e1torral van felszerelve a k\u00f6nny\u0171 haszn\u00e1lat \u00e9rdek\u00e9ben.<\/p>\n<p data-v-md-line=\"6\">B\u00e1rmely felhaszn\u00e1l\u00f3 sz\u00e1m\u00e1ra alkalmas, aki tisztas\u00e1gra, stabilit\u00e1sra v\u00e1gyik, \u00e9s nem szeretne neh\u00e9zkes gombokat vagy be\u00e1ll\u00edt\u00e1sokat haszn\u00e1lni. A h\u00e1l\u00f3s tekercseknek \u00e9s az egy\u00e9ni preferenci\u00e1knak megfelel\u0151en \u00e1ll\u00edthat\u00f3 l\u00e9gbe\u00f6ml\u0151nek k\u00f6sz\u00f6nhet\u0151en sima \u00edzt \u00e9rhet el. Ha gazdagabb f\u00fcstre v\u00e1gyik, csak kapcsolja be a fokoz\u00f3 m\u00f3dot an\u00e9lk\u00fcl, hogy megv\u00e1ltoztatn\u00e1 szok\u00e1sait.<\/p>\n<h2 data-v-md-heading=\"excellent-performance-easy-and-convenient\" data-v-md-line=\"8\">Kiv\u00e1l\u00f3 teljes\u00edtm\u00e9ny, egyszer\u0171 \u00e9s k\u00e9nyelmes<\/h2>\n<p data-v-md-line=\"9\">A h\u00e1l\u00f3s tekercs a vape lelke, amely az els\u0151 falatt\u00f3l az utols\u00f3ig k\u00e9pes meg\u0151rizni a friss\u00edt\u0151 \u00edzt. Az \u00e1ll\u00edthat\u00f3 l\u00e9g\u00e1raml\u00e1s lehet\u0151v\u00e9 teszi a sz\u00edv\u00e1s be\u00e1ll\u00edt\u00e1s\u00e1t a hangulatodnak megfelel\u0151en. Ha az akkumul\u00e1tor lemer\u00fclt, egyszer\u0171en csatlakoztasd a Type-C adatk\u00e1belt a norm\u00e1l haszn\u00e1lathoz. Nincs sz\u00fcks\u00e9g speci\u00e1lis t\u00f6lt\u0151kre, k\u00f6nnyen kezelhet\u0151.<\/p>\n<h2 data-v-md-heading=\"specification-overview\" data-v-md-line=\"11\">Specifik\u00e1ci\u00f3 \u00e1ttekint\u00e9se<\/h2>\n<p data-v-md-line=\"12\"><strong>Suction frequency<\/strong>: up to 18000 times<br \/>\n<strong>e-folyad\u00e9k kapacit\u00e1s<\/strong>18 milliliter, 1-2 ut\u00e1nt\u00f6lt\u00e9s v\u00e1laszthat\u00f3<br \/>\n<strong>Nicotine<\/strong>0,3% s\u00f3-nikotin<br \/>\n<strong>L\u00e9g\u00e1raml\u00e1s<\/strong>\u00c1ll\u00edthat\u00f3<br \/>\n<strong>B\u0151v\u00edtett m\u00f3d<\/strong>ig\u00e9ny szerinti t\u00e1pegys\u00e9g, intenz\u00edvebb f\u00fcst<br \/>\n<strong>Akkumul\u00e1tor<\/strong>650 mAh-s \u00fajrat\u00f6lthet\u0151 akkumul\u00e1tor<br \/>\n<strong>M\u0171k\u00f6d\u00e9si elv<\/strong>Aktiv\u00e1l\u00e1s egyetlen f\u00faj\u00e1ssal<br \/>\n<strong>T\u00f6lt\u00e9s<\/strong>Standard C t\u00edpus\u00fa USB csatlakoz\u00f3<br \/>\n<strong>\u00c1llapot<\/strong>: Ready to use out of the box<\/p>\n<h2 data-v-md-heading=\"to-create-for-you-and-your-business\" data-v-md-line=\"22\">Alkotni \u00d6nnek \u00e9s v\u00e1llalkoz\u00e1s\u00e1nak<\/h2>\n<p data-v-md-line=\"23\">A Lavande BM18000-et megv\u00e1s\u00e1rolhatja szem\u00e9lyes haszn\u00e1latra, vagy hozz\u00e1adhatja \u00fczlet\u00e9hez. A nagykereskedelmi kartondoboz 200 darabot tartalmaz, \u00edgy k\u00f6nnyen felt\u00f6ltheti a polcokat an\u00e9lk\u00fcl, hogy gyakori ut\u00e1nt\u00f6lt\u00e9sre lenne sz\u00fcks\u00e9g.<\/p>\n<p data-v-md-line=\"25\">Megb\u00edzhat\u00f3 partnereinken, p\u00e9ld\u00e1ul a UPS DPD-n \u00e9s a DHL-en kereszt\u00fcl k\u00edn\u00e1lunk ad\u00f3k\u00f6teles DDP sz\u00e1ll\u00edt\u00e1si lehet\u0151s\u00e9geket, \u00edgy egyszer\u0171en \u00e9s k\u00e9nyelmesen \u00e1tveheti \u00e1ruit, \u00e9s elker\u00fclheti a v\u00e1mbaleseteket. Ha seg\u00edts\u00e9gre van sz\u00fcks\u00e9ge nagy t\u00e9telben t\u00f6rt\u00e9n\u0151 megrendel\u00e9sekkel vagy vegyes \u00edzekkel kapcsolatban, k\u00e9rj\u00fck, vegye fel vel\u00fcnk a kapcsolatot, \u00e9s \u00f6r\u00f6mmel \u00e1llunk rendelkez\u00e9s\u00e9re.<\/p>\n<h2 data-v-md-heading=\"why-do-you-like-it\" data-v-md-line=\"27\">Mi\u00e9rt tetszik?<\/h2>\n<p data-v-md-line=\"28\"><strong>Nagy sz\u00e1jsz\u00edv\u00e1s:<\/strong>\u00a0Durable and long-lasting, no need to frequently purchase new cigarettes.<br \/>\n<strong>\u00c1ll\u00edthat\u00f3 sz\u00edv\u00f3cs\u0151:<\/strong>\u00a0A sz\u00edv\u00e1st az ig\u00e9nyeid szerint \u00e1ll\u00edthatod be.<br \/>\n<strong>\u00dajrat\u00f6lthet\u0151 akkumul\u00e1tor:<\/strong>\u00a0Haszn\u00e1ld fel az \u00f6sszes megv\u00e1s\u00e1rolt e-liquidet egyszerre.<br \/>\n<strong>B\u0151v\u00edtett m\u00f3d:<\/strong>\u00a0Gyorsan n\u00f6velheted a teljes\u00edtm\u00e9nyt az er\u0151teljesebb \u00e9lm\u00e9ny\u00e9rt.<br \/>\n<strong>H\u00e1l\u00f3s porlaszt\u00f3 mag:<\/strong>\u00a0\u00c1lland\u00f3 \u00edz.<\/p>\n<h2 data-v-md-heading=\"why-choose-to-collaborate-with-agoravape\" data-v-md-line=\"34\">Mi\u00e9rt \u00e9rdemes az AgoraVape-pel egy\u00fcttm\u0171k\u00f6dni?<\/h2>\n<p data-v-md-line=\"35\">Kiz\u00e1r\u00f3lag eredeti term\u00e9keket forgalmazunk, \u00e9s garanci\u00e1t is v\u00e1llalunk r\u00e1juk. V\u00e1llalati \u00fcgyfeleink versenyk\u00e9pes nagykereskedelmi \u00e1rakat, megb\u00edzhat\u00f3 \u00fcgyf\u00e9lszolg\u00e1latot, valamint gyors \u00e9s megb\u00edzhat\u00f3 sz\u00e1ll\u00edt\u00e1si szolg\u00e1ltat\u00e1sokat \u00e9lvezhetnek Eur\u00f3pa-szerte. Korhat\u00e1r-ellen\u0151rz\u00e9si protokollokat k\u00f6vet\u00fcnk, \u00e9s az eur\u00f3pai vape \u00e9rt\u00e9kes\u00edt\u00e9si szabv\u00e1nyoknak megfelel\u0151en m\u0171k\u00f6d\u00fcnk, \u00edgy a rendel\u00e9s biztons\u00e1gos \u00e9s k\u00e9nyelmes. L\u00e9pjen kapcsolatba vel\u00fcnk, hogy rakt\u00e1ron tarthassa a Lavande BM18000-et, \u00e9s olyan eszk\u00f6zt biztos\u00edthassunk, amelyb\u0151l \u00fcgyfelei \u00f6r\u00f6mmel v\u00e1lasztanak.<\/p>\n<p><script src=\"chrome-extension:\/\/fpelahbljekknahkcaegamhcndkfpfnc\/iFrame.js\" type=\"text\/javascript\"><\/script><\/p>\n<p><script src=\"chrome-extension:\/\/fpelahbljekknahkcaegamhcndkfpfnc\/iFrame.js\" type=\"text\/javascript\"><\/script><\/p>","protected":false},"excerpt":{"rendered":"<p>&nbsp;<\/p>\n<p><script src=\"chrome-extension:\/\/fpelahbljekknahkcaegamhcndkfpfnc\/iFrame.js\" type=\"text\/javascript\"><\/script><\/p>\n<p><script src=\"chrome-extension:\/\/fpelahbljekknahkcaegamhcndkfpfnc\/iFrame.js\" type=\"text\/javascript\"><\/script><\/p>\n<p><script src=\"chrome-extension:\/\/fpelahbljekknahkcaegamhcndkfpfnc\/iFrame.js\" type=\"text\/javascript\"><\/script><\/p>\n<p><script src=\"chrome-extension:\/\/fpelahbljekknahkcaegamhcndkfpfnc\/iFrame.js\" type=\"text\/javascript\"><\/script><\/p>\n<p><script src=\"chrome-extension:\/\/fpelahbljekknahkcaegamhcndkfpfnc\/iFrame.js\" type=\"text\/javascript\"><\/script><\/p>\n<p><script src=\"chrome-extension:\/\/fpelahbljekknahkcaegamhcndkfpfnc\/iFrame.js\" type=\"text\/javascript\"><\/script><\/p>\n<p><script src=\"chrome-extension:\/\/fpelahbljekknahkcaegamhcndkfpfnc\/iFrame.js\" type=\"text\/javascript\"><\/script><\/p>\n<p><script src=\"chrome-extension:\/\/fpelahbljekknahkcaegamhcndkfpfnc\/iFrame.js\" type=\"text\/javascript\"><\/script><\/p>\n<p><script src=\"chrome-extension:\/\/fpelahbljekknahkcaegamhcndkfpfnc\/iFrame.js\" type=\"text\/javascript\"><\/script><\/p>\n<p><script src=\"chrome-extension:\/\/fpelahbljekknahkcaegamhcndkfpfnc\/iFrame.js\" type=\"text\/javascript\"><\/script><\/p>\n<p><script src=\"chrome-extension:\/\/fpelahbljekknahkcaegamhcndkfpfnc\/iFrame.js\" type=\"text\/javascript\"><\/script><\/p>\n<p><script src=\"chrome-extension:\/\/fpelahbljekknahkcaegamhcndkfpfnc\/iFrame.js\" type=\"text\/javascript\"><\/script><\/p>\n<p><script src=\"chrome-extension:\/\/fpelahbljekknahkcaegamhcndkfpfnc\/iFrame.js\" type=\"text\/javascript\"><\/script><\/p>\n<p><script src=\"chrome-extension:\/\/fpelahbljekknahkcaegamhcndkfpfnc\/iFrame.js\" type=\"text\/javascript\"><\/script><\/p>\n<p><script src=\"chrome-extension:\/\/fpelahbljekknahkcaegamhcndkfpfnc\/iFrame.js\" type=\"text\/javascript\"><\/script><\/p>","protected":false},"featured_media":17490,"comment_status":"open","ping_status":"closed","template":"","meta":[],"product_brand":[235],"product_cat":[124,185,194,174,175,162,193,191,173,186,180,190,192],"product_tag":[],"class_list":{"0":"post-17491","1":"product","2":"type-product","3":"status-publish","4":"has-post-thumbnail","6":"product_brand-lavande","7":"product_cat-vape-by-brand","8":"product_cat-10000-puffs-high-capacity","9":"product_cat-adjustable-airflow","10":"product_cat-fruit-flavors","11":"product_cat-icy-mint","12":"product_cat-lavande","13":"product_cat-mesh-coil","14":"product_cat-rechargeable-disposables","15":"product_cat-vape-by-flavor-profile","16":"product_cat-vape-by-nicotine-strength","17":"product_cat-vape-by-puff-count","18":"product_cat-vape-by-feature-or-type","19":"product_cat-vapes-with-screens","21":"first","22":"onbackorder","23":"shipping-taxable","24":"purchasable","25":"product-type-variable","26":"has-default-attributes"},"tiered_pricing_type":"percentage","tiered_pricing_fixed_rules":[],"tiered_pricing_product_settings":{"layout":"default","base_unit_name":{"singular":null,"plural":null},"default_variation":null},"tiered_pricing_minimum_quantity":50,"tiered_pricing_roles_data":[],"tiered_pricing_percentage_rules":{"100":"40","200":"44","500":"47","1000":"49"},"tiered_pricing_maximum_quantity":null,"tiered_pricing_quantity_step":"10","_links":{"self":[{"href":"https:\/\/agoravape.com\/hu\/wp-json\/wp\/v2\/product\/17491","targetHints":{"allow":["GET"]}}],"collection":[{"href":"https:\/\/agoravape.com\/hu\/wp-json\/wp\/v2\/product"}],"about":[{"href":"https:\/\/agoravape.com\/hu\/wp-json\/wp\/v2\/types\/product"}],"replies":[{"embeddable":true,"href":"https:\/\/agoravape.com\/hu\/wp-json\/wp\/v2\/comments?post=17491"}],"version-history":[{"count":0,"href":"https:\/\/agoravape.com\/hu\/wp-json\/wp\/v2\/product\/17491\/revisions"}],"wp:featuredmedia":[{"embeddable":true,"href":"https:\/\/agoravape.com\/hu\/wp-json\/wp\/v2\/media\/17490"}],"wp:attachment":[{"href":"https:\/\/agoravape.com\/hu\/wp-json\/wp\/v2\/media?parent=17491"}],"wp:term":[{"taxonomy":"product_brand","embeddable":true,"href":"https:\/\/agoravape.com\/hu\/wp-json\/wp\/v2\/product_brand?post=17491"},{"taxonomy":"product_cat","embeddable":true,"href":"https:\/\/agoravape.com\/hu\/wp-json\/wp\/v2\/product_cat?post=17491"},{"taxonomy":"product_tag","embeddable":true,"href":"https:\/\/agoravape.com\/hu\/wp-json\/wp\/v2\/product_tag?post=17491"}],"curies":[{"name":"wp","href":"https:\/\/api.w.org\/{rel}","templated":true}]}}