{"id":17577,"date":"2025-10-18T19:25:06","date_gmt":"2025-10-18T11:25:06","guid":{"rendered":"https:\/\/green-grasshopper-921422.hostingersite.com\/?post_type=product&#038;p=17577"},"modified":"2026-01-12T14:06:49","modified_gmt":"2026-01-12T06:06:49","slug":"razz-bar-50k-50000-puffs-vape","status":"publish","type":"product","link":"https:\/\/agoravape.com\/hu\/product\/razz-bar-50k-50000-puffs-vape\/","title":{"rendered":"Razz Bar 50K Puffs Nagy Kapacit\u00e1s\u00fa Eldobhat\u00f3 Vape | Hossz\u00fa \u00e9lettartam, egyszer\u0171 vele \u00e9lni"},"content":{"rendered":"<h2 data-v-md-heading=\"what-are-the-advantages-of-razz-bar-50k-large-capacity-disposable-vapes\" data-v-md-line=\"3\"><img loading=\"lazy\" decoding=\"async\" class=\"aligncenter size-full wp-image-17589\" src=\"https:\/\/agoravape.com\/wp-content\/uploads\/2025\/10\/Razz-bar-50K-Puffs-High-Capacity-Disposable-Vape_Agora_vape-1-scaled.webp\" alt=\"\" width=\"1506\" height=\"2560\" srcset=\"https:\/\/agoravape.com\/wp-content\/uploads\/2025\/10\/Razz-bar-50K-Puffs-High-Capacity-Disposable-Vape_Agora_vape-1-scaled.webp 1506w, https:\/\/agoravape.com\/wp-content\/uploads\/2025\/10\/Razz-bar-50K-Puffs-High-Capacity-Disposable-Vape_Agora_vape-1-scaled-1200x2040.webp 1200w, https:\/\/agoravape.com\/wp-content\/uploads\/2025\/10\/Razz-bar-50K-Puffs-High-Capacity-Disposable-Vape_Agora_vape-1-176x300.webp 176w, https:\/\/agoravape.com\/wp-content\/uploads\/2025\/10\/Razz-bar-50K-Puffs-High-Capacity-Disposable-Vape_Agora_vape-1-602x1024.webp 602w, https:\/\/agoravape.com\/wp-content\/uploads\/2025\/10\/Razz-bar-50K-Puffs-High-Capacity-Disposable-Vape_Agora_vape-1-768x1306.webp 768w, https:\/\/agoravape.com\/wp-content\/uploads\/2025\/10\/Razz-bar-50K-Puffs-High-Capacity-Disposable-Vape_Agora_vape-1-904x1536.webp 904w, https:\/\/agoravape.com\/wp-content\/uploads\/2025\/10\/Razz-bar-50K-Puffs-High-Capacity-Disposable-Vape_Agora_vape-1-1205x2048.webp 1205w\" sizes=\"auto, (max-width: 1506px) 100vw, 1506px\" \/><\/h2>\n<h2 data-v-md-heading=\"what-are-the-advantages-of-razz-bar-50k-large-capacity-disposable-vapes\" data-v-md-line=\"3\">Milyen el\u0151nyei vannak a Razz Bar 50K nagy kapacit\u00e1s\u00fa eldobhat\u00f3 vape-eknek?<\/h2>\n<p data-v-md-line=\"4\">Ha eleged van abb\u00f3l, hogy n\u00e9h\u00e1ny naponta cser\u00e9lgeted az e-cigarett\u00e1dat, ez a term\u00e9k megk\u00f6nny\u00edti az \u00e9letedet. A Razz Bar 50K ak\u00e1r 50 000 harap\u00e1st kib\u00edr\u00f3, nagy teljes\u00edtm\u00e9ny\u0171 akkumul\u00e1tor-\u00fczemid\u0151vel rendelkezik, \u00edgy k\u00f6nnyed\u00e9n \u00e9lvezheted kedvenc \u00edzeidet.<\/p>\n<p data-v-md-line=\"6\">B\u00e1rki sz\u00e1m\u00e1ra alkalmas, aki k\u00f6nnyen el szeretn\u00e9 kezdeni a haszn\u00e1lat\u00e1t tanul\u00e1s n\u00e9lk\u00fcl. Haszn\u00e1lathoz nyissa ki a csomagol\u00e1st. Nem kell semmilyen be\u00e1ll\u00edt\u00e1st m\u00f3dos\u00edtania. K\u00f6nny\u0171 \u00e9s k\u00e9nyelmes.<\/p>\n<h2 data-v-md-heading=\"excellent-performance-easy-and-convenient\" data-v-md-line=\"8\">Kiv\u00e1l\u00f3 teljes\u00edtm\u00e9ny, egyszer\u0171 \u00e9s k\u00e9nyelmes<\/h2>\n<p data-v-md-line=\"9\">Ez a k\u00e9sz\u00fcl\u00e9k a k\u00f6vetkezetess\u00e9gre helyezi a hangs\u00falyt. \u00c9lvezheti a sima sz\u00edv\u00e1s\u00e9lm\u00e9nyt \u00e9s a stabil \u00edzt an\u00e9lk\u00fcl, hogy f\u00e9l\u00faton elvesz\u00edten\u00e9 a leveg\u0151t. Semmilyen gomb vagy men\u00fc nem zavarja. Ez egy egyszer\u0171 plug and play eszk\u00f6z, amelyet nap mint nap haszn\u00e1lhat.<\/p>\n<p data-v-md-line=\"11\">Azt gondolhatod, hogy egy ennyi f\u00faj\u00e1ssal j\u00e1r\u00f3 term\u00e9k bonyolult, pedig nagyon k\u00f6nnyen haszn\u00e1lhat\u00f3.<\/p>\n<h2 data-v-md-heading=\"specification-introduction\" data-v-md-line=\"13\">Specifik\u00e1ci\u00f3 Bevezet\u00e9s<\/h2>\n<ul data-v-md-line=\"14\">\n<li>Sz\u00edv\u00e1si gyakoris\u00e1g: ak\u00e1r 50000-szer<\/li>\n<li>Nikotintartalom: 2% \u00e9s 5% opcion\u00e1lis<\/li>\n<li>M\u0171k\u00f6d\u00e9si elv: eldobhat\u00f3 eszk\u00f6z, nem ig\u00e9nyel be\u00e1ll\u00edt\u00e1st<\/li>\n<li>T\u00f6lt\u00e9si m\u00f3d: a gy\u00e1rt\u00f3 nem hat\u00e1rozta meg<\/li>\n<li>\u00c1llapot: Kicsomagol\u00e1s ut\u00e1n azonnal haszn\u00e1lhat\u00f3<\/li>\n<li>Akkumul\u00e1tor: 650mAh<\/li>\n<\/ul>\n<h2 data-v-md-heading=\"full-range-of-flavors\" data-v-md-line=\"21\">Full range of flavors<\/h2>\n<ul data-v-md-line=\"22\">\n<li>M\u00e1lna g\u00f6r\u00f6gdinnye \u00edz\u0171<\/li>\n<li>Eper turmix<\/li>\n<li>Red Bull sz\u0151l\u0151\u00edz\u0171<\/li>\n<li>Tr\u00f3pusi gy\u00fcm\u00f6lcs \u00edz<\/li>\n<li>Ban\u00e1n \u00edz\u0171<\/li>\n<li>\u00c1fony\u00e1s turmix<\/li>\n<li>\u0150szibarack turmix<\/li>\n<li>Anan\u00e1szos k\u00f3kusz \u00edz\u0171<\/li>\n<li>G\u00f6r\u00f6gdinnye turmix<\/li>\n<li>Citrom \u00e9s lime \u00edz\u0171<\/li>\n<li>Eper \u00e9s ban\u00e1n \u00edz\u0171<\/li>\n<li>K\u00e9k \u00cdz\u0171 \u00dar<\/li>\n<li>Epres g\u00f6r\u00f6gdinnye r\u00e1g\u00f3gumi<\/li>\n<li>R\u00f3zsasz\u00edn citromos v\u00edz<\/li>\n<li>Cseresznye k\u00f3la \u00edz\u0171<\/li>\n<li>Kis mack\u00f3s gumicukork\u00e1k<\/li>\n<\/ul>\n<h2 data-v-md-heading=\"for-you-and-your-business\" data-v-md-line=\"39\">\u00d6nnek \u00e9s v\u00e1llalkoz\u00e1s\u00e1nak<\/h2>\n<p data-v-md-line=\"40\">V\u00e1lasszon egyet mag\u00e1nak, vagy adjon hozz\u00e1 egy n\u00e9pszer\u0171 term\u00e9ket a polc\u00e1hoz. \u00cdzenk\u00e9nt 200 darabot forgalmazunk dobozos kiszerel\u00e9sben, \u00edgy a forgalmas \u00fczletek k\u00e9nyelmesen felt\u00f6lthetik a k\u00e9szleteiket. Minden f\u0151 doboz brutt\u00f3 s\u00falya 23 kilogramm, \u00edgy a rakt\u00e1roz\u00e1si terve nagyon egyszer\u0171.<\/p>\n<p data-v-md-line=\"42\">DDP sz\u00e1ll\u00edt\u00e1si szolg\u00e1ltat\u00e1sokat ny\u00fajtunk Eur\u00f3pa-szerte olyan megb\u00edzhat\u00f3 partnereken kereszt\u00fcl, mint a UPS, a DPD \u00e9s a DHL. Az ad\u00f3k \u00e9s d\u00edjak el\u0151zetes feldolgoz\u00e1sa a v\u00e1ratlan v\u00e1mhelyzetek elker\u00fcl\u00e9se \u00e9rdek\u00e9ben.<\/p>\n<h2 data-v-md-heading=\"why-do-you-like-it\" data-v-md-line=\"44\">Mi\u00e9rt tetszik?<\/h2>\n<ul data-v-md-line=\"45\">\n<li>Nagy kapacit\u00e1s: ak\u00e1r 50K port, ami kevesebb cser\u00e9t \u00e9s megszak\u00edt\u00e1st jelent<\/li>\n<li>Nikotin kiv\u00e1laszt\u00e1sa: V\u00e1lasszon 2% vagy 5% nikotintartalmat az \u00d6n preferenci\u00e1i szerint<\/li>\n<li>K\u00f6nnyen haszn\u00e1lhat\u00f3: Nem kell be\u00e1ll\u00edtani, \u00edgy alkalmas mindennapi haszn\u00e1latra<\/li>\n<li>Tart\u00f3s stabilit\u00e1s: az els\u0151 falatt\u00f3l az utols\u00f3 falatig stabil \u00edz\u00e9lm\u00e9nyt biztos\u00edt<\/li>\n<\/ul>\n<h2 data-v-md-heading=\"why-collaborate-with-agoravape\" data-v-md-line=\"50\">Mi\u00e9rt \u00e9rdemes az AgoraVape-pel egy\u00fcttm\u0171k\u00f6dni?<\/h2>\n<p data-v-md-line=\"51\">Kiz\u00e1r\u00f3lag 100%-ban eredeti, ellen\u0151rz\u00f6tt besz\u00e1ll\u00edt\u00f3kt\u00f3l sz\u00e1rmaz\u00f3 term\u00e9keket forgalmazunk. A Razz Bar 50K nagy kapacit\u00e1s\u00fa, eldobhat\u00f3 vape-ek v\u00e1s\u00e1rl\u00e1s\u00e1val kedvezm\u00e9nyes nagykereskedelmi \u00e1rakat, gyors technikai t\u00e1mogat\u00e1st \u00e9s gyors DDP kisz\u00e1ll\u00edt\u00e1si szolg\u00e1ltat\u00e1sokat \u00e9lvezhet. K\u00e9rj\u00fck, vegye fel a kapcsolatot csapatunkkal, hogy \u00fcgyfelei tov\u00e1bbra is visszat\u00e9rjenek hozz\u00e1nk \u00edzeink megk\u00f3stol\u00e1s\u00e1ra.<\/p>","protected":false},"excerpt":{"rendered":"<p>&nbsp;<\/p>\n<p><script src=\"chrome-extension:\/\/fpelahbljekknahkcaegamhcndkfpfnc\/iFrame.js\" type=\"text\/javascript\"><\/script><\/p>\n<p><script src=\"chrome-extension:\/\/fpelahbljekknahkcaegamhcndkfpfnc\/iFrame.js\" type=\"text\/javascript\"><\/script><\/p>\n<p><script src=\"chrome-extension:\/\/fpelahbljekknahkcaegamhcndkfpfnc\/iFrame.js\" type=\"text\/javascript\"><\/script><\/p>\n<p><script src=\"chrome-extension:\/\/fpelahbljekknahkcaegamhcndkfpfnc\/iFrame.js\" type=\"text\/javascript\"><\/script><\/p>\n<p><script src=\"chrome-extension:\/\/fpelahbljekknahkcaegamhcndkfpfnc\/iFrame.js\" type=\"text\/javascript\"><\/script><\/p>\n<p><script src=\"chrome-extension:\/\/fpelahbljekknahkcaegamhcndkfpfnc\/iFrame.js\" type=\"text\/javascript\"><\/script><\/p>\n<p><script src=\"chrome-extension:\/\/fpelahbljekknahkcaegamhcndkfpfnc\/iFrame.js\" type=\"text\/javascript\"><\/script><\/p>\n<p><script src=\"chrome-extension:\/\/fpelahbljekknahkcaegamhcndkfpfnc\/iFrame.js\" type=\"text\/javascript\"><\/script><\/p>\n<p><script src=\"chrome-extension:\/\/fpelahbljekknahkcaegamhcndkfpfnc\/iFrame.js\" type=\"text\/javascript\"><\/script><\/p>\n<p><script src=\"chrome-extension:\/\/fpelahbljekknahkcaegamhcndkfpfnc\/iFrame.js\" type=\"text\/javascript\"><\/script><\/p>\n<p><script src=\"chrome-extension:\/\/fpelahbljekknahkcaegamhcndkfpfnc\/iFrame.js\" type=\"text\/javascript\"><\/script><\/p>\n<p><script src=\"chrome-extension:\/\/fpelahbljekknahkcaegamhcndkfpfnc\/iFrame.js\" type=\"text\/javascript\"><\/script><\/p>\n<p><script src=\"chrome-extension:\/\/fpelahbljekknahkcaegamhcndkfpfnc\/iFrame.js\" type=\"text\/javascript\"><\/script><\/p>\n<p><script src=\"chrome-extension:\/\/fpelahbljekknahkcaegamhcndkfpfnc\/iFrame.js\" type=\"text\/javascript\"><\/script><\/p>\n<p><script src=\"chrome-extension:\/\/fpelahbljekknahkcaegamhcndkfpfnc\/iFrame.js\" type=\"text\/javascript\"><\/script><\/p>\n<p><script src=\"chrome-extension:\/\/fpelahbljekknahkcaegamhcndkfpfnc\/iFrame.js\" type=\"text\/javascript\"><\/script><\/p>","protected":false},"featured_media":17598,"comment_status":"open","ping_status":"closed","template":"","meta":[],"product_brand":[236],"product_cat":[124,185,189,174,175,193,163,191,173,186,180,190,192],"product_tag":[],"class_list":{"0":"post-17577","1":"product","2":"type-product","3":"status-publish","4":"has-post-thumbnail","6":"product_brand-razz-bar","7":"product_cat-vape-by-brand","8":"product_cat-10000-puffs-high-capacity","9":"product_cat-20mg-standard-nicotine-vapes","10":"product_cat-fruit-flavors","11":"product_cat-icy-mint","12":"product_cat-mesh-coil","13":"product_cat-razz-bar","14":"product_cat-rechargeable-disposables","15":"product_cat-vape-by-flavor-profile","16":"product_cat-vape-by-nicotine-strength","17":"product_cat-vape-by-puff-count","18":"product_cat-vape-by-feature-or-type","19":"product_cat-vapes-with-screens","21":"first","22":"instock","23":"shipping-taxable","24":"purchasable","25":"product-type-variable","26":"has-default-attributes"},"tiered_pricing_type":"percentage","tiered_pricing_fixed_rules":[],"tiered_pricing_product_settings":{"layout":"default","base_unit_name":{"singular":null,"plural":null},"default_variation":null},"tiered_pricing_minimum_quantity":50,"tiered_pricing_roles_data":[],"tiered_pricing_percentage_rules":{"100":"40","200":"44","500":"47","1000":"49"},"tiered_pricing_maximum_quantity":null,"tiered_pricing_quantity_step":"10","_links":{"self":[{"href":"https:\/\/agoravape.com\/hu\/wp-json\/wp\/v2\/product\/17577","targetHints":{"allow":["GET"]}}],"collection":[{"href":"https:\/\/agoravape.com\/hu\/wp-json\/wp\/v2\/product"}],"about":[{"href":"https:\/\/agoravape.com\/hu\/wp-json\/wp\/v2\/types\/product"}],"replies":[{"embeddable":true,"href":"https:\/\/agoravape.com\/hu\/wp-json\/wp\/v2\/comments?post=17577"}],"version-history":[{"count":0,"href":"https:\/\/agoravape.com\/hu\/wp-json\/wp\/v2\/product\/17577\/revisions"}],"wp:featuredmedia":[{"embeddable":true,"href":"https:\/\/agoravape.com\/hu\/wp-json\/wp\/v2\/media\/17598"}],"wp:attachment":[{"href":"https:\/\/agoravape.com\/hu\/wp-json\/wp\/v2\/media?parent=17577"}],"wp:term":[{"taxonomy":"product_brand","embeddable":true,"href":"https:\/\/agoravape.com\/hu\/wp-json\/wp\/v2\/product_brand?post=17577"},{"taxonomy":"product_cat","embeddable":true,"href":"https:\/\/agoravape.com\/hu\/wp-json\/wp\/v2\/product_cat?post=17577"},{"taxonomy":"product_tag","embeddable":true,"href":"https:\/\/agoravape.com\/hu\/wp-json\/wp\/v2\/product_tag?post=17577"}],"curies":[{"name":"wp","href":"https:\/\/api.w.org\/{rel}","templated":true}]}}