{"id":17606,"date":"2025-10-18T19:36:37","date_gmt":"2025-10-18T11:36:37","guid":{"rendered":"https:\/\/green-grasshopper-921422.hostingersite.com\/?post_type=product&#038;p=17606"},"modified":"2026-01-19T22:00:34","modified_gmt":"2026-01-19T14:00:34","slug":"razz-bar-45000-puffs-vape","status":"publish","type":"product","link":"https:\/\/agoravape.com\/hu\/product\/razz-bar-45000-puffs-vape\/","title":{"rendered":"Razz bar 45000 slukkos, hosszan tart\u00f3, eldobhat\u00f3 vape | Nagy slukkosz\u00e1m, egyszer\u0171 haszn\u00e1lat"},"content":{"rendered":"<h2 data-v-md-heading=\"what-is-special-about-razz-bar-45000-long-lasting-disposable-vapes\" data-v-md-line=\"3\"><img loading=\"lazy\" decoding=\"async\" class=\"aligncenter size-full wp-image-17629\" src=\"https:\/\/agoravape.com\/wp-content\/uploads\/2025\/10\/Razz-bar-45000-Puffs-Long-Lasting-Disposable-Vape_Agora_vape-6.webp\" alt=\"\" width=\"2000\" height=\"2000\" srcset=\"https:\/\/agoravape.com\/wp-content\/uploads\/2025\/10\/Razz-bar-45000-Puffs-Long-Lasting-Disposable-Vape_Agora_vape-6.webp 2000w, https:\/\/agoravape.com\/wp-content\/uploads\/2025\/10\/Razz-bar-45000-Puffs-Long-Lasting-Disposable-Vape_Agora_vape-6-600x600.webp 600w, https:\/\/agoravape.com\/wp-content\/uploads\/2025\/10\/Razz-bar-45000-Puffs-Long-Lasting-Disposable-Vape_Agora_vape-6-1200x1200.webp 1200w, https:\/\/agoravape.com\/wp-content\/uploads\/2025\/10\/Razz-bar-45000-Puffs-Long-Lasting-Disposable-Vape_Agora_vape-6-300x300.webp 300w, https:\/\/agoravape.com\/wp-content\/uploads\/2025\/10\/Razz-bar-45000-Puffs-Long-Lasting-Disposable-Vape_Agora_vape-6-1024x1024.webp 1024w, https:\/\/agoravape.com\/wp-content\/uploads\/2025\/10\/Razz-bar-45000-Puffs-Long-Lasting-Disposable-Vape_Agora_vape-6-150x150.webp 150w, https:\/\/agoravape.com\/wp-content\/uploads\/2025\/10\/Razz-bar-45000-Puffs-Long-Lasting-Disposable-Vape_Agora_vape-6-768x768.webp 768w, https:\/\/agoravape.com\/wp-content\/uploads\/2025\/10\/Razz-bar-45000-Puffs-Long-Lasting-Disposable-Vape_Agora_vape-6-1536x1536.webp 1536w\" sizes=\"auto, (max-width: 2000px) 100vw, 2000px\" \/><\/h2>\n<h2 data-v-md-heading=\"what-is-special-about-razz-bar-45000-long-lasting-disposable-vapes\" data-v-md-line=\"3\">Mi a k\u00fcl\u00f6nleges a Razz bar 45000 hossz\u00fa \u00e9lettartam\u00fa eldobhat\u00f3 vape-ekben?<\/h2>\n<p data-v-md-line=\"4\">Ha eleged van az eldobhat\u00f3 vape-ekb\u0151l, amik p\u00e9ntekenk\u00e9nt elromlanak, ez a term\u00e9k biztosan felkelti az \u00e9rdekl\u0151d\u00e9sedet. A Razz bar 45000-es kiszerel\u00e9s\u0171 vape-et azoknak tervezt\u00e9k, akik az egyszer\u0171s\u00e9get, a tart\u00f3ss\u00e1got \u00e9s a megfizethet\u0151s\u00e9get keresik. Nincsenek gombok, nincs men\u00fc, csak h\u00fazd finoman az ujjad az \u00e9lvezethez.<\/p>\n<p data-v-md-line=\"6\">Egy egyszer\u0171 eml\u00e9keztet\u0151: A 45000 portos n\u00e9vleges \u00e9rt\u00e9k meglehet\u0151sen leny\u0171g\u00f6z\u0151. Hossz\u00fa t\u00e1v\u00fa haszn\u00e1latra tervezt\u00e9k, \u00e9s alkalmas olyan intenz\u00edv felhaszn\u00e1l\u00f3k sz\u00e1m\u00e1ra, akik nem szeretn\u00e9k n\u00e9h\u00e1ny naponta cser\u00e9lni az eszk\u00f6zeiket. Ha az EU-ban tart\u00f3zkodik, sz\u00fcks\u00e9ge van a 2%-os nikotintartalm\u00fa opci\u00f3ra, \u00e9s ellen\u0151rizze a helyi el\u0151\u00edr\u00e1sokat. A nagy kaliber\u0171 vape-ek \u00e1ltal\u00e1ban meghaladj\u00e1k a TPD szabv\u00e1ny szerinti hat\u00e1r\u00e9rt\u00e9ket az el\u0151re t\u00f6lt\u00f6tt, eldobhat\u00f3 vape-ekre, \u00edgy a k\u00edn\u00e1lati helyzet orsz\u00e1gonk\u00e9nt\/r\u00e9gi\u00f3nk\u00e9nt elt\u00e9r\u0151 lehet.<\/p>\n<h2 data-v-md-heading=\"excellent-performance-easy-and-convenient\" data-v-md-line=\"8\">Kiv\u00e1l\u00f3 teljes\u00edtm\u00e9ny, egyszer\u0171 \u00e9s k\u00e9nyelmes<\/h2>\n<p data-v-md-line=\"9\">Az els\u0151 falatt\u00f3l az utols\u00f3ig stabil \u00edz\u00e9lm\u00e9nyt \u00e9lvezhetsz. A porlaszt\u00f3 mag egyenletes g\u0151z\u00f6l\u00e9st biztos\u00edt, \u00edgy egy h\u00e9t ut\u00e1n sem fogsz unatkozni. Csak slukkolj egyet az aktiv\u00e1l\u00e1shoz \u00e9s az exkluz\u00edv \u00e9lm\u00e9ny megkezd\u00e9s\u00e9hez. Amikor az akkumul\u00e1tort t\u00f6lteni kell, csak egy szabv\u00e1nyos USB adatk\u00e1belre van sz\u00fcks\u00e9g a t\u00f6lt\u00e9shez. Egyszer\u0171 \u00e9s k\u00e9nyelmes.<\/p>\n<h2 data-v-md-heading=\"specification-introduction\" data-v-md-line=\"11\">Specifik\u00e1ci\u00f3 Bevezet\u00e9s<\/h2>\n<p data-v-md-line=\"12\"><strong>Sz\u00edv\u00e1sok sz\u00e1ma<\/strong>ak\u00e1r 45000 sz\u00edv\u00e1s<br \/>\n<strong>Nikotintartalom<\/strong>2% \u00e9s 5% opcion\u00e1lis<br \/>\n<strong>Haszn\u00e1lat<\/strong>Aktiv\u00e1l\u00e1shoz sz\u00edvj egy slukkot<br \/>\n<strong>T\u00f6lt\u00e9s<\/strong>Standard USB t\u00f6lt\u0151csatlakoz\u00f3<br \/>\n<strong>\u00c1llapot<\/strong>Kicsomagol\u00e1s ut\u00e1n haszn\u00e1latra k\u00e9sz<\/p>\n<h2 data-v-md-heading=\"multiple-flavor-options\" data-v-md-line=\"18\">T\u00f6bb \u00edzes\u00edt\u00e9si lehet\u0151s\u00e9g<\/h2>\n<ul data-v-md-line=\"19\">\n<li>Tigrisv\u00e9r \u00edz<\/li>\n<li>Eperfagylalt<\/li>\n<li>Eper \u00e9s ban\u00e1n \u00edz\u0171<\/li>\n<li>Ny\u00e1ri \u00e1lomszer\u0171 \u00edz<\/li>\n<li>Tr\u00f3pusi gy\u00fcm\u00f6lcs \u00edz<\/li>\n<li>K\u00e9k j\u00e9gp\u00e1lya<\/li>\n<li>\u0150szibarack j\u00e9g<\/li>\n<li>Eper M\u00e1lna Meggyfagylalt<\/li>\n<li>G\u00f6r\u00f6gdinnye j\u00e9g<\/li>\n<li>Fekete S\u00e1rk\u00e1ny J\u00e9g<\/li>\n<li>Szerelem 66<\/li>\n<li>Eper furcsa gy\u00fcm\u00f6lcs\u00edz\u0171<\/li>\n<li>Cseresznye k\u00f3la \u00edz\u0171<\/li>\n<li>Anan\u00e1szos k\u00f3kusz \u00edz\u0171<\/li>\n<li>Citrom \u00e9s lime \u00edz\u0171<\/li>\n<li>K\u00e9k \u00cdz\u0171 \u00dar<\/li>\n<\/ul>\n<h2 data-v-md-heading=\"born-for-you-and-your-business\" data-v-md-line=\"36\">Neked \u00e9s a v\u00e1llalkoz\u00e1sodnak sz\u00fclettem<\/h2>\n<p data-v-md-line=\"37\">V\u00e1s\u00e1rolhatsz 45000 f\u00faj\u00e1sos Razz bar e-liquidet szem\u00e9lyes haszn\u00e1latra, vagy megv\u00e1s\u00e1rolhatod az \u00fczletedbe. A nagykereskedelmi kartondoboz 200 darabot tartalmaz, \u00edgy k\u00e9nyelmesen megtervezheted a polcaidat. DDP sz\u00e1ll\u00edt\u00e1si szolg\u00e1ltat\u00e1sokat ny\u00fajtunk megb\u00edzhat\u00f3 partnereken, p\u00e9ld\u00e1ul UPS-en, DPD-n \u00e9s DHL-en kereszt\u00fcl, \u00edgy a v\u00e1mtarif\u00e1kat el\u0151re feldolgozhatjuk, elker\u00fclve a v\u00e1ratlan helyzeteket a v\u00e1mn\u00e1l.<\/p>\n<p data-v-md-line=\"39\">Egy m\u00e1sik praktikus tipp: Az EU szab\u00e1lyoz\u00e1sa szerint az el\u0151re telep\u00edtett, eldobhat\u00f3 e-folyad\u00e9k maxim\u00e1lis kapacit\u00e1sa 2 milliliter, a maxim\u00e1lis nikotintartalom pedig 20 milligramm milliliterenk\u00e9nt. A lehet\u0151s\u00e9gek 2%-a megfelel a nikotintartalomra vonatkoz\u00f3 hat\u00e1r\u00e9rt\u00e9knek. A berendez\u00e9s \u00e1ltal\u00e1nos specifik\u00e1ci\u00f3i \u00e9s kapacit\u00e1sa nem felt\u00e9tlen\u00fcl felel meg az \u00f6sszes EU-piac k\u00f6vetelm\u00e9nyeinek, ez\u00e9rt k\u00e9rj\u00fck, ellen\u0151rizze a helyi el\u0151\u00edr\u00e1sokat, vagy konzult\u00e1ljon csapatunkkal, miel\u0151tt nagy t\u00e9telben rendelne.<\/p>\n<h2 data-v-md-heading=\"why-do-you-like-it\" data-v-md-line=\"41\">Mi\u00e9rt tetszik?<\/h2>\n<p data-v-md-line=\"42\"><strong>Hatalmas sz\u00edv\u00e1s<\/strong>: Tov\u00e1bb tart, \u00edgy nem kell gyakran \u00fajat venni.<br \/>\n<strong>Nikotinkoncentr\u00e1ci\u00f3 kiv\u00e1laszt\u00e1sa<\/strong>V\u00e1lassza ki a napi szok\u00e1sainak megfelel\u0151 koncentr\u00e1ci\u00f3t.<br \/>\n<strong>\u00dajrat\u00f6lthet\u0151<\/strong>Minden megv\u00e1s\u00e1rolt e-liquidet haszn\u00e1lhatsz.<br \/>\n<strong>Stabil tekercsteljes\u00edtm\u00e9ny<\/strong>Az \u00edze mindig sima.<\/p>\n<h2 data-v-md-heading=\"why-collaborate-with-agoravape\" data-v-md-line=\"47\">Mi\u00e9rt \u00e9rdemes az AgoraVape-pel egy\u00fcttm\u0171k\u00f6dni?<\/h2>\n<p data-v-md-line=\"48\">Kiz\u00e1r\u00f3lag eredeti term\u00e9keket \u00e1rus\u00edtunk, \u00e9s ebben semmi k\u00e9ts\u00e9g\u00fcnk sincs. Kereskedelmi \u00fcgyfeleink kedvezm\u00e9nyes nagykereskedelmi \u00e1rakat, megb\u00edzhat\u00f3 t\u00e1mogat\u00e1st \u00e9s gyors DDP kisz\u00e1ll\u00edt\u00e1st \u00e9lvezhetnek Eur\u00f3pa-szerte a Razz bar 45000 hossz\u00fa \u00e9lettartam\u00fa, eldobhat\u00f3 vape-ek eset\u00e9ben. Ha megfelel\u0151s\u00e9gi \u00fatmutat\u00e1sra vagy \u00edzkombin\u00e1ci\u00f3s tan\u00e1csra van sz\u00fcks\u00e9ge, k\u00e9rj\u00fck, vegye fel vel\u00fcnk a kapcsolatot. Elk\u00f6telezettek vagyunk az olyan term\u00e9kek l\u00e9trehoz\u00e1sa ir\u00e1nt, amelyeket \u00fcgyfelei \u00f6r\u00f6mmel haszn\u00e1lnak \u00fajra.<\/p>","protected":false},"excerpt":{"rendered":"<p>&nbsp;<\/p>\n<p><script src=\"chrome-extension:\/\/fpelahbljekknahkcaegamhcndkfpfnc\/iFrame.js\" type=\"text\/javascript\"><\/script><\/p>\n<p><script src=\"chrome-extension:\/\/fpelahbljekknahkcaegamhcndkfpfnc\/iFrame.js\" type=\"text\/javascript\"><\/script><\/p>\n<p><script src=\"chrome-extension:\/\/fpelahbljekknahkcaegamhcndkfpfnc\/iFrame.js\" type=\"text\/javascript\"><\/script><\/p>\n<p><script src=\"chrome-extension:\/\/fpelahbljekknahkcaegamhcndkfpfnc\/iFrame.js\" type=\"text\/javascript\"><\/script><\/p>\n<p><script src=\"chrome-extension:\/\/fpelahbljekknahkcaegamhcndkfpfnc\/iFrame.js\" type=\"text\/javascript\"><\/script><\/p>\n<p><script src=\"chrome-extension:\/\/fpelahbljekknahkcaegamhcndkfpfnc\/iFrame.js\" type=\"text\/javascript\"><\/script><\/p>\n<p><script src=\"chrome-extension:\/\/fpelahbljekknahkcaegamhcndkfpfnc\/iFrame.js\" type=\"text\/javascript\"><\/script><\/p>\n<p><script src=\"chrome-extension:\/\/fpelahbljekknahkcaegamhcndkfpfnc\/iFrame.js\" type=\"text\/javascript\"><\/script><\/p>\n<p><script src=\"chrome-extension:\/\/fpelahbljekknahkcaegamhcndkfpfnc\/iFrame.js\" type=\"text\/javascript\"><\/script><\/p>\n<p><script src=\"chrome-extension:\/\/fpelahbljekknahkcaegamhcndkfpfnc\/iFrame.js\" type=\"text\/javascript\"><\/script><\/p>\n<p><script src=\"chrome-extension:\/\/fpelahbljekknahkcaegamhcndkfpfnc\/iFrame.js\" type=\"text\/javascript\"><\/script><\/p>\n<p><script src=\"chrome-extension:\/\/fpelahbljekknahkcaegamhcndkfpfnc\/iFrame.js\" type=\"text\/javascript\"><\/script><\/p>\n<p><script src=\"chrome-extension:\/\/fpelahbljekknahkcaegamhcndkfpfnc\/iFrame.js\" type=\"text\/javascript\"><\/script><\/p>\n<p><script src=\"chrome-extension:\/\/fpelahbljekknahkcaegamhcndkfpfnc\/iFrame.js\" type=\"text\/javascript\"><\/script><\/p>\n<p><script src=\"chrome-extension:\/\/fpelahbljekknahkcaegamhcndkfpfnc\/iFrame.js\" type=\"text\/javascript\"><\/script><\/p>\n<p><script src=\"chrome-extension:\/\/fpelahbljekknahkcaegamhcndkfpfnc\/iFrame.js\" type=\"text\/javascript\"><\/script><\/p>","protected":false},"featured_media":17632,"comment_status":"open","ping_status":"closed","template":"","meta":[],"product_brand":[236],"product_cat":[124,185,189,1640,194,174,175,193,163,191,173,186,180,190,192],"product_tag":[],"class_list":{"0":"post-17606","1":"product","2":"type-product","3":"status-publish","4":"has-post-thumbnail","6":"product_brand-razz-bar","7":"product_cat-vape-by-brand","8":"product_cat-10000-puffs-high-capacity","9":"product_cat-20mg-standard-nicotine-vapes","10":"product_cat-45000-puffs","11":"product_cat-adjustable-airflow","12":"product_cat-fruit-flavors","13":"product_cat-icy-mint","14":"product_cat-mesh-coil","15":"product_cat-razz-bar","16":"product_cat-rechargeable-disposables","17":"product_cat-vape-by-flavor-profile","18":"product_cat-vape-by-nicotine-strength","19":"product_cat-vape-by-puff-count","20":"product_cat-vape-by-feature-or-type","21":"product_cat-vapes-with-screens","23":"first","24":"onbackorder","25":"shipping-taxable","26":"purchasable","27":"product-type-variable","28":"has-default-attributes"},"tiered_pricing_type":"percentage","tiered_pricing_fixed_rules":[],"tiered_pricing_product_settings":{"layout":"default","base_unit_name":{"singular":null,"plural":null},"default_variation":null},"tiered_pricing_minimum_quantity":50,"tiered_pricing_roles_data":[],"tiered_pricing_percentage_rules":{"100":"40","200":"44","500":"47","1000":"49"},"tiered_pricing_maximum_quantity":null,"tiered_pricing_quantity_step":"10","_links":{"self":[{"href":"https:\/\/agoravape.com\/hu\/wp-json\/wp\/v2\/product\/17606","targetHints":{"allow":["GET"]}}],"collection":[{"href":"https:\/\/agoravape.com\/hu\/wp-json\/wp\/v2\/product"}],"about":[{"href":"https:\/\/agoravape.com\/hu\/wp-json\/wp\/v2\/types\/product"}],"replies":[{"embeddable":true,"href":"https:\/\/agoravape.com\/hu\/wp-json\/wp\/v2\/comments?post=17606"}],"version-history":[{"count":0,"href":"https:\/\/agoravape.com\/hu\/wp-json\/wp\/v2\/product\/17606\/revisions"}],"wp:featuredmedia":[{"embeddable":true,"href":"https:\/\/agoravape.com\/hu\/wp-json\/wp\/v2\/media\/17632"}],"wp:attachment":[{"href":"https:\/\/agoravape.com\/hu\/wp-json\/wp\/v2\/media?parent=17606"}],"wp:term":[{"taxonomy":"product_brand","embeddable":true,"href":"https:\/\/agoravape.com\/hu\/wp-json\/wp\/v2\/product_brand?post=17606"},{"taxonomy":"product_cat","embeddable":true,"href":"https:\/\/agoravape.com\/hu\/wp-json\/wp\/v2\/product_cat?post=17606"},{"taxonomy":"product_tag","embeddable":true,"href":"https:\/\/agoravape.com\/hu\/wp-json\/wp\/v2\/product_tag?post=17606"}],"curies":[{"name":"wp","href":"https:\/\/api.w.org\/{rel}","templated":true}]}}