{"id":17677,"date":"2025-10-18T20:43:53","date_gmt":"2025-10-18T12:43:53","guid":{"rendered":"https:\/\/green-grasshopper-921422.hostingersite.com\/?post_type=product&#038;p=17677"},"modified":"2026-03-31T04:20:40","modified_gmt":"2026-03-31T02:20:40","slug":"razz-bar-30000-puffs-eldobhato-vape","status":"publish","type":"product","link":"https:\/\/agoravape.com\/hu\/product\/razz-bar-30000-puffs-disposable-vape\/","title":{"rendered":"Razz Bar 30000 F\u00faj\u00e1sos \u00dajrat\u00f6lthet\u0151 Eldobhat\u00f3 Vape | Nagy Kapacit\u00e1s. Egyszer\u0171 \u00cdz"},"content":{"rendered":"<h2 data-v-md-heading=\"what-is-special-about-the-razz-bar-30000-rechargeable-disposable-vape\" data-v-md-line=\"3\"><img loading=\"lazy\" decoding=\"async\" class=\"aligncenter size-full wp-image-17689\" src=\"https:\/\/agoravape.com\/wp-content\/uploads\/2025\/10\/Razz-bar-30000-Puffs-Rechargeable-Disposable-Vape_Agora_vape-3.webp\" alt=\"\" width=\"2000\" height=\"2000\" srcset=\"https:\/\/agoravape.com\/wp-content\/uploads\/2025\/10\/Razz-bar-30000-Puffs-Rechargeable-Disposable-Vape_Agora_vape-3.webp 2000w, https:\/\/agoravape.com\/wp-content\/uploads\/2025\/10\/Razz-bar-30000-Puffs-Rechargeable-Disposable-Vape_Agora_vape-3-600x600.webp 600w, https:\/\/agoravape.com\/wp-content\/uploads\/2025\/10\/Razz-bar-30000-Puffs-Rechargeable-Disposable-Vape_Agora_vape-3-1200x1200.webp 1200w, https:\/\/agoravape.com\/wp-content\/uploads\/2025\/10\/Razz-bar-30000-Puffs-Rechargeable-Disposable-Vape_Agora_vape-3-300x300.webp 300w, https:\/\/agoravape.com\/wp-content\/uploads\/2025\/10\/Razz-bar-30000-Puffs-Rechargeable-Disposable-Vape_Agora_vape-3-1024x1024.webp 1024w, https:\/\/agoravape.com\/wp-content\/uploads\/2025\/10\/Razz-bar-30000-Puffs-Rechargeable-Disposable-Vape_Agora_vape-3-150x150.webp 150w, https:\/\/agoravape.com\/wp-content\/uploads\/2025\/10\/Razz-bar-30000-Puffs-Rechargeable-Disposable-Vape_Agora_vape-3-768x768.webp 768w, https:\/\/agoravape.com\/wp-content\/uploads\/2025\/10\/Razz-bar-30000-Puffs-Rechargeable-Disposable-Vape_Agora_vape-3-1536x1536.webp 1536w\" sizes=\"auto, (max-width: 2000px) 100vw, 2000px\" \/><\/h2>\n<h2 data-v-md-heading=\"what-is-special-about-the-razz-bar-30000-rechargeable-disposable-vape\" data-v-md-line=\"3\">Mi a k\u00fcl\u00f6nleges a Razz Bar 30000 \u00fajrat\u00f6lthet\u0151, eldobhat\u00f3 vape-ben?<\/h2>\n<p data-v-md-line=\"4\">Ha eleged van a h\u00e9tk\u00f6znapokon megsz\u0171n\u0151 vape-ekb\u0151l, akkor ez a term\u00e9k mindenk\u00e9ppen kiel\u00e9g\u00edtheti az ig\u00e9nyeidet. A Razz Bar ak\u00e1r 30000 slukk kapacit\u00e1s\u00e1t \u00e9s egy 650mAh-s \u00fajrat\u00f6lthet\u0151 akkumul\u00e1tort k\u00edn\u00e1l, \u00edgy val\u00f3ban felhaszn\u00e1lhatod a megv\u00e1s\u00e1rolt e-liquidet.<\/p>\n<p data-v-md-line=\"6\">Ha megb\u00edzhat\u00f3, finom \u00e9s probl\u00e9mamentes vape-re v\u00e1gysz, akkor a Razz Bar az ide\u00e1lis v\u00e1laszt\u00e1s. Nincsenek gombok, nincsenek men\u00fck. A sima sz\u00edv\u00e1snak \u00e9s a stabil \u00edznek k\u00f6sz\u00f6nhet\u0151en k\u00f6nnyen hordozhat\u00f3.<\/p>\n<h2 data-v-md-heading=\"excellent-performance-easy-and-convenient\" data-v-md-line=\"8\">Kiv\u00e1l\u00f3 teljes\u00edtm\u00e9ny, egyszer\u0171 \u00e9s k\u00e9nyelmes<\/h2>\n<p data-v-md-line=\"9\">A tekercset \u00e9s a leveg\u0151be\u00f6ml\u0151t gondosan hangolt\u00e1k, hogy tiszta \u00e9s k\u00f6vetkezetes \u00e9lm\u00e9nyt ny\u00fajtsanak, \u00edgy az els\u0151 falat ugyanolyan finom lesz, mint az ezredik. Ha az akkumul\u00e1tor lemer\u00fclt, egyszer\u0171en csatlakoztasd, \u00e9s t\u00f6ltsd fel teljesen. A gyorst\u00f6lt\u00e9ssel helyre\u00e1ll\u00edthatod a haszn\u00e1latot an\u00e9lk\u00fcl, hogy eszk\u00f6z\u00f6ket kellene cser\u00e9lned, vagy energi\u00e1t pazaroln\u00e1l.<\/p>\n<p data-v-md-line=\"11\">Azt gondolhatod, hogy egy ilyen nagy kapacit\u00e1s\u00fa vape m\u00e9retes, de meglep\u0151dsz majd, hogy k\u00f6nnyen hazaviheted minden nap.<\/p>\n<h2 data-v-md-heading=\"specification-introduction\" data-v-md-line=\"13\">Specifik\u00e1ci\u00f3 Bevezet\u00e9s<\/h2>\n<ul data-v-md-line=\"14\">\n<li>Sz\u00edv\u00e1s gyakoris\u00e1ga: ak\u00e1r 30000-szer<\/li>\n<li>Nikotintartalom: 2% \u00e9s 5% opcion\u00e1lis<\/li>\n<li>M\u0171k\u00f6d\u00e9si elv: Egyetlen f\u00faj\u00e1ssal aktiv\u00e1lhat\u00f3<\/li>\n<li>T\u00f6lt\u00e9si m\u00f3d: Standard USB-porton kereszt\u00fcl t\u00f6lthet\u0151<\/li>\n<li>Akkumul\u00e1tor kapacit\u00e1sa: 650mAh<\/li>\n<li>\u00c1llapot: Kicsomagol\u00e1s ut\u00e1n azonnal haszn\u00e1lhat\u00f3<\/li>\n<\/ul>\n<h2 data-v-md-heading=\"full-range-of-flavors\" data-v-md-line=\"21\">Full range of flavors<\/h2>\n<ul data-v-md-line=\"22\">\n<li>Triple sweet melon<\/li>\n<li>Eperfagylalt<\/li>\n<li>Savany\u00fa alma<\/li>\n<li>Mang\u00f3, \u0151szibarack, g\u00f6r\u00f6gdinnye<\/li>\n<li>Eper \u00e9s ban\u00e1n<\/li>\n<li>K\u00e9k j\u00e9gp\u00e1lya<\/li>\n<li>\u0150szibarack j\u00e9g<\/li>\n<li>Eper kivi<\/li>\n<li>G\u00f6r\u00f6gdinnye j\u00e9g<\/li>\n<li>Ny\u00e1ri \u00e1lmok<\/li>\n<li>Eper g\u00f6r\u00f6gdinnye<\/li>\n<li>Vegyes bogy\u00f3s gy\u00fcm\u00f6lcs\u00f6k<\/li>\n<li>K\u00e9k j\u00e9gp\u00e1lya<\/li>\n<li>Citrom \u00e9s lime<\/li>\n<li>Coca-Cola j\u00e9g<\/li>\n<li>Szederfagylalt<\/li>\n<\/ul>\n<h2 data-v-md-heading=\"for-you-and-your-business\" data-v-md-line=\"39\">\u00d6nnek \u00e9s v\u00e1llalkoz\u00e1s\u00e1nak<\/h2>\n<p data-v-md-line=\"40\">A Razz Bar 30000-et szem\u00e9lyes haszn\u00e1latra vagy \u00fczletbe is megv\u00e1s\u00e1rolhatja. Nagykereskedelmi kartondobozok, 200 darabos kiszerel\u00e9sben, kedvez\u0151 \u00e1ron \u00e9s k\u00e9nyelmes k\u00e9szletfelt\u00f6lt\u00e9ssel.<\/p>\n<p data-v-md-line=\"42\">DDP sz\u00e1ll\u00edt\u00e1si szolg\u00e1ltat\u00e1sokat ny\u00fajtunk Eur\u00f3pa-szerte olyan megb\u00edzhat\u00f3 partnereken kereszt\u00fcl, mint a UPS, a DPD \u00e9s a DHL, \u00edgy a v\u00e1mkezel\u00e9s \u00e9s a v\u00e1mkezel\u00e9si d\u00edjak el\u0151re feldolgozhat\u00f3k, \u00e9s h\u00e1zhozsz\u00e1ll\u00edt\u00e1ssal t\u00f6rt\u00e9n\u0151 nyomon k\u00f6vet\u00e9si szolg\u00e1ltat\u00e1st is biztos\u00edtunk. A szab\u00e1lyoz\u00e1sok orsz\u00e1gonk\u00e9nt elt\u00e9r\u0151ek lehetnek, ez\u00e9rt k\u00e9rj\u00fck, a k\u00f6zz\u00e9t\u00e9tel vagy a v\u00e1s\u00e1rl\u00e1s el\u0151tt tekintse \u00e1t a helyi el\u0151\u00edr\u00e1sokat az eszk\u00f6z m\u00e9ret\u00e9re \u00e9s a nikotinkoncentr\u00e1ci\u00f3ra vonatkoz\u00f3an.<\/p>\n<h2 data-v-md-heading=\"why-do-you-like-it\" data-v-md-line=\"44\">Mi\u00e9rt tetszik?<\/h2>\n<ul data-v-md-line=\"45\">\n<li>Nagy doh\u00e1nyz\u00e1si kapacit\u00e1s: hosszabb akkumul\u00e1tor-\u00fczemid\u0151, nem kell gyakran cser\u00e9lni a vape-eket<\/li>\n<li>Nikotinkoncentr\u00e1ci\u00f3 kiv\u00e1laszt\u00e1sa: V\u00e1lasszon 2% vagy 5%-os nikotinkoncentr\u00e1ci\u00f3t az \u00d6n preferenci\u00e1i szerint<\/li>\n<li>\u00dajrat\u00f6lthet\u0151: Gyorsan felt\u00f6ltheti az e-folyad\u00e9kot an\u00e9lk\u00fcl, hogy a k\u00e9sz\u00fcl\u00e9k fel\u00e9t ki kellene dobni<\/li>\n<li>Stabil tekercsteljes\u00edtm\u00e9ny: \u00c9lvezze a stabil \u00e9s finom sz\u00edv\u00e1si \u00e9lm\u00e9nyt minden alkalommal<\/li>\n<\/ul>\n<h2 data-v-md-heading=\"why-choose-to-collaborate-with-agoravape\" data-v-md-line=\"50\">Mi\u00e9rt \u00e9rdemes az AgoraVape-pel egy\u00fcttm\u0171k\u00f6dni?<\/h2>\n<p data-v-md-line=\"51\">Kiz\u00e1r\u00f3lag 100%-ban eredeti term\u00e9keket k\u00edn\u00e1lunk, egy\u00e9rtelm\u0171 \u00e1rakkal \u00e9s gyors reag\u00e1l\u00e1s\u00fa \u00fcgyf\u00e9lszolg\u00e1lattal. Azok a kereskedelmi v\u00e1s\u00e1rl\u00f3k, akik 30 000 \u00fajrat\u00f6lthet\u0151, eldobhat\u00f3 vape-t v\u00e1s\u00e1rolnak a Razz Bart\u00f3l, rendk\u00edv\u00fcl versenyk\u00e9pes nagykereskedelmi \u00e1rakat, megb\u00edzhat\u00f3 \u00fcgyf\u00e9lszolg\u00e1latot, valamint gyors \u00e9s megb\u00edzhat\u00f3 DDP kisz\u00e1ll\u00edt\u00e1si szolg\u00e1ltat\u00e1st \u00e9lvezhetnek. Ha tart\u00f3s \u00e9s meg\u00e9ri a visszak\u00fcld\u00e9s\u00e9t, k\u00e9rj\u00fck, vegye fel vel\u00fcnk a kapcsolatot.<\/p>","protected":false},"excerpt":{"rendered":"<p>&nbsp;<\/p>","protected":false},"featured_media":17694,"comment_status":"open","ping_status":"closed","template":"","meta":[],"product_brand":[236],"product_cat":[124,185,189,1637,194,1674,174,175,193,163,191,173,186,180,190],"product_tag":[],"class_list":{"0":"post-17677","1":"product","2":"type-product","3":"status-publish","4":"has-post-thumbnail","6":"product_brand-razz-bar","7":"product_cat-vape-by-brand","8":"product_cat-10000-puffs-high-capacity","9":"product_cat-20mg-standard-nicotine-vapes","10":"product_cat-30000-puffs","11":"product_cat-adjustable-airflow","12":"product_cat-eu-warehouse","13":"product_cat-fruit-flavors","14":"product_cat-icy-mint","15":"product_cat-mesh-coil","16":"product_cat-razz-bar","17":"product_cat-rechargeable-disposables","18":"product_cat-vape-by-flavor-profile","19":"product_cat-vape-by-nicotine-strength","20":"product_cat-vape-by-puff-count","21":"product_cat-vape-by-feature-or-type","23":"first","24":"instock","25":"shipping-taxable","26":"purchasable","27":"product-type-variable","28":"has-default-attributes"},"tiered_pricing_type":"percentage","tiered_pricing_fixed_rules":[],"tiered_pricing_product_settings":{"layout":"default","base_unit_name":{"singular":null,"plural":null},"default_variation":null},"tiered_pricing_minimum_quantity":50,"tiered_pricing_roles_data":[],"tiered_pricing_percentage_rules":{"100":"40","200":"44","500":"47","1000":"49"},"tiered_pricing_maximum_quantity":null,"tiered_pricing_quantity_step":"10","_links":{"self":[{"href":"https:\/\/agoravape.com\/hu\/wp-json\/wp\/v2\/product\/17677","targetHints":{"allow":["GET"]}}],"collection":[{"href":"https:\/\/agoravape.com\/hu\/wp-json\/wp\/v2\/product"}],"about":[{"href":"https:\/\/agoravape.com\/hu\/wp-json\/wp\/v2\/types\/product"}],"replies":[{"embeddable":true,"href":"https:\/\/agoravape.com\/hu\/wp-json\/wp\/v2\/comments?post=17677"}],"version-history":[{"count":1,"href":"https:\/\/agoravape.com\/hu\/wp-json\/wp\/v2\/product\/17677\/revisions"}],"predecessor-version":[{"id":29811,"href":"https:\/\/agoravape.com\/hu\/wp-json\/wp\/v2\/product\/17677\/revisions\/29811"}],"wp:featuredmedia":[{"embeddable":true,"href":"https:\/\/agoravape.com\/hu\/wp-json\/wp\/v2\/media\/17694"}],"wp:attachment":[{"href":"https:\/\/agoravape.com\/hu\/wp-json\/wp\/v2\/media?parent=17677"}],"wp:term":[{"taxonomy":"product_brand","embeddable":true,"href":"https:\/\/agoravape.com\/hu\/wp-json\/wp\/v2\/product_brand?post=17677"},{"taxonomy":"product_cat","embeddable":true,"href":"https:\/\/agoravape.com\/hu\/wp-json\/wp\/v2\/product_cat?post=17677"},{"taxonomy":"product_tag","embeddable":true,"href":"https:\/\/agoravape.com\/hu\/wp-json\/wp\/v2\/product_tag?post=17677"}],"curies":[{"name":"wp","href":"https:\/\/api.w.org\/{rel}","templated":true}]}}