{"id":17734,"date":"2025-10-18T21:23:18","date_gmt":"2025-10-18T13:23:18","guid":{"rendered":"https:\/\/green-grasshopper-921422.hostingersite.com\/?post_type=product&#038;p=17734"},"modified":"2026-03-31T04:20:39","modified_gmt":"2026-03-31T02:20:39","slug":"razz-bar-crystal-10000-puffs-nulla-nikotin-vape","status":"publish","type":"product","link":"https:\/\/agoravape.com\/hu\/product\/razz-bar-crystal-10000-puffs-zero-nicotine-vape\/","title":{"rendered":"Razz bar crystal 10K Puffs 0% nikotinmentes vape | Nagyszer\u0171 \u00edz, nulla nikotin"},"content":{"rendered":"<h2 data-v-md-heading=\"what-s-special-about-the-razz-bar-crystal-10k-0-nicotine-free-vape\" data-v-md-line=\"3\"><img loading=\"lazy\" decoding=\"async\" class=\"aligncenter size-full wp-image-17759\" src=\"https:\/\/agoravape.com\/wp-content\/uploads\/2025\/10\/Razz-bar-crystal-10K-Puffs-0-Nicotine-Free-Vape_Agora_vape-9.webp\" alt=\"\" width=\"2000\" height=\"2000\" srcset=\"https:\/\/agoravape.com\/wp-content\/uploads\/2025\/10\/Razz-bar-crystal-10K-Puffs-0-Nicotine-Free-Vape_Agora_vape-9.webp 2000w, https:\/\/agoravape.com\/wp-content\/uploads\/2025\/10\/Razz-bar-crystal-10K-Puffs-0-Nicotine-Free-Vape_Agora_vape-9-600x600.webp 600w, https:\/\/agoravape.com\/wp-content\/uploads\/2025\/10\/Razz-bar-crystal-10K-Puffs-0-Nicotine-Free-Vape_Agora_vape-9-1200x1200.webp 1200w, https:\/\/agoravape.com\/wp-content\/uploads\/2025\/10\/Razz-bar-crystal-10K-Puffs-0-Nicotine-Free-Vape_Agora_vape-9-300x300.webp 300w, https:\/\/agoravape.com\/wp-content\/uploads\/2025\/10\/Razz-bar-crystal-10K-Puffs-0-Nicotine-Free-Vape_Agora_vape-9-1024x1024.webp 1024w, https:\/\/agoravape.com\/wp-content\/uploads\/2025\/10\/Razz-bar-crystal-10K-Puffs-0-Nicotine-Free-Vape_Agora_vape-9-150x150.webp 150w, https:\/\/agoravape.com\/wp-content\/uploads\/2025\/10\/Razz-bar-crystal-10K-Puffs-0-Nicotine-Free-Vape_Agora_vape-9-768x768.webp 768w, https:\/\/agoravape.com\/wp-content\/uploads\/2025\/10\/Razz-bar-crystal-10K-Puffs-0-Nicotine-Free-Vape_Agora_vape-9-1536x1536.webp 1536w\" sizes=\"auto, (max-width: 2000px) 100vw, 2000px\" \/><\/h2>\n<h2 data-v-md-heading=\"what-s-special-about-the-razz-bar-crystal-10k-0-nicotine-free-vape\" data-v-md-line=\"3\">Mi a k\u00fcl\u00f6nleges a Razz bar crystal 10K 0% nikotinmentes vape-ben?<\/h2>\n<p data-v-md-line=\"4\">Ha nikotinmentes vape \u00e9lm\u00e9nyre v\u00e1gysz, ez a term\u00e9k megk\u00f6nny\u00edtheti az \u00e9leted. A Razz Bar Crystal ak\u00e1r 10000 slukkot is kib\u00edr, az els\u0151 kortyt\u00f3l az utols\u00f3ig, egyenletes \u00e9s sima \u00e1llag\u00fa. Nem kell agg\u00f3dnod, nem kell tal\u00e1lgatnod. Csak nyisd ki a csomagol\u00e1st, \u00e9s m\u00e1ris elkezdheted haszn\u00e1lni.<\/p>\n<p data-v-md-line=\"6\">Ha leszokik a nikotinr\u00f3l, vagy csak egy nem irrit\u00e1l\u00f3 \u00edzre v\u00e1gyik, akkor ez a term\u00e9k a legjobb v\u00e1laszt\u00e1s. Azt gondolhatja, hogy ennyi vape-k\u00e9sz\u00fcl\u00e9kkel neh\u00e9zkes lenne egy\u00fctt dolgozni, de ez a vape k\u00f6nny\u0171nek \u00e9s hordozhat\u00f3nak \u00e9rz\u0151dik, \u00edgy t\u00f6k\u00e9letes a mindennapi \u00e9lethez.<\/p>\n<h2 data-v-md-heading=\"excellent-performance-without-any-complex-operations\" data-v-md-line=\"8\">Kiv\u00e1l\u00f3 teljes\u00edtm\u00e9ny bonyolult m\u0171veletek n\u00e9lk\u00fcl<\/h2>\n<p data-v-md-line=\"9\">A h\u00e1l\u00f3s tekercs a k\u00e9sz\u00fcl\u00e9k lelke, \u00edgy minden egyes nyit\u00e1s olyan tiszta \u00e9s rendezett, mint az els\u0151. Be\u00e9p\u00edtett 18 ml-es e-folyad\u00e9kkal \u00e9s 650 mAh-s akkumul\u00e1torral rendelkezik, amely hossz\u00fa t\u00e1v\u00fa \u00e9s megb\u00edzhat\u00f3 felhaszn\u00e1l\u00f3i \u00e9lm\u00e9nyt ny\u00fajt. Ha az akkumul\u00e1tor lemer\u00fcl, egyszer\u0171en t\u00f6ltse fel USB-n kereszt\u00fcl. Egyszer\u0171 \u00e9s k\u00e9nyelmes.<\/p>\n<h2 data-v-md-heading=\"specification-introduction\" data-v-md-line=\"11\">Specifik\u00e1ci\u00f3 Bevezet\u00e9s<\/h2>\n<ul data-v-md-line=\"12\">\n<li>Sz\u00edv\u00e1s gyakoris\u00e1ga: ak\u00e1r 10000-szer<\/li>\n<li>Nikotintartalom: 0% (nikotinmentes)<\/li>\n<li>E-folyad\u00e9k kapacit\u00e1sa: 18 milliliter<\/li>\n<li>Akkumul\u00e1tor: 650mAh<\/li>\n<li>M\u0171k\u00f6d\u00e9si elv: A dobozb\u00f3l kiv\u00e9ve azonnal haszn\u00e1lhat\u00f3, nincs sz\u00fcks\u00e9g gombokra<\/li>\n<li>Charging method: USB charging<\/li>\n<li>Porlaszt\u00e1si mag: H\u00e1l\u00f3s porlaszt\u00e1si mag<\/li>\n<li>\u00c1llapot: Lez\u00e1rt, \u00e9rkez\u00e9skor haszn\u00e1latra k\u00e9sz<\/li>\n<\/ul>\n<h2 data-v-md-heading=\"full-range-of-flavors\" data-v-md-line=\"21\">Full range of flavors<\/h2>\n<ul data-v-md-line=\"22\">\n<li>\u0150szibarack turmix<\/li>\n<li>Eper \u00e9s ban\u00e1n<\/li>\n<li>Red Bull sz\u0151l\u0151<\/li>\n<li>\u00c1fony\u00e1s turmix<\/li>\n<li>G\u00f6r\u00f6gdinnye turmix<\/li>\n<li>\u00c1fony\u00e1s turmix<\/li>\n<li>Tr\u00f3pusi gy\u00fcm\u00f6lcs\u00f6k<\/li>\n<li>Eper kivi<\/li>\n<li>Eper turmix<\/li>\n<li>Vegyes bogy\u00f3s gy\u00fcm\u00f6lcs\u00f6k<\/li>\n<li>Eper, m\u00e1lna, meggy turmix<\/li>\n<li>Szerelem 66<\/li>\n<li>Fekete S\u00e1rk\u00e1ny J\u00e9ghomok<\/li>\n<li>Citrom \u00e9s lime<\/li>\n<li>Ny\u00e1ri \u00e1lmok<\/li>\n<li>Epres g\u00f6r\u00f6gdinnye r\u00e1g\u00f3gumi<\/li>\n<\/ul>\n<h2 data-v-md-heading=\"for-you-and-your-business\" data-v-md-line=\"39\">\u00d6nnek \u00e9s v\u00e1llalkoz\u00e1s\u00e1nak<\/h2>\n<p data-v-md-line=\"40\">Sz\u00fcks\u00e9g eset\u00e9n v\u00e1s\u00e1roljon nikotinmentes vape-t, ak\u00e1r el\u0151sz\u00f6r pr\u00f3b\u00e1lja ki, ak\u00e1r egy hetes v\u00e1s\u00e1rl\u00e1sra k\u00e9sz\u00fcl. Ha fizikai vagy online \u00e1ruh\u00e1zat \u00fczemeltet, mindig k\u00e9szen \u00e1llunk pap\u00edrdobozok nagykereskedelm\u00e9re. Vegye fel vel\u00fcnk a kapcsolatot, hogy megtudja a pap\u00edrdobozok aktu\u00e1lis mennyis\u00e9g\u00e9t \u00e9s a t\u00f6bbszint\u0171 \u00e1rakat.<\/p>\n<p data-v-md-line=\"42\">DDP sz\u00e1ll\u00edt\u00e1si szolg\u00e1ltat\u00e1sokat ny\u00fajtunk Eur\u00f3pa-szerte olyan megb\u00edzhat\u00f3 partnereken kereszt\u00fcl, mint a UPS, a DPD \u00e9s a DHL, \u00edgy az ad\u00f3kat \u00e9s d\u00edjakat el\u0151re feldolgozzuk. \u00cdgy elker\u00fclhet\u0151k a v\u00e1mbalesetek \u00e9s a v\u00e1ratlan k\u00e9sedelmek.<\/p>\n<h2 data-v-md-heading=\"why-do-you-like-it\" data-v-md-line=\"44\">Mi\u00e9rt tetszik?<\/h2>\n<ul data-v-md-line=\"45\">\n<li>Hatalmas sz\u00edv\u00f3er\u0151: ak\u00e1r 10 000 szippant\u00e1s, ami kevesebb ism\u00e9telt rendel\u00e9st \u00e9s t\u00f6bb id\u0151t jelent kedvenc \u00edzeinek \u00e9lvezet\u00e9re.<\/li>\n<li>Nikotinmentes: \u00c9lvezze az \u00edzletes \u00e9teleket \u00e9s a szok\u00e1sokat nikotin n\u00e9lk\u00fcl.<\/li>\n<li>Nagy kapacit\u00e1s: 18 milliliter, amely hosszan tart\u00f3 \u00edzt biztos\u00edt.<\/li>\n<li>H\u00e1l\u00f3s porlaszt\u00f3 mag: Minden egyes sz\u00edv\u00e1s egyenletes f\u00fcst\u00f6t \u00e9s tiszta \u00edzt biztos\u00edt.<\/li>\n<li>Stabil t\u00e1pell\u00e1t\u00e1s: A 650 mAh-s akkumul\u00e1tor megb\u00edzhat\u00f3 teljes\u00edtm\u00e9nyt ny\u00fajt.<\/li>\n<\/ul>\n<h2 data-v-md-heading=\"why-choose-to-collaborate-with-agoravape\" data-v-md-line=\"51\">Mi\u00e9rt \u00e9rdemes az AgoraVape-pel egy\u00fcttm\u0171k\u00f6dni?<\/h2>\n<p data-v-md-line=\"52\">Csak olyan m\u00e1rk\u00e1k 100% eredeti term\u00e9keit sz\u00e1ll\u00edtjuk, amelyeket az \u00fcgyfelei szeretnek. Razz bar krist\u00e1ly 10K 0% nikotinmentes vape, amely kedvezm\u00e9nyes nagykereskedelmi \u00e1rakat, gyors v\u00e1laszad\u00e1si t\u00e1mogat\u00e1st \u00e9s gyors ad\u00f3fizet\u00e9ses sz\u00e1ll\u00edt\u00e1st k\u00edn\u00e1l Eur\u00f3p\u00e1n bel\u00fcl. \u00dcdv\u00f6z\u00f6lj\u00fck, hogy l\u00e9pjen kapcsolatba vel\u00fcnk, \u00e9s v\u00e1lassza ki az \u00d6n \u00e1ltal prefer\u00e1lt nikotinmentes sorozat\u00fa term\u00e9keket.<\/p>","protected":false},"excerpt":{"rendered":"<p>&nbsp;<\/p>","protected":false},"featured_media":17755,"comment_status":"open","ping_status":"closed","template":"","meta":[],"product_brand":[236],"product_cat":[124,187,185,189,174,175,193,163,191,173,186,180,190],"product_tag":[],"class_list":{"0":"post-17734","1":"product","2":"type-product","3":"status-publish","4":"has-post-thumbnail","6":"product_brand-razz-bar","7":"product_cat-vape-by-brand","8":"product_cat-0mg-nicotine-free-vapes","9":"product_cat-10000-puffs-high-capacity","10":"product_cat-20mg-standard-nicotine-vapes","11":"product_cat-fruit-flavors","12":"product_cat-icy-mint","13":"product_cat-mesh-coil","14":"product_cat-razz-bar","15":"product_cat-rechargeable-disposables","16":"product_cat-vape-by-flavor-profile","17":"product_cat-vape-by-nicotine-strength","18":"product_cat-vape-by-puff-count","19":"product_cat-vape-by-feature-or-type","21":"first","22":"onbackorder","23":"shipping-taxable","24":"purchasable","25":"product-type-variable","26":"has-default-attributes"},"tiered_pricing_type":"percentage","tiered_pricing_fixed_rules":[],"tiered_pricing_product_settings":{"layout":"default","base_unit_name":{"singular":null,"plural":null},"default_variation":null},"tiered_pricing_minimum_quantity":50,"tiered_pricing_roles_data":[],"tiered_pricing_percentage_rules":{"100":"40","200":"44","500":"47","1000":"49"},"tiered_pricing_maximum_quantity":null,"tiered_pricing_quantity_step":"10","_links":{"self":[{"href":"https:\/\/agoravape.com\/hu\/wp-json\/wp\/v2\/product\/17734","targetHints":{"allow":["GET"]}}],"collection":[{"href":"https:\/\/agoravape.com\/hu\/wp-json\/wp\/v2\/product"}],"about":[{"href":"https:\/\/agoravape.com\/hu\/wp-json\/wp\/v2\/types\/product"}],"replies":[{"embeddable":true,"href":"https:\/\/agoravape.com\/hu\/wp-json\/wp\/v2\/comments?post=17734"}],"version-history":[{"count":1,"href":"https:\/\/agoravape.com\/hu\/wp-json\/wp\/v2\/product\/17734\/revisions"}],"predecessor-version":[{"id":29809,"href":"https:\/\/agoravape.com\/hu\/wp-json\/wp\/v2\/product\/17734\/revisions\/29809"}],"wp:featuredmedia":[{"embeddable":true,"href":"https:\/\/agoravape.com\/hu\/wp-json\/wp\/v2\/media\/17755"}],"wp:attachment":[{"href":"https:\/\/agoravape.com\/hu\/wp-json\/wp\/v2\/media?parent=17734"}],"wp:term":[{"taxonomy":"product_brand","embeddable":true,"href":"https:\/\/agoravape.com\/hu\/wp-json\/wp\/v2\/product_brand?post=17734"},{"taxonomy":"product_cat","embeddable":true,"href":"https:\/\/agoravape.com\/hu\/wp-json\/wp\/v2\/product_cat?post=17734"},{"taxonomy":"product_tag","embeddable":true,"href":"https:\/\/agoravape.com\/hu\/wp-json\/wp\/v2\/product_tag?post=17734"}],"curies":[{"name":"wp","href":"https:\/\/api.w.org\/{rel}","templated":true}]}}