{"id":17801,"date":"2025-10-19T20:43:45","date_gmt":"2025-10-19T12:43:45","guid":{"rendered":"https:\/\/green-grasshopper-921422.hostingersite.com\/?post_type=product&#038;p=17801"},"modified":"2026-01-12T10:38:42","modified_gmt":"2026-01-12T02:38:42","slug":"hazey-d195-18000-puffs-vape","status":"publish","type":"product","link":"https:\/\/agoravape.com\/hu\/product\/hazey-d195-18000-puffs-vape\/","title":{"rendered":"Hazey D195 18K Puffs Mesh Coil Vape k\u00e9perny\u0151vel | Nagy Puffok, \u00c1tl\u00e1tsz\u00f3 Kijelz\u0151"},"content":{"rendered":"<h2 data-v-md-heading=\"what-is-special-about-hazey-d195-18k-suction-mesh-coil-vape-with-screen\" data-v-md-line=\"3\">Mi a k\u00fcl\u00f6nleges a Hazey D195 18K sz\u00edv\u00f3h\u00e1l\u00f3s tekercses vape-ben (sz\u0171r\u0151vel)?<\/h2>\n<p data-v-md-line=\"4\">Ha belef\u00e1radt abba, hogy n\u00e9h\u00e1ny naponta cser\u00e9lgeti a k\u00e9sz\u00fcl\u00e9keit, akkor mindenk\u00e9ppen \u00e9rdemes megn\u00e9znie ezt a term\u00e9ket. A Hazey D195 ak\u00e1r 18000 falat k\u00e1v\u00e9t is k\u00e9pes leadni, mindig tiszta \u00e9s egys\u00e9ges \u00edzt biztos\u00edtva.<\/p>\n<p data-v-md-line=\"6\">Kifejezetten mindennapi haszn\u00e1latra tervezt\u00e9k. A f\u00e9nyes, kett\u0151s kijelz\u0151 egy pillant\u00e1ssal mutatja az e-liquid \u00e9s az akkumul\u00e1tor t\u00f6lt\u00f6tts\u00e9gi szintj\u00e9t, \u00edgy elker\u00fclhet\u0151 a tal\u00e1lgat\u00e1s \u00e9s a v\u00e1ratlan kiapad\u00e1sok. Ha megb\u00edzhat\u00f3 \u00e9s gondtalan \u00edzre v\u00e1gysz, ez a term\u00e9k az ide\u00e1lis v\u00e1laszt\u00e1s.<\/p>\n<h2 data-v-md-heading=\"excellent-performance-worry-free\" data-v-md-line=\"8\">Kiv\u00e1l\u00f3 teljes\u00edtm\u00e9ny, gondtalan<\/h2>\n<p data-v-md-line=\"9\">A 0,8 \u03a9-os h\u00e1l\u00f3s tekercs egyenletesen melegszik fel a sima \u00e9s stabil \u00edz biztos\u00edt\u00e1sa \u00e9rdek\u00e9ben. Az els\u0151 \u00edz nem t\u0171nik el f\u00e9l\u00faton. A kett\u0151s k\u00e9perny\u0151 a haszn\u00e1latot is egyszer\u0171v\u00e9 teszi. Ellen\u0151rizheti az akkumul\u00e1tor t\u00f6lt\u00f6tts\u00e9gi szintj\u00e9t, \u00e9s megtervezheti a napi \u00fatvonal\u00e1t an\u00e9lk\u00fcl, hogy tartal\u00e9k \u00e1ramforr\u00e1st vinne mag\u00e1val. Ha az akkumul\u00e1tor lemer\u00fclt, egyszer\u0171en t\u00f6ltse fel a tov\u00e1bbi haszn\u00e1lathoz.<\/p>\n<h2 data-v-md-heading=\"specification-introduction\" data-v-md-line=\"11\">Specifik\u00e1ci\u00f3 Bevezet\u00e9s<\/h2>\n<ul data-v-md-line=\"12\">\n<li>Sz\u00edv\u00e1s gyakoris\u00e1ga: ak\u00e1r 18000-szer<\/li>\n<li>Nikotintartalom: 2% vagy 5%<\/li>\n<li>M\u0171k\u00f6d\u00e9si elv: Bel\u00e9gz\u00e9ssel aktiv\u00e1l\u00f3dik<\/li>\n<li>T\u00f6lt\u00e9si m\u00f3d: \u00fajrat\u00f6lthet\u0151<\/li>\n<li>\u00c1llapot: Kicsomagol\u00e1s ut\u00e1n azonnal haszn\u00e1lhat\u00f3<\/li>\n<li>Tekercs: 0,8 \u03a9 h\u00e1l\u00f3s tekercs<\/li>\n<li>Akkumul\u00e1tor: 600mAh<\/li>\n<li>E-folyad\u00e9k kapacit\u00e1sa: 28 milliliter<\/li>\n<li>Kijelz\u0151: kett\u0151s k\u00e9perny\u0151s kijelz\u0151, amelyen l\u00e1that\u00f3 az e-folyad\u00e9k \u00e9s az akkumul\u00e1tor t\u00f6lt\u00f6tts\u00e9gi szintje<\/li>\n<\/ul>\n<h2 data-v-md-heading=\"full-range-of-flavors\" data-v-md-line=\"22\">Full range of flavors<\/h2>\n<ul data-v-md-line=\"23\">\n<li>Eperfagylalt<\/li>\n<li>G\u00f6r\u00f6gdinnye j\u00e9g<\/li>\n<li>K\u00e9k j\u00e9gp\u00e1lya<\/li>\n<li>Sz\u0151l\u0151fagylalt<\/li>\n<li>Anan\u00e1sz j\u00e9g<\/li>\n<li>Epres g\u00f6r\u00f6gdinnyefagylalt<\/li>\n<li>Kiwi maracuja guava j\u00e9g<\/li>\n<li>H\u00e1rmas mang\u00f3fagylalt<\/li>\n<li>Dupla alm\u00e1s j\u00e9g<\/li>\n<li>Coca-Cola j\u00e9g<\/li>\n<li>Citrom \u00e9s lime j\u00e9g<\/li>\n<li>Lime maracuj\u00e1s j\u00e9g<\/li>\n<li>Fekete ribizli sz\u0151l\u0151fagylalt<\/li>\n<li>Eper M\u00e1lna Meggyfagylalt<\/li>\n<li>Alm\u00e1s sz\u0151l\u0151fagylalt<\/li>\n<\/ul>\n<p><img loading=\"lazy\" decoding=\"async\" class=\"aligncenter size-full wp-image-17822\" src=\"https:\/\/agoravape.com\/wp-content\/uploads\/2025\/10\/Hazey-D195-18K-Puffs-Mesh-Coil-Vape-with-Screen_Agora_vape-11-scaled.webp\" alt=\"\" width=\"2560\" height=\"2125\" srcset=\"https:\/\/agoravape.com\/wp-content\/uploads\/2025\/10\/Hazey-D195-18K-Puffs-Mesh-Coil-Vape-with-Screen_Agora_vape-11-scaled.webp 2560w, https:\/\/agoravape.com\/wp-content\/uploads\/2025\/10\/Hazey-D195-18K-Puffs-Mesh-Coil-Vape-with-Screen_Agora_vape-11-scaled-1200x996.webp 1200w, https:\/\/agoravape.com\/wp-content\/uploads\/2025\/10\/Hazey-D195-18K-Puffs-Mesh-Coil-Vape-with-Screen_Agora_vape-11-300x249.webp 300w, https:\/\/agoravape.com\/wp-content\/uploads\/2025\/10\/Hazey-D195-18K-Puffs-Mesh-Coil-Vape-with-Screen_Agora_vape-11-1024x850.webp 1024w, https:\/\/agoravape.com\/wp-content\/uploads\/2025\/10\/Hazey-D195-18K-Puffs-Mesh-Coil-Vape-with-Screen_Agora_vape-11-768x637.webp 768w, https:\/\/agoravape.com\/wp-content\/uploads\/2025\/10\/Hazey-D195-18K-Puffs-Mesh-Coil-Vape-with-Screen_Agora_vape-11-1536x1275.webp 1536w, https:\/\/agoravape.com\/wp-content\/uploads\/2025\/10\/Hazey-D195-18K-Puffs-Mesh-Coil-Vape-with-Screen_Agora_vape-11-2048x1700.webp 2048w\" sizes=\"auto, (max-width: 2560px) 100vw, 2560px\" \/><\/p>\n<h2 data-v-md-heading=\"for-you-for-your-business\" data-v-md-line=\"39\">\u00d6nnek, az \u00d6n v\u00e1llalkoz\u00e1s\u00e1nak<\/h2>\n<p data-v-md-line=\"40\">A Hazey D195-\u00f6t kiv\u00e1laszthatod saj\u00e1t magad, vagy hozz\u00e1adhatod az \u00e1ruh\u00e1zadhoz. K\u00fcl\u00f6n\u00e1ll\u00f3 \u00e9s nagykereskedelmi szolg\u00e1ltat\u00e1sokat is k\u00edn\u00e1lunk, \u00e9s a preferenci\u00e1id szerint rendelhetsz. Nagy t\u00e9telben t\u00f6rt\u00e9n\u0151 v\u00e1s\u00e1rl\u00e1s eset\u00e9n DDP sz\u00e1ll\u00edt\u00e1si szolg\u00e1ltat\u00e1sokat biztos\u00edtunk olyan partnereken kereszt\u00fcl, mint a UPS, a DPD \u00e9s a DHL, \u00edgy nem kell agg\u00f3dnod a v\u00e1mn\u00e1l fell\u00e9p\u0151 balesetek miatt.<\/p>\n<p data-v-md-line=\"42\">Stabil elad\u00f3ra van sz\u00fcks\u00e9ge, aki egy\u00e9rtelm\u0171 eszk\u00f6zinform\u00e1ci\u00f3kat \u00e9s gazdag \u00edzv\u00e1laszt\u00e9kot k\u00edn\u00e1l? Ak\u00e1r a k\u00e9nyelmet helyezi el\u0151t\u00e9rbe, ak\u00e1r az \u00edzeket kedvel\u0151 v\u00e1s\u00e1rl\u00f3, ez a term\u00e9k kiel\u00e9g\u00edtheti az ig\u00e9nyeit.<\/p>\n<h2 data-v-md-heading=\"why-do-you-like-it\" data-v-md-line=\"44\">Mi\u00e9rt tetszik?<\/h2>\n<ul data-v-md-line=\"45\">\n<li>Hatalmas sz\u00edv\u00f3er\u0151: Az ak\u00e1r 18 ezer literes kapacit\u00e1s kevesebb cser\u00e9t \u00e9s nagyobb k\u00f6lts\u00e9ghat\u00e9konys\u00e1got jelent.<\/li>\n<li>Nikotintartalom kiv\u00e1laszt\u00e1sa: V\u00e1lasszon 2%-ot vagy 5%-ot az \u00d6n preferenci\u00e1i szerint.<\/li>\n<li>\u00dajrat\u00f6lthet\u0151: Haszn\u00e1lja fel mind a 28 milliliter e-folyad\u00e9kot pazarl\u00e1s n\u00e9lk\u00fcl.<\/li>\n<li>H\u00e1l\u00f3s tekercs: A 0,8 \u03a9-os h\u00e1l\u00f3s tekercs mindig k\u00f6vetkezetes \u00e9s gazdag \u00edzt biztos\u00edt.<\/li>\n<li>Kett\u0151s k\u00e9perny\u0151s kijelz\u0151: K\u00f6nnyen megtekintheti az e-folyad\u00e9k \u00e9s az akkumul\u00e1tor szintj\u00e9t, elker\u00fclve a sz\u00e1raz sz\u00edv\u00e1st \u00e9s az akkumul\u00e1tor lemer\u00fcl\u00e9s\u00e9t.<\/li>\n<\/ul>\n<h2 data-v-md-heading=\"why-collaborate-with-agoravape\" data-v-md-line=\"51\">Mi\u00e9rt \u00e9rdemes az AgoraVape-pel egy\u00fcttm\u0171k\u00f6dni?<\/h2>\n<p data-v-md-line=\"52\">Eur\u00f3pa egyik megb\u00edzhat\u00f3 vape forgalmaz\u00f3jak\u00e9nt kiz\u00e1r\u00f3lag 100%-ban eredeti term\u00e9keket k\u00edn\u00e1lunk. A Hazey D195 18K sz\u00edv\u00f3h\u00e1l\u00f3s vape (sz\u0171r\u0151vel) korrekt nagykereskedelmi \u00e1rakat, bar\u00e1ts\u00e1gos \u00fcgyf\u00e9lszolg\u00e1latot \u00e9s gyors DDP kisz\u00e1ll\u00edt\u00e1st k\u00edn\u00e1l Eur\u00f3p\u00e1n bel\u00fcl. K\u00e9rj\u00fck, vegye fel a kapcsolatot csapatunkkal, hogy megtudja, mely eszk\u00f6z\u00f6ket fogj\u00e1k \u00fcgyfelei \u00fajra megv\u00e1s\u00e1rolni.<\/p>","protected":false},"excerpt":{"rendered":"<p>&nbsp;<\/p>\n<p><script src=\"chrome-extension:\/\/fpelahbljekknahkcaegamhcndkfpfnc\/iFrame.js\" type=\"text\/javascript\"><\/script><\/p>\n<p><script src=\"chrome-extension:\/\/fpelahbljekknahkcaegamhcndkfpfnc\/iFrame.js\" type=\"text\/javascript\"><\/script><\/p>\n<p><script src=\"chrome-extension:\/\/fpelahbljekknahkcaegamhcndkfpfnc\/iFrame.js\" type=\"text\/javascript\"><\/script><\/p>\n<p><script src=\"chrome-extension:\/\/fpelahbljekknahkcaegamhcndkfpfnc\/iFrame.js\" type=\"text\/javascript\"><\/script><\/p>\n<p><script src=\"chrome-extension:\/\/fpelahbljekknahkcaegamhcndkfpfnc\/iFrame.js\" type=\"text\/javascript\"><\/script><\/p>\n<p><script src=\"chrome-extension:\/\/fpelahbljekknahkcaegamhcndkfpfnc\/iFrame.js\" type=\"text\/javascript\"><\/script><\/p>\n<p><script src=\"chrome-extension:\/\/fpelahbljekknahkcaegamhcndkfpfnc\/iFrame.js\" type=\"text\/javascript\"><\/script><\/p>\n<p><script src=\"chrome-extension:\/\/fpelahbljekknahkcaegamhcndkfpfnc\/iFrame.js\" type=\"text\/javascript\"><\/script><\/p>\n<p><script src=\"chrome-extension:\/\/fpelahbljekknahkcaegamhcndkfpfnc\/iFrame.js\" type=\"text\/javascript\"><\/script><\/p>\n<p><script src=\"chrome-extension:\/\/fpelahbljekknahkcaegamhcndkfpfnc\/iFrame.js\" type=\"text\/javascript\"><\/script><\/p>\n<p><script src=\"chrome-extension:\/\/fpelahbljekknahkcaegamhcndkfpfnc\/iFrame.js\" type=\"text\/javascript\"><\/script><\/p>\n<p><script src=\"chrome-extension:\/\/fpelahbljekknahkcaegamhcndkfpfnc\/iFrame.js\" type=\"text\/javascript\"><\/script><\/p>\n<p><script src=\"chrome-extension:\/\/fpelahbljekknahkcaegamhcndkfpfnc\/iFrame.js\" type=\"text\/javascript\"><\/script><\/p>\n<p><script src=\"chrome-extension:\/\/fpelahbljekknahkcaegamhcndkfpfnc\/iFrame.js\" type=\"text\/javascript\"><\/script><\/p>\n<p><script src=\"chrome-extension:\/\/fpelahbljekknahkcaegamhcndkfpfnc\/iFrame.js\" type=\"text\/javascript\"><\/script><\/p>\n<p><script src=\"chrome-extension:\/\/fpelahbljekknahkcaegamhcndkfpfnc\/iFrame.js\" type=\"text\/javascript\"><\/script><\/p>\n<p><script src=\"chrome-extension:\/\/fpelahbljekknahkcaegamhcndkfpfnc\/iFrame.js\" type=\"text\/javascript\"><\/script><\/p>","protected":false},"featured_media":17821,"comment_status":"open","ping_status":"closed","template":"","meta":[],"product_brand":[237],"product_cat":[124,185,189,174,164,175,193,191,173,186,180,190,192],"product_tag":[],"class_list":{"0":"post-17801","1":"product","2":"type-product","3":"status-publish","4":"has-post-thumbnail","6":"product_brand-hazey","7":"product_cat-vape-by-brand","8":"product_cat-10000-puffs-high-capacity","9":"product_cat-20mg-standard-nicotine-vapes","10":"product_cat-fruit-flavors","11":"product_cat-hazey","12":"product_cat-icy-mint","13":"product_cat-mesh-coil","14":"product_cat-rechargeable-disposables","15":"product_cat-vape-by-flavor-profile","16":"product_cat-vape-by-nicotine-strength","17":"product_cat-vape-by-puff-count","18":"product_cat-vape-by-feature-or-type","19":"product_cat-vapes-with-screens","21":"first","22":"instock","23":"shipping-taxable","24":"purchasable","25":"product-type-variable","26":"has-default-attributes"},"tiered_pricing_type":"percentage","tiered_pricing_fixed_rules":[],"tiered_pricing_product_settings":{"layout":"default","base_unit_name":{"singular":null,"plural":null},"default_variation":null},"tiered_pricing_minimum_quantity":50,"tiered_pricing_roles_data":[],"tiered_pricing_percentage_rules":{"100":"29","200":"35","500":"40","1000":"44"},"tiered_pricing_maximum_quantity":null,"tiered_pricing_quantity_step":"10","_links":{"self":[{"href":"https:\/\/agoravape.com\/hu\/wp-json\/wp\/v2\/product\/17801","targetHints":{"allow":["GET"]}}],"collection":[{"href":"https:\/\/agoravape.com\/hu\/wp-json\/wp\/v2\/product"}],"about":[{"href":"https:\/\/agoravape.com\/hu\/wp-json\/wp\/v2\/types\/product"}],"replies":[{"embeddable":true,"href":"https:\/\/agoravape.com\/hu\/wp-json\/wp\/v2\/comments?post=17801"}],"version-history":[{"count":0,"href":"https:\/\/agoravape.com\/hu\/wp-json\/wp\/v2\/product\/17801\/revisions"}],"wp:featuredmedia":[{"embeddable":true,"href":"https:\/\/agoravape.com\/hu\/wp-json\/wp\/v2\/media\/17821"}],"wp:attachment":[{"href":"https:\/\/agoravape.com\/hu\/wp-json\/wp\/v2\/media?parent=17801"}],"wp:term":[{"taxonomy":"product_brand","embeddable":true,"href":"https:\/\/agoravape.com\/hu\/wp-json\/wp\/v2\/product_brand?post=17801"},{"taxonomy":"product_cat","embeddable":true,"href":"https:\/\/agoravape.com\/hu\/wp-json\/wp\/v2\/product_cat?post=17801"},{"taxonomy":"product_tag","embeddable":true,"href":"https:\/\/agoravape.com\/hu\/wp-json\/wp\/v2\/product_tag?post=17801"}],"curies":[{"name":"wp","href":"https:\/\/api.w.org\/{rel}","templated":true}]}}