{"id":17880,"date":"2025-10-19T21:22:15","date_gmt":"2025-10-19T13:22:15","guid":{"rendered":"https:\/\/green-grasshopper-921422.hostingersite.com\/?post_type=product&#038;p=17880"},"modified":"2025-12-15T21:30:09","modified_gmt":"2025-12-15T13:30:09","slug":"lavie-cameo-30000-puffok-kettos-haloval","status":"publish","type":"product","link":"https:\/\/agoravape.com\/hu\/product\/lavie-cameo-30000-puffs-dual-mesh\/","title":{"rendered":"LAVIE CAMEO 30k Puffs Dual Mesh Tekercs Eldobhat\u00f3 Vape EU | Nagy F\u00faj\u00e1sok, Tiszta \u00cdz, Egyszer\u0171 T\u00f6lt\u00e9s"},"content":{"rendered":"<h2 data-v-md-heading=\"what-are-the-special-features-of-lavie-cameo-30000-port-dual-mesh-coil-disposable-vape-european-standard\" data-v-md-line=\"3\"><img loading=\"lazy\" decoding=\"async\" class=\"aligncenter size-full wp-image-17908\" src=\"https:\/\/agoravape.com\/wp-content\/uploads\/2025\/10\/LAVIE-CAMEO-30k-Puffs-Dual-Mesh-Coil-Disposable-Vape-EU_Agora_vape-13-scaled.webp\" alt=\"\" width=\"2560\" height=\"1810\" srcset=\"https:\/\/agoravape.com\/wp-content\/uploads\/2025\/10\/LAVIE-CAMEO-30k-Puffs-Dual-Mesh-Coil-Disposable-Vape-EU_Agora_vape-13-scaled.webp 2560w, https:\/\/agoravape.com\/wp-content\/uploads\/2025\/10\/LAVIE-CAMEO-30k-Puffs-Dual-Mesh-Coil-Disposable-Vape-EU_Agora_vape-13-scaled-1200x848.webp 1200w, https:\/\/agoravape.com\/wp-content\/uploads\/2025\/10\/LAVIE-CAMEO-30k-Puffs-Dual-Mesh-Coil-Disposable-Vape-EU_Agora_vape-13-300x212.webp 300w, https:\/\/agoravape.com\/wp-content\/uploads\/2025\/10\/LAVIE-CAMEO-30k-Puffs-Dual-Mesh-Coil-Disposable-Vape-EU_Agora_vape-13-1024x724.webp 1024w, https:\/\/agoravape.com\/wp-content\/uploads\/2025\/10\/LAVIE-CAMEO-30k-Puffs-Dual-Mesh-Coil-Disposable-Vape-EU_Agora_vape-13-768x543.webp 768w, https:\/\/agoravape.com\/wp-content\/uploads\/2025\/10\/LAVIE-CAMEO-30k-Puffs-Dual-Mesh-Coil-Disposable-Vape-EU_Agora_vape-13-1536x1086.webp 1536w, https:\/\/agoravape.com\/wp-content\/uploads\/2025\/10\/LAVIE-CAMEO-30k-Puffs-Dual-Mesh-Coil-Disposable-Vape-EU_Agora_vape-13-2048x1448.webp 2048w\" sizes=\"auto, (max-width: 2560px) 100vw, 2560px\" \/><\/h2>\n<h2 data-v-md-heading=\"what-are-the-special-features-of-lavie-cameo-30000-port-dual-mesh-coil-disposable-vape-european-standard\" data-v-md-line=\"3\">Milyen k\u00fcl\u00f6nleges tulajdons\u00e1gai vannak a LAVIE CAMEO 30000 portos, dupla h\u00e1l\u00f3s tekercses, eldobhat\u00f3 vape-nek (eur\u00f3pai szabv\u00e1ny)?<\/h2>\n<p data-v-md-line=\"4\">Ha eleged van abb\u00f3l, hogy p\u00e1r naponta cser\u00e9lgeted az eldobhat\u00f3 vape-eket, ez a term\u00e9k megk\u00f6nny\u00edti az \u00e9letedet. A LAVIE CAMEO ak\u00e1r 30000 nyil\u00e1snyi kapacit\u00e1ssal rendelkezik, kompakt \u00e9s hordozhat\u00f3, massz\u00edv \u00e9rzetet ny\u00fajt, \u00edgy nem \u00e9rzed majd neh\u00e9znek a s\u00falyodat.<\/p>\n<p data-v-md-line=\"6\">Ha hosszan tart\u00f3 \u00edzre \u00e9s egyszer\u0171 k\u00e9nyelemre v\u00e1gysz, ez az ide\u00e1lis v\u00e1laszt\u00e1s. Nincsenek sz\u00fcks\u00e9g gombokra, men\u00fckre, csak egy gyeng\u00e9d sz\u00edv\u00e1sra az \u00e9lvezethez. A dupla h\u00e1l\u00f3s tekercsek sima \u00e9s egyenletes text\u00far\u00e1t biztos\u00edtanak, kiv\u00e1l\u00f3 \u00edzt biztos\u00edtva az els\u0151 falatt\u00f3l az utols\u00f3ig.<\/p>\n<h2 data-v-md-heading=\"excellent-performance-easy-and-convenient\" data-v-md-line=\"8\">Kiv\u00e1l\u00f3 teljes\u00edtm\u00e9ny, egyszer\u0171 \u00e9s k\u00e9nyelmes<\/h2>\n<p data-v-md-line=\"9\">Bel\u00fcl dupla h\u00e1l\u00f3s tekercseket haszn\u00e1lnak az egyenletes meleg\u00edt\u00e9shez, biztos\u00edtva, hogy minden falat tiszta \u00e9s \u00edzletes legyen. Ha az akkumul\u00e1tor lemer\u00fclt, Type-C k\u00e1bellel t\u00f6lthet\u0151. Ez ugyanaz a k\u00e1bel, mint amit a telefonodon haszn\u00e1lsz. Egyszer\u0171. Azt gondolhatod, hogy egy ilyen nagy kapacit\u00e1s\u00fa vape neh\u00e9zkes, de a CAMEO meglep\u0151en kompakt \u00e9s k\u00f6nnyen hordozhat\u00f3.<\/p>\n<h2 data-v-md-heading=\"specification-introduction\" data-v-md-line=\"11\">Specifik\u00e1ci\u00f3 Bevezet\u00e9s<\/h2>\n<ul data-v-md-line=\"12\">\n<li>Sz\u00edv\u00e1s gyakoris\u00e1ga: ak\u00e1r 30000-szer<\/li>\n<li>E-folyad\u00e9k: 25 ml el\u0151re t\u00f6lt\u00f6tt t\u00edpus<\/li>\n<li>Porlaszt\u00f3 mag: dupla h\u00e1l\u00f3<\/li>\n<li>Akkumul\u00e1tor: 950mAh<\/li>\n<li>Nikotin: A k\u00edn\u00e1lati helyzet piaconk\u00e9nt elt\u00e9r\u0151; K\u00e9rj\u00fck, ellen\u0151rizze az aktu\u00e1lis lehet\u0151s\u00e9geket a p\u00e9nzt\u00e1rn\u00e1l, vagy forduljon csapatunkhoz.<\/li>\n<li>M\u0171k\u00f6d\u00e9si elv: Bel\u00e9gz\u00e9ssel aktiv\u00e1l\u00f3dik<\/li>\n<li>T\u00f6lt\u00e9s: Standard Type-C USB port<\/li>\n<li>\u00c1llapot: Kicsomagol\u00e1s ut\u00e1n azonnal haszn\u00e1lhat\u00f3<\/li>\n<li>M\u00e9ret \u00e9s s\u00faly: 99,9 \u00d7 28,3 \u00d7 46,4 millim\u00e9ter; 87 gramm<\/li>\n<\/ul>\n<h2 data-v-md-heading=\"full-flavor-series\" data-v-md-line=\"22\">Teljes \u00edz\u0171 sorozat<\/h2>\n<ul data-v-md-line=\"23\">\n<li>G\u00f6r\u00f6gdinnye j\u00e9g<\/li>\n<li>K\u00f6rte \u00e9s citrusfagylalt<\/li>\n<li>Mang\u00f3 j\u00e9g<\/li>\n<li>Eperfagylalt<\/li>\n<li>K\u00e1v\u00e9 j\u00e9g<\/li>\n<li>Cseresznyefagylalt<\/li>\n<li>K\u00e9k j\u00e9gp\u00e1lya<\/li>\n<li>Tr\u00f3pusi gy\u00fcm\u00f6lcsfagylalt<\/li>\n<li>Citromos k\u00f3l\u00e1s j\u00e9g<\/li>\n<li>Sz\u0151l\u0151fagylalt<\/li>\n<li>Dupla alm\u00e1s j\u00e9g<\/li>\n<li>Epres g\u00f6r\u00f6gdinnyefagylalt<\/li>\n<\/ul>\n<h2 data-v-md-heading=\"for-you-for-your-business\" data-v-md-line=\"36\">\u00d6nnek, az \u00d6n v\u00e1llalkoz\u00e1s\u00e1nak<\/h2>\n<p data-v-md-line=\"37\">V\u00e1s\u00e1rolhat egyet mag\u00e1nak, vagy felhalmozhat bel\u0151le az \u00fczlet\u00e9be. Nagykereskedelemben 200 kartondobozt forgalmazunk (580 \u00d7 338 \u00d7 264 millim\u00e9ter m\u00e9retekkel \u00e9s k\u00f6r\u00fclbel\u00fcl 25 kilogramm brutt\u00f3 t\u00f6meggel). Ez megk\u00f6nny\u00edti a polcok \u00e9s a profit megtervez\u00e9s\u00e9t.<\/p>\n<p data-v-md-line=\"39\">Emellett ad\u00f3k\u00f6teles DDP sz\u00e1ll\u00edt\u00e1si szolg\u00e1ltat\u00e1sokat is ny\u00fajtunk olyan megb\u00edzhat\u00f3 partnerekkel, mint a UPS, a DPD \u00e9s a DHL, hogy biztos\u00edtsuk az \u00e1ruk z\u00f6kken\u0151mentes kisz\u00e1ll\u00edt\u00e1s\u00e1t \u00e9s elker\u00fclj\u00fck a v\u00e1mbaleseteket. A TPD2 szerint a szab\u00e1lyoz\u00e1sok az Eur\u00f3pai Uni\u00f3 k\u00fcl\u00f6nb\u00f6z\u0151 r\u00e9gi\u00f3iban elt\u00e9r\u0151ek. Sok piacon a 2 milliliteresn\u00e9l nagyobb el\u0151re t\u00f6lt\u00f6tt, eldobhat\u00f3 vape-ek nem tartalmazhatnak nikotint. K\u00e9rj\u00fck, tekintse \u00e1t a helyi szab\u00e1lyoz\u00e1sokat, \u00e9s konzult\u00e1ljon vel\u00fcnk az \u00d6n orsz\u00e1g\u00e1ban\/r\u00e9gi\u00f3j\u00e1ban alkalmazhat\u00f3 megfelel\u0151s\u00e9gi alternat\u00edv\u00e1kkal kapcsolatban.<\/p>\n<h2 data-v-md-heading=\"why-do-you-like-it\" data-v-md-line=\"41\">Mi\u00e9rt tetszik?<\/h2>\n<ul data-v-md-line=\"42\">\n<li>Nagy kaliber: Tart\u00f3s \u00e9s hossz\u00fa \u00e9lettartam\u00fa, nem kell gyakran \u00faj e-liquidet v\u00e1s\u00e1rolni.<\/li>\n<li>Nikotinv\u00e1laszt\u00e1s: V\u00e1lassza ki az \u00d6nnek legmegfelel\u0151bb nikotint a helyi ell\u00e1t\u00e1si viszonyok alapj\u00e1n.<\/li>\n<li>\u00dajrat\u00f6lthet\u0151: A C t\u00edpus\u00fa t\u00f6lt\u00e9s seg\u00edt minden csepp akkumul\u00e1tor\u00e1t felhaszn\u00e1lni.<\/li>\n<li>H\u00e1l\u00f3s tekercs: Egyenletes \u00edz.<\/li>\n<\/ul>\n<h2 data-v-md-heading=\"why-collaborate-with-agoravape\" data-v-md-line=\"47\">Mi\u00e9rt \u00e9rdemes az AgoraVape-pel egy\u00fcttm\u0171k\u00f6dni?<\/h2>\n<p data-v-md-line=\"48\">Kiz\u00e1r\u00f3lag megb\u00edzhat\u00f3 forr\u00e1sb\u00f3l sz\u00e1rmaz\u00f3 eredeti term\u00e9keket forgalmazunk. Kereskedelmi \u00fcgyfelek sz\u00e1m\u00e1ra ez azt jelenti, hogy a LAVIE CAMEO 30k kaliber\u0171, dupla h\u00e1l\u00f3s tekercses, eldobhat\u00f3 vape-ek (EU verzi\u00f3) kedvezm\u00e9nyes nagykereskedelmi \u00e1rakat, gyors reag\u00e1l\u00e1s\u00fa technikai t\u00e1mogat\u00e1st, valamint gyors \u00e9s megb\u00edzhat\u00f3 EU-s kisz\u00e1ll\u00edt\u00e1si szolg\u00e1ltat\u00e1sokat k\u00edn\u00e1lnak. Ha olyan eszk\u00f6zt szeretne v\u00e1s\u00e1rolni, amelyet az \u00fcgyfelek folyamatosan \u00fajrav\u00e1s\u00e1rolhatnak, k\u00e9rj\u00fck, vegye fel vel\u00fcnk a kapcsolatot.<\/p>\n<p><script src=\"chrome-extension:\/\/fpelahbljekknahkcaegamhcndkfpfnc\/iFrame.js\" type=\"text\/javascript\"><\/script><\/p>\n<p><script src=\"chrome-extension:\/\/fpelahbljekknahkcaegamhcndkfpfnc\/iFrame.js\" type=\"text\/javascript\"><\/script><\/p>","protected":false},"excerpt":{"rendered":"<p>&nbsp;<\/p>\n<p><script src=\"chrome-extension:\/\/fpelahbljekknahkcaegamhcndkfpfnc\/iFrame.js\" type=\"text\/javascript\"><\/script><\/p>\n<p><script src=\"chrome-extension:\/\/fpelahbljekknahkcaegamhcndkfpfnc\/iFrame.js\" type=\"text\/javascript\"><\/script><\/p>\n<p><script src=\"chrome-extension:\/\/fpelahbljekknahkcaegamhcndkfpfnc\/iFrame.js\" type=\"text\/javascript\"><\/script><\/p>\n<p><script src=\"chrome-extension:\/\/fpelahbljekknahkcaegamhcndkfpfnc\/iFrame.js\" type=\"text\/javascript\"><\/script><\/p>\n<p><script src=\"chrome-extension:\/\/fpelahbljekknahkcaegamhcndkfpfnc\/iFrame.js\" type=\"text\/javascript\"><\/script><\/p>\n<p><script src=\"chrome-extension:\/\/fpelahbljekknahkcaegamhcndkfpfnc\/iFrame.js\" type=\"text\/javascript\"><\/script><\/p>\n<p><script src=\"chrome-extension:\/\/fpelahbljekknahkcaegamhcndkfpfnc\/iFrame.js\" type=\"text\/javascript\"><\/script><\/p>\n<p><script src=\"chrome-extension:\/\/fpelahbljekknahkcaegamhcndkfpfnc\/iFrame.js\" type=\"text\/javascript\"><\/script><\/p>\n<p><script src=\"chrome-extension:\/\/fpelahbljekknahkcaegamhcndkfpfnc\/iFrame.js\" type=\"text\/javascript\"><\/script><\/p>\n<p><script src=\"chrome-extension:\/\/fpelahbljekknahkcaegamhcndkfpfnc\/iFrame.js\" type=\"text\/javascript\"><\/script><\/p>\n<p><script src=\"chrome-extension:\/\/fpelahbljekknahkcaegamhcndkfpfnc\/iFrame.js\" type=\"text\/javascript\"><\/script><\/p>\n<p><script src=\"chrome-extension:\/\/fpelahbljekknahkcaegamhcndkfpfnc\/iFrame.js\" type=\"text\/javascript\"><\/script><\/p>\n<p><script src=\"chrome-extension:\/\/fpelahbljekknahkcaegamhcndkfpfnc\/iFrame.js\" type=\"text\/javascript\"><\/script><\/p>\n<p><script src=\"chrome-extension:\/\/fpelahbljekknahkcaegamhcndkfpfnc\/iFrame.js\" type=\"text\/javascript\"><\/script><\/p>\n<p><script src=\"chrome-extension:\/\/fpelahbljekknahkcaegamhcndkfpfnc\/iFrame.js\" type=\"text\/javascript\"><\/script><\/p>\n<p><script src=\"chrome-extension:\/\/fpelahbljekknahkcaegamhcndkfpfnc\/iFrame.js\" type=\"text\/javascript\"><\/script><\/p>\n<p><script src=\"chrome-extension:\/\/fpelahbljekknahkcaegamhcndkfpfnc\/iFrame.js\" type=\"text\/javascript\"><\/script><\/p>","protected":false},"featured_media":17907,"comment_status":"open","ping_status":"closed","template":"","meta":[],"product_brand":[238],"product_cat":[124,185,176,174,175,165,193,191,173,186,180,190,192],"product_tag":[],"class_list":{"0":"post-17880","1":"product","2":"type-product","3":"status-publish","4":"has-post-thumbnail","6":"product_brand-lavie","7":"product_cat-vape-by-brand","8":"product_cat-10000-puffs-high-capacity","9":"product_cat-beverage","10":"product_cat-fruit-flavors","11":"product_cat-icy-mint","12":"product_cat-lavie","13":"product_cat-mesh-coil","14":"product_cat-rechargeable-disposables","15":"product_cat-vape-by-flavor-profile","16":"product_cat-vape-by-nicotine-strength","17":"product_cat-vape-by-puff-count","18":"product_cat-vape-by-feature-or-type","19":"product_cat-vapes-with-screens","21":"first","22":"instock","23":"shipping-taxable","24":"purchasable","25":"product-type-variable","26":"has-default-attributes"},"tiered_pricing_type":"percentage","tiered_pricing_fixed_rules":[],"tiered_pricing_product_settings":{"layout":"default","base_unit_name":{"singular":null,"plural":null},"default_variation":null},"tiered_pricing_minimum_quantity":10,"tiered_pricing_roles_data":[],"tiered_pricing_percentage_rules":{"30":"29","50":"35","100":"40","200":"44","500":"47","1000":"49"},"tiered_pricing_maximum_quantity":null,"tiered_pricing_quantity_step":"10","_links":{"self":[{"href":"https:\/\/agoravape.com\/hu\/wp-json\/wp\/v2\/product\/17880","targetHints":{"allow":["GET"]}}],"collection":[{"href":"https:\/\/agoravape.com\/hu\/wp-json\/wp\/v2\/product"}],"about":[{"href":"https:\/\/agoravape.com\/hu\/wp-json\/wp\/v2\/types\/product"}],"replies":[{"embeddable":true,"href":"https:\/\/agoravape.com\/hu\/wp-json\/wp\/v2\/comments?post=17880"}],"version-history":[{"count":0,"href":"https:\/\/agoravape.com\/hu\/wp-json\/wp\/v2\/product\/17880\/revisions"}],"wp:featuredmedia":[{"embeddable":true,"href":"https:\/\/agoravape.com\/hu\/wp-json\/wp\/v2\/media\/17907"}],"wp:attachment":[{"href":"https:\/\/agoravape.com\/hu\/wp-json\/wp\/v2\/media?parent=17880"}],"wp:term":[{"taxonomy":"product_brand","embeddable":true,"href":"https:\/\/agoravape.com\/hu\/wp-json\/wp\/v2\/product_brand?post=17880"},{"taxonomy":"product_cat","embeddable":true,"href":"https:\/\/agoravape.com\/hu\/wp-json\/wp\/v2\/product_cat?post=17880"},{"taxonomy":"product_tag","embeddable":true,"href":"https:\/\/agoravape.com\/hu\/wp-json\/wp\/v2\/product_tag?post=17880"}],"curies":[{"name":"wp","href":"https:\/\/api.w.org\/{rel}","templated":true}]}}