{"id":17927,"date":"2025-10-20T11:18:51","date_gmt":"2025-10-20T03:18:51","guid":{"rendered":"https:\/\/green-grasshopper-921422.hostingersite.com\/?post_type=product&#038;p=17927"},"modified":"2025-12-15T21:30:09","modified_gmt":"2025-12-15T13:30:09","slug":"lavie-kocka-10000-puff","status":"publish","type":"product","link":"https:\/\/agoravape.com\/hu\/product\/lavie-cube-10000-puffs\/","title":{"rendered":"LAVIE Cube 10000 F\u00faj\u00e1sos Eldobhat\u00f3 E-cigaretta | 1600mAh Akkumul\u00e1tor | Hosszantart\u00f3 \u00cdz, Egyszer\u0171en Elk\u00e9sz\u00edtve"},"content":{"rendered":"<h2 data-v-md-heading=\"lavie-cube-10000-disposable-vape-1600mah-battery-what-are-the-highlights\" data-v-md-line=\"3\">LAVIE Cube 10000 eldobhat\u00f3 vape | 1600mAh akkumul\u00e1tor, mik a legfontosabb jellemz\u0151i?<\/h2>\n<p data-v-md-line=\"4\">Ha eleged van az eldobhat\u00f3 vape-ekb\u0151l, amik n\u00e9h\u00e1ny nap alatt lemer\u00fclnek, \u00e9rdemes lehet megn\u00e9zned ezt a term\u00e9ket. A LAVIE Cube egy 16 milliliteres t\u00e1rol\u00f3rekesszel \u00e9s egy 1600 mAh-s \u00fajrat\u00f6lthet\u0151 akkumul\u00e1torral van felszerelve, amely ak\u00e1r 10000 port befogad\u00e1s\u00e1ra is k\u00e9pes. Azoknak a felhaszn\u00e1l\u00f3knak tervezt\u00e9k, akik megb\u00edzhat\u00f3, finom \u00e9s tart\u00f3s vape-eket keresnek.<\/p>\n<p data-v-md-line=\"6\">Azt gondolhatod, hogy egy ilyen kapacit\u00e1s\u00fa vape-er m\u00e9retes lenne, de a Cube meglep\u0151en hordozhat\u00f3. Kompakt, 112 \u00d7 40 \u00d7 17,5 millim\u00e9teres testtel rendelkezik, ami nagyon k\u00e9nyelmes a k\u00e9zben tart\u00e1shoz, \u00e9s mind\u00f6ssze 74 grammot nyom.<\/p>\n<h2 data-v-md-heading=\"excellent-performance-without-any-complex-operations\" data-v-md-line=\"8\">Kiv\u00e1l\u00f3 teljes\u00edtm\u00e9ny bonyolult m\u0171veletek n\u00e9lk\u00fcl<\/h2>\n<p data-v-md-line=\"9\">A dupla h\u00e1l\u00f3s tekercs v\u00e1llalta a neh\u00e9z feladatot. Egyenletesen melegszik, \u00e9s minden harap\u00e1s olyan tiszta \u00e9s ropog\u00f3s, mint az els\u0151. Egy h\u00e9t haszn\u00e1lat ut\u00e1n nem lesz \u00e9g\u00e9si s\u00e9r\u00fcl\u00e9s. Ha az akkumul\u00e1tor lemer\u00fclt, egyszer\u0171en haszn\u00e1ljon Type-C k\u00e1belt a t\u00f6lt\u00e9shez. Ugyanazt az adatk\u00e1belt haszn\u00e1lhatja, mint a telefon, \u00edgy nem kell agg\u00f3dnia egy k\u00fcl\u00f6n adatk\u00e1bel keres\u00e9se miatt.<\/p>\n<h2 data-v-md-heading=\"specification-introduction\" data-v-md-line=\"11\">Specifik\u00e1ci\u00f3 Bevezet\u00e9s<\/h2>\n<p data-v-md-line=\"12\"><strong>Suction frequency<\/strong>ak\u00e1r 10 000 alkalommal<br \/>\n<strong>Nikotintartalom<\/strong>: Standard 2% vagy OEM testreszabott 5%<br \/>\n<strong>Haszn\u00e1lat<\/strong>L\u00e9legezzen be az aktiv\u00e1l\u00e1shoz<br \/>\n<strong>T\u00f6lt\u00e9s<\/strong>Standard C t\u00edpus\u00fa USB csatlakoz\u00f3<br \/>\n<strong>\u00c1llapot<\/strong>Kicsomagol\u00e1s ut\u00e1n haszn\u00e1latra k\u00e9sz<\/p>\n<h2 data-v-md-heading=\"full-range-of-flavors\" data-v-md-line=\"18\">Full range of flavors<\/h2>\n<ul data-v-md-line=\"19\">\n<li>Sz\u0151l\u0151fagylalt<\/li>\n<li>G\u00f6r\u00f6gdinnye j\u00e9g<\/li>\n<li>\u00c1fonya, m\u00e1lna, sz\u0151l\u0151, fagylalt<\/li>\n<li>Epres-kivis fagylalt<\/li>\n<li>Epres g\u00f6r\u00f6gdinnyefagylalt<\/li>\n<li>Szederfagylalt<\/li>\n<li>Szeder, gr\u00e1n\u00e1talma, cseresznyefagylalt<\/li>\n<li>Eperlicsi j\u00e9g<\/li>\n<li>Mint<\/li>\n<li>Dupla alm\u00e1k<\/li>\n<li>\u00c1fony\u00e1s-m\u00e1ln\u00e1s r\u00e1g\u00f3gumi<\/li>\n<li>Alm\u00e1s sz\u0151l\u0151fagylalt<\/li>\n<li>Sz\u0151l\u0151-barackfagylalt<\/li>\n<li>Mang\u00f3 sz\u00f6rnyeteg<\/li>\n<li>Aloe vera sz\u0151l\u0151j\u00e9g<\/li>\n<\/ul>\n<p><img loading=\"lazy\" decoding=\"async\" class=\"aligncenter size-full wp-image-17977\" src=\"https:\/\/agoravape.com\/wp-content\/uploads\/2025\/10\/LAVIE-Cube-10000-port-disposable-vape_Agora_vape-19-scaled.webp\" alt=\"\" width=\"2560\" height=\"1811\" srcset=\"https:\/\/agoravape.com\/wp-content\/uploads\/2025\/10\/LAVIE-Cube-10000-port-disposable-vape_Agora_vape-19-scaled.webp 2560w, https:\/\/agoravape.com\/wp-content\/uploads\/2025\/10\/LAVIE-Cube-10000-port-disposable-vape_Agora_vape-19-scaled-1200x849.webp 1200w, https:\/\/agoravape.com\/wp-content\/uploads\/2025\/10\/LAVIE-Cube-10000-port-disposable-vape_Agora_vape-19-300x212.webp 300w, https:\/\/agoravape.com\/wp-content\/uploads\/2025\/10\/LAVIE-Cube-10000-port-disposable-vape_Agora_vape-19-1024x724.webp 1024w, https:\/\/agoravape.com\/wp-content\/uploads\/2025\/10\/LAVIE-Cube-10000-port-disposable-vape_Agora_vape-19-768x543.webp 768w, https:\/\/agoravape.com\/wp-content\/uploads\/2025\/10\/LAVIE-Cube-10000-port-disposable-vape_Agora_vape-19-1536x1086.webp 1536w, https:\/\/agoravape.com\/wp-content\/uploads\/2025\/10\/LAVIE-Cube-10000-port-disposable-vape_Agora_vape-19-2048x1448.webp 2048w\" sizes=\"auto, (max-width: 2560px) 100vw, 2560px\" \/><\/p>\n<h2 data-v-md-heading=\"for-you-and-your-business\" data-v-md-line=\"35\">\u00d6nnek \u00e9s v\u00e1llalkoz\u00e1s\u00e1nak<\/h2>\n<p data-v-md-line=\"36\">V\u00e1s\u00e1rolj magadnak, egyszer\u0171en \u00e9s k\u00e9nyelmesen. V\u00e1laszd ki a k\u00edv\u00e1nt \u00edzt \u00e9s nikotinkoncentr\u00e1ci\u00f3t, majd haszn\u00e1ld a Type-C t\u00f6lt\u00e9st, amikor sz\u00fcks\u00e9ges az ut\u00e1nt\u00f6lt\u00e9shez. Ha v\u00e1llalkoz\u00f3 vagy, az ig\u00e9nyeidet is ki tudjuk el\u00e9g\u00edteni. A LAVIE Cube nagykereskedelmi kiszerel\u00e9sben, dobozonk\u00e9nt 200 darabos kiszerel\u00e9sben kaphat\u00f3, \u00edgy k\u00f6nnyed\u00e9n felt\u00f6ltheted a k\u00e9szleteidet \u00e9s kiel\u00e9g\u00edtheted v\u00e1s\u00e1rl\u00f3id ig\u00e9nyeit.<\/p>\n<p data-v-md-line=\"38\">A DDP sz\u00e1ll\u00edt\u00e1st megb\u00edzhat\u00f3 partnereken, p\u00e9ld\u00e1ul UPS-en, DPD-n \u00e9s DHL-en kereszt\u00fcl v\u00e9gezz\u00fck, hogy \u00e1rui a v\u00e1mkezel\u00e9s ut\u00e1n is \u00e9rt\u00e9kes\u00edthet\u0151k legyenek. Nincsenek v\u00e1ratlan k\u00f6lts\u00e9gek a bel\u00e9p\u00e9skor.<\/p>\n<h2 data-v-md-heading=\"why-do-you-like-it\" data-v-md-line=\"40\">Mi\u00e9rt tetszik?<\/h2>\n<p data-v-md-line=\"41\"><strong>Hatalmas sz\u00edv\u00e1s<\/strong>ak\u00e1r 10000 slukk, ami kevesebb ism\u00e9telt v\u00e1s\u00e1rl\u00e1st \u00e9s t\u00f6bb id\u0151t jelent az \u00edzek \u00e9lvezet\u00e9re.<br \/>\n<strong>Nikotin kiv\u00e1laszt\u00e1s<\/strong>V\u00e1lasszon 2%-os nikotinkoncentr\u00e1ci\u00f3t a l\u00e1gyabb \u00edz\u00e9rt; Vagy a jogosult piacokon v\u00e1lasszon 5%-os OEM nikotinkoncentr\u00e1ci\u00f3t.<br \/>\n<strong>\u00dajrat\u00f6lthet\u0151<\/strong>A C t\u00edpus\u00fa t\u00f6lt\u00e9s lehet\u0151v\u00e9 teszi mind a 16 milliliter e-folyad\u00e9k felhaszn\u00e1l\u00e1s\u00e1t pazarl\u00e1s n\u00e9lk\u00fcl.<br \/>\n<strong>H\u00e1l\u00f3s tekercs<\/strong>A dupla h\u00e1l\u00f3s tekercsek minden alkalommal \u00e1lland\u00f3 \u00edzt \u00e9s stabil sz\u00edv\u00f3er\u0151t biztos\u00edtanak.<\/p>\n<h2 data-v-md-heading=\"why-collaborate-with-agoravape\" data-v-md-line=\"46\">Mi\u00e9rt \u00e9rdemes az AgoraVape-pel egy\u00fcttm\u0171k\u00f6dni?<\/h2>\n<p data-v-md-line=\"47\">Kiz\u00e1r\u00f3lag 100%-ban eredeti term\u00e9keket forgalmazunk, \u00e9s ebben semmi k\u00e9ts\u00e9g\u00fcnk sincs. Nagykereskedelmi v\u00e1s\u00e1rl\u00f3ink \u200b\u200bsz\u00e1m\u00e1ra ez korrekt \u00e1rakat, megb\u00edzhat\u00f3 \u00fcgyf\u00e9lszolg\u00e1latot, valamint gyors \u00e9s megb\u00edzhat\u00f3 sz\u00e1ll\u00edt\u00e1st jelent. LAVIE Cube 10000 eldobhat\u00f3 vape | 1600mAh akkumul\u00e1tor. L\u00e9pjen kapcsolatba vel\u00fcnk, hogy k\u00e9szletet v\u00e1s\u00e1roljon \u00fcgyfelei sz\u00e1m\u00e1ra, \u00e9s visszat\u00e9r\u0151 v\u00e1s\u00e1rl\u00f3kat szerezzen be bel\u0151l\u00fck.<\/p>\n<p><script src=\"chrome-extension:\/\/fpelahbljekknahkcaegamhcndkfpfnc\/iFrame.js\" type=\"text\/javascript\"><\/script><\/p>","protected":false},"excerpt":{"rendered":"<p>&nbsp;<\/p>\n<p><script src=\"chrome-extension:\/\/fpelahbljekknahkcaegamhcndkfpfnc\/iFrame.js\" type=\"text\/javascript\"><\/script><\/p>\n<p><script src=\"chrome-extension:\/\/fpelahbljekknahkcaegamhcndkfpfnc\/iFrame.js\" type=\"text\/javascript\"><\/script><\/p>\n<p><script src=\"chrome-extension:\/\/fpelahbljekknahkcaegamhcndkfpfnc\/iFrame.js\" type=\"text\/javascript\"><\/script><\/p>\n<p><script src=\"chrome-extension:\/\/fpelahbljekknahkcaegamhcndkfpfnc\/iFrame.js\" type=\"text\/javascript\"><\/script><\/p>\n<p><script src=\"chrome-extension:\/\/fpelahbljekknahkcaegamhcndkfpfnc\/iFrame.js\" type=\"text\/javascript\"><\/script><\/p>\n<p><script src=\"chrome-extension:\/\/fpelahbljekknahkcaegamhcndkfpfnc\/iFrame.js\" type=\"text\/javascript\"><\/script><\/p>\n<p><script src=\"chrome-extension:\/\/fpelahbljekknahkcaegamhcndkfpfnc\/iFrame.js\" type=\"text\/javascript\"><\/script><\/p>\n<p><script src=\"chrome-extension:\/\/fpelahbljekknahkcaegamhcndkfpfnc\/iFrame.js\" type=\"text\/javascript\"><\/script><\/p>\n<p><script src=\"chrome-extension:\/\/fpelahbljekknahkcaegamhcndkfpfnc\/iFrame.js\" type=\"text\/javascript\"><\/script><\/p>\n<p><script src=\"chrome-extension:\/\/fpelahbljekknahkcaegamhcndkfpfnc\/iFrame.js\" type=\"text\/javascript\"><\/script><\/p>\n<p><script src=\"chrome-extension:\/\/fpelahbljekknahkcaegamhcndkfpfnc\/iFrame.js\" type=\"text\/javascript\"><\/script><\/p>\n<p><script src=\"chrome-extension:\/\/fpelahbljekknahkcaegamhcndkfpfnc\/iFrame.js\" type=\"text\/javascript\"><\/script><\/p>\n<p><script src=\"chrome-extension:\/\/fpelahbljekknahkcaegamhcndkfpfnc\/iFrame.js\" type=\"text\/javascript\"><\/script><\/p>\n<p><script src=\"chrome-extension:\/\/fpelahbljekknahkcaegamhcndkfpfnc\/iFrame.js\" type=\"text\/javascript\"><\/script><\/p>\n<p><script src=\"chrome-extension:\/\/fpelahbljekknahkcaegamhcndkfpfnc\/iFrame.js\" type=\"text\/javascript\"><\/script><\/p>\n<p><script src=\"chrome-extension:\/\/fpelahbljekknahkcaegamhcndkfpfnc\/iFrame.js\" type=\"text\/javascript\"><\/script><\/p>\n<p><script src=\"chrome-extension:\/\/fpelahbljekknahkcaegamhcndkfpfnc\/iFrame.js\" type=\"text\/javascript\"><\/script><\/p>\n<p><script src=\"chrome-extension:\/\/fpelahbljekknahkcaegamhcndkfpfnc\/iFrame.js\" type=\"text\/javascript\"><\/script><\/p>","protected":false},"featured_media":17976,"comment_status":"open","ping_status":"closed","template":"","meta":[],"product_brand":[238],"product_cat":[124,185,189,174,175,165,193,191,173,186,180,190],"product_tag":[],"class_list":{"0":"post-17927","1":"product","2":"type-product","3":"status-publish","4":"has-post-thumbnail","6":"product_brand-lavie","7":"product_cat-vape-by-brand","8":"product_cat-10000-puffs-high-capacity","9":"product_cat-20mg-standard-nicotine-vapes","10":"product_cat-fruit-flavors","11":"product_cat-icy-mint","12":"product_cat-lavie","13":"product_cat-mesh-coil","14":"product_cat-rechargeable-disposables","15":"product_cat-vape-by-flavor-profile","16":"product_cat-vape-by-nicotine-strength","17":"product_cat-vape-by-puff-count","18":"product_cat-vape-by-feature-or-type","20":"first","21":"instock","22":"shipping-taxable","23":"purchasable","24":"product-type-variable","25":"has-default-attributes"},"tiered_pricing_type":"percentage","tiered_pricing_fixed_rules":[],"tiered_pricing_product_settings":{"layout":"default","base_unit_name":{"singular":null,"plural":null},"default_variation":null},"tiered_pricing_minimum_quantity":10,"tiered_pricing_roles_data":[],"tiered_pricing_percentage_rules":{"30":"29","50":"35","100":"40","200":"44","500":"47","1000":"49"},"tiered_pricing_maximum_quantity":null,"tiered_pricing_quantity_step":"10","_links":{"self":[{"href":"https:\/\/agoravape.com\/hu\/wp-json\/wp\/v2\/product\/17927","targetHints":{"allow":["GET"]}}],"collection":[{"href":"https:\/\/agoravape.com\/hu\/wp-json\/wp\/v2\/product"}],"about":[{"href":"https:\/\/agoravape.com\/hu\/wp-json\/wp\/v2\/types\/product"}],"replies":[{"embeddable":true,"href":"https:\/\/agoravape.com\/hu\/wp-json\/wp\/v2\/comments?post=17927"}],"version-history":[{"count":0,"href":"https:\/\/agoravape.com\/hu\/wp-json\/wp\/v2\/product\/17927\/revisions"}],"wp:featuredmedia":[{"embeddable":true,"href":"https:\/\/agoravape.com\/hu\/wp-json\/wp\/v2\/media\/17976"}],"wp:attachment":[{"href":"https:\/\/agoravape.com\/hu\/wp-json\/wp\/v2\/media?parent=17927"}],"wp:term":[{"taxonomy":"product_brand","embeddable":true,"href":"https:\/\/agoravape.com\/hu\/wp-json\/wp\/v2\/product_brand?post=17927"},{"taxonomy":"product_cat","embeddable":true,"href":"https:\/\/agoravape.com\/hu\/wp-json\/wp\/v2\/product_cat?post=17927"},{"taxonomy":"product_tag","embeddable":true,"href":"https:\/\/agoravape.com\/hu\/wp-json\/wp\/v2\/product_tag?post=17927"}],"curies":[{"name":"wp","href":"https:\/\/api.w.org\/{rel}","templated":true}]}}