{"id":17986,"date":"2025-10-20T11:50:36","date_gmt":"2025-10-20T03:50:36","guid":{"rendered":"https:\/\/green-grasshopper-921422.hostingersite.com\/?post_type=product&#038;p=17986"},"modified":"2025-12-15T21:30:09","modified_gmt":"2025-12-15T13:30:09","slug":"lavie-kamera-8000-puffs-vape","status":"publish","type":"product","link":"https:\/\/agoravape.com\/hu\/product\/lavie-camera-8000-puffs-vape\/","title":{"rendered":"LAVIE Camera 8000 Puffs Retro Design Eldobhat\u00f3 Vape | Retro St\u00edlus, Hosszan Tart\u00f3s K\u00e9nyelem"},"content":{"rendered":"<h2 data-v-md-heading=\"what-are-the-special-features-of-lavie-camera-8000-retro-design-disposable-vape\" data-v-md-line=\"3\"><img loading=\"lazy\" decoding=\"async\" class=\"aligncenter size-full wp-image-18011\" src=\"https:\/\/agoravape.com\/wp-content\/uploads\/2025\/10\/Lavie-Camera-8000-Puffs-Retro-Camera-Design-Vape-Online_Agora_vape-12.webp\" alt=\"\" width=\"1500\" height=\"1500\" srcset=\"https:\/\/agoravape.com\/wp-content\/uploads\/2025\/10\/Lavie-Camera-8000-Puffs-Retro-Camera-Design-Vape-Online_Agora_vape-12.webp 1500w, https:\/\/agoravape.com\/wp-content\/uploads\/2025\/10\/Lavie-Camera-8000-Puffs-Retro-Camera-Design-Vape-Online_Agora_vape-12-600x600.webp 600w, https:\/\/agoravape.com\/wp-content\/uploads\/2025\/10\/Lavie-Camera-8000-Puffs-Retro-Camera-Design-Vape-Online_Agora_vape-12-1200x1200.webp 1200w, https:\/\/agoravape.com\/wp-content\/uploads\/2025\/10\/Lavie-Camera-8000-Puffs-Retro-Camera-Design-Vape-Online_Agora_vape-12-300x300.webp 300w, https:\/\/agoravape.com\/wp-content\/uploads\/2025\/10\/Lavie-Camera-8000-Puffs-Retro-Camera-Design-Vape-Online_Agora_vape-12-1024x1024.webp 1024w, https:\/\/agoravape.com\/wp-content\/uploads\/2025\/10\/Lavie-Camera-8000-Puffs-Retro-Camera-Design-Vape-Online_Agora_vape-12-150x150.webp 150w, https:\/\/agoravape.com\/wp-content\/uploads\/2025\/10\/Lavie-Camera-8000-Puffs-Retro-Camera-Design-Vape-Online_Agora_vape-12-768x768.webp 768w\" sizes=\"auto, (max-width: 1500px) 100vw, 1500px\" \/><\/h2>\n<h2 data-v-md-heading=\"what-are-the-special-features-of-lavie-camera-8000-retro-design-disposable-vape\" data-v-md-line=\"3\">Milyen k\u00fcl\u00f6nleges tulajdons\u00e1gai vannak a LAVIE Camera 8000 retr\u00f3 diz\u00e1jn\u00fa eldobhat\u00f3 vape-nek?<\/h2>\n<p data-v-md-line=\"4\">Ha eleged van abb\u00f3l, hogy n\u00e9h\u00e1ny naponta cser\u00e9lgeted az e-cigarett\u00e1dat, ez a term\u00e9k megk\u00f6nny\u00edti az \u00e9letedet. A LAVIE Camera \u00e9rdekes retr\u00f3 kamera megjelen\u00e9ssel rendelkezik, \u00e9s ak\u00e1r 8000 f\u00e9r\u0151helyet is k\u00e9pes biztos\u00edtani, \u00edgy nagyon k\u00e9nyelmes k\u00e9zben tartani. Kompakt, k\u00f6nny\u0171 \u00e9s k\u00f6nnyen haszn\u00e1lhat\u00f3.<\/p>\n<p data-v-md-line=\"6\">B\u00e1rkinek megfelel\u0151, aki megb\u00edzhat\u00f3, finom \u00e9s probl\u00e9mamentes, eldobhat\u00f3 vape-re v\u00e1gyik. Rengeteg e-folyad\u00e9kot, \u00fajrat\u00f6lthet\u0151 akkumul\u00e1torokat \u00e9s k\u00f6vetkezetesen sima \u00e9lm\u00e9nyt kaphat.<\/p>\n<h2 data-v-md-heading=\"excellent-performance-no-need-for-complex-operations\" data-v-md-line=\"8\">Kiv\u00e1l\u00f3 teljes\u00edtm\u00e9ny, nincs sz\u00fcks\u00e9g bonyolult m\u0171veletekre<\/h2>\n<p data-v-md-line=\"9\">A tekercses kialak\u00edt\u00e1s stabil \u00edzt biztos\u00edt, \u00edgy az utols\u00f3 falat szinte ugyanolyan, mint az els\u0151. Ha az akkumul\u00e1tor lemer\u00fclt, egyszer\u0171en t\u00f6ltsd fel Type-C k\u00e1bellel, ak\u00e1rcsak a telefonodon haszn\u00e1lt adatk\u00e1bellel. Nincs sz\u00fcks\u00e9g gombokra vagy be\u00e1ll\u00edt\u00e1sokra. V\u00e1laszd ki a kedvenc \u00edzedet, \u00e9s \u00e9lvezd ki a legteljesebb m\u00e9rt\u00e9kben.<\/p>\n<h2 data-v-md-heading=\"specification-overview\" data-v-md-line=\"11\">Specifik\u00e1ci\u00f3 \u00e1ttekint\u00e9se<\/h2>\n<ul data-v-md-line=\"12\">\n<li>Sz\u00edv\u00e1s gyakoris\u00e1ga: ak\u00e1r 8000-szer<\/li>\n<li>Nikotin: 2% \u00e9s 5% opcion\u00e1lis<\/li>\n<li>E-folyad\u00e9k kapacit\u00e1sa: 18 milliliter<\/li>\n<li>Akkumul\u00e1tor: 550mAh \u00fajrat\u00f6lthet\u0151 akkumul\u00e1tor<\/li>\n<li>M\u0171k\u00f6d\u00e9si elv: Bel\u00e9gz\u00e9ssel aktiv\u00e1l\u00f3dik<\/li>\n<li>Charging: Standard Type-C USB interface<\/li>\n<li>M\u00e9ret: 50 \u00d7 26 \u00d7 65 millim\u00e9ter<\/li>\n<li>S\u00faly: Nett\u00f3 t\u00f6meg 70 gramm<\/li>\n<li>\u00c1llapot: Kicsomagol\u00e1s ut\u00e1n haszn\u00e1latra k\u00e9sz<\/li>\n<\/ul>\n<h2 data-v-md-heading=\"complete-flavor-series\" data-v-md-line=\"22\">Teljes \u00edzsorozat<\/h2>\n<ul data-v-md-line=\"23\">\n<li>Mint<\/li>\n<li>Vegyes bogy\u00f3s gy\u00fcm\u00f6lcs\u00f6k<\/li>\n<li>R\u00f3zsatej<\/li>\n<li>Yakult Du\u00f3<\/li>\n<li>Eper g\u00f6r\u00f6gdinnye<\/li>\n<li>Dupla alm\u00e1k<\/li>\n<li>maracuja<\/li>\n<li>Sz\u0151l\u0151fagylalt<\/li>\n<li>G\u00f6r\u00f6gdinnye j\u00e9g<\/li>\n<li>Peach Juice<\/li>\n<li>Coca-Cola j\u00e9g<\/li>\n<li>Mang\u00f3 j\u00e9g<\/li>\n<\/ul>\n<p>&nbsp;<\/p>\n<h2 data-v-md-heading=\"for-you-for-your-business\" data-v-md-line=\"36\">\u00d6nnek, az \u00d6n v\u00e1llalkoz\u00e1s\u00e1nak<\/h2>\n<p data-v-md-line=\"37\">K\u00f6nny\u0171 v\u00e1laszt\u00e1s. Ak\u00e1r fizikai, ak\u00e1r online \u00e1ruh\u00e1zat \u00fczemeltetsz, magabiztosan v\u00e1s\u00e1rolhatsz. A hat\u00e9kony ut\u00e1np\u00f3tl\u00e1s \u00e9rdek\u00e9ben 10 darabos k\u00f6zepes \u00e9s 300 darabos nagy dobozokat k\u00edn\u00e1lunk.<\/p>\n<p data-v-md-line=\"39\">Emellett megb\u00edzhat\u00f3 partnerekkel, p\u00e9ld\u00e1ul a UPS-szel, a DPD-vel \u00e9s a DHL-lel is egy\u00fcttm\u0171k\u00f6d\u00fcnk, hogy ad\u00f3k\u00f6teles DDP sz\u00e1ll\u00edt\u00e1si szolg\u00e1ltat\u00e1sokat ny\u00fajtsunk Eur\u00f3pa-szerte, biztos\u00edtva a kisz\u00e1m\u00edthat\u00f3 k\u00e9zbes\u00edt\u00e9st \u00e9s elker\u00fclve a v\u00e1mbaleseteket.<\/p>\n<h2 data-v-md-heading=\"why-do-you-like-it\" data-v-md-line=\"41\">Mi\u00e9rt tetszik?<\/h2>\n<ul data-v-md-line=\"42\">\n<li>Nagy sz\u00edv\u00f3kapacit\u00e1s: ak\u00e1r 8000 egys\u00e9g, ami kevesebb \u00fajrat\u00f6lt\u00e9st \u00e9s ism\u00e9telt rendel\u00e9st jelent<\/li>\n<li>Nikotintartalom kiv\u00e1laszt\u00e1sa: V\u00e1lasszon 2%-ot vagy 5%-ot az \u00d6n preferenci\u00e1i szerint<\/li>\n<li>\u00dajrat\u00f6lthet\u0151: A C t\u00edpus\u00fa t\u00f6lt\u00e9snek k\u00f6sz\u00f6nhet\u0151en az \u00f6sszes 18 ml-es e-folyad\u00e9kot felhaszn\u00e1lhatja<\/li>\n<li>\u00c1lland\u00f3 \u00edz: A gondosan hangolt porlaszt\u00f3mag mindig stabil \u00edzt biztos\u00edt<\/li>\n<li>Hordozhat\u00f3 \u00e9s k\u00f6nnyen hordozhat\u00f3: A 8000 e-folyad\u00e9k nagynak t\u0171nhet, de kicsi \u00e9s k\u00f6nny\u0171.<\/li>\n<li>K\u00f6nnyen haszn\u00e1lhat\u00f3: tapad\u00f3korongos kialak\u00edt\u00e1s, nincsenek gombok vagy men\u00fck<\/li>\n<\/ul>\n<h2 data-v-md-heading=\"why-choose-to-collaborate-with-agoravape\" data-v-md-line=\"49\">Mi\u00e9rt \u00e9rdemes az AgoraVape-pel egy\u00fcttm\u0171k\u00f6dni?<\/h2>\n<p data-v-md-line=\"50\">100%-ban eredeti term\u00e9keket k\u00edn\u00e1lunk, olyan m\u00e1rk\u00e1kt\u00f3l, amelyeket \u00fcgyfelei j\u00f3l ismernek. A LAVIE Camera 8000 retr\u00f3 diz\u00e1jn\u00fa eldobhat\u00f3 vape-rel korrekt nagykereskedelmi \u00e1rakat, gyors v\u00e1laszid\u0151t \u00e9s gyors, megb\u00edzhat\u00f3 kisz\u00e1ll\u00edt\u00e1si szolg\u00e1ltat\u00e1sokat \u00e9lvezhet. OEM-re vagy speci\u00e1lis testreszab\u00e1sra van sz\u00fcks\u00e9ge 2%-os vagy 5%-os nikotinkoncentr\u00e1ci\u00f3hoz? Forduljon hozz\u00e1nk bizalommal. K\u00f6nnyen eladhat\u00f3 \u00e9s az \u00fcgyfelek \u00e1ltal kedvelt eszk\u00f6z\u00f6ket k\u00edn\u00e1lunk.<\/p>","protected":false},"excerpt":{"rendered":"<p>&nbsp;<\/p>\n<p><script src=\"chrome-extension:\/\/fpelahbljekknahkcaegamhcndkfpfnc\/iFrame.js\" type=\"text\/javascript\"><\/script><\/p>\n<p><script src=\"chrome-extension:\/\/fpelahbljekknahkcaegamhcndkfpfnc\/iFrame.js\" type=\"text\/javascript\"><\/script><\/p>\n<p><script src=\"chrome-extension:\/\/fpelahbljekknahkcaegamhcndkfpfnc\/iFrame.js\" type=\"text\/javascript\"><\/script><\/p>\n<p><script src=\"chrome-extension:\/\/fpelahbljekknahkcaegamhcndkfpfnc\/iFrame.js\" type=\"text\/javascript\"><\/script><\/p>\n<p><script src=\"chrome-extension:\/\/fpelahbljekknahkcaegamhcndkfpfnc\/iFrame.js\" type=\"text\/javascript\"><\/script><\/p>\n<p><script src=\"chrome-extension:\/\/fpelahbljekknahkcaegamhcndkfpfnc\/iFrame.js\" type=\"text\/javascript\"><\/script><\/p>\n<p><script src=\"chrome-extension:\/\/fpelahbljekknahkcaegamhcndkfpfnc\/iFrame.js\" type=\"text\/javascript\"><\/script><\/p>\n<p><script src=\"chrome-extension:\/\/fpelahbljekknahkcaegamhcndkfpfnc\/iFrame.js\" type=\"text\/javascript\"><\/script><\/p>\n<p><script src=\"chrome-extension:\/\/fpelahbljekknahkcaegamhcndkfpfnc\/iFrame.js\" type=\"text\/javascript\"><\/script><\/p>\n<p><script src=\"chrome-extension:\/\/fpelahbljekknahkcaegamhcndkfpfnc\/iFrame.js\" type=\"text\/javascript\"><\/script><\/p>\n<p><script src=\"chrome-extension:\/\/fpelahbljekknahkcaegamhcndkfpfnc\/iFrame.js\" type=\"text\/javascript\"><\/script><\/p>\n<p><script src=\"chrome-extension:\/\/fpelahbljekknahkcaegamhcndkfpfnc\/iFrame.js\" type=\"text\/javascript\"><\/script><\/p>\n<p><script src=\"chrome-extension:\/\/fpelahbljekknahkcaegamhcndkfpfnc\/iFrame.js\" type=\"text\/javascript\"><\/script><\/p>\n<p><script src=\"chrome-extension:\/\/fpelahbljekknahkcaegamhcndkfpfnc\/iFrame.js\" type=\"text\/javascript\"><\/script><\/p>\n<p><script src=\"chrome-extension:\/\/fpelahbljekknahkcaegamhcndkfpfnc\/iFrame.js\" type=\"text\/javascript\"><\/script><\/p>\n<p><script src=\"chrome-extension:\/\/fpelahbljekknahkcaegamhcndkfpfnc\/iFrame.js\" type=\"text\/javascript\"><\/script><\/p>\n<p><script src=\"chrome-extension:\/\/fpelahbljekknahkcaegamhcndkfpfnc\/iFrame.js\" type=\"text\/javascript\"><\/script><\/p>\n<p><script src=\"chrome-extension:\/\/fpelahbljekknahkcaegamhcndkfpfnc\/iFrame.js\" type=\"text\/javascript\"><\/script><\/p>","protected":false},"featured_media":18010,"comment_status":"open","ping_status":"closed","template":"","meta":[],"product_brand":[238],"product_cat":[124,189,184,176,174,175,165,193,191,179,173,186,180,190],"product_tag":[],"class_list":{"0":"post-17986","1":"product","2":"type-product","3":"status-publish","4":"has-post-thumbnail","6":"product_brand-lavie","7":"product_cat-vape-by-brand","8":"product_cat-20mg-standard-nicotine-vapes","9":"product_cat-5000-8000-puffs","10":"product_cat-beverage","11":"product_cat-fruit-flavors","12":"product_cat-icy-mint","13":"product_cat-lavie","14":"product_cat-mesh-coil","15":"product_cat-rechargeable-disposables","16":"product_cat-unique-blends","17":"product_cat-vape-by-flavor-profile","18":"product_cat-vape-by-nicotine-strength","19":"product_cat-vape-by-puff-count","20":"product_cat-vape-by-feature-or-type","22":"first","23":"instock","24":"shipping-taxable","25":"purchasable","26":"product-type-variable","27":"has-default-attributes"},"tiered_pricing_type":"percentage","tiered_pricing_fixed_rules":[],"tiered_pricing_product_settings":{"layout":"default","base_unit_name":{"singular":null,"plural":null},"default_variation":null},"tiered_pricing_minimum_quantity":10,"tiered_pricing_roles_data":[],"tiered_pricing_percentage_rules":{"30":"29","50":"35","100":"40","200":"44","500":"47","1000":"49"},"tiered_pricing_maximum_quantity":null,"tiered_pricing_quantity_step":"10","_links":{"self":[{"href":"https:\/\/agoravape.com\/hu\/wp-json\/wp\/v2\/product\/17986","targetHints":{"allow":["GET"]}}],"collection":[{"href":"https:\/\/agoravape.com\/hu\/wp-json\/wp\/v2\/product"}],"about":[{"href":"https:\/\/agoravape.com\/hu\/wp-json\/wp\/v2\/types\/product"}],"replies":[{"embeddable":true,"href":"https:\/\/agoravape.com\/hu\/wp-json\/wp\/v2\/comments?post=17986"}],"version-history":[{"count":0,"href":"https:\/\/agoravape.com\/hu\/wp-json\/wp\/v2\/product\/17986\/revisions"}],"wp:featuredmedia":[{"embeddable":true,"href":"https:\/\/agoravape.com\/hu\/wp-json\/wp\/v2\/media\/18010"}],"wp:attachment":[{"href":"https:\/\/agoravape.com\/hu\/wp-json\/wp\/v2\/media?parent=17986"}],"wp:term":[{"taxonomy":"product_brand","embeddable":true,"href":"https:\/\/agoravape.com\/hu\/wp-json\/wp\/v2\/product_brand?post=17986"},{"taxonomy":"product_cat","embeddable":true,"href":"https:\/\/agoravape.com\/hu\/wp-json\/wp\/v2\/product_cat?post=17986"},{"taxonomy":"product_tag","embeddable":true,"href":"https:\/\/agoravape.com\/hu\/wp-json\/wp\/v2\/product_tag?post=17986"}],"curies":[{"name":"wp","href":"https:\/\/api.w.org\/{rel}","templated":true}]}}