{"id":18033,"date":"2025-10-20T12:24:56","date_gmt":"2025-10-20T04:24:56","guid":{"rendered":"https:\/\/green-grasshopper-921422.hostingersite.com\/?post_type=product&#038;p=18033"},"modified":"2025-12-15T21:30:08","modified_gmt":"2025-12-15T13:30:08","slug":"lavie-cola-6000-puffanas","status":"publish","type":"product","link":"https:\/\/agoravape.com\/hu\/product\/lavie-cola-6000-puffs\/","title":{"rendered":"Lavie Cola 6000 Puffs Palackos Kialak\u00edt\u00e1s\u00fa Eldobhat\u00f3 Vape | Nagy \u00cdz. Probl\u00e9mamentes Vape."},"content":{"rendered":"<h2 data-v-md-heading=\"what-is-special-about-lavie-cola-s-6000-bottle-disposable-vape\" data-v-md-line=\"3\">Mi a k\u00fcl\u00f6nleges a Lavie Cola 6000 palackos eldobhat\u00f3 vape-j\u00e9ben?<\/h2>\n<p data-v-md-line=\"4\">Ha eleged van abb\u00f3l, hogy n\u00e9h\u00e1ny naponta cser\u00e9lgetned kell az e-cigarett\u00e1dat, akkor ez a term\u00e9k az ide\u00e1lis v\u00e1laszt\u00e1s. A Lavie k\u00f3l\u00e1s\u00fcvege gy\u00f6ny\u00f6r\u0171 megjelen\u00e9s\u0171 \u00e9s praktikus, kompakt, 110 \u00d7 30 mm-es test\u00e9vel k\u00f6nnyed\u00e9n elf\u00e9r b\u00e1rmilyen zsebben. Ha hosszan tart\u00f3 \u00edzre v\u00e1gysz er\u0151fesz\u00edt\u00e9s n\u00e9lk\u00fcl, akkor ez mindenk\u00e9ppen az ide\u00e1lis v\u00e1laszt\u00e1s.<\/p>\n<p data-v-md-line=\"6\">Lehet, hogy a 6000-es kiszerel\u00e9s\u0171 e-cigaretta nagym\u00e9ret\u0171nek t\u0171nik, de meglep\u0151en k\u00f6nny\u0171, mind\u00f6ssze 75 grammot nyom. Nagyon massz\u00edvnak \u00e9rz\u0151dik a k\u00e9zben, \u00e9s a doboz kinyit\u00e1sa ut\u00e1n azonnal haszn\u00e1lhat\u00f3.<\/p>\n<h2 data-v-md-heading=\"excellent-performance-without-any-complex-operations\" data-v-md-line=\"8\">Kiv\u00e1l\u00f3 teljes\u00edtm\u00e9ny bonyolult m\u0171veletek n\u00e9lk\u00fcl<\/h2>\n<p data-v-md-line=\"9\">Csak slukkolj egyet, \u00e9s m\u00e1ris m\u0171k\u00f6dni kezd. A 600 mAh-s akkumul\u00e1tor \u00e9s a kalibr\u00e1lt porlaszt\u00f3mag stabil sz\u00edv\u00f3er\u0151t biztos\u00edt, biztos\u00edtva az \u00e1lland\u00f3 \u00edzt 15 ml-es kapacit\u00e1ssal. Nem kell gombokat nyomogatni vagy men\u00fcket tanulni.<\/p>\n<h2 data-v-md-heading=\"specification-introduction\" data-v-md-line=\"11\">Specifik\u00e1ci\u00f3 Bevezet\u00e9s<\/h2>\n<ul data-v-md-line=\"12\">\n<li>Sz\u00edv\u00e1s gyakoris\u00e1ga: ak\u00e1r 6000-szer<\/li>\n<li>Nikotin: 2% nikotins\u00f3 az EU kiskereskedelmi \u00e1r\u00e1n. Ha enged\u00e9lyezett, az OEM gy\u00e1rt\u00f3k 5% kedvezm\u00e9nyt kaphatnak.<\/li>\n<li>E-folyad\u00e9k kapacit\u00e1sa: 15 milliliter<\/li>\n<li>Akkumul\u00e1tor: 600mAh<\/li>\n<li>M\u0171k\u00f6d\u00e9si elv: Bel\u00e9gz\u00e9ssel aktiv\u00e1l\u00f3dik<\/li>\n<li>T\u00f6lt\u00e9s: Be\u00e9p\u00edtett t\u00f6lt\u0151fel\u00fclet, \u00fajrat\u00f6lthet\u0151 kialak\u00edt\u00e1s<\/li>\n<li>\u00c1llapot: Kicsomagol\u00e1s ut\u00e1n haszn\u00e1latra k\u00e9sz<\/li>\n<li>M\u00e9ret: 110 \u00d7 30 mm<\/li>\n<li>Nett\u00f3 t\u00f6meg: 75 gramm<\/li>\n<\/ul>\n<h2 data-v-md-heading=\"full-range-of-flavors\" data-v-md-line=\"22\">Full range of flavors<\/h2>\n<ul data-v-md-line=\"23\">\n<li>G\u00f6r\u00f6gdinnye Eperfagylalt<\/li>\n<li>Energiaitalok<\/li>\n<li>Sz\u0151l\u0151fagylalt<\/li>\n<li>Mang\u00f3 j\u00e9g<\/li>\n<li>\u0150szibarack j\u00e9g<\/li>\n<li>Vegyes bogy\u00f3s j\u00e9g<\/li>\n<li>Mang\u00f3s eperfagylalt<\/li>\n<li>Ban\u00e1ntejfagylalt<\/li>\n<li>Alm\u00e1s-citromos j\u00e9g<\/li>\n<li>Coca-Cola j\u00e9g<\/li>\n<\/ul>\n<h2 data-v-md-heading=\"for-you-and-your-business\" data-v-md-line=\"34\">\u00d6nnek \u00e9s v\u00e1llalkoz\u00e1s\u00e1nak<\/h2>\n<p data-v-md-line=\"35\">V\u00e1s\u00e1rolhat k\u00e9sz\u00fcl\u00e9ket napi haszn\u00e1latra, vagy felhalmozhat bel\u0151le az \u00fczlet\u00e9be. Minden doboz 10 darabot tartalmaz a k\u00e9nyelmes t\u00e1rol\u00e1s \u00e9s kezel\u00e9s \u00e9rdek\u00e9ben. Egy nagy, 200 darabos doboz nagyon k\u00f6lts\u00e9ghat\u00e9kony nagy t\u00e9telben t\u00f6rt\u00e9n\u0151 megrendel\u00e9sek eset\u00e9n.<\/p>\n<p data-v-md-line=\"37\">Megb\u00edzhat\u00f3 partnerekkel, p\u00e9ld\u00e1ul a UPS-szel, a DPD-vel \u00e9s a DHL-lel dolgozunk egy\u00fctt, DDP k\u00e9zbes\u00edt\u00e9st \u00e9s el\u0151re feldolgozott tarif\u00e1kat haszn\u00e1lva, \u00edgy nem fog balesetekbe \u00fctk\u00f6zni a v\u00e1mn\u00e1l. A megb\u00edzhat\u00f3 k\u00e9zbes\u00edt\u00e9s Eur\u00f3pa-szerte nyomon k\u00f6vethet\u0151.<\/p>\n<h2 data-v-md-heading=\"why-do-you-like-it\" data-v-md-line=\"39\">Mi\u00e9rt tetszik?<\/h2>\n<ul data-v-md-line=\"40\">\n<li>Nagy doh\u00e1nyz\u00e1si kapacit\u00e1s: tart\u00f3s \u00e9s hossz\u00fa \u00e9lettartam\u00fa, nem kell gyakran \u00faj cigarett\u00e1t v\u00e1s\u00e1rolni<\/li>\n<li>Nikotinkoncentr\u00e1ci\u00f3 kiv\u00e1laszt\u00e1sa: V\u00e1lassza ki az \u00d6nnek \u00e9s a piac\u00e1nak megfelel\u0151 koncentr\u00e1ci\u00f3t<\/li>\n<li>\u00dajrat\u00f6lthet\u0151: 15 milliliter e-folyad\u00e9k haszn\u00e1lhat\u00f3 an\u00e9lk\u00fcl, hogy el\u0151zetesen ki kellene dobni<\/li>\n<li>Megb\u00edzhat\u00f3 porlaszt\u00f3mag: az els\u0151 falatt\u00f3l az utols\u00f3ig az \u00edz \u00e1lland\u00f3 marad<\/li>\n<\/ul>\n<h2 data-v-md-heading=\"why-choose-agoravape\" data-v-md-line=\"45\">Mi\u00e9rt v\u00e1lassza az AgoraVape-et?<\/h2>\n<p data-v-md-line=\"46\">Kiz\u00e1r\u00f3lag 100%-ban eredeti term\u00e9keket forgalmazunk, megb\u00edzhat\u00f3 nagykereskedelmi \u00e1rakkal \u00e9s gyors reag\u00e1l\u00e1s\u00fa \u00fcgyf\u00e9lszolg\u00e1lattal. EU-s \u00fcgyfeleink sz\u00e1m\u00e1ra seg\u00edt\u00fcnk meg\u00e9rteni a helyi szab\u00e1lyoz\u00e1sokat, hogy a megfelel\u0151 nikotinkoncentr\u00e1ci\u00f3j\u00fa \u00e9s csomagol\u00e1s\u00fa term\u00e9keket a megfelel\u0151 orsz\u00e1gba\/r\u00e9gi\u00f3ba sz\u00e1ll\u00edthassuk. Gyorsan sz\u00e1ll\u00edtunk, \u00e9s a v\u00e1mot UPS, DPD \u00e9s DHL szolg\u00e1ltat\u00e1ssal fizetj\u00fck. A fizet\u00e9s biztons\u00e1gos \u00e1tj\u00e1r\u00f3n kereszt\u00fcl t\u00f6rt\u00e9nik, \u00e9s szigor\u00fa \u00e9letkor-ellen\u0151rz\u00e9st v\u00e9gz\u00fcnk. S\u00e9r\u00fclt vagy k\u00e9zbes\u00edtetlen \u00e1ruk eset\u00e9n egy\u00e9rtelm\u0171 visszak\u00fcld\u00e9si szab\u00e1lyzatot biztos\u00edtunk.<\/p>\n<p data-v-md-line=\"48\">Szeretn\u00e9 megtudni a Lavie Cola 6000 darabos eldobhat\u00f3 e-cigarett\u00e1j\u00e1nak \u00e1r\u00e1t vagy t\u00f6meges aj\u00e1nlat\u00e1t? K\u00e9rj\u00fck, vegye fel vel\u00fcnk a kapcsolatot, \u00e9s mi elk\u00e9sz\u00edtj\u00fck azt a k\u00e9szletet, amelyr\u0151l visszat\u00e9r\u0151 v\u00e1s\u00e1rl\u00f3ink \u200b\u200b\u00e1lmodnak.<\/p>","protected":false},"excerpt":{"rendered":"<p>&nbsp;<\/p>\n<p><script src=\"chrome-extension:\/\/fpelahbljekknahkcaegamhcndkfpfnc\/iFrame.js\" type=\"text\/javascript\"><\/script><\/p>\n<p><script src=\"chrome-extension:\/\/fpelahbljekknahkcaegamhcndkfpfnc\/iFrame.js\" type=\"text\/javascript\"><\/script><\/p>\n<p><script src=\"chrome-extension:\/\/fpelahbljekknahkcaegamhcndkfpfnc\/iFrame.js\" type=\"text\/javascript\"><\/script><\/p>\n<p><script src=\"chrome-extension:\/\/fpelahbljekknahkcaegamhcndkfpfnc\/iFrame.js\" type=\"text\/javascript\"><\/script><\/p>\n<p><script src=\"chrome-extension:\/\/fpelahbljekknahkcaegamhcndkfpfnc\/iFrame.js\" type=\"text\/javascript\"><\/script><\/p>\n<p><script src=\"chrome-extension:\/\/fpelahbljekknahkcaegamhcndkfpfnc\/iFrame.js\" type=\"text\/javascript\"><\/script><\/p>\n<p><script src=\"chrome-extension:\/\/fpelahbljekknahkcaegamhcndkfpfnc\/iFrame.js\" type=\"text\/javascript\"><\/script><\/p>\n<p><script src=\"chrome-extension:\/\/fpelahbljekknahkcaegamhcndkfpfnc\/iFrame.js\" type=\"text\/javascript\"><\/script><\/p>\n<p><script src=\"chrome-extension:\/\/fpelahbljekknahkcaegamhcndkfpfnc\/iFrame.js\" type=\"text\/javascript\"><\/script><\/p>\n<p><script src=\"chrome-extension:\/\/fpelahbljekknahkcaegamhcndkfpfnc\/iFrame.js\" type=\"text\/javascript\"><\/script><\/p>\n<p><script src=\"chrome-extension:\/\/fpelahbljekknahkcaegamhcndkfpfnc\/iFrame.js\" type=\"text\/javascript\"><\/script><\/p>\n<p><script src=\"chrome-extension:\/\/fpelahbljekknahkcaegamhcndkfpfnc\/iFrame.js\" type=\"text\/javascript\"><\/script><\/p>\n<p><script src=\"chrome-extension:\/\/fpelahbljekknahkcaegamhcndkfpfnc\/iFrame.js\" type=\"text\/javascript\"><\/script><\/p>\n<p><script src=\"chrome-extension:\/\/fpelahbljekknahkcaegamhcndkfpfnc\/iFrame.js\" type=\"text\/javascript\"><\/script><\/p>\n<p><script src=\"chrome-extension:\/\/fpelahbljekknahkcaegamhcndkfpfnc\/iFrame.js\" type=\"text\/javascript\"><\/script><\/p>\n<p><script src=\"chrome-extension:\/\/fpelahbljekknahkcaegamhcndkfpfnc\/iFrame.js\" type=\"text\/javascript\"><\/script><\/p>\n<p><script src=\"chrome-extension:\/\/fpelahbljekknahkcaegamhcndkfpfnc\/iFrame.js\" type=\"text\/javascript\"><\/script><\/p>\n<p><script src=\"chrome-extension:\/\/fpelahbljekknahkcaegamhcndkfpfnc\/iFrame.js\" type=\"text\/javascript\"><\/script><\/p>","protected":false},"featured_media":18046,"comment_status":"open","ping_status":"closed","template":"","meta":[],"product_brand":[238],"product_cat":[124,189,184,174,175,165,193,191,173,186,180,190],"product_tag":[],"class_list":{"0":"post-18033","1":"product","2":"type-product","3":"status-publish","4":"has-post-thumbnail","6":"product_brand-lavie","7":"product_cat-vape-by-brand","8":"product_cat-20mg-standard-nicotine-vapes","9":"product_cat-5000-8000-puffs","10":"product_cat-fruit-flavors","11":"product_cat-icy-mint","12":"product_cat-lavie","13":"product_cat-mesh-coil","14":"product_cat-rechargeable-disposables","15":"product_cat-vape-by-flavor-profile","16":"product_cat-vape-by-nicotine-strength","17":"product_cat-vape-by-puff-count","18":"product_cat-vape-by-feature-or-type","20":"first","21":"instock","22":"shipping-taxable","23":"purchasable","24":"product-type-variable","25":"has-default-attributes"},"tiered_pricing_type":"percentage","tiered_pricing_fixed_rules":[],"tiered_pricing_product_settings":{"layout":"default","base_unit_name":{"singular":null,"plural":null},"default_variation":null},"tiered_pricing_minimum_quantity":10,"tiered_pricing_roles_data":[],"tiered_pricing_percentage_rules":{"30":"29","50":"35","100":"40","200":"44","500":"47","1000":"49"},"tiered_pricing_maximum_quantity":null,"tiered_pricing_quantity_step":"10","_links":{"self":[{"href":"https:\/\/agoravape.com\/hu\/wp-json\/wp\/v2\/product\/18033","targetHints":{"allow":["GET"]}}],"collection":[{"href":"https:\/\/agoravape.com\/hu\/wp-json\/wp\/v2\/product"}],"about":[{"href":"https:\/\/agoravape.com\/hu\/wp-json\/wp\/v2\/types\/product"}],"replies":[{"embeddable":true,"href":"https:\/\/agoravape.com\/hu\/wp-json\/wp\/v2\/comments?post=18033"}],"version-history":[{"count":0,"href":"https:\/\/agoravape.com\/hu\/wp-json\/wp\/v2\/product\/18033\/revisions"}],"wp:featuredmedia":[{"embeddable":true,"href":"https:\/\/agoravape.com\/hu\/wp-json\/wp\/v2\/media\/18046"}],"wp:attachment":[{"href":"https:\/\/agoravape.com\/hu\/wp-json\/wp\/v2\/media?parent=18033"}],"wp:term":[{"taxonomy":"product_brand","embeddable":true,"href":"https:\/\/agoravape.com\/hu\/wp-json\/wp\/v2\/product_brand?post=18033"},{"taxonomy":"product_cat","embeddable":true,"href":"https:\/\/agoravape.com\/hu\/wp-json\/wp\/v2\/product_cat?post=18033"},{"taxonomy":"product_tag","embeddable":true,"href":"https:\/\/agoravape.com\/hu\/wp-json\/wp\/v2\/product_tag?post=18033"}],"curies":[{"name":"wp","href":"https:\/\/api.w.org\/{rel}","templated":true}]}}