{"id":18077,"date":"2025-10-20T13:01:26","date_gmt":"2025-10-20T05:01:26","guid":{"rendered":"https:\/\/green-grasshopper-921422.hostingersite.com\/?post_type=product&#038;p=18077"},"modified":"2026-01-12T13:57:48","modified_gmt":"2026-01-12T05:57:48","slug":"pluscig-c20-terea-kompatibilis","status":"publish","type":"product","link":"https:\/\/agoravape.com\/hu\/product\/pluscig-c20-terea-compatible\/","title":{"rendered":"Pluscig C20 TEREA kompatibilis h\u0151-, nem \u00e9get\u0151 eszk\u00f6z | \u00c1ll\u00edthat\u00f3 h\u0151m\u00e9rs\u00e9klet, egyszer\u0171 C t\u00edpus\u00fa t\u00f6lt\u00e9s"},"content":{"rendered":"<h2 data-v-md-heading=\"what-are-the-advantages-of-pluscig-c20-terea-compatibility-with-non-combustible-heating-equipment\" data-v-md-line=\"3\">Milyen el\u0151nyei vannak a Pluscig C20 TEREA kompatibilit\u00e1s\u00e1nak a nem \u00e9ghet\u0151 f\u0171t\u0151berendez\u00e9sekkel?<\/h2>\n<p data-v-md-line=\"4\">Ha gond n\u00e9lk\u00fcl szeretn\u00e9d megtapasztalni az igazi cigaretta \u00edz\u00e9t, a Pluscig C20 megk\u00f6nny\u00edti ezt sz\u00e1modra. Teljesen kompatibilis a TEREA doh\u00e1nyrudakkal, \u00e9s szab\u00e1lyozhat\u00f3 a h\u0151m\u00e9rs\u00e9klet, \u00edgy k\u00f6nnyed\u00e9n szab\u00e1lyozhatod kedvenc \u00edzeidet.<\/p>\n<p data-v-md-line=\"6\">Azt gondolhatod, hogy a 3500 mAh-s akkumul\u00e1torral szerelt eszk\u00f6z\u00f6k orm\u00f3tlanok, de a C20 mind\u00f6ssze 106 millim\u00e9ter magas \u00e9s 87,5 grammot nyom, m\u00e9gis k\u00f6nnyen hordozhat\u00f3. Alum\u00ednium\u00f6tv\u00f6zetb\u0151l k\u00e9sz\u00fclt, sima fel\u00fclettel \u00e9s massz\u00edv k\u00e9z\u00e9rzettel. K\u00f6nnyen haszn\u00e1lhat\u00f3, tart\u00f3s \u00e9s hossz\u00fa \u00e9lettartam\u00fa, nem kell agg\u00f3dni a t\u00f6lt\u00e9si probl\u00e9m\u00e1k miatt.<\/p>\n<h2 data-v-md-heading=\"excellent-performance-easy-and-convenient\" data-v-md-line=\"8\">Kiv\u00e1l\u00f3 teljes\u00edtm\u00e9ny, egyszer\u0171 \u00e9s k\u00e9nyelmes<\/h2>\n<p data-v-md-line=\"9\">A C20 pontosan szab\u00e1lyozza a h\u0151m\u00e9rs\u00e9kletet 200-350 \u00b0C k\u00f6z\u00f6tt, \u00e9s egyenletesen meleg\u00edti fel a TEREA doh\u00e1nyrudat. Ez azt jelenti, hogy az elej\u00e9t\u0151l a v\u00e9g\u00e9ig stabil \u00edz \u00e9rhet\u0151 el, ahelyett, hogy forr\u00f3 \u00e9s hideg lenne. Az alap\u00e9rtelmezett 240 m\u00e1sodperces id\u0151z\u00edt\u00e9ssel minden alkalommal el\u00e9rheted a megszokott ritmust an\u00e9lk\u00fcl, hogy agg\u00f3dnod kellene a k\u00e9sz\u00fcl\u00e9ked gondoz\u00e1sa miatt. Amikor az akkumul\u00e1tor lemer\u00fclt, a Type-C interf\u00e9szen kereszt\u00fcl t\u00f6lthet\u0151. Ugyanazt az adatk\u00e1belt haszn\u00e1lva, mint egy mobiltelefont, egyszer\u0171 \u00e9s k\u00e9nyelmes.<\/p>\n<h2 data-v-md-heading=\"specification-introduction\" data-v-md-line=\"11\">Specifik\u00e1ci\u00f3 Bevezet\u00e9s<\/h2>\n<ul data-v-md-line=\"12\">\n<li>Sz\u00edv\u00e1sok sz\u00e1ma: Egy teljes felt\u00f6lt\u00e9ssel ak\u00e1r 45-50 TEREA patron is haszn\u00e1lhat\u00f3<\/li>\n<li>Nikotintartalom: a TEREA patront\u00f3l f\u00fcgg; Ez a k\u00e9sz\u00fcl\u00e9k nem tartalmaz nikotint<\/li>\n<li>M\u0171k\u00f6d\u00e9si elv: Helyezze be a TEREA patront, \u00e1ll\u00edtsa be a h\u0151m\u00e9rs\u00e9kletet, nyomja meg a meleg\u00edt\u00e9shez; Alap\u00e9rtelmezett haszn\u00e1lati id\u0151 240 m\u00e1sodperc; Automatikus tiszt\u00edt\u00e1si funkci\u00f3<\/li>\n<li>T\u00f6lt\u00e9s: C t\u00edpus\u00fa USB csatlakoz\u00f3; A teljes felt\u00f6lt\u00e9s k\u00f6r\u00fclbel\u00fcl 120-180 percet vesz ig\u00e9nybe<\/li>\n<li>Akkumul\u00e1tor: 3500 mAh<\/li>\n<li>M\u00e9ret \u00e9s s\u00faly: 106 \u00d7 30 \u00d7 21 mm; 87,5 gramm<\/li>\n<li>Anyag: PEEK + alum\u00ednium\u00f6tv\u00f6zet<\/li>\n<li>H\u0151m\u00e9rs\u00e9klettartom\u00e1ny: 200-350 \u00b0C k\u00f6z\u00f6tt \u00e1ll\u00edthat\u00f3<\/li>\n<li>Sz\u00edn: Fekete, Feh\u00e9r, Lila, \u00c1tmenetes Arany<\/li>\n<li>\u00c1llapot: Kicsomagol\u00e1s ut\u00e1n haszn\u00e1latra k\u00e9sz; Tartalmazza a felszerel\u00e9st, a Type-C adatk\u00e1belt, a felhaszn\u00e1l\u00f3i k\u00e9zik\u00f6nyvet \u00e9s a j\u00f3t\u00e1ll\u00e1si jegyet<\/li>\n<li>Kompatibilit\u00e1s: TEREA f\u00fcstp\u00e1lc\u00e1kkal egy\u00fctt haszn\u00e1lhat\u00f3<\/li>\n<\/ul>\n<h2 data-v-md-heading=\"for-you-and-for-your-business-as-well\" data-v-md-line=\"24\">Neked, \u00e9s a v\u00e1llalkoz\u00e1sodnak is<\/h2>\n<p data-v-md-line=\"25\">Szeretn\u00e9l saj\u00e1t r\u00e9szre v\u00e1s\u00e1rolni? Tedd a C20-at a kosaradba, \u00e9s v\u00e1laszd ki a k\u00edv\u00e1nt TEREA doh\u00e1nyrudat helyben. \u00dczletedbe szeretn\u00e9l v\u00e1s\u00e1rolni? A Pluscig versenyk\u00e9pes nagykereskedelmi \u00e1rakat \u00e9s stabil ell\u00e1t\u00e1st k\u00edn\u00e1l. K\u00e9r\u00e9sre biztos\u00edtjuk a kartondobozok sz\u00e1m\u00e1t \u00e9s az oszt\u00e1lyoz\u00e1si ar\u00e1nyokat.<\/p>\n<p data-v-md-line=\"27\">DDP sz\u00e1ll\u00edt\u00e1si szolg\u00e1ltat\u00e1sokat k\u00edn\u00e1lunk Eur\u00f3p\u00e1n bel\u00fcl UPS, DPD \u00e9s DHL szolg\u00e1ltat\u00e1ssal. A v\u00e1mkezel\u00e9s a sz\u00e1ll\u00edt\u00e1s el\u0151tt megt\u00f6rt\u00e9nik, \u00edgy nem t\u00f6rt\u00e9nhetnek balesetek a v\u00e1mn\u00e1l. Megb\u00edzhat\u00f3 k\u00f6vet\u00e9st \u00e9s gyors \u00e1ruforgalmat biztos\u00edtunk, \u00edgy biztos\u00edtva a megfelel\u0151 k\u00e9szletet.<\/p>\n<h2 data-v-md-heading=\"why-do-you-like-it\" data-v-md-line=\"29\">Mi\u00e9rt tetszik?<\/h2>\n<ul data-v-md-line=\"30\">\n<li>Ultra hossz\u00fa akkumul\u00e1tor-\u00fczemid\u0151: ak\u00e1r 45-50 egys\u00e9g is haszn\u00e1lhat\u00f3 egyetlen t\u00f6lt\u00e9ssel, \u00edgy kevesebbet kell t\u00f6lteni, \u00e9s t\u00f6bbet \u00e9lvezni<\/li>\n<li>\u00c1ll\u00edthat\u00f3 h\u0151m\u00e9rs\u00e9klet: \u00c1ll\u00edtsa be a h\u0151m\u00e9rs\u00e9kletet a doh\u00e1nyr\u00fad \u00e9s az \u00edzl\u00e9s szerint<\/li>\n<li>C t\u00edpus\u00fa t\u00f6lt\u00e9s: Minden m\u0171velet elv\u00e9gezhet\u0151 egyetlen adatk\u00e1bellel, \u00edgy minden egyszer\u0171<\/li>\n<li>Kompakt kialak\u00edt\u00e1s: k\u00f6nny\u0171 \u00e9s hordozhat\u00f3, k\u00f6nnyen hordozhat\u00f3<\/li>\n<li>Automatikus tiszt\u00edt\u00e1s: gyors karbantart\u00e1s haszn\u00e1latok k\u00f6z\u00f6tt a stabil teljes\u00edtm\u00e9ny fenntart\u00e1sa \u00e9rdek\u00e9ben<\/li>\n<li>TEREA-val kompatibilis: Haszn\u00e1lja a megszokott doh\u00e1nyp\u00e1lc\u00e1j\u00e1t<\/li>\n<\/ul>\n<h2 data-v-md-heading=\"why-choose-to-collaborate-with-agoravape\" data-v-md-line=\"37\">Mi\u00e9rt \u00e9rdemes az AgoraVape-pel egy\u00fcttm\u0171k\u00f6dni?<\/h2>\n<p data-v-md-line=\"38\">100%-ban eredeti Pluscig k\u00e9sz\u00fcl\u00e9keket k\u00edn\u00e1lunk rakt\u00e1ron, megfizethet\u0151 \u00e1rakon \u00e9s megb\u00edzhat\u00f3 \u00e9rt\u00e9kes\u00edt\u00e9s ut\u00e1ni t\u00e1mogat\u00e1ssal. A megrendel\u00e9seket gyorsan, DDP-vel sz\u00e1ll\u00edtjuk, hogy elker\u00fclj\u00fck a k\u00e9sedelmeket \u00e9s a rejtett importk\u00f6lts\u00e9geket. A fizet\u00e9s biztons\u00e1gos \u00e1tj\u00e1r\u00f3n kereszt\u00fcl t\u00f6rt\u00e9nik, \u00e9s megfelel\u00fcnk az EU korhat\u00e1r-ellen\u0151rz\u00e9si \u00e9s term\u00e9kbiztons\u00e1gi szabv\u00e1nyainak. Garanci\u00e1lis seg\u00edts\u00e9gre vagy egyszer\u0171 visszak\u00fcld\u00e9sre van sz\u00fcks\u00e9ge? Csapatunk gyorsan kezeli a probl\u00e9m\u00e1t, \u00edgy \u00d6n az \u00e9rt\u00e9kes\u00edt\u00e9sre koncentr\u00e1lhat.<\/p>\n<p data-v-md-line=\"40\">Nagykereskedelemmel, sz\u00e1ll\u00edt\u00e1si id\u0151vel vagy kartondobozok mennyis\u00e9g\u00e9vel kapcsolatban k\u00e9rj\u00fck, vegye fel vel\u00fcnk a kapcsolatot, \u00e9s mi megoldjuk \u00d6nnek.<\/p>","protected":false},"excerpt":{"rendered":"<p>&nbsp;<\/p>\n<p><script src=\"chrome-extension:\/\/fpelahbljekknahkcaegamhcndkfpfnc\/iFrame.js\" type=\"text\/javascript\"><\/script><\/p>\n<p><script src=\"chrome-extension:\/\/fpelahbljekknahkcaegamhcndkfpfnc\/iFrame.js\" type=\"text\/javascript\"><\/script><\/p>\n<p><script src=\"chrome-extension:\/\/fpelahbljekknahkcaegamhcndkfpfnc\/iFrame.js\" type=\"text\/javascript\"><\/script><\/p>\n<p><script src=\"chrome-extension:\/\/fpelahbljekknahkcaegamhcndkfpfnc\/iFrame.js\" type=\"text\/javascript\"><\/script><\/p>\n<p><script src=\"chrome-extension:\/\/fpelahbljekknahkcaegamhcndkfpfnc\/iFrame.js\" type=\"text\/javascript\"><\/script><\/p>\n<p><script src=\"chrome-extension:\/\/fpelahbljekknahkcaegamhcndkfpfnc\/iFrame.js\" type=\"text\/javascript\"><\/script><\/p>\n<p><script src=\"chrome-extension:\/\/fpelahbljekknahkcaegamhcndkfpfnc\/iFrame.js\" type=\"text\/javascript\"><\/script><\/p>\n<p><script src=\"chrome-extension:\/\/fpelahbljekknahkcaegamhcndkfpfnc\/iFrame.js\" type=\"text\/javascript\"><\/script><\/p>\n<p><script src=\"chrome-extension:\/\/fpelahbljekknahkcaegamhcndkfpfnc\/iFrame.js\" type=\"text\/javascript\"><\/script><\/p>\n<p><script src=\"chrome-extension:\/\/fpelahbljekknahkcaegamhcndkfpfnc\/iFrame.js\" type=\"text\/javascript\"><\/script><\/p>\n<p><script src=\"chrome-extension:\/\/fpelahbljekknahkcaegamhcndkfpfnc\/iFrame.js\" type=\"text\/javascript\"><\/script><\/p>\n<p><script src=\"chrome-extension:\/\/fpelahbljekknahkcaegamhcndkfpfnc\/iFrame.js\" type=\"text\/javascript\"><\/script><\/p>\n<p><script src=\"chrome-extension:\/\/fpelahbljekknahkcaegamhcndkfpfnc\/iFrame.js\" type=\"text\/javascript\"><\/script><\/p>\n<p><script src=\"chrome-extension:\/\/fpelahbljekknahkcaegamhcndkfpfnc\/iFrame.js\" type=\"text\/javascript\"><\/script><\/p>\n<p><script src=\"chrome-extension:\/\/fpelahbljekknahkcaegamhcndkfpfnc\/iFrame.js\" type=\"text\/javascript\"><\/script><\/p>\n<p><script src=\"chrome-extension:\/\/fpelahbljekknahkcaegamhcndkfpfnc\/iFrame.js\" type=\"text\/javascript\"><\/script><\/p>\n<p><script src=\"chrome-extension:\/\/fpelahbljekknahkcaegamhcndkfpfnc\/iFrame.js\" type=\"text\/javascript\"><\/script><\/p>\n<p><script src=\"chrome-extension:\/\/fpelahbljekknahkcaegamhcndkfpfnc\/iFrame.js\" type=\"text\/javascript\"><\/script><\/p>","protected":false},"featured_media":18086,"comment_status":"open","ping_status":"closed","template":"","meta":[],"product_brand":[239],"product_cat":[124,165,166,191,178,173,190],"product_tag":[],"class_list":{"0":"post-18077","1":"product","2":"type-product","3":"status-publish","4":"has-post-thumbnail","6":"product_brand-pluscig","7":"product_cat-vape-by-brand","8":"product_cat-lavie","9":"product_cat-pluscig","10":"product_cat-rechargeable-disposables","11":"product_cat-tobacco","12":"product_cat-vape-by-flavor-profile","13":"product_cat-vape-by-feature-or-type","15":"first","16":"instock","17":"shipping-taxable","18":"purchasable","19":"product-type-variable","20":"has-default-attributes"},"tiered_pricing_type":"percentage","tiered_pricing_fixed_rules":[],"tiered_pricing_product_settings":{"layout":"default","base_unit_name":{"singular":null,"plural":null},"default_variation":null},"tiered_pricing_minimum_quantity":20,"tiered_pricing_roles_data":[],"tiered_pricing_percentage_rules":{"50":"35","100":"40","200":"44","500":"47","1000":"49"},"tiered_pricing_maximum_quantity":null,"tiered_pricing_quantity_step":"10","_links":{"self":[{"href":"https:\/\/agoravape.com\/hu\/wp-json\/wp\/v2\/product\/18077","targetHints":{"allow":["GET"]}}],"collection":[{"href":"https:\/\/agoravape.com\/hu\/wp-json\/wp\/v2\/product"}],"about":[{"href":"https:\/\/agoravape.com\/hu\/wp-json\/wp\/v2\/types\/product"}],"replies":[{"embeddable":true,"href":"https:\/\/agoravape.com\/hu\/wp-json\/wp\/v2\/comments?post=18077"}],"version-history":[{"count":0,"href":"https:\/\/agoravape.com\/hu\/wp-json\/wp\/v2\/product\/18077\/revisions"}],"wp:featuredmedia":[{"embeddable":true,"href":"https:\/\/agoravape.com\/hu\/wp-json\/wp\/v2\/media\/18086"}],"wp:attachment":[{"href":"https:\/\/agoravape.com\/hu\/wp-json\/wp\/v2\/media?parent=18077"}],"wp:term":[{"taxonomy":"product_brand","embeddable":true,"href":"https:\/\/agoravape.com\/hu\/wp-json\/wp\/v2\/product_brand?post=18077"},{"taxonomy":"product_cat","embeddable":true,"href":"https:\/\/agoravape.com\/hu\/wp-json\/wp\/v2\/product_cat?post=18077"},{"taxonomy":"product_tag","embeddable":true,"href":"https:\/\/agoravape.com\/hu\/wp-json\/wp\/v2\/product_tag?post=18077"}],"curies":[{"name":"wp","href":"https:\/\/api.w.org\/{rel}","templated":true}]}}