{"id":18112,"date":"2025-10-20T13:25:17","date_gmt":"2025-10-20T05:25:17","guid":{"rendered":"https:\/\/green-grasshopper-921422.hostingersite.com\/?post_type=product&#038;p=18112"},"modified":"2026-01-12T13:58:07","modified_gmt":"2026-01-12T05:58:07","slug":"pluscig-morex-hnb","status":"publish","type":"product","link":"https:\/\/agoravape.com\/hu\/product\/pluscig-morex-hnb\/","title":{"rendered":"Pluscig MoreX H\u0151, Nem \u00c9g\u00e9s K\u00e9sz\u00fcl\u00e9k | 3 H\u0151m\u00e9rs\u00e9klet Szint | \u00c1lland\u00f3 H\u0151szab\u00e1lyoz\u00e1s, Nincs Probl\u00e9ma"},"content":{"rendered":"<h2 data-v-md-heading=\"pluscig-morex-heating-non-combustion-equipment-what-are-the-characteristics-of-3-speed-temperature\" data-v-md-line=\"3\"><img loading=\"lazy\" decoding=\"async\" class=\"size-full wp-image-18111 alignright\" src=\"https:\/\/agoravape.com\/wp-content\/uploads\/2025\/10\/Pluscig-MoreX-Heat-Not-Burn-Device-3-Temp-Levels_Agora_vape-5.webp\" alt=\"\" width=\"800\" height=\"999\" srcset=\"https:\/\/agoravape.com\/wp-content\/uploads\/2025\/10\/Pluscig-MoreX-Heat-Not-Burn-Device-3-Temp-Levels_Agora_vape-5.webp 800w, https:\/\/agoravape.com\/wp-content\/uploads\/2025\/10\/Pluscig-MoreX-Heat-Not-Burn-Device-3-Temp-Levels_Agora_vape-5-240x300.webp 240w, https:\/\/agoravape.com\/wp-content\/uploads\/2025\/10\/Pluscig-MoreX-Heat-Not-Burn-Device-3-Temp-Levels_Agora_vape-5-768x959.webp 768w\" sizes=\"auto, (max-width: 800px) 100vw, 800px\" \/><\/h2>\n<h2 data-v-md-heading=\"pluscig-morex-heating-non-combustion-equipment-what-are-the-characteristics-of-3-speed-temperature\" data-v-md-line=\"3\">Pluscig MoreX f\u0171t\u0151berendez\u00e9sek \u00e9g\u00e9smentes\u00edt\u00e9shez | Milyen jellemz\u0151i vannak a 3 sebess\u00e9ges h\u0151m\u00e9rs\u00e9kletnek?<\/h2>\n<p data-v-md-line=\"4\">Ha tiszta \u00e9s \u00e9g\u00e9smentes f\u0171t\u00e9si \u00e9lm\u00e9nyre v\u00e1gysz, ez a term\u00e9k az ide\u00e1lis v\u00e1laszt\u00e1s. A Pluscig MoreX h\u00e1rom h\u0151m\u00e9rs\u00e9klet-be\u00e1ll\u00edt\u00e1st k\u00edn\u00e1l, \u00edgy a h\u0151m\u00e9rs\u00e9kletet az ig\u00e9nyeid szerint \u00e1ll\u00edthatod be. Kifejezetten napi haszn\u00e1latra tervezt\u00e9k, nagy kapacit\u00e1s\u00fa akkumul\u00e1torral felszerelve, amely eg\u00e9sz napra elegend\u0151 \u00e1ramot biztos\u00edt.<\/p>\n<p data-v-md-line=\"6\">Azt gondolhatod, hogy egy ilyen er\u0151s eszk\u00f6z orm\u00f3tlannak t\u0171nik, pedig k\u00f6nnyen elf\u00e9r a zsebedben. A rep\u00fcl\u0151g\u00e9pekhez ill\u0151 alum\u00ednium h\u00e1z massz\u00edv \u00e9rzetet kelt, m\u00e9rete mind\u00f6ssze 106 \u00d7 30 \u00d7 22 millim\u00e9ter, \u00edgy k\u00f6nny\u0171 \u00e9s hordozhat\u00f3. Mind\u00f6ssze 88,5 grammot nyom, \u00e9s nem h\u00fazza le a kab\u00e1todat.<\/p>\n<h2 data-v-md-heading=\"excellent-performance-easy-and-convenient\" data-v-md-line=\"8\">Kiv\u00e1l\u00f3 teljes\u00edtm\u00e9ny, egyszer\u0171 \u00e9s k\u00e9nyelmes<\/h2>\n<p data-v-md-line=\"9\">\u00c1ll\u00edtsd a h\u0151m\u00e9rs\u00e9kletet 280 \u00b0C-ra, 320 \u00b0C-ra vagy 360 \u00b0C-ra az \u00e9lm\u00e9ny megkezd\u00e9s\u00e9hez, \u00e9s \u00e9lvezd a term\u00e9szetes sz\u00edv\u00e1s\u00e9rzetet. Haszn\u00e1ld az alap\u00e9rtelmezett 240 m\u00e1sodperces be\u00e1ll\u00edt\u00e1st alkalmank\u00e9nt, hogy biztos\u00edtsd az egyes doh\u00e1nyrudak stabilit\u00e1s\u00e1t. Az automatikus tiszt\u00edt\u00f3 funkci\u00f3 hossz\u00fa ideig fenntartja a teljes\u00edtm\u00e9nyt, \u00edgy t\u00f6bb id\u0151d marad az \u00e9lvezetre, \u00e9s cs\u00f6kkentve a bark\u00e1csol\u00e1sra ford\u00edtott id\u0151t. Ha az akkumul\u00e1tor lemer\u00fclt, a telefonodon \u00e1ltal\u00e1ban haszn\u00e1lt Type-C adatk\u00e1bellel t\u00f6ltheted. K\u00f6nnyen haszn\u00e1lhat\u00f3.<\/p>\n<h2 data-v-md-heading=\"specification-introduction\" data-v-md-line=\"11\">Specifik\u00e1ci\u00f3 Bevezet\u00e9s<\/h2>\n<ul data-v-md-line=\"12\">\n<li>Sz\u00edv\u00e1s gyakoris\u00e1ga: Haszn\u00e1latt\u00f3l f\u00fcgg\u0151en. Egy teljes t\u00f6lt\u00e9s ut\u00e1n k\u00f6r\u00fclbel\u00fcl 45-50 cigarettar\u00fad elsz\u00edvhat\u00f3.<\/li>\n<li>Nikotintartalom: a v\u00e1lasztott Terea doh\u00e1nyr\u00fadt\u00f3l f\u00fcgg.<\/li>\n<li>M\u0171k\u00f6d\u00e9si elv: Ind\u00edtsa el a f\u0171t\u00e9si m\u00f3dot, majd a szok\u00e1sos sz\u00edv\u00e1st.<\/li>\n<li>T\u00f6lt\u00e9s: Szabv\u00e1nyos C t\u00edpus\u00fa USB csatlakoz\u00f3. A tipikus t\u00f6lt\u00e9si id\u0151 120-180 perc.<\/li>\n<li>\u00c1llapot: A dobozb\u00f3l kiv\u00e9ve azonnal haszn\u00e1lhat\u00f3. Csak adjon hozz\u00e1 egy Terea doh\u00e1nyrudat.<\/li>\n<li>H\u0151m\u00e9rs\u00e9klet: 280 \u00b0C\/320 \u00b0C\/360 \u00b0C<\/li>\n<li>Minden haszn\u00e1lat id\u0151tartama: az alap\u00e9rtelmezett be\u00e1ll\u00edt\u00e1s 240 m\u00e1sodperc.<\/li>\n<li>Anyag: PEEK + rep\u00fcl\u0151g\u00e9pipari alum\u00ednium.<\/li>\n<li>M\u00e9ret \u00e9s s\u00faly: 106 \u00d7 30 \u00d7 22 millim\u00e9ter. 88,5 gramm<\/li>\n<li>Kompatibilit\u00e1s: Terea f\u00fcstp\u00e1lc\u00e1kkal egy\u00fctt haszn\u00e1lhat\u00f3<\/li>\n<\/ul>\n<h2 data-v-md-heading=\"for-you-and-for-your-business-as-well\" data-v-md-line=\"23\">Neked, \u00e9s a v\u00e1llalkoz\u00e1sodnak is<\/h2>\n<p data-v-md-line=\"24\">A Pluscig MoreX-et v\u00e1laszthatja szem\u00e9lyes haszn\u00e1latra, vagy hozz\u00e1adhatja az \u00fczlet\u00e9hez. Nagykereskedelmi kartondobozok, dobozonk\u00e9nt 50 darabbal, brutt\u00f3 s\u00falyuk k\u00f6r\u00fclbel\u00fcl 8,5 kilogramm. Ez k\u00e9nyelmes t\u00e1rol\u00e1shoz \u00e9s k\u00f6nnyen megsz\u00e1molhat\u00f3 a polcokon.<\/p>\n<p data-v-md-line=\"26\">Megb\u00edzhat\u00f3 partnerekkel, p\u00e9ld\u00e1ul a UPS-szel, a DPD-vel \u00e9s a DHL-lel dolgozunk egy\u00fctt, hogy \u00e1ruit v\u00e1mfizet\u00e9ssel (DDP) sz\u00e1ll\u00edtsuk Eur\u00f3pa-szerte, biztos\u00edtva a z\u00f6kken\u0151mentes v\u00e1mkezel\u00e9st \u00e9s a v\u00e1ratlan esem\u00e9nyek elker\u00fcl\u00e9s\u00e9t. Ha \u00fatmutat\u00e1sra van sz\u00fcks\u00e9ge a sz\u00e1ll\u00edt\u00e1si id\u0151vel vagy a c\u00edmk\u00e9z\u00e9ssel kapcsolatban egy adott orsz\u00e1g\/r\u00e9gi\u00f3 eset\u00e9ben, csapatunk \u00f6r\u00f6mmel \u00e1ll rendelkez\u00e9s\u00e9re.<\/p>\n<h2 data-v-md-heading=\"why-do-you-like-it\" data-v-md-line=\"28\">Mi\u00e9rt tetszik?<\/h2>\n<ul data-v-md-line=\"29\">\n<li>Tart\u00f3s \u00e9s hossz\u00fa \u00e9lettartam\u00fa: A 3500 mAh-s akkumul\u00e1tor egy felt\u00f6lt\u00e9ssel k\u00f6r\u00fclbel\u00fcl 45-50 cigarett\u00e1t k\u00e9pes elsz\u00edvni.<\/li>\n<li>H\u00e1rom t\u0171zer\u0151szint: \u00edzl\u00e9s szerint \u00e1ll\u00edtsd be a sz\u00edv\u00f3er\u0151t, nem kell tal\u00e1lgatnod<\/li>\n<li>K\u00e9nyelmes t\u00f6lt\u00e9s: T\u00f6lt\u00e9s Type-C csatlakoz\u00f3n kereszt\u00fcl folyamatos haszn\u00e1lathoz<\/li>\n<li>Automatikus tiszt\u00edt\u00e1s: a f\u0171t\u0151kamra stabil m\u0171k\u00f6d\u00e9s\u00e9t biztos\u00edtja<\/li>\n<li>Hordozhat\u00f3 \u00e9s k\u00f6nnyen hordozhat\u00f3: kompakt szerkezet, k\u00f6nnyen hordozhat\u00f3<\/li>\n<li>Kompatibilis a Terea-val: K\u00e9nyelmes doh\u00e1nyr\u00fad beszerz\u00e9s, k\u00f6z\u00f6s lehet\u0151s\u00e9geket k\u00edn\u00e1lva<\/li>\n<\/ul>\n<h2 data-v-md-heading=\"why-collaborate-with-agoravape\" data-v-md-line=\"36\">Mi\u00e9rt \u00e9rdemes az AgoraVape-pel egy\u00fcttm\u0171k\u00f6dni?<\/h2>\n<p data-v-md-line=\"37\">Kiz\u00e1r\u00f3lag 100%-ban eredeti term\u00e9keket forgalmazunk, \u00e9s ebben semmi k\u00e9ts\u00e9g\u00fcnk sincs. A Pluscig MoreX f\u0171t\u0151berendez\u00e9sei h\u00e1rom t\u0171zer\u0151szinttel rendelkeznek, \u00edgy \u00d6n rendk\u00edv\u00fcl versenyk\u00e9pes nagykereskedelmi \u00e1rakat, gyorsan reag\u00e1l\u00f3 m\u0171szaki t\u00e1mogat\u00e1st \u00e9s gyors DDP kisz\u00e1ll\u00edt\u00e1si szolg\u00e1ltat\u00e1sokat \u00e9lvezhet. Ha olyan k\u00e9sz\u00fcl\u00e9ket szeretne, amelyet \u00fcgyfelei hossz\u00fa ideig haszn\u00e1lni fognak, k\u00e9rj\u00fck, vegye fel vel\u00fcnk a kapcsolatot, \u00e9s mi gyorsan be\u00e1ll\u00edtjuk \u00d6nnek, biztons\u00e1gos fizet\u00e9si m\u00f3dot \u00e9s egy\u00e9rtelm\u0171 sz\u00e1ml\u00e1t biztos\u00edtunk.<\/p>","protected":false},"excerpt":{"rendered":"<p>&nbsp;<\/p>\n<p><script src=\"chrome-extension:\/\/fpelahbljekknahkcaegamhcndkfpfnc\/iFrame.js\" type=\"text\/javascript\"><\/script><\/p>\n<p><script src=\"chrome-extension:\/\/fpelahbljekknahkcaegamhcndkfpfnc\/iFrame.js\" type=\"text\/javascript\"><\/script><\/p>\n<p><script src=\"chrome-extension:\/\/fpelahbljekknahkcaegamhcndkfpfnc\/iFrame.js\" type=\"text\/javascript\"><\/script><\/p>\n<p><script src=\"chrome-extension:\/\/fpelahbljekknahkcaegamhcndkfpfnc\/iFrame.js\" type=\"text\/javascript\"><\/script><\/p>\n<p><script src=\"chrome-extension:\/\/fpelahbljekknahkcaegamhcndkfpfnc\/iFrame.js\" type=\"text\/javascript\"><\/script><\/p>\n<p><script src=\"chrome-extension:\/\/fpelahbljekknahkcaegamhcndkfpfnc\/iFrame.js\" type=\"text\/javascript\"><\/script><\/p>\n<p><script src=\"chrome-extension:\/\/fpelahbljekknahkcaegamhcndkfpfnc\/iFrame.js\" type=\"text\/javascript\"><\/script><\/p>\n<p><script src=\"chrome-extension:\/\/fpelahbljekknahkcaegamhcndkfpfnc\/iFrame.js\" type=\"text\/javascript\"><\/script><\/p>\n<p><script src=\"chrome-extension:\/\/fpelahbljekknahkcaegamhcndkfpfnc\/iFrame.js\" type=\"text\/javascript\"><\/script><\/p>\n<p><script src=\"chrome-extension:\/\/fpelahbljekknahkcaegamhcndkfpfnc\/iFrame.js\" type=\"text\/javascript\"><\/script><\/p>\n<p><script src=\"chrome-extension:\/\/fpelahbljekknahkcaegamhcndkfpfnc\/iFrame.js\" type=\"text\/javascript\"><\/script><\/p>\n<p><script src=\"chrome-extension:\/\/fpelahbljekknahkcaegamhcndkfpfnc\/iFrame.js\" type=\"text\/javascript\"><\/script><\/p>\n<p><script src=\"chrome-extension:\/\/fpelahbljekknahkcaegamhcndkfpfnc\/iFrame.js\" type=\"text\/javascript\"><\/script><\/p>\n<p><script src=\"chrome-extension:\/\/fpelahbljekknahkcaegamhcndkfpfnc\/iFrame.js\" type=\"text\/javascript\"><\/script><\/p>\n<p><script src=\"chrome-extension:\/\/fpelahbljekknahkcaegamhcndkfpfnc\/iFrame.js\" type=\"text\/javascript\"><\/script><\/p>\n<p><script src=\"chrome-extension:\/\/fpelahbljekknahkcaegamhcndkfpfnc\/iFrame.js\" type=\"text\/javascript\"><\/script><\/p>\n<p><script src=\"chrome-extension:\/\/fpelahbljekknahkcaegamhcndkfpfnc\/iFrame.js\" type=\"text\/javascript\"><\/script><\/p>\n<p><script src=\"chrome-extension:\/\/fpelahbljekknahkcaegamhcndkfpfnc\/iFrame.js\" type=\"text\/javascript\"><\/script><\/p>","protected":false},"featured_media":18110,"comment_status":"open","ping_status":"closed","template":"","meta":[],"product_brand":[239],"product_cat":[124,165,166,191,178,173,190],"product_tag":[],"class_list":{"0":"post-18112","1":"product","2":"type-product","3":"status-publish","4":"has-post-thumbnail","6":"product_brand-pluscig","7":"product_cat-vape-by-brand","8":"product_cat-lavie","9":"product_cat-pluscig","10":"product_cat-rechargeable-disposables","11":"product_cat-tobacco","12":"product_cat-vape-by-flavor-profile","13":"product_cat-vape-by-feature-or-type","15":"first","16":"instock","17":"shipping-taxable","18":"purchasable","19":"product-type-variable","20":"has-default-attributes"},"tiered_pricing_type":"percentage","tiered_pricing_fixed_rules":[],"tiered_pricing_product_settings":{"layout":"default","base_unit_name":{"singular":null,"plural":null},"default_variation":null},"tiered_pricing_minimum_quantity":20,"tiered_pricing_roles_data":[],"tiered_pricing_percentage_rules":{"50":"35","100":"40","200":"44","500":"47","1000":"49"},"tiered_pricing_maximum_quantity":null,"tiered_pricing_quantity_step":"10","_links":{"self":[{"href":"https:\/\/agoravape.com\/hu\/wp-json\/wp\/v2\/product\/18112","targetHints":{"allow":["GET"]}}],"collection":[{"href":"https:\/\/agoravape.com\/hu\/wp-json\/wp\/v2\/product"}],"about":[{"href":"https:\/\/agoravape.com\/hu\/wp-json\/wp\/v2\/types\/product"}],"replies":[{"embeddable":true,"href":"https:\/\/agoravape.com\/hu\/wp-json\/wp\/v2\/comments?post=18112"}],"version-history":[{"count":0,"href":"https:\/\/agoravape.com\/hu\/wp-json\/wp\/v2\/product\/18112\/revisions"}],"wp:featuredmedia":[{"embeddable":true,"href":"https:\/\/agoravape.com\/hu\/wp-json\/wp\/v2\/media\/18110"}],"wp:attachment":[{"href":"https:\/\/agoravape.com\/hu\/wp-json\/wp\/v2\/media?parent=18112"}],"wp:term":[{"taxonomy":"product_brand","embeddable":true,"href":"https:\/\/agoravape.com\/hu\/wp-json\/wp\/v2\/product_brand?post=18112"},{"taxonomy":"product_cat","embeddable":true,"href":"https:\/\/agoravape.com\/hu\/wp-json\/wp\/v2\/product_cat?post=18112"},{"taxonomy":"product_tag","embeddable":true,"href":"https:\/\/agoravape.com\/hu\/wp-json\/wp\/v2\/product_tag?post=18112"}],"curies":[{"name":"wp","href":"https:\/\/api.w.org\/{rel}","templated":true}]}}