{"id":18126,"date":"2025-10-20T13:29:45","date_gmt":"2025-10-20T05:29:45","guid":{"rendered":"https:\/\/green-grasshopper-921422.hostingersite.com\/?post_type=product&#038;p=18126"},"modified":"2026-03-31T04:20:35","modified_gmt":"2026-03-31T02:20:35","slug":"pluscig-s20-ho-nem-eget","status":"publish","type":"product","link":"https:\/\/agoravape.com\/hu\/product\/pluscig-s20-heat-not-burn\/","title":{"rendered":"Pluscig S20 h\u0151-, nem \u00e9get\u0151 k\u00e9sz\u00fcl\u00e9k | 40\u201350 p\u00e1lcika t\u00f6lt\u00e9senk\u00e9nt, tiszta vez\u00e9rl\u00e9s"},"content":{"rendered":"<h2 data-v-md-heading=\"pluscig-s20-non-combustible-heating-device-can-40-50-units-be-used-per-charge\" data-v-md-line=\"3\">Pluscig S20 nem \u00e9ghet\u0151 f\u0171t\u0151berendez\u00e9s | Haszn\u00e1lhat\u00f3 40-50 egys\u00e9g egy felt\u00f6lt\u00e9ssel?<\/h2>\n<p data-v-md-line=\"4\">Ha egy nem \u00e9ghet\u0151 f\u0171t\u0151berendez\u00e9st keres, amely eg\u00e9sz nap kitart an\u00e9lk\u00fcl, hogy agg\u00f3dnia kellene az akkumul\u00e1tor lemer\u00fcl\u00e9se miatt, a Pluscig S20 az ide\u00e1lis v\u00e1laszt\u00e1s. Egy felt\u00f6lt\u00e9ssel 40-50 egys\u00e9get haszn\u00e1lhat, \u00edgy m\u00e9g a forgalmas napokon is elegend\u0151 energi\u00e1t biztos\u00edthat.<\/p>\n<p data-v-md-line=\"6\">B\u00e1rki sz\u00e1m\u00e1ra alkalmas, aki tiszta, stabil \u00e9s k\u00f6nnyen szab\u00e1lyozhat\u00f3 doh\u00e1nyz\u00e1si \u00e9lm\u00e9nyt szeretne. A h\u0151m\u00e9rs\u00e9kletet \u00e9s a f\u00fcst\u00f6l\u00e9s id\u0151tartam\u00e1t az ig\u00e9nyei szerint \u00e1ll\u00edthatja be. Nem kell agg\u00f3dnia, csak egyszer kell be\u00e1ll\u00edtani, \u00e9s m\u00e1ris \u00e9lvezheti.<\/p>\n<h2 data-v-md-heading=\"excellent-performance-easy-and-convenient\" data-v-md-line=\"8\">Kiv\u00e1l\u00f3 teljes\u00edtm\u00e9ny, egyszer\u0171 \u00e9s k\u00e9nyelmes<\/h2>\n<p data-v-md-line=\"9\">Az S20 pontosan k\u00e9pes felmeleg\u00edteni a doh\u00e1nyrudat. A h\u0151m\u00e9rs\u00e9kletet 250-390 \u00b0C k\u00f6z\u00f6tt, a doh\u00e1nyz\u00e1si id\u0151t pedig 180-300 m\u00e1sodpercre \u00e1ll\u00edthatod be. Az el\u0151meleg\u00edt\u00e9si id\u0151 is \u00e1ll\u00edthat\u00f3, 5 \u00e9s 20 m\u00e1sodperc k\u00f6z\u00f6tt, \u00edgy m\u00e1r az els\u0151 falatra k\u00e9szen \u00e9rzed magad a doh\u00e1nyz\u00e1sra, ahelyett, hogy kapkodn\u00e1l. Automatikus tiszt\u00edt\u00f3 funkci\u00f3val is fel van szerelve, amely seg\u00edt fenntartani az egyes doh\u00e1nyrudak stabil teljes\u00edtm\u00e9ny\u00e9t. Lehet, hogy ezt a 3500 mAh-s akkumul\u00e1torral felszerelt k\u00e9sz\u00fcl\u00e9ket nagynak tal\u00e1lod, de mind\u00f6ssze 110 grammot nyom, \u00e9s k\u00f6nnyen elf\u00e9r egy zsebben.<\/p>\n<h2 data-v-md-heading=\"specification-introduction\" data-v-md-line=\"11\">Specifik\u00e1ci\u00f3 Bevezet\u00e9s<\/h2>\n<ul data-v-md-line=\"12\">\n<li>Haszn\u00e1latok sz\u00e1ma egy felt\u00f6lt\u00e9ssel: 40-50<\/li>\n<li>Akkumul\u00e1tor kapacit\u00e1sa: 3500 mAh<\/li>\n<li>Haszn\u00e1latonk\u00e9nti id\u0151tartam: 180-300 m\u00e1sodperc k\u00f6z\u00f6tt \u00e1ll\u00edthat\u00f3<\/li>\n<li>H\u0151m\u00e9rs\u00e9klettartom\u00e1ny: 250-390 \u00b0C k\u00f6z\u00f6tt \u00e1ll\u00edthat\u00f3<\/li>\n<li>El\u0151meleg\u00edt\u00e9si id\u0151: 5-20 m\u00e1sodperc k\u00f6z\u00f6tt \u00e1ll\u00edthat\u00f3<\/li>\n<li>T\u00f6lt\u00e9si id\u0151: 120-180 perc a teljes felt\u00f6lt\u00e9sig<\/li>\n<li>M\u00e9ret \u00e9s s\u00faly: 106 \u00d7 33 \u00d7 22 millim\u00e9ter, 110 gramm<\/li>\n<li>Anyag: PEEK \u00e9s rep\u00fcl\u0151g\u00e9pipari alum\u00ednium<\/li>\n<li>Sz\u00ednek: Fekete, Piros, Z\u00f6ld, K\u00e9k, Arany<\/li>\n<li>M\u0171k\u00f6d\u00e9si elv: Helyezzen be egy cigarettapatront, nyomja meg az el\u0151meleg\u00edt\u00e9shez, majd l\u00e9legezzen be<\/li>\n<li>Nikotintartalom: a v\u00e1lasztott patront\u00f3l f\u00fcgg (a patronok kiv\u00e9tel\u00e9vel)<\/li>\n<li>Tov\u00e1bbi funkci\u00f3: Automatikus tiszt\u00edt\u00e1si funkci\u00f3<\/li>\n<li>\u00c1llapot: Kicsomagol\u00e1s ut\u00e1n azonnal haszn\u00e1lhat\u00f3<\/li>\n<\/ul>\n<h2 data-v-md-heading=\"to-create-for-you-and-your-business\" data-v-md-line=\"26\">Alkotni \u00d6nnek \u00e9s v\u00e1llalkoz\u00e1s\u00e1nak<\/h2>\n<p data-v-md-line=\"27\">Ha hossz\u00fa ideig szeretn\u00e9d haszn\u00e1lni, m\u00f3dos\u00edtani a haszn\u00e1lati id\u0151t, \u00e9s nem szeretn\u00e9l t\u00f6lt\u0151t magaddal vinni, \u00e9rdemes lehet Pluscig S20-at v\u00e1s\u00e1rolnod szem\u00e9lyes haszn\u00e1latra. Szeretsz felhalmozni az \u00e1rukat? Nagykereskedelmi kartondobozokat is k\u00edn\u00e1lunk, hogy polcaid tele legyenek, \u00e9s v\u00e1s\u00e1rl\u00f3id el\u00e9gedettek legyenek.<\/p>\n<p data-v-md-line=\"29\">Megb\u00edzhat\u00f3 DDP szolg\u00e1ltat\u00e1sokat k\u00edn\u00e1lunk olyan partnereken kereszt\u00fcl, mint a UPS, a DPD \u00e9s a DHL, \u00e9s Eur\u00f3pa-szerte sz\u00e1ll\u00edtunk. A v\u00e1mtarif\u00e1k el\u0151zetes feldolgoz\u00e1sa biztos\u00edtja a rendel\u00e9s z\u00f6kken\u0151mentes kisz\u00e1ll\u00edt\u00e1s\u00e1t a v\u00e1mn\u00e1l v\u00e1ratlan esem\u00e9nyek n\u00e9lk\u00fcl.<\/p>\n<h2 data-v-md-heading=\"why-do-you-like-it\" data-v-md-line=\"31\">Mi\u00e9rt tetszik?<\/h2>\n<ul data-v-md-line=\"32\">\n<li>Egy felt\u00f6lt\u00e9ssel 40-50 egys\u00e9get haszn\u00e1lhatsz: a kevesebb t\u00f6lt\u00e9si id\u0151 azt jelenti, hogy t\u00f6bb id\u0151d van \u00e9lvezni a napot.<\/li>\n<li>\u00c1ll\u00edthat\u00f3 h\u0151m\u00e9rs\u00e9klet \u00e9s id\u0151: \u00c1ll\u00edtsa be a h\u0151m\u00e9rs\u00e9kletet \u00e9s a haszn\u00e1lati id\u0151t az \u00d6n preferenci\u00e1i szerint.<\/li>\n<li>Nagy kapacit\u00e1s\u00fa akkumul\u00e1tor, hordozhat\u00f3 test: 3500 mAh-s akkumul\u00e1tor, kompakt, 110 gramm s\u00faly\u00fa test.<\/li>\n<li>Gyorsind\u00edt\u00e1s: \u00c1ll\u00edthat\u00f3 el\u0151meleg\u00edt\u0151 funkci\u00f3, amely lehet\u0151v\u00e9 teszi a doh\u00e1nyr\u00fad gyors optim\u00e1lis \u00e1llapot\u00e1nak el\u00e9r\u00e9s\u00e9t.<\/li>\n<li>Stabil teljes\u00edtm\u00e9ny: Az automatikus tiszt\u00edt\u00e1s seg\u00edt meg\u0151rizni az \u00e1lland\u00f3 teljes\u00edtm\u00e9nyt minden haszn\u00e1lat ut\u00e1n.<\/li>\n<li>Tart\u00f3s \u00e9s massz\u00edv: PEEK \u00e9s rep\u00fcl\u0151g\u00e9pipari alum\u00ednium anyagokb\u00f3l k\u00e9sz\u00fclt, er\u0151s k\u00e9z\u00e9rzetet \u00e9s st\u00edlusos megjelen\u00e9st biztos\u00edt.<\/li>\n<\/ul>\n<h2 data-v-md-heading=\"why-choose-to-collaborate-with-agoravape\" data-v-md-line=\"39\">Mi\u00e9rt \u00e9rdemes az AgoraVape-pel egy\u00fcttm\u0171k\u00f6dni?<\/h2>\n<p data-v-md-line=\"40\">100%-ban eredeti berendez\u00e9sekkel rendelkez\u00fcnk, \u00e9s kedvez\u0151 \u00e1rakat, gyors reag\u00e1l\u00e1si szolg\u00e1ltat\u00e1sokat \u00e9s eur\u00f3pai gyors kisz\u00e1ll\u00edt\u00e1si szolg\u00e1ltat\u00e1sokat k\u00edn\u00e1lunk a Pluscig S20 term\u00e9khez. Ha \u00d6n v\u00e1llalati v\u00e1s\u00e1rl\u00f3, k\u00e9rj\u00fck, vegye fel vel\u00fcnk a kapcsolatot, hogy megtudja a megb\u00edzhat\u00f3 nagykereskedelmi ell\u00e1t\u00e1si \u00e9s disztrib\u00faci\u00f3s megold\u00e1sokr\u00f3l.<\/p>","protected":false},"excerpt":{"rendered":"<p>Pluscig S20 non combustible heating device | Can 40-50 units be used per charge? If you want a non combustible<\/p>","protected":false},"featured_media":18132,"comment_status":"open","ping_status":"closed","template":"","meta":[],"product_brand":[239],"product_cat":[124,165,166,191,178,173,190],"product_tag":[],"class_list":{"0":"post-18126","1":"product","2":"type-product","3":"status-publish","4":"has-post-thumbnail","6":"product_brand-pluscig","7":"product_cat-vape-by-brand","8":"product_cat-lavie","9":"product_cat-pluscig","10":"product_cat-rechargeable-disposables","11":"product_cat-tobacco","12":"product_cat-vape-by-flavor-profile","13":"product_cat-vape-by-feature-or-type","15":"first","16":"instock","17":"shipping-taxable","18":"purchasable","19":"product-type-variable","20":"has-default-attributes"},"tiered_pricing_type":"percentage","tiered_pricing_fixed_rules":[],"tiered_pricing_product_settings":{"layout":"default","base_unit_name":{"singular":null,"plural":null},"default_variation":null},"tiered_pricing_minimum_quantity":200,"tiered_pricing_roles_data":[],"tiered_pricing_percentage_rules":{"500":"47","1000":"49"},"tiered_pricing_maximum_quantity":null,"tiered_pricing_quantity_step":"10","_links":{"self":[{"href":"https:\/\/agoravape.com\/hu\/wp-json\/wp\/v2\/product\/18126","targetHints":{"allow":["GET"]}}],"collection":[{"href":"https:\/\/agoravape.com\/hu\/wp-json\/wp\/v2\/product"}],"about":[{"href":"https:\/\/agoravape.com\/hu\/wp-json\/wp\/v2\/types\/product"}],"replies":[{"embeddable":true,"href":"https:\/\/agoravape.com\/hu\/wp-json\/wp\/v2\/comments?post=18126"}],"version-history":[{"count":1,"href":"https:\/\/agoravape.com\/hu\/wp-json\/wp\/v2\/product\/18126\/revisions"}],"predecessor-version":[{"id":29808,"href":"https:\/\/agoravape.com\/hu\/wp-json\/wp\/v2\/product\/18126\/revisions\/29808"}],"wp:featuredmedia":[{"embeddable":true,"href":"https:\/\/agoravape.com\/hu\/wp-json\/wp\/v2\/media\/18132"}],"wp:attachment":[{"href":"https:\/\/agoravape.com\/hu\/wp-json\/wp\/v2\/media?parent=18126"}],"wp:term":[{"taxonomy":"product_brand","embeddable":true,"href":"https:\/\/agoravape.com\/hu\/wp-json\/wp\/v2\/product_brand?post=18126"},{"taxonomy":"product_cat","embeddable":true,"href":"https:\/\/agoravape.com\/hu\/wp-json\/wp\/v2\/product_cat?post=18126"},{"taxonomy":"product_tag","embeddable":true,"href":"https:\/\/agoravape.com\/hu\/wp-json\/wp\/v2\/product_tag?post=18126"}],"curies":[{"name":"wp","href":"https:\/\/api.w.org\/{rel}","templated":true}]}}