{"id":18156,"date":"2025-10-20T13:42:41","date_gmt":"2025-10-20T05:42:41","guid":{"rendered":"https:\/\/green-grasshopper-921422.hostingersite.com\/?post_type=product&#038;p=18156"},"modified":"2026-03-31T04:20:33","modified_gmt":"2026-03-31T02:20:33","slug":"pluscig-p7-hnb-dohanyfutes","status":"publish","type":"product","link":"https:\/\/agoravape.com\/hu\/product\/pluscig-p7-hnb-tobacco-heating\/","title":{"rendered":"Pluscig P7 HNB doh\u00e1nyf\u0171t\u0151 rendszer | Hosszan tart\u00f3 teljes\u00edtm\u00e9ny \u00e1ll\u00edthat\u00f3 h\u0151vel"},"content":{"rendered":"<h2 data-v-md-heading=\"pluscig-p7-non-combustible-tobacco-heating-system-3350mah-battery-what-are-the-highlights\" data-v-md-line=\"3\"><img loading=\"lazy\" decoding=\"async\" class=\"size-full wp-image-18166 alignright\" src=\"https:\/\/agoravape.com\/wp-content\/uploads\/2025\/10\/Pluscig-P7-HNB-Tobacco-Heating-System-3350mAh_Agora_vape-8.webp\" alt=\"\" width=\"800\" height=\"799\" srcset=\"https:\/\/agoravape.com\/wp-content\/uploads\/2025\/10\/Pluscig-P7-HNB-Tobacco-Heating-System-3350mAh_Agora_vape-8.webp 800w, https:\/\/agoravape.com\/wp-content\/uploads\/2025\/10\/Pluscig-P7-HNB-Tobacco-Heating-System-3350mAh_Agora_vape-8-600x600.webp 600w, https:\/\/agoravape.com\/wp-content\/uploads\/2025\/10\/Pluscig-P7-HNB-Tobacco-Heating-System-3350mAh_Agora_vape-8-300x300.webp 300w, https:\/\/agoravape.com\/wp-content\/uploads\/2025\/10\/Pluscig-P7-HNB-Tobacco-Heating-System-3350mAh_Agora_vape-8-150x150.webp 150w, https:\/\/agoravape.com\/wp-content\/uploads\/2025\/10\/Pluscig-P7-HNB-Tobacco-Heating-System-3350mAh_Agora_vape-8-768x767.webp 768w\" sizes=\"auto, (max-width: 800px) 100vw, 800px\" \/><\/h2>\n<h2 data-v-md-heading=\"pluscig-p7-non-combustible-tobacco-heating-system-3350mah-battery-what-are-the-highlights\" data-v-md-line=\"3\">Pluscig P7 nem \u00e9ghet\u0151 doh\u00e1nyf\u0171t\u0151 rendszer | 3350mAh akkumul\u00e1tor, mik a legfontosabb jellemz\u0151i?<\/h2>\n<p data-v-md-line=\"4\">Ha eleged van a d\u00e9li t\u00f6lt\u00e9sb\u0151l \u00e9s a felesleges be\u00e1ll\u00edt\u00e1sokkal val\u00f3 babr\u00e1l\u00e1sb\u00f3l, a Pluscig P7 lesz az ide\u00e1lis v\u00e1laszt\u00e1s. Ez egy nem \u00e9ghet\u0151 f\u0171t\u0151berendez\u00e9s, amely egyenletesen meleg\u00edti fel a cigarett\u00e1kat, lehet\u0151v\u00e9 t\u00e9ve a z\u00f6kken\u0151mentes \u00e9s stabil doh\u00e1nyz\u00e1si \u00e9lm\u00e9nyt.<\/p>\n<p data-v-md-line=\"6\">3350 mAh-s akkumul\u00e1torral van felszerelve, amely egy felt\u00f6lt\u00e9ssel 40-50 cigaretta elsz\u00edv\u00e1s\u00e1ra k\u00e9pes, \u00e9s a h\u0151t \u00e9s a haszn\u00e1lati id\u0151t az \u00d6n preferenci\u00e1i szerint \u00e1ll\u00edthatja be. Lehet, hogy \u00fagy t\u0171nik, hogy egy ilyen nagy kapacit\u00e1s\u00fa akkumul\u00e1torral felszerelt eszk\u00f6z nagy m\u00e9ret\u0171, de a P7 kompakt \u00e9s k\u00f6nny\u0171, \u00edgy k\u00f6nnyen elf\u00e9r egy kab\u00e1tzsebben. Strapab\u00edr\u00f3 PEEK+ABS anyagb\u00f3l k\u00e9sz\u00fclt, \u00e9s h\u00e1rom sz\u00ednben kaphat\u00f3: fekete, feh\u00e9r \u00e9s piros.<\/p>\n<h2 data-v-md-heading=\"excellent-performance-easy-and-convenient\" data-v-md-line=\"8\">Kiv\u00e1l\u00f3 teljes\u00edtm\u00e9ny, egyszer\u0171 \u00e9s k\u00e9nyelmes<\/h2>\n<p data-v-md-line=\"9\">A P7 nem ig\u00e9nyel gy\u00fajt\u00f3tekercset, hanem prec\u00edz h\u0151m\u00e9rs\u00e9klet-szab\u00e1lyoz\u00e1ssal gyeng\u00e9den meleg\u00edti fel a doh\u00e1nyt. 250-350 \u00b0C k\u00f6z\u00f6tti h\u0151m\u00e9rs\u00e9kletet v\u00e1laszthatsz, be\u00e1ll\u00edthatod az el\u0151meleg\u00edt\u00e9si id\u0151t (5-20 m\u00e1sodperc), majd ak\u00e1r 180-300 m\u00e1sodperces \u00e9lm\u00e9nyben lehet r\u00e9szed. Az automatikus tiszt\u00edt\u00f3 funkci\u00f3 hat\u00e9konyan megakad\u00e1lyozza a lerak\u00f3d\u00e1sokat, \u00e9s biztos\u00edtja, hogy minden egyes e-liquid \u00edze egys\u00e9ges legyen. T\u00f6lt\u00e9skor egyszer\u0171en csatlakoztasd a h\u00e1l\u00f3zati adaptert, \u00e9s k\u00f6r\u00fclbel\u00fcl 2-3 \u00f3ra alatt teljesen felt\u00f6lthet\u0151. K\u00f6nnyen kezelhet\u0151.<\/p>\n<h2 data-v-md-heading=\"specification-overview\" data-v-md-line=\"11\">Specifik\u00e1ci\u00f3 \u00e1ttekint\u00e9se<\/h2>\n<ul data-v-md-line=\"12\">\n<li>F\u00faj\u00e1sok sz\u00e1ma: az e-liquidt\u0151l f\u00fcgg\u0151en v\u00e1ltozik; Egy t\u00f6lt\u00e9s 40-50 e-liquidet k\u00e9pes t\u00e1rolni<\/li>\n<li>Nikotintartalom: a v\u00e1lasztott kompatibilis e-folyad\u00e9kt\u00f3l f\u00fcgg<\/li>\n<li>M\u0171k\u00f6d\u00e9si elv: Az el\u0151meleg\u00edt\u0151 gomb megnyom\u00e1sa ut\u00e1n l\u00e9legezzen be<\/li>\n<li>T\u00f6lt\u00e9s: USB t\u00f6lt\u00e9s; A teljes felt\u00f6lt\u00e9s k\u00f6r\u00fclbel\u00fcl 2-3 \u00f3r\u00e1t vesz ig\u00e9nybe<\/li>\n<li>\u00c1llapot: Kicsomagol\u00e1s ut\u00e1n azonnal haszn\u00e1lhat\u00f3<\/li>\n<\/ul>\n<h2 data-v-md-heading=\"for-you-for-your-business\" data-v-md-line=\"18\">\u00d6nnek, az \u00d6n v\u00e1llalkoz\u00e1s\u00e1nak<\/h2>\n<p data-v-md-line=\"19\">A Pluscig P7-et megv\u00e1s\u00e1rolhatja szem\u00e9lyes haszn\u00e1latra vagy hozz\u00e1adhatja a boltj\u00e1hoz. Nagykereskedelmi ell\u00e1t\u00e1st biztos\u00edtunk rugalmas mennyis\u00e9gekkel, \u00e9s a polc ig\u00e9nyeinek megfelel\u0151en \u00f6ssze tudjuk egyeztetni. DDP sz\u00e1ll\u00edt\u00e1si m\u00f3dszert haszn\u00e1lunk, \u00e9s egy\u00fcttm\u0171k\u00f6d\u00fcnk megb\u00edzhat\u00f3 partnerekkel, mint p\u00e9ld\u00e1ul a UPS, a DPD \u00e9s a DHL, hogy biztos\u00edtsuk, hogy a v\u00e1mon nem t\u00f6rt\u00e9nnek balesetek.<\/p>\n<p data-v-md-line=\"21\">Ha megb\u00edzhat\u00f3, nem \u00e9ghet\u0151 f\u0171t\u0151berendez\u00e9sre van sz\u00fcks\u00e9ge, \u00e9s az \u00fcgyfelek egy h\u00e9t ut\u00e1n sem viszik vissza, akkor a P7 az ide\u00e1lis v\u00e1laszt\u00e1s. K\u00f6nnyen be\u00e1ll\u00edthat\u00f3, k\u00f6nnyen tiszt\u00edthat\u00f3 \u00e9s tart\u00f3s.<\/p>\n<p data-v-md-line=\"21\"><img loading=\"lazy\" decoding=\"async\" class=\"size-full wp-image-18165 alignright\" src=\"https:\/\/agoravape.com\/wp-content\/uploads\/2025\/10\/Pluscig-P7-HNB-Tobacco-Heating-System-3350mAh_Agora_vape-7.webp\" alt=\"\" width=\"785\" height=\"785\" srcset=\"https:\/\/agoravape.com\/wp-content\/uploads\/2025\/10\/Pluscig-P7-HNB-Tobacco-Heating-System-3350mAh_Agora_vape-7.webp 785w, https:\/\/agoravape.com\/wp-content\/uploads\/2025\/10\/Pluscig-P7-HNB-Tobacco-Heating-System-3350mAh_Agora_vape-7-600x600.webp 600w, https:\/\/agoravape.com\/wp-content\/uploads\/2025\/10\/Pluscig-P7-HNB-Tobacco-Heating-System-3350mAh_Agora_vape-7-300x300.webp 300w, https:\/\/agoravape.com\/wp-content\/uploads\/2025\/10\/Pluscig-P7-HNB-Tobacco-Heating-System-3350mAh_Agora_vape-7-150x150.webp 150w, https:\/\/agoravape.com\/wp-content\/uploads\/2025\/10\/Pluscig-P7-HNB-Tobacco-Heating-System-3350mAh_Agora_vape-7-768x768.webp 768w\" sizes=\"auto, (max-width: 785px) 100vw, 785px\" \/><\/p>\n<h2 data-v-md-heading=\"why-do-you-like-it\" data-v-md-line=\"23\">Mi\u00e9rt tetszik?<\/h2>\n<ul data-v-md-line=\"24\">\n<li>Ultra hossz\u00fa akkumul\u00e1tor-\u00fczemid\u0151: 3350 mAh-s akkumul\u00e1tor, t\u00f6lt\u00e9senk\u00e9nt 40-50 egys\u00e9get k\u00e9pes haszn\u00e1lni, \u00edgy kevesebbet kell t\u00f6lteni, \u00e9s t\u00f6bbet \u00e9lvezhet.<\/li>\n<li>\u00c1ll\u00edthat\u00f3 h\u0151m\u00e9rs\u00e9klet: 250-350 \u00b0C, illeszkedik kedvenc cigarett\u00e1ihoz \u00e9s \u00edzeihez<\/li>\n<li>Tiszt\u00e1bb felhaszn\u00e1l\u00f3i \u00e9lm\u00e9ny: Az automatikus tiszt\u00edt\u00e1si funkci\u00f3 seg\u00edt fenntartani a stabil teljes\u00edtm\u00e9nyt tov\u00e1bbi m\u0171veletek n\u00e9lk\u00fcl.<\/li>\n<li>Hordozhat\u00f3 kialak\u00edt\u00e1s: A m\u00e9rete 110 \u00d7 23 \u00d7 33 millim\u00e9ter, s\u00falya mind\u00f6ssze 85,2 gramm, \u00edgy k\u00f6nnyen hordozhat\u00f3<\/li>\n<\/ul>\n<h2 data-v-md-heading=\"why-choose-to-collaborate-with-agoravape\" data-v-md-line=\"29\">Mi\u00e9rt \u00e9rdemes az AgoraVape-pel egy\u00fcttm\u0171k\u00f6dni?<\/h2>\n<p data-v-md-line=\"30\">Kiz\u00e1r\u00f3lag 100%-ban eredeti term\u00e9keket forgalmazunk, \u00e9s garant\u00e1ljuk a sz\u00e1ll\u00edtott term\u00e9kek min\u0151s\u00e9g\u00e9t. V\u00e1llalati v\u00e1s\u00e1rl\u00f3k sz\u00e1m\u00e1ra ez azt jelenti, hogy a Pluscig P7 HNB f\u0171t\u00f6tt, nem \u00e9ghet\u0151 doh\u00e1nyrendszer versenyk\u00e9pes nagykereskedelmi \u00e1rakat, \u00e1tl\u00e1that\u00f3 m\u0171szaki t\u00e1mogat\u00e1st \u00e9s gyors DDP kisz\u00e1ll\u00edt\u00e1si szolg\u00e1ltat\u00e1sokat k\u00edn\u00e1l Eur\u00f3pa-szerte. L\u00e9pjen kapcsolatba vel\u00fcnk, hogy megtudja, hogyan hozhat l\u00e9tre val\u00f3ban megb\u00edzhat\u00f3 eszk\u00f6zt \u00fcgyfelei sz\u00e1m\u00e1ra.<\/p>","protected":false},"excerpt":{"rendered":"<p>Pluscig P7 non combustible tobacco heating system | 3350mAh battery, what are the highlights? If you\u2019re tired of charging at<\/p>","protected":false},"featured_media":18164,"comment_status":"open","ping_status":"closed","template":"","meta":[],"product_brand":[239],"product_cat":[124,165,166,191,178,173,190],"product_tag":[],"class_list":{"0":"post-18156","1":"product","2":"type-product","3":"status-publish","4":"has-post-thumbnail","6":"product_brand-pluscig","7":"product_cat-vape-by-brand","8":"product_cat-lavie","9":"product_cat-pluscig","10":"product_cat-rechargeable-disposables","11":"product_cat-tobacco","12":"product_cat-vape-by-flavor-profile","13":"product_cat-vape-by-feature-or-type","15":"first","16":"instock","17":"shipping-taxable","18":"purchasable","19":"product-type-variable","20":"has-default-attributes"},"tiered_pricing_type":"percentage","tiered_pricing_fixed_rules":[],"tiered_pricing_product_settings":{"layout":"default","base_unit_name":{"singular":null,"plural":null},"default_variation":null},"tiered_pricing_minimum_quantity":50,"tiered_pricing_roles_data":[],"tiered_pricing_percentage_rules":{"100":"40","200":"44","500":"47","1000":"49"},"tiered_pricing_maximum_quantity":null,"tiered_pricing_quantity_step":"10","_links":{"self":[{"href":"https:\/\/agoravape.com\/hu\/wp-json\/wp\/v2\/product\/18156","targetHints":{"allow":["GET"]}}],"collection":[{"href":"https:\/\/agoravape.com\/hu\/wp-json\/wp\/v2\/product"}],"about":[{"href":"https:\/\/agoravape.com\/hu\/wp-json\/wp\/v2\/types\/product"}],"replies":[{"embeddable":true,"href":"https:\/\/agoravape.com\/hu\/wp-json\/wp\/v2\/comments?post=18156"}],"version-history":[{"count":1,"href":"https:\/\/agoravape.com\/hu\/wp-json\/wp\/v2\/product\/18156\/revisions"}],"predecessor-version":[{"id":29806,"href":"https:\/\/agoravape.com\/hu\/wp-json\/wp\/v2\/product\/18156\/revisions\/29806"}],"wp:featuredmedia":[{"embeddable":true,"href":"https:\/\/agoravape.com\/hu\/wp-json\/wp\/v2\/media\/18164"}],"wp:attachment":[{"href":"https:\/\/agoravape.com\/hu\/wp-json\/wp\/v2\/media?parent=18156"}],"wp:term":[{"taxonomy":"product_brand","embeddable":true,"href":"https:\/\/agoravape.com\/hu\/wp-json\/wp\/v2\/product_brand?post=18156"},{"taxonomy":"product_cat","embeddable":true,"href":"https:\/\/agoravape.com\/hu\/wp-json\/wp\/v2\/product_cat?post=18156"},{"taxonomy":"product_tag","embeddable":true,"href":"https:\/\/agoravape.com\/hu\/wp-json\/wp\/v2\/product_tag?post=18156"}],"curies":[{"name":"wp","href":"https:\/\/api.w.org\/{rel}","templated":true}]}}