{"id":18177,"date":"2025-10-20T14:18:04","date_gmt":"2025-10-20T06:18:04","guid":{"rendered":"https:\/\/green-grasshopper-921422.hostingersite.com\/?post_type=product&#038;p=18177"},"modified":"2026-02-22T15:15:24","modified_gmt":"2026-02-22T14:15:24","slug":"bimo-40k-40000-puff-cserelheto-pod","status":"publish","type":"product","link":"https:\/\/agoravape.com\/hu\/product\/bimo-40k-40000-puffs-replaceable-pod\/","title":{"rendered":"BIMO 40K Puffs Cser\u00e9lhet\u0151 Pod Rendszer Vape | Hosszantart\u00f3 \u00cdz, Egyszer\u0171 Csere"},"content":{"rendered":"<h2 data-v-md-heading=\"what-is-special-about-agoravape-a-bimo-40k-interchangeable-cigarette-cartridge-system-vape\" data-v-md-line=\"3\"><img loading=\"lazy\" decoding=\"async\" class=\"aligncenter size-full wp-image-18175\" src=\"https:\/\/agoravape.com\/wp-content\/uploads\/2025\/10\/BIMO-40k-40000-Puffs-Replaceable-Pod-Vape-Buy-Vapes_Agora_vape-2.webp\" alt=\"\" width=\"1920\" height=\"1080\" srcset=\"https:\/\/agoravape.com\/wp-content\/uploads\/2025\/10\/BIMO-40k-40000-Puffs-Replaceable-Pod-Vape-Buy-Vapes_Agora_vape-2.webp 1920w, https:\/\/agoravape.com\/wp-content\/uploads\/2025\/10\/BIMO-40k-40000-Puffs-Replaceable-Pod-Vape-Buy-Vapes_Agora_vape-2-1200x675.webp 1200w, https:\/\/agoravape.com\/wp-content\/uploads\/2025\/10\/BIMO-40k-40000-Puffs-Replaceable-Pod-Vape-Buy-Vapes_Agora_vape-2-300x169.webp 300w, https:\/\/agoravape.com\/wp-content\/uploads\/2025\/10\/BIMO-40k-40000-Puffs-Replaceable-Pod-Vape-Buy-Vapes_Agora_vape-2-1024x576.webp 1024w, https:\/\/agoravape.com\/wp-content\/uploads\/2025\/10\/BIMO-40k-40000-Puffs-Replaceable-Pod-Vape-Buy-Vapes_Agora_vape-2-768x432.webp 768w, https:\/\/agoravape.com\/wp-content\/uploads\/2025\/10\/BIMO-40k-40000-Puffs-Replaceable-Pod-Vape-Buy-Vapes_Agora_vape-2-1536x864.webp 1536w\" sizes=\"auto, (max-width: 1920px) 100vw, 1920px\" \/><\/h2>\n<h2 data-v-md-heading=\"what-is-special-about-agoravape-a-bimo-40k-interchangeable-cigarette-cartridge-system-vape\" data-v-md-line=\"3\">Mi a k\u00fcl\u00f6nleges az AgoraVape-ben, egy BIMO 40K cser\u00e9lhet\u0151 cigarettapatronos vape-ben?<\/h2>\n<p data-v-md-line=\"4\">Ha belef\u00e1radt\u00e1l a h\u00e9tv\u00e9ge el\u0151tti eldobhat\u00f3 cigarettapatronok haszn\u00e1lat\u00e1ba, ez a term\u00e9k garant\u00e1ltan felfriss\u00edti a megjelen\u00e9sedet. A BIMO cser\u00e9lhet\u0151 patronrendszere \u00fajrat\u00f6lthet\u0151 talppal van felszerelve, \u00edgy k\u00f6nnyed\u00e9n cser\u00e9lheted a patronokat, \u00e9s ak\u00e1r 40 000 patront is k\u00e9pes befogadni. Nincs sz\u00fcks\u00e9g er\u0151fesz\u00edt\u00e9sre, nincs sz\u00fcks\u00e9g tal\u00e1lgat\u00e1sra. Stabil \u00edz \u00e9s k\u00e9nyelmes felhaszn\u00e1l\u00f3i \u00e9lm\u00e9ny.<\/p>\n<p data-v-md-line=\"6\">B\u00e1rkinek megfelel\u0151, aki megb\u00edzhat\u00f3, finom \u00e9s gyakori cser\u00e9t nem ig\u00e9nyl\u0151 vape-eket szeretne. Csak fel kell helyezni a cigarettapatront, \u00e9lvezni a tiszta h\u00e1l\u00f3s tekercset, majd sz\u00fcks\u00e9g eset\u00e9n felt\u00f6lteni az alapot. Gondoljon a mindennapi k\u00e9nyelemre \u00e9s a hossz\u00fa akkumul\u00e1tor-\u00fczemid\u0151re.<\/p>\n<h2 data-v-md-heading=\"excellent-performance-easy-and-convenient\" data-v-md-line=\"8\">Kiv\u00e1l\u00f3 teljes\u00edtm\u00e9ny, egyszer\u0171 \u00e9s k\u00e9nyelmes<\/h2>\n<p data-v-md-line=\"9\">A BIMO rendszer lelke az 1+1 h\u00e1l\u00f3s porlaszt\u00f3mag, \u00edgy minden sz\u00edv\u00e1s ugyanolyan finom, mint az els\u0151. Az \u00edze \u00e1lland\u00f3 marad, sima \u00e9s \u00e1raml\u00f3 f\u00fcsttel. Ha az akkumul\u00e1tor lemer\u00fcl\u0151ben van, egyszer\u0171en t\u00f6ltse fel az alapot a tov\u00e1bbi haszn\u00e1lathoz. A patronok cser\u00e9lhet\u0151k, \u00edgy hossz\u00fa ideig \u00e9lvezheti az akkumul\u00e1tor \u00e9lettartam\u00e1t an\u00e9lk\u00fcl, hogy minden alkalommal teli patront kellene kidobnia.<\/p>\n<h2 data-v-md-heading=\"specification-overview\" data-v-md-line=\"11\">Specifik\u00e1ci\u00f3 \u00e1ttekint\u00e9se<\/h2>\n<p data-v-md-line=\"12\"><strong>Suction frequency<\/strong>ak\u00e1r 40 000 alkalommal<br \/>\n<strong>Nicotine<\/strong>2% (20 mg) vagy 5% (50 mg)<br \/>\n<strong>M\u0171k\u00f6d\u00e9si elv<\/strong>cser\u00e9lhet\u0151 patronrendszer; K\u00f6nnyen bel\u00e9legezhet\u0151 g\u0151z\u00f6k<br \/>\n<strong>T\u00f6lt\u00e9s:<\/strong>\u00a0\u00dajrat\u00f6lthet\u0151 akkumul\u00e1tor talp<br \/>\n<strong>Tekercs:<\/strong>\u00a01+1 h\u00e1l\u00f3s tekercs, 1,1 \u03a9<br \/>\n<strong>e-folyad\u00e9k kapacit\u00e1s:<\/strong>\u00a026 milliliter patrononk\u00e9nt<br \/>\n<strong>Akkumul\u00e1tor:<\/strong>\u00a01000mAh+450mAh<br \/>\n<strong>\u00c1llapot:<\/strong>\u00a0A dobozb\u00f3l kiv\u00e9ve azonnal haszn\u00e1latra k\u00e9sz<\/p>\n<h2 data-v-md-heading=\"full-range-of-flavors\" data-v-md-line=\"21\">Full range of flavors<\/h2>\n<ul data-v-md-line=\"22\">\n<li>K\u00f3kuszliget illat<\/li>\n<li>Eper-mang\u00f3<\/li>\n<li>Eper kivi<\/li>\n<li>Sz\u0151l\u0151<\/li>\n<li>R\u00f3zsasz\u00edn citrom<\/li>\n<li>G\u00f6r\u00f6gdinnye j\u00e9g<\/li>\n<li>Savany\u00fa alma<\/li>\n<li>Narancsl\u00e9 sz\u00f3da<\/li>\n<li>Gr\u00e1n\u00e1talma m\u00e1lna<\/li>\n<li>H\u00e1rmas bogy\u00f3<\/li>\n<li>Pomelo mint<\/li>\n<li>K\u00e9k j\u00e9gp\u00e1lya<\/li>\n<\/ul>\n<p><img loading=\"lazy\" decoding=\"async\" class=\"aligncenter size-full wp-image-18176\" src=\"https:\/\/agoravape.com\/wp-content\/uploads\/2025\/10\/BIMO-40k-40000-Puffs-Replaceable-Pod-Vape-Buy-Vapes_Agora_vape-3.webp\" alt=\"\" width=\"1920\" height=\"1080\" srcset=\"https:\/\/agoravape.com\/wp-content\/uploads\/2025\/10\/BIMO-40k-40000-Puffs-Replaceable-Pod-Vape-Buy-Vapes_Agora_vape-3.webp 1920w, https:\/\/agoravape.com\/wp-content\/uploads\/2025\/10\/BIMO-40k-40000-Puffs-Replaceable-Pod-Vape-Buy-Vapes_Agora_vape-3-1200x675.webp 1200w, https:\/\/agoravape.com\/wp-content\/uploads\/2025\/10\/BIMO-40k-40000-Puffs-Replaceable-Pod-Vape-Buy-Vapes_Agora_vape-3-300x169.webp 300w, https:\/\/agoravape.com\/wp-content\/uploads\/2025\/10\/BIMO-40k-40000-Puffs-Replaceable-Pod-Vape-Buy-Vapes_Agora_vape-3-1024x576.webp 1024w, https:\/\/agoravape.com\/wp-content\/uploads\/2025\/10\/BIMO-40k-40000-Puffs-Replaceable-Pod-Vape-Buy-Vapes_Agora_vape-3-768x432.webp 768w, https:\/\/agoravape.com\/wp-content\/uploads\/2025\/10\/BIMO-40k-40000-Puffs-Replaceable-Pod-Vape-Buy-Vapes_Agora_vape-3-1536x864.webp 1536w\" sizes=\"auto, (max-width: 1920px) 100vw, 1920px\" \/><\/p>\n<h2 data-v-md-heading=\"for-you-and-your-business\" data-v-md-line=\"35\">\u00d6nnek \u00e9s v\u00e1llalkoz\u00e1s\u00e1nak<\/h2>\n<p data-v-md-line=\"36\">A BIMO 40K cser\u00e9lhet\u0151, sz\u00edv\u00f3fejes patronrendszert v\u00e1laszthatja szem\u00e9lyes haszn\u00e1latra, vagy megv\u00e1s\u00e1rolhatja \u00fczlet\u00e9be. A nagykereskedelmi doboz 100 darabot tartalmaz, \u00edgy k\u00e9nyelmesen tervezheti \u00e9s ut\u00e1nrendelheti a term\u00e9keket. Az akkumul\u00e1tortart\u00f3 \u00e9s a f\u00fcstpatronok k\u00fcl\u00f6n-k\u00fcl\u00f6n vannak csomagolva, dobozonk\u00e9nt 100 darabbal, \u00edgy k\u00f6nnyen kezelheti a k\u00e9szletet.<\/p>\n<p data-v-md-line=\"38\">Eur\u00f3pa k\u00fcl\u00f6nb\u00f6z\u0151 r\u00e9szeire sz\u00e1ll\u00edtunk megb\u00edzhat\u00f3 fuvaroz\u00f3kon, p\u00e9ld\u00e1ul UPS-en, DPD-n \u00e9s DHL-en kereszt\u00fcl, DDP (Delivery Duty Paid) alapon. Rendel\u00e9s\u00e9t a v\u00e1mhat\u00f3s\u00e1g feldolgozza a biztons\u00e1gos k\u00e9zbes\u00edt\u00e9s \u00e9s a balesetek elker\u00fcl\u00e9se \u00e9rdek\u00e9ben.<\/p>\n<h2 data-v-md-heading=\"why-do-you-like-it\" data-v-md-line=\"40\">Mi\u00e9rt tetszik?<\/h2>\n<p data-v-md-line=\"41\"><strong>T\u00f6bb sz\u00edv\u00e1si ciklus:<\/strong>\u00a0Hosszabb id\u0151tartam\u00fa, \u00edgy nem kell gyakran \u00faj k\u00e9szleteket v\u00e1s\u00e1rolni.<br \/>\n<strong>Nicotine selection:<\/strong>\u00a0V\u00e1lasszon 2% vagy 5%-os nikotintartalmat a napi sz\u00fcks\u00e9gletei alapj\u00e1n.<br \/>\n<strong>\u00dajrat\u00f6lthet\u0151 talp:<\/strong>\u00a0Az \u00f6sszes megv\u00e1s\u00e1rolt e-liquidet haszn\u00e1lhatod.<br \/>\n<strong>H\u00e1l\u00f3s porlaszt\u00f3 mag:<\/strong>\u00a0Folyamatos \u00e9s stabil \u00edz \u00e9s sima f\u00fcst, falatr\u00f3l falatra.<br \/>\n<strong>Cser\u00e9lhet\u0151 patron:<\/strong>\u00a0Az \u00edzek a teljes eszk\u00f6z cser\u00e9je n\u00e9lk\u00fcl is m\u00f3dos\u00edthat\u00f3k.<\/p>\n<h2 data-v-md-heading=\"why-collaborate-with-agoravape\" data-v-md-line=\"47\">Mi\u00e9rt \u00e9rdemes az AgoraVape-pel egy\u00fcttm\u0171k\u00f6dni?<\/h2>\n<p data-v-md-line=\"48\">Kiz\u00e1r\u00f3lag eredeti \u00e9s megb\u00edzhat\u00f3 berendez\u00e9seket forgalmazunk. Ez azt jelenti, hogy megb\u00edzhat megb\u00edzhat\u00f3 teljes\u00edtm\u00e9ny\u00fcnkben. V\u00e1llalati v\u00e1s\u00e1rl\u00f3ink \u200b\u200bsz\u00e1m\u00e1ra versenyk\u00e9pes nagykereskedelmi \u00e1rakat, gyors reag\u00e1l\u00e1s\u00fa t\u00e1mogat\u00e1st \u00e9s gyors, ad\u00f3k\u00f6teles sz\u00e1ll\u00edt\u00e1st k\u00edn\u00e1lunk Eur\u00f3pa-szerte a BIMO 40K cser\u00e9lhet\u0151 patronos rendszer\u0171 vape-ekhez. L\u00e9pjen kapcsolatba vel\u00fcnk, hogy olyan eszk\u00f6zt k\u00e9sz\u00edthess\u00fcnk, amelyet \u00fcgyfelei val\u00f3ban szeretnek.<\/p>\n<p data-v-md-line=\"48\"><img loading=\"lazy\" decoding=\"async\" class=\"aligncenter size-full wp-image-18174\" src=\"https:\/\/agoravape.com\/wp-content\/uploads\/2025\/10\/BIMO-40k-40000-Puffs-Replaceable-Pod-Vape-Buy-Vapes_Agora_vape-1.webp\" alt=\"\" width=\"1920\" height=\"1080\" srcset=\"https:\/\/agoravape.com\/wp-content\/uploads\/2025\/10\/BIMO-40k-40000-Puffs-Replaceable-Pod-Vape-Buy-Vapes_Agora_vape-1.webp 1920w, https:\/\/agoravape.com\/wp-content\/uploads\/2025\/10\/BIMO-40k-40000-Puffs-Replaceable-Pod-Vape-Buy-Vapes_Agora_vape-1-1200x675.webp 1200w, https:\/\/agoravape.com\/wp-content\/uploads\/2025\/10\/BIMO-40k-40000-Puffs-Replaceable-Pod-Vape-Buy-Vapes_Agora_vape-1-300x169.webp 300w, https:\/\/agoravape.com\/wp-content\/uploads\/2025\/10\/BIMO-40k-40000-Puffs-Replaceable-Pod-Vape-Buy-Vapes_Agora_vape-1-1024x576.webp 1024w, https:\/\/agoravape.com\/wp-content\/uploads\/2025\/10\/BIMO-40k-40000-Puffs-Replaceable-Pod-Vape-Buy-Vapes_Agora_vape-1-768x432.webp 768w, https:\/\/agoravape.com\/wp-content\/uploads\/2025\/10\/BIMO-40k-40000-Puffs-Replaceable-Pod-Vape-Buy-Vapes_Agora_vape-1-1536x864.webp 1536w\" sizes=\"auto, (max-width: 1920px) 100vw, 1920px\" \/><\/p>","protected":false},"excerpt":{"rendered":"<p>&nbsp;<\/p>\n<p><script src=\"chrome-extension:\/\/fpelahbljekknahkcaegamhcndkfpfnc\/iFrame.js\" type=\"text\/javascript\"><\/script><\/p>\n<p><script src=\"chrome-extension:\/\/fpelahbljekknahkcaegamhcndkfpfnc\/iFrame.js\" type=\"text\/javascript\"><\/script><\/p>\n<p><script src=\"chrome-extension:\/\/fpelahbljekknahkcaegamhcndkfpfnc\/iFrame.js\" type=\"text\/javascript\"><\/script><\/p>\n<p><script src=\"chrome-extension:\/\/fpelahbljekknahkcaegamhcndkfpfnc\/iFrame.js\" type=\"text\/javascript\"><\/script><\/p>\n<p><script src=\"chrome-extension:\/\/fpelahbljekknahkcaegamhcndkfpfnc\/iFrame.js\" type=\"text\/javascript\"><\/script><\/p>\n<p><script src=\"chrome-extension:\/\/fpelahbljekknahkcaegamhcndkfpfnc\/iFrame.js\" type=\"text\/javascript\"><\/script><\/p>\n<p><script src=\"chrome-extension:\/\/fpelahbljekknahkcaegamhcndkfpfnc\/iFrame.js\" type=\"text\/javascript\"><\/script><\/p>\n<p><script src=\"chrome-extension:\/\/fpelahbljekknahkcaegamhcndkfpfnc\/iFrame.js\" type=\"text\/javascript\"><\/script><\/p>\n<p><script src=\"chrome-extension:\/\/fpelahbljekknahkcaegamhcndkfpfnc\/iFrame.js\" type=\"text\/javascript\"><\/script><\/p>\n<p><script src=\"chrome-extension:\/\/fpelahbljekknahkcaegamhcndkfpfnc\/iFrame.js\" type=\"text\/javascript\"><\/script><\/p>\n<p><script src=\"chrome-extension:\/\/fpelahbljekknahkcaegamhcndkfpfnc\/iFrame.js\" type=\"text\/javascript\"><\/script><\/p>\n<p><script src=\"chrome-extension:\/\/fpelahbljekknahkcaegamhcndkfpfnc\/iFrame.js\" type=\"text\/javascript\"><\/script><\/p>\n<p><script src=\"chrome-extension:\/\/fpelahbljekknahkcaegamhcndkfpfnc\/iFrame.js\" type=\"text\/javascript\"><\/script><\/p>\n<p><script src=\"chrome-extension:\/\/fpelahbljekknahkcaegamhcndkfpfnc\/iFrame.js\" type=\"text\/javascript\"><\/script><\/p>\n<p><script src=\"chrome-extension:\/\/fpelahbljekknahkcaegamhcndkfpfnc\/iFrame.js\" type=\"text\/javascript\"><\/script><\/p>\n<p><script src=\"chrome-extension:\/\/fpelahbljekknahkcaegamhcndkfpfnc\/iFrame.js\" type=\"text\/javascript\"><\/script><\/p>\n<p><script src=\"chrome-extension:\/\/fpelahbljekknahkcaegamhcndkfpfnc\/iFrame.js\" type=\"text\/javascript\"><\/script><\/p>\n<p><script src=\"chrome-extension:\/\/fpelahbljekknahkcaegamhcndkfpfnc\/iFrame.js\" type=\"text\/javascript\"><\/script><\/p>","protected":false},"featured_media":18200,"comment_status":"open","ping_status":"closed","template":"","meta":[],"product_brand":[241],"product_cat":[124,185,189,176,168,174,175,193,191,173,186,180,190],"product_tag":[],"class_list":{"0":"post-18177","1":"product","2":"type-product","3":"status-publish","4":"has-post-thumbnail","6":"product_brand-bimo","7":"product_cat-vape-by-brand","8":"product_cat-10000-puffs-high-capacity","9":"product_cat-20mg-standard-nicotine-vapes","10":"product_cat-beverage","11":"product_cat-bimo","12":"product_cat-fruit-flavors","13":"product_cat-icy-mint","14":"product_cat-mesh-coil","15":"product_cat-rechargeable-disposables","16":"product_cat-vape-by-flavor-profile","17":"product_cat-vape-by-nicotine-strength","18":"product_cat-vape-by-puff-count","19":"product_cat-vape-by-feature-or-type","21":"first","22":"instock","23":"shipping-taxable","24":"purchasable","25":"product-type-variable","26":"has-default-attributes"},"tiered_pricing_type":"percentage","tiered_pricing_fixed_rules":[],"tiered_pricing_product_settings":{"layout":"default","base_unit_name":{"singular":null,"plural":null},"default_variation":null},"tiered_pricing_minimum_quantity":10,"tiered_pricing_roles_data":[],"tiered_pricing_percentage_rules":{"30":"29","50":"35","100":"40","200":"44","500":"47","1000":"49"},"tiered_pricing_maximum_quantity":null,"tiered_pricing_quantity_step":"10","_links":{"self":[{"href":"https:\/\/agoravape.com\/hu\/wp-json\/wp\/v2\/product\/18177","targetHints":{"allow":["GET"]}}],"collection":[{"href":"https:\/\/agoravape.com\/hu\/wp-json\/wp\/v2\/product"}],"about":[{"href":"https:\/\/agoravape.com\/hu\/wp-json\/wp\/v2\/types\/product"}],"replies":[{"embeddable":true,"href":"https:\/\/agoravape.com\/hu\/wp-json\/wp\/v2\/comments?post=18177"}],"version-history":[{"count":0,"href":"https:\/\/agoravape.com\/hu\/wp-json\/wp\/v2\/product\/18177\/revisions"}],"wp:featuredmedia":[{"embeddable":true,"href":"https:\/\/agoravape.com\/hu\/wp-json\/wp\/v2\/media\/18200"}],"wp:attachment":[{"href":"https:\/\/agoravape.com\/hu\/wp-json\/wp\/v2\/media?parent=18177"}],"wp:term":[{"taxonomy":"product_brand","embeddable":true,"href":"https:\/\/agoravape.com\/hu\/wp-json\/wp\/v2\/product_brand?post=18177"},{"taxonomy":"product_cat","embeddable":true,"href":"https:\/\/agoravape.com\/hu\/wp-json\/wp\/v2\/product_cat?post=18177"},{"taxonomy":"product_tag","embeddable":true,"href":"https:\/\/agoravape.com\/hu\/wp-json\/wp\/v2\/product_tag?post=18177"}],"curies":[{"name":"wp","href":"https:\/\/api.w.org\/{rel}","templated":true}]}}