{"id":18364,"date":"2025-10-20T18:36:01","date_gmt":"2025-10-20T10:36:01","guid":{"rendered":"https:\/\/green-grasshopper-921422.hostingersite.com\/?post_type=product&#038;p=18364"},"modified":"2026-01-30T17:09:26","modified_gmt":"2026-01-30T09:09:26","slug":"uwin-shisha-vizipipa-kristaly-20000-vape","status":"publish","type":"product","link":"https:\/\/agoravape.com\/hu\/product\/uwin-shisha-hookah-crystal-20000-vape\/","title":{"rendered":"Uwin Shisha Hookah Crystal 20K DTL Eldobhat\u00f3 E-cigaretta | Hatalmas DTL Felh\u0151k. Nulla Felhajt\u00e1s."},"content":{"rendered":"<h2 data-v-md-heading=\"what-is-special-about-the-uwin-crystal-20k-dtl-disposable-vape\" data-v-md-line=\"3\">Mi a k\u00fcl\u00f6nleges az Uwin Crystal 20K DTL eldobhat\u00f3 vape-ben?<\/h2>\n<p data-v-md-line=\"4\">Ha tart\u00f3s \u00e9s hossz\u00fa \u00e9lettartam\u00fa vape-t keresel, \u00e9rdemes megfontolnod ezt a term\u00e9ket. Az Uwin Crystal 20K egy eldobhat\u00f3 vape, amelyet k\u00f6zvetlen\u00fcl a t\u00fcd\u0151be kell bel\u00e9legezni. Gazdag \u00edz\u0171, telt f\u00fcsttel \u00e9s autentikus v\u00edzipipa st\u00edlussal rendelkezik. Nincs sz\u00fcks\u00e9g be\u00e1ll\u00edt\u00e1sokra, nincs sz\u00fcks\u00e9g gombokra, csak l\u00e9legezd be az \u00e9lvezethez.<\/p>\n<p data-v-md-line=\"6\">B\u00e1rkinek alkalmas, aki sima DTL sz\u00edv\u00e1si \u00e9lm\u00e9nyre v\u00e1gyik an\u00e9lk\u00fcl, hogy tartal\u00e9k k\u00e9sz\u00fcl\u00e9ket cipelne mag\u00e1val. Ha \u00e9lvezi a v\u00edzipipa \u00edz\u00e9t, \u00e9s az els\u0151 kortyt\u00f3l az utols\u00f3ig egyenletes \u00edzvil\u00e1gra v\u00e1gyik, akkor ez az ide\u00e1lis v\u00e1laszt\u00e1s.<\/p>\n<h2 data-v-md-heading=\"excellent-performance-easy-and-convenient\" data-v-md-line=\"8\">Kiv\u00e1l\u00f3 teljes\u00edtm\u00e9ny, egyszer\u0171 \u00e9s k\u00e9nyelmes<\/h2>\n<p data-v-md-line=\"9\">A Crystal 20K magja egy h\u00e1l\u00f3s tekercset haszn\u00e1l, hogy minden falat tiszta \u00e9s \u00e1lland\u00f3 \u00edz\u0171 legyen. A 850 mAh-s \u00fajrat\u00f6lthet\u0151 akkumul\u00e1tor nagy mennyis\u00e9g\u0171 e-liquid t\u00e1rol\u00e1si ig\u00e9nyeit is kiel\u00e9g\u00edti, \u00edgy egy csepp sem v\u00e9sz k\u00e1rba. Ha az akkumul\u00e1tor lemer\u00fcl\u0151ben van, a megl\u00e9v\u0151 Type-C adatk\u00e1bellel felt\u00f6ltheted. Azt gondolhatod, hogy egy ennyi sz\u00edv\u00e1si ciklussal rendelkez\u0151 DTL eszk\u00f6z bonyolult be\u00e1ll\u00edt\u00e1sokat ig\u00e9nyel, de a val\u00f3s\u00e1gban nem az. Egyszer\u0171en sz\u00edv\u00e1s ut\u00e1n haszn\u00e1lhat\u00f3.<\/p>\n<h2 data-v-md-heading=\"specification-introduction\" data-v-md-line=\"11\">Specifik\u00e1ci\u00f3 Bevezet\u00e9s<\/h2>\n<ul data-v-md-line=\"12\">\n<li>Sz\u00edv\u00e1s gyakoris\u00e1ga: ak\u00e1r 20000-szer<\/li>\n<li>Nikotintartalom: 0%, 2%, 3% vagy 5%<\/li>\n<li>M\u0171k\u00f6d\u00e9si elv: Egyetlen f\u00faj\u00e1ssal aktiv\u00e1lhat\u00f3<\/li>\n<li>Charging: Standard Type-C USB interface<\/li>\n<li>\u00c1llapot: Kicsomagol\u00e1s ut\u00e1n azonnal haszn\u00e1lhat\u00f3<\/li>\n<\/ul>\n<h2 data-v-md-heading=\"full-range-of-flavors\" data-v-md-line=\"18\">Full range of flavors<\/h2>\n<ul data-v-md-line=\"19\">\n<li>Jeges \u00e1fonya<\/li>\n<li>Kiwi, maracuja, guava<\/li>\n<li>Eper kivi<\/li>\n<li>Vegyes bogy\u00f3s gy\u00fcm\u00f6lcs\u00f6k<\/li>\n<li>Eper g\u00f6r\u00f6gdinnye<\/li>\n<li>Sz\u0151l\u0151fagylalt<\/li>\n<li>G\u00f6r\u00f6gdinnye j\u00e9g<\/li>\n<li>Cseresznyefagylalt<\/li>\n<li>Eperfagylalt<\/li>\n<li>\u0150szibarack j\u00e9g<\/li>\n<li>\u00c1fonya \u00e9s m\u00e1lna<\/li>\n<li>Love 66 (maracuja dinnyefagylalt)<\/li>\n<\/ul>\n<p><img loading=\"lazy\" decoding=\"async\" class=\"aligncenter size-full wp-image-18363\" src=\"https:\/\/agoravape.com\/wp-content\/uploads\/2025\/10\/Uwin-SHISHA-HOOKAH-Crystal-20k-Puffs-DTL-Disposable-Vape_Agora_vape-1-scaled.webp\" alt=\"\" width=\"2560\" height=\"2047\" srcset=\"https:\/\/agoravape.com\/wp-content\/uploads\/2025\/10\/Uwin-SHISHA-HOOKAH-Crystal-20k-Puffs-DTL-Disposable-Vape_Agora_vape-1-scaled.webp 2560w, https:\/\/agoravape.com\/wp-content\/uploads\/2025\/10\/Uwin-SHISHA-HOOKAH-Crystal-20k-Puffs-DTL-Disposable-Vape_Agora_vape-1-scaled-1200x960.webp 1200w, https:\/\/agoravape.com\/wp-content\/uploads\/2025\/10\/Uwin-SHISHA-HOOKAH-Crystal-20k-Puffs-DTL-Disposable-Vape_Agora_vape-1-300x240.webp 300w, https:\/\/agoravape.com\/wp-content\/uploads\/2025\/10\/Uwin-SHISHA-HOOKAH-Crystal-20k-Puffs-DTL-Disposable-Vape_Agora_vape-1-1024x819.webp 1024w, https:\/\/agoravape.com\/wp-content\/uploads\/2025\/10\/Uwin-SHISHA-HOOKAH-Crystal-20k-Puffs-DTL-Disposable-Vape_Agora_vape-1-768x614.webp 768w, https:\/\/agoravape.com\/wp-content\/uploads\/2025\/10\/Uwin-SHISHA-HOOKAH-Crystal-20k-Puffs-DTL-Disposable-Vape_Agora_vape-1-1536x1228.webp 1536w, https:\/\/agoravape.com\/wp-content\/uploads\/2025\/10\/Uwin-SHISHA-HOOKAH-Crystal-20k-Puffs-DTL-Disposable-Vape_Agora_vape-1-2048x1638.webp 2048w\" sizes=\"auto, (max-width: 2560px) 100vw, 2560px\" \/><\/p>\n<h2 data-v-md-heading=\"to-create-for-you-and-your-business\" data-v-md-line=\"32\">Alkotni \u00d6nnek \u00e9s v\u00e1llalkoz\u00e1s\u00e1nak<\/h2>\n<p data-v-md-line=\"33\">Saj\u00e1t r\u00e9szre v\u00e1s\u00e1rolni nagyon egyszer\u0171. V\u00e1laszd ki a k\u00edv\u00e1nt \u00edzt \u00e9s nikotinkoncentr\u00e1ci\u00f3t, majd t\u00f6ltsd fel sz\u00fcks\u00e9g szerint, hogy hetekig \u00e9lvezhesd a DTL \u00f6r\u00f6m\u00f6t.<\/p>\n<p data-v-md-line=\"35\">Az \u00fczletbe val\u00f3 felk\u00e9sz\u00fcl\u00e9s ugyanilyen egyszer\u0171. Uwin Shisha Hookah Crystal 20K DTL eldobhat\u00f3 vape, dobozonk\u00e9nt 10 db, dobozonk\u00e9nt 200 db. DDP-vel sz\u00e1ll\u00edtunk megb\u00edzhat\u00f3 fuvaroz\u00f3kon, p\u00e9ld\u00e1ul UPS-en, DPD-n \u00e9s DHL-en kereszt\u00fcl, \u00edgy a v\u00e1mtarif\u00e1k el\u0151re feldolgozhat\u00f3k a v\u00e1mbalesetek elker\u00fcl\u00e9se \u00e9rdek\u00e9ben.<\/p>\n<h2 data-v-md-heading=\"why-do-you-like-it\" data-v-md-line=\"37\">Mi\u00e9rt tetszik?<\/h2>\n<ul data-v-md-line=\"38\">\n<li>Nagy sz\u00edv\u00f3teljes\u00edtm\u00e9ny: ak\u00e1r 20K, ami cs\u00f6kkenti a csere gyakoris\u00e1g\u00e1t.<\/li>\n<li>Nikotintartalom kiv\u00e1laszt\u00e1sa: 0%-t\u00f3l 5%-ig kiv\u00e1laszthatja az \u00d6nnek legmegfelel\u0151bb nikotintartalmat.<\/li>\n<li>\u00dajrat\u00f6lthet\u0151: A C t\u00edpus\u00fa t\u00f6lt\u00e9s azt jelenti, hogy az \u00f6sszes megv\u00e1s\u00e1rolt e-folyad\u00e9kot haszn\u00e1lhatja.<\/li>\n<li>H\u00e1l\u00f3s tekercs: Sima DTL \u00edz, amely lehet\u0151v\u00e9 teszi, hogy minden alkalommal stabil \u00edzt tartson fenn.<\/li>\n<li>Egyszer\u0171 sz\u00edv\u00e1saktiv\u00e1l\u00e1s: Nincs sz\u00fcks\u00e9g gombokra vagy men\u00fckre, k\u00f6nnyen kezelhet\u0151.<\/li>\n<\/ul>\n<h2 data-v-md-heading=\"why-choose-to-collaborate-with-agoravape\" data-v-md-line=\"44\">Mi\u00e9rt \u00e9rdemes az AgoraVape-pel egy\u00fcttm\u0171k\u00f6dni?<\/h2>\n<p data-v-md-line=\"45\">Kiz\u00e1r\u00f3lag 100%-ban eredeti term\u00e9keket forgalmazunk, \u00e9s ehhez elk\u00f6telezettek vagyunk. \u00dczleti \u00fcgyfeleink kedvezm\u00e9nyes nagykereskedelmi \u00e1rakat, megb\u00edzhat\u00f3 \u00fcgyf\u00e9lszolg\u00e1latot, valamint gyors \u00e9s megb\u00edzhat\u00f3 kisz\u00e1ll\u00edt\u00e1si szolg\u00e1ltat\u00e1sokat \u00e9lvezhetnek. Ha elegend\u0151 k\u00e9szletet \u00e9s folyamatos visszat\u00e9r\u0151 \u00fcgyfeleket szeretne, k\u00e9rj\u00fck, vegye fel vel\u00fcnk a kapcsolatot.<\/p>","protected":false},"excerpt":{"rendered":"<p>&nbsp;<\/p>\n<p><script src=\"chrome-extension:\/\/fpelahbljekknahkcaegamhcndkfpfnc\/iFrame.js\" type=\"text\/javascript\"><\/script><\/p>\n<p><script src=\"chrome-extension:\/\/fpelahbljekknahkcaegamhcndkfpfnc\/iFrame.js\" type=\"text\/javascript\"><\/script><\/p>\n<p><script src=\"chrome-extension:\/\/fpelahbljekknahkcaegamhcndkfpfnc\/iFrame.js\" type=\"text\/javascript\"><\/script><\/p>\n<p><script src=\"chrome-extension:\/\/fpelahbljekknahkcaegamhcndkfpfnc\/iFrame.js\" type=\"text\/javascript\"><\/script><\/p>\n<p><script src=\"chrome-extension:\/\/fpelahbljekknahkcaegamhcndkfpfnc\/iFrame.js\" type=\"text\/javascript\"><\/script><\/p>\n<p><script src=\"chrome-extension:\/\/fpelahbljekknahkcaegamhcndkfpfnc\/iFrame.js\" type=\"text\/javascript\"><\/script><\/p>\n<p><script src=\"chrome-extension:\/\/fpelahbljekknahkcaegamhcndkfpfnc\/iFrame.js\" type=\"text\/javascript\"><\/script><\/p>\n<p><script src=\"chrome-extension:\/\/fpelahbljekknahkcaegamhcndkfpfnc\/iFrame.js\" type=\"text\/javascript\"><\/script><\/p>\n<p><script src=\"chrome-extension:\/\/fpelahbljekknahkcaegamhcndkfpfnc\/iFrame.js\" type=\"text\/javascript\"><\/script><\/p>\n<p><script src=\"chrome-extension:\/\/fpelahbljekknahkcaegamhcndkfpfnc\/iFrame.js\" type=\"text\/javascript\"><\/script><\/p>\n<p><script src=\"chrome-extension:\/\/fpelahbljekknahkcaegamhcndkfpfnc\/iFrame.js\" type=\"text\/javascript\"><\/script><\/p>\n<p><script src=\"chrome-extension:\/\/fpelahbljekknahkcaegamhcndkfpfnc\/iFrame.js\" type=\"text\/javascript\"><\/script><\/p>\n<p><script src=\"chrome-extension:\/\/fpelahbljekknahkcaegamhcndkfpfnc\/iFrame.js\" type=\"text\/javascript\"><\/script><\/p>\n<p><script src=\"chrome-extension:\/\/fpelahbljekknahkcaegamhcndkfpfnc\/iFrame.js\" type=\"text\/javascript\"><\/script><\/p>\n<p><script src=\"chrome-extension:\/\/fpelahbljekknahkcaegamhcndkfpfnc\/iFrame.js\" type=\"text\/javascript\"><\/script><\/p>\n<p><script src=\"chrome-extension:\/\/fpelahbljekknahkcaegamhcndkfpfnc\/iFrame.js\" type=\"text\/javascript\"><\/script><\/p>\n<p><script src=\"chrome-extension:\/\/fpelahbljekknahkcaegamhcndkfpfnc\/iFrame.js\" type=\"text\/javascript\"><\/script><\/p>\n<p><script src=\"chrome-extension:\/\/fpelahbljekknahkcaegamhcndkfpfnc\/iFrame.js\" type=\"text\/javascript\"><\/script><\/p>\n<p><script src=\"chrome-extension:\/\/fpelahbljekknahkcaegamhcndkfpfnc\/iFrame.js\" type=\"text\/javascript\"><\/script><\/p>","protected":false},"featured_media":18389,"comment_status":"open","ping_status":"closed","template":"","meta":[],"product_brand":[244],"product_cat":[124,187,185,1636,189,174,175,193,191,179,171,173,186,180,190],"product_tag":[],"class_list":{"0":"post-18364","1":"product","2":"type-product","3":"status-publish","4":"has-post-thumbnail","6":"product_brand-uwin","7":"product_cat-vape-by-brand","8":"product_cat-0mg-nicotine-free-vapes","9":"product_cat-10000-puffs-high-capacity","10":"product_cat-20000-puffs","11":"product_cat-20mg-standard-nicotine-vapes","12":"product_cat-fruit-flavors","13":"product_cat-icy-mint","14":"product_cat-mesh-coil","15":"product_cat-rechargeable-disposables","16":"product_cat-unique-blends","17":"product_cat-uwin","18":"product_cat-vape-by-flavor-profile","19":"product_cat-vape-by-nicotine-strength","20":"product_cat-vape-by-puff-count","21":"product_cat-vape-by-feature-or-type","23":"first","24":"instock","25":"shipping-taxable","26":"purchasable","27":"product-type-variable","28":"has-default-attributes"},"tiered_pricing_type":"percentage","tiered_pricing_fixed_rules":[],"tiered_pricing_product_settings":{"layout":"default","base_unit_name":{"singular":null,"plural":null},"default_variation":null},"tiered_pricing_minimum_quantity":10,"tiered_pricing_roles_data":[],"tiered_pricing_percentage_rules":{"30":"29","50":"35","100":"40","200":"44","500":"47","1000":"49"},"tiered_pricing_maximum_quantity":null,"tiered_pricing_quantity_step":"10","_links":{"self":[{"href":"https:\/\/agoravape.com\/hu\/wp-json\/wp\/v2\/product\/18364","targetHints":{"allow":["GET"]}}],"collection":[{"href":"https:\/\/agoravape.com\/hu\/wp-json\/wp\/v2\/product"}],"about":[{"href":"https:\/\/agoravape.com\/hu\/wp-json\/wp\/v2\/types\/product"}],"replies":[{"embeddable":true,"href":"https:\/\/agoravape.com\/hu\/wp-json\/wp\/v2\/comments?post=18364"}],"version-history":[{"count":0,"href":"https:\/\/agoravape.com\/hu\/wp-json\/wp\/v2\/product\/18364\/revisions"}],"wp:featuredmedia":[{"embeddable":true,"href":"https:\/\/agoravape.com\/hu\/wp-json\/wp\/v2\/media\/18389"}],"wp:attachment":[{"href":"https:\/\/agoravape.com\/hu\/wp-json\/wp\/v2\/media?parent=18364"}],"wp:term":[{"taxonomy":"product_brand","embeddable":true,"href":"https:\/\/agoravape.com\/hu\/wp-json\/wp\/v2\/product_brand?post=18364"},{"taxonomy":"product_cat","embeddable":true,"href":"https:\/\/agoravape.com\/hu\/wp-json\/wp\/v2\/product_cat?post=18364"},{"taxonomy":"product_tag","embeddable":true,"href":"https:\/\/agoravape.com\/hu\/wp-json\/wp\/v2\/product_tag?post=18364"}],"curies":[{"name":"wp","href":"https:\/\/api.w.org\/{rel}","templated":true}]}}