{"id":18456,"date":"2025-10-20T19:07:47","date_gmt":"2025-10-20T11:07:47","guid":{"rendered":"https:\/\/green-grasshopper-921422.hostingersite.com\/?post_type=product&#038;p=18456"},"modified":"2026-02-14T17:33:10","modified_gmt":"2026-02-14T16:33:10","slug":"uwin-twins-crystal-40k-dual-flavor","status":"publish","type":"product","link":"https:\/\/agoravape.com\/hu\/product\/uwin-twins-crystal-40k-dual-flavor\/","title":{"rendered":"Uwin Twins Crystal 40K Puffs Dual Flavor Disposable Vape | Two Tastes, Big Staying Power"},"content":{"rendered":"<h2 data-v-md-heading=\"what-is-special-about-the-uwin-twins-crystal-40k-suction-dual-flavored-disposable-vape\" data-v-md-line=\"3\"><img loading=\"lazy\" decoding=\"async\" class=\"aligncenter size-full wp-image-18455\" src=\"https:\/\/agoravape.com\/wp-content\/uploads\/2025\/10\/Uwin-Twins-Crystal-40K-Puffs-Dual-Flavor-Disposable-Vape_Agora_vape-2.webp\" alt=\"\" width=\"1474\" height=\"1020\" srcset=\"https:\/\/agoravape.com\/wp-content\/uploads\/2025\/10\/Uwin-Twins-Crystal-40K-Puffs-Dual-Flavor-Disposable-Vape_Agora_vape-2.webp 1474w, https:\/\/agoravape.com\/wp-content\/uploads\/2025\/10\/Uwin-Twins-Crystal-40K-Puffs-Dual-Flavor-Disposable-Vape_Agora_vape-2-1200x830.webp 1200w, https:\/\/agoravape.com\/wp-content\/uploads\/2025\/10\/Uwin-Twins-Crystal-40K-Puffs-Dual-Flavor-Disposable-Vape_Agora_vape-2-300x208.webp 300w, https:\/\/agoravape.com\/wp-content\/uploads\/2025\/10\/Uwin-Twins-Crystal-40K-Puffs-Dual-Flavor-Disposable-Vape_Agora_vape-2-1024x709.webp 1024w, https:\/\/agoravape.com\/wp-content\/uploads\/2025\/10\/Uwin-Twins-Crystal-40K-Puffs-Dual-Flavor-Disposable-Vape_Agora_vape-2-768x531.webp 768w\" sizes=\"auto, (max-width: 1474px) 100vw, 1474px\" \/><\/h2>\n<h2 data-v-md-heading=\"what-is-special-about-the-uwin-twins-crystal-40k-suction-dual-flavored-disposable-vape\" data-v-md-line=\"3\">What is special about the Uwin Twins Crystal 40K suction dual flavored disposable vape?<\/h2>\n<p data-v-md-line=\"4\">If you are tired of frequently changing devices for flavor changes, this product can help you save a lot of trouble. Uwin Twins Crystal combines two flavors into one device, allowing you to enjoy a blend of flavors that suit your mood and last for a long time.<\/p>\n<p data-v-md-line=\"6\">If you want a rechargeable disposable vape that is durable and provides stable flavors without complicated settings, then this product is the ideal choice. Just take a sip to use. No need to press buttons, no need to learn menus.<\/p>\n<h2 data-v-md-heading=\"excellent-performance-without-any-complex-operations\" data-v-md-line=\"8\">Kiv\u00e1l\u00f3 teljes\u00edtm\u00e9ny bonyolult m\u0171veletek n\u00e9lk\u00fcl<\/h2>\n<p data-v-md-line=\"9\">The 0.6 \u03a9 mesh coil is located at the core of Twins Crystal, ensuring smooth steam and rich taste from the first bite to the last bite. When the battery is low, you can charge it through the Type-C interface to use all the e-liquids you have purchased. The connection cable is simple and charging is convenient.<\/p>\n<h2 data-v-md-heading=\"specification-introduction\" data-v-md-line=\"11\">Specifik\u00e1ci\u00f3 Bevezet\u00e9s<\/h2>\n<ul data-v-md-line=\"12\">\n<li>Sz\u00edv\u00e1s gyakoris\u00e1ga: ak\u00e1r 40000-szer<\/li>\n<li>Nicotine: Available in four concentrations: 0%, 2%, 3%, and 5% (specific supply varies depending on the market)<\/li>\n<li>E-folyad\u00e9k kapacit\u00e1sa: 30 milliliter<\/li>\n<li>Akkumul\u00e1tor: 850 mAh-s \u00fajrat\u00f6lthet\u0151 akkumul\u00e1tor<\/li>\n<li>Atomizing core: 0.6 \u03a9 mesh<\/li>\n<li>M\u0171k\u00f6d\u00e9si elv: Egyetlen f\u00faj\u00e1ssal aktiv\u00e1lhat\u00f3<\/li>\n<li>T\u00f6lt\u00e9s: C t\u00edpus\u00fa USB csatlakoz\u00f3<\/li>\n<li>\u00c1llapot: Kicsomagol\u00e1s ut\u00e1n azonnal haszn\u00e1lhat\u00f3<\/li>\n<li>Format: Each device contains two flavor combinations<\/li>\n<\/ul>\n<h2 data-v-md-heading=\"complete-flavor-lineup\" data-v-md-line=\"22\">Teljes \u00edzv\u00e1laszt\u00e9k<\/h2>\n<ul data-v-md-line=\"23\">\n<li>Iced Blueberries\/Summer Peach Ice<\/li>\n<li>Kiwi passion fruit guava\/blueberry raspberry<\/li>\n<li>Strawberry kiwi\/grape ice<\/li>\n<li>Kiwi passion fruit guava\/double apple<\/li>\n<li>Strawberry Watermelon\/Lemon Lime<\/li>\n<li>Blueberry Raspberry\/Cherry Ice<\/li>\n<li>Strawberry Raspberry Cherry\/Mr. Blue<\/li>\n<li>Peach, Mango, Pineapple\/Red Bull<\/li>\n<li>Watermelon Ice\/Mixed Berry<\/li>\n<li>Strawberry Banana\/Love 66 (Passion Fruit Melon Ice)<\/li>\n<\/ul>\n<p><img loading=\"lazy\" decoding=\"async\" class=\"aligncenter size-full wp-image-18454\" src=\"https:\/\/agoravape.com\/wp-content\/uploads\/2025\/10\/Uwin-Twins-Crystal-40K-Puffs-Dual-Flavor-Disposable-Vape_Agora_vape-1.webp\" alt=\"\" width=\"1200\" height=\"1200\" srcset=\"https:\/\/agoravape.com\/wp-content\/uploads\/2025\/10\/Uwin-Twins-Crystal-40K-Puffs-Dual-Flavor-Disposable-Vape_Agora_vape-1.webp 1200w, https:\/\/agoravape.com\/wp-content\/uploads\/2025\/10\/Uwin-Twins-Crystal-40K-Puffs-Dual-Flavor-Disposable-Vape_Agora_vape-1-600x600.webp 600w, https:\/\/agoravape.com\/wp-content\/uploads\/2025\/10\/Uwin-Twins-Crystal-40K-Puffs-Dual-Flavor-Disposable-Vape_Agora_vape-1-300x300.webp 300w, https:\/\/agoravape.com\/wp-content\/uploads\/2025\/10\/Uwin-Twins-Crystal-40K-Puffs-Dual-Flavor-Disposable-Vape_Agora_vape-1-1024x1024.webp 1024w, https:\/\/agoravape.com\/wp-content\/uploads\/2025\/10\/Uwin-Twins-Crystal-40K-Puffs-Dual-Flavor-Disposable-Vape_Agora_vape-1-150x150.webp 150w, https:\/\/agoravape.com\/wp-content\/uploads\/2025\/10\/Uwin-Twins-Crystal-40K-Puffs-Dual-Flavor-Disposable-Vape_Agora_vape-1-768x768.webp 768w\" sizes=\"auto, (max-width: 1200px) 100vw, 1200px\" \/><\/p>\n<h2 data-v-md-heading=\"for-you-and-for-your-business-as-well\" data-v-md-line=\"34\">Neked, \u00e9s a v\u00e1llalkoz\u00e1sodnak is<\/h2>\n<p data-v-md-line=\"35\">You can purchase one separately for your own use, or stock up for your store. The wholesale packaging is 10 pieces per box, with 160 pieces per box, making it convenient for restocking. The weight of each box is 18.5 kilograms. Mixed flavor orders are randomly shipped every 10 units, so we cannot guarantee that each box will have a specific flavor.<\/p>\n<p data-v-md-line=\"37\">We collaborate with reliable partners such as UPS, DPD, and DHL to provide DDP shipping services that pay taxes throughout Europe, ensuring that you do not encounter any accidents at customs. Compliance Notice: Twins Crystal has a capacity of up to 30 milliliters and offers the option of higher nicotine content. If you operate in a market regulated by TPD, please be sure to check local regulations. In many EU countries, a nicotine concentration of 0% is usually a compliant sales route, while nicotine concentrations above 0% and large volumes of nicotine may not be allowed.<\/p>\n<h2 data-v-md-heading=\"why-do-you-like-it\" data-v-md-line=\"39\">Mi\u00e9rt tetszik?<\/h2>\n<ul data-v-md-line=\"40\">\n<li>Massive suction: Less replacement times and less trouble.<\/li>\n<li>Nikotinkoncentr\u00e1ci\u00f3 kiv\u00e1laszt\u00e1sa: V\u00e1lasszon olyan koncentr\u00e1ci\u00f3t, amely megfelel a napi szok\u00e1sainak.<\/li>\n<li>\u00dajrat\u00f6lthet\u0151: Amikor az akkumul\u00e1tor lemer\u00fcl, nem pazarolja az e-folyad\u00e9kot.<\/li>\n<li>H\u00e1l\u00f3s tekercs: meg\u0151rzi az \u00edzek \u00e1lland\u00f3s\u00e1g\u00e1t, minden sz\u00edv\u00e1snak megfelelve.<\/li>\n<li>Kett\u0151s \u00edzbe\u00e1ll\u00edt\u00e1s: Egyetlen eszk\u00f6z k\u00e9t konfigur\u00e1ci\u00f3t k\u00edn\u00e1l, amelyek k\u00f6z\u00f6tt a vape csere n\u00e9lk\u00fcl is v\u00e1lthat.<\/li>\n<\/ul>\n<h2 data-v-md-heading=\"why-collaborate-with-agoravape\" data-v-md-line=\"46\">Mi\u00e9rt \u00e9rdemes az AgoraVape-pel egy\u00fcttm\u0171k\u00f6dni?<\/h2>\n<p data-v-md-line=\"47\">Kiz\u00e1r\u00f3lag 100%-ban eredeti term\u00e9keket v\u00e1s\u00e1rolunk \u00e9s \u00e9rt\u00e9kes\u00edt\u00fcnk, hogy biztos\u00edtsuk \u00fcgyfeleink el\u00e9gedetts\u00e9g\u00e9t \u00e9s er\u0151s\u00edts\u00fck h\u00edrnev\u00e9t. Az Uwin Twins Crystal 40K kett\u0151s \u00edzes\u00edt\u00e9s\u0171 eldobhat\u00f3 vape-hez kedvezm\u00e9nyes nagykereskedelmi \u00e1rakat, er\u0151s \u00fcgyf\u00e9lszolg\u00e1latot \u00e9s gyors DDP sz\u00e1ll\u00edt\u00e1st kap. Ha j\u00f3 min\u0151s\u00e9g\u0171 \u00e9s \u00edz\u0171 k\u00e9szletre van sz\u00fcks\u00e9ge, k\u00e9rj\u00fck, vegye fel vel\u00fcnk a kapcsolatot.<\/p>","protected":false},"excerpt":{"rendered":"<p>&nbsp;<\/p>","protected":false},"featured_media":18498,"comment_status":"open","ping_status":"closed","template":"","meta":[],"product_brand":[244],"product_cat":[124,187,185,189,176,1674,174,175,193,191,171,173,186,180,190],"product_tag":[],"class_list":{"0":"post-18456","1":"product","2":"type-product","3":"status-publish","4":"has-post-thumbnail","6":"product_brand-uwin","7":"product_cat-vape-by-brand","8":"product_cat-0mg-nicotine-free-vapes","9":"product_cat-10000-puffs-high-capacity","10":"product_cat-20mg-standard-nicotine-vapes","11":"product_cat-beverage","12":"product_cat-eu-warehouse","13":"product_cat-fruit-flavors","14":"product_cat-icy-mint","15":"product_cat-mesh-coil","16":"product_cat-rechargeable-disposables","17":"product_cat-uwin","18":"product_cat-vape-by-flavor-profile","19":"product_cat-vape-by-nicotine-strength","20":"product_cat-vape-by-puff-count","21":"product_cat-vape-by-feature-or-type","23":"first","24":"instock","25":"shipping-taxable","26":"purchasable","27":"product-type-variable","28":"has-default-attributes"},"tiered_pricing_type":"percentage","tiered_pricing_fixed_rules":[],"tiered_pricing_product_settings":{"layout":"default","base_unit_name":{"singular":null,"plural":null},"default_variation":null},"tiered_pricing_minimum_quantity":10,"tiered_pricing_roles_data":[],"tiered_pricing_percentage_rules":{"30":"29","50":"35","100":"40","200":"44","500":"47","1000":"49"},"tiered_pricing_maximum_quantity":null,"tiered_pricing_quantity_step":"10","_links":{"self":[{"href":"https:\/\/agoravape.com\/hu\/wp-json\/wp\/v2\/product\/18456","targetHints":{"allow":["GET"]}}],"collection":[{"href":"https:\/\/agoravape.com\/hu\/wp-json\/wp\/v2\/product"}],"about":[{"href":"https:\/\/agoravape.com\/hu\/wp-json\/wp\/v2\/types\/product"}],"replies":[{"embeddable":true,"href":"https:\/\/agoravape.com\/hu\/wp-json\/wp\/v2\/comments?post=18456"}],"version-history":[{"count":0,"href":"https:\/\/agoravape.com\/hu\/wp-json\/wp\/v2\/product\/18456\/revisions"}],"wp:featuredmedia":[{"embeddable":true,"href":"https:\/\/agoravape.com\/hu\/wp-json\/wp\/v2\/media\/18498"}],"wp:attachment":[{"href":"https:\/\/agoravape.com\/hu\/wp-json\/wp\/v2\/media?parent=18456"}],"wp:term":[{"taxonomy":"product_brand","embeddable":true,"href":"https:\/\/agoravape.com\/hu\/wp-json\/wp\/v2\/product_brand?post=18456"},{"taxonomy":"product_cat","embeddable":true,"href":"https:\/\/agoravape.com\/hu\/wp-json\/wp\/v2\/product_cat?post=18456"},{"taxonomy":"product_tag","embeddable":true,"href":"https:\/\/agoravape.com\/hu\/wp-json\/wp\/v2\/product_tag?post=18456"}],"curies":[{"name":"wp","href":"https:\/\/api.w.org\/{rel}","templated":true}]}}