{"id":18992,"date":"2025-10-29T12:21:25","date_gmt":"2025-10-29T04:21:25","guid":{"rendered":"https:\/\/agoravape.com\/?post_type=product&#038;p=18992"},"modified":"2026-01-19T22:00:08","modified_gmt":"2026-01-19T14:00:08","slug":"bang-b50k-50000-puffs-eldobhato-vape","status":"publish","type":"product","link":"https:\/\/agoravape.com\/hu\/product\/bang-b50k-50000-puffs-disposable-vape\/","title":{"rendered":"Bang B50K 50000 F\u00faj\u00e1s Nagy Kapacit\u00e1s\u00fa Eldobhat\u00f3 Vape | Nagy Kapacit\u00e1s, K\u00f6nny\u0171 T\u00f6lt\u00e9s"},"content":{"rendered":"<h2 data-v-md-heading=\"what-is-special-about-bang-b50k-50000-capacity-disposable-vape\" data-v-md-line=\"3\">Mi a k\u00fcl\u00f6nleges a Bang B50K 50000 kapacit\u00e1s\u00fa eldobhat\u00f3 vape-ben?<\/h2>\n<p data-v-md-line=\"5\">Ha belef\u00e1radt\u00e1l az eldobhat\u00f3 p\u00e1rologtat\u00f3kba, amelyek n\u00e9h\u00e1ny nap alatt elvesz\u00edtik energi\u00e1jukat, ez a term\u00e9k megk\u00f6nny\u00edti az \u00e9leted. A Bang B50K ak\u00e1r 50000 darabos akkumul\u00e1tor \u00e9lettartammal rendelkezik, 36 ml nagy kapacit\u00e1s\u00fa e-folyad\u00e9kkal \u00e9s \u00fajrat\u00f6lthet\u0151 akkumul\u00e1torral felszerelve. Tart\u00f3s \u00e9s hossz\u00fa \u00e9lettartam\u00fa, nincs sz\u00fcks\u00e9g f\u00e1raszt\u00f3 m\u0171k\u00f6dtet\u00e9sre.<\/p>\n<p data-v-md-line=\"7\">Ha megb\u00edzhat\u00f3, finom \u00e9s k\u00f6nnyen haszn\u00e1lhat\u00f3 vape-t szeretne, akkor ez az ide\u00e1lis v\u00e1laszt\u00e1s. Nincs men\u00fcm\u0171k\u00f6d\u00e9s, nincs olajbefecskendez\u00e9s, \u00e9s nem kell cser\u00e9lni a porlaszt\u00f3magot. \u00dagy \u00e9rezheti, hogy egy ilyen nagy kapacit\u00e1s\u00fa k\u00e9sz\u00fcl\u00e9k terjedelmes lenne, de m\u00e9g \u00edgy is k\u00f6nnyen elf\u00e9r egy zsebben, \u00e9s az asztalon elhelyezve sz\u00e9pen \u00e9s rendezetten n\u00e9z ki.<\/p>\n<h2 data-v-md-heading=\"excellent-performance-and-easy-operation\" data-v-md-line=\"9\">Kiv\u00e1l\u00f3 teljes\u00edtm\u00e9ny \u00e9s egyszer\u0171 kezelhet\u0151s\u00e9g<\/h2>\n<p data-v-md-line=\"11\">A B50K k\u00f6zponti eleme a h\u00e1l\u00f3s porlaszt\u00f3 mag, \u00edgy az \u00edz az els\u0151 harap\u00e1st\u00f3l az utols\u00f3 harap\u00e1sig egyenletes marad. A gy\u00fcm\u00f6lcs\u00edz\u0171 kevert italok elolvadnak a sz\u00e1jban, friss\u00edt\u0151 \u00edzzel, a mentol pedig friss\u00edt\u0151 \u00edzzel rendelkezik. Ha az akkumul\u00e1tor lemer\u00fcl, a telefonon esetleg haszn\u00e1lt Type-C adatk\u00e1bel seg\u00edts\u00e9g\u00e9vel t\u00f6ltheti fel. Csatlakoztassa az \u00e1ramot, \u00e9s \u00e9lvezze tov\u00e1bb.<\/p>\n<h2 data-v-md-heading=\"quick-specifications\" data-v-md-line=\"13\">Gyors specifik\u00e1ci\u00f3k<\/h2>\n<ul data-v-md-line=\"15\">\n<li>\n<p data-v-md-line=\"15\">Doh\u00e1nyz\u00e1si gyakoris\u00e1g: ak\u00e1r 50 000 slukk<\/p>\n<\/li>\n<li>\n<p data-v-md-line=\"17\">Nikotinkoncentr\u00e1ci\u00f3: 0%, 2%, 3%, 5% opcion\u00e1lis<\/p>\n<\/li>\n<li>\n<p data-v-md-line=\"19\">E-folyad\u00e9k kapacit\u00e1s: 36ml<\/p>\n<\/li>\n<li>\n<p data-v-md-line=\"21\">Battery: 650mAh rechargeable battery<\/p>\n<\/li>\n<li>\n<p data-v-md-line=\"23\">Tekercs: 1.09 \u03a9 h\u00e1l\u00f3s tekercs<\/p>\n<\/li>\n<li>\n<p data-v-md-line=\"25\">Haszn\u00e1lat: L\u00e9legezze be az aktiv\u00e1l\u00e1shoz<\/p>\n<\/li>\n<li>\n<p data-v-md-line=\"27\">T\u00f6lt\u00e9si m\u00f3d: Standard Type-C USB csatlakoz\u00f3<\/p>\n<\/li>\n<li>\n<p data-v-md-line=\"29\">\u00c1llapot: Kicsomagol\u00e1s ut\u00e1n azonnal haszn\u00e1lhat\u00f3<\/p>\n<\/li>\n<\/ul>\n<h2 data-v-md-heading=\"complete-flavor-lineup\" data-v-md-line=\"31\">Teljes \u00edzv\u00e1laszt\u00e9k<\/h2>\n<ul data-v-md-line=\"33\">\n<li>\n<p data-v-md-line=\"33\">Mint<\/p>\n<\/li>\n<li>\n<p data-v-md-line=\"35\">\u00c1fony\u00e1s menta<\/p>\n<\/li>\n<li>\n<p data-v-md-line=\"37\">Dupla alm\u00e1k<\/p>\n<\/li>\n<li>\n<p data-v-md-line=\"39\">\u0150szibarack j\u00e9g<\/p>\n<\/li>\n<li>\n<p data-v-md-line=\"41\">\u00c1fonya \u00e9s m\u00e1lna<\/p>\n<\/li>\n<li>\n<p data-v-md-line=\"43\">K\u00e9k j\u00e9gp\u00e1lya<\/p>\n<\/li>\n<li>\n<p data-v-md-line=\"45\">\u00c1fonya \u00e9s \u0151szibarack<\/p>\n<\/li>\n<li>\n<p data-v-md-line=\"47\">G\u00f6r\u00f6gdinnye<\/p>\n<\/li>\n<li>\n<p data-v-md-line=\"49\">Eper g\u00f6r\u00f6gdinnye<\/p>\n<\/li>\n<li>\n<p data-v-md-line=\"51\">Eperlicsi<\/p>\n<\/li>\n<li>\n<p data-v-md-line=\"53\">Grape mint<\/p>\n<\/li>\n<li>\n<p data-v-md-line=\"55\">Vegyes gy\u00fcm\u00f6lcs\u00f6k<\/p>\n<\/li>\n<\/ul>\n<h2 data-v-md-heading=\"suitable-for-individuals-and-businesses\" data-v-md-line=\"57\">Mag\u00e1nszem\u00e9lyek \u00e9s v\u00e1llalkoz\u00e1sok sz\u00e1m\u00e1ra alkalmas<\/h2>\n<p data-v-md-line=\"59\">Mag\u00e1nak v\u00e1s\u00e1rol? V\u00e1lassza ki a hossz\u00fa t\u00e1v\u00fa ig\u00e9nyeinek megfelel\u0151 \u00edzvil\u00e1got \u00e9s nikotinkoncentr\u00e1ci\u00f3t. Az \u00fajrat\u00f6lthet\u0151 akkumul\u00e1tor azt jelenti, hogy val\u00f3ban 36 milliliter e-folyad\u00e9kot haszn\u00e1lhat el pazarl\u00e1s n\u00e9lk\u00fcl.<\/p>\n<p data-v-md-line=\"61\">Fizikai boltot vagy web\u00e1ruh\u00e1zat \u00fczemeltet? A Bang B50K nagykereskedelemben is kaphat\u00f3, dobozonk\u00e9nt 10 darabos kiszerel\u00e9sben. A k\u00e9nyelmes \u00e9s hat\u00e9kony t\u00e1rol\u00e1s \u00e9s sz\u00e1ll\u00edt\u00e1s \u00e9rdek\u00e9ben dobozonk\u00e9nt 20 darabos teljes dobozos csomagol\u00e1st is k\u00edn\u00e1lunk. Egy\u00fcttm\u0171k\u00f6d\u00fcnk olyan partnerekkel, mint a UPS, a DPD \u00e9s a DHL, hogy DDP sz\u00e1ll\u00edt\u00e1si szolg\u00e1ltat\u00e1sokat ny\u00fajtsunk Eur\u00f3p\u00e1ban, el\u0151re kezelj\u00fck a v\u00e1mkezel\u00e9si \u00fcgyeket, \u00e9s elker\u00fclj\u00fck a baleseteket az \u00e1tv\u00e9tel sor\u00e1n.<\/p>\n<h2 data-v-md-heading=\"reasons-why-you-will-like-it\" data-v-md-line=\"63\">Reasons why you will like it<\/h2>\n<ul data-v-md-line=\"65\">\n<li>\n<p data-v-md-line=\"65\">Rendk\u00edv\u00fcl hossz\u00fa akkumul\u00e1tor-\u00e9lettartam: ak\u00e1r 50000 darab, ami cs\u00f6kkenti a cser\u00e9k \u00e9s a boltba j\u00e1r\u00e1sok sz\u00e1m\u00e1t.<\/p>\n<\/li>\n<li>\n<p data-v-md-line=\"67\">T\u00f6bbf\u00e9le nikotinkoncentr\u00e1ci\u00f3 \u00e1ll rendelkez\u00e9sre: 0%, 2%, 3% vagy 5% az \u00d6n szem\u00e9lyre szabott ig\u00e9nyeinek megfelel\u0151en.<\/p>\n<\/li>\n<li>\n<p data-v-md-line=\"69\">\u00dajrat\u00f6lthet\u0151: C-t\u00edpus\u00fa t\u00f6lt\u0151csatlakoz\u00f3, amely lehet\u0151v\u00e9 teszi, hogy minden csepp e-folyad\u00e9kot felhaszn\u00e1lhasson.<\/p>\n<\/li>\n<li>\n<p data-v-md-line=\"71\">H\u00e1l\u00f3s porlaszt\u00f3mag: Minden egyes bel\u00e9gz\u00e9s sima \u00edzt \u00e9s stabil \u00edzt biztos\u00edt.<\/p>\n<\/li>\n<li>\n<p data-v-md-line=\"73\">K\u00e9nyelmes haszn\u00e1lat: Inhal\u00e1ci\u00f3s aktiv\u00e1l\u00e1si kialak\u00edt\u00e1s, k\u00f6nnyen kezelhet\u0151.<\/p>\n<\/li>\n<\/ul>\n<h2 data-v-md-heading=\"why-choose-to-collaborate-with-agoravape\" data-v-md-line=\"75\">Mi\u00e9rt \u00e9rdemes az AgoraVape-pel egy\u00fcttm\u0171k\u00f6dni?<\/h2>\n<p data-v-md-line=\"77\">Kiz\u00e1r\u00f3lag 100% eredeti term\u00e9keket forgalmazunk, \u00e9s felel\u0151sek vagyunk az \u00e1ltalunk \u00e9rt\u00e9kes\u00edtett term\u00e9kek\u00e9rt. A v\u00e1llalati \u00fcgyfelek \u00e9lvezhetik a kedvezm\u00e9nyes nagykereskedelmi \u00e1rakat, a gyors reag\u00e1l\u00e1s\u00fa technikai t\u00e1mogat\u00e1st \u00e9s a DDP sz\u00e1ll\u00edt\u00e1si szolg\u00e1ltat\u00e1sokat a Bang B50K 50000 nagy kapacit\u00e1s\u00fa eldobhat\u00f3 p\u00e1rol\u00f3khoz. L\u00e9pjen vel\u00fcnk azonnal kapcsolatba, hogy beszerezze ezt a megb\u00edzhat\u00f3 nagy kapacit\u00e1s\u00fa eldobhat\u00f3 vape-t, amelyet \u00fcgyfelei szeretni fognak.<\/p>\n<p><script src=\"chrome-extension:\/\/fpelahbljekknahkcaegamhcndkfpfnc\/iFrame.js\" type=\"text\/javascript\"><\/script><\/p>","protected":false},"excerpt":{"rendered":"<p>Bang B50K a hatalmas 50 000 puffsz\u00e1mmal \u00e9s 36 ml e-folyad\u00e9k kapacit\u00e1ssal. \u00dajrat\u00f6lthet\u0151 akkumul\u00e1torral \u00e9s h\u00e1l\u00f3s tekerccsel rendelkezik az egyenletesen sima \u00edz\u00e9rt. Egyszer\u0171 \u00e9s hosszan tart\u00f3 p\u00e1rologtat\u00e1s.<\/p>","protected":false},"featured_media":19004,"comment_status":"open","ping_status":"closed","template":"","meta":[],"product_brand":[197],"product_cat":[124,187,185,189,1641,123,174,175,193,191,173,186,180,190],"product_tag":[],"class_list":{"0":"post-18992","1":"product","2":"type-product","3":"status-publish","4":"has-post-thumbnail","6":"product_brand-bang","7":"product_cat-vape-by-brand","8":"product_cat-0mg-nicotine-free-vapes","9":"product_cat-10000-puffs-high-capacity","10":"product_cat-20mg-standard-nicotine-vapes","11":"product_cat-50000-puffs","12":"product_cat-bang","13":"product_cat-fruit-flavors","14":"product_cat-icy-mint","15":"product_cat-mesh-coil","16":"product_cat-rechargeable-disposables","17":"product_cat-vape-by-flavor-profile","18":"product_cat-vape-by-nicotine-strength","19":"product_cat-vape-by-puff-count","20":"product_cat-vape-by-feature-or-type","22":"first","23":"onbackorder","24":"shipping-taxable","25":"purchasable","26":"product-type-variable","27":"has-default-attributes"},"tiered_pricing_type":"percentage","tiered_pricing_fixed_rules":[],"tiered_pricing_product_settings":{"layout":"default","base_unit_name":{"singular":null,"plural":null},"default_variation":null},"tiered_pricing_minimum_quantity":10,"tiered_pricing_roles_data":[],"tiered_pricing_percentage_rules":{"30":"29","50":"35","100":"40","200":"44","500":"47","1000":"49"},"tiered_pricing_maximum_quantity":null,"tiered_pricing_quantity_step":"10","_links":{"self":[{"href":"https:\/\/agoravape.com\/hu\/wp-json\/wp\/v2\/product\/18992","targetHints":{"allow":["GET"]}}],"collection":[{"href":"https:\/\/agoravape.com\/hu\/wp-json\/wp\/v2\/product"}],"about":[{"href":"https:\/\/agoravape.com\/hu\/wp-json\/wp\/v2\/types\/product"}],"replies":[{"embeddable":true,"href":"https:\/\/agoravape.com\/hu\/wp-json\/wp\/v2\/comments?post=18992"}],"version-history":[{"count":0,"href":"https:\/\/agoravape.com\/hu\/wp-json\/wp\/v2\/product\/18992\/revisions"}],"wp:featuredmedia":[{"embeddable":true,"href":"https:\/\/agoravape.com\/hu\/wp-json\/wp\/v2\/media\/19004"}],"wp:attachment":[{"href":"https:\/\/agoravape.com\/hu\/wp-json\/wp\/v2\/media?parent=18992"}],"wp:term":[{"taxonomy":"product_brand","embeddable":true,"href":"https:\/\/agoravape.com\/hu\/wp-json\/wp\/v2\/product_brand?post=18992"},{"taxonomy":"product_cat","embeddable":true,"href":"https:\/\/agoravape.com\/hu\/wp-json\/wp\/v2\/product_cat?post=18992"},{"taxonomy":"product_tag","embeddable":true,"href":"https:\/\/agoravape.com\/hu\/wp-json\/wp\/v2\/product_tag?post=18992"}],"curies":[{"name":"wp","href":"https:\/\/api.w.org\/{rel}","templated":true}]}}