{"id":19113,"date":"2025-10-29T13:42:12","date_gmt":"2025-10-29T05:42:12","guid":{"rendered":"https:\/\/agoravape.com\/?post_type=product&#038;p=19113"},"modified":"2026-03-21T12:44:22","modified_gmt":"2026-03-21T11:44:22","slug":"bang-20000-puff-digitalis-kepernyo-vape","status":"publish","type":"product","link":"https:\/\/agoravape.com\/hu\/product\/bang-20000-puffs-digital-screen-vape\/","title":{"rendered":"Bang 20000 Puffs digit\u00e1lis k\u00e9perny\u0151s eldobhat\u00f3 vape | Er\u0151 \u00e9s tart\u00f3s \u00edz"},"content":{"rendered":"<h2 data-v-md-heading=\"what-is-the-special-feature-of-bang-20000-digital-disposable-vapes\" data-v-md-line=\"3\">Mi a Bang 20000 digit\u00e1lis eldobhat\u00f3 vape-ek k\u00fcl\u00f6nleges tulajdons\u00e1ga?<\/h2>\n<p data-v-md-line=\"5\">Ha eleged van az eldobhat\u00f3 vape-ekb\u0151l, amik egy h\u00e9t alatt lemer\u00fclnek, akkor ez a term\u00e9k mindenk\u00e9ppen meg\u00e9ri a figyelmedet. A Bang 20000-et hossz\u00fa t\u00e1v\u00fa haszn\u00e1latra tervezt\u00e9k, massz\u00edv \u00e9s tart\u00f3s, k\u00e9nyelmes fog\u00e1s\u00fa, \u00e9s ak\u00e1r 20000 slukknyi doh\u00e1nyz\u00e1si \u00e9lm\u00e9nyt is ny\u00fajt egyetlen slukkon. \u0150szint\u00e9n sz\u00f3lva, az elemek vagy az e-liquid hirtelen lemer\u00fcl\u00e9se val\u00f3ban frusztr\u00e1l\u00f3. Ez a vape egy j\u00f3l olvashat\u00f3 digit\u00e1lis kijelz\u0151vel van felszerelve, amely egyszerre mutatja a fennmarad\u00f3 e-liquid szintet \u00e9s az akkumul\u00e1tor t\u00f6lt\u00f6tts\u00e9gi szintj\u00e9t, \u00edgy t\u00f6bb\u00e9 nem \u00e9rhet meglepet\u00e9sk\u00e9nt.<\/p>\n<p data-v-md-line=\"7\">B\u00e1rmely felhaszn\u00e1l\u00f3 sz\u00e1m\u00e1ra, aki megb\u00edzhat\u00f3, finom \u00e9s k\u00f6nnyen haszn\u00e1lhat\u00f3 vape-et keres, ide\u00e1lis v\u00e1laszt\u00e1s. Nincs sz\u00fcks\u00e9g gombokra vagy be\u00e1ll\u00edt\u00e1sokra, csak kortyoljon bele, \u00e9s \u00e9lvezze. Egyes\u00edti a professzion\u00e1lis k\u00e9szletek teljes\u00edtm\u00e9ny\u00e9t az eldobhat\u00f3 vape-ek k\u00e9nyelm\u00e9vel.<\/p>\n<h2 data-v-md-heading=\"excellent-performance-easy-and-convenient\" data-v-md-line=\"9\">Kiv\u00e1l\u00f3 teljes\u00edtm\u00e9ny, egyszer\u0171 \u00e9s k\u00e9nyelmes<\/h2>\n<p data-v-md-line=\"11\">Ennek az e-cigarett\u00e1nak a kiv\u00e1l\u00f3 \u00edz\u00e9nek titka a be\u00e9p\u00edtett h\u00e1l\u00f3s porlaszt\u00f3magban rejlik. Egyenletesen meleg\u00edti fel az e-liquidet, biztos\u00edtva, hogy minden falat ugyanolyan finom legyen, mint az els\u0151, \u00e9gett \u00edz n\u00e9lk\u00fcl. Az elej\u00e9t\u0151l a v\u00e9g\u00e9ig az \u00edze \u00e1lland\u00f3 marad. Azt gondolhatod, hogy ez az e-cigaretta rengeteg slukkot k\u00e9pes elsz\u00edvni, \u00e9s a m\u00e9ret\u00e9nek nem kellene nagynak lennie, de a k\u00f6nny\u0171 s\u00falya \u00e9s a hordozhat\u00f3s\u00e1ga meg fog lepni.<\/p>\n<p data-v-md-line=\"13\">M\u00e9g alacsony t\u00f6lt\u00f6tts\u00e9gi szint eset\u00e9n is haszn\u00e1lhatsz szabv\u00e1nyos Type-C adatk\u00e1belt a t\u00f6lt\u00e9shez \u2013 pont \u00fagy, mint amilyet a telefonod t\u00f6lt\u00e9s\u00e9hez haszn\u00e1lsz. Ez a praktikus kialak\u00edt\u00e1s biztos\u00edtja, hogy a 28 ml-es e-folyad\u00e9k minden cseppj\u00e9t felhaszn\u00e1lhatod.<\/p>\n<h2 data-v-md-heading=\"quick-specifications\" data-v-md-line=\"15\">Gyors specifik\u00e1ci\u00f3k<\/h2>\n<p data-v-md-line=\"17\"><strong>Doh\u00e1nyz\u00e1si gyakoris\u00e1g:<\/strong>\u00a0ak\u00e1r 20 000 f\u00faj\u00e1s<\/p>\n<p data-v-md-line=\"19\"><strong>Nikotin koncentr\u00e1ci\u00f3:<\/strong>\u00a0N\u00e9gy koncentr\u00e1ci\u00f3ban kaphat\u00f3: 0%, 2%, 3% \u00e9s 5%<\/p>\n<p data-v-md-line=\"21\"><strong>Haszn\u00e1lat:<\/strong>\u00a0L\u00e9legezz be az aktiv\u00e1l\u00e1shoz<\/p>\n<p data-v-md-line=\"23\"><strong>e-folyad\u00e9k kapacit\u00e1s:<\/strong>\u00a0El\u0151re t\u00f6lt\u00f6tt 28 ml-es e-folyad\u00e9k<\/p>\n<p data-v-md-line=\"25\"><strong>Porlaszt\u00f3 mag:<\/strong>\u00a0Mesh Nebulizer Core, providing a consistent and delicious experience<\/p>\n<p data-v-md-line=\"27\"><strong>Kijelz\u0151 k\u00e9perny\u0151:<\/strong>\u00a0Digital display screen, displaying battery level and e-liquid level<\/p>\n<p data-v-md-line=\"29\"><strong>T\u00f6lt\u00e9si m\u00f3d:<\/strong>\u00a0Szabv\u00e1nyos C t\u00edpus\u00fa USB csatlakoz\u00f3<\/p>\n<p data-v-md-line=\"31\"><strong>\u00c1llapot:<\/strong>\u00a0A dobozb\u00f3l kiv\u00e9ve azonnal haszn\u00e1latra k\u00e9sz<\/p>\n<h2 data-v-md-heading=\"complete-flavor-lineup\" data-v-md-line=\"33\">Teljes \u00edzv\u00e1laszt\u00e9k<\/h2>\n<ul data-v-md-line=\"35\">\n<li>Mentolos j\u00e9g<\/li>\n<li>Eperlicsi<\/li>\n<li>Eper kivi<\/li>\n<li>Eper g\u00f6r\u00f6gdinnye<\/li>\n<li>V\u00f6r\u00f6s Bika<\/li>\n<li>Vegyes gy\u00fcm\u00f6lcs\u00f6k<\/li>\n<li>K\u00e9k j\u00e9gp\u00e1lya<\/li>\n<li>\u00c1fonya \u00e9s m\u00e1lna<\/li>\n<li>Blueberries and Watermelons<\/li>\n<li>Sz\u0151l\u0151fagylalt<\/li>\n<li>\u0150szibarack j\u00e9g<\/li>\n<li>G\u00f6r\u00f6gdinnye j\u00e9g<\/li>\n<li>Raspberry watermelon<\/li>\n<li>Eper \u00e9s mang\u00f3 \u00edz\u0171<\/li>\n<li>Dupla alma \u00edz\u0171<\/li>\n<li>\u0150szibarack \u00e9s g\u00f6r\u00f6gdinnye \u00edz\u0171<\/li>\n<\/ul>\n<p><img loading=\"lazy\" decoding=\"async\" class=\"wp-image-19137 size-full aligncenter\" src=\"https:\/\/agoravape.com\/wp-content\/uploads\/2025\/10\/Bang-20000-Puffs-Digital-Screen-Disposable-Vape-Power-and-Flavour-That-Lasts_Agora_vape-1.webp\" alt=\"\" width=\"1080\" height=\"2158\" srcset=\"https:\/\/agoravape.com\/wp-content\/uploads\/2025\/10\/Bang-20000-Puffs-Digital-Screen-Disposable-Vape-Power-and-Flavour-That-Lasts_Agora_vape-1.webp 1080w, https:\/\/agoravape.com\/wp-content\/uploads\/2025\/10\/Bang-20000-Puffs-Digital-Screen-Disposable-Vape-Power-and-Flavour-That-Lasts_Agora_vape-1-150x300.webp 150w, https:\/\/agoravape.com\/wp-content\/uploads\/2025\/10\/Bang-20000-Puffs-Digital-Screen-Disposable-Vape-Power-and-Flavour-That-Lasts_Agora_vape-1-512x1024.webp 512w, https:\/\/agoravape.com\/wp-content\/uploads\/2025\/10\/Bang-20000-Puffs-Digital-Screen-Disposable-Vape-Power-and-Flavour-That-Lasts_Agora_vape-1-768x1535.webp 768w, https:\/\/agoravape.com\/wp-content\/uploads\/2025\/10\/Bang-20000-Puffs-Digital-Screen-Disposable-Vape-Power-and-Flavour-That-Lasts_Agora_vape-1-769x1536.webp 769w, https:\/\/agoravape.com\/wp-content\/uploads\/2025\/10\/Bang-20000-Puffs-Digital-Screen-Disposable-Vape-Power-and-Flavour-That-Lasts_Agora_vape-1-1025x2048.webp 1025w\" sizes=\"auto, (max-width: 1080px) 100vw, 1080px\" \/><\/p>\n<h2 data-v-md-heading=\"tailored-for-you-and-your-business\" data-v-md-line=\"52\">\u00d6nre \u00e9s v\u00e1llalkoz\u00e1s\u00e1ra szabva<\/h2>\n<p data-v-md-line=\"54\">We have now launched Bang 20000 digital disposable vapes, which you can purchase separately or in bulk. We offer wholesale packaging of 200 units, making it convenient for you to provide customers with durable and high-performance vape products.<\/p>\n<p data-v-md-line=\"56\">We collaborate with trusted DDP (Delivered Duty Paid) partners such as UPS, DPD, and DHL to transport products to various locations in Europe. This means that the price you see is the final price you pay, without worrying about customs fees. Authentic product guarantee, door-to-door delivery.<\/p>\n<h2 data-v-md-heading=\"reasons-why-you-will-like-it\" data-v-md-line=\"58\">Reasons why you will like it<\/h2>\n<p data-v-md-line=\"60\"><strong>Ultra hossz\u00fa akkumul\u00e1tor-\u00fczemid\u0151:<\/strong>\u00a0Tart\u00f3s \u00e9s hossz\u00fa \u00e9lettartam\u00fa, nem ig\u00e9nyel gyakori v\u00e1s\u00e1rl\u00e1st.<br \/>\n<strong>Digit\u00e1lis kijelz\u0151:<\/strong>\u00a0The battery level and e-liquid remaining amount are clear at a glance.<br \/>\n<strong>Nicotine selection:<\/strong>\u00a0Kiv\u00e1laszthatod a sz\u00e1modra megfelel\u0151 nikotinkoncentr\u00e1ci\u00f3t, a nikotinmentest\u0151l az 5%-ig.<br \/>\n<strong>\u00dajrat\u00f6lthet\u0151:<\/strong>\u00a0This means you can fully utilize all the e-liquids you purchase.<br \/>\n<strong>H\u00e1l\u00f3s porlaszt\u00f3 mag:<\/strong>\u00a0Minden alkalommal stabil \u00e9s gazdag \u00edzt hozhat.<\/p>\n<h2 data-v-md-heading=\"why-choose-agoravape\" data-v-md-line=\"66\">Mi\u00e9rt v\u00e1lassza az AgoraVape-et?<\/h2>\n<p data-v-md-line=\"68\">As one of the most trusted vape distributors in Europe, we only sell 100% genuine products. For our corporate clients, this means that Bang\u2019s 20000 digital disposable vapes offer discounted wholesale prices, comprehensive technical support, and fast and reliable delivery. Contact us to make your customers truly appreciate the products you provide.<\/p>\n<p><script src=\"chrome-extension:\/\/fpelahbljekknahkcaegamhcndkfpfnc\/iFrame.js\" type=\"text\/javascript\"><\/script><\/p>","protected":false},"excerpt":{"rendered":"<p>What is the special feature of Bang 20000 digital disposable vapes? If you\u2019re tired of disposable vapes that run out<\/p>","protected":false},"featured_media":19153,"comment_status":"open","ping_status":"closed","template":"","meta":[],"product_brand":[197],"product_cat":[124,187,185,1636,189,123,176,174,175,193,191,173,186,180,190,192],"product_tag":[],"class_list":{"0":"post-19113","1":"product","2":"type-product","3":"status-publish","4":"has-post-thumbnail","6":"product_brand-bang","7":"product_cat-vape-by-brand","8":"product_cat-0mg-nicotine-free-vapes","9":"product_cat-10000-puffs-high-capacity","10":"product_cat-20000-puffs","11":"product_cat-20mg-standard-nicotine-vapes","12":"product_cat-bang","13":"product_cat-beverage","14":"product_cat-fruit-flavors","15":"product_cat-icy-mint","16":"product_cat-mesh-coil","17":"product_cat-rechargeable-disposables","18":"product_cat-vape-by-flavor-profile","19":"product_cat-vape-by-nicotine-strength","20":"product_cat-vape-by-puff-count","21":"product_cat-vape-by-feature-or-type","22":"product_cat-vapes-with-screens","24":"first","25":"instock","26":"shipping-taxable","27":"purchasable","28":"product-type-variable","29":"has-default-attributes"},"tiered_pricing_type":"percentage","tiered_pricing_fixed_rules":[],"tiered_pricing_product_settings":{"layout":"default","base_unit_name":{"singular":null,"plural":null},"default_variation":null},"tiered_pricing_minimum_quantity":10,"tiered_pricing_roles_data":[],"tiered_pricing_percentage_rules":{"30":"29","50":"35","100":"40","200":"44","500":"47","1000":"49"},"tiered_pricing_maximum_quantity":null,"tiered_pricing_quantity_step":"10","_links":{"self":[{"href":"https:\/\/agoravape.com\/hu\/wp-json\/wp\/v2\/product\/19113","targetHints":{"allow":["GET"]}}],"collection":[{"href":"https:\/\/agoravape.com\/hu\/wp-json\/wp\/v2\/product"}],"about":[{"href":"https:\/\/agoravape.com\/hu\/wp-json\/wp\/v2\/types\/product"}],"replies":[{"embeddable":true,"href":"https:\/\/agoravape.com\/hu\/wp-json\/wp\/v2\/comments?post=19113"}],"version-history":[{"count":0,"href":"https:\/\/agoravape.com\/hu\/wp-json\/wp\/v2\/product\/19113\/revisions"}],"wp:featuredmedia":[{"embeddable":true,"href":"https:\/\/agoravape.com\/hu\/wp-json\/wp\/v2\/media\/19153"}],"wp:attachment":[{"href":"https:\/\/agoravape.com\/hu\/wp-json\/wp\/v2\/media?parent=19113"}],"wp:term":[{"taxonomy":"product_brand","embeddable":true,"href":"https:\/\/agoravape.com\/hu\/wp-json\/wp\/v2\/product_brand?post=19113"},{"taxonomy":"product_cat","embeddable":true,"href":"https:\/\/agoravape.com\/hu\/wp-json\/wp\/v2\/product_cat?post=19113"},{"taxonomy":"product_tag","embeddable":true,"href":"https:\/\/agoravape.com\/hu\/wp-json\/wp\/v2\/product_tag?post=19113"}],"curies":[{"name":"wp","href":"https:\/\/api.w.org\/{rel}","templated":true}]}}