{"id":19156,"date":"2025-10-29T14:01:35","date_gmt":"2025-10-29T06:01:35","guid":{"rendered":"https:\/\/agoravape.com\/?post_type=product&#038;p=19156"},"modified":"2026-03-14T16:22:20","modified_gmt":"2026-03-14T15:22:20","slug":"bang-b20hd-20000-puffs-vape-patron","status":"publish","type":"product","link":"https:\/\/agoravape.com\/hu\/product\/bang-b20hd-20000-puffs-vape-cartridge\/","title":{"rendered":"Bang B20HD 20000 F\u00faj\u00e1s Eldobhat\u00f3 Vape Patron | Hatalmas F\u00faj\u00e1sok Sz\u00e1ma, Egyszer\u0171en Elk\u00e9sz\u00edtve"},"content":{"rendered":"<h2 data-v-md-heading=\"what-is-special-about-bang-b20hd-20000\" data-v-md-line=\"3\"><img loading=\"lazy\" decoding=\"async\" class=\"aligncenter size-full wp-image-19174\" src=\"https:\/\/agoravape.com\/wp-content\/uploads\/2025\/10\/Bang-B20HD-20000-Puffs-Disposable-Vape-Cartridge-Massive-Puff-Count-Made-Easy_Agora_vape-1-scaled.webp\" alt=\"\" width=\"2560\" height=\"1700\" srcset=\"https:\/\/agoravape.com\/wp-content\/uploads\/2025\/10\/Bang-B20HD-20000-Puffs-Disposable-Vape-Cartridge-Massive-Puff-Count-Made-Easy_Agora_vape-1-scaled.webp 2560w, https:\/\/agoravape.com\/wp-content\/uploads\/2025\/10\/Bang-B20HD-20000-Puffs-Disposable-Vape-Cartridge-Massive-Puff-Count-Made-Easy_Agora_vape-1-scaled-1200x797.webp 1200w, https:\/\/agoravape.com\/wp-content\/uploads\/2025\/10\/Bang-B20HD-20000-Puffs-Disposable-Vape-Cartridge-Massive-Puff-Count-Made-Easy_Agora_vape-1-300x199.webp 300w, https:\/\/agoravape.com\/wp-content\/uploads\/2025\/10\/Bang-B20HD-20000-Puffs-Disposable-Vape-Cartridge-Massive-Puff-Count-Made-Easy_Agora_vape-1-1024x680.webp 1024w, https:\/\/agoravape.com\/wp-content\/uploads\/2025\/10\/Bang-B20HD-20000-Puffs-Disposable-Vape-Cartridge-Massive-Puff-Count-Made-Easy_Agora_vape-1-768x510.webp 768w, https:\/\/agoravape.com\/wp-content\/uploads\/2025\/10\/Bang-B20HD-20000-Puffs-Disposable-Vape-Cartridge-Massive-Puff-Count-Made-Easy_Agora_vape-1-1536x1020.webp 1536w, https:\/\/agoravape.com\/wp-content\/uploads\/2025\/10\/Bang-B20HD-20000-Puffs-Disposable-Vape-Cartridge-Massive-Puff-Count-Made-Easy_Agora_vape-1-2048x1360.webp 2048w\" sizes=\"auto, (max-width: 2560px) 100vw, 2560px\" \/><\/h2>\n<h2 data-v-md-heading=\"what-is-special-about-bang-b20hd-20000\" data-v-md-line=\"3\">Mi a k\u00fcl\u00f6nleges a Bang B20HD 20000-ban?<\/h2>\n<p data-v-md-line=\"5\">Rendben, besz\u00e9lj\u00fcnk a Bang B20HD-r\u0151l. Ha m\u00e1r unod az eldobhat\u00f3 p\u00e1rologtat\u00f3kat, amelyek haszn\u00e1lat ut\u00e1n hamarosan lecsapnak, akkor ezt meg kell n\u00e9zned. El\u0151sz\u00f6r is, \u00e9szre fogja venni az elk\u00e9peszt\u0151 20000 portos akkumul\u00e1tor \u00e9lettartam\u00e1t. Ezt a term\u00e9ket kifejezetten olyan felhaszn\u00e1l\u00f3k sz\u00e1m\u00e1ra tervezt\u00e9k, akik megb\u00edzhat\u00f3, \u00edzletes, hossz\u00fa \u00e9lettartam\u00fa \u00e9s k\u00f6nnyen haszn\u00e1lhat\u00f3 vape-t szeretn\u00e9nek.<\/p>\n<p data-v-md-line=\"7\">Azt gondolhatod, hogy egy ilyen hossz\u00fa akkumul\u00e1tor-\u00e9lettartam\u00fa k\u00e9sz\u00fcl\u00e9k terjedelmes lenne, de a B20HD nem ilyen. Okos, k\u00e9tkomponens\u0171 kialak\u00edt\u00e1st alkalmaz: egy \u00fajrat\u00f6lthet\u0151 akkumul\u00e1tort \u00e9s egy f\u00fcggetlen, el\u0151re felt\u00f6lt\u00f6tt e-folyad\u00e9k patront. Miut\u00e1n a cigarettapatron elhaszn\u00e1l\u00f3dott, egyszer\u0171en cser\u00e9lje ki egy \u00fajjal. A p\u00e1rologtat\u00f3k haszn\u00e1lat\u00e1nak ez az intelligensebb m\u00f3dja nemcsak a hullad\u00e9k mennyis\u00e9g\u00e9t cs\u00f6kkenti, hanem egyszer\u0171 a m\u0171k\u00f6d\u00e9se \u00e9s k\u00e9nyelmes a sz\u00e1ll\u00edt\u00e1sa is.<\/p>\n<h2 data-v-md-heading=\"excellent-performance-easy-and-convenient\" data-v-md-line=\"9\">Kiv\u00e1l\u00f3 teljes\u00edtm\u00e9ny, egyszer\u0171 \u00e9s k\u00e9nyelmes<\/h2>\n<p data-v-md-line=\"11\">Ez a vape kiv\u00e1l\u00f3 \u00edzzel rendelkezik, k\u00f6sz\u00f6nhet\u0151en a be\u00e9p\u00edtett 1,2 \u03a9-os h\u00e1l\u00f3s porlaszt\u00f3magnak. Egyszer\u0171en fogalmazva, egyenletesen tudja felmeleg\u00edteni az e-folyad\u00e9kot, biztos\u00edtva, hogy minden falat az elej\u00e9t\u0151l a v\u00e9g\u00e9ig meg\u0151rizze a legjobb \u00edzt. Nincs \u00edzroml\u00e1s, csak egyenletes el\u00e9gedetts\u00e9g.<\/p>\n<p data-v-md-line=\"13\">Ha az akkumul\u00e1tor lemer\u00fcl, egyszer\u0171en haszn\u00e1ljon egy szabv\u00e1nyos C-t\u00edpus\u00fa adatk\u00e1belt a t\u00f6lt\u00e9shez - ugyan\u00fagy, mint a telefon t\u00f6lt\u00e9s\u00e9hez haszn\u00e1ltat. Nincs sz\u00fcks\u00e9g k\u00fcl\u00f6n t\u00f6lt\u0151re, egyszer\u0171 \u00e9s k\u00e9nyelmes. Egyszer\u0171en csatlakoztassa \u00e9s haszn\u00e1lja, \u00edgy biztos\u00edtva, hogy a patronban l\u00e9v\u0151 20 ml-es e-folyad\u00e9k minden cseppj\u00e9t el tudja haszn\u00e1lni.<\/p>\n<h2 data-v-md-heading=\"quick-overview-of-product-specifications\" data-v-md-line=\"15\">A term\u00e9kspecifik\u00e1ci\u00f3k gyors \u00e1ttekint\u00e9se<\/h2>\n<p data-v-md-line=\"17\"><strong>Doh\u00e1nyz\u00e1si gyakoris\u00e1g:<\/strong>\u00a0ak\u00e1r 20 000 f\u00faj\u00e1s<br \/>\n<strong>Nikotin koncentr\u00e1ci\u00f3:<\/strong> N\u00e9gy koncentr\u00e1ci\u00f3ban kaphat\u00f3: 0%, 2%, 3% \u00e9s 5%.<br \/>\n<strong>Haszn\u00e1lat:<\/strong>\u00a0L\u00e9legezz be az aktiv\u00e1l\u00e1shoz<br \/>\n<strong>T\u00f6lt\u00e9si m\u00f3d:<\/strong>\u00a0Szabv\u00e1nyos C t\u00edpus\u00fa USB csatlakoz\u00f3<br \/>\n<strong>\u00c1llapot:<\/strong>\u00a0A dobozb\u00f3l kiv\u00e9ve azonnal haszn\u00e1latra k\u00e9sz<\/p>\n<h2 data-v-md-heading=\"complete-flavor-lineup\" data-v-md-line=\"23\">Teljes \u00edzv\u00e1laszt\u00e9k<\/h2>\n<ul data-v-md-line=\"25\">\n<li>\u0150szibarack \u00e9s mang\u00f3<\/li>\n<li>Eper-mang\u00f3<\/li>\n<li>Eper \u00e9s ban\u00e1n<\/li>\n<li>Savany\u00fa alma<\/li>\n<li>G\u00f6r\u00f6gdinnye j\u00e9g<\/li>\n<li>V\u00f6r\u00f6s Bika<\/li>\n<li>\u00c1fonya \u00e9s sz\u0151l\u0151<\/li>\n<li>Fekete S\u00e1rk\u00e1ny J\u00e9g<\/li>\n<li>Vegyes gy\u00fcm\u00f6lcs\u00f6k<\/li>\n<li>Kiwi \u00e9s maracuja<\/li>\n<\/ul>\n<h2 data-v-md-heading=\"tailored-for-you-and-your-business\" data-v-md-line=\"36\">\u00d6nre \u00e9s v\u00e1llalkoz\u00e1s\u00e1ra szabva<\/h2>\n<p data-v-md-line=\"38\">A Bang B20HD 20000 megv\u00e1s\u00e1rolhat\u00f3 k\u00fcl\u00f6n-k\u00fcl\u00f6n vagy \u00f6mlesztve, ha \u00d6n egy v\u00e1llalkoz\u00e1s tulajdonosa. A berendez\u00e9s \u00e9s a patronok nagykereskedelmi csomagol\u00e1sban, dobozonk\u00e9nt 200 darabos kiszerel\u00e9sben ker\u00fclnek kisz\u00e1ll\u00edt\u00e1sra. Megb\u00edzhat\u00f3 DDP-partnerekkel, p\u00e9ld\u00e1ul a UPS, DPD \u00e9s DHL c\u00e9gekkel dolgozunk egy\u00fctt, hogy a term\u00e9keket Eur\u00f3pa k\u00fcl\u00f6nb\u00f6z\u0151 r\u00e9szeire v\u00e1mfizet\u00e9ses sz\u00e1ll\u00edt\u00e1ssal (DDP) sz\u00e1ll\u00edtsuk, \u00edgy nem kell agg\u00f3dnia a v\u00e1md\u00edjak miatt.<\/p>\n<h2 data-v-md-heading=\"reasons-why-you-will-like-it\" data-v-md-line=\"40\">Reasons why you will like it<\/h2>\n<p data-v-md-line=\"42\"><strong>Extra hossz\u00fa f\u00fcst\u00f6l\u00e9si id\u0151:<\/strong>\u00a0Hosszabb akkumul\u00e1tor-\u00e9lettartam, nem kell gyakran \u00faj patront v\u00e1s\u00e1rolni.<br \/>\n<strong>Intelligens cigarettapatron rendszer:<\/strong>\u00a0K\u00f6rnyezetbar\u00e1tabb \u00e9s k\u00e9nyelmesebb, mint a hagyom\u00e1nyos eldobhat\u00f3 p\u00e1rologtat\u00f3k.<br \/>\n<strong>Nikotinkoncentr\u00e1ci\u00f3 kiv\u00e1laszt\u00e1sa:<\/strong>\u00a0Kiv\u00e1laszthatod a sz\u00e1modra megfelel\u0151 nikotinkoncentr\u00e1ci\u00f3t.<br \/>\n<strong>\u00dajrat\u00f6lthet\u0151:<\/strong>\u00a0lehet\u0151v\u00e9 teszi az \u00f6sszes megv\u00e1s\u00e1rolt e-folyad\u00e9k felhaszn\u00e1l\u00e1s\u00e1t.<br \/>\n<strong>H\u00e1l\u00f3s porlaszt\u00f3 mag:<\/strong>\u00a0Minden alkalommal stabil \u00e9s gazdag \u00edzt hozhat.<\/p>\n<h2 data-v-md-heading=\"why-choose-agoravape\" data-v-md-line=\"48\">Mi\u00e9rt v\u00e1lassza az AgoraVape-et?<\/h2>\n<p data-v-md-line=\"50\">Eur\u00f3pa egyik legmegb\u00edzhat\u00f3bb vape forgalmaz\u00f3jak\u00e9nt kiz\u00e1r\u00f3lag 100% eredeti term\u00e9keket forgalmazunk. \u00dczleti \u00fcgyfeleink sz\u00e1m\u00e1ra ez Bang B20HD 20000 nagykereskedelmi \u00e1rkedvezm\u00e9nyeket, megb\u00edzhat\u00f3 t\u00e1mogat\u00e1st \u00e9s gyors sz\u00e1ll\u00edt\u00e1st jelent. Vegye fel vel\u00fcnk a kapcsolatot, \u00e9s \u00fcgyfelei val\u00f3ban \u00e9rt\u00e9kelni fogj\u00e1k a term\u00e9ket, amikor megv\u00e1s\u00e1rolj\u00e1k.<\/p>\n<p><script src=\"chrome-extension:\/\/fpelahbljekknahkcaegamhcndkfpfnc\/iFrame.js\" type=\"text\/javascript\"><\/script><\/p>\n<p><script src=\"chrome-extension:\/\/fpelahbljekknahkcaegamhcndkfpfnc\/iFrame.js\" type=\"text\/javascript\"><\/script><\/p>\n<p><script src=\"chrome-extension:\/\/fpelahbljekknahkcaegamhcndkfpfnc\/iFrame.js\" type=\"text\/javascript\"><\/script><\/p>\n<p><script src=\"chrome-extension:\/\/fpelahbljekknahkcaegamhcndkfpfnc\/iFrame.js\" type=\"text\/javascript\"><\/script><\/p>","protected":false},"excerpt":{"rendered":"<p>&nbsp;<\/p>\n<p><script src=\"chrome-extension:\/\/fpelahbljekknahkcaegamhcndkfpfnc\/iFrame.js\" type=\"text\/javascript\"><\/script><\/p>","protected":false},"featured_media":19185,"comment_status":"open","ping_status":"closed","template":"","meta":[],"product_brand":[197],"product_cat":[124,187,185,1636,189,123,176,174,175,193,191,173,186,180,190],"product_tag":[],"class_list":{"0":"post-19156","1":"product","2":"type-product","3":"status-publish","4":"has-post-thumbnail","6":"product_brand-bang","7":"product_cat-vape-by-brand","8":"product_cat-0mg-nicotine-free-vapes","9":"product_cat-10000-puffs-high-capacity","10":"product_cat-20000-puffs","11":"product_cat-20mg-standard-nicotine-vapes","12":"product_cat-bang","13":"product_cat-beverage","14":"product_cat-fruit-flavors","15":"product_cat-icy-mint","16":"product_cat-mesh-coil","17":"product_cat-rechargeable-disposables","18":"product_cat-vape-by-flavor-profile","19":"product_cat-vape-by-nicotine-strength","20":"product_cat-vape-by-puff-count","21":"product_cat-vape-by-feature-or-type","23":"first","24":"instock","25":"shipping-taxable","26":"purchasable","27":"product-type-variable","28":"has-default-attributes"},"tiered_pricing_type":"percentage","tiered_pricing_fixed_rules":[],"tiered_pricing_product_settings":{"layout":"default","base_unit_name":{"singular":null,"plural":null},"default_variation":null},"tiered_pricing_minimum_quantity":10,"tiered_pricing_roles_data":[],"tiered_pricing_percentage_rules":{"30":"29","50":"35","100":"40","200":"44","500":"47","1000":"49"},"tiered_pricing_maximum_quantity":null,"tiered_pricing_quantity_step":"10","_links":{"self":[{"href":"https:\/\/agoravape.com\/hu\/wp-json\/wp\/v2\/product\/19156","targetHints":{"allow":["GET"]}}],"collection":[{"href":"https:\/\/agoravape.com\/hu\/wp-json\/wp\/v2\/product"}],"about":[{"href":"https:\/\/agoravape.com\/hu\/wp-json\/wp\/v2\/types\/product"}],"replies":[{"embeddable":true,"href":"https:\/\/agoravape.com\/hu\/wp-json\/wp\/v2\/comments?post=19156"}],"version-history":[{"count":0,"href":"https:\/\/agoravape.com\/hu\/wp-json\/wp\/v2\/product\/19156\/revisions"}],"wp:featuredmedia":[{"embeddable":true,"href":"https:\/\/agoravape.com\/hu\/wp-json\/wp\/v2\/media\/19185"}],"wp:attachment":[{"href":"https:\/\/agoravape.com\/hu\/wp-json\/wp\/v2\/media?parent=19156"}],"wp:term":[{"taxonomy":"product_brand","embeddable":true,"href":"https:\/\/agoravape.com\/hu\/wp-json\/wp\/v2\/product_brand?post=19156"},{"taxonomy":"product_cat","embeddable":true,"href":"https:\/\/agoravape.com\/hu\/wp-json\/wp\/v2\/product_cat?post=19156"},{"taxonomy":"product_tag","embeddable":true,"href":"https:\/\/agoravape.com\/hu\/wp-json\/wp\/v2\/product_tag?post=19156"}],"curies":[{"name":"wp","href":"https:\/\/api.w.org\/{rel}","templated":true}]}}