{"id":19258,"date":"2025-10-29T15:14:53","date_gmt":"2025-10-29T07:14:53","guid":{"rendered":"https:\/\/agoravape.com\/?post_type=product&#038;p=19258"},"modified":"2026-03-26T13:22:49","modified_gmt":"2026-03-26T12:22:49","slug":"bang-28000-puff-halos-vape","status":"publish","type":"product","link":"https:\/\/agoravape.com\/hu\/product\/bang-28000-puffs-mesh-vape\/","title":{"rendered":"Bang 28000 Puffs Eldobhat\u00f3 E-cigaretta | T\u00e9nyleg Hosszan Tart\u00f3s \u00cdz"},"content":{"rendered":"<h2 data-v-md-heading=\"what-s-special-about-bang-28000\" data-v-md-line=\"3\">Mi a k\u00fcl\u00f6nleges a Bang 28000-ben?<\/h2>\n<p data-v-md-line=\"5\">Ha eleged van az eldobhat\u00f3 vape-ekb\u0151l, amik egy h\u00e9t alatt lemer\u00fclnek, akkor mindenk\u00e9ppen n\u00e9zd meg ezt a term\u00e9ket. A Bang 28000 tervez\u00e9si filoz\u00f3fi\u00e1ja egyetlen: a tart\u00f3ss\u00e1g. Ak\u00e1r 28000 slukk \u00fczemidej\u00e9vel v\u00e9gtelen doh\u00e1nyz\u00e1si \u00e9lm\u00e9nyben lehet r\u00e9szed. Azt gondolhatod, hogy egy ilyen tart\u00f3s vape neh\u00e9zkes, de kellemesen meglep\u0151dsz majd, hogy milyen k\u00e9nyelmes. Azoknak a vape-felhaszn\u00e1l\u00f3knak, akik csak megb\u00edzhat\u00f3s\u00e1gra, kiv\u00e1l\u00f3 \u00edzre \u00e9s egyszer\u0171 kezelhet\u0151s\u00e9gre v\u00e1gynak, ez az ide\u00e1lis v\u00e1laszt\u00e1s.<\/p>\n<h2 data-v-md-heading=\"excellent-performance-simple-and-easy-to-use\" data-v-md-line=\"7\">Excellent performance, simple and easy to use<\/h2>\n<p data-v-md-line=\"9\">A Bang 28000 kiv\u00e1l\u00f3 \u00edz\u00e9nek titka a be\u00e9p\u00edtett h\u00e1l\u00f3s porlaszt\u00f3magban rejlik. Ez a technol\u00f3gia gazdag \u00e9s \u00e1lland\u00f3 \u00edzt biztos\u00edt, lehet\u0151v\u00e9 t\u00e9ve, hogy minden falattal ugyanazt a csod\u00e1latos arom\u00e1t \u00e9lvezhesd, mint az els\u0151 falatn\u00e1l. Nincs sz\u00fcks\u00e9g gombokra vagy be\u00e1ll\u00edt\u00e1sokra; csak l\u00e9legezd be az ind\u00edt\u00e1shoz. Ha az akkumul\u00e1tor lemer\u00fclt, egyszer\u0171en haszn\u00e1lj egy szabv\u00e1nyos Type-C adatk\u00e1belt a t\u00f6lt\u00e9shez, ak\u00e1rcsak a telefonodat. Egyszer\u0171 \u00e9s k\u00e9nyelmes.<\/p>\n<h2 data-v-md-heading=\"quick-specifications\" data-v-md-line=\"11\">Gyors specifik\u00e1ci\u00f3k<\/h2>\n<p data-v-md-line=\"13\"><strong>Sz\u00edv\u00f3ny\u00edl\u00e1sok sz\u00e1ma:<\/strong>\u00a0ak\u00e1r 28000-ig.<br \/>\n<strong>Nikotin koncentr\u00e1ci\u00f3:<\/strong>\u00a0N\u00e9gy koncentr\u00e1ci\u00f3ban kaphat\u00f3: 0%, 2%, 3% \u00e9s 5%.<br \/>\n<strong>M\u0171k\u00f6d\u00e9si elv:<\/strong>\u00a0Egyszer\u0171en l\u00e9legezd be az aktiv\u00e1l\u00e1shoz.<br \/>\n<em>T\u00f6lt\u00e9si m\u00f3d:<\/em>* Szabv\u00e1nyos C t\u00edpus\u00fa USB csatlakoz\u00f3.<br \/>\n<strong>\u00c1llapot:<\/strong>\u00a0Kicsomagol\u00e1s ut\u00e1n haszn\u00e1latra k\u00e9sz.<\/p>\n<h2 data-v-md-heading=\"full-range-of-flavors\" data-v-md-line=\"19\">Full range of flavors<\/h2>\n<ul data-v-md-line=\"20\">\n<li>Epres g\u00f6r\u00f6gdinnyefagylalt<\/li>\n<li>K\u00e9k j\u00e9gp\u00e1lya<\/li>\n<li>Tigrisv\u00e9r (V\u00e9r \u00e9s homok)<\/li>\n<li>Anan\u00e1szos k\u00f3kusz<\/li>\n<li>Eper \u00e9s ban\u00e1n<\/li>\n<li>Vegyes gy\u00fcm\u00f6lcs\u00f6k<\/li>\n<li>\u00c1fonya \u00e9s m\u00e1lna<\/li>\n<li>\u0150szibarack j\u00e9g<\/li>\n<li>Mang\u00f3 \u00e9s \u0151szibarack<\/li>\n<li>G\u00f6r\u00f6gdinnye<\/li>\n<li>Sz\u0151l\u0151fagylalt<\/li>\n<li>Eper kivi<\/li>\n<\/ul>\n<h2 data-v-md-heading=\"for-you-for-your-business\" data-v-md-line=\"33\">\u00d6nnek, az \u00d6n v\u00e1llalkoz\u00e1s\u00e1nak<\/h2>\n<p data-v-md-line=\"34\">A Bang 28000-et k\u00fcl\u00f6n is megv\u00e1s\u00e1rolhatja, de ha \u00d6n v\u00e1llalkoz\u00f3, akkor is felt\u00f6ltheti k\u00e9szleteit. Nagykereskedelmi \u00e1ron, dobozonk\u00e9nt 200 darabos kiszerel\u00e9sben kaphat\u00f3k, \u00edgy k\u00f6nnyen elhelyezheti \u0151ket a polcokon. Megb\u00edzhat\u00f3 DDP partnereken, p\u00e9ld\u00e1ul UPS-en, DPD-n \u00e9s DHL-en kereszt\u00fcl sz\u00e1ll\u00edtunk Eur\u00f3pa-szerte, \u00edgy megrendel\u00e9seit gyorsan \u00e9s megb\u00edzhat\u00f3an megkaphatja, elker\u00fclve a v\u00e1ratlan v\u00e1mhelyzeteket.<\/p>\n<h2 data-v-md-heading=\"why-do-you-like-it\" data-v-md-line=\"36\">Mi\u00e9rt tetszik?<\/h2>\n<p data-v-md-line=\"37\"><strong>Extra sz\u00edv\u00e1s:<\/strong>\u00a0Olyan \u00e9rz\u00e9s, mintha \u00f6r\u00f6kk\u00e9 sz\u00edvn\u00e1k, \u00edgy nem kell gyakran \u00fajat venni.<br \/>\n<strong>Nicotine selection:<\/strong>\u00a0Kiv\u00e1laszthatod a sz\u00e1modra megfelel\u0151 nikotinkoncentr\u00e1ci\u00f3t, a nikotinmentest\u0151l az er\u0151sebb nikotinig.<br \/>\n<strong>\u00dajrat\u00f6lthet\u0151:<\/strong>\u00a0azt jelenti, hogy minden egyes csepp megv\u00e1s\u00e1rolt e-liquidet felhaszn\u00e1lhatsz.<br \/>\n<strong>Mesh coil:<\/strong>\u00a0Minden alkalommal k\u00f6vetkezetes \u00e9s gazdag \u00edzt biztos\u00edt.<\/p>\n<h2 data-v-md-heading=\"why-collaborate-with-agoravape\" data-v-md-line=\"42\">Mi\u00e9rt \u00e9rdemes az AgoraVape-pel egy\u00fcttm\u0171k\u00f6dni?<\/h2>\n<p data-v-md-line=\"43\">Eur\u00f3pa egyik legmegb\u00edzhat\u00f3bb vape forgalmaz\u00f3jak\u00e9nt kiz\u00e1r\u00f3lag 100%-ban eredeti term\u00e9keket forgalmazunk. Kereskedelmi \u00fcgyfeleink sz\u00e1m\u00e1ra ez azt jelenti, hogy a Bang 28000 vape-ek kedvezm\u00e9nyes nagykereskedelmi \u00e1rakkal, megb\u00edzhat\u00f3 \u00fcgyf\u00e9lszolg\u00e1lattal, valamint gyors \u00e9s megb\u00edzhat\u00f3 sz\u00e1ll\u00edt\u00e1ssal rendelkeznek. L\u00e9pjen kapcsolatba vel\u00fcnk, \u00e9s mi olyan term\u00e9ket biztos\u00edtunk \u00d6nnek, amelyet \u00fcgyfeleink val\u00f3ban \u00e9rt\u00e9kelnek.<\/p>","protected":false},"excerpt":{"rendered":"<p>What\u2019s special about Bang 28000? If you\u2019re tired of disposable vapes that run out of battery before a week, then<\/p>","protected":false},"featured_media":19280,"comment_status":"open","ping_status":"closed","template":"","meta":[],"product_brand":[197],"product_cat":[124,187,185,189,123,174,175,193,191,179,173,186,180,190],"product_tag":[],"class_list":{"0":"post-19258","1":"product","2":"type-product","3":"status-publish","4":"has-post-thumbnail","6":"product_brand-bang","7":"product_cat-vape-by-brand","8":"product_cat-0mg-nicotine-free-vapes","9":"product_cat-10000-puffs-high-capacity","10":"product_cat-20mg-standard-nicotine-vapes","11":"product_cat-bang","12":"product_cat-fruit-flavors","13":"product_cat-icy-mint","14":"product_cat-mesh-coil","15":"product_cat-rechargeable-disposables","16":"product_cat-unique-blends","17":"product_cat-vape-by-flavor-profile","18":"product_cat-vape-by-nicotine-strength","19":"product_cat-vape-by-puff-count","20":"product_cat-vape-by-feature-or-type","22":"first","23":"instock","24":"shipping-taxable","25":"purchasable","26":"product-type-variable","27":"has-default-attributes"},"tiered_pricing_type":"percentage","tiered_pricing_fixed_rules":[],"tiered_pricing_product_settings":{"layout":"default","base_unit_name":{"singular":null,"plural":null},"default_variation":null},"tiered_pricing_minimum_quantity":10,"tiered_pricing_roles_data":[],"tiered_pricing_percentage_rules":{"30":"29","50":"35","100":"40","200":"44","500":"47","1000":"49"},"tiered_pricing_maximum_quantity":null,"tiered_pricing_quantity_step":"10","_links":{"self":[{"href":"https:\/\/agoravape.com\/hu\/wp-json\/wp\/v2\/product\/19258","targetHints":{"allow":["GET"]}}],"collection":[{"href":"https:\/\/agoravape.com\/hu\/wp-json\/wp\/v2\/product"}],"about":[{"href":"https:\/\/agoravape.com\/hu\/wp-json\/wp\/v2\/types\/product"}],"replies":[{"embeddable":true,"href":"https:\/\/agoravape.com\/hu\/wp-json\/wp\/v2\/comments?post=19258"}],"version-history":[{"count":0,"href":"https:\/\/agoravape.com\/hu\/wp-json\/wp\/v2\/product\/19258\/revisions"}],"wp:featuredmedia":[{"embeddable":true,"href":"https:\/\/agoravape.com\/hu\/wp-json\/wp\/v2\/media\/19280"}],"wp:attachment":[{"href":"https:\/\/agoravape.com\/hu\/wp-json\/wp\/v2\/media?parent=19258"}],"wp:term":[{"taxonomy":"product_brand","embeddable":true,"href":"https:\/\/agoravape.com\/hu\/wp-json\/wp\/v2\/product_brand?post=19258"},{"taxonomy":"product_cat","embeddable":true,"href":"https:\/\/agoravape.com\/hu\/wp-json\/wp\/v2\/product_cat?post=19258"},{"taxonomy":"product_tag","embeddable":true,"href":"https:\/\/agoravape.com\/hu\/wp-json\/wp\/v2\/product_tag?post=19258"}],"curies":[{"name":"wp","href":"https:\/\/api.w.org\/{rel}","templated":true}]}}