{"id":19282,"date":"2025-10-29T17:00:15","date_gmt":"2025-10-29T09:00:15","guid":{"rendered":"https:\/\/agoravape.com\/?post_type=product&#038;p=19282"},"modified":"2026-03-26T13:22:49","modified_gmt":"2026-03-26T12:22:49","slug":"bang-30000-puffs-kettos-izu-vape","status":"publish","type":"product","link":"https:\/\/agoravape.com\/hu\/product\/bang-30000-puffs-dual-flavor-vape\/","title":{"rendered":"Bang 30000 Puffs Dual \u00cdz | K\u00e9t \u00edz, egy egyszer\u0171 eszk\u00f6z"},"content":{"rendered":"<h2 data-v-md-heading=\"what-s-special-about-bang-s-30000-dual-flavored-vapes\" data-v-md-line=\"3\"><img loading=\"lazy\" decoding=\"async\" class=\"size-full wp-image-19311 alignright\" src=\"https:\/\/agoravape.com\/wp-content\/uploads\/2025\/10\/Bang-30000-Puffs-Dual-Flavor-Two-Flavours-One-Simple-Device_Agora_vape-16.webp\" alt=\"\" width=\"800\" height=\"800\" srcset=\"https:\/\/agoravape.com\/wp-content\/uploads\/2025\/10\/Bang-30000-Puffs-Dual-Flavor-Two-Flavours-One-Simple-Device_Agora_vape-16.webp 800w, https:\/\/agoravape.com\/wp-content\/uploads\/2025\/10\/Bang-30000-Puffs-Dual-Flavor-Two-Flavours-One-Simple-Device_Agora_vape-16-600x600.webp 600w, https:\/\/agoravape.com\/wp-content\/uploads\/2025\/10\/Bang-30000-Puffs-Dual-Flavor-Two-Flavours-One-Simple-Device_Agora_vape-16-300x300.webp 300w, https:\/\/agoravape.com\/wp-content\/uploads\/2025\/10\/Bang-30000-Puffs-Dual-Flavor-Two-Flavours-One-Simple-Device_Agora_vape-16-150x150.webp 150w, https:\/\/agoravape.com\/wp-content\/uploads\/2025\/10\/Bang-30000-Puffs-Dual-Flavor-Two-Flavours-One-Simple-Device_Agora_vape-16-768x768.webp 768w\" sizes=\"auto, (max-width: 800px) 100vw, 800px\" \/><\/h2>\n<h2 data-v-md-heading=\"what-s-special-about-bang-s-30000-dual-flavored-vapes\" data-v-md-line=\"3\">Mi a k\u00fcl\u00f6nleges a Bang 30000 dual aroma vape-j\u00e9ben?<\/h2>\n<p data-v-md-line=\"5\">Vett\u00e9l m\u00e1r nagy kapacit\u00e1s\u00fa eldobhat\u00f3 vape-t, de meguntad az \u00edz\u00e9t, miel\u0151tt befejezted volna a doh\u00e1nyz\u00e1st? A Bang 30000 okos \u00e9s egyszer\u0171 megold\u00e1st k\u00edn\u00e1l. Nem csak egy \u00edz, hanem kett\u0151. Egyetlen finom megnyom\u00e1ssal b\u00e1rmikor v\u00e1lthatsz \u00edzeket, ami igaz\u00e1n csod\u00e1latos funkci\u00f3. Frissen \u00e9s \u00e9rdekesen tarthatja az \u00e9lm\u00e9nyt az utols\u00f3 falatig.<\/p>\n<p data-v-md-line=\"7\">Azoknak, akik szeretnek k\u00fcl\u00f6nb\u00f6z\u0151 \u00edzeket kipr\u00f3b\u00e1lni, de nem szeretn\u00e9nek k\u00e9t k\u00fcl\u00f6nb\u00f6z\u0151 eszk\u00f6zt magukkal hordani, ez a t\u00f6k\u00e9letes v\u00e1laszt\u00e1s. Ez az e-cigaretta kiv\u00e1l\u00f3 \u00e1r-\u00e9rt\u00e9k ar\u00e1nyt \u00e9s kiv\u00e1l\u00f3 \u00edzt k\u00edn\u00e1l, \u00e9s rendk\u00edv\u00fcl k\u00f6nnyen kezelhet\u0151. Egy megb\u00edzhat\u00f3, tart\u00f3s e-cigarett\u00e1t kapsz, ami soha nem fog csal\u00f3d\u00e1st okozni.<\/p>\n<h2 data-v-md-heading=\"excellent-performance-and-simple-operation\" data-v-md-line=\"9\">Kiv\u00e1l\u00f3 teljes\u00edtm\u00e9ny \u00e9s egyszer\u0171 kezel\u00e9s<\/h2>\n<p data-v-md-line=\"11\">Kiv\u00e1l\u00f3 \u00edz\u00e9nek titka a bels\u0151 h\u00e1l\u00f3s tekercsekben rejlik. Egyenletes f\u0171t\u00e9si kialak\u00edt\u00e1st alkalmaz, hogy az e-liquid egyenletesen melegedjen fel, \u00edgy ak\u00e1r az els\u0151 slukkot, ak\u00e1r t\u00f6bb ezer slukkot sz\u00edvsz, teljes \u00e9s stabil \u00edzt kapsz. Azt gondolhatod, hogy ez az e-cigaretta sok slukkot b\u00edr ki, \u00e9s a m\u0171k\u00f6d\u00e9se nagyon bonyolult, de val\u00f3j\u00e1ban meglep\u0151en egyszer\u0171.<\/p>\n<p data-v-md-line=\"13\">Amikor az akkumul\u00e1tor lemer\u00fcl\u0151ben van, szabv\u00e1nyos Type-C t\u00f6lt\u0151interf\u00e9sszel van felszerelve. Csak ugyanazt az adatk\u00e1belt kell haszn\u00e1lnod, amelyet \u00e1ltal\u00e1ban a telefon vagy m\u00e1s elektronikus eszk\u00f6z\u00f6k t\u00f6lt\u00e9s\u00e9hez haszn\u00e1lsz. Ez egy apr\u00f3 r\u00e9szlet, amely k\u00e9nyelmesebb\u00e9 teszi a felhaszn\u00e1l\u00f3i \u00e9lm\u00e9nyt.<\/p>\n<h2 data-v-md-heading=\"quick-specifications\" data-v-md-line=\"15\">Gyors specifik\u00e1ci\u00f3k<\/h2>\n<p data-v-md-line=\"17\"><strong>Sz\u00edv\u00f3ny\u00edl\u00e1sok sz\u00e1ma:<\/strong>\u00a0ak\u00e1r 30000 port<\/p>\n<p data-v-md-line=\"19\"><strong>e-folyad\u00e9k kapacit\u00e1s:<\/strong>\u00a0El\u0151re telep\u00edtett 36 ml-es e-folyad\u00e9k<\/p>\n<p data-v-md-line=\"21\"><strong>Nikotin koncentr\u00e1ci\u00f3:<\/strong>\u00a0N\u00e9gy koncentr\u00e1ci\u00f3ban kaphat\u00f3: 0%, 2%, 3% \u00e9s 5%.<\/p>\n<p data-v-md-line=\"23\"><strong>Haszn\u00e1lat:<\/strong>\u00a0L\u00e9legezz be az aktiv\u00e1l\u00e1shoz<\/p>\n<p data-v-md-line=\"25\"><strong>T\u00f6lt\u00e9si m\u00f3d:<\/strong>\u00a0Szabv\u00e1nyos C t\u00edpus\u00fa USB csatlakoz\u00f3<\/p>\n<p data-v-md-line=\"27\"><strong>\u00c1llapot:<\/strong>\u00a0A dobozb\u00f3l kiv\u00e9ve azonnal haszn\u00e1latra k\u00e9sz<\/p>\n<h2 data-v-md-heading=\"complete-flavor-lineup\" data-v-md-line=\"29\">Teljes \u00edzv\u00e1laszt\u00e9k<\/h2>\n<ul data-v-md-line=\"31\">\n<li>G\u00f6r\u00f6gdinnye\/\u00c1fonya Borsmenta<\/li>\n<li>Savany\u00fa alma\/\u00e1fonya-m\u00e1lna<\/li>\n<li>Red Bull\/Eper-mang\u00f3<\/li>\n<li>Sz\u0151l\u0151j\u00e9g\/cseresznye k\u00f3la<\/li>\n<li>\u0150szibarackos j\u00e9g\/epres g\u00f6r\u00f6gdinnye<\/li>\n<li>Love66\/Eper-kivi<\/li>\n<li>Cseresznyevir\u00e1g sz\u0151l\u0151\/eper licsi<\/li>\n<li>Vegyes gy\u00fcm\u00f6lcs\u00f6k\/\u00e1fonyafagylalt<\/li>\n<li>Fekete S\u00e1rk\u00e1ny J\u00e9g\/Eper Ban\u00e1n<\/li>\n<li>Mang\u00f3-\u0151szibarack\/ban\u00e1nfagylalt<\/li>\n<li>Dupla alma\/kivi maracuja guava<\/li>\n<li>Menta j\u00e9g\/h\u00e1rmas bogy\u00f3s<\/li>\n<li>\u00c1fonya, cseresznye, t\u0151zeg\u00e1fonya\/g\u00f6r\u00f6gdinnye bogy\u00f3k<\/li>\n<li>Anan\u00e1szos-j\u00e9ges\/\u00e1fony\u00e1s-m\u00e1ln\u00e1s-szederes<\/li>\n<li>Lila es\u0151\/Eper m\u00e1lna cseresznye j\u00e9g<\/li>\n<li>Szeder, \u00e1fonya, j\u00e9g\/mang\u00f3, anan\u00e1sz, \u0151szibarack<\/li>\n<\/ul>\n<h2 data-v-md-heading=\"suitable-for-you-and-your-business\" data-v-md-line=\"48\">Alkalmas \u00d6nnek \u00e9s v\u00e1llalkoz\u00e1s\u00e1nak<\/h2>\n<p data-v-md-line=\"50\">We have launched Bang 30000 dual flavored vapes, which you can purchase separately. If you are a merchant, you can also make bulk purchases. We offer wholesale packaging of 200 units, which is the ideal choice for any vape store counter.<\/p>\n<p data-v-md-line=\"52\">We collaborate with trusted logistics partners such as UPS, DPD, and DHL to handle all logistics matters. All products are delivered after tax (DDP) service, which means the price you see is the final price you pay. There is no need to worry about customs charging any additional fees or taxes.<\/p>\n<h2 data-v-md-heading=\"the-reason-why-you-will-like-it\" data-v-md-line=\"54\">Az ok, ami\u00e9rt tetszeni fog<\/h2>\n<p data-v-md-line=\"56\"><strong>Ultra hossz\u00fa akkumul\u00e1tor-\u00fczemid\u0151:<\/strong>\u00a0Durable and long-lasting, saving you expenses and reducing the number of times you go to the store.<\/p>\n<p data-v-md-line=\"58\"><strong>Kett\u0151s \u00edzek:<\/strong>\u00a0Tired of one flavor? Just switch to another option. It\u2019s like having two vapes.<\/p>\n<p data-v-md-line=\"60\"><strong>Nicotine selection:<\/strong>\u00a0You can choose the appropriate nicotine concentration according to your own needs, from nicotine free to stronger taste, everything is available.<\/p>\n<p data-v-md-line=\"62\"><strong>\u00dajrat\u00f6lthet\u0151:<\/strong>\u00a0This means you can fully utilize the 36 milliliters of e-liquid you purchased.<\/p>\n<p data-v-md-line=\"64\"><strong>H\u00e1l\u00f3s porlaszt\u00f3 mag:<\/strong>\u00a0Minden alkalommal stabil \u00e9s gazdag \u00edzt hozhat.<\/p>\n<h2 data-v-md-heading=\"why-choose-to-collaborate-with-agoravape\" data-v-md-line=\"66\">Mi\u00e9rt \u00e9rdemes az AgoraVape-pel egy\u00fcttm\u0171k\u00f6dni?<\/h2>\n<p data-v-md-line=\"68\">As one of the most trusted vape distributors in Europe, we only sell 100% genuine products. For our corporate clients, this means Bang 30000 dual flavored vapes will provide you with highly competitive wholesale prices, reliable technical support, and fast and stable delivery services. Contact us immediately to truly thank your customers for providing this product.<\/p>\n<p><script src=\"chrome-extension:\/\/fpelahbljekknahkcaegamhcndkfpfnc\/iFrame.js\" type=\"text\/javascript\"><\/script><\/p>","protected":false},"excerpt":{"rendered":"<p>&nbsp;<\/p>\n<p><script src=\"chrome-extension:\/\/fpelahbljekknahkcaegamhcndkfpfnc\/iFrame.js\" type=\"text\/javascript\"><\/script><\/p>","protected":false},"featured_media":19296,"comment_status":"open","ping_status":"closed","template":"","meta":[],"product_brand":[197],"product_cat":[124,187,185,189,123,176,195,174,175,193,191,173,186,180,190],"product_tag":[],"class_list":{"0":"post-19282","1":"product","2":"type-product","3":"status-publish","4":"has-post-thumbnail","6":"product_brand-bang","7":"product_cat-vape-by-brand","8":"product_cat-0mg-nicotine-free-vapes","9":"product_cat-10000-puffs-high-capacity","10":"product_cat-20mg-standard-nicotine-vapes","11":"product_cat-bang","12":"product_cat-beverage","13":"product_cat-dual-flavor-switch","14":"product_cat-fruit-flavors","15":"product_cat-icy-mint","16":"product_cat-mesh-coil","17":"product_cat-rechargeable-disposables","18":"product_cat-vape-by-flavor-profile","19":"product_cat-vape-by-nicotine-strength","20":"product_cat-vape-by-puff-count","21":"product_cat-vape-by-feature-or-type","23":"first","24":"instock","25":"shipping-taxable","26":"purchasable","27":"product-type-variable","28":"has-default-attributes"},"tiered_pricing_type":"percentage","tiered_pricing_fixed_rules":[],"tiered_pricing_product_settings":{"layout":"default","base_unit_name":{"singular":null,"plural":null},"default_variation":null},"tiered_pricing_minimum_quantity":10,"tiered_pricing_roles_data":[],"tiered_pricing_percentage_rules":{"30":"29","50":"35","100":"40","200":"44","500":"47","1000":"49"},"tiered_pricing_maximum_quantity":null,"tiered_pricing_quantity_step":"10","_links":{"self":[{"href":"https:\/\/agoravape.com\/hu\/wp-json\/wp\/v2\/product\/19282","targetHints":{"allow":["GET"]}}],"collection":[{"href":"https:\/\/agoravape.com\/hu\/wp-json\/wp\/v2\/product"}],"about":[{"href":"https:\/\/agoravape.com\/hu\/wp-json\/wp\/v2\/types\/product"}],"replies":[{"embeddable":true,"href":"https:\/\/agoravape.com\/hu\/wp-json\/wp\/v2\/comments?post=19282"}],"version-history":[{"count":0,"href":"https:\/\/agoravape.com\/hu\/wp-json\/wp\/v2\/product\/19282\/revisions"}],"wp:featuredmedia":[{"embeddable":true,"href":"https:\/\/agoravape.com\/hu\/wp-json\/wp\/v2\/media\/19296"}],"wp:attachment":[{"href":"https:\/\/agoravape.com\/hu\/wp-json\/wp\/v2\/media?parent=19282"}],"wp:term":[{"taxonomy":"product_brand","embeddable":true,"href":"https:\/\/agoravape.com\/hu\/wp-json\/wp\/v2\/product_brand?post=19282"},{"taxonomy":"product_cat","embeddable":true,"href":"https:\/\/agoravape.com\/hu\/wp-json\/wp\/v2\/product_cat?post=19282"},{"taxonomy":"product_tag","embeddable":true,"href":"https:\/\/agoravape.com\/hu\/wp-json\/wp\/v2\/product_tag?post=19282"}],"curies":[{"name":"wp","href":"https:\/\/api.w.org\/{rel}","templated":true}]}}