{"id":19379,"date":"2025-10-29T21:14:24","date_gmt":"2025-10-29T13:14:24","guid":{"rendered":"https:\/\/agoravape.com\/?post_type=product&#038;p=19379"},"modified":"2026-03-26T13:22:39","modified_gmt":"2026-03-26T12:22:39","slug":"bang-36000-puffs-halos-tekercs-vape","status":"publish","type":"product","link":"https:\/\/agoravape.com\/hu\/product\/bang-36000-puffs-mesh-coil-vape\/","title":{"rendered":"Bang 36000 Puffs | Egy igaz\u00e1n hosszan tart\u00f3 vape"},"content":{"rendered":"<h2 data-v-md-heading=\"what-is-special-about-bang-36000\" data-v-md-line=\"3\"><img loading=\"lazy\" decoding=\"async\" class=\"size-full wp-image-19393 alignright\" src=\"https:\/\/agoravape.com\/wp-content\/uploads\/2025\/10\/Bang-36000-Puffs-A-Seriously-Long-Lasting-Vape_Agora_vape-1.webp\" alt=\"\" width=\"721\" height=\"1192\" srcset=\"https:\/\/agoravape.com\/wp-content\/uploads\/2025\/10\/Bang-36000-Puffs-A-Seriously-Long-Lasting-Vape_Agora_vape-1.webp 721w, https:\/\/agoravape.com\/wp-content\/uploads\/2025\/10\/Bang-36000-Puffs-A-Seriously-Long-Lasting-Vape_Agora_vape-1-181x300.webp 181w, https:\/\/agoravape.com\/wp-content\/uploads\/2025\/10\/Bang-36000-Puffs-A-Seriously-Long-Lasting-Vape_Agora_vape-1-619x1024.webp 619w\" sizes=\"auto, (max-width: 721px) 100vw, 721px\" \/><\/h2>\n<h2 data-v-md-heading=\"what-is-special-about-bang-36000\" data-v-md-line=\"3\">Mi a k\u00fcl\u00f6nleges a Bang 36000-ben?<\/h2>\n<p data-v-md-line=\"5\">Ha belef\u00e1radt\u00e1l az eldobhat\u00f3 p\u00e1rologtat\u00f3kba, amelyekb\u0151l egy h\u00e9t el\u0151tt lemer\u00fcl az akkumul\u00e1tor, akkor ezt a term\u00e9ket meg kell n\u00e9zned. A Bang 36000 tervez\u00e9si filoz\u00f3fi\u00e1ja csak egy: a tart\u00f3ss\u00e1g. Elk\u00e9peszt\u0151 36000 portos akkumul\u00e1tor \u00e9lettartammal rendelkezik, \u00edgy elker\u00fclheti a gyakori cser\u00e9t.<\/p>\n<p data-v-md-line=\"7\">Mindenki sz\u00e1m\u00e1ra, aki egy megb\u00edzhat\u00f3, finom \u00e9s k\u00f6nnyen haszn\u00e1lhat\u00f3 vape-t szeretne, ez a t\u00f6k\u00e9letes v\u00e1laszt\u00e1s. Nincs sz\u00fcks\u00e9g f\u00e1raszt\u00f3 olajoz\u00e1si l\u00e9p\u00e9sekre vagy bonyolult be\u00e1ll\u00edt\u00e1sokra. Csak vegye ki a csomagol\u00f3 dobozb\u00f3l, \u00e9s \u00e9lvezze a v\u00e9gtelennek t\u0171n\u0151 \u00e9s hosszan tart\u00f3 \u00e9lm\u00e9nyt. Ennyire egyszer\u0171.<\/p>\n<h2 data-v-md-heading=\"excellent-performance-and-easy-operation\" data-v-md-line=\"9\">Kiv\u00e1l\u00f3 teljes\u00edtm\u00e9ny \u00e9s egyszer\u0171 kezelhet\u0151s\u00e9g<\/h2>\n<p data-v-md-line=\"11\">Azt gondolhatod, hogy ez a vape ennyi sz\u00edv\u00f3ny\u00edl\u00e1ssal rendelkezik, de nem kis m\u00e9ret\u0171, \u00e9s a m\u0171k\u00f6d\u00e9se viszonylag bonyolult, de kellemesen meg fogsz lep\u0151dni, hogy nagyon k\u00e9nyelmes a kezedben tartani. A kiv\u00e1l\u00f3 \u00edz titka a be\u00e9p\u00edtett 1,0 \u03a9-os h\u00e1l\u00f3s porlaszt\u00f3 magban rejlik. Egyszer\u0171en fogalmazva ez azt jelenti, hogy minden egyes falat ugyanolyan tiszta \u00e9s gazdag, mint az els\u0151, an\u00e9lk\u00fcl, hogy f\u00e9lig-meddig \u00e9gett \u00edze lenne.<\/p>\n<p data-v-md-line=\"13\">Ha az akkumul\u00e1tor lemer\u00fclt, akkor is haszn\u00e1lhat egy szabv\u00e1nyos C-t\u00edpus\u00fa adatk\u00e1belt a t\u00f6lt\u00e9shez, ak\u00e1rcsak a telefon t\u00f6lt\u00e9s\u00e9hez. Ez az egyszer\u0171 kialak\u00edt\u00e1s biztos\u00edtja, hogy teljes m\u00e9rt\u00e9kben \u00e9lvezhesse a megv\u00e1s\u00e1rolt 36 ml e-folyad\u00e9kot.<\/p>\n<h2 data-v-md-heading=\"brief-specifications\" data-v-md-line=\"15\">R\u00f6vid specifik\u00e1ci\u00f3k<\/h2>\n<p data-v-md-line=\"17\"><strong>Sz\u00edv\u00f3ny\u00edl\u00e1sok sz\u00e1ma:<\/strong>\u00a0ak\u00e1r 36000 port<\/p>\n<p data-v-md-line=\"19\"><strong>Nikotin koncentr\u00e1ci\u00f3:<\/strong>\u00a0N\u00e9gy koncentr\u00e1ci\u00f3ban kaphat\u00f3: 0%, 2%, 3% \u00e9s 5%.<\/p>\n<p data-v-md-line=\"21\"><strong>Haszn\u00e1lat:<\/strong>\u00a0L\u00e9legezz be az aktiv\u00e1l\u00e1shoz<\/p>\n<p data-v-md-line=\"23\"><strong>T\u00f6lt\u00e9si m\u00f3d:<\/strong>\u00a0Szabv\u00e1nyos C t\u00edpus\u00fa USB csatlakoz\u00f3<\/p>\n<p data-v-md-line=\"25\"><strong>\u00c1llapot:<\/strong>\u00a0A dobozb\u00f3l kiv\u00e9ve azonnal haszn\u00e1latra k\u00e9sz<\/p>\n<h2 data-v-md-heading=\"complete-flavor-lineup\" data-v-md-line=\"27\">Teljes \u00edzv\u00e1laszt\u00e9k<\/h2>\n<ul data-v-md-line=\"29\">\n<li>G\u00f6r\u00f6gdinnye j\u00e9g<\/li>\n<li>Eper g\u00f6r\u00f6gdinnye<\/li>\n<li>Eper kivi<\/li>\n<li>Eper-mang\u00f3<\/li>\n<li>Eper \u00e9s ban\u00e1n<\/li>\n<li>Fekete S\u00e1rk\u00e1ny J\u00e9g<\/li>\n<li>Sz\u0151l\u0151fagylalt<\/li>\n<li>K\u00e9k j\u00e9gp\u00e1lya<\/li>\n<li>\u00c1fonya \u00e9s m\u00e1lna<\/li>\n<li>Vegyes gy\u00fcm\u00f6lcs\u00f6k<\/li>\n<li>Taomang Watermelon<\/li>\n<li>H\u00e1rmas bogy\u00f3<\/li>\n<\/ul>\n<h2 data-v-md-heading=\"tailored-for-you-and-your-business\" data-v-md-line=\"42\">\u00d6nre \u00e9s v\u00e1llalkoz\u00e1s\u00e1ra szabva<\/h2>\n<p data-v-md-line=\"44\">A Bang 36000 egy\u00e9ni v\u00e1s\u00e1rl\u00e1sra is kaphat\u00f3, \u00e9s ha \u00d6n c\u00e9gtulajdonos, akkor \u00f6mlesztve is v\u00e1s\u00e1rolhat. Nagykereskedelmi csomagol\u00e1st k\u00edn\u00e1lunk 160 darabos kiszerel\u00e9sben, ami ellen\u00e1llhatatlann\u00e1 teszi a v\u00e1s\u00e1rl\u00f3k sz\u00e1m\u00e1ra.<\/p>\n<p data-v-md-line=\"46\">A v\u00e1s\u00e1rl\u00e1st olyan egyszer\u0171v\u00e9 tessz\u00fck, mint a haszn\u00e1latot. Mivel megb\u00edzhat\u00f3 DDP (Delivered Duty Paid) partnerekkel, p\u00e9ld\u00e1ul a UPS, a DPD \u00e9s a DHL c\u00e9gekkel dolgozunk egy\u00fctt az Eur\u00f3pa-szerte t\u00f6rt\u00e9n\u0151 sz\u00e1ll\u00edt\u00e1sban, nem kell agg\u00f3dnia a megrendel\u00e9s\u00e9vel kapcsolatos v\u00e1mprobl\u00e9m\u00e1k miatt. Egyszer\u0171 \u00e9s megb\u00edzhat\u00f3 szolg\u00e1ltat\u00e1sokat ny\u00fajtunk.<\/p>\n<h2 data-v-md-heading=\"reasons-why-you-will-like-it\" data-v-md-line=\"48\">Reasons why you will like it<\/h2>\n<p data-v-md-line=\"50\"><strong>Ultra hossz\u00fa akkumul\u00e1tor-\u00fczemid\u0151:<\/strong>\u00a0Tart\u00f3s \u00e9s hossz\u00fa \u00e9lettartam\u00fa, p\u00e9nzt \u00e9s energi\u00e1t takar\u00edt meg.<\/p>\n<p data-v-md-line=\"52\"><strong>Nikotinkoncentr\u00e1ci\u00f3 kiv\u00e1laszt\u00e1sa:<\/strong>\u00a0Kiv\u00e1laszthatod a sz\u00e1modra megfelel\u0151 nikotinkoncentr\u00e1ci\u00f3t.<\/p>\n<p data-v-md-line=\"54\"><strong>\u00dajrat\u00f6lthet\u0151:<\/strong>\u00a0lehet\u0151v\u00e9 teszi, hogy az e-folyad\u00e9k minden cseppj\u00e9t felhaszn\u00e1lja.<\/p>\n<p data-v-md-line=\"56\"><strong>H\u00e1l\u00f3s porlaszt\u00f3 mag:<\/strong>\u00a0Minden alkalommal sima \u00e9s gazdag \u00edzt biztos\u00edt.<\/p>\n<p data-v-md-line=\"58\"><strong>K\u00f6nnyen haszn\u00e1lhat\u00f3:<\/strong>\u00a0Nincs sz\u00fcks\u00e9g gombokra, nincs sz\u00fcks\u00e9g be\u00e1ll\u00edt\u00e1sokra. Csak nyissa meg \u00e9s \u00e9lvezze.<\/p>\n<h2 data-v-md-heading=\"why-choose-to-collaborate-with-agoravape\" data-v-md-line=\"60\">Mi\u00e9rt \u00e9rdemes az AgoraVape-pel egy\u00fcttm\u0171k\u00f6dni?<\/h2>\n<p data-v-md-line=\"62\">Eur\u00f3pa egyik legmegb\u00edzhat\u00f3bb vape forgalmaz\u00f3jak\u00e9nt kiz\u00e1r\u00f3lag 100% eredeti term\u00e9keket forgalmazunk. V\u00e1llalati \u00fcgyfeleink sz\u00e1m\u00e1ra ez azt jelenti, hogy a Bang 36000 Puffs vapes kedvezm\u00e9nyes nagykereskedelmi \u00e1rakat, kiv\u00e1l\u00f3 technikai t\u00e1mogat\u00e1st, valamint gyors \u00e9s megb\u00edzhat\u00f3 sz\u00e1ll\u00edt\u00e1st k\u00edn\u00e1l. Vegye fel vel\u00fcnk a kapcsolatot azonnal, \u00e9s v\u00e1s\u00e1rolja meg ezt a term\u00e9ket. \u00dcgyfelei igaz\u00e1n \u00e9rt\u00e9kelni fogj\u00e1k.<\/p>\n<p><script src=\"chrome-extension:\/\/fpelahbljekknahkcaegamhcndkfpfnc\/iFrame.js\" type=\"text\/javascript\"><\/script><\/p>","protected":false},"excerpt":{"rendered":"<p>&nbsp;<\/p>\n<p><script src=\"chrome-extension:\/\/fpelahbljekknahkcaegamhcndkfpfnc\/iFrame.js\" type=\"text\/javascript\"><\/script><\/p>\n<p><script src=\"chrome-extension:\/\/fpelahbljekknahkcaegamhcndkfpfnc\/iFrame.js\" type=\"text\/javascript\"><\/script><\/p>","protected":false},"featured_media":19398,"comment_status":"open","ping_status":"closed","template":"","meta":[],"product_brand":[197],"product_cat":[124,187,185,189,123,174,175,193,191,173,186,180,190],"product_tag":[],"class_list":{"0":"post-19379","1":"product","2":"type-product","3":"status-publish","4":"has-post-thumbnail","6":"product_brand-bang","7":"product_cat-vape-by-brand","8":"product_cat-0mg-nicotine-free-vapes","9":"product_cat-10000-puffs-high-capacity","10":"product_cat-20mg-standard-nicotine-vapes","11":"product_cat-bang","12":"product_cat-fruit-flavors","13":"product_cat-icy-mint","14":"product_cat-mesh-coil","15":"product_cat-rechargeable-disposables","16":"product_cat-vape-by-flavor-profile","17":"product_cat-vape-by-nicotine-strength","18":"product_cat-vape-by-puff-count","19":"product_cat-vape-by-feature-or-type","21":"first","22":"instock","23":"shipping-taxable","24":"purchasable","25":"product-type-variable","26":"has-default-attributes"},"tiered_pricing_type":"percentage","tiered_pricing_fixed_rules":[],"tiered_pricing_product_settings":{"layout":"default","base_unit_name":{"singular":null,"plural":null},"default_variation":null},"tiered_pricing_minimum_quantity":10,"tiered_pricing_roles_data":[],"tiered_pricing_percentage_rules":{"30":"29","50":"35","100":"40","200":"44","500":"47","1000":"49"},"tiered_pricing_maximum_quantity":null,"tiered_pricing_quantity_step":"10","_links":{"self":[{"href":"https:\/\/agoravape.com\/hu\/wp-json\/wp\/v2\/product\/19379","targetHints":{"allow":["GET"]}}],"collection":[{"href":"https:\/\/agoravape.com\/hu\/wp-json\/wp\/v2\/product"}],"about":[{"href":"https:\/\/agoravape.com\/hu\/wp-json\/wp\/v2\/types\/product"}],"replies":[{"embeddable":true,"href":"https:\/\/agoravape.com\/hu\/wp-json\/wp\/v2\/comments?post=19379"}],"version-history":[{"count":0,"href":"https:\/\/agoravape.com\/hu\/wp-json\/wp\/v2\/product\/19379\/revisions"}],"wp:featuredmedia":[{"embeddable":true,"href":"https:\/\/agoravape.com\/hu\/wp-json\/wp\/v2\/media\/19398"}],"wp:attachment":[{"href":"https:\/\/agoravape.com\/hu\/wp-json\/wp\/v2\/media?parent=19379"}],"wp:term":[{"taxonomy":"product_brand","embeddable":true,"href":"https:\/\/agoravape.com\/hu\/wp-json\/wp\/v2\/product_brand?post=19379"},{"taxonomy":"product_cat","embeddable":true,"href":"https:\/\/agoravape.com\/hu\/wp-json\/wp\/v2\/product_cat?post=19379"},{"taxonomy":"product_tag","embeddable":true,"href":"https:\/\/agoravape.com\/hu\/wp-json\/wp\/v2\/product_tag?post=19379"}],"curies":[{"name":"wp","href":"https:\/\/api.w.org\/{rel}","templated":true}]}}