{"id":19439,"date":"2025-10-30T09:44:27","date_gmt":"2025-10-30T01:44:27","guid":{"rendered":"https:\/\/agoravape.com\/?post_type=product&#038;p=19439"},"modified":"2026-01-30T17:05:52","modified_gmt":"2026-01-30T09:05:52","slug":"bang-blaze-42000-puffs-dual-mesh-vape","status":"publish","type":"product","link":"https:\/\/agoravape.com\/hu\/product\/bang-blaze-42000-puffs-dual-mesh-vape\/","title":{"rendered":"Bang Blaze 42000 F\u00faj\u00e1s | Hatalmas, Hosszantart\u00f3 \u00cdz"},"content":{"rendered":"<h2 data-v-md-heading=\"what-is-special-about-bang-blaze-42000-mouth\" data-v-md-line=\"3\"><img loading=\"lazy\" decoding=\"async\" class=\"aligncenter size-full wp-image-19455\" src=\"https:\/\/agoravape.com\/wp-content\/uploads\/2025\/10\/Bang-Blaze-42000-Puffs-Massive-Flavour-That-Lasts_Agora_vape-scaled.webp\" alt=\"\" width=\"1652\" height=\"2560\" srcset=\"https:\/\/agoravape.com\/wp-content\/uploads\/2025\/10\/Bang-Blaze-42000-Puffs-Massive-Flavour-That-Lasts_Agora_vape-scaled.webp 1652w, https:\/\/agoravape.com\/wp-content\/uploads\/2025\/10\/Bang-Blaze-42000-Puffs-Massive-Flavour-That-Lasts_Agora_vape-scaled-1200x1860.webp 1200w, https:\/\/agoravape.com\/wp-content\/uploads\/2025\/10\/Bang-Blaze-42000-Puffs-Massive-Flavour-That-Lasts_Agora_vape-194x300.webp 194w, https:\/\/agoravape.com\/wp-content\/uploads\/2025\/10\/Bang-Blaze-42000-Puffs-Massive-Flavour-That-Lasts_Agora_vape-661x1024.webp 661w, https:\/\/agoravape.com\/wp-content\/uploads\/2025\/10\/Bang-Blaze-42000-Puffs-Massive-Flavour-That-Lasts_Agora_vape-768x1190.webp 768w, https:\/\/agoravape.com\/wp-content\/uploads\/2025\/10\/Bang-Blaze-42000-Puffs-Massive-Flavour-That-Lasts_Agora_vape-991x1536.webp 991w, https:\/\/agoravape.com\/wp-content\/uploads\/2025\/10\/Bang-Blaze-42000-Puffs-Massive-Flavour-That-Lasts_Agora_vape-1321x2048.webp 1321w\" sizes=\"auto, (max-width: 1652px) 100vw, 1652px\" \/><\/h2>\n<h2 data-v-md-heading=\"what-is-special-about-bang-blaze-42000-mouth\" data-v-md-line=\"3\">Mi a k\u00fcl\u00f6nleges a Bang Blaze 42000 sz\u00e1jban?<\/h2>\n<p data-v-md-line=\"5\">Ha eleged van az eldobhat\u00f3 vape-ekb\u0151l, amik n\u00e9h\u00e1ny nap alatt elvesz\u00edtik az energi\u00e1jukat, akkor mindenk\u00e9ppen n\u00e9zd meg ezt a term\u00e9ket. A Bang Blaze k\u00e9ts\u00e9gtelen\u00fcl egy tart\u00f3s vape, ak\u00e1r 42000 slukk hat\u00f3t\u00e1vols\u00e1g\u00e1val, ami azt jelenti, hogy hossz\u00fa \u00e9lettartam\u00fa. Azt gondolhatod, hogy egy ilyen er\u0151s vape nagy t\u00e9rfogat\u00fa, de meglep\u0151dsz majd, hogy milyen k\u00e9nyelmes a k\u00e9zben tartani. B\u00e1rki sz\u00e1m\u00e1ra, aki megb\u00edzhat\u00f3, finom \u00e9s k\u00f6nnyen haszn\u00e1lhat\u00f3 vape-et szeretne, ez az ide\u00e1lis v\u00e1laszt\u00e1s. Nincs sz\u00fcks\u00e9g olajbefecskendez\u00e9sre, nincs sz\u00fcks\u00e9g bonyolult be\u00e1ll\u00edt\u00e1sokra \u2013 \u00e9lvezd az egyszer\u0171 \u00e9s kiel\u00e9g\u00edt\u0151 \u00e9lm\u00e9nyt az elej\u00e9t\u0151l a v\u00e9g\u00e9ig.<\/p>\n<h2 data-v-md-heading=\"excellent-performance-and-easy-operation\" data-v-md-line=\"7\">Kiv\u00e1l\u00f3 teljes\u00edtm\u00e9ny \u00e9s egyszer\u0171 kezelhet\u0151s\u00e9g<\/h2>\n<p data-v-md-line=\"9\">Kiv\u00e1l\u00f3 \u00edz\u00e9nek titka a be\u00e9p\u00edtett dupla h\u00e1l\u00f3s tekercsekben rejlik. Egyszer\u0171en fogalmazva, ez a technol\u00f3gia egyenletesen meleg\u00edti fel az e-liquidet, biztos\u00edtva, hogy minden falat olyan finom legyen, mint az els\u0151. Nem fogod \u00fagy \u00e9rezni, hogy meg\u00e9gett, mint m\u00e1s eldobhat\u00f3 vape-ek, amikor majdnem befejezted a doh\u00e1nyz\u00e1st. Er\u0151s, 1000 mAh-s akkumul\u00e1torral van felszerelve, amely kiel\u00e9g\u00edti az ig\u00e9nyeidet. Ha az akkumul\u00e1tor lemer\u00fcl\u0151ben van, egyszer\u0171en haszn\u00e1lj egy szabv\u00e1nyos Type-C adatk\u00e1belt a t\u00f6lt\u00e9shez, ak\u00e1rcsak azt, amelyet a telefonod t\u00f6lt\u00e9s\u00e9hez haszn\u00e1lsz. Nagyon k\u00e9nyelmes.<\/p>\n<h2 data-v-md-heading=\"product-specifications\" data-v-md-line=\"11\">Term\u00e9kle\u00edr\u00e1s<\/h2>\n<p data-v-md-line=\"13\"><strong>Doh\u00e1nyz\u00e1si gyakoris\u00e1g:<\/strong>\u00a0ak\u00e1r 42000 slukk<\/p>\n<p data-v-md-line=\"15\"><strong>Nikotin koncentr\u00e1ci\u00f3:<\/strong>\u00a0N\u00e9gy koncentr\u00e1ci\u00f3ban kaphat\u00f3: 0%, 2%, 3% \u00e9s 5%<\/p>\n<p data-v-md-line=\"17\"><strong>Haszn\u00e1lat:<\/strong>\u00a0L\u00e9legezz be az aktiv\u00e1l\u00e1shoz<\/p>\n<p data-v-md-line=\"19\"><strong>T\u00f6lt\u00e9si m\u00f3d:<\/strong>\u00a0Szabv\u00e1nyos C t\u00edpus\u00fa USB csatlakoz\u00f3<\/p>\n<p data-v-md-line=\"21\"><strong>\u00c1llapot:<\/strong>\u00a0A dobozb\u00f3l kiv\u00e9ve azonnal haszn\u00e1latra k\u00e9sz<\/p>\n<p data-v-md-line=\"21\"><img loading=\"lazy\" decoding=\"async\" class=\"aligncenter size-full wp-image-19454\" src=\"https:\/\/agoravape.com\/wp-content\/uploads\/2025\/10\/Bang-Blaze-42000-Puffs-Massive-Flavour-That-Lasts_Agora_vape-2-scaled.webp\" alt=\"\" width=\"1243\" height=\"2560\" srcset=\"https:\/\/agoravape.com\/wp-content\/uploads\/2025\/10\/Bang-Blaze-42000-Puffs-Massive-Flavour-That-Lasts_Agora_vape-2-scaled.webp 1243w, https:\/\/agoravape.com\/wp-content\/uploads\/2025\/10\/Bang-Blaze-42000-Puffs-Massive-Flavour-That-Lasts_Agora_vape-2-scaled-1200x2471.webp 1200w, https:\/\/agoravape.com\/wp-content\/uploads\/2025\/10\/Bang-Blaze-42000-Puffs-Massive-Flavour-That-Lasts_Agora_vape-2-146x300.webp 146w, https:\/\/agoravape.com\/wp-content\/uploads\/2025\/10\/Bang-Blaze-42000-Puffs-Massive-Flavour-That-Lasts_Agora_vape-2-497x1024.webp 497w, https:\/\/agoravape.com\/wp-content\/uploads\/2025\/10\/Bang-Blaze-42000-Puffs-Massive-Flavour-That-Lasts_Agora_vape-2-768x1581.webp 768w, https:\/\/agoravape.com\/wp-content\/uploads\/2025\/10\/Bang-Blaze-42000-Puffs-Massive-Flavour-That-Lasts_Agora_vape-2-746x1536.webp 746w, https:\/\/agoravape.com\/wp-content\/uploads\/2025\/10\/Bang-Blaze-42000-Puffs-Massive-Flavour-That-Lasts_Agora_vape-2-995x2048.webp 995w\" sizes=\"auto, (max-width: 1243px) 100vw, 1243px\" \/><\/p>\n<h2 data-v-md-heading=\"complete-flavor-lineup\" data-v-md-line=\"23\">Teljes \u00edzv\u00e1laszt\u00e9k<\/h2>\n<ul data-v-md-line=\"25\">\n<li>Mint<\/li>\n<li>\u00c1fony\u00e1s menta<\/li>\n<li>Dupla alm\u00e1k<\/li>\n<li>\u0150szibarack j\u00e9g<\/li>\n<li>\u00c1fonya \u00e9s m\u00e1lna<\/li>\n<li>K\u00e9k j\u00e9gp\u00e1lya<\/li>\n<li>\u00c1fonya \u00e9s \u0151szibarack<\/li>\n<li>G\u00f6r\u00f6gdinnye<\/li>\n<li>Eper g\u00f6r\u00f6gdinnye<\/li>\n<li>Eperlicsi<\/li>\n<li>Grape mint<\/li>\n<li>Vegyes gy\u00fcm\u00f6lcs\u00f6k<\/li>\n<\/ul>\n<h2 data-v-md-heading=\"tailored-for-you-and-your-business\" data-v-md-line=\"38\">\u00d6nre \u00e9s v\u00e1llalkoz\u00e1s\u00e1ra szabva<\/h2>\n<p data-v-md-line=\"40\">A Bang Blaze 42000 mostant\u00f3l szem\u00e9lyes v\u00e1s\u00e1rl\u00e1sra is el\u00e9rhet\u0151, v\u00e1llalkoz\u00f3k\u00e9nt pedig nagy t\u00e9telben is v\u00e1s\u00e1rolhat. 160 cigarett\u00e1t tartalmaz\u00f3 dobozos nagykereskedelmi kiszerel\u00e9sben kaphat\u00f3k, \u00edgy olyan vape term\u00e9ket biztos\u00edthat \u00fcgyfeleinek, amelyet folyamatosan \u00fajrav\u00e1s\u00e1rolhatnak. Megb\u00edzhat\u00f3, v\u00e1mfizet\u00e9ssel ell\u00e1tott (DDP) partnerekkel m\u0171k\u00f6d\u00fcnk egy\u00fctt, mint p\u00e9ld\u00e1ul a UPS, a DPD \u00e9s a DHL, hogy minden sz\u00e1ll\u00edt\u00e1si k\u00e9rd\u00e9st int\u00e9zz\u00fcnk. Ez azt jelenti, hogy nem kell agg\u00f3dnia a tov\u00e1bbi v\u00e1mk\u00f6lts\u00e9gek miatt, \u00e9s a teljes folyamat rakt\u00e1runkt\u00f3l az \u00d6n ajt\u00f3j\u00e1ig z\u00f6kken\u0151mentes \u00e9s akad\u00e1lytalan lesz.<\/p>\n<h2 data-v-md-heading=\"the-reason-why-you-will-like-it\" data-v-md-line=\"42\">Az ok, ami\u00e9rt tetszeni fog<\/h2>\n<p data-v-md-line=\"44\"><strong>Ultra hossz\u00fa akkumul\u00e1tor-\u00fczemid\u0151:<\/strong>\u00a0Hosszabb akkumul\u00e1tor-\u00fczemid\u0151, nem kell gyakran \u00faj term\u00e9keket v\u00e1s\u00e1rolni.<\/p>\n<p data-v-md-line=\"46\"><strong>Nikotinkoncentr\u00e1ci\u00f3 kiv\u00e1laszt\u00e1sa:<\/strong>\u00a0Kiv\u00e1laszthatod a sz\u00e1modra megfelel\u0151 nikotinkoncentr\u00e1ci\u00f3t.<\/p>\n<p data-v-md-line=\"48\"><strong>\u00dajrat\u00f6lthet\u0151:<\/strong>\u00a0lehet\u0151v\u00e9 teszi, hogy a megv\u00e1s\u00e1rolt 30 ml-es e-liquid minden cseppj\u00e9t felhaszn\u00e1ld.<\/p>\n<p data-v-md-line=\"50\"><strong>Dupla h\u00e1l\u00f3s porlaszt\u00f3 mag:<\/strong>\u00a0Minden alkalommal stabil \u00e9s gazdag \u00edzt hozhat.<\/p>\n<h2 data-v-md-heading=\"why-choose-to-collaborate-with-agoravape\" data-v-md-line=\"52\">Mi\u00e9rt \u00e9rdemes az AgoraVape-pel egy\u00fcttm\u0171k\u00f6dni?<\/h2>\n<p data-v-md-line=\"54\">Eur\u00f3pa egyik legmegb\u00edzhat\u00f3bb vape forgalmaz\u00f3jak\u00e9nt kiz\u00e1r\u00f3lag 100%-ban eredeti term\u00e9keket forgalmazunk. V\u00e1llalati \u00fcgyfeleink sz\u00e1m\u00e1ra ez azt jelenti, hogy a Bang Blaze 42000 term\u00e9kek rendk\u00edv\u00fcl versenyk\u00e9pes nagykereskedelmi \u00e1rakat, megb\u00edzhat\u00f3 \u00e9rt\u00e9kes\u00edt\u00e9s ut\u00e1ni t\u00e1mogat\u00e1st, valamint gyors \u00e9s stabil sz\u00e1ll\u00edt\u00e1si szolg\u00e1ltat\u00e1sokat k\u00edn\u00e1lnak. L\u00e9pjen kapcsolatba vel\u00fcnk azonnal, hogy bemutassuk ezt a term\u00e9ket, \u00e9s \u00fcgyfelei val\u00f3ban \u00e9rt\u00e9kelni fogj\u00e1k.<\/p>","protected":false},"excerpt":{"rendered":"<p>&nbsp;<\/p>\n<p><script src=\"chrome-extension:\/\/fpelahbljekknahkcaegamhcndkfpfnc\/iFrame.js\" type=\"text\/javascript\"><\/script><\/p>\n<p><script src=\"chrome-extension:\/\/fpelahbljekknahkcaegamhcndkfpfnc\/iFrame.js\" type=\"text\/javascript\"><\/script><\/p>\n<p><script src=\"chrome-extension:\/\/fpelahbljekknahkcaegamhcndkfpfnc\/iFrame.js\" type=\"text\/javascript\"><\/script><\/p>","protected":false},"featured_media":19453,"comment_status":"open","ping_status":"closed","template":"","meta":[],"product_brand":[197],"product_cat":[124,187,185,189,123,174,175,193,191,173,186,180,190],"product_tag":[],"class_list":{"0":"post-19439","1":"product","2":"type-product","3":"status-publish","4":"has-post-thumbnail","6":"product_brand-bang","7":"product_cat-vape-by-brand","8":"product_cat-0mg-nicotine-free-vapes","9":"product_cat-10000-puffs-high-capacity","10":"product_cat-20mg-standard-nicotine-vapes","11":"product_cat-bang","12":"product_cat-fruit-flavors","13":"product_cat-icy-mint","14":"product_cat-mesh-coil","15":"product_cat-rechargeable-disposables","16":"product_cat-vape-by-flavor-profile","17":"product_cat-vape-by-nicotine-strength","18":"product_cat-vape-by-puff-count","19":"product_cat-vape-by-feature-or-type","21":"first","22":"instock","23":"shipping-taxable","24":"purchasable","25":"product-type-variable","26":"has-default-attributes"},"tiered_pricing_type":"percentage","tiered_pricing_fixed_rules":[],"tiered_pricing_product_settings":{"layout":"default","base_unit_name":{"singular":null,"plural":null},"default_variation":null},"tiered_pricing_minimum_quantity":10,"tiered_pricing_roles_data":[],"tiered_pricing_percentage_rules":{"30":"29","50":"35","100":"40","200":"44","500":"47","1000":"49"},"tiered_pricing_maximum_quantity":null,"tiered_pricing_quantity_step":"10","_links":{"self":[{"href":"https:\/\/agoravape.com\/hu\/wp-json\/wp\/v2\/product\/19439","targetHints":{"allow":["GET"]}}],"collection":[{"href":"https:\/\/agoravape.com\/hu\/wp-json\/wp\/v2\/product"}],"about":[{"href":"https:\/\/agoravape.com\/hu\/wp-json\/wp\/v2\/types\/product"}],"replies":[{"embeddable":true,"href":"https:\/\/agoravape.com\/hu\/wp-json\/wp\/v2\/comments?post=19439"}],"version-history":[{"count":0,"href":"https:\/\/agoravape.com\/hu\/wp-json\/wp\/v2\/product\/19439\/revisions"}],"wp:featuredmedia":[{"embeddable":true,"href":"https:\/\/agoravape.com\/hu\/wp-json\/wp\/v2\/media\/19453"}],"wp:attachment":[{"href":"https:\/\/agoravape.com\/hu\/wp-json\/wp\/v2\/media?parent=19439"}],"wp:term":[{"taxonomy":"product_brand","embeddable":true,"href":"https:\/\/agoravape.com\/hu\/wp-json\/wp\/v2\/product_brand?post=19439"},{"taxonomy":"product_cat","embeddable":true,"href":"https:\/\/agoravape.com\/hu\/wp-json\/wp\/v2\/product_cat?post=19439"},{"taxonomy":"product_tag","embeddable":true,"href":"https:\/\/agoravape.com\/hu\/wp-json\/wp\/v2\/product_tag?post=19439"}],"curies":[{"name":"wp","href":"https:\/\/api.w.org\/{rel}","templated":true}]}}