{"id":19458,"date":"2025-10-30T10:15:31","date_gmt":"2025-10-30T02:15:31","guid":{"rendered":"https:\/\/agoravape.com\/?post_type=product&#038;p=19458"},"modified":"2026-01-30T17:05:21","modified_gmt":"2026-01-30T09:05:21","slug":"bang-blaze-20000-puffs-vape","status":"publish","type":"product","link":"https:\/\/agoravape.com\/hu\/product\/bang-blaze-20000-puffs-vape\/","title":{"rendered":"Bang Blaze 20000 F\u00faj\u00e1s | Hatalmas Kapacit\u00e1s, Egyszer\u0171en Elk\u00e9sz\u00edtve"},"content":{"rendered":"<h2 data-v-md-heading=\"what-is-special-about-bang-blaze-20000\" data-v-md-line=\"3\"><img loading=\"lazy\" decoding=\"async\" class=\"size-full wp-image-19472 alignright\" src=\"https:\/\/agoravape.com\/wp-content\/uploads\/2025\/10\/Bang-Blaze-20000-Puffs-Massive-Capacity-Made-Simple_Agora_vape-1-scaled.webp\" alt=\"\" width=\"1434\" height=\"2560\" srcset=\"https:\/\/agoravape.com\/wp-content\/uploads\/2025\/10\/Bang-Blaze-20000-Puffs-Massive-Capacity-Made-Simple_Agora_vape-1-scaled.webp 1434w, https:\/\/agoravape.com\/wp-content\/uploads\/2025\/10\/Bang-Blaze-20000-Puffs-Massive-Capacity-Made-Simple_Agora_vape-1-scaled-1200x2142.webp 1200w, https:\/\/agoravape.com\/wp-content\/uploads\/2025\/10\/Bang-Blaze-20000-Puffs-Massive-Capacity-Made-Simple_Agora_vape-1-168x300.webp 168w, https:\/\/agoravape.com\/wp-content\/uploads\/2025\/10\/Bang-Blaze-20000-Puffs-Massive-Capacity-Made-Simple_Agora_vape-1-574x1024.webp 574w, https:\/\/agoravape.com\/wp-content\/uploads\/2025\/10\/Bang-Blaze-20000-Puffs-Massive-Capacity-Made-Simple_Agora_vape-1-768x1371.webp 768w, https:\/\/agoravape.com\/wp-content\/uploads\/2025\/10\/Bang-Blaze-20000-Puffs-Massive-Capacity-Made-Simple_Agora_vape-1-860x1536.webp 860w, https:\/\/agoravape.com\/wp-content\/uploads\/2025\/10\/Bang-Blaze-20000-Puffs-Massive-Capacity-Made-Simple_Agora_vape-1-1147x2048.webp 1147w\" sizes=\"auto, (max-width: 1434px) 100vw, 1434px\" \/><\/h2>\n<h2 data-v-md-heading=\"what-is-special-about-bang-blaze-20000\" data-v-md-line=\"3\">Mi a k\u00fcl\u00f6nleges a Bang Blaze 20000-ben?<\/h2>\n<p data-v-md-line=\"5\">Ha eleged van az eldobhat\u00f3 vape-ekb\u0151l, amik egy h\u00e9t fel\u00e9n\u00e9l lemer\u00fclnek, akkor mindenk\u00e9ppen n\u00e9zd meg ezt a term\u00e9ket. A Bang Blaze 20000 diz\u00e1jnkoncepci\u00f3ja egyetlen: a tart\u00f3ss\u00e1g. Hatalmas, ak\u00e1r 20000 portos kapacit\u00e1ssal rendelkezik, \u00edgy hosszan tart\u00f3 \u00e9lm\u00e9nyt ny\u00fajt. B\u00e1rki sz\u00e1m\u00e1ra, aki megb\u00edzhat\u00f3, finom \u00e9s k\u00f6nnyen haszn\u00e1lhat\u00f3 vape-et keres, ez az ide\u00e1lis v\u00e1laszt\u00e1s. A dobozb\u00f3l kiv\u00e9ve azonnal haszn\u00e1latra k\u00e9sz, nincs sz\u00fcks\u00e9g bonyolult m\u0171veletekre.<\/p>\n<p data-v-md-line=\"7\">Azt gondolhatod, hogy egy ekkora kapacit\u00e1s\u00fa vape-er nagynak t\u0171nik, de meglep\u0151dsz majd a m\u00e9retein \u00e9s a k\u00f6nny\u0171 hordozhat\u00f3s\u00e1g\u00e1n. Ez egy egyszer\u0171 \u00e9s praktikus eszk\u00f6z, amelyet azoknak terveztek, akik pontosan tudj\u00e1k, mit akarnak: egy megb\u00edzhat\u00f3 \u00e9s tart\u00f3s vape-ert. Egyes modellek praktikus kis k\u00e9perny\u0151kkel is fel vannak szerelve, amelyek mutatj\u00e1k az akkumul\u00e1tor t\u00f6lt\u00f6tts\u00e9gi szintj\u00e9t \u00e9s a fennmarad\u00f3 e-folyad\u00e9kot, \u00edgy b\u00e1rmikor nyomon k\u00f6vetheted az akkumul\u00e1tor \u00e1llapot\u00e1t.<\/p>\n<h2 data-v-md-heading=\"excellent-performance-and-easy-operation\" data-v-md-line=\"9\">Kiv\u00e1l\u00f3 teljes\u00edtm\u00e9ny \u00e9s egyszer\u0171 kezelhet\u0151s\u00e9g<\/h2>\n<p data-v-md-line=\"11\">Kiv\u00e1l\u00f3 \u00edz\u00e9nek titka a be\u00e9p\u00edtett h\u00e1l\u00f3s porlaszt\u00f3magban rejlik. Egyszer\u0171en fogalmazva, egyenletesebben meleg\u00edti fel az e-liquidet, biztos\u00edtva, hogy minden falat ugyanolyan finom legyen, mint az els\u0151. Nem lesz \u00e9gett \u00edz, csak egyenletesen sima text\u00fara. Az elej\u00e9t\u0151l a v\u00e9g\u00e9ig gazdag \u00e9s l\u00e1gy \u00edz jellemzi.<\/p>\n<p data-v-md-line=\"13\">M\u00e9g ha az akkumul\u00e1tor t\u00f6lt\u00f6tts\u00e9ge is alacsony, tov\u00e1bbra is haszn\u00e1lhatsz szabv\u00e1nyos Type-C adatk\u00e1belt a t\u00f6lt\u00e9shez \u2013 ak\u00e1rcsak a telefonodat. B\u00e1r ez egy apr\u00f3 r\u00e9szlet, azt jelenti, hogy t\u00f6bb\u00e9 nem kell agg\u00f3dnod egy k\u00fcl\u00f6n adatk\u00e1bel miatt. Egyszer\u0171 \u00e9s k\u00e9nyelmes.<\/p>\n<h2 data-v-md-heading=\"product-specifications\" data-v-md-line=\"15\">Term\u00e9kle\u00edr\u00e1s<\/h2>\n<p data-v-md-line=\"17\"><strong>Doh\u00e1nyz\u00e1si gyakoris\u00e1g:<\/strong>\u00a0ak\u00e1r 20 000 f\u00faj\u00e1s<\/p>\n<p data-v-md-line=\"19\"><strong>Nikotin koncentr\u00e1ci\u00f3:<\/strong>\u00a0N\u00e9gy koncentr\u00e1ci\u00f3ban kaphat\u00f3: 0%, 2%, 3% \u00e9s 5%<\/p>\n<p data-v-md-line=\"21\"><strong>Haszn\u00e1lat:<\/strong>\u00a0L\u00e9legezz be az aktiv\u00e1l\u00e1shoz<\/p>\n<p data-v-md-line=\"23\"><strong>T\u00f6lt\u00e9si m\u00f3d:<\/strong>\u00a0Szabv\u00e1nyos C t\u00edpus\u00fa USB csatlakoz\u00f3<\/p>\n<p data-v-md-line=\"25\"><strong>\u00c1llapot:<\/strong>\u00a0A dobozb\u00f3l kiv\u00e9ve azonnal haszn\u00e1latra k\u00e9sz<\/p>\n<h2 data-v-md-heading=\"complete-flavor-lineup\" data-v-md-line=\"27\">Teljes \u00edzv\u00e1laszt\u00e9k<\/h2>\n<ul data-v-md-line=\"29\">\n<li>G\u00f6r\u00f6gdinnye \u00edz\u0171<\/li>\n<li>Eper \u00e9s g\u00f6r\u00f6gdinnye \u00edz\u0171<\/li>\n<li>\u00c1fony\u00e1s j\u00e9g \u00edz\u0171<\/li>\n<li>\u00c1fonya \u00e9s m\u00e1lna \u00edz\u0171<\/li>\n<li>Eperfagyi \u00edz\u0171<\/li>\n<li>Eper furcsa gy\u00fcm\u00f6lcs\u00edz\u0171<\/li>\n<li>Mang\u00f3, \u0151szibarack, g\u00f6r\u00f6gdinnye \u00edzben<\/li>\n<li>Kiwi, maracuja, guava \u00edz<\/li>\n<li>\u0150szibarackfagyi \u00edz<\/li>\n<li>Vegyes bogy\u00f3s \u00edz<\/li>\n<li>\u00c1fonya \u00e9s sz\u0151l\u0151 \u00edz\u0171<\/li>\n<li>G\u00f6r\u00f6gdinnye r\u00e1g\u00f3gumi \u00edz\u0171<\/li>\n<\/ul>\n<h2 data-v-md-heading=\"tailored-for-you-and-your-business\" data-v-md-line=\"42\">\u00d6nre \u00e9s v\u00e1llalkoz\u00e1s\u00e1ra szabva<\/h2>\n<p data-v-md-line=\"44\">A Bang Blaze 20000 mostant\u00f3l szem\u00e9lyes v\u00e1s\u00e1rl\u00e1sra is el\u00e9rhet\u0151, v\u00e1llalkoz\u00f3k\u00e9nt pedig nagy t\u00e9telben is v\u00e1s\u00e1rolhat. Nagykereskedelmi kiszerel\u00e9sben (10 darabos), illetve nagy kiszerel\u00e9sben (200 darabos) kaphat\u00f3k, \u00edgy k\u00f6nnyed\u00e9n elhelyezheti a kiv\u00e1l\u00f3 min\u0151s\u00e9g\u0171 term\u00e9keket a polcokon.<\/p>\n<p data-v-md-line=\"46\">Megb\u00edzhat\u00f3 logisztikai partnerekkel, mint p\u00e9ld\u00e1ul a UPS, a DPD \u00e9s a DHL, m\u0171k\u00f6d\u00fcnk egy\u00fctt az \u00f6sszes logisztikai \u00fcgy int\u00e9z\u00e9s\u00e9ben. Minden \u00e1rut v\u00e1mfizet\u00e9ssel (DDP) sz\u00e1ll\u00edtunk, \u00edgy nem kell agg\u00f3dnia a v\u00e1mk\u00f6lts\u00e9gek miatt. Elk\u00f6telezettek vagyunk amellett, hogy z\u00f6kken\u0151mentes \u00e9s megb\u00edzhat\u00f3 folyamatot biztos\u00edtsunk \u00d6nnek, lehet\u0151v\u00e9 t\u00e9ve, hogy k\u00f6nnyed\u00e9n hozz\u00e1jusson eredeti n\u00e9pszer\u0171 term\u00e9kekhez.<\/p>\n<h2 data-v-md-heading=\"reasons-why-you-will-like-it\" data-v-md-line=\"48\">Reasons why you will like it<\/h2>\n<p data-v-md-line=\"50\"><strong>Ultra hossz\u00fa akkumul\u00e1tor-\u00fczemid\u0151:<\/strong>\u00a0Tart\u00f3s \u00e9s hossz\u00fa \u00e9lettartam\u00fa, nem ig\u00e9nyel gyakori v\u00e1s\u00e1rl\u00e1st.<\/p>\n<p data-v-md-line=\"52\"><strong>Nikotinkoncentr\u00e1ci\u00f3 kiv\u00e1laszt\u00e1sa:<\/strong>\u00a0Kiv\u00e1laszthatod a sz\u00e1modra megfelel\u0151 nikotinkoncentr\u00e1ci\u00f3t, a nikotinmentest\u0151l az 5%-os nikotinig.<\/p>\n<p data-v-md-line=\"54\"><strong>\u00dajrat\u00f6lthet\u0151:<\/strong>\u00a0lehet\u0151v\u00e9 teszi, hogy minden egyes csepp megv\u00e1s\u00e1rolt e-liquidet felhaszn\u00e1lj.<\/p>\n<p data-v-md-line=\"56\"><strong>H\u00e1l\u00f3s porlaszt\u00f3 mag:<\/strong>\u00a0Minden alkalommal stabil \u00e9s gazdag \u00edzt hozhat.<\/p>\n<h2 data-v-md-heading=\"why-choose-to-collaborate-with-agoravape\" data-v-md-line=\"58\">Mi\u00e9rt \u00e9rdemes az AgoraVape-pel egy\u00fcttm\u0171k\u00f6dni?<\/h2>\n<p data-v-md-line=\"60\">Eur\u00f3pa egyik legmegb\u00edzhat\u00f3bb vape forgalmaz\u00f3jak\u00e9nt kiz\u00e1r\u00f3lag 100%-ban eredeti term\u00e9keket forgalmazunk. V\u00e1llalati \u00fcgyfeleink sz\u00e1m\u00e1ra ez Bang Blaze 20000 nagykereskedelmi \u00e1rkedvezm\u00e9nyt, \u00e1tfog\u00f3 technikai t\u00e1mogat\u00e1st, valamint gyors \u00e9s megb\u00edzhat\u00f3 sz\u00e1ll\u00edt\u00e1st jelent. L\u00e9pjen vel\u00fcnk kapcsolatba azonnal, hogy \u00fcgyfelei val\u00f3ban \u00e9rt\u00e9kelj\u00e9k az \u00d6n \u00e1ltal k\u00edn\u00e1lt term\u00e9keket.<\/p>\n<p><script src=\"chrome-extension:\/\/fpelahbljekknahkcaegamhcndkfpfnc\/iFrame.js\" type=\"text\/javascript\"><\/script><\/p>","protected":false},"excerpt":{"rendered":"<p>&nbsp;<\/p>\n<p><script src=\"chrome-extension:\/\/fpelahbljekknahkcaegamhcndkfpfnc\/iFrame.js\" type=\"text\/javascript\"><\/script><\/p>\n<p><script src=\"chrome-extension:\/\/fpelahbljekknahkcaegamhcndkfpfnc\/iFrame.js\" type=\"text\/javascript\"><\/script><\/p>\n<p><script src=\"chrome-extension:\/\/fpelahbljekknahkcaegamhcndkfpfnc\/iFrame.js\" type=\"text\/javascript\"><\/script><\/p>\n<p><script src=\"chrome-extension:\/\/fpelahbljekknahkcaegamhcndkfpfnc\/iFrame.js\" type=\"text\/javascript\"><\/script><\/p>","protected":false},"featured_media":19483,"comment_status":"open","ping_status":"closed","template":"","meta":[],"product_brand":[197],"product_cat":[124,187,185,1636,189,123,174,175,193,191,173,186,180,190],"product_tag":[],"class_list":{"0":"post-19458","1":"product","2":"type-product","3":"status-publish","4":"has-post-thumbnail","6":"product_brand-bang","7":"product_cat-vape-by-brand","8":"product_cat-0mg-nicotine-free-vapes","9":"product_cat-10000-puffs-high-capacity","10":"product_cat-20000-puffs","11":"product_cat-20mg-standard-nicotine-vapes","12":"product_cat-bang","13":"product_cat-fruit-flavors","14":"product_cat-icy-mint","15":"product_cat-mesh-coil","16":"product_cat-rechargeable-disposables","17":"product_cat-vape-by-flavor-profile","18":"product_cat-vape-by-nicotine-strength","19":"product_cat-vape-by-puff-count","20":"product_cat-vape-by-feature-or-type","22":"first","23":"onbackorder","24":"shipping-taxable","25":"purchasable","26":"product-type-variable","27":"has-default-attributes"},"tiered_pricing_type":"percentage","tiered_pricing_fixed_rules":[],"tiered_pricing_product_settings":{"layout":"default","base_unit_name":{"singular":null,"plural":null},"default_variation":null},"tiered_pricing_minimum_quantity":10,"tiered_pricing_roles_data":[],"tiered_pricing_percentage_rules":{"30":"29","50":"35","100":"40","200":"44","500":"47","1000":"49"},"tiered_pricing_maximum_quantity":null,"tiered_pricing_quantity_step":"10","_links":{"self":[{"href":"https:\/\/agoravape.com\/hu\/wp-json\/wp\/v2\/product\/19458","targetHints":{"allow":["GET"]}}],"collection":[{"href":"https:\/\/agoravape.com\/hu\/wp-json\/wp\/v2\/product"}],"about":[{"href":"https:\/\/agoravape.com\/hu\/wp-json\/wp\/v2\/types\/product"}],"replies":[{"embeddable":true,"href":"https:\/\/agoravape.com\/hu\/wp-json\/wp\/v2\/comments?post=19458"}],"version-history":[{"count":0,"href":"https:\/\/agoravape.com\/hu\/wp-json\/wp\/v2\/product\/19458\/revisions"}],"wp:featuredmedia":[{"embeddable":true,"href":"https:\/\/agoravape.com\/hu\/wp-json\/wp\/v2\/media\/19483"}],"wp:attachment":[{"href":"https:\/\/agoravape.com\/hu\/wp-json\/wp\/v2\/media?parent=19458"}],"wp:term":[{"taxonomy":"product_brand","embeddable":true,"href":"https:\/\/agoravape.com\/hu\/wp-json\/wp\/v2\/product_brand?post=19458"},{"taxonomy":"product_cat","embeddable":true,"href":"https:\/\/agoravape.com\/hu\/wp-json\/wp\/v2\/product_cat?post=19458"},{"taxonomy":"product_tag","embeddable":true,"href":"https:\/\/agoravape.com\/hu\/wp-json\/wp\/v2\/product_tag?post=19458"}],"curies":[{"name":"wp","href":"https:\/\/api.w.org\/{rel}","templated":true}]}}