{"id":19511,"date":"2025-10-30T11:03:33","date_gmt":"2025-10-30T03:03:33","guid":{"rendered":"https:\/\/agoravape.com\/?post_type=product&#038;p=19511"},"modified":"2026-01-13T01:02:23","modified_gmt":"2026-01-12T17:02:23","slug":"bang-blaze-bk40-40000-puffs-ujratoltheto-vape","status":"publish","type":"product","link":"https:\/\/agoravape.com\/hu\/product\/bang-blaze-bk40-40000-puffs-refillable-vape\/","title":{"rendered":"Bang Blaze BK40 40000 | Hatalmas szippant\u00e1ssz\u00e1m \u00fajrat\u00f6lthet\u0151 szabads\u00e1ggal"},"content":{"rendered":"<h2 data-v-md-heading=\"what-is-special-about-bang-blaze-bk40-40000\" data-v-md-line=\"3\"><img loading=\"lazy\" decoding=\"async\" class=\"size-full wp-image-19525 alignright\" src=\"https:\/\/agoravape.com\/wp-content\/uploads\/2025\/10\/Bang-Blaze-BK40-40000-Huge-Puff-Count-with-Refillable-Freedom_Agora_vape-1-scaled.webp\" alt=\"\" width=\"1045\" height=\"2560\" srcset=\"https:\/\/agoravape.com\/wp-content\/uploads\/2025\/10\/Bang-Blaze-BK40-40000-Huge-Puff-Count-with-Refillable-Freedom_Agora_vape-1-scaled.webp 1045w, https:\/\/agoravape.com\/wp-content\/uploads\/2025\/10\/Bang-Blaze-BK40-40000-Huge-Puff-Count-with-Refillable-Freedom_Agora_vape-1-122x300.webp 122w, https:\/\/agoravape.com\/wp-content\/uploads\/2025\/10\/Bang-Blaze-BK40-40000-Huge-Puff-Count-with-Refillable-Freedom_Agora_vape-1-418x1024.webp 418w, https:\/\/agoravape.com\/wp-content\/uploads\/2025\/10\/Bang-Blaze-BK40-40000-Huge-Puff-Count-with-Refillable-Freedom_Agora_vape-1-768x1882.webp 768w, https:\/\/agoravape.com\/wp-content\/uploads\/2025\/10\/Bang-Blaze-BK40-40000-Huge-Puff-Count-with-Refillable-Freedom_Agora_vape-1-627x1536.webp 627w, https:\/\/agoravape.com\/wp-content\/uploads\/2025\/10\/Bang-Blaze-BK40-40000-Huge-Puff-Count-with-Refillable-Freedom_Agora_vape-1-836x2048.webp 836w, https:\/\/agoravape.com\/wp-content\/uploads\/2025\/10\/Bang-Blaze-BK40-40000-Huge-Puff-Count-with-Refillable-Freedom_Agora_vape-1-1200x2940.webp 1200w\" sizes=\"auto, (max-width: 1045px) 100vw, 1045px\" \/><\/h2>\n<h2 data-v-md-heading=\"what-is-special-about-bang-blaze-bk40-40000\" data-v-md-line=\"3\">Mi a k\u00fcl\u00f6nleges a Bang Blaze BK40 40000-ben?<\/h2>\n<p data-v-md-line=\"5\">Ha eleged van az eldobhat\u00f3 vape-ekb\u0151l, amik h\u00e9tv\u00e9g\u00e9n sem sok\u00e1ig b\u00edrj\u00e1k, akkor a Bang Blaze BK40 mindenk\u00e9ppen meg\u00e9ri a figyelmedet. Ez a k\u00e9sz\u00fcl\u00e9k forradalmi alkot\u00e1snak tekinthet\u0151, leny\u0171g\u00f6z\u0151, 40 000 portos akkumul\u00e1tor-\u00fczemid\u0151vel, ami egyszer\u0171 \u00e9s k\u00f6nnyen haszn\u00e1lhat\u00f3 test\u00e9ben rejlik. Ami m\u00e9g okosabb, olajozhat\u00f3 is. Ez azt jelenti, hogy \u00e9lvezheted az eldobhat\u00f3 vape-ek k\u00e9nyelm\u00e9t, mik\u00f6zben egy professzion\u00e1lis patronk\u00e9szlet szabads\u00e1g\u00e1t \u00e9s hossz\u00fa akkumul\u00e1tor-\u00fczemidej\u00e9t is \u00e9lvezheted.<\/p>\n<p data-v-md-line=\"7\">B\u00e1rmely felhaszn\u00e1l\u00f3 sz\u00e1m\u00e1ra, aki megb\u00edzhat\u00f3, finom \u00e9s k\u00f6nnyen haszn\u00e1lhat\u00f3 vape-et keres, ez a t\u00f6k\u00e9letes v\u00e1laszt\u00e1s. 40 ml-es nagy kapacit\u00e1s\u00fa e-liquid rekesszel \u00e9s nagy teljes\u00edtm\u00e9ny\u0171 akkumul\u00e1torral van felszerelve, \u00edgy minden egyes e-liquid slukkot \u00e9lvezhet. Ez a term\u00e9k kiv\u00e1l\u00f3an alkalmas a nagy vape-haszn\u00e1l\u00f3k sz\u00e1m\u00e1ra, vagy b\u00e1rki sz\u00e1m\u00e1ra, aki egy olyan eszk\u00f6zt szeretne, amelyet hetekig, nem pedig napokig lehet haszn\u00e1lni.<\/p>\n<h2 data-v-md-heading=\"excellent-performance-and-easy-operation\" data-v-md-line=\"9\">Kiv\u00e1l\u00f3 teljes\u00edtm\u00e9ny \u00e9s egyszer\u0171 kezelhet\u0151s\u00e9g<\/h2>\n<p data-v-md-line=\"11\">Azt gondolhatod, hogy egy 40 000 slukk elsz\u00edv\u00e1s\u00e1ra k\u00e9pes vape bonyolult, de val\u00f3j\u00e1ban olyan egyszer\u0171, mint b\u00e1rmelyik eldobhat\u00f3 vape, amit valaha haszn\u00e1lt\u00e1l. Az igazi rejt\u00e9ly a belsej\u00e9ben rejlik. Egy 0,6 \u03a9-os h\u00e1l\u00f3s tekercset haszn\u00e1l, ami azt jelenti, hogy minden falat sima \u00e9s egyenletes \u00edzt biztos\u00edt.<\/p>\n<p data-v-md-line=\"13\">Az er\u0151s, 1000 mAh-s akkumul\u00e1tor hossz\u00fa \u00fczemid\u0151t biztos\u00edt, \u00e9s m\u00e9g lemer\u00fcl\u0151ben is nincs sz\u00fcks\u00e9g f\u00e1raszt\u00f3 m\u0171veletekre. Csak csatlakoztasd egy szabv\u00e1nyos Type-C t\u00f6lt\u0151h\u00f6z \u2013 pont mint amilyet a telefonod t\u00f6lt\u00e9s\u00e9re haszn\u00e1lsz. Nincs sz\u00fcks\u00e9g k\u00fcl\u00f6n k\u00e1belekre, egyszer\u0171 \u00e9s k\u00e9nyelmes. Minden a val\u00f3ban k\u00f6nnyen haszn\u00e1lhat\u00f3, tart\u00f3s vape-et c\u00e9lozza meg.<\/p>\n<h2 data-v-md-heading=\"quick-overview-of-product-specifications\" data-v-md-line=\"15\">A term\u00e9kspecifik\u00e1ci\u00f3k gyors \u00e1ttekint\u00e9se<\/h2>\n<p data-v-md-line=\"17\"><strong>Doh\u00e1nyz\u00e1si gyakoris\u00e1g:<\/strong>\u00a0ak\u00e1r 40 000 slukk<\/p>\n<p data-v-md-line=\"19\"><strong>Nikotintartalom:<\/strong>\u00a00%, 2%, 3% \u00e9s 5% opcion\u00e1lis<\/p>\n<p data-v-md-line=\"21\"><strong>Haszn\u00e1lat:<\/strong>\u00a0L\u00e9legezz be az aktiv\u00e1l\u00e1shoz<\/p>\n<p data-v-md-line=\"23\"><strong>T\u00f6lt\u00e9si m\u00f3d:<\/strong>\u00a0Szabv\u00e1nyos C t\u00edpus\u00fa USB csatlakoz\u00f3<\/p>\n<p data-v-md-line=\"25\"><strong>\u00c1llapot:<\/strong>\u00a0Csatlakoztasd \u00e9s haszn\u00e1ld, egyszer\u0171 olajbefecskendez\u0151 rendszerrel felszerelve<\/p>\n<h2 data-v-md-heading=\"complete-flavor-lineup\" data-v-md-line=\"27\">Teljes \u00edzv\u00e1laszt\u00e9k<\/h2>\n<ul data-v-md-line=\"29\">\n<li>G\u00f6r\u00f6gdinnye<\/li>\n<li>G\u00f6r\u00f6gdinnye \u00e9s eper<\/li>\n<li>K\u00f3kuszliget illat<\/li>\n<li>Eperfagylalt<\/li>\n<li>V\u00f6r\u00f6s Bika<\/li>\n<li>\u0150szibarack j\u00e9g<\/li>\n<li>K\u00e9k j\u00e9gp\u00e1lya<\/li>\n<li>\u00c1fonya \u00e9s m\u00e1lna<\/li>\n<li>Cseresznyevir\u00e1g sz\u0151l\u0151<\/li>\n<li>Dupla alm\u00e1k<\/li>\n<li>Vegyes gy\u00fcm\u00f6lcs\u00f6k<\/li>\n<li>Mang\u00f3 \u0151szibarack<\/li>\n<\/ul>\n<h2 data-v-md-heading=\"tailored-for-you-and-your-business\" data-v-md-line=\"42\">\u00d6nre \u00e9s v\u00e1llalkoz\u00e1s\u00e1ra szabva<\/h2>\n<p data-v-md-line=\"44\">A Bang Blaze BK40 40000 k\u00fcl\u00f6n vagy \u00f6mlesztett mennyis\u00e9gben is megv\u00e1s\u00e1rolhat\u00f3, ha \u00d6n v\u00e1llalkoz\u00f3. Nagykereskedelmi kiszerel\u00e9s\u0171, 10 darabos csomagokban kaphat\u00f3k. Olyan partnerekkel m\u0171k\u00f6d\u00fcnk egy\u00fctt, mint a UPS, a DPD \u00e9s a DHL, hogy megb\u00edzhat\u00f3 DDP (Downloads Definition Delivery) sz\u00e1ll\u00edt\u00e1si m\u00f3dokat alkalmazzunk term\u00e9kek sz\u00e1ll\u00edt\u00e1s\u00e1ra Eur\u00f3pa k\u00fcl\u00f6nb\u00f6z\u0151 r\u00e9szeire, \u00edgy nem kell agg\u00f3dnia a v\u00e1mk\u00f6lts\u00e9gek miatt.<\/p>\n<h2 data-v-md-heading=\"reasons-why-you-will-like-it\" data-v-md-line=\"46\">Reasons why you will like it<\/h2>\n<p data-v-md-line=\"48\"><strong>Hossz\u00fa akkumul\u00e1tor-\u00fczemid\u0151:<\/strong>\u00a0Tart\u00f3s \u00e9s hossz\u00fa \u00e9lettartam\u00fa, \u00edgy p\u00e9nzt takar\u00edthat meg.<\/p>\n<p data-v-md-line=\"50\"><strong>Befecskendez\u0151 olajrendszer:<\/strong>\u00a0Cs\u00f6kkentsd a hullad\u00e9kot, \u00e9s b\u00e1rmikor felt\u00f6ltheted az e-liquid k\u00e9szleteidet.<\/p>\n<p data-v-md-line=\"52\"><strong>Er\u0151s \u00e9s \u00fajrat\u00f6lthet\u0151:<\/strong>\u00a0Az 1000 mAh-s akkumul\u00e1torkapacit\u00e1ssal minden csepp e-folyad\u00e9kot kihaszn\u00e1lhatsz.<\/p>\n<p data-v-md-line=\"54\"><strong>H\u00e1l\u00f3s porlaszt\u00f3 mag:<\/strong>\u00a0Minden alkalommal egyenletes, sima \u00edzt \u00e9s gazdag arom\u00e1t biztos\u00edt.<\/p>\n<p data-v-md-line=\"56\"><strong>Nikotinkoncentr\u00e1ci\u00f3 kiv\u00e1laszt\u00e1sa:<\/strong>\u00a0Kiv\u00e1laszthatod a sz\u00e1modra legmegfelel\u0151bb nikotinkoncentr\u00e1ci\u00f3t.<\/p>\n<h2 data-v-md-heading=\"why-choose-to-collaborate-with-agoravape\" data-v-md-line=\"58\">Mi\u00e9rt \u00e9rdemes az AgoraVape-pel egy\u00fcttm\u0171k\u00f6dni?<\/h2>\n<p data-v-md-line=\"60\">Eur\u00f3pa egyik legmegb\u00edzhat\u00f3bb vape forgalmaz\u00f3jak\u00e9nt kiz\u00e1r\u00f3lag 100%-ban eredeti term\u00e9keket forgalmazunk. V\u00e1llalati \u00fcgyfeleink sz\u00e1m\u00e1ra ez nagykereskedelmi \u00e1rkedvezm\u00e9nyeket, kiv\u00e1l\u00f3 technikai t\u00e1mogat\u00e1st, valamint gyors \u00e9s megb\u00edzhat\u00f3 sz\u00e1ll\u00edt\u00e1st jelent. L\u00e9pjen kapcsolatba vel\u00fcnk azonnal, \u00e9s v\u00e1s\u00e1rolja meg ezt a term\u00e9ket. \u00dcgyfelei val\u00f3ban \u00e9rt\u00e9kelni fogj\u00e1k.<\/p>\n<p><script src=\"chrome-extension:\/\/fpelahbljekknahkcaegamhcndkfpfnc\/iFrame.js\" type=\"text\/javascript\"><\/script><\/p>\n<p><script src=\"chrome-extension:\/\/fpelahbljekknahkcaegamhcndkfpfnc\/iFrame.js\" type=\"text\/javascript\"><\/script><\/p>\n<p><script src=\"chrome-extension:\/\/fpelahbljekknahkcaegamhcndkfpfnc\/iFrame.js\" type=\"text\/javascript\"><\/script><\/p>\n<p><script src=\"chrome-extension:\/\/fpelahbljekknahkcaegamhcndkfpfnc\/iFrame.js\" type=\"text\/javascript\"><\/script><\/p>\n<p><script src=\"chrome-extension:\/\/fpelahbljekknahkcaegamhcndkfpfnc\/iFrame.js\" type=\"text\/javascript\"><\/script><\/p>\n<p><script src=\"chrome-extension:\/\/fpelahbljekknahkcaegamhcndkfpfnc\/iFrame.js\" type=\"text\/javascript\"><\/script><\/p>\n<p><script src=\"chrome-extension:\/\/fpelahbljekknahkcaegamhcndkfpfnc\/iFrame.js\" type=\"text\/javascript\"><\/script><\/p>\n<p><script src=\"chrome-extension:\/\/fpelahbljekknahkcaegamhcndkfpfnc\/iFrame.js\" type=\"text\/javascript\"><\/script><\/p>","protected":false},"excerpt":{"rendered":"<p>&nbsp;<\/p>\n<p><script src=\"chrome-extension:\/\/fpelahbljekknahkcaegamhcndkfpfnc\/iFrame.js\" type=\"text\/javascript\"><\/script><\/p>\n<p><script src=\"chrome-extension:\/\/fpelahbljekknahkcaegamhcndkfpfnc\/iFrame.js\" type=\"text\/javascript\"><\/script><\/p>\n<p><script src=\"chrome-extension:\/\/fpelahbljekknahkcaegamhcndkfpfnc\/iFrame.js\" type=\"text\/javascript\"><\/script><\/p>\n<p><script src=\"chrome-extension:\/\/fpelahbljekknahkcaegamhcndkfpfnc\/iFrame.js\" type=\"text\/javascript\"><\/script><\/p>\n<p><script src=\"chrome-extension:\/\/fpelahbljekknahkcaegamhcndkfpfnc\/iFrame.js\" type=\"text\/javascript\"><\/script><\/p>\n<p><script src=\"chrome-extension:\/\/fpelahbljekknahkcaegamhcndkfpfnc\/iFrame.js\" type=\"text\/javascript\"><\/script><\/p>\n<p><script src=\"chrome-extension:\/\/fpelahbljekknahkcaegamhcndkfpfnc\/iFrame.js\" type=\"text\/javascript\"><\/script><\/p>\n<p><script src=\"chrome-extension:\/\/fpelahbljekknahkcaegamhcndkfpfnc\/iFrame.js\" type=\"text\/javascript\"><\/script><\/p>\n<p><script src=\"chrome-extension:\/\/fpelahbljekknahkcaegamhcndkfpfnc\/iFrame.js\" type=\"text\/javascript\"><\/script><\/p>\n<p><script src=\"chrome-extension:\/\/fpelahbljekknahkcaegamhcndkfpfnc\/iFrame.js\" type=\"text\/javascript\"><\/script><\/p>","protected":false},"featured_media":19536,"comment_status":"open","ping_status":"closed","template":"","meta":[],"product_brand":[197],"product_cat":[124,187,185,189,1639,123,174,175,191,179,173,186,180,190],"product_tag":[],"class_list":{"0":"post-19511","1":"product","2":"type-product","3":"status-publish","4":"has-post-thumbnail","6":"product_brand-bang","7":"product_cat-vape-by-brand","8":"product_cat-0mg-nicotine-free-vapes","9":"product_cat-10000-puffs-high-capacity","10":"product_cat-20mg-standard-nicotine-vapes","11":"product_cat-40000-puffs","12":"product_cat-bang","13":"product_cat-fruit-flavors","14":"product_cat-icy-mint","15":"product_cat-rechargeable-disposables","16":"product_cat-unique-blends","17":"product_cat-vape-by-flavor-profile","18":"product_cat-vape-by-nicotine-strength","19":"product_cat-vape-by-puff-count","20":"product_cat-vape-by-feature-or-type","22":"first","23":"instock","24":"sale","25":"shipping-taxable","26":"purchasable","27":"product-type-variable","28":"has-default-attributes"},"tiered_pricing_type":"percentage","tiered_pricing_fixed_rules":[],"tiered_pricing_product_settings":{"layout":"default","base_unit_name":{"singular":null,"plural":null},"default_variation":null},"tiered_pricing_minimum_quantity":10,"tiered_pricing_roles_data":[],"tiered_pricing_percentage_rules":{"30":"29","50":"35","100":"40","200":"44","500":"47","1000":"49"},"tiered_pricing_maximum_quantity":null,"tiered_pricing_quantity_step":"10","_links":{"self":[{"href":"https:\/\/agoravape.com\/hu\/wp-json\/wp\/v2\/product\/19511","targetHints":{"allow":["GET"]}}],"collection":[{"href":"https:\/\/agoravape.com\/hu\/wp-json\/wp\/v2\/product"}],"about":[{"href":"https:\/\/agoravape.com\/hu\/wp-json\/wp\/v2\/types\/product"}],"replies":[{"embeddable":true,"href":"https:\/\/agoravape.com\/hu\/wp-json\/wp\/v2\/comments?post=19511"}],"version-history":[{"count":0,"href":"https:\/\/agoravape.com\/hu\/wp-json\/wp\/v2\/product\/19511\/revisions"}],"wp:featuredmedia":[{"embeddable":true,"href":"https:\/\/agoravape.com\/hu\/wp-json\/wp\/v2\/media\/19536"}],"wp:attachment":[{"href":"https:\/\/agoravape.com\/hu\/wp-json\/wp\/v2\/media?parent=19511"}],"wp:term":[{"taxonomy":"product_brand","embeddable":true,"href":"https:\/\/agoravape.com\/hu\/wp-json\/wp\/v2\/product_brand?post=19511"},{"taxonomy":"product_cat","embeddable":true,"href":"https:\/\/agoravape.com\/hu\/wp-json\/wp\/v2\/product_cat?post=19511"},{"taxonomy":"product_tag","embeddable":true,"href":"https:\/\/agoravape.com\/hu\/wp-json\/wp\/v2\/product_tag?post=19511"}],"curies":[{"name":"wp","href":"https:\/\/api.w.org\/{rel}","templated":true}]}}