{"id":19539,"date":"2025-10-30T11:23:46","date_gmt":"2025-10-30T03:23:46","guid":{"rendered":"https:\/\/agoravape.com\/?post_type=product&#038;p=19539"},"modified":"2026-01-30T17:04:35","modified_gmt":"2026-01-30T09:04:35","slug":"bang-blaze-60000-puffs-iz-vape","status":"publish","type":"product","link":"https:\/\/agoravape.com\/hu\/product\/bang-blaze-60000-puffs-flavor-vape\/","title":{"rendered":"Bang Blaze 60000 f\u00faj\u00e1s | N\u00e9gy \u00edz egyetlen egyszer\u0171 eszk\u00f6zben"},"content":{"rendered":"<h2 data-v-md-heading=\"what-s-special-about-bang-blaze-60000\" data-v-md-line=\"3\"><img loading=\"lazy\" decoding=\"async\" class=\"aligncenter size-full wp-image-19556\" src=\"https:\/\/agoravape.com\/wp-content\/uploads\/2025\/10\/Bang-Blaze-60000-Puffs-Four-Flavours-in-One-Simple-Device_Agora_vape-4-scaled.webp\" alt=\"\" width=\"2560\" height=\"1280\" srcset=\"https:\/\/agoravape.com\/wp-content\/uploads\/2025\/10\/Bang-Blaze-60000-Puffs-Four-Flavours-in-One-Simple-Device_Agora_vape-4-scaled.webp 2560w, https:\/\/agoravape.com\/wp-content\/uploads\/2025\/10\/Bang-Blaze-60000-Puffs-Four-Flavours-in-One-Simple-Device_Agora_vape-4-scaled-1200x600.webp 1200w, https:\/\/agoravape.com\/wp-content\/uploads\/2025\/10\/Bang-Blaze-60000-Puffs-Four-Flavours-in-One-Simple-Device_Agora_vape-4-300x150.webp 300w, https:\/\/agoravape.com\/wp-content\/uploads\/2025\/10\/Bang-Blaze-60000-Puffs-Four-Flavours-in-One-Simple-Device_Agora_vape-4-1024x512.webp 1024w, https:\/\/agoravape.com\/wp-content\/uploads\/2025\/10\/Bang-Blaze-60000-Puffs-Four-Flavours-in-One-Simple-Device_Agora_vape-4-768x384.webp 768w, https:\/\/agoravape.com\/wp-content\/uploads\/2025\/10\/Bang-Blaze-60000-Puffs-Four-Flavours-in-One-Simple-Device_Agora_vape-4-1536x768.webp 1536w, https:\/\/agoravape.com\/wp-content\/uploads\/2025\/10\/Bang-Blaze-60000-Puffs-Four-Flavours-in-One-Simple-Device_Agora_vape-4-2048x1024.webp 2048w\" sizes=\"auto, (max-width: 2560px) 100vw, 2560px\" \/><\/h2>\n<h2 data-v-md-heading=\"what-s-special-about-bang-blaze-60000\" data-v-md-line=\"3\">Mi a k\u00fcl\u00f6nleges a Bang Blaze 60000-ben?<\/h2>\n<p data-v-md-line=\"5\">\u0150szint\u00e9n sz\u00f3lva, term\u00e9szetes, hogy az emberek belef\u00e1radnak az egy\u00edz\u0171 vape-ekbe. Lehet, hogy ezen a h\u00e9ten m\u00e9g szereted, de a k\u00f6vetkez\u0151 h\u00e9ten m\u00e1r m\u00e1s \u00edzl\u00e9sedre v\u00e1gysz. A Bang Blaze 60000 j\u00f3l tudja ezt. Ez az okos eszk\u00f6z n\u00e9gy k\u00fcl\u00f6nb\u00f6z\u0151 \u00edz\u0171 cigarettapatront integr\u00e1l egyetlenbe, amelyek k\u00f6z\u00f6tt egyetlen finom csavar\u00e1ssal v\u00e1lthatsz, \u00edgy b\u00e1rmikor, b\u00e1rhol \u00e9lvezheted a frissess\u00e9get.<\/p>\n<p data-v-md-line=\"7\">Norm\u00e1lis esetben n\u00e9gy k\u00fcl\u00f6nb\u00f6z\u0151 vape-t kell magaddal vinned ahhoz, hogy ilyen gazdag \u00edzv\u00e1laszt\u00e9kot tapasztalj meg, de a Bang Blaze az \u00f6sszes funkci\u00f3t egyben egyes\u00edti. Azok sz\u00e1m\u00e1ra, akik szeretnek k\u00fcl\u00f6nb\u00f6z\u0151 \u00edzeket kipr\u00f3b\u00e1lni, de nem akarnak sok felszerel\u00e9st cipelni, vagy akiknek neh\u00e9zs\u00e9get okoz a d\u00f6nt\u00e9s, ez a t\u00f6k\u00e9letes v\u00e1laszt\u00e1s. A k\u00e9sz\u00fcl\u00e9k akkumul\u00e1tor-\u00fczemideje ak\u00e1r 60000 port, \u00e9s tart\u00f3s.<\/p>\n<h2 data-v-md-heading=\"excellent-performance-and-easy-operation\" data-v-md-line=\"9\">Kiv\u00e1l\u00f3 teljes\u00edtm\u00e9ny \u00e9s egyszer\u0171 kezelhet\u0151s\u00e9g<\/h2>\n<p data-v-md-line=\"11\">It has a built-in 1.0 \u03a9 mesh coil, which means every bite is as delicious as the first bite. The taste is consistent, full and rich, and there will never be a disappointing burnt taste like other vapes.<\/p>\n<p data-v-md-line=\"13\">It is equipped with a battery with a capacity of up to 650mAh, providing long-lasting endurance. When the battery is low, simply use a standard Type-C data cable to charge \u2013 just like the way you charge your phone. Simple and convenient.<\/p>\n<h2 data-v-md-heading=\"quick-specifications\" data-v-md-line=\"15\">Gyors specifik\u00e1ci\u00f3k<\/h2>\n<p data-v-md-line=\"17\"><strong>Doh\u00e1nyz\u00e1si gyakoris\u00e1g:<\/strong>\u00a0up to 60000 puffs<\/p>\n<p data-v-md-line=\"19\"><strong>Nikotin koncentr\u00e1ci\u00f3:<\/strong>\u00a0N\u00e9gy koncentr\u00e1ci\u00f3ban kaphat\u00f3: 0%, 2%, 3% \u00e9s 5%<\/p>\n<p data-v-md-line=\"21\"><strong>Haszn\u00e1lat:<\/strong>\u00a0L\u00e9legezz be az aktiv\u00e1l\u00e1shoz<\/p>\n<p data-v-md-line=\"23\"><strong>T\u00f6lt\u00e9si m\u00f3d:<\/strong>\u00a0Szabv\u00e1nyos C t\u00edpus\u00fa USB csatlakoz\u00f3<\/p>\n<p data-v-md-line=\"25\"><strong>\u00c1llapot:<\/strong>\u00a0A dobozb\u00f3l kiv\u00e9ve azonnal haszn\u00e1latra k\u00e9sz<\/p>\n<h2 data-v-md-heading=\"rich-flavor-options\" data-v-md-line=\"27\">Gazdag \u00edzv\u00e1laszt\u00e9k<\/h2>\n<p data-v-md-line=\"29\">Each device comes pre installed with four complementary flavor combinations. Just choose the combination you like to start using.<\/p>\n<p data-v-md-line=\"31\"><strong>Group 1:<\/strong>\u00a0Watermelon Ice\/Blueberry Mint\/Fuji Ice\/Lemon Romance<br \/>\n<strong>Group 2:<\/strong>\u00a0Watermelon Ice\/Blueberry Cherry\/Summer Time\/Sour Mango Pineapple<br \/>\n<strong>Group 3:<\/strong>\u00a0Blueberry Ice\/Peach Ice\/Rainbow Candy\/Lemon Lime<br \/>\n<strong>Group 4:<\/strong>\u00a0Blueberry Ice\/Peach Mango Watermelon\/Passionate Kiss\/Honeydew Apple<br \/>\n<strong>Group 5:<\/strong>\u00a0Blueberries, raspberries, mixed berries, California cherries, passion fruit mangoes<br \/>\n<strong>Group 6:<\/strong>\u00a0Blueberries, raspberries, grape ice, berry ice, aloe vera, mango, honeydew melon<br \/>\n<strong>Group 7:<\/strong>\u00a0Energy drinks\/strawberries, bananas, mangoes, peaches, apricots, passion fruit, kiwi, lime<br \/>\n<strong>Group 8:<\/strong>\u00a0Energy drinks\/blueberries and watermelons\/sour apples and raspberries\/gummy bears<br \/>\n<strong>Group 9:<\/strong>\u00a0Strawberry Mango\/Watermelon Bubble Gum\/Red Mojito\/Love 66<br \/>\n<strong>Group 10:<\/strong>\u00a0Strawberry Mango\/Strawberry Kiwi\/Apple Grape\/Watermelon Dragon Fruit<br \/>\n<strong>Group 11:<\/strong>\u00a0Strawberry Watermelon\/Black Dragon Water\/Triple Honey Melon\/Cranberry Grape<br \/>\n<strong>Group 12:<\/strong>\u00a0Strawberry Watermelon\/Kiwi Passion Fruit Guava\/Mango Ice\/Watermelon Sour Peach<\/p>\n<h2 data-v-md-heading=\"tailored-for-you-and-your-business\" data-v-md-line=\"44\">\u00d6nre \u00e9s v\u00e1llalkoz\u00e1s\u00e1ra szabva<\/h2>\n<p data-v-md-line=\"46\">Bang Blaze 60000 is now available for single bottle purchase, and if you are a business owner, you can also purchase in bulk. We offer wholesale packaging of 100 or 200 bottles, making it easy for you to stock up and ensuring that your shelves are always filled with products that customers truly love.<\/p>\n<p data-v-md-line=\"48\">We collaborate with reliable Delivered Duty Paid (DDP) partners such as UPS, DPD, and DHL to handle all transportation matters. This means that the price you see is the final price you pay, without worrying about customs fees or delays.<\/p>\n<h2 data-v-md-heading=\"reasons-why-you-will-like-it\" data-v-md-line=\"50\">Reasons why you will like it<\/h2>\n<p data-v-md-line=\"52\"><strong>Four flavors in one:<\/strong>\u00a0You can switch flavors anytime without changing the device.<\/p>\n<p data-v-md-line=\"54\"><strong>Durable:<\/strong>\u00a0Durable, no need to frequently purchase new cartridges.<\/p>\n<p data-v-md-line=\"56\"><strong>Nikotinkoncentr\u00e1ci\u00f3 kiv\u00e1laszt\u00e1sa:<\/strong>\u00a0Kiv\u00e1laszthatod a sz\u00e1modra megfelel\u0151 nikotinkoncentr\u00e1ci\u00f3t.<\/p>\n<p data-v-md-line=\"58\"><strong>\u00dajrat\u00f6lthet\u0151:<\/strong>\u00a0means you can fully utilize every drop of e-liquid you purchase.<\/p>\n<p data-v-md-line=\"60\"><strong>H\u00e1l\u00f3s porlaszt\u00f3 mag:<\/strong>\u00a0Minden alkalommal stabil \u00e9s gazdag \u00edzt hozhat.<\/p>\n<h2 data-v-md-heading=\"why-choose-to-collaborate-with-agoravape\" data-v-md-line=\"62\">Mi\u00e9rt \u00e9rdemes az AgoraVape-pel egy\u00fcttm\u0171k\u00f6dni?<\/h2>\n<p data-v-md-line=\"64\">As one of the most trusted vape distributors in Europe, we only sell 100% genuine products. For our corporate clients, this means Bang Blaze 60000 wholesale price discounts, comprehensive technical support, and fast and reliable delivery. Contact us to have this product that your customers will truly appreciate.<\/p>\n<p><script src=\"chrome-extension:\/\/fpelahbljekknahkcaegamhcndkfpfnc\/iFrame.js\" type=\"text\/javascript\"><\/script><\/p>","protected":false},"excerpt":{"rendered":"<p>&nbsp;<\/p>\n<p><script src=\"chrome-extension:\/\/fpelahbljekknahkcaegamhcndkfpfnc\/iFrame.js\" type=\"text\/javascript\"><\/script><\/p>\n<p><script src=\"chrome-extension:\/\/fpelahbljekknahkcaegamhcndkfpfnc\/iFrame.js\" type=\"text\/javascript\"><\/script><\/p>\n<p><script src=\"chrome-extension:\/\/fpelahbljekknahkcaegamhcndkfpfnc\/iFrame.js\" type=\"text\/javascript\"><\/script><\/p>","protected":false},"featured_media":19563,"comment_status":"open","ping_status":"closed","template":"","meta":[],"product_brand":[197],"product_cat":[124,187,185,189,1642,123,176,177,195,174,175,193,191,173,186,180,190],"product_tag":[],"class_list":{"0":"post-19539","1":"product","2":"type-product","3":"status-publish","4":"has-post-thumbnail","6":"product_brand-bang","7":"product_cat-vape-by-brand","8":"product_cat-0mg-nicotine-free-vapes","9":"product_cat-10000-puffs-high-capacity","10":"product_cat-20mg-standard-nicotine-vapes","11":"product_cat-60000-puffs","12":"product_cat-bang","13":"product_cat-beverage","14":"product_cat-dessert-sweets","15":"product_cat-dual-flavor-switch","16":"product_cat-fruit-flavors","17":"product_cat-icy-mint","18":"product_cat-mesh-coil","19":"product_cat-rechargeable-disposables","20":"product_cat-vape-by-flavor-profile","21":"product_cat-vape-by-nicotine-strength","22":"product_cat-vape-by-puff-count","23":"product_cat-vape-by-feature-or-type","25":"first","26":"instock","27":"shipping-taxable","28":"purchasable","29":"product-type-variable","30":"has-default-attributes"},"tiered_pricing_type":"percentage","tiered_pricing_fixed_rules":[],"tiered_pricing_product_settings":{"layout":"default","base_unit_name":{"singular":null,"plural":null},"default_variation":null},"tiered_pricing_minimum_quantity":10,"tiered_pricing_roles_data":[],"tiered_pricing_percentage_rules":{"30":"29","50":"35","100":"40","200":"44","500":"47","1000":"49"},"tiered_pricing_maximum_quantity":null,"tiered_pricing_quantity_step":"10","_links":{"self":[{"href":"https:\/\/agoravape.com\/hu\/wp-json\/wp\/v2\/product\/19539","targetHints":{"allow":["GET"]}}],"collection":[{"href":"https:\/\/agoravape.com\/hu\/wp-json\/wp\/v2\/product"}],"about":[{"href":"https:\/\/agoravape.com\/hu\/wp-json\/wp\/v2\/types\/product"}],"replies":[{"embeddable":true,"href":"https:\/\/agoravape.com\/hu\/wp-json\/wp\/v2\/comments?post=19539"}],"version-history":[{"count":0,"href":"https:\/\/agoravape.com\/hu\/wp-json\/wp\/v2\/product\/19539\/revisions"}],"wp:featuredmedia":[{"embeddable":true,"href":"https:\/\/agoravape.com\/hu\/wp-json\/wp\/v2\/media\/19563"}],"wp:attachment":[{"href":"https:\/\/agoravape.com\/hu\/wp-json\/wp\/v2\/media?parent=19539"}],"wp:term":[{"taxonomy":"product_brand","embeddable":true,"href":"https:\/\/agoravape.com\/hu\/wp-json\/wp\/v2\/product_brand?post=19539"},{"taxonomy":"product_cat","embeddable":true,"href":"https:\/\/agoravape.com\/hu\/wp-json\/wp\/v2\/product_cat?post=19539"},{"taxonomy":"product_tag","embeddable":true,"href":"https:\/\/agoravape.com\/hu\/wp-json\/wp\/v2\/product_tag?post=19539"}],"curies":[{"name":"wp","href":"https:\/\/api.w.org\/{rel}","templated":true}]}}