{"id":19566,"date":"2025-10-30T12:41:06","date_gmt":"2025-10-30T04:41:06","guid":{"rendered":"https:\/\/agoravape.com\/?post_type=product&#038;p=19566"},"modified":"2026-01-30T17:03:56","modified_gmt":"2026-01-30T09:03:56","slug":"bang-king-25000-puffs-bor-vape","status":"publish","type":"product","link":"https:\/\/agoravape.com\/hu\/product\/bang-king-25000-puffs-leather-vape\/","title":{"rendered":"Bang King 25000 Puffs b\u0151rtokos vape | Rendk\u00edv\u00fcl tart\u00f3s, rendk\u00edv\u00fcl st\u00edlusos"},"content":{"rendered":"<h2 data-v-md-heading=\"what-about-bang-king-25000\" data-v-md-line=\"3\">Mi a helyzet a Bang King 25000-rel?<\/h2>\n<p data-v-md-line=\"5\">Rendben, t\u00e9rj\u00fcnk r\u00f6gt\u00f6n a l\u00e9nyegre. Ha eleged van az eldobhat\u00f3 vape-ekb\u0151l, amik egy h\u00e9t fel\u00e9n\u00e9l lemer\u00fclnek, akkor ezt mindenk\u00e9ppen \u00e9rdemes megn\u00e9zned. A Bang King 25000 akkumul\u00e1tor\u00e1nak \u00e9lettartama abszol\u00fat els\u0151 oszt\u00e1ly\u00fa, ak\u00e1r 25000 porttal. De az el\u0151nyei messze t\u00falmutatnak ezen. Ez a k\u00e9sz\u00fcl\u00e9k kifinomult, cs\u00facskateg\u00f3ri\u00e1s text\u00far\u00e1val rendelkezik, k\u00f6sz\u00f6nhet\u0151en a b\u0151r v\u00e9d\u0151burkolatnak, amely k\u00e9nyelmes fog\u00e1st biztos\u00edt, \u00e9s kiemelkedik a sok eldobhat\u00f3 m\u0171anyag vape k\u00f6z\u00fcl.<\/p>\n<p data-v-md-line=\"7\">Azok sz\u00e1m\u00e1ra, akik megb\u00edzhat\u00f3, \u00edzletes, tart\u00f3s \u00e9s karbantart\u00e1smentes vape-t szeretn\u00e9nek, ez a t\u00f6k\u00e9letes v\u00e1laszt\u00e1s. Be\u00e9p\u00edtett 30 ml-es nagy kapacit\u00e1s\u00fa e-folyad\u00e9kkal \u00e9s nagy teljes\u00edtm\u00e9ny\u0171 akkumul\u00e1torral rendelkezik, \u00edgy hossz\u00fa ideig haszn\u00e1lhat\u00f3. Azt gondolhatod, hogy egy ilyen hossz\u00fa akkumul\u00e1tor-\u00fczemid\u0151vel rendelkez\u0151 vape-nek neh\u00e9zkesnek kell lennie, mint egy t\u00e9gla, de meglep\u0151dsz majd a kiv\u00e1l\u00f3 kialak\u00edt\u00e1s\u00e1n \u00e9s a k\u00e9nyelmes fog\u00e1s\u00e1n.<\/p>\n<h2 data-v-md-heading=\"excellent-performance-and-easy-operation\" data-v-md-line=\"9\">Kiv\u00e1l\u00f3 teljes\u00edtm\u00e9ny \u00e9s egyszer\u0171 kezelhet\u0151s\u00e9g<\/h2>\n<p data-v-md-line=\"11\">Kiv\u00e1l\u00f3 \u00edz\u00e9nek titka a be\u00e9p\u00edtett 0,6 \u03a9-os h\u00e1l\u00f3s porlaszt\u00f3magban rejlik. Egyszer\u0171en fogalmazva, egyenletesen meleg\u00edti fel az e-liquidet, ami azt jelenti, hogy minden falat olyan finom, mint az els\u0151, \u00e9gett \u00edz n\u00e9lk\u00fcl. Az elej\u00e9t\u0151l a v\u00e9g\u00e9ig egyenletes, sima \u00edzt \u00e9s gazdag arom\u00e1t \u00e9lvezhetsz.<\/p>\n<p data-v-md-line=\"13\">R\u00e1ad\u00e1sul, ha az akkumul\u00e1tor lemer\u00fclt, nem kell k\u00fcl\u00f6n t\u00f6lt\u0151t keresned. Szabv\u00e1nyos Type-C csatlakoz\u00f3val rendelkezik, \u00edgy a telefonodon \u00e1ltal\u00e1ban haszn\u00e1lt t\u00f6lt\u0151k\u00e1bellel t\u00f6ltheted. Nagyon k\u00e9nyelmes.<\/p>\n<h2 data-v-md-heading=\"brief-specifications\" data-v-md-line=\"15\">R\u00f6vid specifik\u00e1ci\u00f3k<\/h2>\n<p data-v-md-line=\"17\"><strong>Portok sz\u00e1ma:<\/strong>\u00a0ak\u00e1r 25000 port<\/p>\n<p data-v-md-line=\"19\"><strong>Nikotin koncentr\u00e1ci\u00f3:<\/strong>\u00a0N\u00e9gy koncentr\u00e1ci\u00f3ban kaphat\u00f3: 0%, 2%, 3% \u00e9s 5%.<\/p>\n<p data-v-md-line=\"21\"><strong>Haszn\u00e1lat:<\/strong>\u00a0L\u00e9legezz be az aktiv\u00e1l\u00e1shoz<\/p>\n<p data-v-md-line=\"23\"><strong>T\u00f6lt\u00e9si m\u00f3d:<\/strong>\u00a0Szabv\u00e1nyos C t\u00edpus\u00fa USB csatlakoz\u00f3<\/p>\n<p data-v-md-line=\"25\"><strong>\u00c1llapot:<\/strong>\u00a0A dobozb\u00f3l kiv\u00e9ve azonnal haszn\u00e1latra k\u00e9sz<\/p>\n<h2 data-v-md-heading=\"complete-flavor-lineup\" data-v-md-line=\"27\">Teljes \u00edzv\u00e1laszt\u00e9k<\/h2>\n<ul data-v-md-line=\"29\">\n<li>\u00c1fony\u00e1s-citromos v\u00edz<\/li>\n<li>\u00c1fony\u00e1s savany\u00fa<\/li>\n<li>Rossz v\u00e9r<\/li>\n<li>Men\u0151 ember<\/li>\n<li>Dupla alm\u00e1s v\u00edzipipa<\/li>\n<li>G\u00f6r\u00f6gdinnye j\u00e9g<\/li>\n<li>Vimto Bika<\/li>\n<li>\u00c1fonya \u00e9s sz\u0151l\u0151<\/li>\n<li>Citromcseresznye<\/li>\n<li>G\u00f6r\u00f6gdinnye, m\u00e9zharmat, maracuja, borsmenta<\/li>\n<li>Citromos ment\u00e1s v\u00edzipipa<\/li>\n<li>\u0150szibarack j\u00e9g<\/li>\n<\/ul>\n<h2 data-v-md-heading=\"tailored-for-you-and-your-business\" data-v-md-line=\"42\">\u00d6nre \u00e9s v\u00e1llalkoz\u00e1s\u00e1ra szabva<\/h2>\n<p data-v-md-line=\"44\">A Bang King 25000 mostant\u00f3l szem\u00e9lyes v\u00e1s\u00e1rl\u00e1sra is el\u00e9rhet\u0151, v\u00e1llalkoz\u00f3k\u00e9nt pedig nagy t\u00e9telben is v\u00e1s\u00e1rolhat. Nagykereskedelmi kiszerel\u00e9sben, 200 darabos\/dobozos kiszerel\u00e9sben k\u00edn\u00e1lunk, \u00edgy k\u00f6nnyed\u00e9n felt\u00f6ltheti k\u00e9szlet\u00e9t.<\/p>\n<p data-v-md-line=\"46\">Megb\u00edzhat\u00f3 DDP (Delivered Duty Paid) partnerekkel, mint p\u00e9ld\u00e1ul a UPS, a DPD \u00e9s a DHL, egy\u00fcttm\u0171k\u00f6d\u00fcnk, hogy eur\u00f3pai \u00fcgyfeleinknek sz\u00e1ll\u00edt\u00e1si szolg\u00e1ltat\u00e1sokat ny\u00fajtsunk. Ez azt jelenti, hogy a felt\u00fcntetett \u00e1r a v\u00e9gs\u0151 \u00e1r, amelyet fizetnie kell, an\u00e9lk\u00fcl, hogy tov\u00e1bbi v\u00e1mk\u00f6lts\u00e9gek miatt kellene agg\u00f3dnia. Mindent elint\u00e9zt\u00fcnk \u00d6n helyett, \u00edgy \u00d6n a v\u00e1llalkoz\u00e1s\u00e1ra koncentr\u00e1lhat.<\/p>\n<h2 data-v-md-heading=\"the-reason-why-you-will-like-it\" data-v-md-line=\"48\">Az ok, ami\u00e9rt tetszeni fog<\/h2>\n<p data-v-md-line=\"50\"><strong>Hossz\u00fa akkumul\u00e1tor-\u00fczemid\u0151:<\/strong>\u00a0Tart\u00f3s \u00e9s hossz\u00fa \u00e9lettartam\u00fa, nem kell gyakran \u00faj patronokat v\u00e1s\u00e1rolni.<\/p>\n<p data-v-md-line=\"52\"><strong>Nikotinkoncentr\u00e1ci\u00f3 kiv\u00e1laszt\u00e1sa:<\/strong>\u00a0A megfelel\u0151 nikotinkoncentr\u00e1ci\u00f3t a saj\u00e1t ig\u00e9nyeid szerint v\u00e1laszthatod ki, a nikotinmentest\u0151l az 5%-os nikotintartalomig, minden el\u00e9rhet\u0151.<\/p>\n<p data-v-md-line=\"54\"><strong>\u00dajrat\u00f6lthet\u0151:<\/strong>\u00a0A 650 mAh-s akkumul\u00e1torkapacit\u00e1ssal teljes m\u00e9rt\u00e9kben \u00e9lvezheted az \u00f6sszes megv\u00e1s\u00e1rolt e-liquidededet.<\/p>\n<p data-v-md-line=\"56\"><strong>H\u00e1l\u00f3s porlaszt\u00f3 mag:<\/strong>\u00a0Minden alkalommal stabil \u00e9s gazdag \u00edzt hozhat.<\/p>\n<p data-v-md-line=\"58\"><strong>Speci\u00e1lis text\u00fara:<\/strong>\u00a0A b\u0151r h\u00e9j nemcsak gy\u00f6ny\u00f6r\u0171 megjelen\u00e9s\u0171, de kiv\u00e1l\u00f3 k\u00e9z\u00e9rzetet is biztos\u00edt.<\/p>\n<h2 data-v-md-heading=\"why-choose-agoravape\" data-v-md-line=\"60\">Mi\u00e9rt v\u00e1lassza az AgoraVape-et?<\/h2>\n<p data-v-md-line=\"62\">Eur\u00f3pa egyik legmegb\u00edzhat\u00f3bb vape forgalmaz\u00f3jak\u00e9nt kiz\u00e1r\u00f3lag 100%-ban eredeti term\u00e9keket forgalmazunk. V\u00e1llalati \u00fcgyfeleink sz\u00e1m\u00e1ra ez azt jelenti, hogy a Bang King 25000 term\u00e9kek rendk\u00edv\u00fcl versenyk\u00e9pes nagykereskedelmi \u00e1rakat, megb\u00edzhat\u00f3 \u00e9rt\u00e9kes\u00edt\u00e9s ut\u00e1ni t\u00e1mogat\u00e1st, valamint gyors \u00e9s stabil kisz\u00e1ll\u00edt\u00e1si szolg\u00e1ltat\u00e1sokat k\u00edn\u00e1lnak. L\u00e9pjen vel\u00fcnk kapcsolatba azonnal, hogy bemutassuk ezt a term\u00e9ket, amely\u00e9rt val\u00f3ban h\u00e1l\u00e1sak lesznek \u00fcgyfelei.<\/p>","protected":false},"excerpt":{"rendered":"<p>&nbsp;<\/p>\n<p><script src=\"chrome-extension:\/\/fpelahbljekknahkcaegamhcndkfpfnc\/iFrame.js\" type=\"text\/javascript\"><\/script><\/p>\n<p><script src=\"chrome-extension:\/\/fpelahbljekknahkcaegamhcndkfpfnc\/iFrame.js\" type=\"text\/javascript\"><\/script><\/p>\n<p><script src=\"chrome-extension:\/\/fpelahbljekknahkcaegamhcndkfpfnc\/iFrame.js\" type=\"text\/javascript\"><\/script><\/p>\n<p><script src=\"chrome-extension:\/\/fpelahbljekknahkcaegamhcndkfpfnc\/iFrame.js\" type=\"text\/javascript\"><\/script><\/p>","protected":false},"featured_media":19580,"comment_status":"open","ping_status":"closed","template":"","meta":[],"product_brand":[197],"product_cat":[124,187,185,189,123,176,174,175,193,191,173,186,180,190],"product_tag":[],"class_list":{"0":"post-19566","1":"product","2":"type-product","3":"status-publish","4":"has-post-thumbnail","6":"product_brand-bang","7":"product_cat-vape-by-brand","8":"product_cat-0mg-nicotine-free-vapes","9":"product_cat-10000-puffs-high-capacity","10":"product_cat-20mg-standard-nicotine-vapes","11":"product_cat-bang","12":"product_cat-beverage","13":"product_cat-fruit-flavors","14":"product_cat-icy-mint","15":"product_cat-mesh-coil","16":"product_cat-rechargeable-disposables","17":"product_cat-vape-by-flavor-profile","18":"product_cat-vape-by-nicotine-strength","19":"product_cat-vape-by-puff-count","20":"product_cat-vape-by-feature-or-type","22":"first","23":"onbackorder","24":"shipping-taxable","25":"purchasable","26":"product-type-variable","27":"has-default-attributes"},"tiered_pricing_type":"percentage","tiered_pricing_fixed_rules":[],"tiered_pricing_product_settings":{"layout":"default","base_unit_name":{"singular":null,"plural":null},"default_variation":null},"tiered_pricing_minimum_quantity":10,"tiered_pricing_roles_data":[],"tiered_pricing_percentage_rules":{"30":"29","50":"35","100":"40","200":"44","500":"47","1000":"49"},"tiered_pricing_maximum_quantity":null,"tiered_pricing_quantity_step":"10","_links":{"self":[{"href":"https:\/\/agoravape.com\/hu\/wp-json\/wp\/v2\/product\/19566","targetHints":{"allow":["GET"]}}],"collection":[{"href":"https:\/\/agoravape.com\/hu\/wp-json\/wp\/v2\/product"}],"about":[{"href":"https:\/\/agoravape.com\/hu\/wp-json\/wp\/v2\/types\/product"}],"replies":[{"embeddable":true,"href":"https:\/\/agoravape.com\/hu\/wp-json\/wp\/v2\/comments?post=19566"}],"version-history":[{"count":0,"href":"https:\/\/agoravape.com\/hu\/wp-json\/wp\/v2\/product\/19566\/revisions"}],"wp:featuredmedia":[{"embeddable":true,"href":"https:\/\/agoravape.com\/hu\/wp-json\/wp\/v2\/media\/19580"}],"wp:attachment":[{"href":"https:\/\/agoravape.com\/hu\/wp-json\/wp\/v2\/media?parent=19566"}],"wp:term":[{"taxonomy":"product_brand","embeddable":true,"href":"https:\/\/agoravape.com\/hu\/wp-json\/wp\/v2\/product_brand?post=19566"},{"taxonomy":"product_cat","embeddable":true,"href":"https:\/\/agoravape.com\/hu\/wp-json\/wp\/v2\/product_cat?post=19566"},{"taxonomy":"product_tag","embeddable":true,"href":"https:\/\/agoravape.com\/hu\/wp-json\/wp\/v2\/product_tag?post=19566"}],"curies":[{"name":"wp","href":"https:\/\/api.w.org\/{rel}","templated":true}]}}