{"id":19594,"date":"2025-10-30T12:52:37","date_gmt":"2025-10-30T04:52:37","guid":{"rendered":"https:\/\/agoravape.com\/?post_type=product&#038;p=19594"},"modified":"2026-01-30T17:03:30","modified_gmt":"2026-01-30T09:03:30","slug":"bang-king-30k-pro-30000-puffs-vape","status":"publish","type":"product","link":"https:\/\/agoravape.com\/hu\/product\/bang-king-30k-pro-30000-puffs-vape\/","title":{"rendered":"Bang King 30K Pro 30000 f\u00faj\u00e1s | Igaz\u00e1n hosszan tart\u00f3 \u00edz"},"content":{"rendered":"<h2 data-v-md-heading=\"what-is-the-bang-king-30k-pro-like\" data-v-md-line=\"3\"><img loading=\"lazy\" decoding=\"async\" class=\"aligncenter size-full wp-image-19620\" src=\"https:\/\/agoravape.com\/wp-content\/uploads\/2025\/10\/Bang-King-30K-Pro-30000-Puffs-Seriously-Long-Lasting-Flavour_Agora_vape-13.webp\" alt=\"\" width=\"1024\" height=\"1024\" srcset=\"https:\/\/agoravape.com\/wp-content\/uploads\/2025\/10\/Bang-King-30K-Pro-30000-Puffs-Seriously-Long-Lasting-Flavour_Agora_vape-13.webp 1024w, https:\/\/agoravape.com\/wp-content\/uploads\/2025\/10\/Bang-King-30K-Pro-30000-Puffs-Seriously-Long-Lasting-Flavour_Agora_vape-13-600x600.webp 600w, https:\/\/agoravape.com\/wp-content\/uploads\/2025\/10\/Bang-King-30K-Pro-30000-Puffs-Seriously-Long-Lasting-Flavour_Agora_vape-13-300x300.webp 300w, https:\/\/agoravape.com\/wp-content\/uploads\/2025\/10\/Bang-King-30K-Pro-30000-Puffs-Seriously-Long-Lasting-Flavour_Agora_vape-13-150x150.webp 150w, https:\/\/agoravape.com\/wp-content\/uploads\/2025\/10\/Bang-King-30K-Pro-30000-Puffs-Seriously-Long-Lasting-Flavour_Agora_vape-13-768x768.webp 768w\" sizes=\"auto, (max-width: 1024px) 100vw, 1024px\" \/><\/h2>\n<h2 data-v-md-heading=\"what-is-the-bang-king-30k-pro-like\" data-v-md-line=\"3\">Milyen a Bang King 30K Pro?<\/h2>\n<p data-v-md-line=\"5\">Ha eleged van az eldobhat\u00f3 vape-ekb\u0151l, amiket a v\u00e1s\u00e1rl\u00e1s ut\u00e1n r\u00f6vid id\u0151n bel\u00fcl elhaszn\u00e1lsz, akkor mindenk\u00e9ppen n\u00e9zd meg ezt a term\u00e9ket. A Bang King 30K Pro k\u00e9ts\u00e9gtelen\u00fcl egy tart\u00f3s vape, amely ak\u00e1r 30 000 slukknyi doh\u00e1nyz\u00e1si \u00e9lm\u00e9nyt is biztos\u00edt eszk\u00f6z\u00f6nk\u00e9nt. Azt gondolhatod, hogy egy ilyen er\u0151s teljes\u00edtm\u00e9ny neh\u00e9z \u00e9s \u00fcgyetlen, de meglep\u0151dsz majd a fog\u00e1sa \u00e9s a k\u00e9nyelmes hordozhat\u00f3s\u00e1ga miatt.<\/p>\n<p data-v-md-line=\"7\">Ez az eszk\u00f6z t\u00f6k\u00e9letes azoknak a felhaszn\u00e1l\u00f3knak, akik csak egy megb\u00edzhat\u00f3, finom \u00e9s probl\u00e9mamentes vape \u00e9lm\u00e9nyre v\u00e1gynak. Hossz\u00fa t\u00e1v\u00fa haszn\u00e1latra tervezt\u00e9k, ami azt jelenti, hogy nem kell hetekig cser\u00e9lni. 36 ml ultra nagy kapacit\u00e1s\u00fa e-folyad\u00e9kkal rendelkezik, tart\u00f3s \u00e9s hossz\u00fa \u00e9lettartam\u00fa.<\/p>\n<h2 data-v-md-heading=\"excellent-performance-convenient-experience\" data-v-md-line=\"9\">Kiv\u00e1l\u00f3 teljes\u00edtm\u00e9ny, k\u00e9nyelmes \u00e9lm\u00e9ny<\/h2>\n<p data-v-md-line=\"11\">Az \u00e1lland\u00f3 \u00edz titka a be\u00e9p\u00edtett 1.0 \u03a9-os h\u00e1l\u00f3s porlaszt\u00f3mag. Ez a technol\u00f3gia gazdag \u00e9s sima \u00edzt biztos\u00edt az els\u0151 falatt\u00f3l az utols\u00f3ig. M\u00e9g a v\u00e9ge fel\u00e9 sem romlik a min\u0151s\u00e9g, ami teljesen elt\u00e9r a t\u00f6bbi eldobhat\u00f3 vape-k\u00e9sz\u00fcl\u00e9k gyakori hi\u00e1nyoss\u00e1gait\u00f3l.<\/p>\n<p data-v-md-line=\"13\">Ak\u00e1r 850 mAh kapacit\u00e1s\u00fa akkumul\u00e1torral van felszerelve. Amikor az akkumul\u00e1tor lemer\u00fcl\u0151ben van, egy szabv\u00e1nyos Type-C adatk\u00e1bellel t\u00f6lthet\u0151 \u2013 ak\u00e1rcsak azzal, amellyel a telefonj\u00e1t t\u00f6lti. Nincs sz\u00fcks\u00e9g k\u00fcl\u00f6n t\u00f6lt\u0151re, egyszer\u0171 \u00e9s k\u00e9nyelmes. Minden az egyszer\u0171s\u00e9get \u00e9s a k\u00e9nyelmet szolg\u00e1lja.<\/p>\n<h2 data-v-md-heading=\"quick-specifications\" data-v-md-line=\"15\">Gyors specifik\u00e1ci\u00f3k<\/h2>\n<p data-v-md-line=\"17\"><strong>Doh\u00e1nyz\u00e1si gyakoris\u00e1g:<\/strong>\u00a0ak\u00e1r 30 000 slukk<\/p>\n<p data-v-md-line=\"19\"><strong>Nikotin koncentr\u00e1ci\u00f3:<\/strong>\u00a0N\u00e9gy koncentr\u00e1ci\u00f3ban kaphat\u00f3: 0%, 2%, 3% \u00e9s 5%<\/p>\n<p data-v-md-line=\"21\"><strong>Haszn\u00e1lat:<\/strong>\u00a0L\u00e9legezz be az aktiv\u00e1l\u00e1shoz<\/p>\n<p data-v-md-line=\"23\"><strong>T\u00f6lt\u00e9si m\u00f3d:<\/strong>\u00a0Szabv\u00e1nyos C t\u00edpus\u00fa USB csatlakoz\u00f3<\/p>\n<p data-v-md-line=\"25\"><strong>\u00c1llapot:<\/strong>\u00a0A dobozb\u00f3l kiv\u00e9ve azonnal haszn\u00e1latra k\u00e9sz<\/p>\n<h2 data-v-md-heading=\"rich-flavor-options\" data-v-md-line=\"27\">Gazdag \u00edzv\u00e1laszt\u00e9k<\/h2>\n<p data-v-md-line=\"29\">T\u00f6bbf\u00e9le \u00edzt k\u00edn\u00e1lunk, mindig tal\u00e1lunk egyet, amelyik illik hozz\u00e1d. A jelenlegi term\u00e9kpalett\u00e1nk a k\u00f6vetkez\u0151ket tartalmazza:<\/p>\n<ul data-v-md-line=\"31\">\n<li>\u00c1fonya \u00e9s m\u00e1lna<\/li>\n<li>Eper g\u00f6r\u00f6gdinnye<\/li>\n<li>K\u00e9k j\u00e9gp\u00e1lya<\/li>\n<li>Friss menta<\/li>\n<li>Eper sz\u0151l\u0151<\/li>\n<li>\u00c1fonya, t\u0151zeg\u00e1fonya, cseresznye<\/li>\n<li>G\u00f6r\u00f6gdinnye<\/li>\n<li>Eper kivi<\/li>\n<li>Menta \u00c1fonya M\u00e1lna (Menta \u00c1fonya M\u00e1lna)<\/li>\n<li>H\u00e1rmas bogy\u00f3<\/li>\n<li>G\u00f6r\u00f6gdinnye cseresznye<\/li>\n<li>M\u00e1lna Fekete Vill\u00e1ml\u00e1s (M\u00e1lna Fekete Vill\u00e1ml\u00e1s)<\/li>\n<\/ul>\n<h2 data-v-md-heading=\"tailored-for-you-and-your-business\" data-v-md-line=\"44\">\u00d6nre \u00e9s v\u00e1llalkoz\u00e1s\u00e1ra szabva<\/h2>\n<p data-v-md-line=\"46\">Elind\u00edtottuk a Bang King 30K Pro egyedi \u00e9rt\u00e9kes\u00edt\u00e9s\u00e9t, \u00e9s ha v\u00e1llalkoz\u00f3 vagy, nagy t\u00e9telben is megv\u00e1s\u00e1rolhatod. A term\u00e9k nagykereskedelmi csomagol\u00e1sban kaphat\u00f3, dobozonk\u00e9nt 200 darabbal. Ez megk\u00f6nny\u00edti a legkelend\u0151bb term\u00e9kek megfelel\u0151 k\u00e9szlet\u00e9nek fenntart\u00e1s\u00e1t.<\/p>\n<p data-v-md-line=\"48\">Olyan partnerekkel m\u0171k\u00f6d\u00fcnk egy\u00fctt, mint a UPS, a DPD \u00e9s a DHL, hogy megb\u00edzhat\u00f3, v\u00e1mfizet\u00e9ssel ell\u00e1tott (DDP) sz\u00e1ll\u00edt\u00e1si m\u00f3dokon kereszt\u00fcl Eur\u00f3pa k\u00fcl\u00f6nb\u00f6z\u0151 r\u00e9szeire sz\u00e1ll\u00edthassunk. Az \u00e1rut gyorsan megkaphatja an\u00e9lk\u00fcl, hogy tov\u00e1bbi v\u00e1mk\u00f6lts\u00e9gek miatt kellene agg\u00f3dnia. A teljes folyamat rakt\u00e1runkt\u00f3l az \u00d6n ajt\u00f3j\u00e1ig z\u00f6kken\u0151mentes \u00e9s akad\u00e1lytalan.<\/p>\n<h2 data-v-md-heading=\"reasons-why-you-will-like-it\" data-v-md-line=\"50\">Reasons why you will like it<\/h2>\n<p data-v-md-line=\"52\"><strong>Hossz\u00fa akkumul\u00e1tor-\u00fczemid\u0151:<\/strong>\u00a0Tart\u00f3s \u00e9s hossz\u00fa \u00e9lettartam\u00fa, nem kell gyakran \u00faj patronokat v\u00e1s\u00e1rolni.<\/p>\n<p data-v-md-line=\"54\"><strong>Nikotinkoncentr\u00e1ci\u00f3 kiv\u00e1laszt\u00e1sa:<\/strong>\u00a0Kiv\u00e1laszthatod a sz\u00e1modra megfelel\u0151 nikotinkoncentr\u00e1ci\u00f3t, a nikotinmentest\u0151l az er\u0151s torok\u00e9rzetig, minden el\u00e9rhet\u0151.<\/p>\n<p data-v-md-line=\"56\"><strong>\u00dajrat\u00f6lthet\u0151:<\/strong>\u00a0lehet\u0151v\u00e9 teszi a megv\u00e1s\u00e1rolt 36 ml-es e-folyad\u00e9k felhaszn\u00e1l\u00e1s\u00e1t.<\/p>\n<p data-v-md-line=\"58\"><strong>H\u00e1l\u00f3s porlaszt\u00f3 mag:<\/strong>\u00a0Minden alkalommal stabil \u00e9s gazdag \u00edzt hozhat.<\/p>\n<h2 data-v-md-heading=\"why-choose-agoravape\" data-v-md-line=\"60\">Mi\u00e9rt v\u00e1lassza az AgoraVape-et?<\/h2>\n<p data-v-md-line=\"62\">Eur\u00f3pa egyik legmegb\u00edzhat\u00f3bb vape forgalmaz\u00f3jak\u00e9nt kiz\u00e1r\u00f3lag 100%-ban eredeti term\u00e9keket forgalmazunk. V\u00e1llalati \u00fcgyfeleink sz\u00e1m\u00e1ra ez azt jelenti, hogy a Bang King 30K Pro kedvezm\u00e9nyes nagykereskedelmi \u00e1rakat, \u00e1tfog\u00f3 technikai t\u00e1mogat\u00e1st, valamint gyors \u00e9s megb\u00edzhat\u00f3 sz\u00e1ll\u00edt\u00e1st k\u00edn\u00e1l. L\u00e9pjen kapcsolatba vel\u00fcnk, hogy \u00fcgyfelei val\u00f3ban \u00e9rt\u00e9kelhess\u00e9k az \u00d6n \u00e1ltal k\u00edn\u00e1lt term\u00e9keket.<\/p>","protected":false},"excerpt":{"rendered":"<p>&nbsp;<\/p>\n<p><script src=\"chrome-extension:\/\/fpelahbljekknahkcaegamhcndkfpfnc\/iFrame.js\" type=\"text\/javascript\"><\/script><\/p>\n<p><script src=\"chrome-extension:\/\/fpelahbljekknahkcaegamhcndkfpfnc\/iFrame.js\" type=\"text\/javascript\"><\/script><\/p>\n<p><script src=\"chrome-extension:\/\/fpelahbljekknahkcaegamhcndkfpfnc\/iFrame.js\" type=\"text\/javascript\"><\/script><\/p>\n<p><script src=\"chrome-extension:\/\/fpelahbljekknahkcaegamhcndkfpfnc\/iFrame.js\" type=\"text\/javascript\"><\/script><\/p>","protected":false},"featured_media":19619,"comment_status":"open","ping_status":"closed","template":"","meta":[],"product_brand":[197],"product_cat":[124,187,185,189,123,174,175,193,191,179,173,186,180,190],"product_tag":[],"class_list":{"0":"post-19594","1":"product","2":"type-product","3":"status-publish","4":"has-post-thumbnail","6":"product_brand-bang","7":"product_cat-vape-by-brand","8":"product_cat-0mg-nicotine-free-vapes","9":"product_cat-10000-puffs-high-capacity","10":"product_cat-20mg-standard-nicotine-vapes","11":"product_cat-bang","12":"product_cat-fruit-flavors","13":"product_cat-icy-mint","14":"product_cat-mesh-coil","15":"product_cat-rechargeable-disposables","16":"product_cat-unique-blends","17":"product_cat-vape-by-flavor-profile","18":"product_cat-vape-by-nicotine-strength","19":"product_cat-vape-by-puff-count","20":"product_cat-vape-by-feature-or-type","22":"first","23":"instock","24":"shipping-taxable","25":"purchasable","26":"product-type-variable","27":"has-default-attributes"},"tiered_pricing_type":"percentage","tiered_pricing_fixed_rules":[],"tiered_pricing_product_settings":{"layout":"default","base_unit_name":{"singular":null,"plural":null},"default_variation":null},"tiered_pricing_minimum_quantity":10,"tiered_pricing_roles_data":[],"tiered_pricing_percentage_rules":{"30":"29","50":"35","100":"40","200":"44","500":"47","1000":"49"},"tiered_pricing_maximum_quantity":null,"tiered_pricing_quantity_step":"10","_links":{"self":[{"href":"https:\/\/agoravape.com\/hu\/wp-json\/wp\/v2\/product\/19594","targetHints":{"allow":["GET"]}}],"collection":[{"href":"https:\/\/agoravape.com\/hu\/wp-json\/wp\/v2\/product"}],"about":[{"href":"https:\/\/agoravape.com\/hu\/wp-json\/wp\/v2\/types\/product"}],"replies":[{"embeddable":true,"href":"https:\/\/agoravape.com\/hu\/wp-json\/wp\/v2\/comments?post=19594"}],"version-history":[{"count":0,"href":"https:\/\/agoravape.com\/hu\/wp-json\/wp\/v2\/product\/19594\/revisions"}],"wp:featuredmedia":[{"embeddable":true,"href":"https:\/\/agoravape.com\/hu\/wp-json\/wp\/v2\/media\/19619"}],"wp:attachment":[{"href":"https:\/\/agoravape.com\/hu\/wp-json\/wp\/v2\/media?parent=19594"}],"wp:term":[{"taxonomy":"product_brand","embeddable":true,"href":"https:\/\/agoravape.com\/hu\/wp-json\/wp\/v2\/product_brand?post=19594"},{"taxonomy":"product_cat","embeddable":true,"href":"https:\/\/agoravape.com\/hu\/wp-json\/wp\/v2\/product_cat?post=19594"},{"taxonomy":"product_tag","embeddable":true,"href":"https:\/\/agoravape.com\/hu\/wp-json\/wp\/v2\/product_tag?post=19594"}],"curies":[{"name":"wp","href":"https:\/\/api.w.org\/{rel}","templated":true}]}}