{"id":19648,"date":"2025-10-30T14:00:29","date_gmt":"2025-10-30T06:00:29","guid":{"rendered":"https:\/\/agoravape.com\/?post_type=product&#038;p=19648"},"modified":"2026-01-30T17:01:56","modified_gmt":"2026-01-30T09:01:56","slug":"bang-king-15000-puff-kijelzo-vape","status":"publish","type":"product","link":"https:\/\/agoravape.com\/hu\/product\/bang-king-15000-puffs-display-vape\/","title":{"rendered":"Bang King 15000 | Az okos vape, ami t\u00e9nyleg megmondja, mi t\u00f6rt\u00e9nik"},"content":{"rendered":"<h2 data-v-md-heading=\"what-is-special-about-the-bang-king-15000-vape-equipped-with-a-display-screen\" data-v-md-line=\"3\"><img loading=\"lazy\" decoding=\"async\" class=\"aligncenter size-full wp-image-19662\" src=\"https:\/\/agoravape.com\/wp-content\/uploads\/2025\/10\/Bang-King-15000-The-Smart-Vape-That-Actually-Tells-You-Whats-Going-On_Agora_vape-1.webp\" alt=\"\" width=\"2000\" height=\"2500\" srcset=\"https:\/\/agoravape.com\/wp-content\/uploads\/2025\/10\/Bang-King-15000-The-Smart-Vape-That-Actually-Tells-You-Whats-Going-On_Agora_vape-1.webp 2000w, https:\/\/agoravape.com\/wp-content\/uploads\/2025\/10\/Bang-King-15000-The-Smart-Vape-That-Actually-Tells-You-Whats-Going-On_Agora_vape-1-1200x1500.webp 1200w, https:\/\/agoravape.com\/wp-content\/uploads\/2025\/10\/Bang-King-15000-The-Smart-Vape-That-Actually-Tells-You-Whats-Going-On_Agora_vape-1-240x300.webp 240w, https:\/\/agoravape.com\/wp-content\/uploads\/2025\/10\/Bang-King-15000-The-Smart-Vape-That-Actually-Tells-You-Whats-Going-On_Agora_vape-1-819x1024.webp 819w, https:\/\/agoravape.com\/wp-content\/uploads\/2025\/10\/Bang-King-15000-The-Smart-Vape-That-Actually-Tells-You-Whats-Going-On_Agora_vape-1-768x960.webp 768w, https:\/\/agoravape.com\/wp-content\/uploads\/2025\/10\/Bang-King-15000-The-Smart-Vape-That-Actually-Tells-You-Whats-Going-On_Agora_vape-1-1229x1536.webp 1229w, https:\/\/agoravape.com\/wp-content\/uploads\/2025\/10\/Bang-King-15000-The-Smart-Vape-That-Actually-Tells-You-Whats-Going-On_Agora_vape-1-1638x2048.webp 1638w\" sizes=\"auto, (max-width: 2000px) 100vw, 2000px\" \/><\/h2>\n<h2 data-v-md-heading=\"what-is-special-about-the-bang-king-15000-vape-equipped-with-a-display-screen\" data-v-md-line=\"3\">Mi a k\u00fcl\u00f6nleges a kijelz\u0151vel felszerelt Bang King 15000 vape-ben?<\/h2>\n<p data-v-md-line=\"5\">Ez az eldobhat\u00f3 vape val\u00f3di kijelz\u0151vel van felszerelve, ami nem megszokott. A Bang King 15000 nem a hagyom\u00e1nyok felr\u00fag\u00e1s\u00e1ra szolg\u00e1l, hanem egy bosszant\u00f3 probl\u00e9ma megold\u00e1s\u00e1ra, amivel mindannyian tal\u00e1lkoztunk m\u00e1r: nem tudjuk, mennyi akkumul\u00e1tor vagy e-folyad\u00e9k van m\u00e9g h\u00e1tra. A k\u00e9sz\u00fcl\u00e9k akkumul\u00e1tor\u00e1nak \u00e9lettartama 15000 port, \u00edgy hetekig \u00e9lvezheted a vapel\u00e9st tal\u00e1lgat\u00e1s n\u00e9lk\u00fcl.<\/p>\n<p data-v-md-line=\"7\">Ha nem szereted a v\u00e1ratlan helyzeteket \u2013 p\u00e9ld\u00e1ul, ha hirtelen lemer\u00fcl az akkumul\u00e1tor, \u00e9s nincs a k\u00f6zelben t\u00f6lt\u0151 \u2013, akkor ez a term\u00e9k egyszer\u0171en t\u00f6k\u00e9letes. A kompakt kijelz\u0151 lehet\u0151v\u00e9 teszi, hogy b\u00e1rmikor nyomon k\u00f6vesd az akkumul\u00e1tor \u00e9s az e-folyad\u00e9k szintj\u00e9t. \u0150szint\u00e9n sz\u00f3lva, ha egyszer kipr\u00f3b\u00e1lsz egy olyan vape-t, amely megmutatja a fennmarad\u00f3 akkumul\u00e1tor-\u00fczemid\u0151t \u00e9s az e-folyad\u00e9k szintj\u00e9t, neh\u00e9z visszat\u00e9rni ahhoz a korszakhoz, amikor a tal\u00e1lgat\u00e1sokra hagyatkozt\u00e1l az inform\u00e1ci\u00f3k megszerz\u00e9se \u00e9rdek\u00e9ben.<\/p>\n<h2 data-v-md-heading=\"excellent-performance-and-easy-operation\" data-v-md-line=\"9\">Kiv\u00e1l\u00f3 teljes\u00edtm\u00e9ny \u00e9s egyszer\u0171 kezelhet\u0151s\u00e9g<\/h2>\n<p data-v-md-line=\"11\">A be\u00e9p\u00edtett 1,1 \u03a9-os h\u00e1l\u00f3s porlaszt\u00f3mag t\u00f6k\u00e9letesen bet\u00f6lti k\u00fcldet\u00e9s\u00e9t \u2013 egyenletesen meleg\u00edti az e-liquidet, elker\u00fclve a kellemetlen \u00e9gett \u00edzt, \u00e9s lehet\u0151v\u00e9 t\u00e9ve a kellemes \u00e9lm\u00e9nyt. A 25 ml-es e-liquid kapacit\u00e1s meg\u00e9ri. Ak\u00e1r a 10., ak\u00e1r a 10000. kortyot iszod, minden korty olyan l\u00e1gy lesz, mint az els\u0151. Amikor egy 650 mAh-s akkumul\u00e1tort kell t\u00f6lteni, egyszer\u0171en csatlakoztasd a Type-C adatk\u00e1belt \u2013 ak\u00e1rcsak a telefonod t\u00f6lt\u00e9s\u00e9hez. Egyszer\u0171 \u00e9s k\u00e9nyelmes.<\/p>\n<h2 data-v-md-heading=\"quick-specifications\" data-v-md-line=\"13\"><\/h2>\n<h2 data-v-md-heading=\"quick-specifications\" data-v-md-line=\"13\">Gyors specifik\u00e1ci\u00f3k<\/h2>\n<p data-v-md-line=\"15\"><strong>Doh\u00e1nyz\u00e1si gyakoris\u00e1g:<\/strong>\u00a0ak\u00e1r 15 000 f\u00faj\u00e1s<\/p>\n<p data-v-md-line=\"17\"><strong>e-folyad\u00e9k kapacit\u00e1s:<\/strong>\u00a025 ml el\u0151re t\u00f6lt\u00f6tt olaj<\/p>\n<p data-v-md-line=\"19\"><strong>Akkumul\u00e1tor:<\/strong>\u00a0650 mAh-s \u00fajrat\u00f6lthet\u0151 akkumul\u00e1tor<\/p>\n<p data-v-md-line=\"21\"><strong>Kijelz\u0151 k\u00e9perny\u0151:<\/strong>\u00a0LED kijelz\u0151 mutatja az akkumul\u00e1tor t\u00f6lt\u00f6tts\u00e9gi szintj\u00e9t \u00e9s az e-folyad\u00e9k fennmarad\u00f3 mennyis\u00e9g\u00e9t<\/p>\n<p data-v-md-line=\"23\"><strong>Haszn\u00e1lat:<\/strong>\u00a0L\u00e9legezz be az aktiv\u00e1l\u00e1shoz<\/p>\n<p data-v-md-line=\"25\"><strong>T\u00f6lt\u00e9si m\u00f3d:<\/strong>\u00a0Szabv\u00e1nyos C t\u00edpus\u00fa USB csatlakoz\u00f3<\/p>\n<p data-v-md-line=\"27\"><strong>Porlaszt\u00f3 mag:<\/strong>\u00a01,1 \u03a9-os h\u00e1l\u00f3szem\u0171 porlaszt\u00f3mag, amely k\u00f6vetkezetes \u00e9s \u00edzletes \u00e9lm\u00e9nyt ny\u00fajt<\/p>\n<p data-v-md-line=\"29\"><strong>\u00c1llapot:<\/strong>\u00a0A dobozb\u00f3l kiv\u00e9ve azonnal haszn\u00e1latra k\u00e9sz<\/p>\n<h2 data-v-md-heading=\"complete-flavor-lineup\" data-v-md-line=\"31\">Teljes \u00edzv\u00e1laszt\u00e9k<\/h2>\n<ul data-v-md-line=\"33\">\n<li>Az \u00e1fonya friss\u00edt\u0151 \u00e9s \u00fcd\u00edt\u0151<\/li>\n<li>Bogy\u00f3s robban\u00e1s<\/li>\n<li>\u00c1fonya, cseresznye, citrom<\/li>\n<li>Az \u0151szibarack friss\u00edt\u0151 \u00e9s \u00fcd\u00edt\u0151<\/li>\n<li>A sz\u0151l\u0151 friss\u00edt\u0151 hat\u00e1s\u00fa<\/li>\n<li>\u0150szibarack \u00e9s bogy\u00f3s gy\u00fcm\u00f6lcs\u00f6k<\/li>\n<li>Savany\u00fa alma \u00e1fonya<\/li>\n<li>Tr\u00f3pusi gy\u00fcm\u00f6lcs\u00f6k<\/li>\n<li>Ropog\u00f3s eper<\/li>\n<li>G\u00f6r\u00f6gdinnye \u00e9s eper<\/li>\n<li>J\u00e9ghideg sz\u0151l\u0151<\/li>\n<\/ul>\n<p><img loading=\"lazy\" decoding=\"async\" class=\"aligncenter size-full wp-image-19671\" src=\"https:\/\/agoravape.com\/wp-content\/uploads\/2025\/10\/Bang-King-15000-The-Smart-Vape-That-Actually-Tells-You-Whats-Going-On_Agora_vape-10.webp\" alt=\"\" width=\"2560\" height=\"1200\" srcset=\"https:\/\/agoravape.com\/wp-content\/uploads\/2025\/10\/Bang-King-15000-The-Smart-Vape-That-Actually-Tells-You-Whats-Going-On_Agora_vape-10.webp 2560w, https:\/\/agoravape.com\/wp-content\/uploads\/2025\/10\/Bang-King-15000-The-Smart-Vape-That-Actually-Tells-You-Whats-Going-On_Agora_vape-10-1200x563.webp 1200w, https:\/\/agoravape.com\/wp-content\/uploads\/2025\/10\/Bang-King-15000-The-Smart-Vape-That-Actually-Tells-You-Whats-Going-On_Agora_vape-10-300x141.webp 300w, https:\/\/agoravape.com\/wp-content\/uploads\/2025\/10\/Bang-King-15000-The-Smart-Vape-That-Actually-Tells-You-Whats-Going-On_Agora_vape-10-1024x480.webp 1024w, https:\/\/agoravape.com\/wp-content\/uploads\/2025\/10\/Bang-King-15000-The-Smart-Vape-That-Actually-Tells-You-Whats-Going-On_Agora_vape-10-768x360.webp 768w, https:\/\/agoravape.com\/wp-content\/uploads\/2025\/10\/Bang-King-15000-The-Smart-Vape-That-Actually-Tells-You-Whats-Going-On_Agora_vape-10-1536x720.webp 1536w, https:\/\/agoravape.com\/wp-content\/uploads\/2025\/10\/Bang-King-15000-The-Smart-Vape-That-Actually-Tells-You-Whats-Going-On_Agora_vape-10-2048x960.webp 2048w\" sizes=\"auto, (max-width: 2560px) 100vw, 2560px\" \/><\/p>\n<h2 data-v-md-heading=\"to-create-for-you-and-your-business\" data-v-md-line=\"45\">Alkotni \u00d6nnek \u00e9s v\u00e1llalkoz\u00e1s\u00e1nak<\/h2>\n<p data-v-md-line=\"47\">L\u00e9trehoztuk a Bang Kinget, \u00e9s 15000 term\u00e9ket k\u00edn\u00e1lunk, amelyeket egyenk\u00e9nt is megv\u00e1s\u00e1rolhatsz. Ha v\u00e1llalkoz\u00f3 vagy, nagy t\u00e9telben is v\u00e1s\u00e1rolhatsz. A term\u00e9k nagykereskedelmi csomagol\u00e1sban van, \u00edgy k\u00f6nnyen felt\u00f6ltheted a k\u00e9szletedet. DDP szolg\u00e1ltat\u00e1sokat biztos\u00edtunk UPS, DPD \u00e9s DHL fut\u00e1rszolg\u00e1lattal, hogy minden sz\u00e1ll\u00edt\u00e1si k\u00e9rd\u00e9st int\u00e9zz\u00fcnk helyetted, \u00e9s elker\u00fclj\u00fck a v\u00e1m \u00e1ltal felsz\u00e1m\u00edtott tov\u00e1bbi d\u00edjakat. A rendel\u00e9sed m\u00e1r meg\u00e9rkez\u00e9sekor kifizette a v\u00e1mot, \u00e9s k\u00f6zvetlen\u00fcl \u00e9rt\u00e9kes\u00edthet\u0151.<\/p>\n<p data-v-md-line=\"49\">A boltosok sz\u00e1m\u00e1ra ez a term\u00e9k szinte prom\u00f3ci\u00f3 n\u00e9lk\u00fcl is vonzhatja a v\u00e1s\u00e1rl\u00f3kat. A v\u00e1s\u00e1rl\u00f3k k\u00fcl\u00f6n\u00f6sen szeretik a ki\u00e1ll\u00edtott t\u00e1rgyak funkci\u00f3j\u00e1t \u2013 ami felt\u0171n\u0151 t\u00e9m\u00e1v\u00e1 teszi, \u00e9s kiemelkedik a polcokon tal\u00e1lhat\u00f3 sz\u00e1mos h\u00e9tk\u00f6znapi eldobhat\u00f3 term\u00e9k k\u00f6z\u00fcl.<\/p>\n<h2 data-v-md-heading=\"reasons-why-you-will-like-it\" data-v-md-line=\"51\">Reasons why you will like it<\/h2>\n<p data-v-md-line=\"53\"><strong>Kijelz\u0151 k\u00e9perny\u0151:<\/strong>\u00a0Nem kell tal\u00e1lgatni \u2013 pontosan ellen\u0151rizheted az akkumul\u00e1tor \u00e9s az e-folyad\u00e9k szintj\u00e9t<\/p>\n<p data-v-md-line=\"55\"><strong>15000 egys\u00e9g:<\/strong>\u00a0\u00c9lvezd a hetekig tart\u00f3 vape \u00e9lm\u00e9nyt egyetlen eszk\u00f6zzel<\/p>\n<p data-v-md-line=\"57\"><strong>25 ml-es nagy kapacit\u00e1s\u00fa e-folyad\u00e9k t\u00e1rol\u00e1s:<\/strong>\u00a0\u00c1r-\u00e9rt\u00e9k ar\u00e1ny<\/p>\n<p data-v-md-line=\"59\"><strong>\u00dajrat\u00f6lthet\u0151 akkumul\u00e1tor:<\/strong>\u00a0Hozd ki a legt\u00f6bbet az elk\u00f6lt\u00f6tt e-liquid minden cseppj\u00e9b\u0151l<\/p>\n<p data-v-md-line=\"61\"><strong>H\u00e1l\u00f3s porlaszt\u00f3 mag:<\/strong>\u00a0Minden alkalommal stabil \u00e9s gazdag \u00edzt hozhat<\/p>\n<p data-v-md-line=\"63\"><strong>C t\u00edpus\u00fa t\u00f6lt\u00e9s:<\/strong>\u00a0Ugyanazt a t\u00f6lt\u0151k\u00e1belt haszn\u00e1lja, mint a legt\u00f6bb modern eszk\u00f6z<\/p>\n<h2 data-v-md-heading=\"why-choose-agoravape\" data-v-md-line=\"65\">Mi\u00e9rt v\u00e1lassza az AgoraVape-et?<\/h2>\n<p data-v-md-line=\"67\">Eur\u00f3pa egyik legmegb\u00edzhat\u00f3bb vape forgalmaz\u00f3jak\u00e9nt kiz\u00e1r\u00f3lag 100%-ban eredeti term\u00e9keket forgalmazunk. V\u00e1llalati \u00fcgyfeleink sz\u00e1m\u00e1ra ez azt jelenti, hogy a Bang King 15000 kedvezm\u00e9nyes nagykereskedelmi \u00e1rakat, \u00e1tfog\u00f3 technikai t\u00e1mogat\u00e1st, valamint gyors \u00e9s megb\u00edzhat\u00f3 sz\u00e1ll\u00edt\u00e1st k\u00edn\u00e1l. L\u00e9pjen kapcsolatba vel\u00fcnk, hogy \u00fcgyfelei val\u00f3ban \u00e9rt\u00e9kelni tudj\u00e1k az \u00d6n \u00e1ltal k\u00edn\u00e1lt term\u00e9keket.<\/p>","protected":false},"excerpt":{"rendered":"<p>&nbsp;<\/p>\n<p><script src=\"chrome-extension:\/\/fpelahbljekknahkcaegamhcndkfpfnc\/iFrame.js\" type=\"text\/javascript\"><\/script><\/p>\n<p><script src=\"chrome-extension:\/\/fpelahbljekknahkcaegamhcndkfpfnc\/iFrame.js\" type=\"text\/javascript\"><\/script><\/p>\n<p><script src=\"chrome-extension:\/\/fpelahbljekknahkcaegamhcndkfpfnc\/iFrame.js\" type=\"text\/javascript\"><\/script><\/p>\n<p><script src=\"chrome-extension:\/\/fpelahbljekknahkcaegamhcndkfpfnc\/iFrame.js\" type=\"text\/javascript\"><\/script><\/p>","protected":false},"featured_media":19673,"comment_status":"open","ping_status":"closed","template":"","meta":[],"product_brand":[197],"product_cat":[124,187,185,1635,189,123,174,175,193,191,173,186,180,190,192],"product_tag":[],"class_list":{"0":"post-19648","1":"product","2":"type-product","3":"status-publish","4":"has-post-thumbnail","6":"product_brand-bang","7":"product_cat-vape-by-brand","8":"product_cat-0mg-nicotine-free-vapes","9":"product_cat-10000-puffs-high-capacity","10":"product_cat-15000-puffs","11":"product_cat-20mg-standard-nicotine-vapes","12":"product_cat-bang","13":"product_cat-fruit-flavors","14":"product_cat-icy-mint","15":"product_cat-mesh-coil","16":"product_cat-rechargeable-disposables","17":"product_cat-vape-by-flavor-profile","18":"product_cat-vape-by-nicotine-strength","19":"product_cat-vape-by-puff-count","20":"product_cat-vape-by-feature-or-type","21":"product_cat-vapes-with-screens","23":"first","24":"instock","25":"shipping-taxable","26":"purchasable","27":"product-type-variable","28":"has-default-attributes"},"tiered_pricing_type":"percentage","tiered_pricing_fixed_rules":[],"tiered_pricing_product_settings":{"layout":"default","base_unit_name":{"singular":null,"plural":null},"default_variation":null},"tiered_pricing_minimum_quantity":10,"tiered_pricing_roles_data":[],"tiered_pricing_percentage_rules":{"30":"29","50":"35","100":"40","200":"44","500":"47","1000":"49"},"tiered_pricing_maximum_quantity":null,"tiered_pricing_quantity_step":"10","_links":{"self":[{"href":"https:\/\/agoravape.com\/hu\/wp-json\/wp\/v2\/product\/19648","targetHints":{"allow":["GET"]}}],"collection":[{"href":"https:\/\/agoravape.com\/hu\/wp-json\/wp\/v2\/product"}],"about":[{"href":"https:\/\/agoravape.com\/hu\/wp-json\/wp\/v2\/types\/product"}],"replies":[{"embeddable":true,"href":"https:\/\/agoravape.com\/hu\/wp-json\/wp\/v2\/comments?post=19648"}],"version-history":[{"count":0,"href":"https:\/\/agoravape.com\/hu\/wp-json\/wp\/v2\/product\/19648\/revisions"}],"wp:featuredmedia":[{"embeddable":true,"href":"https:\/\/agoravape.com\/hu\/wp-json\/wp\/v2\/media\/19673"}],"wp:attachment":[{"href":"https:\/\/agoravape.com\/hu\/wp-json\/wp\/v2\/media?parent=19648"}],"wp:term":[{"taxonomy":"product_brand","embeddable":true,"href":"https:\/\/agoravape.com\/hu\/wp-json\/wp\/v2\/product_brand?post=19648"},{"taxonomy":"product_cat","embeddable":true,"href":"https:\/\/agoravape.com\/hu\/wp-json\/wp\/v2\/product_cat?post=19648"},{"taxonomy":"product_tag","embeddable":true,"href":"https:\/\/agoravape.com\/hu\/wp-json\/wp\/v2\/product_tag?post=19648"}],"curies":[{"name":"wp","href":"https:\/\/api.w.org\/{rel}","templated":true}]}}