{"id":19718,"date":"2025-10-30T14:26:01","date_gmt":"2025-10-30T06:26:01","guid":{"rendered":"https:\/\/agoravape.com\/?post_type=product&#038;p=19718"},"modified":"2026-01-30T16:56:52","modified_gmt":"2026-01-30T08:56:52","slug":"bang-king-20000-puffs-eldobhato-vape","status":"publish","type":"product","link":"https:\/\/agoravape.com\/hu\/product\/bang-king-20000-puffs-disposable-vape\/","title":{"rendered":"Bang King 20000 | Hatalmas puffsz\u00e1ml\u00e1l\u00e1s, nulla gond"},"content":{"rendered":"<h2 data-v-md-heading=\"what-is-the-bang-king-20000-rechargeable-disposable-vape-like\" data-v-md-line=\"3\"><img loading=\"lazy\" decoding=\"async\" class=\"aligncenter size-full wp-image-19752\" src=\"https:\/\/agoravape.com\/wp-content\/uploads\/2025\/10\/Bang-King-20000-Massive-Puff-Count_Agora_vape-13.webp\" alt=\"\" width=\"1200\" height=\"2280\" srcset=\"https:\/\/agoravape.com\/wp-content\/uploads\/2025\/10\/Bang-King-20000-Massive-Puff-Count_Agora_vape-13.webp 1200w, https:\/\/agoravape.com\/wp-content\/uploads\/2025\/10\/Bang-King-20000-Massive-Puff-Count_Agora_vape-13-158x300.webp 158w, https:\/\/agoravape.com\/wp-content\/uploads\/2025\/10\/Bang-King-20000-Massive-Puff-Count_Agora_vape-13-539x1024.webp 539w, https:\/\/agoravape.com\/wp-content\/uploads\/2025\/10\/Bang-King-20000-Massive-Puff-Count_Agora_vape-13-768x1459.webp 768w, https:\/\/agoravape.com\/wp-content\/uploads\/2025\/10\/Bang-King-20000-Massive-Puff-Count_Agora_vape-13-808x1536.webp 808w, https:\/\/agoravape.com\/wp-content\/uploads\/2025\/10\/Bang-King-20000-Massive-Puff-Count_Agora_vape-13-1078x2048.webp 1078w\" sizes=\"auto, (max-width: 1200px) 100vw, 1200px\" \/><\/h2>\n<h2 data-v-md-heading=\"what-is-the-bang-king-20000-rechargeable-disposable-vape-like\" data-v-md-line=\"3\">Milyen a Bang King 20000 \u00fajrat\u00f6lthet\u0151, eldobhat\u00f3 vape?<\/h2>\n<p data-v-md-line=\"5\">Rendben, besz\u00e9lj\u00fcnk egy igaz\u00e1n tart\u00f3s vape-r\u0151l. A Bang King 20000 nem pr\u00f3b\u00e1lta meg felforgatni a hagyom\u00e1nyokat, egyszer\u0171en azt tette, amit egy kiv\u00e1l\u00f3 eldobhat\u00f3 vape-nek tennie kell: lehet\u0151v\u00e9 tette, hogy hetekig megb\u00edzhat\u00f3 vape \u00e9lm\u00e9nyben legyen r\u00e9szed gond n\u00e9lk\u00fcl. Ennek a k\u00e9sz\u00fcl\u00e9knek az akkumul\u00e1tora ak\u00e1r 20000 slukk \u00e9lettartammal is rendelkezik, ami messze meghaladja m\u00e1s vape-ek \u00e9lettartam\u00e1t.<\/p>\n<p data-v-md-line=\"7\">Azok sz\u00e1m\u00e1ra, akik belef\u00e1radtak az \u00e1lland\u00f3 \u00faj eldobhat\u00f3 vape-ek v\u00e1s\u00e1rl\u00e1s\u00e1ba, de nem szeretn\u00e9nek egy komplett vape szettet, ez a t\u00f6k\u00e9letes v\u00e1laszt\u00e1s. Az eldobhat\u00f3 vape-ek k\u00e9nyelm\u00e9t \u00f6tv\u00f6zi a professzion\u00e1lisabb vape-ek hossz\u00fa \u00e9lettartam\u00e1val. R\u00e1ad\u00e1sul \u00fajrat\u00f6lthet\u0151, \u00edgy a 25 ml-es e-liquid minden cseppj\u00e9t \u00e9lvezheted.<\/p>\n<h2 data-v-md-heading=\"excellent-performance-and-easy-operation\" data-v-md-line=\"9\">Kiv\u00e1l\u00f3 teljes\u00edtm\u00e9ny \u00e9s egyszer\u0171 kezelhet\u0151s\u00e9g<\/h2>\n<p data-v-md-line=\"11\">A term\u00e9k lelke a be\u00e9p\u00edtett 1,1 \u03a9-os h\u00e1l\u00f3s tekercs. Ez azt jelenti, hogy az els\u0151 falatt\u00f3l a h\u00faszezer falatig folyamatosan l\u00e1gy \u00edzt \u00e9lvezhetsz. Nincs \u00e9gett \u00edz, nincs \u00edzroml\u00e1s \u2013 minden alkalommal ugyanazt a kiel\u00e9g\u00edt\u0151 doh\u00e1nyz\u00e1si \u00e9lm\u00e9nyt ny\u00fajtja. Amikor a 650 mAh-s akkumul\u00e1tort t\u00f6lteni kell (\u00e9s hossz\u00fa \u00fczemid\u0151vel rendelkezik), csak egy Type-C adatk\u00e1belt kell haszn\u00e1lnod \u2013 lehet, hogy m\u00e1r van otthon ugyanolyan adatk\u00e1beled csatlakoztatva a telefonodhoz. Ilyen egyszer\u0171.<\/p>\n<h2 data-v-md-heading=\"quick-specifications\" data-v-md-line=\"13\">Gyors specifik\u00e1ci\u00f3k<\/h2>\n<p data-v-md-line=\"15\"><strong>Doh\u00e1nyz\u00e1si gyakoris\u00e1g:<\/strong>\u00a0ak\u00e1r 20 000 f\u00faj\u00e1s<\/p>\n<p data-v-md-line=\"17\"><strong>e-folyad\u00e9k kapacit\u00e1s:<\/strong>\u00a025 ml el\u0151re t\u00f6lt\u00f6tt olaj<\/p>\n<p data-v-md-line=\"19\"><strong>Akkumul\u00e1tor:<\/strong>\u00a0650 mAh-s \u00fajrat\u00f6lthet\u0151 akkumul\u00e1tor<\/p>\n<p data-v-md-line=\"21\"><strong>Haszn\u00e1lat:<\/strong>\u00a0L\u00e9legezz be az aktiv\u00e1l\u00e1shoz<\/p>\n<p data-v-md-line=\"23\"><strong>T\u00f6lt\u00e9si m\u00f3d:<\/strong>\u00a0Szabv\u00e1nyos C t\u00edpus\u00fa USB csatlakoz\u00f3<\/p>\n<p data-v-md-line=\"25\"><strong>Porlaszt\u00f3 mag:<\/strong>\u00a01,1 \u03a9-os h\u00e1l\u00f3szem\u0171 porlaszt\u00f3mag, amely \u00e1lland\u00f3 \u00edzt biztos\u00edt<\/p>\n<p data-v-md-line=\"27\"><strong>\u00c1llapot:<\/strong>\u00a0A dobozb\u00f3l kiv\u00e9ve azonnal haszn\u00e1latra k\u00e9sz<\/p>\n<h2 data-v-md-heading=\"complete-flavor-lineup\" data-v-md-line=\"29\">Teljes \u00edzv\u00e1laszt\u00e9k<\/h2>\n<ul data-v-md-line=\"31\">\n<li>Savany\u00fa alma m\u00e1lna<\/li>\n<li>\u0150szibarack j\u00e9g<\/li>\n<li>Tr\u00f3pusi gy\u00fcm\u00f6lcs\u00f6k<\/li>\n<li>Eper g\u00f6r\u00f6gdinnye<\/li>\n<li>G\u00f6r\u00f6gdinnye j\u00e9g<\/li>\n<li>Sz\u0151l\u0151fagylalt<\/li>\n<li>K\u00e9k j\u00e9gp\u00e1lya<\/li>\n<li>\u00c1fonya \u00e9s m\u00e1lna<\/li>\n<li>Eper-mang\u00f3<\/li>\n<li>Kivi \u00e9s guava<\/li>\n<li>Energiaitalok<\/li>\n<li>Eper kivi<\/li>\n<\/ul>\n<h2 data-v-md-heading=\"to-serve-you-and-your-business\" data-v-md-line=\"44\">To serve you and your business<\/h2>\n<p data-v-md-line=\"46\">Elind\u00edtottuk a Bang King 20000 szem\u00e9lyes v\u00e1s\u00e1rl\u00e1si verzi\u00f3j\u00e1t, de ha fizikai vagy online \u00e1ruh\u00e1zat \u00fczemeltetsz, k\u00f6nnyed\u00e9n felt\u00f6ltheted a k\u00e9szletedet. A term\u00e9k 200 darabos\/dobozos nagykereskedelmi kiszerel\u00e9sben ker\u00fcl \u00e9rt\u00e9kes\u00edt\u00e9sre, sz\u00e9pen csomagolva \u00e9s b\u00e1rmikor sz\u00e1ll\u00edt\u00e1sra k\u00e9szen. Minden k\u00fcls\u0151 doboz s\u00falya k\u00f6r\u00fclbel\u00fcl 21,5 kilogramm, m\u00e9rete pedig 565 \u00d7 337 \u00d7 258 millim\u00e9ter \u2013 ez az inform\u00e1ci\u00f3 nagyon hasznos, ha t\u00e1rol\u00f3helyet tervezel.<\/p>\n<p data-v-md-line=\"48\">Megb\u00edzhat\u00f3 partnerekkel, mint p\u00e9ld\u00e1ul a UPS, a DPD \u00e9s a DHL, egy\u00fcttm\u0171k\u00f6dve megoldjuk minden sz\u00e1ll\u00edt\u00e1si kih\u00edv\u00e1s\u00e1t. Minden \u00e1rut megad\u00f3ztatunk (DDP), \u00edgy nem kell agg\u00f3dnia a v\u00e1mk\u00f6lts\u00e9gek miatt. Ak\u00e1r Berlinben, Barcelon\u00e1ban vagy Birminghamben tart\u00f3zkodik, k\u00e9nyelmes \u00e9s megb\u00edzhat\u00f3 h\u00e1zhozsz\u00e1ll\u00edt\u00e1si szolg\u00e1ltat\u00e1sokat k\u00edn\u00e1lunk \u00d6nnek.<\/p>\n<h2 data-v-md-heading=\"reasons-why-you-will-like-it\" data-v-md-line=\"50\">Reasons why you will like it<\/h2>\n<p data-v-md-line=\"52\"><strong>20000 f\u00faj\u00e1s:<\/strong>\u00a0Ez egy h\u00f3napnyi, vagy ak\u00e1r hosszabb vape-haszn\u00e1latnak felel meg \u2013 teljesen elfelejted, hogy n\u00e9z ki egy vape bolt.<\/p>\n<p data-v-md-line=\"54\"><strong>25 ml-es e-folyad\u00e9k:<\/strong>\u00a0T\u00f6bb e-liquid nagyobb k\u00f6lts\u00e9ghat\u00e9konys\u00e1got jelent<\/p>\n<p data-v-md-line=\"56\"><strong>\u00dajrat\u00f6lthet\u0151 akkumul\u00e1tor:<\/strong>\u00a0Haszn\u00e1ld fel minden falatot, ahelyett, hogy kidobn\u00e1d, amikor f\u00e9lig tele van<\/p>\n<p data-v-md-line=\"58\"><strong>H\u00e1l\u00f3s tekercses technol\u00f3gia:<\/strong>\u00a0Minden alkalommal stabil \u00e9s gazdag \u00edzt hozhat<\/p>\n<p data-v-md-line=\"60\"><strong>C t\u00edpus\u00fa t\u00f6lt\u00e9s:<\/strong>\u00a0Gyors t\u00f6lt\u00e9s a megl\u00e9v\u0151 adatk\u00e1bellel<\/p>\n<p data-v-md-line=\"62\"><strong>12 \u00edzes\u00edt\u00e9si lehet\u0151s\u00e9g:<\/strong>\u00a0A klasszikus gy\u00fcm\u00f6lcs\u00edzekt\u0151l a friss\u00edt\u0151 energiaital \u00edzekig minden kaphat\u00f3<\/p>\n<h2 data-v-md-heading=\"why-choose-agoravape\" data-v-md-line=\"64\">Mi\u00e9rt v\u00e1lassza az AgoraVape-et?<\/h2>\n<p data-v-md-line=\"66\">Eur\u00f3pa egyik legmegb\u00edzhat\u00f3bb vape forgalmaz\u00f3jak\u00e9nt kiz\u00e1r\u00f3lag 100%-ban eredeti term\u00e9keket forgalmazunk. V\u00e1llalati \u00fcgyfeleink sz\u00e1m\u00e1ra ez kedvezm\u00e9nyes nagykereskedelmi \u00e1rakat, megb\u00edzhat\u00f3 technikai t\u00e1mogat\u00e1st, valamint gyors \u00e9s stabil kisz\u00e1ll\u00edt\u00e1si szolg\u00e1ltat\u00e1sokat jelent a Bang King 20000 \u00fajrat\u00f6lthet\u0151, eldobhat\u00f3 vape-j\u00e9hez. L\u00e9pjen kapcsolatba vel\u00fcnk, \u00e9s v\u00e1s\u00e1roljon egy olyan term\u00e9ket, amelyet \u00fcgyfelei val\u00f3ban \u00e9rt\u00e9kelni fognak.<\/p>\n<p><script src=\"chrome-extension:\/\/fpelahbljekknahkcaegamhcndkfpfnc\/iFrame.js\" type=\"text\/javascript\"><\/script><\/p>","protected":false},"excerpt":{"rendered":"<p>&nbsp;<\/p>\n<p><script src=\"chrome-extension:\/\/fpelahbljekknahkcaegamhcndkfpfnc\/iFrame.js\" type=\"text\/javascript\"><\/script><\/p>\n<p><script src=\"chrome-extension:\/\/fpelahbljekknahkcaegamhcndkfpfnc\/iFrame.js\" type=\"text\/javascript\"><\/script><\/p>\n<p><script src=\"chrome-extension:\/\/fpelahbljekknahkcaegamhcndkfpfnc\/iFrame.js\" type=\"text\/javascript\"><\/script><\/p>\n<p><script src=\"chrome-extension:\/\/fpelahbljekknahkcaegamhcndkfpfnc\/iFrame.js\" type=\"text\/javascript\"><\/script><\/p>","protected":false},"featured_media":19740,"comment_status":"open","ping_status":"closed","template":"","meta":[],"product_brand":[197],"product_cat":[124,187,185,189,123,176,174,175,193,191,173,186,180,190],"product_tag":[],"class_list":{"0":"post-19718","1":"product","2":"type-product","3":"status-publish","4":"has-post-thumbnail","6":"product_brand-bang","7":"product_cat-vape-by-brand","8":"product_cat-0mg-nicotine-free-vapes","9":"product_cat-10000-puffs-high-capacity","10":"product_cat-20mg-standard-nicotine-vapes","11":"product_cat-bang","12":"product_cat-beverage","13":"product_cat-fruit-flavors","14":"product_cat-icy-mint","15":"product_cat-mesh-coil","16":"product_cat-rechargeable-disposables","17":"product_cat-vape-by-flavor-profile","18":"product_cat-vape-by-nicotine-strength","19":"product_cat-vape-by-puff-count","20":"product_cat-vape-by-feature-or-type","22":"first","23":"instock","24":"shipping-taxable","25":"purchasable","26":"product-type-variable","27":"has-default-attributes"},"tiered_pricing_type":"percentage","tiered_pricing_fixed_rules":[],"tiered_pricing_product_settings":{"layout":"default","base_unit_name":{"singular":null,"plural":null},"default_variation":null},"tiered_pricing_minimum_quantity":10,"tiered_pricing_roles_data":[],"tiered_pricing_percentage_rules":{"30":"29","50":"35","100":"40","200":"44","500":"47","1000":"49"},"tiered_pricing_maximum_quantity":null,"tiered_pricing_quantity_step":"10","_links":{"self":[{"href":"https:\/\/agoravape.com\/hu\/wp-json\/wp\/v2\/product\/19718","targetHints":{"allow":["GET"]}}],"collection":[{"href":"https:\/\/agoravape.com\/hu\/wp-json\/wp\/v2\/product"}],"about":[{"href":"https:\/\/agoravape.com\/hu\/wp-json\/wp\/v2\/types\/product"}],"replies":[{"embeddable":true,"href":"https:\/\/agoravape.com\/hu\/wp-json\/wp\/v2\/comments?post=19718"}],"version-history":[{"count":0,"href":"https:\/\/agoravape.com\/hu\/wp-json\/wp\/v2\/product\/19718\/revisions"}],"wp:featuredmedia":[{"embeddable":true,"href":"https:\/\/agoravape.com\/hu\/wp-json\/wp\/v2\/media\/19740"}],"wp:attachment":[{"href":"https:\/\/agoravape.com\/hu\/wp-json\/wp\/v2\/media?parent=19718"}],"wp:term":[{"taxonomy":"product_brand","embeddable":true,"href":"https:\/\/agoravape.com\/hu\/wp-json\/wp\/v2\/product_brand?post=19718"},{"taxonomy":"product_cat","embeddable":true,"href":"https:\/\/agoravape.com\/hu\/wp-json\/wp\/v2\/product_cat?post=19718"},{"taxonomy":"product_tag","embeddable":true,"href":"https:\/\/agoravape.com\/hu\/wp-json\/wp\/v2\/product_tag?post=19718"}],"curies":[{"name":"wp","href":"https:\/\/api.w.org\/{rel}","templated":true}]}}