{"id":19784,"date":"2025-10-30T16:32:23","date_gmt":"2025-10-30T08:32:23","guid":{"rendered":"https:\/\/agoravape.com\/?post_type=product&#038;p=19784"},"modified":"2026-01-30T16:56:16","modified_gmt":"2026-01-30T08:56:16","slug":"bang-king-35000-puffs-halos-vape","status":"publish","type":"product","link":"https:\/\/agoravape.com\/hu\/product\/bang-king-35000-puffs-mesh-vape\/","title":{"rendered":"Bang King 35000 f\u00faj\u00e1s | Igaz\u00e1n hosszan tart\u00f3, kett\u0151s \u00edzvil\u00e1g\u00fa innov\u00e1ci\u00f3"},"content":{"rendered":"<h2 data-v-md-heading=\"what-is-the-special-feature-of-bang-king-35000-disposable-vapes-with-0-6-\u03c9-mesh-coils\" data-v-md-line=\"3\"><img loading=\"lazy\" decoding=\"async\" class=\"aligncenter size-full wp-image-19803\" src=\"https:\/\/agoravape.com\/wp-content\/uploads\/2025\/10\/Bang-King-35000-Puffs-Seriously-Long-Lasting-Dual-Flavour-Innovation_Agora_vape-6.webp\" alt=\"\" width=\"1800\" height=\"1200\" srcset=\"https:\/\/agoravape.com\/wp-content\/uploads\/2025\/10\/Bang-King-35000-Puffs-Seriously-Long-Lasting-Dual-Flavour-Innovation_Agora_vape-6.webp 1800w, https:\/\/agoravape.com\/wp-content\/uploads\/2025\/10\/Bang-King-35000-Puffs-Seriously-Long-Lasting-Dual-Flavour-Innovation_Agora_vape-6-1200x800.webp 1200w, https:\/\/agoravape.com\/wp-content\/uploads\/2025\/10\/Bang-King-35000-Puffs-Seriously-Long-Lasting-Dual-Flavour-Innovation_Agora_vape-6-300x200.webp 300w, https:\/\/agoravape.com\/wp-content\/uploads\/2025\/10\/Bang-King-35000-Puffs-Seriously-Long-Lasting-Dual-Flavour-Innovation_Agora_vape-6-1024x683.webp 1024w, https:\/\/agoravape.com\/wp-content\/uploads\/2025\/10\/Bang-King-35000-Puffs-Seriously-Long-Lasting-Dual-Flavour-Innovation_Agora_vape-6-768x512.webp 768w, https:\/\/agoravape.com\/wp-content\/uploads\/2025\/10\/Bang-King-35000-Puffs-Seriously-Long-Lasting-Dual-Flavour-Innovation_Agora_vape-6-1536x1024.webp 1536w\" sizes=\"auto, (max-width: 1800px) 100vw, 1800px\" \/><\/h2>\n<h2 data-v-md-heading=\"what-is-the-special-feature-of-bang-king-35000-disposable-vapes-with-0-6-\u03c9-mesh-coils\" data-v-md-line=\"3\">Mi a Bang King 35000 eldobhat\u00f3 vape-ek k\u00fcl\u00f6nleges tulajdons\u00e1ga 0,6 \u03a9-os h\u00e1l\u00f3s tekercsekkel?<\/h2>\n<p data-v-md-line=\"5\">Ok\u00e9, el\u0151sz\u00f6r is besz\u00e9lj\u00fcnk a mindenkit legink\u00e1bb aggaszt\u00f3 k\u00e9rd\u00e9sr\u0151l \u2013 vajon a 35000 ember t\u00falz\u00e1snak hangzik? De a t\u00e9ny az, hogy a Bang King 35000 t\u00e9nyleg megcsin\u00e1lta. Okos dupla tart\u00e1lyos kialak\u00edt\u00e1ssal rendelkezik, mindegyik tart\u00e1ly 28 ml e-liquid befogad\u00e1s\u00e1ra k\u00e9pes (\u00f6sszesen 56 ml!), ami azt jelenti, hogy k\u00e9t \u00edzt is megtapasztalhatsz egyetlen eszk\u00f6zben. Ha reggel az epres-dinnye \u00edz megsz\u00e1llottja vagy, este pedig egy kis \u00e1fony\u00e1s smoothie-ra v\u00e1gysz, akkor ez a term\u00e9k t\u00f6k\u00e9letes.<\/p>\n<p data-v-md-line=\"7\">Ez nem az a fajta \u00e1tlagos eldobhat\u00f3 vape, ami egy h\u00e9t alatt csal\u00f3d\u00e1st okoz. A tervez\u00e9si filoz\u00f3fi\u00e1ja az, hogy a vape-ek val\u00f3ban tart\u00f3sak legyenek \u2013 hetekig, ak\u00e1r egy h\u00f3napig vagy ak\u00e1r t\u00f6bb ideig tart\u00f3 norm\u00e1l haszn\u00e1latr\u00f3l besz\u00e9l\u00fcnk. Ez a vape egy 650mAh-s akkumul\u00e1torral van felszerelve, amely a Type-C csatlakoz\u00f3n kereszt\u00fcl t\u00f6lthet\u0151, \u00edgy igaz\u00e1n \u00e9lvezheted az e-liquid minden cseppj\u00e9nek l\u00e1gy \u00edz\u00e9t.<\/p>\n<h2 data-v-md-heading=\"excellent-performance-and-easy-operation\" data-v-md-line=\"9\">Kiv\u00e1l\u00f3 teljes\u00edtm\u00e9ny \u00e9s egyszer\u0171 kezelhet\u0151s\u00e9g<\/h2>\n<p data-v-md-line=\"11\">A kett\u0151s h\u00e1l\u00f3s tekercs kialak\u00edt\u00e1sa ennek a k\u00e9sz\u00fcl\u00e9knek az egyed\u00fcl\u00e1ll\u00f3 tulajdons\u00e1ga. Az els\u0151 falatt\u00f3l az utols\u00f3ig egyenletes, gazdag \u00edzt biztos\u00edt \u2013 teljesen az olcs\u00f3 vape-ekre jellemz\u0151 \u00e9gett \u00edz n\u00e9lk\u00fcl. Sima felsz\u00edv\u00f3d\u00e1s \u00e9s kellemes \u00edz, a k\u00e9t \u00edz k\u00f6z\u00f6tti v\u00e1lt\u00e1s egyszer\u0171en el\u00e9rhet\u0151 a k\u00e9sz\u00fcl\u00e9k egyszer\u0171 megford\u00edt\u00e1s\u00e1val. Ha az akkumul\u00e1tor lemer\u00fclt (ami nem gyakori), egyszer\u0171en haszn\u00e1ld a telefonod t\u00f6lt\u00e9s\u00e9hez haszn\u00e1lt Type-C adatk\u00e1belt. Egyszer\u0171 \u00e9s k\u00e9nyelmes.<\/p>\n<h2 data-v-md-heading=\"quick-specifications\" data-v-md-line=\"13\"><img loading=\"lazy\" decoding=\"async\" class=\"size-full wp-image-19799 aligncenter\" src=\"https:\/\/agoravape.com\/wp-content\/uploads\/2025\/10\/Bang-King-35000-Puffs-Seriously-Long-Lasting-Dual-Flavour-Innovation_Agora_vape-2-scaled.webp\" alt=\"\" width=\"1024\" height=\"2560\" srcset=\"https:\/\/agoravape.com\/wp-content\/uploads\/2025\/10\/Bang-King-35000-Puffs-Seriously-Long-Lasting-Dual-Flavour-Innovation_Agora_vape-2-scaled.webp 1024w, https:\/\/agoravape.com\/wp-content\/uploads\/2025\/10\/Bang-King-35000-Puffs-Seriously-Long-Lasting-Dual-Flavour-Innovation_Agora_vape-2-120x300.webp 120w, https:\/\/agoravape.com\/wp-content\/uploads\/2025\/10\/Bang-King-35000-Puffs-Seriously-Long-Lasting-Dual-Flavour-Innovation_Agora_vape-2-410x1024.webp 410w, https:\/\/agoravape.com\/wp-content\/uploads\/2025\/10\/Bang-King-35000-Puffs-Seriously-Long-Lasting-Dual-Flavour-Innovation_Agora_vape-2-768x1920.webp 768w, https:\/\/agoravape.com\/wp-content\/uploads\/2025\/10\/Bang-King-35000-Puffs-Seriously-Long-Lasting-Dual-Flavour-Innovation_Agora_vape-2-614x1536.webp 614w, https:\/\/agoravape.com\/wp-content\/uploads\/2025\/10\/Bang-King-35000-Puffs-Seriously-Long-Lasting-Dual-Flavour-Innovation_Agora_vape-2-819x2048.webp 819w, https:\/\/agoravape.com\/wp-content\/uploads\/2025\/10\/Bang-King-35000-Puffs-Seriously-Long-Lasting-Dual-Flavour-Innovation_Agora_vape-2-1200x3000.webp 1200w\" sizes=\"auto, (max-width: 1024px) 100vw, 1024px\" \/><\/h2>\n<h2 data-v-md-heading=\"quick-specifications\" data-v-md-line=\"13\">Gyors specifik\u00e1ci\u00f3k<\/h2>\n<p data-v-md-line=\"15\"><strong>Portok sz\u00e1ma:<\/strong>\u00a0ak\u00e1r 35000 port<\/p>\n<p data-v-md-line=\"17\"><strong>Nikotintartalom:<\/strong>\u00a00%, 2%, 3% \u00e9s 5% opcion\u00e1lis<\/p>\n<p data-v-md-line=\"19\"><strong>Haszn\u00e1lat:<\/strong>\u00a0L\u00e9legezz be az aktiv\u00e1l\u00e1shoz<\/p>\n<p data-v-md-line=\"21\"><strong>T\u00f6lt\u00e9si m\u00f3d:<\/strong>\u00a0Szabv\u00e1nyos C t\u00edpus\u00fa USB csatlakoz\u00f3<\/p>\n<p data-v-md-line=\"23\"><strong>Akkumul\u00e1tor:<\/strong>\u00a0650 mAh-s \u00fajrat\u00f6lthet\u0151 akkumul\u00e1tor<\/p>\n<p data-v-md-line=\"25\"><strong>e-folyad\u00e9k kapacit\u00e1s:<\/strong>\u00a028 ml \u00d7 2 (\u00f6sszesen 56 ml)<\/p>\n<p data-v-md-line=\"27\"><strong>Porlaszt\u00e1si mag:<\/strong>\u00a0Dupla h\u00e1l\u00f3s porlaszt\u00e1si magtechnol\u00f3gia<\/p>\n<p data-v-md-line=\"29\"><strong>\u00c1llapot:<\/strong>\u00a0A dobozb\u00f3l kiv\u00e9ve azonnal haszn\u00e1latra k\u00e9sz<\/p>\n<h2 data-v-md-heading=\"complete-flavor-lineup\" data-v-md-line=\"31\">Teljes \u00edzv\u00e1laszt\u00e9k<\/h2>\n<ul data-v-md-line=\"33\">\n<li>\u00c1fony\u00e1s turmix\/l\u00e9d\u00fas \u0151szibarackos turmix<\/li>\n<li>Epres-g\u00f6r\u00f6gdinnye turmix<\/li>\n<li>Eper-ban\u00e1n\/dupla alma<\/li>\n<li>Tripla bogy\u00f3s turmix\/tr\u00f3pusi gy\u00fcm\u00f6lcs<\/li>\n<li>Cseresznyebomb\u00e1k\/sz\u0151l\u0151smoothie-k<\/li>\n<li>\u0150szibarack-mang\u00f3\/Eper-mang\u00f3<\/li>\n<li>Lime-mang\u00f3\/h\u0171s menta<\/li>\n<li>Csereszny\u00e9s pattogatott kukorica\/Mr. Blue<\/li>\n<li>Fekete S\u00e1rk\u00e1ny J\u00e9g\/Eper Kiwi<\/li>\n<li>Red Bull\/\u0150szibarackbogy\u00f3<\/li>\n<li>R\u00f3zsasz\u00edn citromos v\u00edz\/Mr. Blue<\/li>\n<li>Kiwi, maracuja, guava\/k\u00e9k cseresznye, citrom<\/li>\n<\/ul>\n<h2 data-v-md-heading=\"tailored-for-you-and-your-business\" data-v-md-line=\"46\">\u00d6nre \u00e9s v\u00e1llalkoz\u00e1s\u00e1ra szabva<\/h2>\n<p data-v-md-line=\"48\">A Bang King 35000 mostant\u00f3l szem\u00e9lyes v\u00e1s\u00e1rl\u00e1sra is el\u00e9rhet\u0151, de ha v\u00e1llalkoz\u00f3 vagy, \u00e9s olyan term\u00e9kekkel szeretn\u00e9l felt\u00f6lteni a k\u00e9szletedet, amelyeket a v\u00e1s\u00e1rl\u00f3k val\u00f3ban visszat\u00e9rnek v\u00e1s\u00e1rolni, akkor nagy t\u00e9telben is rendelhetsz. 10 palack\/doboz, 200 palack\/doboz \u2013 t\u00f6k\u00e9letes a polcaidra. S\u0151t, mi DDP sz\u00e1ll\u00edt\u00e1si szolg\u00e1ltat\u00e1sokat ny\u00fajtunk UPS, DPD \u00e9s DHL fut\u00e1rszolg\u00e1latokkal, \u00e9s felel\u0151sek vagyunk az \u00f6sszes v\u00e1mkezel\u00e9si elj\u00e1r\u00e1s\u00e9rt, \u00edgy nem \u00e9rheti v\u00e1ratlan k\u00e9zbes\u00edt\u00e9s a rendel\u00e9seddel. Egyszer\u0171en \u00e9s k\u00e9nyelmesen sz\u00e1ll\u00edtsd h\u00e1zhoz az ad\u00f3zott \u00e1rukat.<\/p>\n<p data-v-md-line=\"50\">A kett\u0151s \u00edzvil\u00e1g nem tr\u00fckk \u2013 val\u00f3j\u00e1ban egy \u00e9rt\u00e9kes\u00edt\u00e9si pont azoknak a v\u00e1s\u00e1rl\u00f3knak, akik k\u00f6nnyen unatkoznak, vagy szeretnek a nap folyam\u00e1n \u00edzeket v\u00e1ltogatni. Val\u00f3j\u00e1ban egy olyan term\u00e9ket k\u00edn\u00e1lsz, amely k\u00e9t vape-et egyes\u00edt egyben, szupermagas \u00e1r-\u00e9rt\u00e9k ar\u00e1nnyal.<\/p>\n<h2 data-v-md-heading=\"reasons-why-you-will-like-it\" data-v-md-line=\"52\">Reasons why you will like it<\/h2>\n<p data-v-md-line=\"54\"><strong>35000 port:<\/strong>\u00a0Ilyen hossz\u00fa akkumul\u00e1tor-\u00fczemid\u0151vel a m\u00e9rete term\u00e9szetesen nem kicsi, de meglep\u0151en kompakt \u00e9s hordozhat\u00f3.<\/p>\n<p data-v-md-line=\"56\"><strong>Kett\u0151s \u00edzek:<\/strong>\u00a0V\u00e1ltogasd az \u00edzeket kedved szerint, mintha k\u00e9t vape-ed lenne.<\/p>\n<p data-v-md-line=\"58\"><strong>Nikotinkoncentr\u00e1ci\u00f3 kiv\u00e1laszt\u00e1sa:<\/strong>\u00a00%-t\u00f3l 5%-ig mindig van egy, amelyik megfelel \u00d6nnek.<\/p>\n<p data-v-md-line=\"60\"><strong>\u00dajrat\u00f6lthet\u0151:<\/strong>\u00a0A C t\u00edpus\u00fa t\u00f6lt\u0151interf\u00e9sz biztos\u00edtja, hogy minden port meg\u00e9ri a f\u00e1rads\u00e1got.<\/p>\n<p data-v-md-line=\"62\"><strong>Dupla h\u00e1l\u00f3s porlaszt\u00f3 mag:<\/strong>\u00a0\u00c1lland\u00f3 \u00edz, sima \u00e9s telt, soha nem ragad le vagy \u00e9g meg a magja.<\/p>\n<p data-v-md-line=\"64\"><strong>Extra nagy e-folyad\u00e9k kapacit\u00e1s:<\/strong>\u00a056 ml extra nagy kapacit\u00e1s\u00fa, \u00edgy nem kell agg\u00f3dnod az e-folyad\u00e9k kifogy\u00e1sa miatt.<\/p>\n<h2 data-v-md-heading=\"why-choose-agoravape\" data-v-md-line=\"66\">Mi\u00e9rt v\u00e1lassza az AgoraVape-et?<\/h2>\n<p data-v-md-line=\"68\">Eur\u00f3pa egyik legmegb\u00edzhat\u00f3bb vape forgalmaz\u00f3jak\u00e9nt kiz\u00e1r\u00f3lag 100%-ban eredeti term\u00e9keket forgalmazunk. V\u00e1llalati \u00fcgyfeleink sz\u00e1m\u00e1ra ez azt jelenti, hogy a Bang King 35000 term\u00e9kek rendk\u00edv\u00fcl versenyk\u00e9pes nagykereskedelmi \u00e1rakat, megb\u00edzhat\u00f3 \u00e9rt\u00e9kes\u00edt\u00e9s ut\u00e1ni t\u00e1mogat\u00e1st, valamint gyors \u00e9s stabil sz\u00e1ll\u00edt\u00e1si szolg\u00e1ltat\u00e1sokat k\u00edn\u00e1lnak. L\u00e9pjen kapcsolatba vel\u00fcnk azonnal, hogy bemutassuk ezt a term\u00e9ket, amely\u00e9rt val\u00f3ban h\u00e1l\u00e1sak lesznek \u00fcgyfelei.<\/p>\n<p><script src=\"chrome-extension:\/\/fpelahbljekknahkcaegamhcndkfpfnc\/iFrame.js\" type=\"text\/javascript\"><\/script><\/p>","protected":false},"excerpt":{"rendered":"<p>&nbsp;<\/p>\n<p><script src=\"chrome-extension:\/\/fpelahbljekknahkcaegamhcndkfpfnc\/iFrame.js\" type=\"text\/javascript\"><\/script><\/p>\n<p><script src=\"chrome-extension:\/\/fpelahbljekknahkcaegamhcndkfpfnc\/iFrame.js\" type=\"text\/javascript\"><\/script><\/p>\n<p><script src=\"chrome-extension:\/\/fpelahbljekknahkcaegamhcndkfpfnc\/iFrame.js\" type=\"text\/javascript\"><\/script><\/p>\n<p><script src=\"chrome-extension:\/\/fpelahbljekknahkcaegamhcndkfpfnc\/iFrame.js\" type=\"text\/javascript\"><\/script><\/p>\n<p><script src=\"chrome-extension:\/\/fpelahbljekknahkcaegamhcndkfpfnc\/iFrame.js\" type=\"text\/javascript\"><\/script><\/p>","protected":false},"featured_media":19798,"comment_status":"open","ping_status":"closed","template":"","meta":[],"product_brand":[197],"product_cat":[124,185,123,176,174,175,193,191,173,186,180,190],"product_tag":[],"class_list":{"0":"post-19784","1":"product","2":"type-product","3":"status-publish","4":"has-post-thumbnail","6":"product_brand-bang","7":"product_cat-vape-by-brand","8":"product_cat-10000-puffs-high-capacity","9":"product_cat-bang","10":"product_cat-beverage","11":"product_cat-fruit-flavors","12":"product_cat-icy-mint","13":"product_cat-mesh-coil","14":"product_cat-rechargeable-disposables","15":"product_cat-vape-by-flavor-profile","16":"product_cat-vape-by-nicotine-strength","17":"product_cat-vape-by-puff-count","18":"product_cat-vape-by-feature-or-type","20":"first","21":"instock","22":"shipping-taxable","23":"purchasable","24":"product-type-variable","25":"has-default-attributes"},"tiered_pricing_type":"percentage","tiered_pricing_fixed_rules":[],"tiered_pricing_product_settings":{"layout":"default","base_unit_name":{"singular":null,"plural":null},"default_variation":null},"tiered_pricing_minimum_quantity":10,"tiered_pricing_roles_data":[],"tiered_pricing_percentage_rules":{"30":"29","50":"35","100":"40","200":"44","500":"47","1000":"49"},"tiered_pricing_maximum_quantity":null,"tiered_pricing_quantity_step":"10","_links":{"self":[{"href":"https:\/\/agoravape.com\/hu\/wp-json\/wp\/v2\/product\/19784","targetHints":{"allow":["GET"]}}],"collection":[{"href":"https:\/\/agoravape.com\/hu\/wp-json\/wp\/v2\/product"}],"about":[{"href":"https:\/\/agoravape.com\/hu\/wp-json\/wp\/v2\/types\/product"}],"replies":[{"embeddable":true,"href":"https:\/\/agoravape.com\/hu\/wp-json\/wp\/v2\/comments?post=19784"}],"version-history":[{"count":0,"href":"https:\/\/agoravape.com\/hu\/wp-json\/wp\/v2\/product\/19784\/revisions"}],"wp:featuredmedia":[{"embeddable":true,"href":"https:\/\/agoravape.com\/hu\/wp-json\/wp\/v2\/media\/19798"}],"wp:attachment":[{"href":"https:\/\/agoravape.com\/hu\/wp-json\/wp\/v2\/media?parent=19784"}],"wp:term":[{"taxonomy":"product_brand","embeddable":true,"href":"https:\/\/agoravape.com\/hu\/wp-json\/wp\/v2\/product_brand?post=19784"},{"taxonomy":"product_cat","embeddable":true,"href":"https:\/\/agoravape.com\/hu\/wp-json\/wp\/v2\/product_cat?post=19784"},{"taxonomy":"product_tag","embeddable":true,"href":"https:\/\/agoravape.com\/hu\/wp-json\/wp\/v2\/product_tag?post=19784"}],"curies":[{"name":"wp","href":"https:\/\/api.w.org\/{rel}","templated":true}]}}