{"id":19805,"date":"2025-10-30T16:51:05","date_gmt":"2025-10-30T08:51:05","guid":{"rendered":"https:\/\/agoravape.com\/?post_type=product&#038;p=19805"},"modified":"2026-01-30T16:55:44","modified_gmt":"2026-01-30T08:55:44","slug":"bang-king-b35k-duo-35000-puffs-vape","status":"publish","type":"product","link":"https:\/\/agoravape.com\/hu\/product\/bang-king-b35k-duo-35000-puffs-vape\/","title":{"rendered":"Bang King B35K Duo 35000 F\u00faj\u00e1s | K\u00e9t \u00edz, egy eszk\u00f6z, nulla gond"},"content":{"rendered":"<h2 data-v-md-heading=\"what-is-the-special-feature-of-bang-king-b35k-duo-35000-dual-flavor-electronic-cigarette\" data-v-md-line=\"3\"><img loading=\"lazy\" decoding=\"async\" class=\"size-full wp-image-19830 alignright\" src=\"https:\/\/agoravape.com\/wp-content\/uploads\/2025\/10\/Bang-King-B35K-Duo-35000-Puffs-Two-Flavours-One-Device-Zero-Hassle_Agora_vape-1-scaled.webp\" alt=\"\" width=\"853\" height=\"2560\" srcset=\"https:\/\/agoravape.com\/wp-content\/uploads\/2025\/10\/Bang-King-B35K-Duo-35000-Puffs-Two-Flavours-One-Device-Zero-Hassle_Agora_vape-1-scaled.webp 853w, https:\/\/agoravape.com\/wp-content\/uploads\/2025\/10\/Bang-King-B35K-Duo-35000-Puffs-Two-Flavours-One-Device-Zero-Hassle_Agora_vape-1-100x300.webp 100w, https:\/\/agoravape.com\/wp-content\/uploads\/2025\/10\/Bang-King-B35K-Duo-35000-Puffs-Two-Flavours-One-Device-Zero-Hassle_Agora_vape-1-341x1024.webp 341w, https:\/\/agoravape.com\/wp-content\/uploads\/2025\/10\/Bang-King-B35K-Duo-35000-Puffs-Two-Flavours-One-Device-Zero-Hassle_Agora_vape-1-768x2304.webp 768w, https:\/\/agoravape.com\/wp-content\/uploads\/2025\/10\/Bang-King-B35K-Duo-35000-Puffs-Two-Flavours-One-Device-Zero-Hassle_Agora_vape-1-512x1536.webp 512w, https:\/\/agoravape.com\/wp-content\/uploads\/2025\/10\/Bang-King-B35K-Duo-35000-Puffs-Two-Flavours-One-Device-Zero-Hassle_Agora_vape-1-1200x3600.webp 1200w\" sizes=\"auto, (max-width: 853px) 100vw, 853px\" \/><\/h2>\n<h2 data-v-md-heading=\"what-is-the-special-feature-of-bang-king-b35k-duo-35000-dual-flavor-electronic-cigarette\" data-v-md-line=\"3\">Mi a Bang King B35K Duo 35000 k\u00e9t\u00edz\u0171 elektronikus cigaretta k\u00fcl\u00f6nleges tulajdons\u00e1ga?<\/h2>\n<p data-v-md-line=\"5\">Ez az elektronikus cigaretta egyed\u00fcl\u00e1ll\u00f3 \u2013 \u00fagy t\u0171nik, k\u00e9ptelen v\u00e1lasztani az \u00edzek k\u00f6z\u00f6tt, ami pontosan a finoms\u00e1ga. A Bang King B35K Duo k\u00e9t f\u00fcggetlen, 28 ml-es e-folyad\u00e9k rekesszel rendelkezik, amelyek mindegyike m\u00e1s-m\u00e1s \u00edzeket tartalmaz. Ez\u00e9rt b\u00e1rmikor szabadon v\u00e1lthatsz p\u00e9ld\u00e1ul \u00e1fony\u00e1s j\u00e9g \u00e9s l\u00e9d\u00fas \u0151szibarackos j\u00e9g k\u00f6z\u00f6tt. B\u00facs\u00fat inthetsz az \u00edzf\u00e1radts\u00e1gnak \u00e9s a k\u00e9t eszk\u00f6z hordoz\u00e1s\u00e1nak ny\u0171gj\u00e9nek. Egyetlen finom megnyom\u00e1ssal teljesen k\u00fcl\u00f6nb\u00f6z\u0151 \u00edzeket tapasztalhatsz meg.<\/p>\n<p data-v-md-line=\"7\">Ha k\u00f6nnyen unatkozol, vagy nem tudsz d\u00f6nteni, hogy csak egy \u00edzt v\u00e1lassz, akkor ez az elektronikus cigaretta neked val\u00f3. T\u00f6k\u00e9letes azoknak, akik reggel gy\u00fcm\u00f6lcs\u00f6s \u00edzeket, d\u00e9lut\u00e1n ment\u00e1s \u00edzeket szeretn\u00e9nek \u00e9lvezni, vagy hossz\u00fa napokon \u00e1t nem tudnak egyetlen \u00edzhez ragaszkodni hetekig.<\/p>\n<h2 data-v-md-heading=\"excellent-performance-and-easy-operation\" data-v-md-line=\"9\">Kiv\u00e1l\u00f3 teljes\u00edtm\u00e9ny \u00e9s egyszer\u0171 kezelhet\u0151s\u00e9g<\/h2>\n<p data-v-md-line=\"11\">A kett\u0151s h\u00e1l\u00f3s tekercsrendszer (mindegyik porlaszt\u00f3 1,0 \u03a9-os tekerccsel van felszerelve) biztos\u00edtja, hogy mindk\u00e9t \u00edz t\u00f6k\u00e9letesen \u00e9rv\u00e9nyes\u00fclj\u00f6n \u2013 az els\u0151 falatt\u00f3l az utols\u00f3ig az \u00edz sima, k\u00f6vetkezetes \u00e9s testes. A 650 mAh-s akkumul\u00e1tor ak\u00e1r 35 000 portos \u00fczemid\u0151t is biztos\u00edt. T\u00f6lt\u00e9skor egyszer\u0171en csatlakoztassa a Type-C adatk\u00e1belt \u2013 ak\u00e1rcsak a telefon t\u00f6lt\u00e9s\u00e9hez. Egyszer\u0171 \u00e9s k\u00e9nyelmes.<\/p>\n<h2 data-v-md-heading=\"quick-specifications\" data-v-md-line=\"13\">Gyors specifik\u00e1ci\u00f3k<\/h2>\n<p data-v-md-line=\"15\"><strong>Kortyok sz\u00e1ma:<\/strong>\u00a0Ak\u00e1r 35000 korty (\u00edzenk\u00e9nt 17500 korty)<\/p>\n<p data-v-md-line=\"17\"><strong>Nikotin koncentr\u00e1ci\u00f3:<\/strong>\u00a0N\u00e9gy koncentr\u00e1ci\u00f3ban kaphat\u00f3: 0%, 2%, 3% \u00e9s 5%<\/p>\n<p data-v-md-line=\"19\"><strong>Haszn\u00e1lat:<\/strong>\u00a0L\u00e9legezzen be az aktiv\u00e1l\u00e1shoz, gomb az \u00edzek v\u00e1lt\u00e1s\u00e1hoz<\/p>\n<p data-v-md-line=\"21\"><strong>T\u00f6lt\u00e9si m\u00f3d:<\/strong>\u00a0Szabv\u00e1nyos C t\u00edpus\u00fa USB csatlakoz\u00f3<\/p>\n<p data-v-md-line=\"23\"><strong>e-folyad\u00e9k kapacit\u00e1s:<\/strong>\u00a028 ml x 2 f\u00fcggetlen e-folyad\u00e9k rekesz<\/p>\n<p data-v-md-line=\"25\"><strong>\u00c1llapot:<\/strong>\u00a0A dobozb\u00f3l kiv\u00e9ve azonnal haszn\u00e1latra k\u00e9sz<\/p>\n<h2 data-v-md-heading=\"complete-taste-list\" data-v-md-line=\"27\">Teljes \u00edzlista<\/h2>\n<ul data-v-md-line=\"29\">\n<li>\u00c1fony\u00e1s turmix\/l\u00e9d\u00fas \u0151szibarackos turmix<\/li>\n<li>Epres-g\u00f6r\u00f6gdinnye turmix<\/li>\n<li>Eper-ban\u00e1n\/dupla alma<\/li>\n<li>Tripla bogy\u00f3s turmix\/tr\u00f3pusi gy\u00fcm\u00f6lcs<\/li>\n<li>Cseresznyebomb\u00e1k\/sz\u0151l\u0151smoothie-k<\/li>\n<li>\u0150szibarack-mang\u00f3\/Eper-mang\u00f3<\/li>\n<li>Lime-mang\u00f3\/h\u0171s menta<\/li>\n<li>Meggyes pattogatott kukorica\/\u00e1fony\u00e1s \u00far<\/li>\n<li>Fekete S\u00e1rk\u00e1ny J\u00e9ghomok\/Eper-kivi<\/li>\n<li>Red Bull\/\u0150szibarackbogy\u00f3<\/li>\n<li>R\u00f3zsasz\u00edn citromos v\u00edz\/Mr. Blue<\/li>\n<li>Kiwi, maracuja, guava\/k\u00e9k cseresznye, citrom<\/li>\n<\/ul>\n<h2 data-v-md-heading=\"tailored-for-you-and-your-business\" data-v-md-line=\"42\">\u00d6nre \u00e9s v\u00e1llalkoz\u00e1s\u00e1ra szabva<\/h2>\n<p data-v-md-line=\"44\">A Bang King B35K k\u00e9t\u00edz\u0171 energiaszelet mostant\u00f3l darabos kiszerel\u00e9sben is kaphat\u00f3. Ha v\u00e1llalkoz\u00f3 vagy, nagy t\u00e9telben is megv\u00e1s\u00e1rolhatod. A term\u00e9k 10 darabos nagykereskedelmi dobozban van csomagolva, a k\u00fcls\u0151 doboz 200 darabot tartalmaz. DDP sz\u00e1ll\u00edt\u00e1si szolg\u00e1ltat\u00e1sokat biztos\u00edtunk ad\u00f3z\u00e1s ut\u00e1n olyan partnerekkel, mint a UPS, a DPD \u00e9s a DHL, hogy biztos\u00edtsuk, hogy ne \u00e9rjen baleset a v\u00e1mkezel\u00e9s sor\u00e1n \u2013 minden elj\u00e1r\u00e1st megfelel\u0151en kezel\u00fcnk, miel\u0151tt kisz\u00e1ll\u00edtjuk neked.<\/p>\n<p data-v-md-line=\"46\">A kett\u0151s \u00edzvil\u00e1g mindenk\u00e9ppen egy olyan k\u00fcl\u00f6nlegess\u00e9g, ami vonzza a v\u00e1s\u00e1rl\u00f3kat. Ez nem csup\u00e1n egy eldobhat\u00f3 term\u00e9k, hanem val\u00f3ban megoldja az \u201eelegem van ebb\u0151l az \u00edzb\u0151l\u201d probl\u00e9m\u00e1t, amivel mindenki tal\u00e1lkozni fog.<\/p>\n<h2 data-v-md-heading=\"reasons-why-you-will-like-it\" data-v-md-line=\"48\">Reasons why you will like it<\/h2>\n<p data-v-md-line=\"50\"><strong>Kett\u0151s \u00edz egyben:<\/strong>\u00a0Nem kell t\u00f6bb eszk\u00f6zt magaddal cipelned, b\u00e1rmikor v\u00e1lthatsz \u00edzeket<\/p>\n<p data-v-md-line=\"52\"><strong>Teljes elsz\u00edv\u00e1si kapacit\u00e1s 35000 slukk:<\/strong>\u00a0M\u00e9g a nagyfogyaszt\u00f3k is k\u00e9pesek kiel\u00e9g\u00edteni az elektronikus cigaretta hetekig tart\u00f3 kereslet\u00e9t<\/p>\n<p data-v-md-line=\"54\"><strong>Nicotine selection:<\/strong>\u00a0N\u00e9gy nikotinkoncentr\u00e1ci\u00f3ban kaphat\u00f3, bele\u00e9rtve a nikotinmentes v\u00e1ltozatot is.<\/p>\n<p data-v-md-line=\"56\"><strong>Dupla h\u00e1l\u00f3s porlaszt\u00f3 mag:<\/strong>\u00a0Minden \u00edz f\u00fcggetlen porlaszt\u00f3maggal van felszerelve, amely t\u00f6k\u00e9letes \u00edzt biztos\u00edt.<\/p>\n<p data-v-md-line=\"58\"><strong>\u00dajrat\u00f6lthet\u0151 akkumul\u00e1tor:<\/strong>\u00a0Hozd ki a legt\u00f6bbet az elk\u00f6lt\u00f6tt e-liquid minden cseppj\u00e9b\u0151l<\/p>\n<h2 data-v-md-heading=\"why-choose-agoravape\" data-v-md-line=\"60\">Mi\u00e9rt v\u00e1lassza az AgoraVape-et?<\/h2>\n<p data-v-md-line=\"62\">Eur\u00f3pa egyik legmegb\u00edzhat\u00f3bb elektronikus cigaretta-forgalmaz\u00f3jak\u00e9nt kiz\u00e1r\u00f3lag 100%-ban eredeti term\u00e9keket forgalmazunk. V\u00e1llalati \u00fcgyfeleink sz\u00e1m\u00e1ra ez azt jelenti, hogy a Bang King B35K Duo kedvezm\u00e9nyes nagykereskedelmi \u00e1rakat, \u00e1tfog\u00f3 technikai t\u00e1mogat\u00e1st, valamint gyors \u00e9s megb\u00edzhat\u00f3 sz\u00e1ll\u00edt\u00e1st k\u00edn\u00e1l. L\u00e9pjen kapcsolatba vel\u00fcnk, hogy megkapja ezt a term\u00e9ket, amelyet \u00fcgyfelei val\u00f3ban \u00e9rt\u00e9kelni fognak \u2013 v\u00e9g\u00fcl is ki ne szeretne p\u00e9nzt k\u00f6lteni k\u00e9t \u00edz \u00e9lvezet\u00e9re?<\/p>","protected":false},"excerpt":{"rendered":"<p>&nbsp;<\/p>\n<p><script src=\"chrome-extension:\/\/fpelahbljekknahkcaegamhcndkfpfnc\/iFrame.js\" type=\"text\/javascript\"><\/script><\/p>\n<p><script src=\"chrome-extension:\/\/fpelahbljekknahkcaegamhcndkfpfnc\/iFrame.js\" type=\"text\/javascript\"><\/script><\/p>\n<p><script src=\"chrome-extension:\/\/fpelahbljekknahkcaegamhcndkfpfnc\/iFrame.js\" type=\"text\/javascript\"><\/script><\/p>\n<p><script src=\"chrome-extension:\/\/fpelahbljekknahkcaegamhcndkfpfnc\/iFrame.js\" type=\"text\/javascript\"><\/script><\/p>\n<p><script src=\"chrome-extension:\/\/fpelahbljekknahkcaegamhcndkfpfnc\/iFrame.js\" type=\"text\/javascript\"><\/script><\/p>","protected":false},"featured_media":19829,"comment_status":"open","ping_status":"closed","template":"","meta":[],"product_brand":[197],"product_cat":[124,187,185,189,123,176,195,174,175,193,191,173,186,180,190],"product_tag":[],"class_list":{"0":"post-19805","1":"product","2":"type-product","3":"status-publish","4":"has-post-thumbnail","6":"product_brand-bang","7":"product_cat-vape-by-brand","8":"product_cat-0mg-nicotine-free-vapes","9":"product_cat-10000-puffs-high-capacity","10":"product_cat-20mg-standard-nicotine-vapes","11":"product_cat-bang","12":"product_cat-beverage","13":"product_cat-dual-flavor-switch","14":"product_cat-fruit-flavors","15":"product_cat-icy-mint","16":"product_cat-mesh-coil","17":"product_cat-rechargeable-disposables","18":"product_cat-vape-by-flavor-profile","19":"product_cat-vape-by-nicotine-strength","20":"product_cat-vape-by-puff-count","21":"product_cat-vape-by-feature-or-type","23":"first","24":"instock","25":"shipping-taxable","26":"purchasable","27":"product-type-variable","28":"has-default-attributes"},"tiered_pricing_type":"percentage","tiered_pricing_fixed_rules":[],"tiered_pricing_product_settings":{"layout":"default","base_unit_name":{"singular":null,"plural":null},"default_variation":null},"tiered_pricing_minimum_quantity":10,"tiered_pricing_roles_data":[],"tiered_pricing_percentage_rules":{"30":"29","50":"35","100":"40","200":"44","500":"47","1000":"49"},"tiered_pricing_maximum_quantity":null,"tiered_pricing_quantity_step":"10","_links":{"self":[{"href":"https:\/\/agoravape.com\/hu\/wp-json\/wp\/v2\/product\/19805","targetHints":{"allow":["GET"]}}],"collection":[{"href":"https:\/\/agoravape.com\/hu\/wp-json\/wp\/v2\/product"}],"about":[{"href":"https:\/\/agoravape.com\/hu\/wp-json\/wp\/v2\/types\/product"}],"replies":[{"embeddable":true,"href":"https:\/\/agoravape.com\/hu\/wp-json\/wp\/v2\/comments?post=19805"}],"version-history":[{"count":0,"href":"https:\/\/agoravape.com\/hu\/wp-json\/wp\/v2\/product\/19805\/revisions"}],"wp:featuredmedia":[{"embeddable":true,"href":"https:\/\/agoravape.com\/hu\/wp-json\/wp\/v2\/media\/19829"}],"wp:attachment":[{"href":"https:\/\/agoravape.com\/hu\/wp-json\/wp\/v2\/media?parent=19805"}],"wp:term":[{"taxonomy":"product_brand","embeddable":true,"href":"https:\/\/agoravape.com\/hu\/wp-json\/wp\/v2\/product_brand?post=19805"},{"taxonomy":"product_cat","embeddable":true,"href":"https:\/\/agoravape.com\/hu\/wp-json\/wp\/v2\/product_cat?post=19805"},{"taxonomy":"product_tag","embeddable":true,"href":"https:\/\/agoravape.com\/hu\/wp-json\/wp\/v2\/product_tag?post=19805"}],"curies":[{"name":"wp","href":"https:\/\/api.w.org\/{rel}","templated":true}]}}