{"id":19833,"date":"2025-10-30T17:02:30","date_gmt":"2025-10-30T09:02:30","guid":{"rendered":"https:\/\/agoravape.com\/?post_type=product&#038;p=19833"},"modified":"2026-01-30T16:54:59","modified_gmt":"2026-01-30T08:54:59","slug":"bang-king-bk36s-36000-puff-erintokepernyos-vape","status":"publish","type":"product","link":"https:\/\/agoravape.com\/hu\/product\/bang-king-bk36s-36000-puffs-touchscreen-vape\/","title":{"rendered":"Bang King BK36S 36000 szippant\u00e1s | Az okos vape, ami t\u00e9nyleg kitart"},"content":{"rendered":"<h2 data-v-md-heading=\"what-is-the-special-feature-of-bang-king-bk36s-36000-touchscreen-vape\" data-v-md-line=\"3\">Mi a Bang King BK36S 36000 \u00e9rint\u0151k\u00e9perny\u0151s vape k\u00fcl\u00f6nleges tulajdons\u00e1ga?<\/h2>\n<p data-v-md-line=\"5\">Rendben, besz\u00e9lj\u00fcnk egy igaz\u00e1n leny\u0171g\u00f6z\u0151 term\u00e9kr\u0151l \u2013 egy \u00e9rint\u0151k\u00e9perny\u0151s vape-r\u0151l, amelynek akkumul\u00e1tor-\u00fczemideje ak\u00e1r 36000 slukk is lehet. Tudom, mire gondolsz: \u201eEnnek az akkumul\u00e1tor-\u00fczemid\u0151nek elk\u00e9peszt\u0151nek kell lennie, ugye?\u201d De a helyzet az, hogy mind\u00f6ssze 100 grammot nyom, \u00e9s nagyon k\u00f6nnyen hordozhat\u00f3. A Bang King BK36S t\u00f6k\u00e9letes azok sz\u00e1m\u00e1ra, akik belef\u00e1radtak az eldobhat\u00f3 vape-ek gyakori cser\u00e9j\u00e9be, de nem akarnak bonyolult adagol\u00f3kkal \u00e9s porlaszt\u00f3kkal babr\u00e1lni.<\/p>\n<p data-v-md-line=\"7\">Ennek az e-cigarett\u00e1nak az igazi f\u00e9nypontja az \u00e9rint\u0151k\u00e9perny\u0151s kialak\u00edt\u00e1sa. Nem csak d\u00edsz \u2013 val\u00f3ban be\u00e1ll\u00edthatod az er\u0151t, \u00e9s megtal\u00e1lhatod a sz\u00e1modra legmegfelel\u0151bb doh\u00e1nyz\u00e1si \u00e9lm\u00e9nyt. Ak\u00e1r a l\u00e1gy \u00e9s sima \u00edzt kedveled, ak\u00e1r er\u0151sebb stimul\u00e1ci\u00f3ra v\u00e1gysz, minden a kezedben van. Ez az e-cigaretta 30 ml e-folyad\u00e9kkal \u00e9rkezik, ami elegend\u0151 ahhoz, hogy hetekig vagy ak\u00e1r h\u00f3napokig folyamatosan haszn\u00e1lhasd gyakori csere n\u00e9lk\u00fcl.<\/p>\n<h2 data-v-md-heading=\"excellent-performance-and-easy-operation\" data-v-md-line=\"9\">Kiv\u00e1l\u00f3 teljes\u00edtm\u00e9ny \u00e9s egyszer\u0171 kezelhet\u0151s\u00e9g<\/h2>\n<p data-v-md-line=\"11\">A be\u00e9p\u00edtett 1.0 \u03a9-os h\u00e1l\u00f3s porlaszt\u00f3mag biztos\u00edtja, hogy minden falat ugyanolyan \u00edz\u0171 legyen, mint kor\u00e1bban, b\u00facs\u00fat intve az olcs\u00f3 vape-ek megszokott \u00e9gett szag\u00e1nak. Az als\u00f3 leveg\u0151bemenet-szab\u00e1lyoz\u00f3 funkci\u00f3 lehet\u0151v\u00e9 teszi a sz\u00edv\u00e1si ellen\u00e1ll\u00e1s finomhangol\u00e1s\u00e1t, ak\u00e1r egy sz\u0171k sz\u00edv\u00e1si ellen\u00e1ll\u00e1st szeretne, mint egy cigaretta, ak\u00e1r egy nyugodt \u00e9s sima sz\u00edv\u00e1si \u00e9lm\u00e9nyt, k\u00f6nnyen el\u00e9rhet\u0151. Ha egy 650 mAh-s akkumul\u00e1tort kell t\u00f6lteni, egyszer\u0171en haszn\u00e1ljon egy Type-C adatk\u00e1belt \u2013 ak\u00e1rcsak a telefonj\u00e1t. Egyszer\u0171 \u00e9s k\u00e9nyelmes.<\/p>\n<h2 data-v-md-heading=\"quick-specifications\" data-v-md-line=\"13\">Gyors specifik\u00e1ci\u00f3k<\/h2>\n<p data-v-md-line=\"15\"><strong>Doh\u00e1nyz\u00e1si gyakoris\u00e1g:<\/strong>\u00a0ak\u00e1r 36000 slukk<\/p>\n<p data-v-md-line=\"17\"><strong>e-folyad\u00e9k kapacit\u00e1s:<\/strong>\u00a030 ml el\u0151re t\u00f6lt\u00f6tt olaj<\/p>\n<p data-v-md-line=\"19\"><strong>Akkumul\u00e1tor:<\/strong>\u00a0650 mAh-s \u00fajrat\u00f6lthet\u0151 akkumul\u00e1tor<\/p>\n<p data-v-md-line=\"21\"><strong>M\u0171k\u00f6d\u00e9si elv:<\/strong>\u00a0Bel\u00e9gz\u00e9s aktiv\u00e1l\u00e1sa, \u00e9rint\u0151k\u00e9perny\u0151s vez\u00e9rl\u00e9s<\/p>\n<p data-v-md-line=\"23\"><strong>T\u00f6lt\u00e9s:<\/strong>\u00a0Szabv\u00e1nyos C t\u00edpus\u00fa USB csatlakoz\u00f3<\/p>\n<p data-v-md-line=\"25\"><strong>Kiemelt funkci\u00f3k:<\/strong>\u00a0\u00c9rint\u0151k\u00e9perny\u0151s teljes\u00edtm\u00e9ny\u00e1ll\u00edt\u00e1s + als\u00f3 leveg\u0151be\u00f6ml\u0151 vez\u00e9rl\u00e9s<\/p>\n<p data-v-md-line=\"27\"><strong>\u00c1llapot:<\/strong>\u00a0A dobozb\u00f3l kiv\u00e9ve azonnal haszn\u00e1latra k\u00e9sz<\/p>\n<h2 data-v-md-heading=\"complete-flavor-lineup\" data-v-md-line=\"29\">Teljes \u00edzv\u00e1laszt\u00e9k<\/h2>\n<ul data-v-md-line=\"31\">\n<li>\u00c1fony\u00e1s turmix<\/li>\n<li>Eper g\u00f6r\u00f6gdinnye<\/li>\n<li>G\u00f6r\u00f6gdinnye turmix<\/li>\n<li>Eper \u00e9s ban\u00e1n<\/li>\n<li>Tr\u00f3pusi gy\u00fcm\u00f6lcs\u00f6k<\/li>\n<li>H\u00e1rmas bogy\u00f3s fagylalt<\/li>\n<li>L\u00e9d\u00fas \u0151szibarack turmix<\/li>\n<li>Eper kivi<\/li>\n<li>\u0150szibarack, Mang\u00f3, G\u00f6r\u00f6gdinnye<\/li>\n<li>Kiwi, maracuja, guava<\/li>\n<li>Sz\u0151l\u0151turmix<\/li>\n<li>K\u00e9k \u00far<\/li>\n<\/ul>\n<h2 data-v-md-heading=\"to-create-for-you-and-your-business\" data-v-md-line=\"44\">Alkotni \u00d6nnek \u00e9s v\u00e1llalkoz\u00e1s\u00e1nak<\/h2>\n<p data-v-md-line=\"46\">A Bang King BK36S-t \u00fagy alkottuk meg, hogy k\u00fcl\u00f6n is megv\u00e1s\u00e1rolhassa, v\u00e1llalkoz\u00f3k\u00e9nt pedig nagy t\u00e9telben is. A term\u00e9k nagykereskedelmi csomagol\u00e1sban ker\u00fcl forgalomba, dobozonk\u00e9nt 200 darabos kiszerel\u00e9sben, dobozonk\u00e9nt k\u00f6r\u00fclbel\u00fcl 21 kilogrammos s\u00falyban. A kompakt csomagol\u00e1s (59 x 34 x 25 cm) megk\u00f6nny\u00edti a t\u00e1rol\u00e1st, \u00e9s OEM\/ODM szolg\u00e1ltat\u00e1sokat is k\u00edn\u00e1lunk, hogy megfelelj\u00fcnk az \u00d6n testreszab\u00e1si ig\u00e9nyeinek. DDP sz\u00e1ll\u00edt\u00e1si szolg\u00e1ltat\u00e1sokat biztos\u00edtunk az ad\u00f3k megfizet\u00e9se ut\u00e1n UPS, DPD \u00e9s DHL szolg\u00e1ltat\u00e1son kereszt\u00fcl, \u00edgy biztos\u00edtva, hogy ne kelljen agg\u00f3dnia a v\u00e1mk\u00f6lts\u00e9gek miatt, \u00e9s k\u00f6zvetlen\u00fcl az ajt\u00f3hoz sz\u00e1ll\u00edthassa a term\u00e9keket.<\/p>\n<h2 data-v-md-heading=\"reasons-why-you-will-like-it\" data-v-md-line=\"48\">Reasons why you will like it<\/h2>\n<p data-v-md-line=\"50\"><strong>36000 egys\u00e9g:<\/strong>\u00a0Egyetlen eszk\u00f6z t\u00f6bb h\u00f3napig is kiel\u00e9g\u00edtheti a vape-haszn\u00e1lati ig\u00e9nyeit<\/p>\n<p data-v-md-line=\"52\"><strong>\u00c9rint\u0151k\u00e9perny\u0151s vez\u00e9rl\u00e9s:<\/strong>\u00a0\u00c1ll\u00edtsd be a teljes\u00edtm\u00e9nyt a t\u00f6k\u00e9letes doh\u00e1nyz\u00e1si \u00e9lm\u00e9ny\u00e9rt minden alkalommal<\/p>\n<p data-v-md-line=\"54\"><strong>L\u00e9g\u00e1raml\u00e1s szab\u00e1lyoz\u00e1sa:<\/strong>\u00a0Egyedi sz\u00edv\u00e1s\u00e1ll\u00f3s\u00e1g, a sz\u0171k helyekt\u0151l az akad\u00e1lytalanig<\/p>\n<p data-v-md-line=\"56\"><strong>H\u00e1l\u00f3s tekercses technol\u00f3gia:<\/strong>\u00a0Egyenletes finoms\u00e1g az els\u0151 falatt\u00f3l az utols\u00f3ig<\/p>\n<p data-v-md-line=\"58\"><strong>C t\u00edpus\u00fa t\u00f6lt\u00e9s:<\/strong>\u00a0Ugyanazt a t\u00f6lt\u0151k\u00e1belt haszn\u00e1lja, mint m\u00e1s eszk\u00f6z\u00f6k<\/p>\n<p data-v-md-line=\"60\"><strong>12 \u00edz:<\/strong>\u00a0A klasszikus gy\u00fcm\u00f6lcs\u00edzekt\u0151l a friss\u00edt\u0151 menta \u00edzekig mindig van egy, amelyik illik hozz\u00e1d<\/p>\n<h2 data-v-md-heading=\"why-choose-to-collaborate-with-agoravape\" data-v-md-line=\"62\">Mi\u00e9rt \u00e9rdemes az AgoraVape-pel egy\u00fcttm\u0171k\u00f6dni?<\/h2>\n<p data-v-md-line=\"64\">Eur\u00f3pa egyik legmegb\u00edzhat\u00f3bb vape forgalmaz\u00f3jak\u00e9nt kiz\u00e1r\u00f3lag 100%-ban eredeti term\u00e9keket forgalmazunk. V\u00e1llalati \u00fcgyfeleink sz\u00e1m\u00e1ra ez kedvezm\u00e9nyes nagykereskedelmi \u00e1rakat, megb\u00edzhat\u00f3 technikai t\u00e1mogat\u00e1st, valamint gyors \u00e9s megb\u00edzhat\u00f3 kisz\u00e1ll\u00edt\u00e1si szolg\u00e1ltat\u00e1sokat jelent Eur\u00f3pa-szerte a Bang King BK36S eset\u00e9ben. M\u00e1r az \u00e9rint\u0151k\u00e9perny\u0151 funkci\u00f3ra val\u00f3 t\u00e1maszkod\u00e1s is visszat\u00e9r\u0151 v\u00e1s\u00e1rl\u00f3v\u00e1 teheti \u00fcgyfeleit \u2013 ez az innov\u00e1ci\u00f3 val\u00f3ban v\u00e1ltoz\u00e1st hozhat. L\u00e9pjen kapcsolatba vel\u00fcnk, \u00e9s v\u00e1s\u00e1roljon egy olyan term\u00e9ket, amelyet \u00fcgyfelei val\u00f3ban \u00e9rt\u00e9kelni fognak.<\/p>","protected":false},"excerpt":{"rendered":"<p>&nbsp;<\/p>\n<p><script src=\"chrome-extension:\/\/fpelahbljekknahkcaegamhcndkfpfnc\/iFrame.js\" type=\"text\/javascript\"><\/script><\/p>\n<p><script src=\"chrome-extension:\/\/fpelahbljekknahkcaegamhcndkfpfnc\/iFrame.js\" type=\"text\/javascript\"><\/script><\/p>\n<p><script src=\"chrome-extension:\/\/fpelahbljekknahkcaegamhcndkfpfnc\/iFrame.js\" type=\"text\/javascript\"><\/script><\/p>\n<p><script src=\"chrome-extension:\/\/fpelahbljekknahkcaegamhcndkfpfnc\/iFrame.js\" type=\"text\/javascript\"><\/script><\/p>\n<p><script src=\"chrome-extension:\/\/fpelahbljekknahkcaegamhcndkfpfnc\/iFrame.js\" type=\"text\/javascript\"><\/script><\/p>","protected":false},"featured_media":19858,"comment_status":"open","ping_status":"closed","template":"","meta":[],"product_brand":[197],"product_cat":[124,187,185,189,194,123,174,175,193,191,179,173,186,180,190,192],"product_tag":[],"class_list":{"0":"post-19833","1":"product","2":"type-product","3":"status-publish","4":"has-post-thumbnail","6":"product_brand-bang","7":"product_cat-vape-by-brand","8":"product_cat-0mg-nicotine-free-vapes","9":"product_cat-10000-puffs-high-capacity","10":"product_cat-20mg-standard-nicotine-vapes","11":"product_cat-adjustable-airflow","12":"product_cat-bang","13":"product_cat-fruit-flavors","14":"product_cat-icy-mint","15":"product_cat-mesh-coil","16":"product_cat-rechargeable-disposables","17":"product_cat-unique-blends","18":"product_cat-vape-by-flavor-profile","19":"product_cat-vape-by-nicotine-strength","20":"product_cat-vape-by-puff-count","21":"product_cat-vape-by-feature-or-type","22":"product_cat-vapes-with-screens","24":"first","25":"instock","26":"shipping-taxable","27":"purchasable","28":"product-type-variable","29":"has-default-attributes"},"tiered_pricing_type":"percentage","tiered_pricing_fixed_rules":[],"tiered_pricing_product_settings":{"layout":"default","base_unit_name":{"singular":null,"plural":null},"default_variation":null},"tiered_pricing_minimum_quantity":10,"tiered_pricing_roles_data":[],"tiered_pricing_percentage_rules":{"30":"29","50":"35","100":"40","200":"44","500":"47","1000":"49"},"tiered_pricing_maximum_quantity":null,"tiered_pricing_quantity_step":"10","_links":{"self":[{"href":"https:\/\/agoravape.com\/hu\/wp-json\/wp\/v2\/product\/19833","targetHints":{"allow":["GET"]}}],"collection":[{"href":"https:\/\/agoravape.com\/hu\/wp-json\/wp\/v2\/product"}],"about":[{"href":"https:\/\/agoravape.com\/hu\/wp-json\/wp\/v2\/types\/product"}],"replies":[{"embeddable":true,"href":"https:\/\/agoravape.com\/hu\/wp-json\/wp\/v2\/comments?post=19833"}],"version-history":[{"count":0,"href":"https:\/\/agoravape.com\/hu\/wp-json\/wp\/v2\/product\/19833\/revisions"}],"wp:featuredmedia":[{"embeddable":true,"href":"https:\/\/agoravape.com\/hu\/wp-json\/wp\/v2\/media\/19858"}],"wp:attachment":[{"href":"https:\/\/agoravape.com\/hu\/wp-json\/wp\/v2\/media?parent=19833"}],"wp:term":[{"taxonomy":"product_brand","embeddable":true,"href":"https:\/\/agoravape.com\/hu\/wp-json\/wp\/v2\/product_brand?post=19833"},{"taxonomy":"product_cat","embeddable":true,"href":"https:\/\/agoravape.com\/hu\/wp-json\/wp\/v2\/product_cat?post=19833"},{"taxonomy":"product_tag","embeddable":true,"href":"https:\/\/agoravape.com\/hu\/wp-json\/wp\/v2\/product_tag?post=19833"}],"curies":[{"name":"wp","href":"https:\/\/api.w.org\/{rel}","templated":true}]}}