{"id":19860,"date":"2025-10-30T17:10:02","date_gmt":"2025-10-30T09:10:02","guid":{"rendered":"https:\/\/agoravape.com\/?post_type=product&#038;p=19860"},"modified":"2026-01-19T21:59:07","modified_gmt":"2026-01-19T13:59:07","slug":"bang-king-bk45-45000-puffs-tripla-tartaly-vape","status":"publish","type":"product","link":"https:\/\/agoravape.com\/hu\/product\/bang-king-bk45-45000-puffs-triple-tank-vape\/","title":{"rendered":"Bang King BK45 45000 F\u00faj\u00e1s | H\u00e1rom \u00edz, egy eszk\u00f6z, v\u00e9gtelen el\u00e9gedetts\u00e9g"},"content":{"rendered":"<h2 data-v-md-heading=\"what-is-special-about-bang-king-bk45-45000-three-pack-vape\" data-v-md-line=\"3\"><img loading=\"lazy\" decoding=\"async\" class=\"size-full wp-image-19874 alignright\" src=\"https:\/\/agoravape.com\/wp-content\/uploads\/2025\/10\/Bang-King-BK45-45000-Puffs-Three-Flavours-One-Device-Endless-Satisfaction_Agora_vape-1-scaled.webp\" alt=\"\" width=\"1080\" height=\"2560\" srcset=\"https:\/\/agoravape.com\/wp-content\/uploads\/2025\/10\/Bang-King-BK45-45000-Puffs-Three-Flavours-One-Device-Endless-Satisfaction_Agora_vape-1-scaled.webp 1080w, https:\/\/agoravape.com\/wp-content\/uploads\/2025\/10\/Bang-King-BK45-45000-Puffs-Three-Flavours-One-Device-Endless-Satisfaction_Agora_vape-1-127x300.webp 127w, https:\/\/agoravape.com\/wp-content\/uploads\/2025\/10\/Bang-King-BK45-45000-Puffs-Three-Flavours-One-Device-Endless-Satisfaction_Agora_vape-1-432x1024.webp 432w, https:\/\/agoravape.com\/wp-content\/uploads\/2025\/10\/Bang-King-BK45-45000-Puffs-Three-Flavours-One-Device-Endless-Satisfaction_Agora_vape-1-768x1821.webp 768w, https:\/\/agoravape.com\/wp-content\/uploads\/2025\/10\/Bang-King-BK45-45000-Puffs-Three-Flavours-One-Device-Endless-Satisfaction_Agora_vape-1-648x1536.webp 648w, https:\/\/agoravape.com\/wp-content\/uploads\/2025\/10\/Bang-King-BK45-45000-Puffs-Three-Flavours-One-Device-Endless-Satisfaction_Agora_vape-1-864x2048.webp 864w, https:\/\/agoravape.com\/wp-content\/uploads\/2025\/10\/Bang-King-BK45-45000-Puffs-Three-Flavours-One-Device-Endless-Satisfaction_Agora_vape-1-1200x2845.webp 1200w\" sizes=\"auto, (max-width: 1080px) 100vw, 1080px\" \/><\/h2>\n<h2 data-v-md-heading=\"what-is-special-about-bang-king-bk45-45000-three-pack-vape\" data-v-md-line=\"3\">Mi a k\u00fcl\u00f6nleges a Bang King BK45 45000 h\u00e1rompackos vape-ben?<\/h2>\n<p data-v-md-line=\"5\">Ez a vape m\u00e1s \u2013 szabadon v\u00e1lthatsz h\u00e1rom \u00edz k\u00f6z\u00f6tt an\u00e9lk\u00fcl, hogy h\u00e1rom eszk\u00f6zt cipeln\u00e9l magaddal. A Bang King BK45 nem csup\u00e1n egy \u00e1tlagos eldobhat\u00f3 vape elk\u00e9peszt\u0151 mennyis\u00e9g\u0171 slukkoval. Okos, h\u00e1romrekeszes kialak\u00edt\u00e1s\u00e1nak k\u00f6sz\u00f6nhet\u0151en \u00f6sszesen 45 milliliter e-folyad\u00e9kot k\u00e9pes t\u00e1rolni (rekeszenk\u00e9nt 15 milliliter), \u00edgy b\u00e1rmikor, b\u00e1rhol v\u00e1lthatsz az \u00edzek k\u00f6z\u00f6tt. Csak finoman forgasd el, \u00e9s v\u00e1lts, hogy megtapasztald az \u00faj \u00edzeket.<\/p>\n<p data-v-md-line=\"7\">Ha nem tudsz sok\u00e1ig ugyanazt az \u00edzt fogyasztani, vagy ha csak szereted a t\u00f6bb v\u00e1laszt\u00e1si lehet\u0151s\u00e9get, akkor ez az e-cigaretta teljesen megv\u00e1ltoztatja a doh\u00e1nyz\u00e1si \u00e9lm\u00e9nyedet. B\u00facs\u00fat inthetsz a zsebed k\u00fcl\u00f6nf\u00e9le eszk\u00f6z\u00f6kkel val\u00f3 t\u00f6m\u00e9s\u00e9nek macer\u00e1j\u00e1nak, b\u00facs\u00fat az \u00edzf\u00e1rad\u00e1snak \u2013 egyetlen st\u00edlusos eszk\u00f6zzel hetekig \u00e9lvezheted a frissess\u00e9get.<\/p>\n<h2 data-v-md-heading=\"excellent-performance-easy-to-operate\" data-v-md-line=\"9\">Excellent performance, easy to operate<\/h2>\n<p data-v-md-line=\"11\">A h\u00e1l\u00f3s tekercses technol\u00f3gia biztos\u00edtja, hogy minden falat (45000 falat) friss \u00e9s \u00e1lland\u00f3 \u00edzt biztos\u00edtson, ak\u00e1r 100, ak\u00e1r 40000 falatot fogyasztott. Egy 650 mAh-s \u00fajrat\u00f6lthet\u0151 akkumul\u00e1tor elegend\u0151 a nagy kapacit\u00e1s\u00fa e-liquid ir\u00e1nti ig\u00e9ny kiel\u00e9g\u00edt\u00e9s\u00e9re. Ha e-liquidet kell felt\u00f6ltenie, egyszer\u0171en csatlakoztasson egy szabv\u00e1nyos Type-C adatk\u00e1belt \u2013 pont olyat, amilyet a telefon t\u00f6lt\u00e9s\u00e9hez haszn\u00e1l. Az igazi k\u00fcl\u00f6nlegess\u00e9g a h\u00e1romrekeszes kialak\u00edt\u00e1sban rejlik. Azt gondolhatja, hogy a h\u00e1rom f\u00fcggetlen e-liquid rekesz k\u00f6z\u00f6tti v\u00e1lt\u00e1s bonyolult, de val\u00f3j\u00e1ban nagyon egyszer\u0171 \u2013 csak egy finom csavar\u00e1s a k\u00f6vetkez\u0151 \u00edzre val\u00f3 v\u00e1lt\u00e1shoz.<\/p>\n<h2 data-v-md-heading=\"quick-specifications\" data-v-md-line=\"13\">Gyors specifik\u00e1ci\u00f3k<\/h2>\n<p data-v-md-line=\"15\"><strong>Doh\u00e1nyz\u00e1si gyakoris\u00e1g:<\/strong>\u00a0ak\u00e1r 45 000 alkalommal<\/p>\n<p data-v-md-line=\"17\"><strong>Nikotin koncentr\u00e1ci\u00f3:<\/strong>\u00a0N\u00e9gy koncentr\u00e1ci\u00f3ban kaphat\u00f3: 0%, 2%, 3% \u00e9s 5%<\/p>\n<p data-v-md-line=\"19\"><strong>Haszn\u00e1lat:<\/strong>\u00a0L\u00e9legezz be az aktiv\u00e1l\u00e1shoz<\/p>\n<p data-v-md-line=\"21\"><strong>T\u00f6lt\u00e9si m\u00f3d:<\/strong>\u00a0Szabv\u00e1nyos C t\u00edpus\u00fa USB csatlakoz\u00f3<\/p>\n<p data-v-md-line=\"23\"><strong>e-folyad\u00e9k kapacit\u00e1s:<\/strong>\u00a0Teljes kapacit\u00e1s 45ml (15ml x 3 e-folyad\u00e9k rekesz)<\/p>\n<p data-v-md-line=\"25\"><strong>Akkumul\u00e1tor:<\/strong>\u00a0650 mAh-s \u00fajrat\u00f6lthet\u0151 akkumul\u00e1tor<\/p>\n<p data-v-md-line=\"27\"><strong>\u00c1llapot:<\/strong>\u00a0A dobozb\u00f3l kiv\u00e9ve azonnal haszn\u00e1latra k\u00e9sz<\/p>\n<h2 data-v-md-heading=\"complete-flavor-lineup\" data-v-md-line=\"29\">Teljes \u00edzv\u00e1laszt\u00e9k<\/h2>\n<p data-v-md-line=\"31\">Minden eszk\u00f6z el\u0151re telep\u00edtve van h\u00e1rom kieg\u00e9sz\u00edt\u0151 verzi\u00f3val:<\/p>\n<ul data-v-md-line=\"33\">\n<li>G\u00f6r\u00f6gdinnye\/Red Bull\/Eper-kivi<\/li>\n<li>Citrom-lime\/Eper-g\u00f6r\u00f6gdinnye\/\u00c1fony\u00e1s j\u00e9g<\/li>\n<li>Eper-ban\u00e1n\/M\u00e1lna-g\u00f6r\u00f6gdinnye\/Citrom-lime<\/li>\n<li>Epres-kivis\/Savany\u00fa mang\u00f3s-anan\u00e1szos\/Red Bull<\/li>\n<li>Tr\u00f3pusi gy\u00fcm\u00f6lcs\u00f6k\/eper, g\u00f6r\u00f6gdinnye\/citromos \u0151szibarack<\/li>\n<li>Anan\u00e1sz K\u00f3kusz\/Eper Ban\u00e1n\/\u00c1fonya M\u00e1lna<\/li>\n<li>Eper-M\u00e1lna\/H\u00e1rmas M\u00e9zes Dinnye\/Savany\u00fa Mang\u00f3 Anan\u00e1sz<\/li>\n<li>M\u00e1lna g\u00f6r\u00f6gdinnye\/mang\u00f3 \u0151szibarack\/eper kiwi<\/li>\n<li>Eper Van\u00edlia K\u00f3la\/\u00c1fonya M\u00e1lna\/Citrom Lime<\/li>\n<li>G\u00f6r\u00f6gdinnye\/Eperfagylalt\/Tripla g\u00f6r\u00f6gdinnye<\/li>\n<\/ul>\n<h2 data-v-md-heading=\"tailored-for-you-and-your-business\" data-v-md-line=\"44\">\u00d6nre \u00e9s v\u00e1llalkoz\u00e1s\u00e1ra szabva<\/h2>\n<p data-v-md-line=\"46\">Megjelent a Bang King BK45 45000 h\u00e1romdobozos vape-cigarett\u00e1ja szem\u00e9lyes v\u00e1s\u00e1rl\u00e1sra. Ha v\u00e1llalkoz\u00f3 vagy, \u00e9s igaz\u00e1n egyedi term\u00e9keket szeretn\u00e9l k\u00edn\u00e1lni, ak\u00e1r t\u00f6meges rendel\u00e9st is leadhatsz. A term\u00e9k 10 darabos\/dobozos nagykereskedelmi kiszerel\u00e9sben ker\u00fcl forgalomba, a k\u00fcls\u0151 doboz 200 darabot tartalmaz. DDP sz\u00e1ll\u00edt\u00e1si szolg\u00e1ltat\u00e1st biztos\u00edtunk az ad\u00f3k megfizet\u00e9se ut\u00e1n, megb\u00edzhat\u00f3 partnerekkel, mint p\u00e9ld\u00e1ul a UPS, a DPD \u00e9s a DHL, \u00edgy biztos\u00edtva, hogy rendel\u00e9sed gyorsan kisz\u00e1ll\u00edttassuk an\u00e9lk\u00fcl, hogy a v\u00e1mkezel\u00e9si d\u00edjak miatt agg\u00f3dnod kellene. Ez a term\u00e9k arra \u00f6szt\u00f6nzi majd a v\u00e1s\u00e1rl\u00f3idat, hogy ne csak az e-liquid felt\u00f6lt\u00e9se miatt t\u00e9rjenek vissza, hanem a k\u00fcl\u00f6nb\u00f6z\u0151 \u00edzkombin\u00e1ci\u00f3k kipr\u00f3b\u00e1l\u00e1sa miatt is.<\/p>\n<h2 data-v-md-heading=\"reasons-why-you-will-like-it\" data-v-md-line=\"48\">Reasons why you will like it<\/h2>\n<p data-v-md-line=\"50\"><strong>H\u00e1rom az egyben \u00edz:<\/strong>\u00a0Nem kell t\u00f6bb eszk\u00f6zt cipelned magaddal, eg\u00e9sz nap v\u00e1lthatsz a k\u00fcl\u00f6nb\u00f6z\u0151 \u00edzek k\u00f6z\u00f6tt<\/p>\n<p data-v-md-line=\"52\"><strong>T\u00f6bb mint 45000 slukk:<\/strong>\u00a0Egyetlen eszk\u00f6z hetekig kiel\u00e9g\u00edtheti a vape-ig\u00e9nyeidet<\/p>\n<p data-v-md-line=\"54\"><strong>Nikotinkoncentr\u00e1ci\u00f3 kiv\u00e1laszt\u00e1sa:<\/strong>\u00a00% \u00e9s 5% k\u00f6z\u00f6tti nikotinkoncentr\u00e1ci\u00f3 az \u00d6n szem\u00e9lyre szabott ig\u00e9nyeinek kiel\u00e9g\u00edt\u00e9s\u00e9re<\/p>\n<p data-v-md-line=\"56\"><strong>\u00dajrat\u00f6lthet\u0151 akkumul\u00e1tor:<\/strong>\u00a0Hozd ki a legt\u00f6bbet a 45 ml-es e-liquid minden egyes cseppj\u00e9b\u0151l<\/p>\n<p data-v-md-line=\"58\"><strong>H\u00e1l\u00f3s tekercses technol\u00f3gia:<\/strong>\u00a0Egyenletes, gazdag \u00edz az els\u0151 falatt\u00f3l az utols\u00f3ig<\/p>\n<p data-v-md-line=\"60\"><strong>K\u00f6nny\u0171 v\u00e1lt\u00e1s:<\/strong>\u00a0Egyszer\u0171en csak forgatni kell az \u00edzek v\u00e1lt\u00e1s\u00e1hoz \u2013 tiszta \u00e9s hat\u00e9kony, egyszer\u0171 \u00e9s k\u00e9nyelmes<\/p>\n<h2 data-v-md-heading=\"why-choose-to-collaborate-with-agoravape\" data-v-md-line=\"62\">Mi\u00e9rt \u00e9rdemes az AgoraVape-pel egy\u00fcttm\u0171k\u00f6dni?<\/h2>\n<p data-v-md-line=\"64\">Eur\u00f3pa egyik legmegb\u00edzhat\u00f3bb vape forgalmaz\u00f3jak\u00e9nt kiz\u00e1r\u00f3lag 100%-ban eredeti term\u00e9keket forgalmazunk. V\u00e1llalati \u00fcgyfeleink sz\u00e1m\u00e1ra ez azt jelenti, hogy \u00e9lvezhetik a Bang King BK45 nagyszer\u0171 nagykereskedelmi \u00e1rait, megb\u00edzhat\u00f3 \u00e9rt\u00e9kes\u00edt\u00e9s ut\u00e1ni t\u00e1mogat\u00e1st, valamint gyors \u00e9s megb\u00edzhat\u00f3 kisz\u00e1ll\u00edt\u00e1si szolg\u00e1ltat\u00e1sokat, amelyek eg\u00e9sz Eur\u00f3p\u00e1t lefedik. Ez nem csup\u00e1n egy \u00e1tlagos vape term\u00e9k, hanem egy innovat\u00edv alkot\u00e1s is, amely val\u00f3ban leny\u0171g\u00f6zheti \u00fcgyfeleit. L\u00e9pjen kapcsolatba vel\u00fcnk azonnal, \u00e9s v\u00e1ljon \u00d6n is ennek a legkelend\u0151bb term\u00e9knek a forgalmaz\u00f3j\u00e1v\u00e1!<\/p>\n<p><script src=\"chrome-extension:\/\/fpelahbljekknahkcaegamhcndkfpfnc\/iFrame.js\" type=\"text\/javascript\"><\/script><\/p>","protected":false},"excerpt":{"rendered":"<p>&nbsp;<\/p>\n<p><script src=\"chrome-extension:\/\/fpelahbljekknahkcaegamhcndkfpfnc\/iFrame.js\" type=\"text\/javascript\"><\/script><\/p>\n<p><script src=\"chrome-extension:\/\/fpelahbljekknahkcaegamhcndkfpfnc\/iFrame.js\" type=\"text\/javascript\"><\/script><\/p>\n<p><script src=\"chrome-extension:\/\/fpelahbljekknahkcaegamhcndkfpfnc\/iFrame.js\" type=\"text\/javascript\"><\/script><\/p>\n<p><script src=\"chrome-extension:\/\/fpelahbljekknahkcaegamhcndkfpfnc\/iFrame.js\" type=\"text\/javascript\"><\/script><\/p>\n<p><script src=\"chrome-extension:\/\/fpelahbljekknahkcaegamhcndkfpfnc\/iFrame.js\" type=\"text\/javascript\"><\/script><\/p>\n<p><script src=\"chrome-extension:\/\/fpelahbljekknahkcaegamhcndkfpfnc\/iFrame.js\" type=\"text\/javascript\"><\/script><\/p>","protected":false},"featured_media":19880,"comment_status":"open","ping_status":"closed","template":"","meta":[],"product_brand":[197],"product_cat":[124,187,185,189,1640,123,176,195,174,175,191,173,186,180,190],"product_tag":[],"class_list":{"0":"post-19860","1":"product","2":"type-product","3":"status-publish","4":"has-post-thumbnail","6":"product_brand-bang","7":"product_cat-vape-by-brand","8":"product_cat-0mg-nicotine-free-vapes","9":"product_cat-10000-puffs-high-capacity","10":"product_cat-20mg-standard-nicotine-vapes","11":"product_cat-45000-puffs","12":"product_cat-bang","13":"product_cat-beverage","14":"product_cat-dual-flavor-switch","15":"product_cat-fruit-flavors","16":"product_cat-icy-mint","17":"product_cat-rechargeable-disposables","18":"product_cat-vape-by-flavor-profile","19":"product_cat-vape-by-nicotine-strength","20":"product_cat-vape-by-puff-count","21":"product_cat-vape-by-feature-or-type","23":"first","24":"onbackorder","25":"shipping-taxable","26":"purchasable","27":"product-type-variable","28":"has-default-attributes"},"tiered_pricing_type":"percentage","tiered_pricing_fixed_rules":[],"tiered_pricing_product_settings":{"layout":"default","base_unit_name":{"singular":null,"plural":null},"default_variation":null},"tiered_pricing_minimum_quantity":10,"tiered_pricing_roles_data":[],"tiered_pricing_percentage_rules":{"30":"29","50":"35","100":"40","200":"44","500":"47","1000":"49"},"tiered_pricing_maximum_quantity":null,"tiered_pricing_quantity_step":"10","_links":{"self":[{"href":"https:\/\/agoravape.com\/hu\/wp-json\/wp\/v2\/product\/19860","targetHints":{"allow":["GET"]}}],"collection":[{"href":"https:\/\/agoravape.com\/hu\/wp-json\/wp\/v2\/product"}],"about":[{"href":"https:\/\/agoravape.com\/hu\/wp-json\/wp\/v2\/types\/product"}],"replies":[{"embeddable":true,"href":"https:\/\/agoravape.com\/hu\/wp-json\/wp\/v2\/comments?post=19860"}],"version-history":[{"count":0,"href":"https:\/\/agoravape.com\/hu\/wp-json\/wp\/v2\/product\/19860\/revisions"}],"wp:featuredmedia":[{"embeddable":true,"href":"https:\/\/agoravape.com\/hu\/wp-json\/wp\/v2\/media\/19880"}],"wp:attachment":[{"href":"https:\/\/agoravape.com\/hu\/wp-json\/wp\/v2\/media?parent=19860"}],"wp:term":[{"taxonomy":"product_brand","embeddable":true,"href":"https:\/\/agoravape.com\/hu\/wp-json\/wp\/v2\/product_brand?post=19860"},{"taxonomy":"product_cat","embeddable":true,"href":"https:\/\/agoravape.com\/hu\/wp-json\/wp\/v2\/product_cat?post=19860"},{"taxonomy":"product_tag","embeddable":true,"href":"https:\/\/agoravape.com\/hu\/wp-json\/wp\/v2\/product_tag?post=19860"}],"curies":[{"name":"wp","href":"https:\/\/api.w.org\/{rel}","templated":true}]}}