{"id":19913,"date":"2025-10-30T20:24:08","date_gmt":"2025-10-30T12:24:08","guid":{"rendered":"https:\/\/agoravape.com\/?post_type=product&#038;p=19913"},"modified":"2026-01-15T19:35:47","modified_gmt":"2026-01-15T11:35:47","slug":"bang-king-city-bk5-ct-50000-puff-vape","status":"publish","type":"product","link":"https:\/\/agoravape.com\/hu\/product\/bang-king-city-bk5-ct-50000-puffs-vape\/","title":{"rendered":"Bang King City 50000 A Vape, Ami Csak Folyamatosan M\u0171k\u00f6dik"},"content":{"rendered":"<h2 data-v-md-heading=\"what-is-special-about-bang-king-city-s-50000-rechargeable-vapes\" data-v-md-line=\"3\"><img loading=\"lazy\" decoding=\"async\" class=\"aligncenter size-full wp-image-19926\" src=\"https:\/\/agoravape.com\/wp-content\/uploads\/2025\/10\/Bang-King-City-50000-The-Vape-That-Just-Keeps-Going_Agora_vape-1-scaled.webp\" alt=\"\" width=\"1042\" height=\"2560\" srcset=\"https:\/\/agoravape.com\/wp-content\/uploads\/2025\/10\/Bang-King-City-50000-The-Vape-That-Just-Keeps-Going_Agora_vape-1-scaled.webp 1042w, https:\/\/agoravape.com\/wp-content\/uploads\/2025\/10\/Bang-King-City-50000-The-Vape-That-Just-Keeps-Going_Agora_vape-1-122x300.webp 122w, https:\/\/agoravape.com\/wp-content\/uploads\/2025\/10\/Bang-King-City-50000-The-Vape-That-Just-Keeps-Going_Agora_vape-1-417x1024.webp 417w, https:\/\/agoravape.com\/wp-content\/uploads\/2025\/10\/Bang-King-City-50000-The-Vape-That-Just-Keeps-Going_Agora_vape-1-768x1887.webp 768w, https:\/\/agoravape.com\/wp-content\/uploads\/2025\/10\/Bang-King-City-50000-The-Vape-That-Just-Keeps-Going_Agora_vape-1-625x1536.webp 625w, https:\/\/agoravape.com\/wp-content\/uploads\/2025\/10\/Bang-King-City-50000-The-Vape-That-Just-Keeps-Going_Agora_vape-1-833x2048.webp 833w, https:\/\/agoravape.com\/wp-content\/uploads\/2025\/10\/Bang-King-City-50000-The-Vape-That-Just-Keeps-Going_Agora_vape-1-1200x2949.webp 1200w\" sizes=\"auto, (max-width: 1042px) 100vw, 1042px\" \/><\/h2>\n<h2 data-v-md-heading=\"what-is-special-about-bang-king-city-s-50000-rechargeable-vapes\" data-v-md-line=\"3\">Mi a k\u00fcl\u00f6nleges a Bang King City 50000 \u00fajrat\u00f6lthet\u0151 vape-j\u00e9ben?<\/h2>\n<p data-v-md-line=\"5\">\u0150szint\u00e9n sz\u00f3lva, a legt\u00f6bb eldobhat\u00f3 vape lemer\u00fcl az akkumul\u00e1torb\u00f3l, amint elkezded haszn\u00e1lni. De ez m\u00e1s. A Bang King City 50000-et azoknak tervezt\u00e9k, akik belef\u00e1radtak abba, hogy n\u00e9h\u00e1ny naponta cser\u00e9lgetik a vape-j\u00fcket. Ak\u00e1r 50000 slukk akkumul\u00e1tor-\u00fczemideje \u00e9s 45 milliliteres e-folyad\u00e9k kapacit\u00e1sa elegend\u0151 ahhoz, hogy hetekig, napok helyett haszn\u00e1lhasd. Ha egy megb\u00edzhat\u00f3 vape-et szeretn\u00e9l, ami nem mer\u00fcl le hirtelen munk\u00e1ba menet, akkor ez a t\u00f6k\u00e9letes v\u00e1laszt\u00e1s.<\/p>\n<p data-v-md-line=\"7\">\u00c9rdemes megeml\u00edteni, hogy egy ekkora kapacit\u00e1s\u00fa vape-rel \u00fagy \u00e9rezheted magad, mintha egy t\u00e9gl\u00e1t tartan\u00e1l a kezedben, de a Bang King City meglep\u0151en k\u00f6nny\u0171 \u00e9s k\u00f6nnyen hordozhat\u00f3. Ak\u00e1r 650 mAh kapacit\u00e1s\u00fa akkumul\u00e1torral van felszerelve, ami elegend\u0151 az e-liquid minden ig\u00e9ny\u00e9nek kiel\u00e9g\u00edt\u00e9s\u00e9re. Amikor az akkumul\u00e1tor lemer\u00fclt, egyszer\u0171en haszn\u00e1ld a Type-C adatk\u00e1belt a t\u00f6lt\u00e9shez \u2013 ez az adatk\u00e1bel m\u00e1s eszk\u00f6z\u00f6kh\u00f6z is haszn\u00e1lhat\u00f3.<\/p>\n<h2 data-v-md-heading=\"excellent-performance-and-easy-operation\" data-v-md-line=\"9\">Kiv\u00e1l\u00f3 teljes\u00edtm\u00e9ny \u00e9s egyszer\u0171 kezelhet\u0151s\u00e9g<\/h2>\n<p data-v-md-line=\"11\">A Bang King City diz\u00e1jnja egyszer\u0171 \u00e9s letisztult, ami \u00fcd\u00edt\u0151. Nincs sz\u00fcks\u00e9g unalmas be\u00e1ll\u00edt\u00e1sokra vagy gombkezel\u00e9sre \u2013 csak igy\u00e1l egy kortyot. A be\u00e9p\u00edtett h\u00e1l\u00f3s porlaszt\u00f3mag biztos\u00edtja, hogy minden falat olyan friss legyen, mint az els\u0151, ak\u00e1r 100, ak\u00e1r 10000 slukkot sz\u00edvsz. \u00c9s a C t\u00edpus\u00fa t\u00f6lt\u0151interf\u00e9sz? Ez azt jelenti, hogy b\u00e1rmikor gyorsan felt\u00f6ltheted, \u00edgy igaz\u00e1n \u00e9lvezheted a 45 ml-es e-folyad\u00e9k minden cseppj\u00e9t.<\/p>\n<h2 data-v-md-heading=\"quick-specifications\" data-v-md-line=\"13\">Gyors specifik\u00e1ci\u00f3k<\/h2>\n<p data-v-md-line=\"15\"><strong>Portok sz\u00e1ma:<\/strong>\u00a0ak\u00e1r 50 000 port<\/p>\n<p data-v-md-line=\"17\"><strong>e-folyad\u00e9k:<\/strong>\u00a0El\u0151re telep\u00edtett 45 ml<\/p>\n<p data-v-md-line=\"19\"><strong>Nikotin koncentr\u00e1ci\u00f3:<\/strong>\u00a00%, 2%, 3% \u00e9s 5% opcion\u00e1lis<\/p>\n<p data-v-md-line=\"21\"><strong>Akkumul\u00e1tor:<\/strong>\u00a0650 mAh-s \u00fajrat\u00f6lthet\u0151 akkumul\u00e1tor<\/p>\n<p data-v-md-line=\"23\"><strong>Haszn\u00e1lat:<\/strong>\u00a0L\u00e9legezz be az aktiv\u00e1l\u00e1shoz<\/p>\n<p data-v-md-line=\"25\"><strong>T\u00f6lt\u00e9si m\u00f3d:<\/strong>\u00a0Szabv\u00e1nyos C t\u00edpus\u00fa USB csatlakoz\u00f3<\/p>\n<p data-v-md-line=\"27\"><strong>\u00c1llapot:<\/strong>\u00a0A dobozb\u00f3l kiv\u00e9ve azonnal haszn\u00e1latra k\u00e9sz<\/p>\n<h2 data-v-md-heading=\"complete-flavor-lineup\" data-v-md-line=\"29\">Teljes \u00edzv\u00e1laszt\u00e9k<\/h2>\n<ul data-v-md-line=\"31\">\n<li>\u00c1fony\u00e1s turmix<\/li>\n<li>Eper g\u00f6r\u00f6gdinnye<\/li>\n<li>G\u00f6r\u00f6gdinnye turmix<\/li>\n<li>Eper \u00e9s ban\u00e1n<\/li>\n<li>Tr\u00f3pusi gy\u00fcm\u00f6lcs\u00f6k<\/li>\n<li>H\u00e1rmas bogy\u00f3s fagylalt<\/li>\n<li>L\u00e9d\u00fas \u0151szibarack turmix<\/li>\n<li>Eper kivi<\/li>\n<li>\u0150szibarack, Mang\u00f3, G\u00f6r\u00f6gdinnye<\/li>\n<li>Kiwi, maracuja, guava<\/li>\n<li>Sz\u0151l\u0151turmix<\/li>\n<li>K\u00e9k \u00far<\/li>\n<\/ul>\n<h2 data-v-md-heading=\"to-serve-you-and-your-business\" data-v-md-line=\"44\">To serve you and your business<\/h2>\n<p data-v-md-line=\"46\">A Bang King City 50000-es e-cigarett\u00e1nk mostant\u00f3l szem\u00e9lyes megv\u00e1s\u00e1rl\u00e1sra is el\u00e9rhet\u0151, de ha \u00fczlettulajdonos vagy vape v\u00e1llalkoz\u00e1st \u00fczemeltetsz, nagykereskedelmi csatorn\u00e1inkon kereszt\u00fcl nagy mennyis\u00e9gben is v\u00e1s\u00e1rolhatsz. A term\u00e9k 10 darabos ki\u00e1ll\u00edtott dobozban kaphat\u00f3, \u00edgy k\u00f6nnyen felt\u00f6ltheted a polcod k\u00e9szlet\u00e9t. Ezenk\u00edv\u00fcl DDP sz\u00e1ll\u00edt\u00e1si szolg\u00e1ltat\u00e1st is biztos\u00edtunk az ad\u00f3fizet\u00e9s ut\u00e1n, megb\u00edzhat\u00f3 partnereken, p\u00e9ld\u00e1ul a UPS-en, a DPD-n \u00e9s a DHL-en kereszt\u00fcl, \u00edgy nem kell agg\u00f3dnod a v\u00e1mk\u00f6lts\u00e9gek miatt \u2013 z\u00f6kken\u0151mentes \u00e9s megb\u00edzhat\u00f3 h\u00e1zhozsz\u00e1ll\u00edt\u00e1st biztos\u00edtunk.<\/p>\n<p data-v-md-line=\"48\">Ak\u00e1r egyet v\u00e1s\u00e1rolsz magadnak, ak\u00e1r egy eg\u00e9sz dobozzal a boltodba, ugyanazt az eredeti term\u00e9ket kapod, \u00e9s tov\u00e1bbra is az AgoraVape min\u0151s\u00e9gre val\u00f3 kitart\u00f3 t\u00f6rekv\u00e9s\u00e9t k\u00f6veted, ami az AgoraVape-et Eur\u00f3pa egyik vezet\u0151 vape sz\u00e1ll\u00edt\u00f3j\u00e1v\u00e1 teszi.<\/p>\n<h2 data-v-md-heading=\"reasons-why-you-will-like-it\" data-v-md-line=\"50\">Reasons why you will like it<\/h2>\n<p data-v-md-line=\"52\"><strong>50000 f\u00faj\u00e1s:<\/strong>\u00a0Nem kell agg\u00f3dnod a patroncsere miatt, hetekig tart\u00f3 vape \u00e9lm\u00e9nyben lehet r\u00e9szed<\/p>\n<p data-v-md-line=\"54\"><strong>N\u00e9gyf\u00e9le nikotinkoncentr\u00e1ci\u00f3 k\u00f6z\u00fcl lehet v\u00e1lasztani:<\/strong>\u00a00%-t\u00f3l 5%-ig, mindig van egy, amelyik megfelel \u00d6nnek<\/p>\n<p data-v-md-line=\"56\"><strong>45 ml-es ultra nagy kapacit\u00e1s:<\/strong>\u00a0A nagyobb e-folyad\u00e9k kapacit\u00e1s nagyobb k\u00f6lts\u00e9ghat\u00e9konys\u00e1got jelent<\/p>\n<p data-v-md-line=\"58\"><strong>C t\u00edpus\u00fa t\u00f6lt\u00e9s:<\/strong>\u00a0Gyors \u00e9s k\u00e9nyelmes, kompatibilis a megl\u00e9v\u0151 adatk\u00e1bellel<\/p>\n<p data-v-md-line=\"60\"><strong>H\u00e1l\u00f3s tekercses technol\u00f3gia:<\/strong>\u00a0\u00c1lland\u00f3, gazdag \u00edz<\/p>\n<p data-v-md-line=\"62\"><strong>12 \u00edz:<\/strong>\u00a0A klasszikus gy\u00fcm\u00f6lcs\u00edzekt\u0151l a friss\u00edt\u0151 menta \u00edzekig minden kaphat\u00f3<\/p>\n<h2 data-v-md-heading=\"why-choose-agoravape\" data-v-md-line=\"64\">Mi\u00e9rt v\u00e1lassza az AgoraVape-et?<\/h2>\n<p data-v-md-line=\"66\">Eur\u00f3pa egyik legmegb\u00edzhat\u00f3bb vape forgalmaz\u00f3jak\u00e9nt kiz\u00e1r\u00f3lag 100%-ban eredeti term\u00e9keket forgalmazunk. V\u00e1llalati \u00fcgyfeleink sz\u00e1m\u00e1ra ez rendk\u00edv\u00fcl versenyk\u00e9pes nagykereskedelmi \u00e1rakat, megb\u00edzhat\u00f3 technikai t\u00e1mogat\u00e1st, valamint gyors \u00e9s stabil logisztikai kisz\u00e1ll\u00edt\u00e1st jelent. L\u00e9pjen vel\u00fcnk kapcsolatba azonnal, hogy \u00fcgyfelei val\u00f3ban \u00e9rt\u00e9kelhess\u00e9k az \u00d6n \u00e1ltal k\u00edn\u00e1lt term\u00e9keket!<\/p>","protected":false},"excerpt":{"rendered":"<p>&nbsp;<\/p>\n<p><script src=\"chrome-extension:\/\/fpelahbljekknahkcaegamhcndkfpfnc\/iFrame.js\" type=\"text\/javascript\"><\/script><\/p>\n<p><script src=\"chrome-extension:\/\/fpelahbljekknahkcaegamhcndkfpfnc\/iFrame.js\" type=\"text\/javascript\"><\/script><\/p>\n<p><script src=\"chrome-extension:\/\/fpelahbljekknahkcaegamhcndkfpfnc\/iFrame.js\" type=\"text\/javascript\"><\/script><\/p>\n<p><script src=\"chrome-extension:\/\/fpelahbljekknahkcaegamhcndkfpfnc\/iFrame.js\" type=\"text\/javascript\"><\/script><\/p>\n<p><script src=\"chrome-extension:\/\/fpelahbljekknahkcaegamhcndkfpfnc\/iFrame.js\" type=\"text\/javascript\"><\/script><\/p>\n<p><script src=\"chrome-extension:\/\/fpelahbljekknahkcaegamhcndkfpfnc\/iFrame.js\" type=\"text\/javascript\"><\/script><\/p>","protected":false},"featured_media":19937,"comment_status":"open","ping_status":"closed","template":"","meta":[],"product_brand":[197],"product_cat":[124,187,185,189,1641,123,195,174,175,193,191,179,173,186,180,190],"product_tag":[],"class_list":{"0":"post-19913","1":"product","2":"type-product","3":"status-publish","4":"has-post-thumbnail","6":"product_brand-bang","7":"product_cat-vape-by-brand","8":"product_cat-0mg-nicotine-free-vapes","9":"product_cat-10000-puffs-high-capacity","10":"product_cat-20mg-standard-nicotine-vapes","11":"product_cat-50000-puffs","12":"product_cat-bang","13":"product_cat-dual-flavor-switch","14":"product_cat-fruit-flavors","15":"product_cat-icy-mint","16":"product_cat-mesh-coil","17":"product_cat-rechargeable-disposables","18":"product_cat-unique-blends","19":"product_cat-vape-by-flavor-profile","20":"product_cat-vape-by-nicotine-strength","21":"product_cat-vape-by-puff-count","22":"product_cat-vape-by-feature-or-type","24":"first","25":"instock","26":"shipping-taxable","27":"purchasable","28":"product-type-variable","29":"has-default-attributes"},"tiered_pricing_type":"percentage","tiered_pricing_fixed_rules":[],"tiered_pricing_product_settings":{"layout":"default","base_unit_name":{"singular":null,"plural":null},"default_variation":null},"tiered_pricing_minimum_quantity":10,"tiered_pricing_roles_data":[],"tiered_pricing_percentage_rules":{"30":"29","50":"35","100":"40","200":"44","500":"47","1000":"49"},"tiered_pricing_maximum_quantity":null,"tiered_pricing_quantity_step":"10","_links":{"self":[{"href":"https:\/\/agoravape.com\/hu\/wp-json\/wp\/v2\/product\/19913","targetHints":{"allow":["GET"]}}],"collection":[{"href":"https:\/\/agoravape.com\/hu\/wp-json\/wp\/v2\/product"}],"about":[{"href":"https:\/\/agoravape.com\/hu\/wp-json\/wp\/v2\/types\/product"}],"replies":[{"embeddable":true,"href":"https:\/\/agoravape.com\/hu\/wp-json\/wp\/v2\/comments?post=19913"}],"version-history":[{"count":0,"href":"https:\/\/agoravape.com\/hu\/wp-json\/wp\/v2\/product\/19913\/revisions"}],"wp:featuredmedia":[{"embeddable":true,"href":"https:\/\/agoravape.com\/hu\/wp-json\/wp\/v2\/media\/19937"}],"wp:attachment":[{"href":"https:\/\/agoravape.com\/hu\/wp-json\/wp\/v2\/media?parent=19913"}],"wp:term":[{"taxonomy":"product_brand","embeddable":true,"href":"https:\/\/agoravape.com\/hu\/wp-json\/wp\/v2\/product_brand?post=19913"},{"taxonomy":"product_cat","embeddable":true,"href":"https:\/\/agoravape.com\/hu\/wp-json\/wp\/v2\/product_cat?post=19913"},{"taxonomy":"product_tag","embeddable":true,"href":"https:\/\/agoravape.com\/hu\/wp-json\/wp\/v2\/product_tag?post=19913"}],"curies":[{"name":"wp","href":"https:\/\/api.w.org\/{rel}","templated":true}]}}